{"id":377143,"date":"2025-04-12T18:05:25","date_gmt":"2025-04-12T21:05:25","guid":{"rendered":"https:\/\/turismopatagonia.ar\/?post_type=product&#038;p=377143"},"modified":"2026-04-08T16:28:52","modified_gmt":"2026-04-08T19:28:52","slug":"cerro-tronador-ventisquero-negro","status":"publish","type":"product","link":"https:\/\/turismopatagonia.ar\/en\/product\/cerro-tronador-black-snowdrift","title":{"rendered":"Cerro Tronador and Ventisquero Negro Glacier: nature at a fair price"},"content":{"rendered":"<h3 data-start=\"415\" data-end=\"510\"><strong data-start=\"419\" data-end=\"510\">A complete tour through incredible landscapes, without complications or hidden costs.<\/strong><\/h3>\n<p data-start=\"512\" data-end=\"826\">This tour is ideal if you want to get to know deep Patagonia without worrying about anything else. The <strong data-start=\"605\" data-end=\"623\">Cerro Tronador<\/strong>, with its eternal snows and the <strong data-start=\"653\" data-end=\"682\">Ventisquero Negro glacier<\/strong>, is one of the most impressive destinations near Bariloche. A unique visual experience that combines mountains, lakes, nature and tranquility.<\/p>\n<p data-start=\"828\" data-end=\"1159\">We depart from accessible meeting points, located between downtown Bariloche and km 8 of Bustillo Av. or Pioneros Av. During the trip, we pass by Lake Gutierrez and Lake Mascardi, with several stops for photos and rest in places such as <strong data-start=\"1079\" data-end=\"1094\">Black Beach<\/strong>, the <strong data-start=\"1099\" data-end=\"1122\">Camping Los R\u00e1pidos<\/strong> and the <strong data-start=\"1128\" data-end=\"1158\">Heart Island viewpoint<\/strong>.<\/p>\n<p data-start=\"1161\" data-end=\"1458\">The tour reaches the Ventisquero Negro, a glacier different from all the others, which descends from Cerro Tronador. There you can walk for a few minutes and enjoy the view. Afterwards, there is a break for lunch at the <strong data-start=\"1383\" data-end=\"1398\">Pampa Linda<\/strong> (lunch not included), and later return.<\/p>\n<p data-start=\"1460\" data-end=\"1582\">Departure is from 9:00 a.m. to 6:30 p.m. and includes transfer and guide in Spanish. Admission to the park and meals are paid separately.<\/p>\n<h3 data-start=\"1589\" data-end=\"1617\"><strong data-start=\"1593\" data-end=\"1617\">Frequently asked questions<\/strong><\/h3>\n<p data-start=\"1619\" data-end=\"1713\"><strong data-start=\"1619\" data-end=\"1642\">What is included?<\/strong><br data-start=\"1642\" data-end=\"1645\" \/>Transfer from meeting points and guide throughout the tour.<\/p>\n<p data-start=\"1715\" data-end=\"1817\"><strong data-start=\"1715\" data-end=\"1742\">Is there a lot of walking?<\/strong><br data-start=\"1742\" data-end=\"1745\" \/>No, it is a leisurely walk with some short hikes. Suitable for everyone.<\/p>\n<p data-start=\"1819\" data-end=\"1918\"><strong data-start=\"1819\" data-end=\"1838\">Where do you eat?<\/strong><br data-start=\"1838\" data-end=\"1841\" \/>In Pampa Linda, where there are regional options. Not included in the price.<\/p>\n<p data-start=\"1920\" data-end=\"2048\"><strong data-start=\"1920\" data-end=\"1948\">Do I need anything special?<\/strong><br data-start=\"1948\" data-end=\"1951\" \/>Bring a coat, comfortable shoes, water and cash for park entrance and lunch.<\/p>","protected":false},"excerpt":{"rendered":"<p>Explore the grandeur of Patagonia visiting the imposing Cerro Tronador and the enigmatic Ventisquero Negro. A unique experience that combines adventure, comfort and the authenticity of Argentine nature.<\/p>","protected":false},"featured_media":377652,"comment_status":"open","ping_status":"closed","template":"","meta":[],"product_brand":[],"product_cat":[37,41,42,46,48,49,54],"product_tag":[],"class_list":{"0":"post-377143","1":"product","2":"type-product","3":"status-publish","4":"has-post-thumbnail","6":"product_cat-adultos","7":"product_cat-con-traslado","8":"product_cat-familia","9":"product_cat-ninos","10":"product_cat-sin-comida","11":"product_cat-terrestre","12":"product_cat-todo-el-ano","14":"first","15":"instock","16":"virtual","17":"sold-individually","18":"purchasable","19":"product-type-booking"},"booking_location":"","booking_location_type":"","booking_duration":1,"booking_duration_unit":"hour","booking_buffer":0,"booking_cost":0,"booking_resources":[],"exclude_global_add_ons":false,"addons":[{"name":"STD | Passengers","type":"input_multiplier","position":0,"required":false,"title_format":"label","default":"","description_enable":false,"description":"","placeholder_enable":false,"placeholder":"","display":"select","restrictions_type":"any_text","adjust_price":true,"price":"59400","price_type":"quantity_based","restrictions":false,"min":"0","max":"0","options":[],"id":1773237140}],"yoast_head":"<!-- This site is optimized with the Yoast SEO Premium plugin v24.5 (Yoast SEO v24.8) - https:\/\/yoast.com\/wordpress\/plugins\/seo\/ -->\n<title>Cerro Tronador y Ventisquero Negro - Turismo en Patagonia Bariloche<\/title>\n<meta name=\"description\" content=\"Excursi\u00f3n econ\u00f3mica al Cerro Tronador desde Bariloche. Ideal para conocer glaciares y lagos sin gastar de m\u00e1s. Naturaleza accesible, gu\u00eda incluido.\" \/>\n<meta name=\"robots\" content=\"index, follow, max-snippet:-1, max-image-preview:large, max-video-preview:-1\" \/>\n<link rel=\"canonical\" href=\"https:\/\/turismopatagonia.ar\/en\/product\/cerro-tronador-black-snowdrift\/\" \/>\n<meta property=\"og:locale\" content=\"en_US\" \/>\n<meta property=\"og:type\" content=\"article\" \/>\n<meta property=\"og:title\" content=\"Cerro Tronador y Glaciar Ventisquero Negro: naturaleza sin vueltas, a precio justo\" \/>\n<meta property=\"og:description\" content=\"Excursi\u00f3n econ\u00f3mica al Cerro Tronador desde Bariloche. Ideal para conocer glaciares y lagos sin gastar de m\u00e1s. Naturaleza accesible, gu\u00eda incluido.\" \/>\n<meta property=\"og:url\" content=\"https:\/\/turismopatagonia.ar\/en\/product\/cerro-tronador-black-snowdrift\/\" \/>\n<meta property=\"og:site_name\" content=\"Turismo en Patagonia Bariloche\" \/>\n<meta property=\"article:modified_time\" content=\"2026-04-08T19:28:52+00:00\" \/>\n<meta property=\"og:image\" content=\"https:\/\/turismopatagonia.ar\/wp-content\/uploads\/2025\/04\/6-D-IMG_4802-scaled.jpg\" \/>\n\t<meta property=\"og:image:width\" content=\"1920\" \/>\n\t<meta property=\"og:image:height\" content=\"2560\" \/>\n\t<meta property=\"og:image:type\" content=\"image\/jpeg\" \/>\n<meta name=\"twitter:card\" content=\"summary_large_image\" \/>\n<meta name=\"twitter:label1\" content=\"Price\" \/>\n\t<meta name=\"twitter:data1\" content=\"&#036;&nbsp;59.400,00\" \/>\n\t<meta name=\"twitter:label2\" content=\"Availability\" \/>\n\t<meta name=\"twitter:data2\" content=\"In stock\" \/>\n<script type=\"application\/ld+json\" class=\"yoast-schema-graph\">{\"@context\":\"https:\/\/schema.org\",\"@graph\":[{\"@type\":[\"WebPage\",\"ItemPage\"],\"@id\":\"https:\/\/turismopatagonia.ar\/product\/cerro-tronador-ventisquero-negro\",\"url\":\"https:\/\/turismopatagonia.ar\/product\/cerro-tronador-ventisquero-negro\",\"name\":\"Cerro Tronador y Ventisquero Negro - Turismo en Patagonia Bariloche\",\"isPartOf\":{\"@id\":\"https:\/\/turismopatagonia.ar\/#website\"},\"primaryImageOfPage\":{\"@id\":\"https:\/\/turismopatagonia.ar\/product\/cerro-tronador-ventisquero-negro#primaryimage\"},\"image\":{\"@id\":\"https:\/\/turismopatagonia.ar\/product\/cerro-tronador-ventisquero-negro#primaryimage\"},\"thumbnailUrl\":\"https:\/\/turismopatagonia.ar\/wp-content\/uploads\/2025\/04\/6-D-IMG_4802-scaled.jpg\",\"datePublished\":\"2025-04-12T21:05:25+00:00\",\"dateModified\":\"2026-04-08T19:28:52+00:00\",\"description\":\"Excursi\u00f3n econ\u00f3mica al Cerro Tronador desde Bariloche. Ideal para conocer glaciares y lagos sin gastar de m\u00e1s. Naturaleza accesible, gu\u00eda incluido.\",\"breadcrumb\":{\"@id\":\"https:\/\/turismopatagonia.ar\/product\/cerro-tronador-ventisquero-negro#breadcrumb\"},\"inLanguage\":\"en-US\",\"potentialAction\":[{\"@type\":\"ReadAction\",\"target\":[\"https:\/\/turismopatagonia.ar\/product\/cerro-tronador-ventisquero-negro\"]}]},{\"@type\":\"ImageObject\",\"inLanguage\":\"en-US\",\"@id\":\"https:\/\/turismopatagonia.ar\/product\/cerro-tronador-ventisquero-negro#primaryimage\",\"url\":\"https:\/\/turismopatagonia.ar\/wp-content\/uploads\/2025\/04\/6-D-IMG_4802-scaled.jpg\",\"contentUrl\":\"https:\/\/turismopatagonia.ar\/wp-content\/uploads\/2025\/04\/6-D-IMG_4802-scaled.jpg\",\"width\":1920,\"height\":2560},{\"@type\":\"BreadcrumbList\",\"@id\":\"https:\/\/turismopatagonia.ar\/product\/cerro-tronador-ventisquero-negro#breadcrumb\",\"itemListElement\":[{\"@type\":\"ListItem\",\"position\":1,\"name\":\"Home\",\"item\":\"https:\/\/turismopatagonia.ar\/\"},{\"@type\":\"ListItem\",\"position\":2,\"name\":\"Shop\",\"item\":\"https:\/\/turismopatagonia.ar\/shop\"},{\"@type\":\"ListItem\",\"position\":3,\"name\":\"Cerro Tronador y Glaciar Ventisquero Negro: naturaleza sin vueltas, a precio justo\"}]},{\"@type\":\"WebSite\",\"@id\":\"https:\/\/turismopatagonia.ar\/#website\",\"url\":\"https:\/\/turismopatagonia.ar\/\",\"name\":\"Turismo en Patagonia Bariloche\",\"description\":\"Descubre la belleza de la Patagonia: gu\u00edas, actividades y destinos tur\u00edsticos en Bariloche y alrededores.\",\"publisher\":{\"@id\":\"https:\/\/turismopatagonia.ar\/#organization\"},\"potentialAction\":[{\"@type\":\"SearchAction\",\"target\":{\"@type\":\"EntryPoint\",\"urlTemplate\":\"https:\/\/turismopatagonia.ar\/?s={search_term_string}\"},\"query-input\":{\"@type\":\"PropertyValueSpecification\",\"valueRequired\":true,\"valueName\":\"search_term_string\"}}],\"inLanguage\":\"en-US\"},{\"@type\":\"Organization\",\"@id\":\"https:\/\/turismopatagonia.ar\/#organization\",\"name\":\"Turismo en Patagonia Bariloche\",\"url\":\"https:\/\/turismopatagonia.ar\/\",\"logo\":{\"@type\":\"ImageObject\",\"inLanguage\":\"en-US\",\"@id\":\"https:\/\/turismopatagonia.ar\/#\/schema\/logo\/image\/\",\"url\":\"https:\/\/turismopatagonia.ar\/wp-content\/uploads\/2023\/04\/logo-tirismo-copia.png\",\"contentUrl\":\"https:\/\/turismopatagonia.ar\/wp-content\/uploads\/2023\/04\/logo-tirismo-copia.png\",\"width\":270,\"height\":100,\"caption\":\"Turismo en Patagonia Bariloche\"},\"image\":{\"@id\":\"https:\/\/turismopatagonia.ar\/#\/schema\/logo\/image\/\"}}]}<\/script>\n<meta property=\"product:price:amount\" content=\"59400.00\" \/>\n<meta property=\"product:price:currency\" content=\"ARS\" \/>\n<meta property=\"og:availability\" content=\"instock\" \/>\n<meta property=\"product:availability\" content=\"instock\" \/>\n<meta property=\"product:retailer_item_id\" content=\"ADV2025CETRYVHMNO\" \/>\n<meta property=\"product:condition\" content=\"new\" \/>\n<!-- \/ Yoast SEO Premium plugin. -->","yoast_head_json":{"title":"Cerro Tronador and Ventisquero Negro - Patagonia Bariloche - Vacations in Patagonia Bariloche","description":"Economic excursion to Cerro Tronador from Bariloche. Ideal to visit glaciers and lakes without overspending. Accessible nature, guide included.","robots":{"index":"index","follow":"follow","max-snippet":"max-snippet:-1","max-image-preview":"max-image-preview:large","max-video-preview":"max-video-preview:-1"},"canonical":"https:\/\/turismopatagonia.ar\/en\/product\/cerro-tronador-black-snowdrift\/","og_locale":"en_US","og_type":"article","og_title":"Cerro Tronador y Glaciar Ventisquero Negro: naturaleza sin vueltas, a precio justo","og_description":"Excursi\u00f3n econ\u00f3mica al Cerro Tronador desde Bariloche. Ideal para conocer glaciares y lagos sin gastar de m\u00e1s. Naturaleza accesible, gu\u00eda incluido.","og_url":"https:\/\/turismopatagonia.ar\/en\/product\/cerro-tronador-black-snowdrift\/","og_site_name":"Turismo en Patagonia Bariloche","article_modified_time":"2026-04-08T19:28:52+00:00","og_image":[{"width":1920,"height":2560,"url":"https:\/\/turismopatagonia.ar\/wp-content\/uploads\/2025\/04\/6-D-IMG_4802-scaled.jpg","type":"image\/jpeg"}],"twitter_card":"summary_large_image","twitter_misc":{"Price":"&#36;&nbsp;59.400,00","Availability":"In stock"},"schema":{"@context":"https:\/\/schema.org","@graph":[{"@type":["WebPage","ItemPage"],"@id":"https:\/\/turismopatagonia.ar\/product\/cerro-tronador-ventisquero-negro","url":"https:\/\/turismopatagonia.ar\/product\/cerro-tronador-ventisquero-negro","name":"Cerro Tronador and Ventisquero Negro - Patagonia Bariloche - Vacations in Patagonia Bariloche","isPartOf":{"@id":"https:\/\/turismopatagonia.ar\/#website"},"primaryImageOfPage":{"@id":"https:\/\/turismopatagonia.ar\/product\/cerro-tronador-ventisquero-negro#primaryimage"},"image":{"@id":"https:\/\/turismopatagonia.ar\/product\/cerro-tronador-ventisquero-negro#primaryimage"},"thumbnailUrl":"https:\/\/turismopatagonia.ar\/wp-content\/uploads\/2025\/04\/6-D-IMG_4802-scaled.jpg","datePublished":"2025-04-12T21:05:25+00:00","dateModified":"2026-04-08T19:28:52+00:00","description":"Economic excursion to Cerro Tronador from Bariloche. Ideal to visit glaciers and lakes without overspending. Accessible nature, guide included.","breadcrumb":{"@id":"https:\/\/turismopatagonia.ar\/product\/cerro-tronador-ventisquero-negro#breadcrumb"},"inLanguage":"en-US","potentialAction":[{"@type":"ReadAction","target":["https:\/\/turismopatagonia.ar\/product\/cerro-tronador-ventisquero-negro"]}]},{"@type":"ImageObject","inLanguage":"en-US","@id":"https:\/\/turismopatagonia.ar\/product\/cerro-tronador-ventisquero-negro#primaryimage","url":"https:\/\/turismopatagonia.ar\/wp-content\/uploads\/2025\/04\/6-D-IMG_4802-scaled.jpg","contentUrl":"https:\/\/turismopatagonia.ar\/wp-content\/uploads\/2025\/04\/6-D-IMG_4802-scaled.jpg","width":1920,"height":2560},{"@type":"BreadcrumbList","@id":"https:\/\/turismopatagonia.ar\/product\/cerro-tronador-ventisquero-negro#breadcrumb","itemListElement":[{"@type":"ListItem","position":1,"name":"Home","item":"https:\/\/turismopatagonia.ar\/"},{"@type":"ListItem","position":2,"name":"Shop","item":"https:\/\/turismopatagonia.ar\/shop"},{"@type":"ListItem","position":3,"name":"Cerro Tronador y Glaciar Ventisquero Negro: naturaleza sin vueltas, a precio justo"}]},{"@type":"WebSite","@id":"https:\/\/turismopatagonia.ar\/#website","url":"https:\/\/turismopatagonia.ar\/","name":"Tourism in Patagonia Bariloche","description":"Discover the beauty of Patagonia: guides, activities and tourist destinations in and around Bariloche.","publisher":{"@id":"https:\/\/turismopatagonia.ar\/#organization"},"potentialAction":[{"@type":"SearchAction","target":{"@type":"EntryPoint","urlTemplate":"https:\/\/turismopatagonia.ar\/?s={search_term_string}"},"query-input":{"@type":"PropertyValueSpecification","valueRequired":true,"valueName":"search_term_string"}}],"inLanguage":"en-US"},{"@type":"Organization","@id":"https:\/\/turismopatagonia.ar\/#organization","name":"Tourism in Patagonia Bariloche","url":"https:\/\/turismopatagonia.ar\/","logo":{"@type":"ImageObject","inLanguage":"en-US","@id":"https:\/\/turismopatagonia.ar\/#\/schema\/logo\/image\/","url":"https:\/\/turismopatagonia.ar\/wp-content\/uploads\/2023\/04\/logo-tirismo-copia.png","contentUrl":"https:\/\/turismopatagonia.ar\/wp-content\/uploads\/2023\/04\/logo-tirismo-copia.png","width":270,"height":100,"caption":"Turismo en Patagonia Bariloche"},"image":{"@id":"https:\/\/turismopatagonia.ar\/#\/schema\/logo\/image\/"}}]},"product_price_amount":"59400.00","product_price_currency":"ARS","og_availability":"instock","product_availability":"instock","product_retailer_item_id":"ADV2025CETRYVHMNO","product_condition":"new"},"_links":{"self":[{"href":"https:\/\/turismopatagonia.ar\/en\/wp-json\/wp\/v2\/product\/377143","targetHints":{"allow":["GET"]}}],"collection":[{"href":"https:\/\/turismopatagonia.ar\/en\/wp-json\/wp\/v2\/product"}],"about":[{"href":"https:\/\/turismopatagonia.ar\/en\/wp-json\/wp\/v2\/types\/product"}],"replies":[{"embeddable":true,"href":"https:\/\/turismopatagonia.ar\/en\/wp-json\/wp\/v2\/comments?post=377143"}],"wp:featuredmedia":[{"embeddable":true,"href":"https:\/\/turismopatagonia.ar\/en\/wp-json\/wp\/v2\/media\/377652"}],"wp:attachment":[{"href":"https:\/\/turismopatagonia.ar\/en\/wp-json\/wp\/v2\/media?parent=377143"}],"wp:term":[{"taxonomy":"product_brand","embeddable":true,"href":"https:\/\/turismopatagonia.ar\/en\/wp-json\/wp\/v2\/product_brand?post=377143"},{"taxonomy":"product_cat","embeddable":true,"href":"https:\/\/turismopatagonia.ar\/en\/wp-json\/wp\/v2\/product_cat?post=377143"},{"taxonomy":"product_tag","embeddable":true,"href":"https:\/\/turismopatagonia.ar\/en\/wp-json\/wp\/v2\/product_tag?post=377143"}],"curies":[{"name":"wp","href":"https:\/\/api.w.org\/{rel}","templated":true}]}}