{"id":377144,"date":"2025-04-12T18:05:47","date_gmt":"2025-04-12T21:05:47","guid":{"rendered":"https:\/\/turismopatagonia.ar\/?post_type=product&#038;p=377144"},"modified":"2026-04-08T16:28:52","modified_gmt":"2026-04-08T19:28:52","slug":"san-martin-de-los-andes-por-7-lagos","status":"publish","type":"product","link":"https:\/\/turismopatagonia.ar\/en\/product\/san-martin-de-los-andes-by-7-lakes","title":{"rendered":"Excursion to San Mart\u00edn de los Andes along the 7-Lake Route"},"content":{"rendered":"<h2 data-start=\"371\" data-end=\"451\"><strong data-start=\"371\" data-end=\"451\">The best option to get to know the most famous landscapes of Patagonia<\/strong><\/h2>\n<h3 data-start=\"458\" data-end=\"478\">What's Included<\/h3>\n<ul data-start=\"479\" data-end=\"642\">\n<li data-start=\"479\" data-end=\"522\">\n<p data-start=\"481\" data-end=\"522\">Round trip transportation from Bariloche.<\/p>\n<\/li>\n<li data-start=\"523\" data-end=\"573\">\n<p data-start=\"525\" data-end=\"573\">Stops at the main lakes along the route.<\/p>\n<\/li>\n<li data-start=\"574\" data-end=\"642\">\n<p data-start=\"576\" data-end=\"642\">Free time in San Martin de los Andes for lunch or sightseeing.<\/p>\n<\/li>\n<\/ul>\n<h3 data-start=\"649\" data-end=\"683\">Clear and to the point description<\/h3>\n<p data-start=\"684\" data-end=\"899\">We leave Bariloche early in the morning. On the way we visit Villa La Angostura and then we make the complete tour along the 7 Lakes Route. We stop at the panoramic points to take pictures and stretch our legs.<\/p>\n<p data-start=\"901\" data-end=\"1121\">You will see lakes such as Espejo, Correntoso, Villarino, Falkner and more. We arrive in San Martin de los Andes at noon, where there is free time to have lunch, walk and enjoy the scenery. In the afternoon we return to Bariloche.<\/p>\n<p data-start=\"1123\" data-end=\"1208\">It is a comfortable, accessible and perfect for those who want to make the most of the day.<\/p>\n<h3 data-start=\"1215\" data-end=\"1233\">Useful data<\/h3>\n<p data-start=\"1234\" data-end=\"1473\">Hours: 8:00 a.m. to 6:30 p.m. approximately.<br data-start=\"1271\" data-end=\"1274\" \/>Meeting point: Downtown Bariloche to km 8 of Bustillo or Pioneros Avenue.<br data-start=\"1351\" data-end=\"1354\" \/>Includes: Round trip transportation with guide.<br data-start=\"1395\" data-end=\"1398\" \/>Not included: Meals (there are places to eat along the route and at destination).<\/p>\n<h3 data-start=\"1480\" data-end=\"1503\">Common questions<\/h3>\n<p data-start=\"1504\" data-end=\"1596\"><strong data-start=\"1504\" data-end=\"1532\">Is it a long excursion?<\/strong><br data-start=\"1532\" data-end=\"1535\" \/>Yes, it lasts all day, but with several rest stops.<\/p>\n<p data-start=\"1598\" data-end=\"1697\"><strong data-start=\"1598\" data-end=\"1648\">Can it be done with children or older people?<\/strong><br data-start=\"1648\" data-end=\"1651\" \/>Yes, there are no demanding hikes. It is by minibus.<\/p>\n<p data-start=\"1699\" data-end=\"1766\"><strong data-start=\"1699\" data-end=\"1715\">What to bring?<\/strong><br data-start=\"1715\" data-end=\"1718\" \/>Comfortable clothes, some warm clothes and camera.<\/p>\n<p data-start=\"1768\" data-end=\"1884\"><strong data-start=\"1768\" data-end=\"1823\">Can I stay in San Mart\u00edn or Villa La Angostura?<\/strong><br data-start=\"1823\" data-end=\"1826\" \/>Yes, with prior notice. The return trip is organized separately.<\/p>","protected":false},"excerpt":{"rendered":"<h2>Live an Unforgettable Experience<\/h2>\n<p>Enjoy an exclusive tour along the route of the 7 lakes, where spectacular landscapes and the authenticity of San Martin de los Andes merge to offer you a unique experience. Ideal for those seeking adventure, comfort and connection with nature. Reserve your place and let yourself be captivated by the magic of Patagonia.<\/p>","protected":false},"featured_media":377656,"comment_status":"open","ping_status":"closed","template":"","meta":[],"product_brand":[],"product_cat":[37,41,42,46,48,49,54],"product_tag":[],"class_list":{"0":"post-377144","1":"product","2":"type-product","3":"status-publish","4":"has-post-thumbnail","6":"product_cat-adultos","7":"product_cat-con-traslado","8":"product_cat-familia","9":"product_cat-ninos","10":"product_cat-sin-comida","11":"product_cat-terrestre","12":"product_cat-todo-el-ano","14":"first","15":"instock","16":"virtual","17":"sold-individually","18":"purchasable","19":"product-type-booking"},"booking_location":"","booking_location_type":"","booking_duration":1,"booking_duration_unit":"hour","booking_buffer":0,"booking_cost":0,"booking_resources":[],"exclude_global_add_ons":false,"addons":[{"name":"STD | Passengers","type":"input_multiplier","position":0,"required":false,"title_format":"label","default":"","description_enable":false,"description":"","placeholder_enable":false,"placeholder":"","display":"select","restrictions_type":"any_text","adjust_price":true,"price":"71400","price_type":"flat_fee","restrictions":false,"min":"0","max":"0","options":[],"id":1773237111}],"yoast_head":"<!-- This site is optimized with the Yoast SEO Premium plugin v24.5 (Yoast SEO v24.8) - https:\/\/yoast.com\/wordpress\/plugins\/seo\/ -->\n<title>Excursi\u00f3n a San Mart\u00edn de los Andes por Ruta de los 7 Lagos - Turismo en Patagonia Bariloche<\/title>\n<meta name=\"description\" content=\"Excursi\u00f3n econ\u00f3mica desde Bariloche a San Mart\u00edn de los Andes. Incluye transporte y paradas en los lagos. Ideal para aprovechar el d\u00eda sin gastar de m\u00e1s.\" \/>\n<meta name=\"robots\" content=\"index, follow, max-snippet:-1, max-image-preview:large, max-video-preview:-1\" \/>\n<link rel=\"canonical\" href=\"https:\/\/turismopatagonia.ar\/en\/product\/san-martin-de-los-andes-by-7-lakes\/\" \/>\n<meta property=\"og:locale\" content=\"en_US\" \/>\n<meta property=\"og:type\" content=\"article\" \/>\n<meta property=\"og:title\" content=\"Excursi\u00f3n a San Mart\u00edn de los Andes por Ruta de los 7 Lagos\" \/>\n<meta property=\"og:description\" content=\"Excursi\u00f3n econ\u00f3mica desde Bariloche a San Mart\u00edn de los Andes. Incluye transporte y paradas en los lagos. Ideal para aprovechar el d\u00eda sin gastar de m\u00e1s.\" \/>\n<meta property=\"og:url\" content=\"https:\/\/turismopatagonia.ar\/en\/product\/san-martin-de-los-andes-by-7-lakes\/\" \/>\n<meta property=\"og:site_name\" content=\"Turismo en Patagonia Bariloche\" \/>\n<meta property=\"article:modified_time\" content=\"2026-04-08T19:28:52+00:00\" \/>\n<meta property=\"og:image\" content=\"https:\/\/turismopatagonia.ar\/wp-content\/uploads\/2025\/04\/7-D-scaled.jpg\" \/>\n\t<meta property=\"og:image:width\" content=\"1920\" \/>\n\t<meta property=\"og:image:height\" content=\"2560\" \/>\n\t<meta property=\"og:image:type\" content=\"image\/jpeg\" \/>\n<meta name=\"twitter:card\" content=\"summary_large_image\" \/>\n<meta name=\"twitter:label1\" content=\"Price\" \/>\n\t<meta name=\"twitter:data1\" content=\"&#036;&nbsp;71.400,00\" \/>\n\t<meta name=\"twitter:label2\" content=\"Availability\" \/>\n\t<meta name=\"twitter:data2\" content=\"In stock\" \/>\n<script type=\"application\/ld+json\" class=\"yoast-schema-graph\">{\"@context\":\"https:\/\/schema.org\",\"@graph\":[{\"@type\":[\"WebPage\",\"ItemPage\"],\"@id\":\"https:\/\/turismopatagonia.ar\/product\/san-martin-de-los-andes-por-7-lagos\",\"url\":\"https:\/\/turismopatagonia.ar\/product\/san-martin-de-los-andes-por-7-lagos\",\"name\":\"Excursi\u00f3n a San Mart\u00edn de los Andes por Ruta de los 7 Lagos - Turismo en Patagonia Bariloche\",\"isPartOf\":{\"@id\":\"https:\/\/turismopatagonia.ar\/#website\"},\"primaryImageOfPage\":{\"@id\":\"https:\/\/turismopatagonia.ar\/product\/san-martin-de-los-andes-por-7-lagos#primaryimage\"},\"image\":{\"@id\":\"https:\/\/turismopatagonia.ar\/product\/san-martin-de-los-andes-por-7-lagos#primaryimage\"},\"thumbnailUrl\":\"https:\/\/turismopatagonia.ar\/wp-content\/uploads\/2025\/04\/7-D-scaled.jpg\",\"datePublished\":\"2025-04-12T21:05:47+00:00\",\"dateModified\":\"2026-04-08T19:28:52+00:00\",\"description\":\"Excursi\u00f3n econ\u00f3mica desde Bariloche a San Mart\u00edn de los Andes. Incluye transporte y paradas en los lagos. Ideal para aprovechar el d\u00eda sin gastar de m\u00e1s.\",\"breadcrumb\":{\"@id\":\"https:\/\/turismopatagonia.ar\/product\/san-martin-de-los-andes-por-7-lagos#breadcrumb\"},\"inLanguage\":\"en-US\",\"potentialAction\":[{\"@type\":\"ReadAction\",\"target\":[\"https:\/\/turismopatagonia.ar\/product\/san-martin-de-los-andes-por-7-lagos\"]}]},{\"@type\":\"ImageObject\",\"inLanguage\":\"en-US\",\"@id\":\"https:\/\/turismopatagonia.ar\/product\/san-martin-de-los-andes-por-7-lagos#primaryimage\",\"url\":\"https:\/\/turismopatagonia.ar\/wp-content\/uploads\/2025\/04\/7-D-scaled.jpg\",\"contentUrl\":\"https:\/\/turismopatagonia.ar\/wp-content\/uploads\/2025\/04\/7-D-scaled.jpg\",\"width\":1920,\"height\":2560},{\"@type\":\"BreadcrumbList\",\"@id\":\"https:\/\/turismopatagonia.ar\/product\/san-martin-de-los-andes-por-7-lagos#breadcrumb\",\"itemListElement\":[{\"@type\":\"ListItem\",\"position\":1,\"name\":\"Home\",\"item\":\"https:\/\/turismopatagonia.ar\/\"},{\"@type\":\"ListItem\",\"position\":2,\"name\":\"Shop\",\"item\":\"https:\/\/turismopatagonia.ar\/shop\"},{\"@type\":\"ListItem\",\"position\":3,\"name\":\"Excursi\u00f3n a San Mart\u00edn de los Andes por Ruta de los 7 Lagos\"}]},{\"@type\":\"WebSite\",\"@id\":\"https:\/\/turismopatagonia.ar\/#website\",\"url\":\"https:\/\/turismopatagonia.ar\/\",\"name\":\"Turismo en Patagonia Bariloche\",\"description\":\"Descubre la belleza de la Patagonia: gu\u00edas, actividades y destinos tur\u00edsticos en Bariloche y alrededores.\",\"publisher\":{\"@id\":\"https:\/\/turismopatagonia.ar\/#organization\"},\"potentialAction\":[{\"@type\":\"SearchAction\",\"target\":{\"@type\":\"EntryPoint\",\"urlTemplate\":\"https:\/\/turismopatagonia.ar\/?s={search_term_string}\"},\"query-input\":{\"@type\":\"PropertyValueSpecification\",\"valueRequired\":true,\"valueName\":\"search_term_string\"}}],\"inLanguage\":\"en-US\"},{\"@type\":\"Organization\",\"@id\":\"https:\/\/turismopatagonia.ar\/#organization\",\"name\":\"Turismo en Patagonia Bariloche\",\"url\":\"https:\/\/turismopatagonia.ar\/\",\"logo\":{\"@type\":\"ImageObject\",\"inLanguage\":\"en-US\",\"@id\":\"https:\/\/turismopatagonia.ar\/#\/schema\/logo\/image\/\",\"url\":\"https:\/\/turismopatagonia.ar\/wp-content\/uploads\/2023\/04\/logo-tirismo-copia.png\",\"contentUrl\":\"https:\/\/turismopatagonia.ar\/wp-content\/uploads\/2023\/04\/logo-tirismo-copia.png\",\"width\":270,\"height\":100,\"caption\":\"Turismo en Patagonia Bariloche\"},\"image\":{\"@id\":\"https:\/\/turismopatagonia.ar\/#\/schema\/logo\/image\/\"}}]}<\/script>\n<meta property=\"product:price:amount\" content=\"71400.00\" \/>\n<meta property=\"product:price:currency\" content=\"ARS\" \/>\n<meta property=\"og:availability\" content=\"instock\" \/>\n<meta property=\"product:availability\" content=\"instock\" \/>\n<meta property=\"product:retailer_item_id\" content=\"ADV2025SAMADEQ219\" \/>\n<meta property=\"product:condition\" content=\"new\" \/>\n<!-- \/ Yoast SEO Premium plugin. -->","yoast_head_json":{"title":"Excursion to San Mart\u00edn de los Andes along the 7 Lakes Route - Turismo en Patagonia Bariloche","description":"Economic excursion from Bariloche to San Martin de los Andes. Includes transportation and stops at the lakes. Ideal to make the most of the day without overspending.","robots":{"index":"index","follow":"follow","max-snippet":"max-snippet:-1","max-image-preview":"max-image-preview:large","max-video-preview":"max-video-preview:-1"},"canonical":"https:\/\/turismopatagonia.ar\/en\/product\/san-martin-de-los-andes-by-7-lakes\/","og_locale":"en_US","og_type":"article","og_title":"Excursi\u00f3n a San Mart\u00edn de los Andes por Ruta de los 7 Lagos","og_description":"Excursi\u00f3n econ\u00f3mica desde Bariloche a San Mart\u00edn de los Andes. Incluye transporte y paradas en los lagos. Ideal para aprovechar el d\u00eda sin gastar de m\u00e1s.","og_url":"https:\/\/turismopatagonia.ar\/en\/product\/san-martin-de-los-andes-by-7-lakes\/","og_site_name":"Turismo en Patagonia Bariloche","article_modified_time":"2026-04-08T19:28:52+00:00","og_image":[{"width":1920,"height":2560,"url":"https:\/\/turismopatagonia.ar\/wp-content\/uploads\/2025\/04\/7-D-scaled.jpg","type":"image\/jpeg"}],"twitter_card":"summary_large_image","twitter_misc":{"Price":"&#36;&nbsp;71.400,00","Availability":"In stock"},"schema":{"@context":"https:\/\/schema.org","@graph":[{"@type":["WebPage","ItemPage"],"@id":"https:\/\/turismopatagonia.ar\/product\/san-martin-de-los-andes-por-7-lagos","url":"https:\/\/turismopatagonia.ar\/product\/san-martin-de-los-andes-por-7-lagos","name":"Excursion to San Mart\u00edn de los Andes along the 7 Lakes Route - Turismo en Patagonia Bariloche","isPartOf":{"@id":"https:\/\/turismopatagonia.ar\/#website"},"primaryImageOfPage":{"@id":"https:\/\/turismopatagonia.ar\/product\/san-martin-de-los-andes-por-7-lagos#primaryimage"},"image":{"@id":"https:\/\/turismopatagonia.ar\/product\/san-martin-de-los-andes-por-7-lagos#primaryimage"},"thumbnailUrl":"https:\/\/turismopatagonia.ar\/wp-content\/uploads\/2025\/04\/7-D-scaled.jpg","datePublished":"2025-04-12T21:05:47+00:00","dateModified":"2026-04-08T19:28:52+00:00","description":"Economic excursion from Bariloche to San Martin de los Andes. Includes transportation and stops at the lakes. Ideal to make the most of the day without overspending.","breadcrumb":{"@id":"https:\/\/turismopatagonia.ar\/product\/san-martin-de-los-andes-por-7-lagos#breadcrumb"},"inLanguage":"en-US","potentialAction":[{"@type":"ReadAction","target":["https:\/\/turismopatagonia.ar\/product\/san-martin-de-los-andes-por-7-lagos"]}]},{"@type":"ImageObject","inLanguage":"en-US","@id":"https:\/\/turismopatagonia.ar\/product\/san-martin-de-los-andes-por-7-lagos#primaryimage","url":"https:\/\/turismopatagonia.ar\/wp-content\/uploads\/2025\/04\/7-D-scaled.jpg","contentUrl":"https:\/\/turismopatagonia.ar\/wp-content\/uploads\/2025\/04\/7-D-scaled.jpg","width":1920,"height":2560},{"@type":"BreadcrumbList","@id":"https:\/\/turismopatagonia.ar\/product\/san-martin-de-los-andes-por-7-lagos#breadcrumb","itemListElement":[{"@type":"ListItem","position":1,"name":"Home","item":"https:\/\/turismopatagonia.ar\/"},{"@type":"ListItem","position":2,"name":"Shop","item":"https:\/\/turismopatagonia.ar\/shop"},{"@type":"ListItem","position":3,"name":"Excursi\u00f3n a San Mart\u00edn de los Andes por Ruta de los 7 Lagos"}]},{"@type":"WebSite","@id":"https:\/\/turismopatagonia.ar\/#website","url":"https:\/\/turismopatagonia.ar\/","name":"Tourism in Patagonia Bariloche","description":"Discover the beauty of Patagonia: guides, activities and tourist destinations in and around Bariloche.","publisher":{"@id":"https:\/\/turismopatagonia.ar\/#organization"},"potentialAction":[{"@type":"SearchAction","target":{"@type":"EntryPoint","urlTemplate":"https:\/\/turismopatagonia.ar\/?s={search_term_string}"},"query-input":{"@type":"PropertyValueSpecification","valueRequired":true,"valueName":"search_term_string"}}],"inLanguage":"en-US"},{"@type":"Organization","@id":"https:\/\/turismopatagonia.ar\/#organization","name":"Tourism in Patagonia Bariloche","url":"https:\/\/turismopatagonia.ar\/","logo":{"@type":"ImageObject","inLanguage":"en-US","@id":"https:\/\/turismopatagonia.ar\/#\/schema\/logo\/image\/","url":"https:\/\/turismopatagonia.ar\/wp-content\/uploads\/2023\/04\/logo-tirismo-copia.png","contentUrl":"https:\/\/turismopatagonia.ar\/wp-content\/uploads\/2023\/04\/logo-tirismo-copia.png","width":270,"height":100,"caption":"Turismo en Patagonia Bariloche"},"image":{"@id":"https:\/\/turismopatagonia.ar\/#\/schema\/logo\/image\/"}}]},"product_price_amount":"71400.00","product_price_currency":"ARS","og_availability":"instock","product_availability":"instock","product_retailer_item_id":"ADV2025SAMADEQ219","product_condition":"new"},"_links":{"self":[{"href":"https:\/\/turismopatagonia.ar\/en\/wp-json\/wp\/v2\/product\/377144","targetHints":{"allow":["GET"]}}],"collection":[{"href":"https:\/\/turismopatagonia.ar\/en\/wp-json\/wp\/v2\/product"}],"about":[{"href":"https:\/\/turismopatagonia.ar\/en\/wp-json\/wp\/v2\/types\/product"}],"replies":[{"embeddable":true,"href":"https:\/\/turismopatagonia.ar\/en\/wp-json\/wp\/v2\/comments?post=377144"}],"wp:featuredmedia":[{"embeddable":true,"href":"https:\/\/turismopatagonia.ar\/en\/wp-json\/wp\/v2\/media\/377656"}],"wp:attachment":[{"href":"https:\/\/turismopatagonia.ar\/en\/wp-json\/wp\/v2\/media?parent=377144"}],"wp:term":[{"taxonomy":"product_brand","embeddable":true,"href":"https:\/\/turismopatagonia.ar\/en\/wp-json\/wp\/v2\/product_brand?post=377144"},{"taxonomy":"product_cat","embeddable":true,"href":"https:\/\/turismopatagonia.ar\/en\/wp-json\/wp\/v2\/product_cat?post=377144"},{"taxonomy":"product_tag","embeddable":true,"href":"https:\/\/turismopatagonia.ar\/en\/wp-json\/wp\/v2\/product_tag?post=377144"}],"curies":[{"name":"wp","href":"https:\/\/api.w.org\/{rel}","templated":true}]}}