{"id":377145,"date":"2025-04-12T18:06:00","date_gmt":"2025-04-12T21:06:00","guid":{"rendered":"https:\/\/turismopatagonia.ar\/?post_type=product&#038;p=377145"},"modified":"2026-04-08T16:30:26","modified_gmt":"2026-04-08T19:30:26","slug":"circuito-chico-cerro-campanario","status":"publish","type":"product","link":"https:\/\/turismopatagonia.ar\/en\/product\/cerro-campanario-small-circuit","title":{"rendered":"Circuito Chico and Cerro Campanario: the best of Bariloche in a few hours"},"content":{"rendered":"<h3 data-start=\"425\" data-end=\"489\"><strong data-start=\"429\" data-end=\"489\">A short, inexpensive and scenic drive<\/strong><\/h3>\n<p data-start=\"491\" data-end=\"750\">If you are in Bariloche and want to visit the most famous spots of the city without spending too much, this excursion is for you. In half a day, you will visit the main natural and cultural attractions in a comfortable and accessible tour with breathtaking views.<\/p>\n<p data-start=\"752\" data-end=\"1009\">We leave from meeting points located between downtown Bariloche and km 8 of Bustillo Av. or Pioneros Av. We travel along the coast of the <strong data-start=\"890\" data-end=\"911\">Nahuel Huapi Lake<\/strong>, with stops to see the <strong data-start=\"937\" data-end=\"956\">Hotel Llao Llao<\/strong>, the <strong data-start=\"961\" data-end=\"984\">St. Edward's Chapel<\/strong> and the <strong data-start=\"990\" data-end=\"1008\">Puerto Pa\u00f1uelo<\/strong>.<\/p>\n<p data-start=\"1011\" data-end=\"1127\">We continue to the <strong data-start=\"1029\" data-end=\"1044\">Cerro Lopez<\/strong>, <strong data-start=\"1046\" data-end=\"1061\">Villa Tacul<\/strong> and the <strong data-start=\"1067\" data-end=\"1085\">Hidden Lake<\/strong>, making stops for photos and breaks.<\/p>\n<p data-start=\"1129\" data-end=\"1319\">The last part of the tour is in the <strong data-start=\"1168\" data-end=\"1188\">Cerro Campanario<\/strong>, You have the option to take a chairlift (not included) and enjoy one of the best panoramic views of the entire region.<\/p>\n<p data-start=\"1321\" data-end=\"1431\">Duration: 8:30 am to 12:30 pm or 3:00 pm to 7:00 pm. Includes transfer and guide. Meals and chairlift ticket not included.<\/p>\n<h3 data-start=\"1438\" data-end=\"1467\"><strong data-start=\"1442\" data-end=\"1467\">What do you need to know?<\/strong><\/h3>\n<p data-start=\"1469\" data-end=\"1564\"><strong data-start=\"1469\" data-end=\"1513\">Is the entrance fee to the Bell Tower included?<\/strong><br data-start=\"1513\" data-end=\"1516\" \/>No, you have to pay extra if you want to take a chairlift.<\/p>\n<p data-start=\"1566\" data-end=\"1666\"><strong data-start=\"1566\" data-end=\"1597\">Is it a demanding excursion?<\/strong><br data-start=\"1597\" data-end=\"1600\" \/>No, it is very quiet. Ideal for those who do not want to walk much.<\/p>\n<p data-start=\"1668\" data-end=\"1766\"><strong data-start=\"1668\" data-end=\"1702\">Does it include food or refreshments?<\/strong><br data-start=\"1702\" data-end=\"1705\" \/>No. You can bring your own or take advantage of the local stores in the area.<\/p>\n<p data-start=\"1768\" data-end=\"1894\"><strong data-start=\"1768\" data-end=\"1813\">Is it useful if I have little time in Bariloche?<\/strong><br data-start=\"1813\" data-end=\"1816\" \/>Yes! It is the best option to visit the main points in only half a day.<\/p>","protected":false},"excerpt":{"rendered":"<p>Experience the best of Bariloche in a tour that combines history, nature and incomparable panoramic views. The Circuito Chico and Cerro Campanario invite you to live an exquisite adventure with emblematic stops and the possibility of climbing a world famous viewpoint.<\/p>","protected":false},"featured_media":377658,"comment_status":"open","ping_status":"closed","template":"","meta":[],"product_brand":[],"product_cat":[37,41,42,46,48,49,54],"product_tag":[],"class_list":{"0":"post-377145","1":"product","2":"type-product","3":"status-publish","4":"has-post-thumbnail","6":"product_cat-adultos","7":"product_cat-con-traslado","8":"product_cat-familia","9":"product_cat-ninos","10":"product_cat-sin-comida","11":"product_cat-terrestre","12":"product_cat-todo-el-ano","14":"first","15":"instock","16":"virtual","17":"sold-individually","18":"purchasable","19":"product-type-booking"},"booking_location":"","booking_location_type":"","booking_duration":1,"booking_duration_unit":"hour","booking_buffer":0,"booking_cost":0,"booking_resources":[],"exclude_global_add_ons":false,"addons":[{"name":"STD | Passengers","type":"input_multiplier","position":0,"required":false,"title_format":"label","default":"","description_enable":false,"description":"","placeholder_enable":false,"placeholder":"","display":"select","restrictions_type":"any_text","adjust_price":true,"price":"23400","price_type":"flat_fee","restrictions":false,"min":"0","max":"0","options":[],"id":1773236982}],"yoast_head":"<!-- This site is optimized with the Yoast SEO Premium plugin v24.5 (Yoast SEO v24.8) - https:\/\/yoast.com\/wordpress\/plugins\/seo\/ -->\n<title>Circuito Chico y Cerro Campanario - Turismo en Patagonia Bariloche<\/title>\n<meta name=\"description\" content=\"Circuito Chico y Cerro Campanario: paseo econ\u00f3mico por Bariloche. Naturaleza, vistas panor\u00e1micas y traslado incluido. Ideal si ten\u00e9s poco tiempo.\" \/>\n<meta name=\"robots\" content=\"index, follow, max-snippet:-1, max-image-preview:large, max-video-preview:-1\" \/>\n<link rel=\"canonical\" href=\"https:\/\/turismopatagonia.ar\/en\/product\/cerro-campanario-small-circuit\/\" \/>\n<meta property=\"og:locale\" content=\"en_US\" \/>\n<meta property=\"og:type\" content=\"article\" \/>\n<meta property=\"og:title\" content=\"Circuito Chico y Cerro Campanario: lo mejor de Bariloche en pocas horas\" \/>\n<meta property=\"og:description\" content=\"Circuito Chico y Cerro Campanario: paseo econ\u00f3mico por Bariloche. Naturaleza, vistas panor\u00e1micas y traslado incluido. Ideal si ten\u00e9s poco tiempo.\" \/>\n<meta property=\"og:url\" content=\"https:\/\/turismopatagonia.ar\/en\/product\/cerro-campanario-small-circuit\/\" \/>\n<meta property=\"og:site_name\" content=\"Turismo en Patagonia Bariloche\" \/>\n<meta property=\"article:modified_time\" content=\"2026-04-08T19:30:26+00:00\" \/>\n<meta property=\"og:image\" content=\"https:\/\/turismopatagonia.ar\/wp-content\/uploads\/2025\/04\/6-B-DSC_0806-scaled.jpg\" \/>\n\t<meta property=\"og:image:width\" content=\"1920\" \/>\n\t<meta property=\"og:image:height\" content=\"2560\" \/>\n\t<meta property=\"og:image:type\" content=\"image\/jpeg\" \/>\n<meta name=\"twitter:card\" content=\"summary_large_image\" \/>\n<meta name=\"twitter:label1\" content=\"Price\" \/>\n\t<meta name=\"twitter:data1\" content=\"&#036;&nbsp;23.400,00\" \/>\n\t<meta name=\"twitter:label2\" content=\"Availability\" \/>\n\t<meta name=\"twitter:data2\" content=\"In stock\" \/>\n<script type=\"application\/ld+json\" class=\"yoast-schema-graph\">{\"@context\":\"https:\/\/schema.org\",\"@graph\":[{\"@type\":[\"WebPage\",\"ItemPage\"],\"@id\":\"https:\/\/turismopatagonia.ar\/product\/circuito-chico-cerro-campanario\",\"url\":\"https:\/\/turismopatagonia.ar\/product\/circuito-chico-cerro-campanario\",\"name\":\"Circuito Chico y Cerro Campanario - Turismo en Patagonia Bariloche\",\"isPartOf\":{\"@id\":\"https:\/\/turismopatagonia.ar\/#website\"},\"primaryImageOfPage\":{\"@id\":\"https:\/\/turismopatagonia.ar\/product\/circuito-chico-cerro-campanario#primaryimage\"},\"image\":{\"@id\":\"https:\/\/turismopatagonia.ar\/product\/circuito-chico-cerro-campanario#primaryimage\"},\"thumbnailUrl\":\"https:\/\/turismopatagonia.ar\/wp-content\/uploads\/2025\/04\/6-B-DSC_0806-scaled.jpg\",\"datePublished\":\"2025-04-12T21:06:00+00:00\",\"dateModified\":\"2026-04-08T19:30:26+00:00\",\"description\":\"Circuito Chico y Cerro Campanario: paseo econ\u00f3mico por Bariloche. Naturaleza, vistas panor\u00e1micas y traslado incluido. Ideal si ten\u00e9s poco tiempo.\",\"breadcrumb\":{\"@id\":\"https:\/\/turismopatagonia.ar\/product\/circuito-chico-cerro-campanario#breadcrumb\"},\"inLanguage\":\"en-US\",\"potentialAction\":[{\"@type\":\"ReadAction\",\"target\":[\"https:\/\/turismopatagonia.ar\/product\/circuito-chico-cerro-campanario\"]}]},{\"@type\":\"ImageObject\",\"inLanguage\":\"en-US\",\"@id\":\"https:\/\/turismopatagonia.ar\/product\/circuito-chico-cerro-campanario#primaryimage\",\"url\":\"https:\/\/turismopatagonia.ar\/wp-content\/uploads\/2025\/04\/6-B-DSC_0806-scaled.jpg\",\"contentUrl\":\"https:\/\/turismopatagonia.ar\/wp-content\/uploads\/2025\/04\/6-B-DSC_0806-scaled.jpg\",\"width\":1920,\"height\":2560},{\"@type\":\"BreadcrumbList\",\"@id\":\"https:\/\/turismopatagonia.ar\/product\/circuito-chico-cerro-campanario#breadcrumb\",\"itemListElement\":[{\"@type\":\"ListItem\",\"position\":1,\"name\":\"Home\",\"item\":\"https:\/\/turismopatagonia.ar\/\"},{\"@type\":\"ListItem\",\"position\":2,\"name\":\"Shop\",\"item\":\"https:\/\/turismopatagonia.ar\/shop\"},{\"@type\":\"ListItem\",\"position\":3,\"name\":\"Circuito Chico y Cerro Campanario: lo mejor de Bariloche en pocas horas\"}]},{\"@type\":\"WebSite\",\"@id\":\"https:\/\/turismopatagonia.ar\/#website\",\"url\":\"https:\/\/turismopatagonia.ar\/\",\"name\":\"Turismo en Patagonia Bariloche\",\"description\":\"Descubre la belleza de la Patagonia: gu\u00edas, actividades y destinos tur\u00edsticos en Bariloche y alrededores.\",\"publisher\":{\"@id\":\"https:\/\/turismopatagonia.ar\/#organization\"},\"potentialAction\":[{\"@type\":\"SearchAction\",\"target\":{\"@type\":\"EntryPoint\",\"urlTemplate\":\"https:\/\/turismopatagonia.ar\/?s={search_term_string}\"},\"query-input\":{\"@type\":\"PropertyValueSpecification\",\"valueRequired\":true,\"valueName\":\"search_term_string\"}}],\"inLanguage\":\"en-US\"},{\"@type\":\"Organization\",\"@id\":\"https:\/\/turismopatagonia.ar\/#organization\",\"name\":\"Turismo en Patagonia Bariloche\",\"url\":\"https:\/\/turismopatagonia.ar\/\",\"logo\":{\"@type\":\"ImageObject\",\"inLanguage\":\"en-US\",\"@id\":\"https:\/\/turismopatagonia.ar\/#\/schema\/logo\/image\/\",\"url\":\"https:\/\/turismopatagonia.ar\/wp-content\/uploads\/2023\/04\/logo-tirismo-copia.png\",\"contentUrl\":\"https:\/\/turismopatagonia.ar\/wp-content\/uploads\/2023\/04\/logo-tirismo-copia.png\",\"width\":270,\"height\":100,\"caption\":\"Turismo en Patagonia Bariloche\"},\"image\":{\"@id\":\"https:\/\/turismopatagonia.ar\/#\/schema\/logo\/image\/\"}}]}<\/script>\n<meta property=\"product:price:amount\" content=\"23400.00\" \/>\n<meta property=\"product:price:currency\" content=\"ARS\" \/>\n<meta property=\"og:availability\" content=\"instock\" \/>\n<meta property=\"product:availability\" content=\"instock\" \/>\n<meta property=\"product:retailer_item_id\" content=\"ADV2025CICHYC1KOR\" \/>\n<meta property=\"product:condition\" content=\"new\" \/>\n<!-- \/ Yoast SEO Premium plugin. -->","yoast_head_json":{"title":"Circuito Chico and Cerro Campanario - Patagonia Bariloche Travel - Vacations in Patagonia Bariloche","description":"Circuito Chico and Cerro Campanario: economic tour around Bariloche. Nature, panoramic views and transfer included. Ideal if you have little time.","robots":{"index":"index","follow":"follow","max-snippet":"max-snippet:-1","max-image-preview":"max-image-preview:large","max-video-preview":"max-video-preview:-1"},"canonical":"https:\/\/turismopatagonia.ar\/en\/product\/cerro-campanario-small-circuit\/","og_locale":"en_US","og_type":"article","og_title":"Circuito Chico y Cerro Campanario: lo mejor de Bariloche en pocas horas","og_description":"Circuito Chico y Cerro Campanario: paseo econ\u00f3mico por Bariloche. Naturaleza, vistas panor\u00e1micas y traslado incluido. Ideal si ten\u00e9s poco tiempo.","og_url":"https:\/\/turismopatagonia.ar\/en\/product\/cerro-campanario-small-circuit\/","og_site_name":"Turismo en Patagonia Bariloche","article_modified_time":"2026-04-08T19:30:26+00:00","og_image":[{"width":1920,"height":2560,"url":"https:\/\/turismopatagonia.ar\/wp-content\/uploads\/2025\/04\/6-B-DSC_0806-scaled.jpg","type":"image\/jpeg"}],"twitter_card":"summary_large_image","twitter_misc":{"Price":"&#36;&nbsp;23.400,00","Availability":"In stock"},"schema":{"@context":"https:\/\/schema.org","@graph":[{"@type":["WebPage","ItemPage"],"@id":"https:\/\/turismopatagonia.ar\/product\/circuito-chico-cerro-campanario","url":"https:\/\/turismopatagonia.ar\/product\/circuito-chico-cerro-campanario","name":"Circuito Chico and Cerro Campanario - Patagonia Bariloche Travel - Vacations in Patagonia Bariloche","isPartOf":{"@id":"https:\/\/turismopatagonia.ar\/#website"},"primaryImageOfPage":{"@id":"https:\/\/turismopatagonia.ar\/product\/circuito-chico-cerro-campanario#primaryimage"},"image":{"@id":"https:\/\/turismopatagonia.ar\/product\/circuito-chico-cerro-campanario#primaryimage"},"thumbnailUrl":"https:\/\/turismopatagonia.ar\/wp-content\/uploads\/2025\/04\/6-B-DSC_0806-scaled.jpg","datePublished":"2025-04-12T21:06:00+00:00","dateModified":"2026-04-08T19:30:26+00:00","description":"Circuito Chico and Cerro Campanario: economic tour around Bariloche. Nature, panoramic views and transfer included. Ideal if you have little time.","breadcrumb":{"@id":"https:\/\/turismopatagonia.ar\/product\/circuito-chico-cerro-campanario#breadcrumb"},"inLanguage":"en-US","potentialAction":[{"@type":"ReadAction","target":["https:\/\/turismopatagonia.ar\/product\/circuito-chico-cerro-campanario"]}]},{"@type":"ImageObject","inLanguage":"en-US","@id":"https:\/\/turismopatagonia.ar\/product\/circuito-chico-cerro-campanario#primaryimage","url":"https:\/\/turismopatagonia.ar\/wp-content\/uploads\/2025\/04\/6-B-DSC_0806-scaled.jpg","contentUrl":"https:\/\/turismopatagonia.ar\/wp-content\/uploads\/2025\/04\/6-B-DSC_0806-scaled.jpg","width":1920,"height":2560},{"@type":"BreadcrumbList","@id":"https:\/\/turismopatagonia.ar\/product\/circuito-chico-cerro-campanario#breadcrumb","itemListElement":[{"@type":"ListItem","position":1,"name":"Home","item":"https:\/\/turismopatagonia.ar\/"},{"@type":"ListItem","position":2,"name":"Shop","item":"https:\/\/turismopatagonia.ar\/shop"},{"@type":"ListItem","position":3,"name":"Circuito Chico y Cerro Campanario: lo mejor de Bariloche en pocas horas"}]},{"@type":"WebSite","@id":"https:\/\/turismopatagonia.ar\/#website","url":"https:\/\/turismopatagonia.ar\/","name":"Tourism in Patagonia Bariloche","description":"Discover the beauty of Patagonia: guides, activities and tourist destinations in and around Bariloche.","publisher":{"@id":"https:\/\/turismopatagonia.ar\/#organization"},"potentialAction":[{"@type":"SearchAction","target":{"@type":"EntryPoint","urlTemplate":"https:\/\/turismopatagonia.ar\/?s={search_term_string}"},"query-input":{"@type":"PropertyValueSpecification","valueRequired":true,"valueName":"search_term_string"}}],"inLanguage":"en-US"},{"@type":"Organization","@id":"https:\/\/turismopatagonia.ar\/#organization","name":"Tourism in Patagonia Bariloche","url":"https:\/\/turismopatagonia.ar\/","logo":{"@type":"ImageObject","inLanguage":"en-US","@id":"https:\/\/turismopatagonia.ar\/#\/schema\/logo\/image\/","url":"https:\/\/turismopatagonia.ar\/wp-content\/uploads\/2023\/04\/logo-tirismo-copia.png","contentUrl":"https:\/\/turismopatagonia.ar\/wp-content\/uploads\/2023\/04\/logo-tirismo-copia.png","width":270,"height":100,"caption":"Turismo en Patagonia Bariloche"},"image":{"@id":"https:\/\/turismopatagonia.ar\/#\/schema\/logo\/image\/"}}]},"product_price_amount":"23400.00","product_price_currency":"ARS","og_availability":"instock","product_availability":"instock","product_retailer_item_id":"ADV2025CICHYC1KOR","product_condition":"new"},"_links":{"self":[{"href":"https:\/\/turismopatagonia.ar\/en\/wp-json\/wp\/v2\/product\/377145","targetHints":{"allow":["GET"]}}],"collection":[{"href":"https:\/\/turismopatagonia.ar\/en\/wp-json\/wp\/v2\/product"}],"about":[{"href":"https:\/\/turismopatagonia.ar\/en\/wp-json\/wp\/v2\/types\/product"}],"replies":[{"embeddable":true,"href":"https:\/\/turismopatagonia.ar\/en\/wp-json\/wp\/v2\/comments?post=377145"}],"wp:featuredmedia":[{"embeddable":true,"href":"https:\/\/turismopatagonia.ar\/en\/wp-json\/wp\/v2\/media\/377658"}],"wp:attachment":[{"href":"https:\/\/turismopatagonia.ar\/en\/wp-json\/wp\/v2\/media?parent=377145"}],"wp:term":[{"taxonomy":"product_brand","embeddable":true,"href":"https:\/\/turismopatagonia.ar\/en\/wp-json\/wp\/v2\/product_brand?post=377145"},{"taxonomy":"product_cat","embeddable":true,"href":"https:\/\/turismopatagonia.ar\/en\/wp-json\/wp\/v2\/product_cat?post=377145"},{"taxonomy":"product_tag","embeddable":true,"href":"https:\/\/turismopatagonia.ar\/en\/wp-json\/wp\/v2\/product_tag?post=377145"}],"curies":[{"name":"wp","href":"https:\/\/api.w.org\/{rel}","templated":true}]}}