{"id":377150,"date":"2025-04-12T18:06:58","date_gmt":"2025-04-12T21:06:58","guid":{"rendered":"https:\/\/turismopatagonia.ar\/?post_type=product&#038;p=377150"},"modified":"2026-04-08T16:28:51","modified_gmt":"2026-04-08T19:28:51","slug":"excursion-economica-kayak-lago-moreno-bariloche","status":"publish","type":"product","link":"https:\/\/turismopatagonia.ar\/en\/product\/economical-kayak-excursion-lake-moreno-bariloche","title":{"rendered":"Kayaking on Moreno Lake"},"content":{"rendered":"<h2 data-start=\"468\" data-end=\"542\"><strong data-start=\"468\" data-end=\"540\">A simple and accessible way to enjoy the nature of Bariloche<\/strong><\/h2>\n<p data-start=\"544\" data-end=\"758\">Paddling on Moreno Lake is a unique experience to discover the Patagonian landscapes from another perspective.<br data-start=\"659\" data-end=\"662\" \/>This activity, of low difficulty, combines tranquility, fresh air and outdoor fun.<\/p>\n<p data-start=\"760\" data-end=\"1021\">With professional guides and all the equipment included, you don't need previous experience to enjoy a safe and different trip.<br data-start=\"893\" data-end=\"896\" \/>Ideal for those looking to experience nature without complications, at a fair price and with the support of Turismo Patagonia.<\/p>\n<h3 data-start=\"1028\" data-end=\"1045\"><strong data-start=\"1032\" data-end=\"1045\">Tour<\/strong><\/h3>\n<p data-start=\"1047\" data-end=\"1321\">Hours: 11:00 to 15:00 approx. \/ 13:00 to 17:00 approx.<br data-start=\"1100\" data-end=\"1103\" \/>Departure from downtown Bariloche to the Circuito Chico area.<br data-start=\"1172\" data-end=\"1175\" \/>During the tour you will navigate through quiet areas of Moreno Lake, with moments to relax, take pictures and enjoy the natural environment.<\/p>\n<h3 data-start=\"1328\" data-end=\"1354\"><strong data-start=\"1332\" data-end=\"1354\">Meeting place<\/strong><\/h3>\n<p data-start=\"1356\" data-end=\"1524\">Hotels and meeting points located from downtown Bariloche to km 18 of Bustillo Av. or Pioneros Av.<br data-start=\"1470\" data-end=\"1473\" \/>Other points, please consult at the time of booking.<\/p>\n<h3 data-start=\"1531\" data-end=\"1546\"><strong data-start=\"1535\" data-end=\"1546\">Includes<\/strong><\/h3>\n<ul data-start=\"1548\" data-end=\"1728\">\n<li data-start=\"1548\" data-end=\"1599\">\n<p data-start=\"1550\" data-end=\"1599\">Kayak Sit On Top (comfortable, safe and stable).<\/p>\n<\/li>\n<li data-start=\"1600\" data-end=\"1652\">\n<p data-start=\"1602\" data-end=\"1652\">Life jacket, shovel and waterproof jacket.<\/p>\n<\/li>\n<li data-start=\"1653\" data-end=\"1677\">\n<p data-start=\"1655\" data-end=\"1677\">Professional guides.<\/p>\n<\/li>\n<li data-start=\"1678\" data-end=\"1728\">\n<p data-start=\"1680\" data-end=\"1728\">Transfers to and from the meeting point.<\/p>\n<\/li>\n<\/ul>\n<h3 data-start=\"1735\" data-end=\"1753\"><strong data-start=\"1739\" data-end=\"1753\">Does not include<\/strong><\/h3>\n<ul data-start=\"1755\" data-end=\"1838\">\n<li data-start=\"1755\" data-end=\"1778\">\n<p data-start=\"1757\" data-end=\"1778\">Food and beverages.<\/p>\n<\/li>\n<li data-start=\"1779\" data-end=\"1838\">\n<p data-start=\"1781\" data-end=\"1838\">Personal clothing (it is recommended to bring a coat and a dry change of clothes).<\/p>\n<\/li>\n<\/ul>\n<h3 data-start=\"1982\" data-end=\"2005\"><strong data-start=\"1986\" data-end=\"2005\">Recommendations<\/strong><\/h3>\n<ul data-start=\"2007\" data-end=\"2147\">\n<li data-start=\"2007\" data-end=\"2041\">\n<p data-start=\"2009\" data-end=\"2041\">Comfortable clothes and closed shoes.<\/p>\n<\/li>\n<li data-start=\"2042\" data-end=\"2073\">\n<p data-start=\"2044\" data-end=\"2073\">Change of dry clothes and warm clothes.<\/p>\n<\/li>\n<li data-start=\"2074\" data-end=\"2119\">\n<p data-start=\"2076\" data-end=\"2119\">Sunscreen, hat and sunglasses.<\/p>\n<\/li>\n<li data-start=\"2120\" data-end=\"2147\">\n<p data-start=\"2122\" data-end=\"2147\">Identity card.<\/p>\n<\/li>\n<\/ul>\n<p data-start=\"2149\" data-end=\"2257\">No previous experience is necessary. Activity suitable for children over 4 years old accompanied by an adult.<\/p>\n<h3 data-start=\"2264\" data-end=\"2292\"><strong data-start=\"2268\" data-end=\"2292\">Frequently Asked Questions<\/strong><\/h3>\n<p data-start=\"2294\" data-end=\"2404\"><strong data-start=\"2294\" data-end=\"2336\">Are the kayaks single or double?<\/strong><br data-start=\"2336\" data-end=\"2339\" \/>They are double, comfortable and very stable, ideal for beginners.<\/p>\n<p data-start=\"2406\" data-end=\"2524\"><strong data-start=\"2406\" data-end=\"2445\">Can it be done without experience?<\/strong><br data-start=\"2445\" data-end=\"2448\" \/>Yes, the guides provide all the necessary indications before starting.<\/p>\n<p data-start=\"2526\" data-end=\"2642\"><strong data-start=\"2526\" data-end=\"2550\">What happens if it rains?<\/strong><br data-start=\"2550\" data-end=\"2553\" \/>The activity takes place in drizzly weather, and is only suspended in case of thunderstorms or strong winds.<\/p>\n<p data-start=\"2644\" data-end=\"2719\"><strong data-start=\"2644\" data-end=\"2668\">Is there an age limit?<\/strong><br data-start=\"2668\" data-end=\"2671\" \/>From 4 years old, accompanied by an adult.<\/p>","protected":false},"excerpt":{"rendered":"<p>Enjoy an economical excursion in <strong>kayaking on Moreno Lake<\/strong> with Turismo Patagonia.<br data-start=\"3666\" data-end=\"3669\" \/>Nature, safety and fun at an affordable price in Bariloche.<\/p>","protected":false},"featured_media":377663,"comment_status":"open","ping_status":"closed","template":"","meta":[],"product_brand":[],"product_cat":[37,39,50,41,42,52,46,54],"product_tag":[],"class_list":{"0":"post-377150","1":"product","2":"type-product","3":"status-publish","4":"has-post-thumbnail","6":"product_cat-adultos","7":"product_cat-aventura","8":"product_cat-con-comida","9":"product_cat-con-traslado","10":"product_cat-familia","11":"product_cat-lacustre","12":"product_cat-ninos","13":"product_cat-todo-el-ano","15":"first","16":"instock","17":"virtual","18":"sold-individually","19":"purchasable","20":"product-type-booking"},"booking_location":"","booking_location_type":"","booking_duration":1,"booking_duration_unit":"hour","booking_buffer":0,"booking_cost":0,"booking_resources":[],"exclude_global_add_ons":false,"addons":[{"name":"ADU | Adult","type":"input_multiplier","position":0,"required":false,"title_format":"label","default":"","description_enable":false,"description":"","placeholder_enable":false,"placeholder":"","display":"select","restrictions_type":"any_text","adjust_price":true,"price":"107400","price_type":"quantity_based","restrictions":false,"min":"0","max":"0","options":[],"id":1773074737},{"name":"MEN512 | from 5 to 12","type":"input_multiplier","position":1,"required":false,"title_format":"label","default":"","description_enable":false,"description":"","placeholder_enable":false,"placeholder":"","display":"select","restrictions_type":"any_text","adjust_price":true,"price":"107400","price_type":"quantity_based","restrictions":false,"min":"0","max":"0","options":[],"id":1773075048}],"yoast_head":"<!-- This site is optimized with the Yoast SEO Premium plugin v24.5 (Yoast SEO v24.8) - https:\/\/yoast.com\/wordpress\/plugins\/seo\/ -->\n<title>Kayak por el Lago Moreno en Bariloche | Turismo Patagonia<\/title>\n<meta name=\"description\" content=\"Viv\u00ed una excursi\u00f3n econ\u00f3mica en kayak por el Lago Moreno. Actividad segura, accesible y guiada para disfrutar la Patagonia sin gastar de m\u00e1s.\" \/>\n<meta name=\"robots\" content=\"index, follow, max-snippet:-1, max-image-preview:large, max-video-preview:-1\" \/>\n<link rel=\"canonical\" href=\"https:\/\/turismopatagonia.ar\/en\/product\/economical-kayak-excursion-lake-moreno-bariloche\/\" \/>\n<meta property=\"og:locale\" content=\"en_US\" \/>\n<meta property=\"og:type\" content=\"article\" \/>\n<meta property=\"og:title\" content=\"Kayak por el Lago Moreno\" \/>\n<meta property=\"og:description\" content=\"Viv\u00ed una excursi\u00f3n econ\u00f3mica en kayak por el Lago Moreno. Actividad segura, accesible y guiada para disfrutar la Patagonia sin gastar de m\u00e1s.\" \/>\n<meta property=\"og:url\" content=\"https:\/\/turismopatagonia.ar\/en\/product\/economical-kayak-excursion-lake-moreno-bariloche\/\" \/>\n<meta property=\"og:site_name\" content=\"Turismo en Patagonia Bariloche\" \/>\n<meta property=\"article:modified_time\" content=\"2026-04-08T19:28:51+00:00\" \/>\n<meta property=\"og:image\" content=\"https:\/\/turismopatagonia.ar\/wp-content\/uploads\/2025\/04\/6-C-GOPR1095-scaled.jpg\" \/>\n\t<meta property=\"og:image:width\" content=\"1920\" \/>\n\t<meta property=\"og:image:height\" content=\"2560\" \/>\n\t<meta property=\"og:image:type\" content=\"image\/jpeg\" \/>\n<meta name=\"twitter:card\" content=\"summary_large_image\" \/>\n<meta name=\"twitter:label1\" content=\"Price\" \/>\n\t<meta name=\"twitter:data1\" content=\"&#036;&nbsp;107.400,00\" \/>\n\t<meta name=\"twitter:label2\" content=\"Availability\" \/>\n\t<meta name=\"twitter:data2\" content=\"In stock\" \/>\n<script type=\"application\/ld+json\" class=\"yoast-schema-graph\">{\"@context\":\"https:\/\/schema.org\",\"@graph\":[{\"@type\":[\"WebPage\",\"ItemPage\"],\"@id\":\"https:\/\/turismopatagonia.ar\/product\/excursion-economica-kayak-lago-moreno-bariloche\",\"url\":\"https:\/\/turismopatagonia.ar\/product\/excursion-economica-kayak-lago-moreno-bariloche\",\"name\":\"Kayak por el Lago Moreno en Bariloche | Turismo Patagonia\",\"isPartOf\":{\"@id\":\"https:\/\/turismopatagonia.ar\/#website\"},\"primaryImageOfPage\":{\"@id\":\"https:\/\/turismopatagonia.ar\/product\/excursion-economica-kayak-lago-moreno-bariloche#primaryimage\"},\"image\":{\"@id\":\"https:\/\/turismopatagonia.ar\/product\/excursion-economica-kayak-lago-moreno-bariloche#primaryimage\"},\"thumbnailUrl\":\"https:\/\/turismopatagonia.ar\/wp-content\/uploads\/2025\/04\/6-C-GOPR1095-scaled.jpg\",\"datePublished\":\"2025-04-12T21:06:58+00:00\",\"dateModified\":\"2026-04-08T19:28:51+00:00\",\"description\":\"Viv\u00ed una excursi\u00f3n econ\u00f3mica en kayak por el Lago Moreno. Actividad segura, accesible y guiada para disfrutar la Patagonia sin gastar de m\u00e1s.\",\"breadcrumb\":{\"@id\":\"https:\/\/turismopatagonia.ar\/product\/excursion-economica-kayak-lago-moreno-bariloche#breadcrumb\"},\"inLanguage\":\"en-US\",\"potentialAction\":[{\"@type\":\"ReadAction\",\"target\":[\"https:\/\/turismopatagonia.ar\/product\/excursion-economica-kayak-lago-moreno-bariloche\"]}]},{\"@type\":\"ImageObject\",\"inLanguage\":\"en-US\",\"@id\":\"https:\/\/turismopatagonia.ar\/product\/excursion-economica-kayak-lago-moreno-bariloche#primaryimage\",\"url\":\"https:\/\/turismopatagonia.ar\/wp-content\/uploads\/2025\/04\/6-C-GOPR1095-scaled.jpg\",\"contentUrl\":\"https:\/\/turismopatagonia.ar\/wp-content\/uploads\/2025\/04\/6-C-GOPR1095-scaled.jpg\",\"width\":1920,\"height\":2560,\"caption\":\"DCIM100GOPROGOPR1095.JPG\"},{\"@type\":\"BreadcrumbList\",\"@id\":\"https:\/\/turismopatagonia.ar\/product\/excursion-economica-kayak-lago-moreno-bariloche#breadcrumb\",\"itemListElement\":[{\"@type\":\"ListItem\",\"position\":1,\"name\":\"Home\",\"item\":\"https:\/\/turismopatagonia.ar\/\"},{\"@type\":\"ListItem\",\"position\":2,\"name\":\"Shop\",\"item\":\"https:\/\/turismopatagonia.ar\/shop\"},{\"@type\":\"ListItem\",\"position\":3,\"name\":\"Kayak por el Lago Moreno\"}]},{\"@type\":\"WebSite\",\"@id\":\"https:\/\/turismopatagonia.ar\/#website\",\"url\":\"https:\/\/turismopatagonia.ar\/\",\"name\":\"Turismo en Patagonia Bariloche\",\"description\":\"Descubre la belleza de la Patagonia: gu\u00edas, actividades y destinos tur\u00edsticos en Bariloche y alrededores.\",\"publisher\":{\"@id\":\"https:\/\/turismopatagonia.ar\/#organization\"},\"potentialAction\":[{\"@type\":\"SearchAction\",\"target\":{\"@type\":\"EntryPoint\",\"urlTemplate\":\"https:\/\/turismopatagonia.ar\/?s={search_term_string}\"},\"query-input\":{\"@type\":\"PropertyValueSpecification\",\"valueRequired\":true,\"valueName\":\"search_term_string\"}}],\"inLanguage\":\"en-US\"},{\"@type\":\"Organization\",\"@id\":\"https:\/\/turismopatagonia.ar\/#organization\",\"name\":\"Turismo en Patagonia Bariloche\",\"url\":\"https:\/\/turismopatagonia.ar\/\",\"logo\":{\"@type\":\"ImageObject\",\"inLanguage\":\"en-US\",\"@id\":\"https:\/\/turismopatagonia.ar\/#\/schema\/logo\/image\/\",\"url\":\"https:\/\/turismopatagonia.ar\/wp-content\/uploads\/2023\/04\/logo-tirismo-copia.png\",\"contentUrl\":\"https:\/\/turismopatagonia.ar\/wp-content\/uploads\/2023\/04\/logo-tirismo-copia.png\",\"width\":270,\"height\":100,\"caption\":\"Turismo en Patagonia Bariloche\"},\"image\":{\"@id\":\"https:\/\/turismopatagonia.ar\/#\/schema\/logo\/image\/\"}}]}<\/script>\n<meta property=\"product:price:amount\" content=\"107400.00\" \/>\n<meta property=\"product:price:currency\" content=\"ARS\" \/>\n<meta property=\"og:availability\" content=\"instock\" \/>\n<meta property=\"product:availability\" content=\"instock\" \/>\n<meta property=\"product:retailer_item_id\" content=\"ADV2025TRENKAH9J5\" \/>\n<meta property=\"product:condition\" content=\"new\" \/>\n<!-- \/ Yoast SEO Premium plugin. -->","yoast_head_json":{"title":"Kayaking on Moreno Lake in Bariloche | Turismo Patagonia","description":"Experience an inexpensive kayaking excursion on Moreno Lake. A safe, accessible and guided activity to enjoy Patagonia without overspending.","robots":{"index":"index","follow":"follow","max-snippet":"max-snippet:-1","max-image-preview":"max-image-preview:large","max-video-preview":"max-video-preview:-1"},"canonical":"https:\/\/turismopatagonia.ar\/en\/product\/economical-kayak-excursion-lake-moreno-bariloche\/","og_locale":"en_US","og_type":"article","og_title":"Kayak por el Lago Moreno","og_description":"Viv\u00ed una excursi\u00f3n econ\u00f3mica en kayak por el Lago Moreno. Actividad segura, accesible y guiada para disfrutar la Patagonia sin gastar de m\u00e1s.","og_url":"https:\/\/turismopatagonia.ar\/en\/product\/economical-kayak-excursion-lake-moreno-bariloche\/","og_site_name":"Turismo en Patagonia Bariloche","article_modified_time":"2026-04-08T19:28:51+00:00","og_image":[{"width":1920,"height":2560,"url":"https:\/\/turismopatagonia.ar\/wp-content\/uploads\/2025\/04\/6-C-GOPR1095-scaled.jpg","type":"image\/jpeg"}],"twitter_card":"summary_large_image","twitter_misc":{"Price":"&#36;&nbsp;107.400,00","Availability":"In stock"},"schema":{"@context":"https:\/\/schema.org","@graph":[{"@type":["WebPage","ItemPage"],"@id":"https:\/\/turismopatagonia.ar\/product\/excursion-economica-kayak-lago-moreno-bariloche","url":"https:\/\/turismopatagonia.ar\/product\/excursion-economica-kayak-lago-moreno-bariloche","name":"Kayaking on Moreno Lake in Bariloche | Turismo Patagonia","isPartOf":{"@id":"https:\/\/turismopatagonia.ar\/#website"},"primaryImageOfPage":{"@id":"https:\/\/turismopatagonia.ar\/product\/excursion-economica-kayak-lago-moreno-bariloche#primaryimage"},"image":{"@id":"https:\/\/turismopatagonia.ar\/product\/excursion-economica-kayak-lago-moreno-bariloche#primaryimage"},"thumbnailUrl":"https:\/\/turismopatagonia.ar\/wp-content\/uploads\/2025\/04\/6-C-GOPR1095-scaled.jpg","datePublished":"2025-04-12T21:06:58+00:00","dateModified":"2026-04-08T19:28:51+00:00","description":"Experience an inexpensive kayaking excursion on Moreno Lake. A safe, accessible and guided activity to enjoy Patagonia without overspending.","breadcrumb":{"@id":"https:\/\/turismopatagonia.ar\/product\/excursion-economica-kayak-lago-moreno-bariloche#breadcrumb"},"inLanguage":"en-US","potentialAction":[{"@type":"ReadAction","target":["https:\/\/turismopatagonia.ar\/product\/excursion-economica-kayak-lago-moreno-bariloche"]}]},{"@type":"ImageObject","inLanguage":"en-US","@id":"https:\/\/turismopatagonia.ar\/product\/excursion-economica-kayak-lago-moreno-bariloche#primaryimage","url":"https:\/\/turismopatagonia.ar\/wp-content\/uploads\/2025\/04\/6-C-GOPR1095-scaled.jpg","contentUrl":"https:\/\/turismopatagonia.ar\/wp-content\/uploads\/2025\/04\/6-C-GOPR1095-scaled.jpg","width":1920,"height":2560,"caption":"DCIM100GOPROGOPR1095.JPG"},{"@type":"BreadcrumbList","@id":"https:\/\/turismopatagonia.ar\/product\/excursion-economica-kayak-lago-moreno-bariloche#breadcrumb","itemListElement":[{"@type":"ListItem","position":1,"name":"Home","item":"https:\/\/turismopatagonia.ar\/"},{"@type":"ListItem","position":2,"name":"Shop","item":"https:\/\/turismopatagonia.ar\/shop"},{"@type":"ListItem","position":3,"name":"Kayak por el Lago Moreno"}]},{"@type":"WebSite","@id":"https:\/\/turismopatagonia.ar\/#website","url":"https:\/\/turismopatagonia.ar\/","name":"Tourism in Patagonia Bariloche","description":"Discover the beauty of Patagonia: guides, activities and tourist destinations in and around Bariloche.","publisher":{"@id":"https:\/\/turismopatagonia.ar\/#organization"},"potentialAction":[{"@type":"SearchAction","target":{"@type":"EntryPoint","urlTemplate":"https:\/\/turismopatagonia.ar\/?s={search_term_string}"},"query-input":{"@type":"PropertyValueSpecification","valueRequired":true,"valueName":"search_term_string"}}],"inLanguage":"en-US"},{"@type":"Organization","@id":"https:\/\/turismopatagonia.ar\/#organization","name":"Tourism in Patagonia Bariloche","url":"https:\/\/turismopatagonia.ar\/","logo":{"@type":"ImageObject","inLanguage":"en-US","@id":"https:\/\/turismopatagonia.ar\/#\/schema\/logo\/image\/","url":"https:\/\/turismopatagonia.ar\/wp-content\/uploads\/2023\/04\/logo-tirismo-copia.png","contentUrl":"https:\/\/turismopatagonia.ar\/wp-content\/uploads\/2023\/04\/logo-tirismo-copia.png","width":270,"height":100,"caption":"Turismo en Patagonia Bariloche"},"image":{"@id":"https:\/\/turismopatagonia.ar\/#\/schema\/logo\/image\/"}}]},"product_price_amount":"107400.00","product_price_currency":"ARS","og_availability":"instock","product_availability":"instock","product_retailer_item_id":"ADV2025TRENKAH9J5","product_condition":"new"},"_links":{"self":[{"href":"https:\/\/turismopatagonia.ar\/en\/wp-json\/wp\/v2\/product\/377150","targetHints":{"allow":["GET"]}}],"collection":[{"href":"https:\/\/turismopatagonia.ar\/en\/wp-json\/wp\/v2\/product"}],"about":[{"href":"https:\/\/turismopatagonia.ar\/en\/wp-json\/wp\/v2\/types\/product"}],"replies":[{"embeddable":true,"href":"https:\/\/turismopatagonia.ar\/en\/wp-json\/wp\/v2\/comments?post=377150"}],"wp:featuredmedia":[{"embeddable":true,"href":"https:\/\/turismopatagonia.ar\/en\/wp-json\/wp\/v2\/media\/377663"}],"wp:attachment":[{"href":"https:\/\/turismopatagonia.ar\/en\/wp-json\/wp\/v2\/media?parent=377150"}],"wp:term":[{"taxonomy":"product_brand","embeddable":true,"href":"https:\/\/turismopatagonia.ar\/en\/wp-json\/wp\/v2\/product_brand?post=377150"},{"taxonomy":"product_cat","embeddable":true,"href":"https:\/\/turismopatagonia.ar\/en\/wp-json\/wp\/v2\/product_cat?post=377150"},{"taxonomy":"product_tag","embeddable":true,"href":"https:\/\/turismopatagonia.ar\/en\/wp-json\/wp\/v2\/product_tag?post=377150"}],"curies":[{"name":"wp","href":"https:\/\/api.w.org\/{rel}","templated":true}]}}