{"id":377155,"date":"2025-04-12T18:08:13","date_gmt":"2025-04-12T21:08:13","guid":{"rendered":"https:\/\/turismopatagonia.ar\/?post_type=product&#038;p=377155"},"modified":"2026-04-08T16:30:55","modified_gmt":"2026-04-08T19:30:55","slug":"isla-victoria-y-bosque-de-arrayanes-con-traslado","status":"publish","type":"product","link":"https:\/\/turismopatagonia.ar\/en\/product\/victoria-island-and-arrayanes-forest-with-transfer","title":{"rendered":"Explore Victoria Island and the Arrayanes Forest at the best price - with Transfer"},"content":{"rendered":"<h2 data-start=\"142\" data-end=\"217\"><strong data-start=\"145\" data-end=\"215\">Isla Victoria and Bosque de Arrayanes - Nature without overspending<\/strong><\/h2>\n<p data-start=\"218\" data-end=\"267\">Nature and accessible walks for the whole family<\/p>\n<p data-start=\"269\" data-end=\"485\">One of the most classic excursions in Bariloche, ideal for those who want to enjoy nature without complications. It includes navigation, hiking and unforgettable views in a complete tour and at the best price.<\/p>\n<h3 data-start=\"487\" data-end=\"517\">What is included in the experience<\/h3>\n<p data-start=\"519\" data-end=\"751\">The excursion includes navigation from Puerto Pa\u00f1uelo on Lake Nahuel Huapi, a visit to the Arrayanes Forest on the Quetrihu\u00e9 Peninsula and a guided hike along the trails of Victoria Island. All accompanied by specialized guides.<\/p>\n<p>Transfer from meeting points according to the location of your accommodation, from downtown to km 20 of Bustillo Av.<\/p>\n<p data-start=\"753\" data-end=\"891\">Meals are not included, nor are boarding or entrance fees to Nahuel Huapi National Park, which are paid at the time of boarding.<\/p>\n<h3 data-start=\"893\" data-end=\"926\">Enjoy a walk with no twists and turns<\/h3>\n<p data-start=\"928\" data-end=\"1162\">The activity begins with embarkation in Puerto Pa\u00f1uelo and a panoramic navigation through unique landscapes of Patagonia. The first destination is the Arrayanes Forest, famous for its cinnamon bark trees, unique in the world.<\/p>\n<p data-start=\"1164\" data-end=\"1399\">Afterwards, the trip continues to Victoria Island, where you will walk along trails surrounded by native forest and viewpoints overlooking the lake. The tour combines nature, tranquility and an organization designed so that you don't have to worry about anything.<\/p>\n<h3 data-start=\"1401\" data-end=\"1425\">Frequently Asked Questions<\/h3>\n<p data-start=\"1427\" data-end=\"1613\"><strong data-start=\"1427\" data-end=\"1450\">Where do they come from?<\/strong><br data-start=\"1450\" data-end=\"1453\" \/>Departure is from downtown Bariloche. We coordinate meeting points according to the location of your accommodation, from downtown to km 20 of Bustillo Av.<\/p>\n<p data-start=\"1615\" data-end=\"1747\"><strong data-start=\"1615\" data-end=\"1650\">How much are the fees?<\/strong><br data-start=\"1650\" data-end=\"1653\" \/>Fees are payable at Puerto Pa\u00f1uelo on the day of the excursion. They are not included in the price.<\/p>\n<p data-start=\"1749\" data-end=\"1853\"><strong data-start=\"1749\" data-end=\"1777\">Is it possible to bring food?<\/strong><br data-start=\"1777\" data-end=\"1780\" \/>Yes, you can bring your own lunch or buy something on the ship or at the inns.<\/p>\n<p data-start=\"1855\" data-end=\"1953\"><strong data-start=\"1855\" data-end=\"1886\">Is it a demanding excursion?<\/strong><br data-start=\"1886\" data-end=\"1889\" \/>No, it is a simple hike, designed for all types of public.<\/p>","protected":false},"excerpt":{"rendered":"<p>Discover an exclusive journey to <strong>Victoria Island<\/strong> and the <strong>Arrayanes Forest<\/strong>, where the majesty of the Patagonian nature meets the comfort of a transfer included. Navigate through unique landscapes and walk along trails that connect you with the history and natural beauty of the region. Come and experience the adventure you always dreamed of!<\/p>","protected":false},"featured_media":377677,"comment_status":"open","ping_status":"closed","template":"","meta":[],"product_brand":[],"product_cat":[37,41,42,51,52,46,48,54],"product_tag":[],"class_list":{"0":"post-377155","1":"product","2":"type-product","3":"status-publish","4":"has-post-thumbnail","6":"product_cat-adultos","7":"product_cat-con-traslado","8":"product_cat-familia","9":"product_cat-jubilados","10":"product_cat-lacustre","11":"product_cat-ninos","12":"product_cat-sin-comida","13":"product_cat-todo-el-ano","15":"first","16":"instock","17":"virtual","18":"sold-individually","19":"purchasable","20":"product-type-booking"},"booking_location":"","booking_location_type":"","booking_duration":60,"booking_duration_unit":"minute","booking_buffer":0,"booking_cost":0,"booking_resources":[],"exclude_global_add_ons":false,"addons":[{"name":"ADU | Adult","type":"input_multiplier","position":0,"required":false,"title_format":"label","default":"","description_enable":false,"description":"","placeholder_enable":false,"placeholder":"","display":"select","restrictions_type":"any_text","adjust_price":true,"price":"158000","price_type":"quantity_based","restrictions":false,"min":"0","max":"0","options":[],"id":1773234582},{"name":"MEN512 | from 5 to 12","type":"input_multiplier","position":1,"required":false,"title_format":"label","default":"","description_enable":false,"description":"","placeholder_enable":false,"placeholder":"","display":"select","restrictions_type":"any_text","adjust_price":true,"price":"92000","price_type":"quantity_based","restrictions":false,"min":"0","max":"0","options":[],"id":1773234583},{"name":"ADUJ : Retired","type":"input_multiplier","position":2,"required":false,"title_format":"label","default":"","description_enable":false,"description":"","placeholder_enable":false,"placeholder":"","display":"select","restrictions_type":"any_text","adjust_price":true,"price":"92000","price_type":"quantity_based","restrictions":false,"min":"0","max":"0","options":[],"id":1773234584}],"yoast_head":"<!-- This site is optimized with the Yoast SEO Premium plugin v24.5 (Yoast SEO v24.8) - https:\/\/yoast.com\/wordpress\/plugins\/seo\/ -->\n<title>Explor\u00e1 Isla Victoria y el Bosque de Arrayanes al mejor precio- con Traslado - Turismo en Patagonia Bariloche<\/title>\n<meta name=\"description\" content=\"Excursi\u00f3n econ\u00f3mica a Isla Victoria y Bosque de Arrayanes. Incluye navegaci\u00f3n y caminata guiada. Ideal para disfrutar la Patagonia sin gastar de m\u00e1s.\" \/>\n<meta name=\"robots\" content=\"index, follow, max-snippet:-1, max-image-preview:large, max-video-preview:-1\" \/>\n<link rel=\"canonical\" href=\"https:\/\/turismopatagonia.ar\/en\/product\/victoria-island-and-arrayanes-forest-with-transfer\/\" \/>\n<meta property=\"og:locale\" content=\"en_US\" \/>\n<meta property=\"og:type\" content=\"article\" \/>\n<meta property=\"og:title\" content=\"Explor\u00e1 Isla Victoria y el Bosque de Arrayanes al mejor precio- con Traslado\" \/>\n<meta property=\"og:description\" content=\"Excursi\u00f3n econ\u00f3mica a Isla Victoria y Bosque de Arrayanes. Incluye navegaci\u00f3n y caminata guiada. Ideal para disfrutar la Patagonia sin gastar de m\u00e1s.\" \/>\n<meta property=\"og:url\" content=\"https:\/\/turismopatagonia.ar\/en\/product\/victoria-island-and-arrayanes-forest-with-transfer\/\" \/>\n<meta property=\"og:site_name\" content=\"Turismo en Patagonia Bariloche\" \/>\n<meta property=\"article:modified_time\" content=\"2026-04-08T19:30:55+00:00\" \/>\n<meta property=\"og:image\" content=\"https:\/\/turismopatagonia.ar\/wp-content\/uploads\/2025\/04\/6-C-IMG_0348-scaled.jpg\" \/>\n\t<meta property=\"og:image:width\" content=\"1920\" \/>\n\t<meta property=\"og:image:height\" content=\"2560\" \/>\n\t<meta property=\"og:image:type\" content=\"image\/jpeg\" \/>\n<meta name=\"twitter:card\" content=\"summary_large_image\" \/>\n<meta name=\"twitter:label1\" content=\"Price\" \/>\n\t<meta name=\"twitter:data1\" content=\"&#036;&nbsp;158.000,00\" \/>\n\t<meta name=\"twitter:label2\" content=\"Availability\" \/>\n\t<meta name=\"twitter:data2\" content=\"In stock\" \/>\n<script type=\"application\/ld+json\" class=\"yoast-schema-graph\">{\"@context\":\"https:\/\/schema.org\",\"@graph\":[{\"@type\":[\"WebPage\",\"ItemPage\"],\"@id\":\"https:\/\/turismopatagonia.ar\/product\/isla-victoria-y-bosque-de-arrayanes-con-traslado\",\"url\":\"https:\/\/turismopatagonia.ar\/product\/isla-victoria-y-bosque-de-arrayanes-con-traslado\",\"name\":\"Explor\u00e1 Isla Victoria y el Bosque de Arrayanes al mejor precio- con Traslado - Turismo en Patagonia Bariloche\",\"isPartOf\":{\"@id\":\"https:\/\/turismopatagonia.ar\/#website\"},\"primaryImageOfPage\":{\"@id\":\"https:\/\/turismopatagonia.ar\/product\/isla-victoria-y-bosque-de-arrayanes-con-traslado#primaryimage\"},\"image\":{\"@id\":\"https:\/\/turismopatagonia.ar\/product\/isla-victoria-y-bosque-de-arrayanes-con-traslado#primaryimage\"},\"thumbnailUrl\":\"https:\/\/turismopatagonia.ar\/wp-content\/uploads\/2025\/04\/6-C-IMG_0348-scaled.jpg\",\"datePublished\":\"2025-04-12T21:08:13+00:00\",\"dateModified\":\"2026-04-08T19:30:55+00:00\",\"description\":\"Excursi\u00f3n econ\u00f3mica a Isla Victoria y Bosque de Arrayanes. Incluye navegaci\u00f3n y caminata guiada. Ideal para disfrutar la Patagonia sin gastar de m\u00e1s.\",\"breadcrumb\":{\"@id\":\"https:\/\/turismopatagonia.ar\/product\/isla-victoria-y-bosque-de-arrayanes-con-traslado#breadcrumb\"},\"inLanguage\":\"en-US\",\"potentialAction\":[{\"@type\":\"ReadAction\",\"target\":[\"https:\/\/turismopatagonia.ar\/product\/isla-victoria-y-bosque-de-arrayanes-con-traslado\"]}]},{\"@type\":\"ImageObject\",\"inLanguage\":\"en-US\",\"@id\":\"https:\/\/turismopatagonia.ar\/product\/isla-victoria-y-bosque-de-arrayanes-con-traslado#primaryimage\",\"url\":\"https:\/\/turismopatagonia.ar\/wp-content\/uploads\/2025\/04\/6-C-IMG_0348-scaled.jpg\",\"contentUrl\":\"https:\/\/turismopatagonia.ar\/wp-content\/uploads\/2025\/04\/6-C-IMG_0348-scaled.jpg\",\"width\":1920,\"height\":2560},{\"@type\":\"BreadcrumbList\",\"@id\":\"https:\/\/turismopatagonia.ar\/product\/isla-victoria-y-bosque-de-arrayanes-con-traslado#breadcrumb\",\"itemListElement\":[{\"@type\":\"ListItem\",\"position\":1,\"name\":\"Home\",\"item\":\"https:\/\/turismopatagonia.ar\/\"},{\"@type\":\"ListItem\",\"position\":2,\"name\":\"Shop\",\"item\":\"https:\/\/turismopatagonia.ar\/shop\"},{\"@type\":\"ListItem\",\"position\":3,\"name\":\"Explor\u00e1 Isla Victoria y el Bosque de Arrayanes al mejor precio- con Traslado\"}]},{\"@type\":\"WebSite\",\"@id\":\"https:\/\/turismopatagonia.ar\/#website\",\"url\":\"https:\/\/turismopatagonia.ar\/\",\"name\":\"Turismo en Patagonia Bariloche\",\"description\":\"Descubre la belleza de la Patagonia: gu\u00edas, actividades y destinos tur\u00edsticos en Bariloche y alrededores.\",\"publisher\":{\"@id\":\"https:\/\/turismopatagonia.ar\/#organization\"},\"potentialAction\":[{\"@type\":\"SearchAction\",\"target\":{\"@type\":\"EntryPoint\",\"urlTemplate\":\"https:\/\/turismopatagonia.ar\/?s={search_term_string}\"},\"query-input\":{\"@type\":\"PropertyValueSpecification\",\"valueRequired\":true,\"valueName\":\"search_term_string\"}}],\"inLanguage\":\"en-US\"},{\"@type\":\"Organization\",\"@id\":\"https:\/\/turismopatagonia.ar\/#organization\",\"name\":\"Turismo en Patagonia Bariloche\",\"url\":\"https:\/\/turismopatagonia.ar\/\",\"logo\":{\"@type\":\"ImageObject\",\"inLanguage\":\"en-US\",\"@id\":\"https:\/\/turismopatagonia.ar\/#\/schema\/logo\/image\/\",\"url\":\"https:\/\/turismopatagonia.ar\/wp-content\/uploads\/2023\/04\/logo-tirismo-copia.png\",\"contentUrl\":\"https:\/\/turismopatagonia.ar\/wp-content\/uploads\/2023\/04\/logo-tirismo-copia.png\",\"width\":270,\"height\":100,\"caption\":\"Turismo en Patagonia Bariloche\"},\"image\":{\"@id\":\"https:\/\/turismopatagonia.ar\/#\/schema\/logo\/image\/\"}}]}<\/script>\n<meta property=\"product:price:amount\" content=\"158000.00\" \/>\n<meta property=\"product:price:currency\" content=\"ARS\" \/>\n<meta property=\"og:availability\" content=\"instock\" \/>\n<meta property=\"product:availability\" content=\"instock\" \/>\n<meta property=\"product:retailer_item_id\" content=\"ADV2025ISVIYBMX11\" \/>\n<meta property=\"product:condition\" content=\"new\" \/>\n<!-- \/ Yoast SEO Premium plugin. -->","yoast_head_json":{"title":"Explore Victoria Island and the Arrayanes Forest at the best price- with Transfer - Tourism in Patagonia Bariloche","description":"Economic excursion to Victoria Island and Arrayanes Forest. Includes navigation and guided hike. Ideal to enjoy Patagonia without overspending.","robots":{"index":"index","follow":"follow","max-snippet":"max-snippet:-1","max-image-preview":"max-image-preview:large","max-video-preview":"max-video-preview:-1"},"canonical":"https:\/\/turismopatagonia.ar\/en\/product\/victoria-island-and-arrayanes-forest-with-transfer\/","og_locale":"en_US","og_type":"article","og_title":"Explor\u00e1 Isla Victoria y el Bosque de Arrayanes al mejor precio- con Traslado","og_description":"Excursi\u00f3n econ\u00f3mica a Isla Victoria y Bosque de Arrayanes. Incluye navegaci\u00f3n y caminata guiada. Ideal para disfrutar la Patagonia sin gastar de m\u00e1s.","og_url":"https:\/\/turismopatagonia.ar\/en\/product\/victoria-island-and-arrayanes-forest-with-transfer\/","og_site_name":"Turismo en Patagonia Bariloche","article_modified_time":"2026-04-08T19:30:55+00:00","og_image":[{"width":1920,"height":2560,"url":"https:\/\/turismopatagonia.ar\/wp-content\/uploads\/2025\/04\/6-C-IMG_0348-scaled.jpg","type":"image\/jpeg"}],"twitter_card":"summary_large_image","twitter_misc":{"Price":"&#36;&nbsp;158.000,00","Availability":"In stock"},"schema":{"@context":"https:\/\/schema.org","@graph":[{"@type":["WebPage","ItemPage"],"@id":"https:\/\/turismopatagonia.ar\/product\/isla-victoria-y-bosque-de-arrayanes-con-traslado","url":"https:\/\/turismopatagonia.ar\/product\/isla-victoria-y-bosque-de-arrayanes-con-traslado","name":"Explore Victoria Island and the Arrayanes Forest at the best price- with Transfer - Tourism in Patagonia Bariloche","isPartOf":{"@id":"https:\/\/turismopatagonia.ar\/#website"},"primaryImageOfPage":{"@id":"https:\/\/turismopatagonia.ar\/product\/isla-victoria-y-bosque-de-arrayanes-con-traslado#primaryimage"},"image":{"@id":"https:\/\/turismopatagonia.ar\/product\/isla-victoria-y-bosque-de-arrayanes-con-traslado#primaryimage"},"thumbnailUrl":"https:\/\/turismopatagonia.ar\/wp-content\/uploads\/2025\/04\/6-C-IMG_0348-scaled.jpg","datePublished":"2025-04-12T21:08:13+00:00","dateModified":"2026-04-08T19:30:55+00:00","description":"Economic excursion to Victoria Island and Arrayanes Forest. Includes navigation and guided hike. Ideal to enjoy Patagonia without overspending.","breadcrumb":{"@id":"https:\/\/turismopatagonia.ar\/product\/isla-victoria-y-bosque-de-arrayanes-con-traslado#breadcrumb"},"inLanguage":"en-US","potentialAction":[{"@type":"ReadAction","target":["https:\/\/turismopatagonia.ar\/product\/isla-victoria-y-bosque-de-arrayanes-con-traslado"]}]},{"@type":"ImageObject","inLanguage":"en-US","@id":"https:\/\/turismopatagonia.ar\/product\/isla-victoria-y-bosque-de-arrayanes-con-traslado#primaryimage","url":"https:\/\/turismopatagonia.ar\/wp-content\/uploads\/2025\/04\/6-C-IMG_0348-scaled.jpg","contentUrl":"https:\/\/turismopatagonia.ar\/wp-content\/uploads\/2025\/04\/6-C-IMG_0348-scaled.jpg","width":1920,"height":2560},{"@type":"BreadcrumbList","@id":"https:\/\/turismopatagonia.ar\/product\/isla-victoria-y-bosque-de-arrayanes-con-traslado#breadcrumb","itemListElement":[{"@type":"ListItem","position":1,"name":"Home","item":"https:\/\/turismopatagonia.ar\/"},{"@type":"ListItem","position":2,"name":"Shop","item":"https:\/\/turismopatagonia.ar\/shop"},{"@type":"ListItem","position":3,"name":"Explor\u00e1 Isla Victoria y el Bosque de Arrayanes al mejor precio- con Traslado"}]},{"@type":"WebSite","@id":"https:\/\/turismopatagonia.ar\/#website","url":"https:\/\/turismopatagonia.ar\/","name":"Tourism in Patagonia Bariloche","description":"Discover the beauty of Patagonia: guides, activities and tourist destinations in and around Bariloche.","publisher":{"@id":"https:\/\/turismopatagonia.ar\/#organization"},"potentialAction":[{"@type":"SearchAction","target":{"@type":"EntryPoint","urlTemplate":"https:\/\/turismopatagonia.ar\/?s={search_term_string}"},"query-input":{"@type":"PropertyValueSpecification","valueRequired":true,"valueName":"search_term_string"}}],"inLanguage":"en-US"},{"@type":"Organization","@id":"https:\/\/turismopatagonia.ar\/#organization","name":"Tourism in Patagonia Bariloche","url":"https:\/\/turismopatagonia.ar\/","logo":{"@type":"ImageObject","inLanguage":"en-US","@id":"https:\/\/turismopatagonia.ar\/#\/schema\/logo\/image\/","url":"https:\/\/turismopatagonia.ar\/wp-content\/uploads\/2023\/04\/logo-tirismo-copia.png","contentUrl":"https:\/\/turismopatagonia.ar\/wp-content\/uploads\/2023\/04\/logo-tirismo-copia.png","width":270,"height":100,"caption":"Turismo en Patagonia Bariloche"},"image":{"@id":"https:\/\/turismopatagonia.ar\/#\/schema\/logo\/image\/"}}]},"product_price_amount":"158000.00","product_price_currency":"ARS","og_availability":"instock","product_availability":"instock","product_retailer_item_id":"ADV2025ISVIYBMX11","product_condition":"new"},"_links":{"self":[{"href":"https:\/\/turismopatagonia.ar\/en\/wp-json\/wp\/v2\/product\/377155","targetHints":{"allow":["GET"]}}],"collection":[{"href":"https:\/\/turismopatagonia.ar\/en\/wp-json\/wp\/v2\/product"}],"about":[{"href":"https:\/\/turismopatagonia.ar\/en\/wp-json\/wp\/v2\/types\/product"}],"replies":[{"embeddable":true,"href":"https:\/\/turismopatagonia.ar\/en\/wp-json\/wp\/v2\/comments?post=377155"}],"wp:featuredmedia":[{"embeddable":true,"href":"https:\/\/turismopatagonia.ar\/en\/wp-json\/wp\/v2\/media\/377677"}],"wp:attachment":[{"href":"https:\/\/turismopatagonia.ar\/en\/wp-json\/wp\/v2\/media?parent=377155"}],"wp:term":[{"taxonomy":"product_brand","embeddable":true,"href":"https:\/\/turismopatagonia.ar\/en\/wp-json\/wp\/v2\/product_brand?post=377155"},{"taxonomy":"product_cat","embeddable":true,"href":"https:\/\/turismopatagonia.ar\/en\/wp-json\/wp\/v2\/product_cat?post=377155"},{"taxonomy":"product_tag","embeddable":true,"href":"https:\/\/turismopatagonia.ar\/en\/wp-json\/wp\/v2\/product_tag?post=377155"}],"curies":[{"name":"wp","href":"https:\/\/api.w.org\/{rel}","templated":true}]}}