{"id":377157,"date":"2025-04-12T18:08:45","date_gmt":"2025-04-12T21:08:45","guid":{"rendered":"https:\/\/turismopatagonia.ar\/?post_type=product&#038;p=377157"},"modified":"2026-04-08T16:28:52","modified_gmt":"2026-04-08T19:28:52","slug":"puerto-blest-cascada-los-cantaros-lago-frias-traslado","status":"publish","type":"product","link":"https:\/\/turismopatagonia.ar\/en\/product\/puerto-blest-waterfall-los-cantaros-frias-lake-transfer","title":{"rendered":"Visit Puerto Blest and Lago Frias with transfer included."},"content":{"rendered":"<h3 data-start=\"486\" data-end=\"560\">Travel in comfort and enjoy two Patagonian navigations in the same day.<\/h3>\n<p data-start=\"561\" data-end=\"777\">This excursion takes you to two of the most impressive places in the Nahuel Huapi National Park, with <strong data-start=\"668\" data-end=\"721\">transfer included from fixed points in Bariloche<\/strong> (between downtown and km 8 of Bustillo or Pioneros Avenue).<\/p>\n<p data-start=\"779\" data-end=\"1079\">We leave at <strong data-start=\"793\" data-end=\"804\">8:30 a.m.<\/strong> heading for <strong data-start=\"813\" data-end=\"831\">Puerto Pa\u00f1uelo<\/strong>, where we take the catamaran to cross the <strong data-start=\"875\" data-end=\"890\">Blest Arm<\/strong> Nahuel Huapi Lake. Arriving at <strong data-start=\"926\" data-end=\"942\">Puerto Blest<\/strong>, a second navigation continues on the <strong data-start=\"983\" data-end=\"997\">Lake Frias<\/strong>, famous for its green color, a product of the melting glacier of the <strong data-start=\"1060\" data-end=\"1078\">Cerro Tronador<\/strong>.<\/p>\n<p data-start=\"1081\" data-end=\"1397\">You will also be able to hike to the <strong data-start=\"1128\" data-end=\"1152\">Los C\u00e1ntaros Waterfall<\/strong>, The trail is an easy path through the forest and along walkways. The entire excursion includes a guide in Spanish, with clear explanations about the landscapes and the history of the place. The return is scheduled around <strong data-start=\"1351\" data-end=\"1363\">5:30 p.m.<\/strong>, directly to the point of departure.<\/p>\n<h3 data-start=\"1404\" data-end=\"1430\">Frequently Asked Questions<\/h3>\n<p data-start=\"1431\" data-end=\"1549\"><strong data-start=\"1431\" data-end=\"1459\">Looking for me around the hotel?<\/strong><br data-start=\"1459\" data-end=\"1462\" \/>No, the transfer is from pre-established meeting points between the center and km 8.<\/p>\n<p data-start=\"1551\" data-end=\"1678\"><strong data-start=\"1551\" data-end=\"1574\">What is included?<\/strong><br data-start=\"1574\" data-end=\"1577\" \/>Round trip transfer, navigation to Puerto Blest and Lago Frias, optional hike to the waterfall and guide.<\/p>\n<p data-start=\"1680\" data-end=\"1790\"><strong data-start=\"1680\" data-end=\"1712\">What do I have to pay separately?<\/strong><br data-start=\"1712\" data-end=\"1715\" \/>National Park entrance fees, boarding fee and meals.<\/p>\n<p data-start=\"1792\" data-end=\"1880\"><strong data-start=\"1792\" data-end=\"1817\">Can I bring food?<\/strong><br data-start=\"1817\" data-end=\"1820\" \/>Yes, or you can also eat at the restaurant in Puerto Blest.<\/p>","protected":false},"excerpt":{"rendered":"<p data-start=\"2124\" data-end=\"2309\">Departure at 8:30 am from meeting point in Bariloche. Navigation to Puerto Blest and Lago Frias, optional hike to the waterfall and guide. Return 18:00 hs. Clear option and without turns.<\/p>","protected":false},"featured_media":377693,"comment_status":"open","ping_status":"closed","template":"","meta":[],"product_brand":[],"product_cat":[37,41,42,51,52,46,48,54],"product_tag":[],"class_list":{"0":"post-377157","1":"product","2":"type-product","3":"status-publish","4":"has-post-thumbnail","6":"product_cat-adultos","7":"product_cat-con-traslado","8":"product_cat-familia","9":"product_cat-jubilados","10":"product_cat-lacustre","11":"product_cat-ninos","12":"product_cat-sin-comida","13":"product_cat-todo-el-ano","15":"first","16":"instock","17":"virtual","18":"sold-individually","19":"purchasable","20":"product-type-booking"},"booking_location":"","booking_location_type":"","booking_duration":60,"booking_duration_unit":"minute","booking_buffer":0,"booking_cost":0,"booking_resources":[],"exclude_global_add_ons":false,"addons":[{"name":"ADU | Adult","type":"input_multiplier","position":0,"required":true,"title_format":"label","default":"","description_enable":false,"description":"","placeholder_enable":false,"placeholder":"","display":"select","restrictions_type":"any_text","adjust_price":true,"price":"212000","price_type":"quantity_based","restrictions":false,"min":"0","max":"0","options":[],"id":1773233993},{"name":"MEN512 | from 5 to 12","type":"input_multiplier","position":1,"required":false,"title_format":"label","default":"","description_enable":false,"description":"","placeholder_enable":false,"placeholder":"","display":"select","restrictions_type":"any_text","adjust_price":true,"price":"119000","price_type":"quantity_based","restrictions":false,"min":"0","max":"0","options":[],"id":1773233994},{"name":"ADUJ : Retired","type":"input_multiplier","position":2,"required":false,"title_format":"label","default":"","description_enable":false,"description":"","placeholder_enable":false,"placeholder":"","display":"select","restrictions_type":"any_text","adjust_price":true,"price":"119000","price_type":"quantity_based","restrictions":false,"min":"0","max":"0","options":[],"id":1773233995}],"yoast_head":"<!-- This site is optimized with the Yoast SEO Premium plugin v24.5 (Yoast SEO v24.8) - https:\/\/yoast.com\/wordpress\/plugins\/seo\/ -->\n<title>Conoc\u00e9 Puerto Blest y Lago Fr\u00edas con traslado incluido - Turismo en Patagonia Bariloche<\/title>\n<meta name=\"description\" content=\"Excursi\u00f3n a Puerto Blest y Lago Fr\u00edas con traslado desde puntos fijos de Bariloche. Incluye navegaciones, gu\u00eda y caminata. Ideal para una salida c\u00f3moda y accesible.\" \/>\n<meta name=\"robots\" content=\"index, follow, max-snippet:-1, max-image-preview:large, max-video-preview:-1\" \/>\n<link rel=\"canonical\" href=\"https:\/\/turismopatagonia.ar\/en\/product\/puerto-blest-waterfall-los-cantaros-frias-lake-transfer\/\" \/>\n<meta property=\"og:locale\" content=\"en_US\" \/>\n<meta property=\"og:type\" content=\"article\" \/>\n<meta property=\"og:title\" content=\"Conoc\u00e9 Puerto Blest y Lago Fr\u00edas con traslado incluido\" \/>\n<meta property=\"og:description\" content=\"Excursi\u00f3n a Puerto Blest y Lago Fr\u00edas con traslado desde puntos fijos de Bariloche. Incluye navegaciones, gu\u00eda y caminata. Ideal para una salida c\u00f3moda y accesible.\" \/>\n<meta property=\"og:url\" content=\"https:\/\/turismopatagonia.ar\/en\/product\/puerto-blest-waterfall-los-cantaros-frias-lake-transfer\/\" \/>\n<meta property=\"og:site_name\" content=\"Turismo en Patagonia Bariloche\" \/>\n<meta property=\"article:modified_time\" content=\"2026-04-08T19:28:52+00:00\" \/>\n<meta property=\"og:image\" content=\"https:\/\/turismopatagonia.ar\/wp-content\/uploads\/2025\/04\/12-B-492045882_1127476386076881_2355391693978548889_n-scaled.jpg\" \/>\n\t<meta property=\"og:image:width\" content=\"1920\" \/>\n\t<meta property=\"og:image:height\" content=\"2560\" \/>\n\t<meta property=\"og:image:type\" content=\"image\/jpeg\" \/>\n<meta name=\"twitter:card\" content=\"summary_large_image\" \/>\n<meta name=\"twitter:label1\" content=\"Price\" \/>\n\t<meta name=\"twitter:data1\" content=\"&#036;&nbsp;212.000,00\" \/>\n\t<meta name=\"twitter:label2\" content=\"Availability\" \/>\n\t<meta name=\"twitter:data2\" content=\"In stock\" \/>\n<script type=\"application\/ld+json\" class=\"yoast-schema-graph\">{\"@context\":\"https:\/\/schema.org\",\"@graph\":[{\"@type\":[\"WebPage\",\"ItemPage\"],\"@id\":\"https:\/\/turismopatagonia.ar\/product\/puerto-blest-cascada-los-cantaros-lago-frias-traslado\",\"url\":\"https:\/\/turismopatagonia.ar\/product\/puerto-blest-cascada-los-cantaros-lago-frias-traslado\",\"name\":\"Conoc\u00e9 Puerto Blest y Lago Fr\u00edas con traslado incluido - Turismo en Patagonia Bariloche\",\"isPartOf\":{\"@id\":\"https:\/\/turismopatagonia.ar\/#website\"},\"primaryImageOfPage\":{\"@id\":\"https:\/\/turismopatagonia.ar\/product\/puerto-blest-cascada-los-cantaros-lago-frias-traslado#primaryimage\"},\"image\":{\"@id\":\"https:\/\/turismopatagonia.ar\/product\/puerto-blest-cascada-los-cantaros-lago-frias-traslado#primaryimage\"},\"thumbnailUrl\":\"https:\/\/turismopatagonia.ar\/wp-content\/uploads\/2025\/04\/12-B-492045882_1127476386076881_2355391693978548889_n-scaled.jpg\",\"datePublished\":\"2025-04-12T21:08:45+00:00\",\"dateModified\":\"2026-04-08T19:28:52+00:00\",\"description\":\"Excursi\u00f3n a Puerto Blest y Lago Fr\u00edas con traslado desde puntos fijos de Bariloche. Incluye navegaciones, gu\u00eda y caminata. Ideal para una salida c\u00f3moda y accesible.\",\"breadcrumb\":{\"@id\":\"https:\/\/turismopatagonia.ar\/product\/puerto-blest-cascada-los-cantaros-lago-frias-traslado#breadcrumb\"},\"inLanguage\":\"en-US\",\"potentialAction\":[{\"@type\":\"ReadAction\",\"target\":[\"https:\/\/turismopatagonia.ar\/product\/puerto-blest-cascada-los-cantaros-lago-frias-traslado\"]}]},{\"@type\":\"ImageObject\",\"inLanguage\":\"en-US\",\"@id\":\"https:\/\/turismopatagonia.ar\/product\/puerto-blest-cascada-los-cantaros-lago-frias-traslado#primaryimage\",\"url\":\"https:\/\/turismopatagonia.ar\/wp-content\/uploads\/2025\/04\/12-B-492045882_1127476386076881_2355391693978548889_n-scaled.jpg\",\"contentUrl\":\"https:\/\/turismopatagonia.ar\/wp-content\/uploads\/2025\/04\/12-B-492045882_1127476386076881_2355391693978548889_n-scaled.jpg\",\"width\":1920,\"height\":2560},{\"@type\":\"BreadcrumbList\",\"@id\":\"https:\/\/turismopatagonia.ar\/product\/puerto-blest-cascada-los-cantaros-lago-frias-traslado#breadcrumb\",\"itemListElement\":[{\"@type\":\"ListItem\",\"position\":1,\"name\":\"Home\",\"item\":\"https:\/\/turismopatagonia.ar\/\"},{\"@type\":\"ListItem\",\"position\":2,\"name\":\"Shop\",\"item\":\"https:\/\/turismopatagonia.ar\/shop\"},{\"@type\":\"ListItem\",\"position\":3,\"name\":\"Conoc\u00e9 Puerto Blest y Lago Fr\u00edas con traslado incluido\"}]},{\"@type\":\"WebSite\",\"@id\":\"https:\/\/turismopatagonia.ar\/#website\",\"url\":\"https:\/\/turismopatagonia.ar\/\",\"name\":\"Turismo en Patagonia Bariloche\",\"description\":\"Descubre la belleza de la Patagonia: gu\u00edas, actividades y destinos tur\u00edsticos en Bariloche y alrededores.\",\"publisher\":{\"@id\":\"https:\/\/turismopatagonia.ar\/#organization\"},\"potentialAction\":[{\"@type\":\"SearchAction\",\"target\":{\"@type\":\"EntryPoint\",\"urlTemplate\":\"https:\/\/turismopatagonia.ar\/?s={search_term_string}\"},\"query-input\":{\"@type\":\"PropertyValueSpecification\",\"valueRequired\":true,\"valueName\":\"search_term_string\"}}],\"inLanguage\":\"en-US\"},{\"@type\":\"Organization\",\"@id\":\"https:\/\/turismopatagonia.ar\/#organization\",\"name\":\"Turismo en Patagonia Bariloche\",\"url\":\"https:\/\/turismopatagonia.ar\/\",\"logo\":{\"@type\":\"ImageObject\",\"inLanguage\":\"en-US\",\"@id\":\"https:\/\/turismopatagonia.ar\/#\/schema\/logo\/image\/\",\"url\":\"https:\/\/turismopatagonia.ar\/wp-content\/uploads\/2023\/04\/logo-tirismo-copia.png\",\"contentUrl\":\"https:\/\/turismopatagonia.ar\/wp-content\/uploads\/2023\/04\/logo-tirismo-copia.png\",\"width\":270,\"height\":100,\"caption\":\"Turismo en Patagonia Bariloche\"},\"image\":{\"@id\":\"https:\/\/turismopatagonia.ar\/#\/schema\/logo\/image\/\"}}]}<\/script>\n<meta property=\"product:price:amount\" content=\"212000.00\" \/>\n<meta property=\"product:price:currency\" content=\"ARS\" \/>\n<meta property=\"og:availability\" content=\"instock\" \/>\n<meta property=\"product:availability\" content=\"instock\" \/>\n<meta property=\"product:retailer_item_id\" content=\"ADV2025PUBLYC9CR1\" \/>\n<meta property=\"product:condition\" content=\"new\" \/>\n<!-- \/ Yoast SEO Premium plugin. -->","yoast_head_json":{"title":"Visit Puerto Blest and Lake Frias with transfer included - Turismo en Patagonia Bariloche","description":"Excursion to Puerto Blest and Lago Frias with transfer from fixed points in Bariloche. Includes navigation, guide and hike. Ideal for a comfortable and accessible outing.","robots":{"index":"index","follow":"follow","max-snippet":"max-snippet:-1","max-image-preview":"max-image-preview:large","max-video-preview":"max-video-preview:-1"},"canonical":"https:\/\/turismopatagonia.ar\/en\/product\/puerto-blest-waterfall-los-cantaros-frias-lake-transfer\/","og_locale":"en_US","og_type":"article","og_title":"Conoc\u00e9 Puerto Blest y Lago Fr\u00edas con traslado incluido","og_description":"Excursi\u00f3n a Puerto Blest y Lago Fr\u00edas con traslado desde puntos fijos de Bariloche. Incluye navegaciones, gu\u00eda y caminata. Ideal para una salida c\u00f3moda y accesible.","og_url":"https:\/\/turismopatagonia.ar\/en\/product\/puerto-blest-waterfall-los-cantaros-frias-lake-transfer\/","og_site_name":"Turismo en Patagonia Bariloche","article_modified_time":"2026-04-08T19:28:52+00:00","og_image":[{"width":1920,"height":2560,"url":"https:\/\/turismopatagonia.ar\/wp-content\/uploads\/2025\/04\/12-B-492045882_1127476386076881_2355391693978548889_n-scaled.jpg","type":"image\/jpeg"}],"twitter_card":"summary_large_image","twitter_misc":{"Price":"&#36;&nbsp;212.000,00","Availability":"In stock"},"schema":{"@context":"https:\/\/schema.org","@graph":[{"@type":["WebPage","ItemPage"],"@id":"https:\/\/turismopatagonia.ar\/product\/puerto-blest-cascada-los-cantaros-lago-frias-traslado","url":"https:\/\/turismopatagonia.ar\/product\/puerto-blest-cascada-los-cantaros-lago-frias-traslado","name":"Visit Puerto Blest and Lake Frias with transfer included - Turismo en Patagonia Bariloche","isPartOf":{"@id":"https:\/\/turismopatagonia.ar\/#website"},"primaryImageOfPage":{"@id":"https:\/\/turismopatagonia.ar\/product\/puerto-blest-cascada-los-cantaros-lago-frias-traslado#primaryimage"},"image":{"@id":"https:\/\/turismopatagonia.ar\/product\/puerto-blest-cascada-los-cantaros-lago-frias-traslado#primaryimage"},"thumbnailUrl":"https:\/\/turismopatagonia.ar\/wp-content\/uploads\/2025\/04\/12-B-492045882_1127476386076881_2355391693978548889_n-scaled.jpg","datePublished":"2025-04-12T21:08:45+00:00","dateModified":"2026-04-08T19:28:52+00:00","description":"Excursion to Puerto Blest and Lago Frias with transfer from fixed points in Bariloche. Includes navigation, guide and hike. Ideal for a comfortable and accessible outing.","breadcrumb":{"@id":"https:\/\/turismopatagonia.ar\/product\/puerto-blest-cascada-los-cantaros-lago-frias-traslado#breadcrumb"},"inLanguage":"en-US","potentialAction":[{"@type":"ReadAction","target":["https:\/\/turismopatagonia.ar\/product\/puerto-blest-cascada-los-cantaros-lago-frias-traslado"]}]},{"@type":"ImageObject","inLanguage":"en-US","@id":"https:\/\/turismopatagonia.ar\/product\/puerto-blest-cascada-los-cantaros-lago-frias-traslado#primaryimage","url":"https:\/\/turismopatagonia.ar\/wp-content\/uploads\/2025\/04\/12-B-492045882_1127476386076881_2355391693978548889_n-scaled.jpg","contentUrl":"https:\/\/turismopatagonia.ar\/wp-content\/uploads\/2025\/04\/12-B-492045882_1127476386076881_2355391693978548889_n-scaled.jpg","width":1920,"height":2560},{"@type":"BreadcrumbList","@id":"https:\/\/turismopatagonia.ar\/product\/puerto-blest-cascada-los-cantaros-lago-frias-traslado#breadcrumb","itemListElement":[{"@type":"ListItem","position":1,"name":"Home","item":"https:\/\/turismopatagonia.ar\/"},{"@type":"ListItem","position":2,"name":"Shop","item":"https:\/\/turismopatagonia.ar\/shop"},{"@type":"ListItem","position":3,"name":"Conoc\u00e9 Puerto Blest y Lago Fr\u00edas con traslado incluido"}]},{"@type":"WebSite","@id":"https:\/\/turismopatagonia.ar\/#website","url":"https:\/\/turismopatagonia.ar\/","name":"Tourism in Patagonia Bariloche","description":"Discover the beauty of Patagonia: guides, activities and tourist destinations in and around Bariloche.","publisher":{"@id":"https:\/\/turismopatagonia.ar\/#organization"},"potentialAction":[{"@type":"SearchAction","target":{"@type":"EntryPoint","urlTemplate":"https:\/\/turismopatagonia.ar\/?s={search_term_string}"},"query-input":{"@type":"PropertyValueSpecification","valueRequired":true,"valueName":"search_term_string"}}],"inLanguage":"en-US"},{"@type":"Organization","@id":"https:\/\/turismopatagonia.ar\/#organization","name":"Tourism in Patagonia Bariloche","url":"https:\/\/turismopatagonia.ar\/","logo":{"@type":"ImageObject","inLanguage":"en-US","@id":"https:\/\/turismopatagonia.ar\/#\/schema\/logo\/image\/","url":"https:\/\/turismopatagonia.ar\/wp-content\/uploads\/2023\/04\/logo-tirismo-copia.png","contentUrl":"https:\/\/turismopatagonia.ar\/wp-content\/uploads\/2023\/04\/logo-tirismo-copia.png","width":270,"height":100,"caption":"Turismo en Patagonia Bariloche"},"image":{"@id":"https:\/\/turismopatagonia.ar\/#\/schema\/logo\/image\/"}}]},"product_price_amount":"212000.00","product_price_currency":"ARS","og_availability":"instock","product_availability":"instock","product_retailer_item_id":"ADV2025PUBLYC9CR1","product_condition":"new"},"_links":{"self":[{"href":"https:\/\/turismopatagonia.ar\/en\/wp-json\/wp\/v2\/product\/377157","targetHints":{"allow":["GET"]}}],"collection":[{"href":"https:\/\/turismopatagonia.ar\/en\/wp-json\/wp\/v2\/product"}],"about":[{"href":"https:\/\/turismopatagonia.ar\/en\/wp-json\/wp\/v2\/types\/product"}],"replies":[{"embeddable":true,"href":"https:\/\/turismopatagonia.ar\/en\/wp-json\/wp\/v2\/comments?post=377157"}],"wp:featuredmedia":[{"embeddable":true,"href":"https:\/\/turismopatagonia.ar\/en\/wp-json\/wp\/v2\/media\/377693"}],"wp:attachment":[{"href":"https:\/\/turismopatagonia.ar\/en\/wp-json\/wp\/v2\/media?parent=377157"}],"wp:term":[{"taxonomy":"product_brand","embeddable":true,"href":"https:\/\/turismopatagonia.ar\/en\/wp-json\/wp\/v2\/product_brand?post=377157"},{"taxonomy":"product_cat","embeddable":true,"href":"https:\/\/turismopatagonia.ar\/en\/wp-json\/wp\/v2\/product_cat?post=377157"},{"taxonomy":"product_tag","embeddable":true,"href":"https:\/\/turismopatagonia.ar\/en\/wp-json\/wp\/v2\/product_tag?post=377157"}],"curies":[{"name":"wp","href":"https:\/\/api.w.org\/{rel}","templated":true}]}}