{"id":377158,"date":"2025-04-12T18:08:59","date_gmt":"2025-04-12T21:08:59","guid":{"rendered":"https:\/\/turismopatagonia.ar\/?post_type=product&#038;p=377158"},"modified":"2026-04-08T16:30:26","modified_gmt":"2026-04-08T19:30:26","slug":"isla-victoria-bosque-arrayanes-sin-traslado","status":"publish","type":"product","link":"https:\/\/turismopatagonia.ar\/en\/product\/victoria-island-myrtle-forest-without-relocation","title":{"rendered":"Patagonian Nature at the Best Value: Victoria Island and Arrayanes Forest"},"content":{"rendered":"<h3 data-start=\"326\" data-end=\"369\">Discover Patagonia without overspending<\/h3>\n<p data-start=\"371\" data-end=\"693\">Connect with two of the most emblematic places in Bariloche through an accessible and organized excursion. This proposal allows you to sail the Nahuel Huapi Lake and visit the mythical Victoria Island and the Arrayanes Forest without transfer, ideal for those who drive their own vehicle or prefer economic alternatives.<\/p>\n<h3 data-start=\"700\" data-end=\"746\">Experience an unforgettable day in the open air<\/h3>\n<p data-start=\"748\" data-end=\"1012\">The tour starts directly in Puerto Pa\u00f1uelo, which you will reach by your own means. From there you will embark towards the Quetrihu\u00e9 peninsula, where you will find the famous Bosque de Arrayanes: cinnamon-colored bark trees growing in a fairytale environment.<\/p>\n<p data-start=\"1014\" data-end=\"1343\">The journey continues to Victoria Island, with well-marked trails, incredible views of the lake and the possibility of reaching Playa del Toro, known for its rock paintings and volcanic sand. The entire tour is guided, which allows you to learn about the flora, fauna and history of the place without paying extra.<\/p>\n<p data-start=\"1345\" data-end=\"1439\">An unmissable experience to live the natural Patagonia, well organized and at the best price.<\/p>\n<h3 data-start=\"1446\" data-end=\"1470\">Practical information<\/h3>\n<p data-start=\"1472\" data-end=\"1770\"><strong data-start=\"1472\" data-end=\"1485\">Schedules:<\/strong> From 13:00 to 18:30 hs.<br data-start=\"1505\" data-end=\"1508\" \/><strong data-start=\"1508\" data-end=\"1521\">Duration:<\/strong> Half day<br data-start=\"1531\" data-end=\"1534\" \/><strong data-start=\"1534\" data-end=\"1557\">Meeting point:<\/strong> Puerto Pa\u00f1uelo (Bustillo Av., km 25)<br data-start=\"1594\" data-end=\"1597\" \/><strong data-start=\"1597\" data-end=\"1609\">Includes:<\/strong> Navigation, guide on board, hike around Victoria Island and Arrayanes Forest.<br data-start=\"1684\" data-end=\"1687\" \/><strong data-start=\"1687\" data-end=\"1702\">Does not include:<\/strong> Transfer to the port, boarding fees and access to the park, meals, etc.<\/p>\n<h3 data-start=\"1777\" data-end=\"1799\">Want to know more?<\/h3>\n<p data-start=\"1801\" data-end=\"1947\"><strong data-start=\"1801\" data-end=\"1840\">How do you get to the starting point?<\/strong><br data-start=\"1840\" data-end=\"1843\" \/>The tour starts in Puerto Pa\u00f1uelo. You can get there by car, bus or bus from downtown Bariloche.<\/p>\n<p data-start=\"1949\" data-end=\"2123\"><strong data-start=\"1949\" data-end=\"2001\">What additional costs should be taken into account?<\/strong><br data-start=\"2001\" data-end=\"2004\" \/>You will need to pay at destination the boarding and entrance fees to the National Park, in cash and in Argentine pesos.<\/p>\n<p data-start=\"2125\" data-end=\"2278\"><strong data-start=\"2125\" data-end=\"2162\">Is there food during the excursion?<\/strong><br data-start=\"2162\" data-end=\"2165\" \/>Yes, there are options available on the ship and inns on the island. You can also bring something prepared in advance.<\/p>\n<p data-start=\"2280\" data-end=\"2445\"><strong data-start=\"2280\" data-end=\"2337\">Is this tour suitable for seniors or children?<\/strong><br data-start=\"2337\" data-end=\"2340\" \/>Yes, it is ideal for families, seniors or those looking for a quiet walk without physical difficulty.<\/p>","protected":false},"excerpt":{"rendered":"<p>Discover an unforgettable experience exploring the exclusivity of Victoria Island and the wonder of the Arrayanes Forest. Navigate the imposing Nahuel Huapi Lake and enjoy trails that merge history, nature and comfort in Patagonia.<\/p>","protected":false},"featured_media":377675,"comment_status":"open","ping_status":"closed","template":"","meta":[],"product_brand":[],"product_cat":[37,42,51,52,46,48,53,54],"product_tag":[],"class_list":{"0":"post-377158","1":"product","2":"type-product","3":"status-publish","4":"has-post-thumbnail","6":"product_cat-adultos","7":"product_cat-familia","8":"product_cat-jubilados","9":"product_cat-lacustre","10":"product_cat-ninos","11":"product_cat-sin-comida","12":"product_cat-sin-traslado","13":"product_cat-todo-el-ano","15":"first","16":"instock","17":"virtual","18":"sold-individually","19":"purchasable","20":"product-type-booking"},"booking_location":"","booking_location_type":"","booking_duration":60,"booking_duration_unit":"minute","booking_buffer":0,"booking_cost":0,"booking_resources":[],"exclude_global_add_ons":false,"addons":[{"name":"ADU | Adult","type":"input_multiplier","position":0,"required":false,"title_format":"label","default":"","description_enable":false,"description":"","placeholder_enable":false,"placeholder":"","display":"select","restrictions_type":"any_text","adjust_price":true,"price":"136000","price_type":"quantity_based","restrictions":false,"min":"0","max":"0","options":[],"id":1773233738},{"name":"MEN512 | from 5 to 12","type":"input_multiplier","position":1,"required":false,"title_format":"label","default":"","description_enable":false,"description":"","placeholder_enable":false,"placeholder":"","display":"select","restrictions_type":"any_text","adjust_price":true,"price":"70000","price_type":"quantity_based","restrictions":false,"min":"0","max":"0","options":[],"id":1773233739},{"name":"ADUJ : Retired","type":"input_multiplier","position":2,"required":false,"title_format":"label","default":"","description_enable":false,"description":"","placeholder_enable":false,"placeholder":"","display":"select","restrictions_type":"any_text","adjust_price":true,"price":"70000","price_type":"quantity_based","restrictions":false,"min":"0","max":"0","options":[],"id":1773233740}],"yoast_head":"<!-- This site is optimized with the Yoast SEO Premium plugin v24.5 (Yoast SEO v24.8) - https:\/\/yoast.com\/wordpress\/plugins\/seo\/ -->\n<title>Naturaleza Patag\u00f3nica al Mejor Valor: Isla Victoria y Bosque de Arrayanes - Turismo en Patagonia Bariloche<\/title>\n<meta name=\"description\" content=\"Excursi\u00f3n econ\u00f3mica a Isla Victoria y Bosque de Arrayanes sin traslado. Incluye navegaci\u00f3n y caminatas. Ideal para viajar bien sin pagar de m\u00e1s.\" \/>\n<meta name=\"robots\" content=\"index, follow, max-snippet:-1, max-image-preview:large, max-video-preview:-1\" \/>\n<link rel=\"canonical\" href=\"https:\/\/turismopatagonia.ar\/en\/product\/victoria-island-myrtle-forest-without-relocation\/\" \/>\n<meta property=\"og:locale\" content=\"en_US\" \/>\n<meta property=\"og:type\" content=\"article\" \/>\n<meta property=\"og:title\" content=\"Naturaleza Patag\u00f3nica al Mejor Valor: Isla Victoria y Bosque de Arrayanes\" \/>\n<meta property=\"og:description\" content=\"Excursi\u00f3n econ\u00f3mica a Isla Victoria y Bosque de Arrayanes sin traslado. Incluye navegaci\u00f3n y caminatas. Ideal para viajar bien sin pagar de m\u00e1s.\" \/>\n<meta property=\"og:url\" content=\"https:\/\/turismopatagonia.ar\/en\/product\/victoria-island-myrtle-forest-without-relocation\/\" \/>\n<meta property=\"og:site_name\" content=\"Turismo en Patagonia Bariloche\" \/>\n<meta property=\"article:modified_time\" content=\"2026-04-08T19:30:26+00:00\" \/>\n<meta property=\"og:image\" content=\"https:\/\/turismopatagonia.ar\/wp-content\/uploads\/2025\/04\/6-A-IMG_6175-scaled.jpg\" \/>\n\t<meta property=\"og:image:width\" content=\"1920\" \/>\n\t<meta property=\"og:image:height\" content=\"2560\" \/>\n\t<meta property=\"og:image:type\" content=\"image\/jpeg\" \/>\n<meta name=\"twitter:card\" content=\"summary_large_image\" \/>\n<meta name=\"twitter:label1\" content=\"Price\" \/>\n\t<meta name=\"twitter:data1\" content=\"&#036;&nbsp;163.200,00\" \/>\n\t<meta name=\"twitter:label2\" content=\"Availability\" \/>\n\t<meta name=\"twitter:data2\" content=\"In stock\" \/>\n<script type=\"application\/ld+json\" class=\"yoast-schema-graph\">{\"@context\":\"https:\/\/schema.org\",\"@graph\":[{\"@type\":[\"WebPage\",\"ItemPage\"],\"@id\":\"https:\/\/turismopatagonia.ar\/product\/isla-victoria-bosque-arrayanes-sin-traslado\",\"url\":\"https:\/\/turismopatagonia.ar\/product\/isla-victoria-bosque-arrayanes-sin-traslado\",\"name\":\"Naturaleza Patag\u00f3nica al Mejor Valor: Isla Victoria y Bosque de Arrayanes - Turismo en Patagonia Bariloche\",\"isPartOf\":{\"@id\":\"https:\/\/turismopatagonia.ar\/#website\"},\"primaryImageOfPage\":{\"@id\":\"https:\/\/turismopatagonia.ar\/product\/isla-victoria-bosque-arrayanes-sin-traslado#primaryimage\"},\"image\":{\"@id\":\"https:\/\/turismopatagonia.ar\/product\/isla-victoria-bosque-arrayanes-sin-traslado#primaryimage\"},\"thumbnailUrl\":\"https:\/\/turismopatagonia.ar\/wp-content\/uploads\/2025\/04\/6-A-IMG_6175-scaled.jpg\",\"datePublished\":\"2025-04-12T21:08:59+00:00\",\"dateModified\":\"2026-04-08T19:30:26+00:00\",\"description\":\"Excursi\u00f3n econ\u00f3mica a Isla Victoria y Bosque de Arrayanes sin traslado. Incluye navegaci\u00f3n y caminatas. Ideal para viajar bien sin pagar de m\u00e1s.\",\"breadcrumb\":{\"@id\":\"https:\/\/turismopatagonia.ar\/product\/isla-victoria-bosque-arrayanes-sin-traslado#breadcrumb\"},\"inLanguage\":\"en-US\",\"potentialAction\":[{\"@type\":\"ReadAction\",\"target\":[\"https:\/\/turismopatagonia.ar\/product\/isla-victoria-bosque-arrayanes-sin-traslado\"]}]},{\"@type\":\"ImageObject\",\"inLanguage\":\"en-US\",\"@id\":\"https:\/\/turismopatagonia.ar\/product\/isla-victoria-bosque-arrayanes-sin-traslado#primaryimage\",\"url\":\"https:\/\/turismopatagonia.ar\/wp-content\/uploads\/2025\/04\/6-A-IMG_6175-scaled.jpg\",\"contentUrl\":\"https:\/\/turismopatagonia.ar\/wp-content\/uploads\/2025\/04\/6-A-IMG_6175-scaled.jpg\",\"width\":1920,\"height\":2560},{\"@type\":\"BreadcrumbList\",\"@id\":\"https:\/\/turismopatagonia.ar\/product\/isla-victoria-bosque-arrayanes-sin-traslado#breadcrumb\",\"itemListElement\":[{\"@type\":\"ListItem\",\"position\":1,\"name\":\"Home\",\"item\":\"https:\/\/turismopatagonia.ar\/\"},{\"@type\":\"ListItem\",\"position\":2,\"name\":\"Shop\",\"item\":\"https:\/\/turismopatagonia.ar\/shop\"},{\"@type\":\"ListItem\",\"position\":3,\"name\":\"Naturaleza Patag\u00f3nica al Mejor Valor: Isla Victoria y Bosque de Arrayanes\"}]},{\"@type\":\"WebSite\",\"@id\":\"https:\/\/turismopatagonia.ar\/#website\",\"url\":\"https:\/\/turismopatagonia.ar\/\",\"name\":\"Turismo en Patagonia Bariloche\",\"description\":\"Descubre la belleza de la Patagonia: gu\u00edas, actividades y destinos tur\u00edsticos en Bariloche y alrededores.\",\"publisher\":{\"@id\":\"https:\/\/turismopatagonia.ar\/#organization\"},\"potentialAction\":[{\"@type\":\"SearchAction\",\"target\":{\"@type\":\"EntryPoint\",\"urlTemplate\":\"https:\/\/turismopatagonia.ar\/?s={search_term_string}\"},\"query-input\":{\"@type\":\"PropertyValueSpecification\",\"valueRequired\":true,\"valueName\":\"search_term_string\"}}],\"inLanguage\":\"en-US\"},{\"@type\":\"Organization\",\"@id\":\"https:\/\/turismopatagonia.ar\/#organization\",\"name\":\"Turismo en Patagonia Bariloche\",\"url\":\"https:\/\/turismopatagonia.ar\/\",\"logo\":{\"@type\":\"ImageObject\",\"inLanguage\":\"en-US\",\"@id\":\"https:\/\/turismopatagonia.ar\/#\/schema\/logo\/image\/\",\"url\":\"https:\/\/turismopatagonia.ar\/wp-content\/uploads\/2023\/04\/logo-tirismo-copia.png\",\"contentUrl\":\"https:\/\/turismopatagonia.ar\/wp-content\/uploads\/2023\/04\/logo-tirismo-copia.png\",\"width\":270,\"height\":100,\"caption\":\"Turismo en Patagonia Bariloche\"},\"image\":{\"@id\":\"https:\/\/turismopatagonia.ar\/#\/schema\/logo\/image\/\"}}]}<\/script>\n<meta property=\"product:price:amount\" content=\"163200.00\" \/>\n<meta property=\"product:price:currency\" content=\"ARS\" \/>\n<meta property=\"og:availability\" content=\"instock\" \/>\n<meta property=\"product:availability\" content=\"instock\" \/>\n<meta property=\"product:retailer_item_id\" content=\"ADV2025ISVIYB4A10\" \/>\n<meta property=\"product:condition\" content=\"new\" \/>\n<!-- \/ Yoast SEO Premium plugin. -->","yoast_head_json":{"title":"Patagonian Nature at the Best Value: Victoria Island and Arrayanes Forest - Patagonia Bariloche Tourist Bariloche","description":"Economic excursion to Victoria Island and Arrayanes Forest without transfer. Includes navigation and hiking. Ideal to travel well without overpaying.","robots":{"index":"index","follow":"follow","max-snippet":"max-snippet:-1","max-image-preview":"max-image-preview:large","max-video-preview":"max-video-preview:-1"},"canonical":"https:\/\/turismopatagonia.ar\/en\/product\/victoria-island-myrtle-forest-without-relocation\/","og_locale":"en_US","og_type":"article","og_title":"Naturaleza Patag\u00f3nica al Mejor Valor: Isla Victoria y Bosque de Arrayanes","og_description":"Excursi\u00f3n econ\u00f3mica a Isla Victoria y Bosque de Arrayanes sin traslado. Incluye navegaci\u00f3n y caminatas. Ideal para viajar bien sin pagar de m\u00e1s.","og_url":"https:\/\/turismopatagonia.ar\/en\/product\/victoria-island-myrtle-forest-without-relocation\/","og_site_name":"Turismo en Patagonia Bariloche","article_modified_time":"2026-04-08T19:30:26+00:00","og_image":[{"width":1920,"height":2560,"url":"https:\/\/turismopatagonia.ar\/wp-content\/uploads\/2025\/04\/6-A-IMG_6175-scaled.jpg","type":"image\/jpeg"}],"twitter_card":"summary_large_image","twitter_misc":{"Price":"&#36;&nbsp;163.200,00","Availability":"In stock"},"schema":{"@context":"https:\/\/schema.org","@graph":[{"@type":["WebPage","ItemPage"],"@id":"https:\/\/turismopatagonia.ar\/product\/isla-victoria-bosque-arrayanes-sin-traslado","url":"https:\/\/turismopatagonia.ar\/product\/isla-victoria-bosque-arrayanes-sin-traslado","name":"Patagonian Nature at the Best Value: Victoria Island and Arrayanes Forest - Patagonia Bariloche Tourist Bariloche","isPartOf":{"@id":"https:\/\/turismopatagonia.ar\/#website"},"primaryImageOfPage":{"@id":"https:\/\/turismopatagonia.ar\/product\/isla-victoria-bosque-arrayanes-sin-traslado#primaryimage"},"image":{"@id":"https:\/\/turismopatagonia.ar\/product\/isla-victoria-bosque-arrayanes-sin-traslado#primaryimage"},"thumbnailUrl":"https:\/\/turismopatagonia.ar\/wp-content\/uploads\/2025\/04\/6-A-IMG_6175-scaled.jpg","datePublished":"2025-04-12T21:08:59+00:00","dateModified":"2026-04-08T19:30:26+00:00","description":"Economic excursion to Victoria Island and Arrayanes Forest without transfer. Includes navigation and hiking. Ideal to travel well without overpaying.","breadcrumb":{"@id":"https:\/\/turismopatagonia.ar\/product\/isla-victoria-bosque-arrayanes-sin-traslado#breadcrumb"},"inLanguage":"en-US","potentialAction":[{"@type":"ReadAction","target":["https:\/\/turismopatagonia.ar\/product\/isla-victoria-bosque-arrayanes-sin-traslado"]}]},{"@type":"ImageObject","inLanguage":"en-US","@id":"https:\/\/turismopatagonia.ar\/product\/isla-victoria-bosque-arrayanes-sin-traslado#primaryimage","url":"https:\/\/turismopatagonia.ar\/wp-content\/uploads\/2025\/04\/6-A-IMG_6175-scaled.jpg","contentUrl":"https:\/\/turismopatagonia.ar\/wp-content\/uploads\/2025\/04\/6-A-IMG_6175-scaled.jpg","width":1920,"height":2560},{"@type":"BreadcrumbList","@id":"https:\/\/turismopatagonia.ar\/product\/isla-victoria-bosque-arrayanes-sin-traslado#breadcrumb","itemListElement":[{"@type":"ListItem","position":1,"name":"Home","item":"https:\/\/turismopatagonia.ar\/"},{"@type":"ListItem","position":2,"name":"Shop","item":"https:\/\/turismopatagonia.ar\/shop"},{"@type":"ListItem","position":3,"name":"Naturaleza Patag\u00f3nica al Mejor Valor: Isla Victoria y Bosque de Arrayanes"}]},{"@type":"WebSite","@id":"https:\/\/turismopatagonia.ar\/#website","url":"https:\/\/turismopatagonia.ar\/","name":"Tourism in Patagonia Bariloche","description":"Discover the beauty of Patagonia: guides, activities and tourist destinations in and around Bariloche.","publisher":{"@id":"https:\/\/turismopatagonia.ar\/#organization"},"potentialAction":[{"@type":"SearchAction","target":{"@type":"EntryPoint","urlTemplate":"https:\/\/turismopatagonia.ar\/?s={search_term_string}"},"query-input":{"@type":"PropertyValueSpecification","valueRequired":true,"valueName":"search_term_string"}}],"inLanguage":"en-US"},{"@type":"Organization","@id":"https:\/\/turismopatagonia.ar\/#organization","name":"Tourism in Patagonia Bariloche","url":"https:\/\/turismopatagonia.ar\/","logo":{"@type":"ImageObject","inLanguage":"en-US","@id":"https:\/\/turismopatagonia.ar\/#\/schema\/logo\/image\/","url":"https:\/\/turismopatagonia.ar\/wp-content\/uploads\/2023\/04\/logo-tirismo-copia.png","contentUrl":"https:\/\/turismopatagonia.ar\/wp-content\/uploads\/2023\/04\/logo-tirismo-copia.png","width":270,"height":100,"caption":"Turismo en Patagonia Bariloche"},"image":{"@id":"https:\/\/turismopatagonia.ar\/#\/schema\/logo\/image\/"}}]},"product_price_amount":"163200.00","product_price_currency":"ARS","og_availability":"instock","product_availability":"instock","product_retailer_item_id":"ADV2025ISVIYB4A10","product_condition":"new"},"_links":{"self":[{"href":"https:\/\/turismopatagonia.ar\/en\/wp-json\/wp\/v2\/product\/377158","targetHints":{"allow":["GET"]}}],"collection":[{"href":"https:\/\/turismopatagonia.ar\/en\/wp-json\/wp\/v2\/product"}],"about":[{"href":"https:\/\/turismopatagonia.ar\/en\/wp-json\/wp\/v2\/types\/product"}],"replies":[{"embeddable":true,"href":"https:\/\/turismopatagonia.ar\/en\/wp-json\/wp\/v2\/comments?post=377158"}],"wp:featuredmedia":[{"embeddable":true,"href":"https:\/\/turismopatagonia.ar\/en\/wp-json\/wp\/v2\/media\/377675"}],"wp:attachment":[{"href":"https:\/\/turismopatagonia.ar\/en\/wp-json\/wp\/v2\/media?parent=377158"}],"wp:term":[{"taxonomy":"product_brand","embeddable":true,"href":"https:\/\/turismopatagonia.ar\/en\/wp-json\/wp\/v2\/product_brand?post=377158"},{"taxonomy":"product_cat","embeddable":true,"href":"https:\/\/turismopatagonia.ar\/en\/wp-json\/wp\/v2\/product_cat?post=377158"},{"taxonomy":"product_tag","embeddable":true,"href":"https:\/\/turismopatagonia.ar\/en\/wp-json\/wp\/v2\/product_tag?post=377158"}],"curies":[{"name":"wp","href":"https:\/\/api.w.org\/{rel}","templated":true}]}}