{"id":377160,"date":"2025-04-12T18:09:31","date_gmt":"2025-04-12T21:09:31","guid":{"rendered":"https:\/\/turismopatagonia.ar\/?post_type=product&#038;p=377160"},"modified":"2026-04-08T16:29:32","modified_gmt":"2026-04-08T19:29:32","slug":"puerto-blest-cascada-cantaros-lago-frias-sin-traslado","status":"publish","type":"product","link":"https:\/\/turismopatagonia.ar\/en\/product\/puerto-blest-waterfall-cantaros-lake-frias-without-transfer","title":{"rendered":"Discovering Puerto Blest and Lago Frias on your own"},"content":{"rendered":"<h3 data-start=\"478\" data-end=\"554\">Ideal for those who move around on their own and want to make the most of the day.<\/h3>\n<p data-start=\"555\" data-end=\"876\">If you are traveling with your own mobility or if you are staying close to the <strong data-start=\"616\" data-end=\"634\">Puerto Pa\u00f1uelo<\/strong> (km 25 of Bustillo Av.), this option is perfect. You only need to show up at <strong data-start=\"718\" data-end=\"729\">9:00 a.m.<\/strong> at the dock to board a catamaran that will take you along the <strong data-start=\"795\" data-end=\"832\">Blest Arm of Lake Nahuel Huapi<\/strong>, surrounded by mountains and Patagonian forests.<\/p>\n<p data-start=\"878\" data-end=\"1180\">After the first stretch, you will embark again to cross the <strong data-start=\"939\" data-end=\"953\">Lake Frias<\/strong>, of green and calm waters, which reflect the glacial environment of the <strong data-start=\"1021\" data-end=\"1039\">Cerro Tronador<\/strong>. You also have the option of hiking up to the <strong data-start=\"1098\" data-end=\"1122\">Los C\u00e1ntaros Waterfall<\/strong>, a walkway trail that runs through the Valdivian rainforest.<\/p>\n<p data-start=\"1182\" data-end=\"1416\">The tour includes an English-speaking guide throughout the tour and ends at approximately <strong data-start=\"1273\" data-end=\"1285\">5:30 p.m.<\/strong>, returning to Puerto Pa\u00f1uelo. It is an ideal outing for those who want to pay only for what they use and organize their day with freedom.<\/p>\n<h3 data-start=\"1423\" data-end=\"1449\">Frequently Asked Questions<\/h3>\n<p data-start=\"1450\" data-end=\"1567\"><strong data-start=\"1450\" data-end=\"1482\">Where does the tour start?<\/strong><br data-start=\"1482\" data-end=\"1485\" \/>In Puerto Pa\u00f1uelo (km 25 of Bustillo Avenue). You can get there by car, cab or bus.<\/p>\n<p data-start=\"1569\" data-end=\"1677\"><strong data-start=\"1569\" data-end=\"1592\">What is included?<\/strong><br data-start=\"1592\" data-end=\"1595\" \/>Navigation to Puerto Blest and Lago Frias, hike to the waterfall and guide in Spanish.<\/p>\n<p data-start=\"1679\" data-end=\"1782\"><strong data-start=\"1679\" data-end=\"1705\">What is not included?<\/strong><br data-start=\"1705\" data-end=\"1708\" \/>Transfer to the port, National Park fees and embarkation, no meals.<\/p>\n<p data-start=\"1784\" data-end=\"1878\"><strong data-start=\"1784\" data-end=\"1813\">Is there room for lunch?<\/strong><br data-start=\"1813\" data-end=\"1816\" \/>Yes, you can bring your own food or eat at Blest's restaurant.<\/p>","protected":false},"excerpt":{"rendered":"<p data-start=\"2107\" data-end=\"2293\">Excursion from Puerto Pa\u00f1uelo without transfer. Includes navigation to Puerto Blest and Lago Frias, optional hike to the waterfall and guide. Departure 9:00 am, return 5:30 pm. Easy and accessible.<\/p>","protected":false},"featured_media":377695,"comment_status":"open","ping_status":"closed","template":"","meta":[],"product_brand":[],"product_cat":[37,42,51,52,46,48,53,54],"product_tag":[],"class_list":{"0":"post-377160","1":"product","2":"type-product","3":"status-publish","4":"has-post-thumbnail","6":"product_cat-adultos","7":"product_cat-familia","8":"product_cat-jubilados","9":"product_cat-lacustre","10":"product_cat-ninos","11":"product_cat-sin-comida","12":"product_cat-sin-traslado","13":"product_cat-todo-el-ano","15":"first","16":"instock","17":"virtual","18":"sold-individually","19":"purchasable","20":"product-type-booking"},"booking_location":"","booking_location_type":"","booking_duration":60,"booking_duration_unit":"minute","booking_buffer":0,"booking_cost":0,"booking_resources":[],"exclude_global_add_ons":false,"addons":[{"name":"ADU | Adult","type":"input_multiplier","position":0,"required":false,"title_format":"label","default":"","description_enable":false,"description":"","placeholder_enable":false,"placeholder":"","display":"select","restrictions_type":"any_text","adjust_price":true,"price":"190000","price_type":"quantity_based","restrictions":false,"min":"0","max":"0","options":[],"id":1773233364},{"name":"MEN512 | from 5 to 12","type":"input_multiplier","position":1,"required":false,"title_format":"label","default":"","description_enable":false,"description":"","placeholder_enable":false,"placeholder":"","display":"select","restrictions_type":"any_text","adjust_price":true,"price":"97000","price_type":"quantity_based","restrictions":false,"min":"0","max":"0","options":[],"id":1773233365},{"name":"ADUJ : Retired","type":"input_multiplier","position":2,"required":false,"title_format":"label","default":"","description_enable":false,"description":"","placeholder_enable":false,"placeholder":"","display":"select","restrictions_type":"any_text","adjust_price":true,"price":"97000","price_type":"quantity_based","restrictions":false,"min":"0","max":"0","options":[],"id":1773233366}],"yoast_head":"<!-- This site is optimized with the Yoast SEO Premium plugin v24.5 (Yoast SEO v24.8) - https:\/\/yoast.com\/wordpress\/plugins\/seo\/ -->\n<title>Descubr\u00ed Puerto Blest y Lago Fr\u00edas por tu cuenta - Turismo en Patagonia Bariloche<\/title>\n<meta name=\"description\" content=\"Excursi\u00f3n sin traslado a Puerto Blest y Lago Fr\u00edas desde Puerto Pa\u00f1uelo. Ideal para quienes se mueven por su cuenta. Incluye dos navegaciones y gu\u00eda.\" \/>\n<meta name=\"robots\" content=\"index, follow, max-snippet:-1, max-image-preview:large, max-video-preview:-1\" \/>\n<link rel=\"canonical\" href=\"https:\/\/turismopatagonia.ar\/en\/product\/puerto-blest-waterfall-cantaros-lake-frias-without-transfer\/\" \/>\n<meta property=\"og:locale\" content=\"en_US\" \/>\n<meta property=\"og:type\" content=\"article\" \/>\n<meta property=\"og:title\" content=\"Descubr\u00ed Puerto Blest y Lago Fr\u00edas por tu cuenta\" \/>\n<meta property=\"og:description\" content=\"Excursi\u00f3n sin traslado a Puerto Blest y Lago Fr\u00edas desde Puerto Pa\u00f1uelo. Ideal para quienes se mueven por su cuenta. Incluye dos navegaciones y gu\u00eda.\" \/>\n<meta property=\"og:url\" content=\"https:\/\/turismopatagonia.ar\/en\/product\/puerto-blest-waterfall-cantaros-lake-frias-without-transfer\/\" \/>\n<meta property=\"og:site_name\" content=\"Turismo en Patagonia Bariloche\" \/>\n<meta property=\"article:modified_time\" content=\"2026-04-08T19:29:32+00:00\" \/>\n<meta property=\"og:image\" content=\"https:\/\/turismopatagonia.ar\/wp-content\/uploads\/2025\/04\/12-D-1-scaled.jpg\" \/>\n\t<meta property=\"og:image:width\" content=\"1920\" \/>\n\t<meta property=\"og:image:height\" content=\"2560\" \/>\n\t<meta property=\"og:image:type\" content=\"image\/jpeg\" \/>\n<meta name=\"twitter:card\" content=\"summary_large_image\" \/>\n<meta name=\"twitter:label1\" content=\"Price\" \/>\n\t<meta name=\"twitter:data1\" content=\"&#036;&nbsp;190.000,00\" \/>\n\t<meta name=\"twitter:label2\" content=\"Availability\" \/>\n\t<meta name=\"twitter:data2\" content=\"In stock\" \/>\n<script type=\"application\/ld+json\" class=\"yoast-schema-graph\">{\"@context\":\"https:\/\/schema.org\",\"@graph\":[{\"@type\":[\"WebPage\",\"ItemPage\"],\"@id\":\"https:\/\/turismopatagonia.ar\/product\/puerto-blest-cascada-cantaros-lago-frias-sin-traslado\",\"url\":\"https:\/\/turismopatagonia.ar\/product\/puerto-blest-cascada-cantaros-lago-frias-sin-traslado\",\"name\":\"Descubr\u00ed Puerto Blest y Lago Fr\u00edas por tu cuenta - Turismo en Patagonia Bariloche\",\"isPartOf\":{\"@id\":\"https:\/\/turismopatagonia.ar\/#website\"},\"primaryImageOfPage\":{\"@id\":\"https:\/\/turismopatagonia.ar\/product\/puerto-blest-cascada-cantaros-lago-frias-sin-traslado#primaryimage\"},\"image\":{\"@id\":\"https:\/\/turismopatagonia.ar\/product\/puerto-blest-cascada-cantaros-lago-frias-sin-traslado#primaryimage\"},\"thumbnailUrl\":\"https:\/\/turismopatagonia.ar\/wp-content\/uploads\/2025\/04\/12-D-1-scaled.jpg\",\"datePublished\":\"2025-04-12T21:09:31+00:00\",\"dateModified\":\"2026-04-08T19:29:32+00:00\",\"description\":\"Excursi\u00f3n sin traslado a Puerto Blest y Lago Fr\u00edas desde Puerto Pa\u00f1uelo. Ideal para quienes se mueven por su cuenta. Incluye dos navegaciones y gu\u00eda.\",\"breadcrumb\":{\"@id\":\"https:\/\/turismopatagonia.ar\/product\/puerto-blest-cascada-cantaros-lago-frias-sin-traslado#breadcrumb\"},\"inLanguage\":\"en-US\",\"potentialAction\":[{\"@type\":\"ReadAction\",\"target\":[\"https:\/\/turismopatagonia.ar\/product\/puerto-blest-cascada-cantaros-lago-frias-sin-traslado\"]}]},{\"@type\":\"ImageObject\",\"inLanguage\":\"en-US\",\"@id\":\"https:\/\/turismopatagonia.ar\/product\/puerto-blest-cascada-cantaros-lago-frias-sin-traslado#primaryimage\",\"url\":\"https:\/\/turismopatagonia.ar\/wp-content\/uploads\/2025\/04\/12-D-1-scaled.jpg\",\"contentUrl\":\"https:\/\/turismopatagonia.ar\/wp-content\/uploads\/2025\/04\/12-D-1-scaled.jpg\",\"width\":1920,\"height\":2560},{\"@type\":\"BreadcrumbList\",\"@id\":\"https:\/\/turismopatagonia.ar\/product\/puerto-blest-cascada-cantaros-lago-frias-sin-traslado#breadcrumb\",\"itemListElement\":[{\"@type\":\"ListItem\",\"position\":1,\"name\":\"Home\",\"item\":\"https:\/\/turismopatagonia.ar\/\"},{\"@type\":\"ListItem\",\"position\":2,\"name\":\"Shop\",\"item\":\"https:\/\/turismopatagonia.ar\/shop\"},{\"@type\":\"ListItem\",\"position\":3,\"name\":\"Descubr\u00ed Puerto Blest y Lago Fr\u00edas por tu cuenta\"}]},{\"@type\":\"WebSite\",\"@id\":\"https:\/\/turismopatagonia.ar\/#website\",\"url\":\"https:\/\/turismopatagonia.ar\/\",\"name\":\"Turismo en Patagonia Bariloche\",\"description\":\"Descubre la belleza de la Patagonia: gu\u00edas, actividades y destinos tur\u00edsticos en Bariloche y alrededores.\",\"publisher\":{\"@id\":\"https:\/\/turismopatagonia.ar\/#organization\"},\"potentialAction\":[{\"@type\":\"SearchAction\",\"target\":{\"@type\":\"EntryPoint\",\"urlTemplate\":\"https:\/\/turismopatagonia.ar\/?s={search_term_string}\"},\"query-input\":{\"@type\":\"PropertyValueSpecification\",\"valueRequired\":true,\"valueName\":\"search_term_string\"}}],\"inLanguage\":\"en-US\"},{\"@type\":\"Organization\",\"@id\":\"https:\/\/turismopatagonia.ar\/#organization\",\"name\":\"Turismo en Patagonia Bariloche\",\"url\":\"https:\/\/turismopatagonia.ar\/\",\"logo\":{\"@type\":\"ImageObject\",\"inLanguage\":\"en-US\",\"@id\":\"https:\/\/turismopatagonia.ar\/#\/schema\/logo\/image\/\",\"url\":\"https:\/\/turismopatagonia.ar\/wp-content\/uploads\/2023\/04\/logo-tirismo-copia.png\",\"contentUrl\":\"https:\/\/turismopatagonia.ar\/wp-content\/uploads\/2023\/04\/logo-tirismo-copia.png\",\"width\":270,\"height\":100,\"caption\":\"Turismo en Patagonia Bariloche\"},\"image\":{\"@id\":\"https:\/\/turismopatagonia.ar\/#\/schema\/logo\/image\/\"}}]}<\/script>\n<meta property=\"product:price:amount\" content=\"190000.00\" \/>\n<meta property=\"product:price:currency\" content=\"ARS\" \/>\n<meta property=\"og:availability\" content=\"instock\" \/>\n<meta property=\"product:availability\" content=\"instock\" \/>\n<meta property=\"product:retailer_item_id\" content=\"ADV2025PUBLYC33V7\" \/>\n<meta property=\"product:condition\" content=\"new\" \/>\n<!-- \/ Yoast SEO Premium plugin. -->","yoast_head_json":{"title":"Discover Puerto Blest and Lago Frias on your own - Turismo en Patagonia Bariloche","description":"Excursion without transfer to Puerto Blest and Lago Frias from Puerto Pa\u00f1uelo. Ideal for those who move on their own. Includes two navigations and guide.","robots":{"index":"index","follow":"follow","max-snippet":"max-snippet:-1","max-image-preview":"max-image-preview:large","max-video-preview":"max-video-preview:-1"},"canonical":"https:\/\/turismopatagonia.ar\/en\/product\/puerto-blest-waterfall-cantaros-lake-frias-without-transfer\/","og_locale":"en_US","og_type":"article","og_title":"Descubr\u00ed Puerto Blest y Lago Fr\u00edas por tu cuenta","og_description":"Excursi\u00f3n sin traslado a Puerto Blest y Lago Fr\u00edas desde Puerto Pa\u00f1uelo. Ideal para quienes se mueven por su cuenta. Incluye dos navegaciones y gu\u00eda.","og_url":"https:\/\/turismopatagonia.ar\/en\/product\/puerto-blest-waterfall-cantaros-lake-frias-without-transfer\/","og_site_name":"Turismo en Patagonia Bariloche","article_modified_time":"2026-04-08T19:29:32+00:00","og_image":[{"width":1920,"height":2560,"url":"https:\/\/turismopatagonia.ar\/wp-content\/uploads\/2025\/04\/12-D-1-scaled.jpg","type":"image\/jpeg"}],"twitter_card":"summary_large_image","twitter_misc":{"Price":"&#36;&nbsp;190.000,00","Availability":"In stock"},"schema":{"@context":"https:\/\/schema.org","@graph":[{"@type":["WebPage","ItemPage"],"@id":"https:\/\/turismopatagonia.ar\/product\/puerto-blest-cascada-cantaros-lago-frias-sin-traslado","url":"https:\/\/turismopatagonia.ar\/product\/puerto-blest-cascada-cantaros-lago-frias-sin-traslado","name":"Discover Puerto Blest and Lago Frias on your own - Turismo en Patagonia Bariloche","isPartOf":{"@id":"https:\/\/turismopatagonia.ar\/#website"},"primaryImageOfPage":{"@id":"https:\/\/turismopatagonia.ar\/product\/puerto-blest-cascada-cantaros-lago-frias-sin-traslado#primaryimage"},"image":{"@id":"https:\/\/turismopatagonia.ar\/product\/puerto-blest-cascada-cantaros-lago-frias-sin-traslado#primaryimage"},"thumbnailUrl":"https:\/\/turismopatagonia.ar\/wp-content\/uploads\/2025\/04\/12-D-1-scaled.jpg","datePublished":"2025-04-12T21:09:31+00:00","dateModified":"2026-04-08T19:29:32+00:00","description":"Excursion without transfer to Puerto Blest and Lago Frias from Puerto Pa\u00f1uelo. Ideal for those who move on their own. Includes two navigations and guide.","breadcrumb":{"@id":"https:\/\/turismopatagonia.ar\/product\/puerto-blest-cascada-cantaros-lago-frias-sin-traslado#breadcrumb"},"inLanguage":"en-US","potentialAction":[{"@type":"ReadAction","target":["https:\/\/turismopatagonia.ar\/product\/puerto-blest-cascada-cantaros-lago-frias-sin-traslado"]}]},{"@type":"ImageObject","inLanguage":"en-US","@id":"https:\/\/turismopatagonia.ar\/product\/puerto-blest-cascada-cantaros-lago-frias-sin-traslado#primaryimage","url":"https:\/\/turismopatagonia.ar\/wp-content\/uploads\/2025\/04\/12-D-1-scaled.jpg","contentUrl":"https:\/\/turismopatagonia.ar\/wp-content\/uploads\/2025\/04\/12-D-1-scaled.jpg","width":1920,"height":2560},{"@type":"BreadcrumbList","@id":"https:\/\/turismopatagonia.ar\/product\/puerto-blest-cascada-cantaros-lago-frias-sin-traslado#breadcrumb","itemListElement":[{"@type":"ListItem","position":1,"name":"Home","item":"https:\/\/turismopatagonia.ar\/"},{"@type":"ListItem","position":2,"name":"Shop","item":"https:\/\/turismopatagonia.ar\/shop"},{"@type":"ListItem","position":3,"name":"Descubr\u00ed Puerto Blest y Lago Fr\u00edas por tu cuenta"}]},{"@type":"WebSite","@id":"https:\/\/turismopatagonia.ar\/#website","url":"https:\/\/turismopatagonia.ar\/","name":"Tourism in Patagonia Bariloche","description":"Discover the beauty of Patagonia: guides, activities and tourist destinations in and around Bariloche.","publisher":{"@id":"https:\/\/turismopatagonia.ar\/#organization"},"potentialAction":[{"@type":"SearchAction","target":{"@type":"EntryPoint","urlTemplate":"https:\/\/turismopatagonia.ar\/?s={search_term_string}"},"query-input":{"@type":"PropertyValueSpecification","valueRequired":true,"valueName":"search_term_string"}}],"inLanguage":"en-US"},{"@type":"Organization","@id":"https:\/\/turismopatagonia.ar\/#organization","name":"Tourism in Patagonia Bariloche","url":"https:\/\/turismopatagonia.ar\/","logo":{"@type":"ImageObject","inLanguage":"en-US","@id":"https:\/\/turismopatagonia.ar\/#\/schema\/logo\/image\/","url":"https:\/\/turismopatagonia.ar\/wp-content\/uploads\/2023\/04\/logo-tirismo-copia.png","contentUrl":"https:\/\/turismopatagonia.ar\/wp-content\/uploads\/2023\/04\/logo-tirismo-copia.png","width":270,"height":100,"caption":"Turismo en Patagonia Bariloche"},"image":{"@id":"https:\/\/turismopatagonia.ar\/#\/schema\/logo\/image\/"}}]},"product_price_amount":"190000.00","product_price_currency":"ARS","og_availability":"instock","product_availability":"instock","product_retailer_item_id":"ADV2025PUBLYC33V7","product_condition":"new"},"_links":{"self":[{"href":"https:\/\/turismopatagonia.ar\/en\/wp-json\/wp\/v2\/product\/377160","targetHints":{"allow":["GET"]}}],"collection":[{"href":"https:\/\/turismopatagonia.ar\/en\/wp-json\/wp\/v2\/product"}],"about":[{"href":"https:\/\/turismopatagonia.ar\/en\/wp-json\/wp\/v2\/types\/product"}],"replies":[{"embeddable":true,"href":"https:\/\/turismopatagonia.ar\/en\/wp-json\/wp\/v2\/comments?post=377160"}],"wp:featuredmedia":[{"embeddable":true,"href":"https:\/\/turismopatagonia.ar\/en\/wp-json\/wp\/v2\/media\/377695"}],"wp:attachment":[{"href":"https:\/\/turismopatagonia.ar\/en\/wp-json\/wp\/v2\/media?parent=377160"}],"wp:term":[{"taxonomy":"product_brand","embeddable":true,"href":"https:\/\/turismopatagonia.ar\/en\/wp-json\/wp\/v2\/product_brand?post=377160"},{"taxonomy":"product_cat","embeddable":true,"href":"https:\/\/turismopatagonia.ar\/en\/wp-json\/wp\/v2\/product_cat?post=377160"},{"taxonomy":"product_tag","embeddable":true,"href":"https:\/\/turismopatagonia.ar\/en\/wp-json\/wp\/v2\/product_tag?post=377160"}],"curies":[{"name":"wp","href":"https:\/\/api.w.org\/{rel}","templated":true}]}}