{"id":377486,"date":"2026-04-09T16:13:54","date_gmt":"2026-04-09T19:13:54","guid":{"rendered":"https:\/\/turismopatagonia.ar\/?post_type=product&#038;p=377486"},"modified":"2026-04-10T15:43:27","modified_gmt":"2026-04-10T18:43:27","slug":"excursion-a-villa-la-angostura-y-cerro-bayo","status":"publish","type":"product","link":"https:\/\/turismopatagonia.ar\/en\/product\/excursion-to-villa-la-angostura-and-cerro-bayo","title":{"rendered":"Villa La Angostura and Cerro Bayo with transfer included"},"content":{"rendered":"<h2 data-start=\"394\" data-end=\"479\"><strong data-start=\"394\" data-end=\"479\">A comfortable and complete winter walk to enjoy the snow without complications.<\/strong><\/h2>\n<h3 data-start=\"486\" data-end=\"544\">A winter tour easy to organize and enjoy<\/h3>\n<p data-start=\"545\" data-end=\"911\">This excursion is ideal for those who want to see the best of the north of the Nahuel Huapi National Park during the winter, without having to take care of the organization. We leave from <strong data-start=\"728\" data-end=\"780\">pre-established meeting points in Bariloche<\/strong>, between downtown and km 8 of Bustillo or Pioneros avenue, at <strong data-start=\"842\" data-end=\"854\">08:00 hs<\/strong>. The return is scheduled around <strong data-start=\"898\" data-end=\"910\">18:00 hs<\/strong>.<\/p>\n<p data-start=\"913\" data-end=\"1240\">During the tour, we visited the picturesque village of <strong data-start=\"969\" data-end=\"991\">Villa La Angostura<\/strong>, We continue on to the ski center, with its snowy landscapes, its quiet streets and its characteristic mountain environment. Then we continue to the ski center <strong data-start=\"1121\" data-end=\"1135\">Cerro Bayo<\/strong>, You will have free time to walk around, take pictures or hire optional activities and ascents.<\/p>\n<p data-start=\"1242\" data-end=\"1490\">The transportation is comfortable and safe, accompanied by a guide in Spanish who provides assistance throughout the day. It is not necessary to have previous experience or special equipment, except for the snow clothing that you can rent beforehand if you need it.<\/p>\n<h3 data-start=\"1497\" data-end=\"1531\">What does this tour include?<\/h3>\n<ul data-start=\"1532\" data-end=\"1712\">\n<li data-start=\"1532\" data-end=\"1601\">\n<p data-start=\"1534\" data-end=\"1601\">Transfer to and from the meeting points in Bariloche.<\/p>\n<\/li>\n<li data-start=\"1602\" data-end=\"1671\">\n<p data-start=\"1604\" data-end=\"1671\">Complete land tour of Villa La Angostura and Cerro Bayo.<\/p>\n<\/li>\n<li data-start=\"1672\" data-end=\"1712\">\n<p data-start=\"1674\" data-end=\"1712\">English speaking guide throughout the tour.<\/p>\n<\/li>\n<\/ul>\n<h3 data-start=\"1719\" data-end=\"1735\">Does not include<\/h3>\n<ul data-start=\"1736\" data-end=\"1867\">\n<li data-start=\"1736\" data-end=\"1748\">\n<p data-start=\"1738\" data-end=\"1748\">Meals.<\/p>\n<\/li>\n<li data-start=\"1749\" data-end=\"1802\">\n<p data-start=\"1751\" data-end=\"1802\">Entrance fees to Nahuel Huapi National Park.<\/p>\n<\/li>\n<li data-start=\"1803\" data-end=\"1850\">\n<p data-start=\"1805\" data-end=\"1850\">Ascent ticket to Cerro Bayo (optional).<\/p>\n<\/li>\n<li data-start=\"1851\" data-end=\"1867\">\n<p data-start=\"1853\" data-end=\"1867\">Snow clothing.<\/p>\n<\/li>\n<\/ul>\n<h3 data-start=\"1874\" data-end=\"1896\">Useful information<\/h3>\n<ul data-start=\"1897\" data-end=\"2174\">\n<li data-start=\"1897\" data-end=\"1986\">\n<p data-start=\"1899\" data-end=\"1986\"><strong data-start=\"1899\" data-end=\"1913\">Season:<\/strong> winter (June to September, ideally from June 10 onwards).<\/p>\n<\/li>\n<li data-start=\"1987\" data-end=\"2041\">\n<p data-start=\"1989\" data-end=\"2041\"><strong data-start=\"1989\" data-end=\"2001\">Outputs:<\/strong> Mondays, Wednesdays, Fridays and Sundays.<\/p>\n<\/li>\n<li data-start=\"2042\" data-end=\"2086\">\n<p data-start=\"2044\" data-end=\"2086\"><strong data-start=\"2044\" data-end=\"2063\">Total duration:<\/strong> from 08:00 to 18:00 hs.<\/p>\n<\/li>\n<li data-start=\"2087\" data-end=\"2174\">\n<p data-start=\"2089\" data-end=\"2174\"><strong data-start=\"2089\" data-end=\"2107\">Recommendation:<\/strong> bring warm clothes or rent appropriate clothing for snow.<\/p>\n<\/li>\n<\/ul>\n<h3 data-start=\"2181\" data-end=\"2207\">Frequently Asked Questions<\/h3>\n<p data-start=\"2209\" data-end=\"2377\"><strong data-start=\"2209\" data-end=\"2275\">Is it necessary to have previous experience in snow activities?<\/strong><br data-start=\"2275\" data-end=\"2278\" \/>No. It is a land tour with free time in Cerro Bayo for each passenger to choose their activity.<\/p>\n<p data-start=\"2379\" data-end=\"2486\"><strong data-start=\"2379\" data-end=\"2411\">Where is the transfer from?<\/strong><br data-start=\"2411\" data-end=\"2414\" \/>From meeting points in the city. It does not include hotel search.<\/p>\n<p data-start=\"2488\" data-end=\"2608\"><strong data-start=\"2488\" data-end=\"2532\">Is the ascent in Cerro Bayo included?<\/strong><br data-start=\"2532\" data-end=\"2535\" \/>No. It can be hired at destination according to the activity you wish to do.<\/p>\n<p data-start=\"2610\" data-end=\"2710\"><strong data-start=\"2610\" data-end=\"2652\">Is this tour suitable for families?<\/strong><br data-start=\"2652\" data-end=\"2655\" \/>Yes, it is ideal for families, couples or groups of friends.<\/p>\n<p><strong>Important notice:<\/strong> This tour is now available for advance booking. Departures operate from June 15 through August 20, subject to seasonal schedule.<\/p>","protected":false},"excerpt":{"rendered":"<p data-start=\"2980\" data-end=\"3139\">Departure 08:00 from the meeting point. Includes transfer, guide and tour around Villa La Angostura and Cerro Bayo. It does not include ascents or taxes. Return 18:00 hs.<\/p>","protected":false},"featured_media":377745,"comment_status":"open","ping_status":"closed","template":"","meta":[],"product_brand":[],"product_cat":[37,41,42,45,51,48,49],"product_tag":[],"class_list":{"0":"post-377486","1":"product","2":"type-product","3":"status-publish","4":"has-post-thumbnail","6":"product_cat-adultos","7":"product_cat-con-traslado","8":"product_cat-familia","9":"product_cat-invierno","10":"product_cat-jubilados","11":"product_cat-sin-comida","12":"product_cat-terrestre","14":"first","15":"instock","16":"virtual","17":"sold-individually","18":"purchasable","19":"product-type-booking"},"booking_location":"","booking_location_type":"","booking_duration":1,"booking_duration_unit":"hour","booking_buffer":0,"booking_cost":0,"booking_resources":[],"exclude_global_add_ons":false,"addons":[{"name":"ADU | Adult","type":"input_multiplier","position":0,"required":false,"title_format":"label","default":"","description_enable":false,"description":"","placeholder_enable":false,"placeholder":"","display":"select","restrictions_type":"any_text","adjust_price":true,"price":"59400","price_type":"quantity_based","restrictions":false,"min":"0","max":"0","options":[],"id":1775835808}],"yoast_head":"<!-- This site is optimized with the Yoast SEO Premium plugin v24.5 (Yoast SEO v24.8) - https:\/\/yoast.com\/wordpress\/plugins\/seo\/ -->\n<title>Villa La Angostura y Cerro Bayo con traslado incluido - Turismo en Patagonia Bariloche<\/title>\n<meta name=\"description\" content=\"Excursi\u00f3n a Villa La Angostura y Cerro Bayo con traslado desde Bariloche. Paseo terrestre, nieve, gu\u00eda en espa\u00f1ol y organizaci\u00f3n simple. Ideal para disfrutar la Patagonia sin complicaciones.\" \/>\n<meta name=\"robots\" content=\"index, follow, max-snippet:-1, max-image-preview:large, max-video-preview:-1\" \/>\n<link rel=\"canonical\" href=\"https:\/\/turismopatagonia.ar\/en\/product\/excursion-to-villa-la-angostura-and-cerro-bayo\/\" \/>\n<meta property=\"og:locale\" content=\"en_US\" \/>\n<meta property=\"og:type\" content=\"article\" \/>\n<meta property=\"og:title\" content=\"Villa La Angostura y Cerro Bayo con traslado incluido\" \/>\n<meta property=\"og:description\" content=\"Excursi\u00f3n a Villa La Angostura y Cerro Bayo con traslado desde Bariloche. Paseo terrestre, nieve, gu\u00eda en espa\u00f1ol y organizaci\u00f3n simple. Ideal para disfrutar la Patagonia sin complicaciones.\" \/>\n<meta property=\"og:url\" content=\"https:\/\/turismopatagonia.ar\/en\/product\/excursion-to-villa-la-angostura-and-cerro-bayo\/\" \/>\n<meta property=\"og:site_name\" content=\"Turismo en Patagonia Bariloche\" \/>\n<meta property=\"article:modified_time\" content=\"2026-04-10T18:43:27+00:00\" \/>\n<meta property=\"og:image\" content=\"https:\/\/turismopatagonia.ar\/wp-content\/uploads\/2025\/06\/6-A-IMG_4329-copia-scaled.jpg\" \/>\n\t<meta property=\"og:image:width\" content=\"1920\" \/>\n\t<meta property=\"og:image:height\" content=\"2560\" \/>\n\t<meta property=\"og:image:type\" content=\"image\/jpeg\" \/>\n<meta name=\"twitter:card\" content=\"summary_large_image\" \/>\n<meta name=\"twitter:label1\" content=\"Price\" \/>\n\t<meta name=\"twitter:data1\" content=\"&#036;&nbsp;59.400,00\" \/>\n\t<meta name=\"twitter:label2\" content=\"Availability\" \/>\n\t<meta name=\"twitter:data2\" content=\"In stock\" \/>\n<script type=\"application\/ld+json\" class=\"yoast-schema-graph\">{\"@context\":\"https:\/\/schema.org\",\"@graph\":[{\"@type\":[\"WebPage\",\"ItemPage\"],\"@id\":\"https:\/\/turismopatagonia.ar\/product\/excursion-a-villa-la-angostura-y-cerro-bayo\",\"url\":\"https:\/\/turismopatagonia.ar\/product\/excursion-a-villa-la-angostura-y-cerro-bayo\",\"name\":\"Villa La Angostura y Cerro Bayo con traslado incluido - Turismo en Patagonia Bariloche\",\"isPartOf\":{\"@id\":\"https:\/\/turismopatagonia.ar\/#website\"},\"primaryImageOfPage\":{\"@id\":\"https:\/\/turismopatagonia.ar\/product\/excursion-a-villa-la-angostura-y-cerro-bayo#primaryimage\"},\"image\":{\"@id\":\"https:\/\/turismopatagonia.ar\/product\/excursion-a-villa-la-angostura-y-cerro-bayo#primaryimage\"},\"thumbnailUrl\":\"https:\/\/turismopatagonia.ar\/wp-content\/uploads\/2025\/06\/6-A-IMG_4329-copia-scaled.jpg\",\"datePublished\":\"2026-04-09T19:13:54+00:00\",\"dateModified\":\"2026-04-10T18:43:27+00:00\",\"description\":\"Excursi\u00f3n a Villa La Angostura y Cerro Bayo con traslado desde Bariloche. Paseo terrestre, nieve, gu\u00eda en espa\u00f1ol y organizaci\u00f3n simple. Ideal para disfrutar la Patagonia sin complicaciones.\",\"breadcrumb\":{\"@id\":\"https:\/\/turismopatagonia.ar\/product\/excursion-a-villa-la-angostura-y-cerro-bayo#breadcrumb\"},\"inLanguage\":\"en-US\",\"potentialAction\":[{\"@type\":\"ReadAction\",\"target\":[\"https:\/\/turismopatagonia.ar\/product\/excursion-a-villa-la-angostura-y-cerro-bayo\"]}]},{\"@type\":\"ImageObject\",\"inLanguage\":\"en-US\",\"@id\":\"https:\/\/turismopatagonia.ar\/product\/excursion-a-villa-la-angostura-y-cerro-bayo#primaryimage\",\"url\":\"https:\/\/turismopatagonia.ar\/wp-content\/uploads\/2025\/06\/6-A-IMG_4329-copia-scaled.jpg\",\"contentUrl\":\"https:\/\/turismopatagonia.ar\/wp-content\/uploads\/2025\/06\/6-A-IMG_4329-copia-scaled.jpg\",\"width\":1920,\"height\":2560},{\"@type\":\"BreadcrumbList\",\"@id\":\"https:\/\/turismopatagonia.ar\/product\/excursion-a-villa-la-angostura-y-cerro-bayo#breadcrumb\",\"itemListElement\":[{\"@type\":\"ListItem\",\"position\":1,\"name\":\"Home\",\"item\":\"https:\/\/turismopatagonia.ar\/\"},{\"@type\":\"ListItem\",\"position\":2,\"name\":\"Shop\",\"item\":\"https:\/\/turismopatagonia.ar\/shop\"},{\"@type\":\"ListItem\",\"position\":3,\"name\":\"Villa La Angostura y Cerro Bayo con traslado incluido\"}]},{\"@type\":\"WebSite\",\"@id\":\"https:\/\/turismopatagonia.ar\/#website\",\"url\":\"https:\/\/turismopatagonia.ar\/\",\"name\":\"Turismo en Patagonia Bariloche\",\"description\":\"Descubre la belleza de la Patagonia: gu\u00edas, actividades y destinos tur\u00edsticos en Bariloche y alrededores.\",\"publisher\":{\"@id\":\"https:\/\/turismopatagonia.ar\/#organization\"},\"potentialAction\":[{\"@type\":\"SearchAction\",\"target\":{\"@type\":\"EntryPoint\",\"urlTemplate\":\"https:\/\/turismopatagonia.ar\/?s={search_term_string}\"},\"query-input\":{\"@type\":\"PropertyValueSpecification\",\"valueRequired\":true,\"valueName\":\"search_term_string\"}}],\"inLanguage\":\"en-US\"},{\"@type\":\"Organization\",\"@id\":\"https:\/\/turismopatagonia.ar\/#organization\",\"name\":\"Turismo en Patagonia Bariloche\",\"url\":\"https:\/\/turismopatagonia.ar\/\",\"logo\":{\"@type\":\"ImageObject\",\"inLanguage\":\"en-US\",\"@id\":\"https:\/\/turismopatagonia.ar\/#\/schema\/logo\/image\/\",\"url\":\"https:\/\/turismopatagonia.ar\/wp-content\/uploads\/2023\/04\/logo-tirismo-copia.png\",\"contentUrl\":\"https:\/\/turismopatagonia.ar\/wp-content\/uploads\/2023\/04\/logo-tirismo-copia.png\",\"width\":270,\"height\":100,\"caption\":\"Turismo en Patagonia Bariloche\"},\"image\":{\"@id\":\"https:\/\/turismopatagonia.ar\/#\/schema\/logo\/image\/\"}}]}<\/script>\n<meta property=\"product:price:amount\" content=\"59400.00\" \/>\n<meta property=\"product:price:currency\" content=\"ARS\" \/>\n<meta property=\"og:availability\" content=\"instock\" \/>\n<meta property=\"product:availability\" content=\"instock\" \/>\n<meta property=\"product:retailer_item_id\" content=\"ADV2025VILAANM9K2\" \/>\n<meta property=\"product:condition\" content=\"new\" \/>\n<!-- \/ Yoast SEO Premium plugin. -->","yoast_head_json":{"title":"Villa La Angostura and Cerro Bayo with transfer included - Tourism in Patagonia Bariloche","description":"Excursion to Villa La Angostura and Cerro Bayo with transfer from Bariloche. Land tour, snow, guide in Spanish and simple organization. Ideal to enjoy Patagonia without complications.","robots":{"index":"index","follow":"follow","max-snippet":"max-snippet:-1","max-image-preview":"max-image-preview:large","max-video-preview":"max-video-preview:-1"},"canonical":"https:\/\/turismopatagonia.ar\/en\/product\/excursion-to-villa-la-angostura-and-cerro-bayo\/","og_locale":"en_US","og_type":"article","og_title":"Villa La Angostura y Cerro Bayo con traslado incluido","og_description":"Excursi\u00f3n a Villa La Angostura y Cerro Bayo con traslado desde Bariloche. Paseo terrestre, nieve, gu\u00eda en espa\u00f1ol y organizaci\u00f3n simple. Ideal para disfrutar la Patagonia sin complicaciones.","og_url":"https:\/\/turismopatagonia.ar\/en\/product\/excursion-to-villa-la-angostura-and-cerro-bayo\/","og_site_name":"Turismo en Patagonia Bariloche","article_modified_time":"2026-04-10T18:43:27+00:00","og_image":[{"width":1920,"height":2560,"url":"https:\/\/turismopatagonia.ar\/wp-content\/uploads\/2025\/06\/6-A-IMG_4329-copia-scaled.jpg","type":"image\/jpeg"}],"twitter_card":"summary_large_image","twitter_misc":{"Price":"&#36;&nbsp;59.400,00","Availability":"In stock"},"schema":{"@context":"https:\/\/schema.org","@graph":[{"@type":["WebPage","ItemPage"],"@id":"https:\/\/turismopatagonia.ar\/product\/excursion-a-villa-la-angostura-y-cerro-bayo","url":"https:\/\/turismopatagonia.ar\/product\/excursion-a-villa-la-angostura-y-cerro-bayo","name":"Villa La Angostura and Cerro Bayo with transfer included - Tourism in Patagonia Bariloche","isPartOf":{"@id":"https:\/\/turismopatagonia.ar\/#website"},"primaryImageOfPage":{"@id":"https:\/\/turismopatagonia.ar\/product\/excursion-a-villa-la-angostura-y-cerro-bayo#primaryimage"},"image":{"@id":"https:\/\/turismopatagonia.ar\/product\/excursion-a-villa-la-angostura-y-cerro-bayo#primaryimage"},"thumbnailUrl":"https:\/\/turismopatagonia.ar\/wp-content\/uploads\/2025\/06\/6-A-IMG_4329-copia-scaled.jpg","datePublished":"2026-04-09T19:13:54+00:00","dateModified":"2026-04-10T18:43:27+00:00","description":"Excursion to Villa La Angostura and Cerro Bayo with transfer from Bariloche. Land tour, snow, guide in Spanish and simple organization. Ideal to enjoy Patagonia without complications.","breadcrumb":{"@id":"https:\/\/turismopatagonia.ar\/product\/excursion-a-villa-la-angostura-y-cerro-bayo#breadcrumb"},"inLanguage":"en-US","potentialAction":[{"@type":"ReadAction","target":["https:\/\/turismopatagonia.ar\/product\/excursion-a-villa-la-angostura-y-cerro-bayo"]}]},{"@type":"ImageObject","inLanguage":"en-US","@id":"https:\/\/turismopatagonia.ar\/product\/excursion-a-villa-la-angostura-y-cerro-bayo#primaryimage","url":"https:\/\/turismopatagonia.ar\/wp-content\/uploads\/2025\/06\/6-A-IMG_4329-copia-scaled.jpg","contentUrl":"https:\/\/turismopatagonia.ar\/wp-content\/uploads\/2025\/06\/6-A-IMG_4329-copia-scaled.jpg","width":1920,"height":2560},{"@type":"BreadcrumbList","@id":"https:\/\/turismopatagonia.ar\/product\/excursion-a-villa-la-angostura-y-cerro-bayo#breadcrumb","itemListElement":[{"@type":"ListItem","position":1,"name":"Home","item":"https:\/\/turismopatagonia.ar\/"},{"@type":"ListItem","position":2,"name":"Shop","item":"https:\/\/turismopatagonia.ar\/shop"},{"@type":"ListItem","position":3,"name":"Villa La Angostura y Cerro Bayo con traslado incluido"}]},{"@type":"WebSite","@id":"https:\/\/turismopatagonia.ar\/#website","url":"https:\/\/turismopatagonia.ar\/","name":"Tourism in Patagonia Bariloche","description":"Discover the beauty of Patagonia: guides, activities and tourist destinations in and around Bariloche.","publisher":{"@id":"https:\/\/turismopatagonia.ar\/#organization"},"potentialAction":[{"@type":"SearchAction","target":{"@type":"EntryPoint","urlTemplate":"https:\/\/turismopatagonia.ar\/?s={search_term_string}"},"query-input":{"@type":"PropertyValueSpecification","valueRequired":true,"valueName":"search_term_string"}}],"inLanguage":"en-US"},{"@type":"Organization","@id":"https:\/\/turismopatagonia.ar\/#organization","name":"Tourism in Patagonia Bariloche","url":"https:\/\/turismopatagonia.ar\/","logo":{"@type":"ImageObject","inLanguage":"en-US","@id":"https:\/\/turismopatagonia.ar\/#\/schema\/logo\/image\/","url":"https:\/\/turismopatagonia.ar\/wp-content\/uploads\/2023\/04\/logo-tirismo-copia.png","contentUrl":"https:\/\/turismopatagonia.ar\/wp-content\/uploads\/2023\/04\/logo-tirismo-copia.png","width":270,"height":100,"caption":"Turismo en Patagonia Bariloche"},"image":{"@id":"https:\/\/turismopatagonia.ar\/#\/schema\/logo\/image\/"}}]},"product_price_amount":"59400.00","product_price_currency":"ARS","og_availability":"instock","product_availability":"instock","product_retailer_item_id":"ADV2025VILAANM9K2","product_condition":"new"},"_links":{"self":[{"href":"https:\/\/turismopatagonia.ar\/en\/wp-json\/wp\/v2\/product\/377486","targetHints":{"allow":["GET"]}}],"collection":[{"href":"https:\/\/turismopatagonia.ar\/en\/wp-json\/wp\/v2\/product"}],"about":[{"href":"https:\/\/turismopatagonia.ar\/en\/wp-json\/wp\/v2\/types\/product"}],"replies":[{"embeddable":true,"href":"https:\/\/turismopatagonia.ar\/en\/wp-json\/wp\/v2\/comments?post=377486"}],"wp:featuredmedia":[{"embeddable":true,"href":"https:\/\/turismopatagonia.ar\/en\/wp-json\/wp\/v2\/media\/377745"}],"wp:attachment":[{"href":"https:\/\/turismopatagonia.ar\/en\/wp-json\/wp\/v2\/media?parent=377486"}],"wp:term":[{"taxonomy":"product_brand","embeddable":true,"href":"https:\/\/turismopatagonia.ar\/en\/wp-json\/wp\/v2\/product_brand?post=377486"},{"taxonomy":"product_cat","embeddable":true,"href":"https:\/\/turismopatagonia.ar\/en\/wp-json\/wp\/v2\/product_cat?post=377486"},{"taxonomy":"product_tag","embeddable":true,"href":"https:\/\/turismopatagonia.ar\/en\/wp-json\/wp\/v2\/product_tag?post=377486"}],"curies":[{"name":"wp","href":"https:\/\/api.w.org\/{rel}","templated":true}]}}