{"id":392059,"date":"2026-04-14T14:41:31","date_gmt":"2026-04-14T17:41:31","guid":{"rendered":"https:\/\/turismopatagonia.ar\/?post_type=product&#038;p=392059"},"modified":"2026-04-14T15:33:14","modified_gmt":"2026-04-14T18:33:14","slug":"noche-encantada-cena-en-refugio-de-montana-con-ascenso-4x4","status":"publish","type":"product","link":"https:\/\/turismopatagonia.ar\/en\/product\/enchanted-night-dinner-in-mountain-hut-with-4wd-ascent","title":{"rendered":"Enchanted Night: Dinner at Mountain Hut with 4\u00d74 Ascent"},"content":{"rendered":"<h3 class=\"ai-optimize-23\"><b>A unique nocturnal experience in the Patagonian mountains<\/b><\/h3>\n<p class=\"ai-optimize-25 ai-optimize-introduction\">The experience begins at sunset, when we go into the mountains aboard 4\u00d74 vehicles, crossing Patagonian forests in a completely different environment from that of the day.<\/p>\n<p class=\"ai-optimize-26\">As the vehicle ascends, the landscape is transformed and the city begins to light up in the distance, generating unique panoramic views under the starry sky.<\/p>\n<p class=\"ai-optimize-27\">Upon arrival at the mountain refuge, the warm and cozy atmosphere invites you to relax and enjoy a special gastronomic proposal: a typical dinner combining regional flavors in an exclusive environment.<\/p>\n<p class=\"ai-optimize-28\">The night continues with laughter, good food and nature, making it an unforgettable experience in Patagonia.<\/p>\n<p class=\"ai-optimize-29\"><b>\u00a0Practical information<\/b><\/p>\n<p class=\"ai-optimize-30\"><b>Schedule:<\/b><b><br \/>\n<\/b> 18:30 to 23:30 hs approx.<\/p>\n<p class=\"ai-optimize-31\"><b>Duration:<\/b><b><br \/>\n<\/b> Part-time at night.<\/p>\n<p class=\"ai-optimize-32\"><b>Meeting point:<\/b><b><br \/>\n<\/b> From downtown Bariloche to km 8 of Bustillo \/ Pioneros Av.<br \/>\nLodging in the direction of Colonia Suiza.<br \/>\n(For other points, please consult).<\/p>\n<p class=\"ai-optimize-33\"><b>\u00a0Includes:<\/b><\/p>\n<ul>\n<li class=\"ai-optimize-34\" aria-level=\"1\">Round trip transfer.<\/li>\n<li class=\"ai-optimize-35\" aria-level=\"1\">Ascent in 4\u00d74 vehicles.<\/li>\n<li class=\"ai-optimize-36\" aria-level=\"1\">Dinner in mountain hut: Meat Empanadas, Cheese Fondue, Strudel with cream.<\/li>\n<\/ul>\n<p class=\"ai-optimize-38\"><b>Does not include:<\/b><\/p>\n<ul>\n<li class=\"ai-optimize-39\" aria-level=\"1\">Beverages.<\/li>\n<li class=\"ai-optimize-40\" aria-level=\"1\">Snow clothing.<\/li>\n<\/ul>\n<h4 class=\"ai-optimize-41\"><b>Want to know more?<\/b><\/h4>\n<p class=\"ai-optimize-42\"><b>Can it be done without previous experience?<\/b><b><br \/>\n<\/b> Yes, it is an accessible excursion, it does not require physical effort.<\/p>\n<p class=\"ai-optimize-43\"><b>What clothing is recommended?<\/b><b><br \/>\n<\/b> Warm clothes and comfortable shoes. In winter, snow clothing is suggested.<\/p>\n<p class=\"ai-optimize-44\"><b>Is dinner included?<\/b><b><br \/>\n<\/b> Yes, it includes a complete menu in a mountain refuge.<\/p>\n<p class=\"ai-optimize-45\"><b>Is it suspended due to weather?<\/b><b><br \/>\n<\/b> The activity operates under most conditions, but may be rescheduled for safety.<\/p>\n<p class=\"ai-optimize-50\"><strong>Important Notice<\/strong>This tour is now available for pre-booking. Departures operate from June 15 to August 20, subject to seasonal calendar.<\/p>","protected":false},"excerpt":{"rendered":"<p class=\"ai-optimize-24\"><span style=\"font-weight: 400;\">Ascent in 4\u00d74 under the stars, unforgettable panoramic views and a gourmet dinner in a mountain refuge that combines adventure, nature and gastronomy.<\/span><\/p>","protected":false},"featured_media":0,"comment_status":"open","ping_status":"closed","template":"","meta":[],"product_brand":[],"product_cat":[37,39,41,42,45,46,48,49],"product_tag":[],"class_list":{"0":"post-392059","1":"product","2":"type-product","3":"status-publish","5":"product_cat-adultos","6":"product_cat-aventura","7":"product_cat-con-traslado","8":"product_cat-familia","9":"product_cat-invierno","10":"product_cat-ninos","11":"product_cat-sin-comida","12":"product_cat-terrestre","14":"first","15":"instock","16":"virtual","17":"sold-individually","18":"purchasable","19":"product-type-booking"},"booking_location":"","booking_location_type":"","booking_duration":1,"booking_duration_unit":"hour","booking_buffer":0,"booking_cost":0,"booking_resources":[],"exclude_global_add_ons":false,"addons":[{"name":"ADU | Adult","type":"input_multiplier","position":0,"required":false,"title_format":"label","default":"","description_enable":false,"description":"","placeholder_enable":false,"placeholder":"","display":"select","restrictions_type":"any_text","adjust_price":true,"price":"239500","price_type":"quantity_based","restrictions":false,"min":"0","max":"0","options":[],"id":1776177693},{"name":"MEN412 | from 4 to 12","type":"input_multiplier","position":1,"required":false,"title_format":"label","default":"","description_enable":false,"description":"","placeholder_enable":false,"placeholder":"","display":"select","restrictions_type":"any_text","adjust_price":true,"price":"179500","price_type":"quantity_based","restrictions":false,"min":"0","max":"0","options":[],"id":1776177694},{"name":"INF04 | From 0 to 4","type":"input_multiplier","position":2,"required":false,"title_format":"label","default":"","description_enable":false,"description":"","placeholder_enable":false,"placeholder":"","display":"select","restrictions_type":"any_text","adjust_price":true,"price":"","price_type":"quantity_based","restrictions":false,"min":"0","max":"0","options":[],"id":1776177695}],"yoast_head":"<!-- This site is optimized with the Yoast SEO Premium plugin v24.5 (Yoast SEO v24.8) - https:\/\/yoast.com\/wordpress\/plugins\/seo\/ -->\n<title>Noche Encantada: Cena en Refugio de Monta\u00f1a con Ascenso 4x4 - Turismo en Patagonia Bariloche<\/title>\n<meta name=\"robots\" content=\"index, follow, max-snippet:-1, max-image-preview:large, max-video-preview:-1\" \/>\n<link rel=\"canonical\" href=\"https:\/\/turismopatagonia.ar\/en\/product\/enchanted-night-dinner-in-mountain-hut-with-4wd-ascent\/\" \/>\n<meta property=\"og:locale\" content=\"en_US\" \/>\n<meta property=\"og:type\" content=\"article\" \/>\n<meta property=\"og:title\" content=\"Noche Encantada: Cena en Refugio de Monta\u00f1a con Ascenso 4x4\" \/>\n<meta property=\"og:description\" content=\"Ascenso en 4x4 bajo las estrellas, vistas panor\u00e1micas inolvidables y una cena gourmet en refugio de monta\u00f1a que combina aventura, naturaleza y gastronom\u00eda.\" \/>\n<meta property=\"og:url\" content=\"https:\/\/turismopatagonia.ar\/en\/product\/enchanted-night-dinner-in-mountain-hut-with-4wd-ascent\/\" \/>\n<meta property=\"og:site_name\" content=\"Turismo en Patagonia Bariloche\" \/>\n<meta property=\"article:modified_time\" content=\"2026-04-14T18:33:14+00:00\" \/>\n<meta name=\"twitter:card\" content=\"summary_large_image\" \/>\n<meta name=\"twitter:label1\" content=\"Price\" \/>\n\t<meta name=\"twitter:data1\" content=\"&#036;&nbsp;239.500,00\" \/>\n\t<meta name=\"twitter:label2\" content=\"Availability\" \/>\n\t<meta name=\"twitter:data2\" content=\"In stock\" \/>\n<script type=\"application\/ld+json\" class=\"yoast-schema-graph\">{\"@context\":\"https:\/\/schema.org\",\"@graph\":[{\"@type\":[\"WebPage\",\"ItemPage\"],\"@id\":\"https:\/\/turismopatagonia.ar\/product\/noche-encantada-cena-en-refugio-de-montana-con-ascenso-4x4\",\"url\":\"https:\/\/turismopatagonia.ar\/product\/noche-encantada-cena-en-refugio-de-montana-con-ascenso-4x4\",\"name\":\"Noche Encantada: Cena en Refugio de Monta\u00f1a con Ascenso 4x4 - Turismo en Patagonia Bariloche\",\"isPartOf\":{\"@id\":\"https:\/\/turismopatagonia.ar\/#website\"},\"datePublished\":\"2026-04-14T17:41:31+00:00\",\"dateModified\":\"2026-04-14T18:33:14+00:00\",\"breadcrumb\":{\"@id\":\"https:\/\/turismopatagonia.ar\/product\/noche-encantada-cena-en-refugio-de-montana-con-ascenso-4x4#breadcrumb\"},\"inLanguage\":\"en-US\",\"potentialAction\":[{\"@type\":\"ReadAction\",\"target\":[\"https:\/\/turismopatagonia.ar\/product\/noche-encantada-cena-en-refugio-de-montana-con-ascenso-4x4\"]}]},{\"@type\":\"BreadcrumbList\",\"@id\":\"https:\/\/turismopatagonia.ar\/product\/noche-encantada-cena-en-refugio-de-montana-con-ascenso-4x4#breadcrumb\",\"itemListElement\":[{\"@type\":\"ListItem\",\"position\":1,\"name\":\"Home\",\"item\":\"https:\/\/turismopatagonia.ar\/\"},{\"@type\":\"ListItem\",\"position\":2,\"name\":\"Shop\",\"item\":\"https:\/\/turismopatagonia.ar\/shop\"},{\"@type\":\"ListItem\",\"position\":3,\"name\":\"Noche Encantada: Cena en Refugio de Monta\u00f1a con Ascenso 4&#215;4\"}]},{\"@type\":\"WebSite\",\"@id\":\"https:\/\/turismopatagonia.ar\/#website\",\"url\":\"https:\/\/turismopatagonia.ar\/\",\"name\":\"Turismo en Patagonia Bariloche\",\"description\":\"Descubre la belleza de la Patagonia: gu\u00edas, actividades y destinos tur\u00edsticos en Bariloche y alrededores.\",\"publisher\":{\"@id\":\"https:\/\/turismopatagonia.ar\/#organization\"},\"potentialAction\":[{\"@type\":\"SearchAction\",\"target\":{\"@type\":\"EntryPoint\",\"urlTemplate\":\"https:\/\/turismopatagonia.ar\/?s={search_term_string}\"},\"query-input\":{\"@type\":\"PropertyValueSpecification\",\"valueRequired\":true,\"valueName\":\"search_term_string\"}}],\"inLanguage\":\"en-US\"},{\"@type\":\"Organization\",\"@id\":\"https:\/\/turismopatagonia.ar\/#organization\",\"name\":\"Turismo en Patagonia Bariloche\",\"url\":\"https:\/\/turismopatagonia.ar\/\",\"logo\":{\"@type\":\"ImageObject\",\"inLanguage\":\"en-US\",\"@id\":\"https:\/\/turismopatagonia.ar\/#\/schema\/logo\/image\/\",\"url\":\"https:\/\/turismopatagonia.ar\/wp-content\/uploads\/2023\/04\/logo-tirismo-copia.png\",\"contentUrl\":\"https:\/\/turismopatagonia.ar\/wp-content\/uploads\/2023\/04\/logo-tirismo-copia.png\",\"width\":270,\"height\":100,\"caption\":\"Turismo en Patagonia Bariloche\"},\"image\":{\"@id\":\"https:\/\/turismopatagonia.ar\/#\/schema\/logo\/image\/\"}}]}<\/script>\n<meta property=\"product:price:amount\" content=\"239500.00\" \/>\n<meta property=\"product:price:currency\" content=\"ARS\" \/>\n<meta property=\"og:availability\" content=\"instock\" \/>\n<meta property=\"product:availability\" content=\"instock\" \/>\n<meta property=\"product:retailer_item_id\" content=\"ADV2026NOEN7K2Q\" \/>\n<meta property=\"product:condition\" content=\"new\" \/>\n<!-- \/ Yoast SEO Premium plugin. -->","yoast_head_json":{"title":"Enchanted Night: Dinner at a Mountain Hut with a 4WD Ascent - Patagonia Bariloche Tourist Bariloche","robots":{"index":"index","follow":"follow","max-snippet":"max-snippet:-1","max-image-preview":"max-image-preview:large","max-video-preview":"max-video-preview:-1"},"canonical":"https:\/\/turismopatagonia.ar\/en\/product\/enchanted-night-dinner-in-mountain-hut-with-4wd-ascent\/","og_locale":"en_US","og_type":"article","og_title":"Noche Encantada: Cena en Refugio de Monta\u00f1a con Ascenso 4x4","og_description":"Ascenso en 4x4 bajo las estrellas, vistas panor\u00e1micas inolvidables y una cena gourmet en refugio de monta\u00f1a que combina aventura, naturaleza y gastronom\u00eda.","og_url":"https:\/\/turismopatagonia.ar\/en\/product\/enchanted-night-dinner-in-mountain-hut-with-4wd-ascent\/","og_site_name":"Turismo en Patagonia Bariloche","article_modified_time":"2026-04-14T18:33:14+00:00","twitter_card":"summary_large_image","twitter_misc":{"Price":"&#36;&nbsp;239.500,00","Availability":"In stock"},"schema":{"@context":"https:\/\/schema.org","@graph":[{"@type":["WebPage","ItemPage"],"@id":"https:\/\/turismopatagonia.ar\/product\/noche-encantada-cena-en-refugio-de-montana-con-ascenso-4x4","url":"https:\/\/turismopatagonia.ar\/product\/noche-encantada-cena-en-refugio-de-montana-con-ascenso-4x4","name":"Enchanted Night: Dinner at a Mountain Hut with a 4WD Ascent - Patagonia Bariloche Tourist Bariloche","isPartOf":{"@id":"https:\/\/turismopatagonia.ar\/#website"},"datePublished":"2026-04-14T17:41:31+00:00","dateModified":"2026-04-14T18:33:14+00:00","breadcrumb":{"@id":"https:\/\/turismopatagonia.ar\/product\/noche-encantada-cena-en-refugio-de-montana-con-ascenso-4x4#breadcrumb"},"inLanguage":"en-US","potentialAction":[{"@type":"ReadAction","target":["https:\/\/turismopatagonia.ar\/product\/noche-encantada-cena-en-refugio-de-montana-con-ascenso-4x4"]}]},{"@type":"BreadcrumbList","@id":"https:\/\/turismopatagonia.ar\/product\/noche-encantada-cena-en-refugio-de-montana-con-ascenso-4x4#breadcrumb","itemListElement":[{"@type":"ListItem","position":1,"name":"Home","item":"https:\/\/turismopatagonia.ar\/"},{"@type":"ListItem","position":2,"name":"Shop","item":"https:\/\/turismopatagonia.ar\/shop"},{"@type":"ListItem","position":3,"name":"Noche Encantada: Cena en Refugio de Monta\u00f1a con Ascenso 4&#215;4"}]},{"@type":"WebSite","@id":"https:\/\/turismopatagonia.ar\/#website","url":"https:\/\/turismopatagonia.ar\/","name":"Tourism in Patagonia Bariloche","description":"Discover the beauty of Patagonia: guides, activities and tourist destinations in and around Bariloche.","publisher":{"@id":"https:\/\/turismopatagonia.ar\/#organization"},"potentialAction":[{"@type":"SearchAction","target":{"@type":"EntryPoint","urlTemplate":"https:\/\/turismopatagonia.ar\/?s={search_term_string}"},"query-input":{"@type":"PropertyValueSpecification","valueRequired":true,"valueName":"search_term_string"}}],"inLanguage":"en-US"},{"@type":"Organization","@id":"https:\/\/turismopatagonia.ar\/#organization","name":"Tourism in Patagonia Bariloche","url":"https:\/\/turismopatagonia.ar\/","logo":{"@type":"ImageObject","inLanguage":"en-US","@id":"https:\/\/turismopatagonia.ar\/#\/schema\/logo\/image\/","url":"https:\/\/turismopatagonia.ar\/wp-content\/uploads\/2023\/04\/logo-tirismo-copia.png","contentUrl":"https:\/\/turismopatagonia.ar\/wp-content\/uploads\/2023\/04\/logo-tirismo-copia.png","width":270,"height":100,"caption":"Turismo en Patagonia Bariloche"},"image":{"@id":"https:\/\/turismopatagonia.ar\/#\/schema\/logo\/image\/"}}]},"product_price_amount":"239500.00","product_price_currency":"ARS","og_availability":"instock","product_availability":"instock","product_retailer_item_id":"ADV2026NOEN7K2Q","product_condition":"new"},"_links":{"self":[{"href":"https:\/\/turismopatagonia.ar\/en\/wp-json\/wp\/v2\/product\/392059","targetHints":{"allow":["GET"]}}],"collection":[{"href":"https:\/\/turismopatagonia.ar\/en\/wp-json\/wp\/v2\/product"}],"about":[{"href":"https:\/\/turismopatagonia.ar\/en\/wp-json\/wp\/v2\/types\/product"}],"replies":[{"embeddable":true,"href":"https:\/\/turismopatagonia.ar\/en\/wp-json\/wp\/v2\/comments?post=392059"}],"wp:attachment":[{"href":"https:\/\/turismopatagonia.ar\/en\/wp-json\/wp\/v2\/media?parent=392059"}],"wp:term":[{"taxonomy":"product_brand","embeddable":true,"href":"https:\/\/turismopatagonia.ar\/en\/wp-json\/wp\/v2\/product_brand?post=392059"},{"taxonomy":"product_cat","embeddable":true,"href":"https:\/\/turismopatagonia.ar\/en\/wp-json\/wp\/v2\/product_cat?post=392059"},{"taxonomy":"product_tag","embeddable":true,"href":"https:\/\/turismopatagonia.ar\/en\/wp-json\/wp\/v2\/product_tag?post=392059"}],"curies":[{"name":"wp","href":"https:\/\/api.w.org\/{rel}","templated":true}]}}