{"id":357551,"date":"2022-12-12T19:03:55","date_gmt":"2022-12-12T19:03:55","guid":{"rendered":"https:\/\/turismopatagonia.ar\/?page_id=357551"},"modified":"2025-02-03T12:59:42","modified_gmt":"2025-02-03T12:59:42","slug":"contactos-turismo-en-patagonia-bariloche","status":"publish","type":"page","link":"https:\/\/turismopatagonia.ar\/pt\/contatos-turismo-na-patagonia-bariloche","title":{"rendered":"Contatos"},"content":{"rendered":"<p>[et_pb_section fb_built=\u00bb1&#8243; custom_padding_last_edited=\u00bbon|phone\u00bb admin_label=\u00bbEryx Header &#8211; Grace\u00bb module_class=\u00bbgrace_header_eryx\u00bb _builder_version=\u00bb4.19.2&#8243; _module_preset=\u00bbdefault\u00bb background_color=\u00bb#222f33&#8243; custom_padding=\u00bb||||true|false\u00bb custom_padding_tablet=\u00bb80px||30px||false|false\u00bb custom_padding_phone=\u00bb40px||20px||false|false\u00bb collapsed=\u00bbon\u00bb global_colors_info=\u00bb{}\u00bb][et_pb_row custom_padding_last_edited=\u00bbon|phone\u00bb admin_label=\u00bbEryx Header &#8211; Grace &#8211; Row\u00bb _builder_version=\u00bb4.19.2&#8243; _module_preset=\u00bbdefault\u00bb width=\u00bb90%\u00bb max_width=\u00bb1170px\u00bb custom_padding=\u00bb0px||0px||true|false\u00bb custom_padding_tablet=\u00bb||80px||false|false\u00bb custom_padding_phone=\u00bb||40px||false|false\u00bb collapsed=\u00bboff\u00bb global_colors_info=\u00bb{}\u00bb][et_pb_column type=\u00bb4_4&#8243; _builder_version=\u00bb4.19.2&#8243; _module_preset=\u00bbdefault\u00bb global_colors_info=\u00bb{}\u00bb][et_pb_text admin_label=\u00bbEryx Header &#8211; Grace &#8211; Text &#8211; Contact us\u00bb module_class=\u00bb \u00bb _builder_version=\u00bb4.21.0&#8243; _module_preset=\u00bbdefault\u00bb text_font=\u00bbBai Jamjuree||||||||\u00bb text_text_color=\u00bb#b0b1b1&#8243; text_font_size=\u00bb18px\u00bb header_font=\u00bbMarmelad||||||||\u00bb header_text_color=\u00bb#FFFFFF\u00bb header_font_size=\u00bb65px\u00bb header_letter_spacing=\u00bb-1.7px\u00bb custom_margin=\u00bb||10px||false|false\u00bb link_option_url=\u00bb \u00bb text_font_size_tablet=\u00bb\u00bb text_font_size_phone=\u00bb16px\u00bb text_font_size_last_edited=\u00bbon|phone\u00bb header_font_size_tablet=\u00bb30px\u00bb header_font_size_phone=\u00bb20px\u00bb header_font_size_last_edited=\u00bbon|phone\u00bb global_colors_info=\u00bb{}\u00bb]<\/p>\n<h5 class=\"serp-title\"><a href=\"https:\/\/turismopatagonia.ar\/\"><mark>turismo en Patagonia Bariloche<\/mark><\/a><\/h5>\n<h1><a href=\"https:\/\/www.turcentral.com\/es\/\">Contactos<\/a><\/h1>\n<p>[\/et_pb_text][\/et_pb_column][\/et_pb_row][et_pb_row admin_label=\u00bbEryx Header &#8211; Grace &#8211; Row\u00bb _builder_version=\u00bb4.16&#8243; _module_preset=\u00bbdefault\u00bb width=\u00bb100%\u00bb max_width=\u00bb100%\u00bb global_colors_info=\u00bb{}\u00bb][et_pb_column type=\u00bb4_4&#8243; _builder_version=\u00bb4.16&#8243; _module_preset=\u00bbdefault\u00bb global_colors_info=\u00bb{}\u00bb][et_pb_code raw_content_tablet=\u00bb<iframe src=%22https:\/\/www.google.com\/maps\/embed?pb=!1m18!1m12!1m3!1d3005.03655128613!2d-71.30836468436968!3d-41.13372803893227!2m3!1f0!2f0!3f0!3m2!1i1024!2i768!4f13.1!3m3!1m2!1s0x961a7b876c806d1f%3A0x42d550595fc55e44!2sTur%20central!5e0!3m2!1sit!2sit!4v1670873077473!5m2!1sit!2sit%22 width=%22100%%22 height=%22480%22 style=%22border:0;%22 allowfullscreen=%22%22 loading=%22lazy%22 referrerpolicy=%22no-referrer-when-downgrade%22><\/iframe>\u00bb raw_content_phone=\u00bb<iframe src=%22https:\/\/www.google.com\/maps\/embed?pb=!1m18!1m12!1m3!1d3005.03655128613!2d-71.30836468436968!3d-41.13372803893227!2m3!1f0!2f0!3f0!3m2!1i1024!2i768!4f13.1!3m3!1m2!1s0x961a7b876c806d1f%3A0x42d550595fc55e44!2sTur%20central!5e0!3m2!1sit!2sit!4v1670873077473!5m2!1sit!2sit%22 width=%22100%%22 height=%22480%22 style=%22border:0;%22 allowfullscreen=%22%22 loading=%22lazy%22 referrerpolicy=%22no-referrer-when-downgrade%22><\/iframe>\u00bb raw_content_last_edited=\u00bbon|desktop\u00bb admin_label=\u00bbEryx Header &#8211; Grace &#8211; Map\u00bb module_class=\u00bb \u00bb _builder_version=\u00bb4.27.4&#8243; _module_preset=\u00bbdefault\u00bb min_height=\u00bb480px\u00bb min_height_tablet=\u00bb350px\u00bb min_height_phone=\u00bb200px\u00bb min_height_last_edited=\u00bbon|phone\u00bb link_option_url=\u00bbhttps:\/\/www.turcentral.com\/es\/\u00bb hover_enabled=\u00bb0&#8243; global_colors_info=\u00bb{}\u00bb sticky_enabled=\u00bb0&#8243;]<iframe src=\"https:\/\/www.google.com\/maps\/embed?pb=!1m18!1m12!1m3!1d3005.03655128613!2d-71.30836468436968!3d-41.13372803893227!2m3!1f0!2f0!3f0!3m2!1i1024!2i768!4f13.1!3m3!1m2!1s0x961a7b876c806d1f%3A0x42d550595fc55e44!2sTur%20central!5e0!3m2!1sit!2sit!4v1670873077473!5m2!1sit!2sit\" width=\"100%\" height=\"480\" style=\"border:0;\" allowfullscreen=\"\" loading=\"lazy\" referrerpolicy=\"no-referrer-when-downgrade\"><\/iframe>[\/et_pb_code][\/et_pb_column][\/et_pb_row][et_pb_row column_structure=\u00bb1_3,1_3,1_3&#8243; use_custom_gutter=\u00bbon\u00bb gutter_width=\u00bb2&#8243; custom_padding_last_edited=\u00bbon|phone\u00bb admin_label=\u00bbEryx Header &#8211; Grace &#8211; Row\u00bb module_class=\u00bbgrace_header_eryx_blurbs\u00bb _builder_version=\u00bb4.16&#8243; _module_preset=\u00bbdefault\u00bb width=\u00bb90%\u00bb max_width=\u00bb1170px\u00bb custom_padding=\u00bb50px||||false|false\u00bb custom_padding_tablet=\u00bb40px||||false|false\u00bb custom_padding_phone=\u00bb30px||||false|false\u00bb global_colors_info=\u00bb{}\u00bb][et_pb_column type=\u00bb1_3&#8243; _builder_version=\u00bb4.16&#8243; _module_preset=\u00bbdefault\u00bb global_colors_info=\u00bb{}\u00bb][et_pb_blurb title=\u00bb+54 9 (294) 415-0596&#8243; image=\u00bbhttps:\/\/turismopatagonia.ar\/wp-content\/uploads\/2022\/12\/grace-header-eryx-blurb-1.png\u00bb alt=\u00bbturismo en Patagonia Bariloche\u00bb icon_placement=\u00bbleft\u00bb image_icon_width=\u00bb42px\u00bb admin_label=\u00bbEryx Header &#8211; Grace &#8211; Blurb &#8211; image size:44x44px\u00bb _builder_version=\u00bb4.27.4&#8243; _module_preset=\u00bbdefault\u00bb header_font=\u00bbMarmelad||||||||\u00bb header_text_align=\u00bbright\u00bb header_text_color=\u00bb#FFFFFF\u00bb header_font_size=\u00bb25px\u00bb body_font=\u00bbBai Jamjuree||||||||\u00bb body_text_align=\u00bbright\u00bb body_text_color=\u00bb#b0b1b1&#8243; body_font_size=\u00bb16px\u00bb max_width=\u00bb90%\u00bb hover_enabled=\u00bb0&#8243; header_text_align_tablet=\u00bbleft\u00bb header_text_align_phone=\u00bbleft\u00bb header_text_align_last_edited=\u00bbon|phone\u00bb header_font_size_tablet=\u00bb20px\u00bb header_font_size_phone=\u00bb18px\u00bb header_font_size_last_edited=\u00bbon|phone\u00bb body_text_align_tablet=\u00bbleft\u00bb body_text_align_phone=\u00bb\u00bb body_text_align_last_edited=\u00bbon|phone\u00bb image_max_width=\u00bb42px\u00bb global_colors_info=\u00bb{}\u00bb sticky_enabled=\u00bb0&#8243;][\/et_pb_blurb][\/et_pb_column][et_pb_column type=\u00bb1_3&#8243; _builder_version=\u00bb4.16&#8243; _module_preset=\u00bbdefault\u00bb global_colors_info=\u00bb{}\u00bb][\/et_pb_column][et_pb_column type=\u00bb1_3&#8243; _builder_version=\u00bb4.16&#8243; _module_preset=\u00bbdefault\u00bb global_colors_info=\u00bb{}\u00bb][et_pb_blurb title=\u00bb turismopatagonia01@gmail.com\u00bb url=\u00bbmailto:contact@turcentral.com\u00bb image=\u00bbhttps:\/\/turismopatagonia.ar\/wp-content\/uploads\/2022\/12\/grace-header-eryx-blurb-3.png\u00bb alt=\u00bbturismo en Patagonia Bariloche\u00bb icon_placement=\u00bbleft\u00bb image_icon_width=\u00bb42px\u00bb admin_label=\u00bbEryx Header &#8211; Grace &#8211; Blurb &#8211; image size:44x44px\u00bb _builder_version=\u00bb4.27.4&#8243; _module_preset=\u00bbdefault\u00bb header_font=\u00bbMarmelad||||||||\u00bb header_text_align=\u00bbright\u00bb header_text_color=\u00bb#FFFFFF\u00bb header_font_size=\u00bb25px\u00bb body_font=\u00bbBai Jamjuree||||||||\u00bb body_text_align=\u00bbright\u00bb body_text_color=\u00bb#b0b1b1&#8243; body_font_size=\u00bb16px\u00bb max_width=\u00bb90%\u00bb hover_enabled=\u00bb0&#8243; header_text_align_tablet=\u00bbleft\u00bb header_text_align_phone=\u00bb\u00bb header_text_align_last_edited=\u00bbon|phone\u00bb header_font_size_tablet=\u00bb20px\u00bb header_font_size_phone=\u00bb18px\u00bb header_font_size_last_edited=\u00bbon|phone\u00bb body_text_align_tablet=\u00bbleft\u00bb body_text_align_phone=\u00bb\u00bb body_text_align_last_edited=\u00bbon|phone\u00bb image_max_width=\u00bb42px\u00bb global_colors_info=\u00bb{}\u00bb sticky_enabled=\u00bb0&#8243;][\/et_pb_blurb][\/et_pb_column][\/et_pb_row][\/et_pb_section][et_pb_section fb_built=\u00bb1&#8243; custom_padding_last_edited=\u00bbon|desktop\u00bb admin_label=\u00bbEvander Contact &#8211; Grace\u00bb module_class=\u00bbgrace_content_evander\u00bb _builder_version=\u00bb4.16&#8243; _module_preset=\u00bbdefault\u00bb background_color=\u00bb#12161a\u00bb custom_padding=\u00bb130px||30px||false|false\u00bb custom_padding_tablet=\u00bb90px||||false|false\u00bb custom_padding_phone=\u00bb45px||||false|false\u00bb collapsed=\u00bbon\u00bb global_colors_info=\u00bb{}\u00bb][et_pb_row column_structure=\u00bb2_3,1_3&#8243; use_custom_gutter=\u00bbon\u00bb gutter_width=\u00bb2&#8243; admin_label=\u00bbEvander Contact &#8211; Grace &#8211; Row\u00bb _builder_version=\u00bb4.16&#8243; _module_preset=\u00bbdefault\u00bb width=\u00bb90%\u00bb max_width=\u00bb1170px\u00bb custom_padding=\u00bb0px||||false|false\u00bb global_colors_info=\u00bb{}\u00bb][et_pb_column type=\u00bb2_3&#8243; _builder_version=\u00bb4.16&#8243; _module_preset=\u00bbdefault\u00bb global_colors_info=\u00bb{}\u00bb][et_pb_text admin_label=\u00bbEvander Contact &#8211; Grace &#8211; Say Hello!\u00bb _builder_version=\u00bb4.19.2&#8243; _module_preset=\u00bbdefault\u00bb text_font=\u00bbMarmelad|||on|||||\u00bb text_text_color=\u00bb#b0b1b1&#8243; text_font_size=\u00bb28px\u00bb text_line_height=\u00bb-1.7px\u00bb custom_margin=\u00bb||20px||false|false\u00bb custom_padding=\u00bb20px||20px||true|false\u00bb text_font_size_tablet=\u00bb22px\u00bb text_font_size_phone=\u00bb20px\u00bb text_font_size_last_edited=\u00bbon|phone\u00bb custom_css_main_element=\u00bbfont-weihgt: 400;\u00bb global_colors_info=\u00bb{}\u00bb]<\/p>\n<p>hola haz tu pedido<\/p>\n<p>[\/et_pb_text][et_pb_contact_form email=\u00bbcontact@turcentral.com\u00bb success_message=\u00bbgracias por tu solicitud\u00bb submit_button_text=\u00bbInviar\u00bb admin_label=\u00bbEvander Contact &#8211; Grace &#8211; Contact Form\u00bb module_class=\u00bbgrace_content_evaner_contact_form\u00bb _builder_version=\u00bb4.21.0&#8243; _module_preset=\u00bbdefault\u00bb _unique_id=\u00bb8eb30618-bade-4747-b561-5751dd8d9abd\u00bb form_field_background_color=\u00bbRGBA(0,0,0,0)\u00bb form_field_text_color=\u00bb#FFFFFF\u00bb form_field_focus_background_color=\u00bbRGBA(0,0,0,0)\u00bb form_field_focus_text_color=\u00bb#FFFFFF\u00bb form_field_custom_padding=\u00bb12px|18px|12px|18px|true|true\u00bb form_field_font=\u00bbBai Jamjuree||||||||\u00bb form_field_text_align=\u00bbleft\u00bb form_field_font_size=\u00bb16px\u00bb custom_button=\u00bbon\u00bb button_text_size=\u00bb16px\u00bb button_text_color=\u00bb#ffffff\u00bb button_bg_color=\u00bb#3b5559&#8243; button_border_color=\u00bb#3b5559&#8243; button_border_radius=\u00bb0px\u00bb button_use_icon=\u00bboff\u00bb button_custom_padding=\u00bb9px|18px|9px|18px|true|true\u00bb hover_enabled=\u00bb0&#8243; border_width_all=\u00bb2px\u00bb border_color_all=\u00bb#2d4044&#8243; global_colors_info=\u00bb{}\u00bb button_bg_color__hover_enabled=\u00bbon|hover\u00bb button_bg_color__hover=\u00bbrgba(59,85,89,0)\u00bb button_bg_enable_color__hover=\u00bbon\u00bb sticky_enabled=\u00bb0&#8243;][et_pb_contact_field field_id=\u00bbName\u00bb field_title=\u00bb name\u00bb _builder_version=\u00bb4.19.2&#8243; global_colors_info=\u00bb{}\u00bb button_text_size__hover_enabled=\u00bboff\u00bb button_one_text_size__hover_enabled=\u00bboff\u00bb button_two_text_size__hover_enabled=\u00bboff\u00bb button_text_color__hover_enabled=\u00bboff\u00bb button_one_text_color__hover_enabled=\u00bboff\u00bb button_two_text_color__hover_enabled=\u00bboff\u00bb button_border_width__hover_enabled=\u00bboff\u00bb button_one_border_width__hover_enabled=\u00bboff\u00bb button_two_border_width__hover_enabled=\u00bboff\u00bb button_border_color__hover_enabled=\u00bboff\u00bb button_one_border_color__hover_enabled=\u00bboff\u00bb button_two_border_color__hover_enabled=\u00bboff\u00bb button_border_radius__hover_enabled=\u00bboff\u00bb button_one_border_radius__hover_enabled=\u00bboff\u00bb button_two_border_radius__hover_enabled=\u00bboff\u00bb button_letter_spacing__hover_enabled=\u00bboff\u00bb button_one_letter_spacing__hover_enabled=\u00bboff\u00bb button_two_letter_spacing__hover_enabled=\u00bboff\u00bb button_bg_color__hover_enabled=\u00bboff\u00bb button_one_bg_color__hover_enabled=\u00bboff\u00bb button_two_bg_color__hover_enabled=\u00bboff\u00bb][\/et_pb_contact_field][et_pb_contact_field field_id=\u00bbEmail\u00bb field_title=\u00bbYour email\u00bb field_type=\u00bbemail\u00bb _builder_version=\u00bb4.16&#8243; global_colors_info=\u00bb{}\u00bb button_text_size__hover_enabled=\u00bboff\u00bb button_one_text_size__hover_enabled=\u00bboff\u00bb button_two_text_size__hover_enabled=\u00bboff\u00bb button_text_color__hover_enabled=\u00bboff\u00bb button_one_text_color__hover_enabled=\u00bboff\u00bb button_two_text_color__hover_enabled=\u00bboff\u00bb button_border_width__hover_enabled=\u00bboff\u00bb button_one_border_width__hover_enabled=\u00bboff\u00bb button_two_border_width__hover_enabled=\u00bboff\u00bb button_border_color__hover_enabled=\u00bboff\u00bb button_one_border_color__hover_enabled=\u00bboff\u00bb button_two_border_color__hover_enabled=\u00bboff\u00bb button_border_radius__hover_enabled=\u00bboff\u00bb button_one_border_radius__hover_enabled=\u00bboff\u00bb button_two_border_radius__hover_enabled=\u00bboff\u00bb button_letter_spacing__hover_enabled=\u00bboff\u00bb button_one_letter_spacing__hover_enabled=\u00bboff\u00bb button_two_letter_spacing__hover_enabled=\u00bboff\u00bb button_bg_color__hover_enabled=\u00bboff\u00bb button_one_bg_color__hover_enabled=\u00bboff\u00bb button_two_bg_color__hover_enabled=\u00bboff\u00bb][\/et_pb_contact_field][et_pb_contact_field field_id=\u00bbMessage\u00bb field_title=\u00bbYour message\u00bb field_type=\u00bbtext\u00bb fullwidth_field=\u00bbon\u00bb _builder_version=\u00bb4.16&#8243; height=\u00bb210px\u00bb global_colors_info=\u00bb{}\u00bb button_text_size__hover_enabled=\u00bboff\u00bb button_one_text_size__hover_enabled=\u00bboff\u00bb button_two_text_size__hover_enabled=\u00bboff\u00bb button_text_color__hover_enabled=\u00bboff\u00bb button_one_text_color__hover_enabled=\u00bboff\u00bb button_two_text_color__hover_enabled=\u00bboff\u00bb button_border_width__hover_enabled=\u00bboff\u00bb button_one_border_width__hover_enabled=\u00bboff\u00bb button_two_border_width__hover_enabled=\u00bboff\u00bb button_border_color__hover_enabled=\u00bboff\u00bb button_one_border_color__hover_enabled=\u00bboff\u00bb button_two_border_color__hover_enabled=\u00bboff\u00bb button_border_radius__hover_enabled=\u00bboff\u00bb button_one_border_radius__hover_enabled=\u00bboff\u00bb button_two_border_radius__hover_enabled=\u00bboff\u00bb button_letter_spacing__hover_enabled=\u00bboff\u00bb button_one_letter_spacing__hover_enabled=\u00bboff\u00bb button_two_letter_spacing__hover_enabled=\u00bboff\u00bb button_bg_color__hover_enabled=\u00bboff\u00bb button_one_bg_color__hover_enabled=\u00bboff\u00bb button_two_bg_color__hover_enabled=\u00bboff\u00bb][\/et_pb_contact_field][\/et_pb_contact_form][\/et_pb_column][et_pb_column type=\u00bb1_3&#8243; _builder_version=\u00bb4.16&#8243; _module_preset=\u00bbdefault\u00bb global_colors_info=\u00bb{}\u00bb][et_pb_image src=\u00bbhttps:\/\/turismopatagonia.ar\/wp-content\/uploads\/2023\/04\/logo-tirismo-copia.png\u00bb title_text=\u00bblogo tirismo copia\u00bb show_bottom_space=\u00bboff\u00bb align=\u00bbcenter\u00bb align_last_edited=\u00bboff|desktop\u00bb admin_label=\u00bbEvander Contact &#8211; Grace &#8211; Image &#8211; Image size:361x419px\u00bb _builder_version=\u00bb4.21.0&#8243; _module_preset=\u00bbdefault\u00bb background_color=\u00bb#E09900&#8243; max_width=\u00bb50%\u00bb max_width_tablet=\u00bb50%\u00bb max_width_phone=\u00bb30%\u00bb max_width_last_edited=\u00bbon|desktop\u00bb height_tablet=\u00bb\u00bb height_phone=\u00bb\u00bb height_last_edited=\u00bbon|phone\u00bb max_height=\u00bb300px\u00bb custom_margin=\u00bb||20px||false|false\u00bb border_radii=\u00bboff|50%|50%||\u00bb global_colors_info=\u00bb{}\u00bb][\/et_pb_image][et_pb_text admin_label=\u00bbEvander Contact &#8211; Grace &#8211; Experience you can trust\u00bb _builder_version=\u00bb4.19.2&#8243; _module_preset=\u00bbdefault\u00bb text_font=\u00bbMarmelad||||||||\u00bb text_text_color=\u00bb#FFFFFF\u00bb text_font_size=\u00bb24px\u00bb text_line_height=\u00bb130%\u00bb text_orientation=\u00bbcenter\u00bb max_width=\u00bb80%\u00bb module_alignment=\u00bbcenter\u00bb text_font_size_tablet=\u00bb22px\u00bb text_font_size_phone=\u00bb20px\u00bb text_font_size_last_edited=\u00bbon|desktop\u00bb custom_css_main_element=\u00bbfont-weight: 400;\u00bb global_colors_info=\u00bb{}\u00bb]<\/p>\n<p>Experiencia en la que puede confiar, servicio en el que puede confiar.<\/p>\n<p>[\/et_pb_text][\/et_pb_column][\/et_pb_row][\/et_pb_section]<\/p>\n","protected":false},"excerpt":{"rendered":"<p>[et_pb_section fb_built=\u00bb1&#8243; custom_padding_last_edited=\u00bbon|phone\u00bb admin_label=\u00bbEryx Header &#8211; Grace\u00bb module_class=\u00bbgrace_header_eryx\u00bb _builder_version=\u00bb4.19.2&#8243; _module_preset=\u00bbdefault\u00bb background_color=\u00bb#222f33&#8243; custom_padding=\u00bb||||true|false\u00bb custom_padding_tablet=\u00bb80px||30px||false|false\u00bb custom_padding_phone=\u00bb40px||20px||false|false\u00bb collapsed=\u00bbon\u00bb global_colors_info=\u00bb{}\u00bb][et_pb_row custom_padding_last_edited=\u00bbon|phone\u00bb admin_label=\u00bbEryx Header &#8211;<\/p>\n","protected":false},"author":2,"featured_media":0,"parent":0,"menu_order":0,"comment_status":"closed","ping_status":"closed","template":"","meta":{"footnotes":""},"class_list":["post-357551","page","type-page","status-publish","hentry"],"yoast_head":"<!-- This site is optimized with the Yoast SEO Premium plugin v24.5 (Yoast SEO v24.8) - https:\/\/yoast.com\/wordpress\/plugins\/seo\/ -->\n<title>Contactos - Turismo en Patagonia Bariloche<\/title>\n<meta name=\"robots\" content=\"index, follow, max-snippet:-1, max-image-preview:large, max-video-preview:-1\" \/>\n<link rel=\"canonical\" href=\"https:\/\/turismopatagonia.ar\/pt\/contatos-turismo-na-patagonia-bariloche\/\" \/>\n<meta property=\"og:locale\" content=\"pt_BR\" \/>\n<meta property=\"og:type\" content=\"article\" \/>\n<meta property=\"og:title\" content=\"Contactos\" \/>\n<meta property=\"og:description\" content=\"[et_pb_section fb_built=\u00bb1&#8243; custom_padding_last_edited=\u00bbon|phone\u00bb admin_label=\u00bbEryx Header &#8211; Grace\u00bb module_class=\u00bbgrace_header_eryx\u00bb _builder_version=\u00bb4.19.2&#8243; _module_preset=\u00bbdefault\u00bb background_color=\u00bb#222f33&#8243; custom_padding=\u00bb||||true|false\u00bb custom_padding_tablet=\u00bb80px||30px||false|false\u00bb custom_padding_phone=\u00bb40px||20px||false|false\u00bb collapsed=\u00bbon\u00bb global_colors_info=\u00bb{}\u00bb][et_pb_row custom_padding_last_edited=\u00bbon|phone\u00bb admin_label=\u00bbEryx Header &#8211;\" \/>\n<meta property=\"og:url\" content=\"https:\/\/turismopatagonia.ar\/pt\/contatos-turismo-na-patagonia-bariloche\/\" \/>\n<meta property=\"og:site_name\" content=\"Turismo en Patagonia Bariloche\" \/>\n<meta property=\"article:modified_time\" content=\"2025-02-03T12:59:42+00:00\" \/>\n<meta name=\"twitter:card\" content=\"summary_large_image\" \/>\n<meta name=\"twitter:label1\" content=\"Est. tempo de leitura\" \/>\n\t<meta name=\"twitter:data1\" content=\"9 minutos\" \/>\n<script type=\"application\/ld+json\" class=\"yoast-schema-graph\">{\"@context\":\"https:\/\/schema.org\",\"@graph\":[{\"@type\":\"WebPage\",\"@id\":\"https:\/\/turismopatagonia.ar\/contactos-turismo-en-patagonia-bariloche\",\"url\":\"https:\/\/turismopatagonia.ar\/contactos-turismo-en-patagonia-bariloche\",\"name\":\"Contactos - Turismo en Patagonia Bariloche\",\"isPartOf\":{\"@id\":\"https:\/\/turismopatagonia.ar\/#website\"},\"datePublished\":\"2022-12-12T19:03:55+00:00\",\"dateModified\":\"2025-02-03T12:59:42+00:00\",\"breadcrumb\":{\"@id\":\"https:\/\/turismopatagonia.ar\/contactos-turismo-en-patagonia-bariloche#breadcrumb\"},\"inLanguage\":\"pt-BR\",\"potentialAction\":[{\"@type\":\"ReadAction\",\"target\":[\"https:\/\/turismopatagonia.ar\/contactos-turismo-en-patagonia-bariloche\"]}]},{\"@type\":\"BreadcrumbList\",\"@id\":\"https:\/\/turismopatagonia.ar\/contactos-turismo-en-patagonia-bariloche#breadcrumb\",\"itemListElement\":[{\"@type\":\"ListItem\",\"position\":1,\"name\":\"Home\",\"item\":\"https:\/\/turismopatagonia.ar\/\"},{\"@type\":\"ListItem\",\"position\":2,\"name\":\"Contactos\"}]},{\"@type\":\"WebSite\",\"@id\":\"https:\/\/turismopatagonia.ar\/#website\",\"url\":\"https:\/\/turismopatagonia.ar\/\",\"name\":\"Turismo en Patagonia Bariloche\",\"description\":\"Descubre la belleza de la Patagonia: gu\u00edas, actividades y destinos tur\u00edsticos en Bariloche y alrededores.\",\"publisher\":{\"@id\":\"https:\/\/turismopatagonia.ar\/#organization\"},\"potentialAction\":[{\"@type\":\"SearchAction\",\"target\":{\"@type\":\"EntryPoint\",\"urlTemplate\":\"https:\/\/turismopatagonia.ar\/?s={search_term_string}\"},\"query-input\":{\"@type\":\"PropertyValueSpecification\",\"valueRequired\":true,\"valueName\":\"search_term_string\"}}],\"inLanguage\":\"pt-BR\"},{\"@type\":\"Organization\",\"@id\":\"https:\/\/turismopatagonia.ar\/#organization\",\"name\":\"Turismo en Patagonia Bariloche\",\"url\":\"https:\/\/turismopatagonia.ar\/\",\"logo\":{\"@type\":\"ImageObject\",\"inLanguage\":\"pt-BR\",\"@id\":\"https:\/\/turismopatagonia.ar\/#\/schema\/logo\/image\/\",\"url\":\"https:\/\/turismopatagonia.ar\/wp-content\/uploads\/2023\/04\/logo-tirismo-copia.png\",\"contentUrl\":\"https:\/\/turismopatagonia.ar\/wp-content\/uploads\/2023\/04\/logo-tirismo-copia.png\",\"width\":270,\"height\":100,\"caption\":\"Turismo en Patagonia Bariloche\"},\"image\":{\"@id\":\"https:\/\/turismopatagonia.ar\/#\/schema\/logo\/image\/\"}}]}<\/script>\n<!-- \/ Yoast SEO Premium plugin. -->","yoast_head_json":{"title":"Contatos - Turismo na Patag\u00f4nia Bariloche","robots":{"index":"index","follow":"follow","max-snippet":"max-snippet:-1","max-image-preview":"max-image-preview:large","max-video-preview":"max-video-preview:-1"},"canonical":"https:\/\/turismopatagonia.ar\/pt\/contatos-turismo-na-patagonia-bariloche\/","og_locale":"pt_BR","og_type":"article","og_title":"Contactos","og_description":"[et_pb_section fb_built=\u00bb1&#8243; custom_padding_last_edited=\u00bbon|phone\u00bb admin_label=\u00bbEryx Header &#8211; Grace\u00bb module_class=\u00bbgrace_header_eryx\u00bb _builder_version=\u00bb4.19.2&#8243; _module_preset=\u00bbdefault\u00bb background_color=\u00bb#222f33&#8243; custom_padding=\u00bb||||true|false\u00bb custom_padding_tablet=\u00bb80px||30px||false|false\u00bb custom_padding_phone=\u00bb40px||20px||false|false\u00bb collapsed=\u00bbon\u00bb global_colors_info=\u00bb{}\u00bb][et_pb_row custom_padding_last_edited=\u00bbon|phone\u00bb admin_label=\u00bbEryx Header &#8211;","og_url":"https:\/\/turismopatagonia.ar\/pt\/contatos-turismo-na-patagonia-bariloche\/","og_site_name":"Turismo en Patagonia Bariloche","article_modified_time":"2025-02-03T12:59:42+00:00","twitter_card":"summary_large_image","twitter_misc":{"Est. tempo de leitura":"9 minutos"},"schema":{"@context":"https:\/\/schema.org","@graph":[{"@type":"WebPage","@id":"https:\/\/turismopatagonia.ar\/contactos-turismo-en-patagonia-bariloche","url":"https:\/\/turismopatagonia.ar\/contactos-turismo-en-patagonia-bariloche","name":"Contatos - Turismo na Patag\u00f4nia Bariloche","isPartOf":{"@id":"https:\/\/turismopatagonia.ar\/#website"},"datePublished":"2022-12-12T19:03:55+00:00","dateModified":"2025-02-03T12:59:42+00:00","breadcrumb":{"@id":"https:\/\/turismopatagonia.ar\/contactos-turismo-en-patagonia-bariloche#breadcrumb"},"inLanguage":"pt-BR","potentialAction":[{"@type":"ReadAction","target":["https:\/\/turismopatagonia.ar\/contactos-turismo-en-patagonia-bariloche"]}]},{"@type":"BreadcrumbList","@id":"https:\/\/turismopatagonia.ar\/contactos-turismo-en-patagonia-bariloche#breadcrumb","itemListElement":[{"@type":"ListItem","position":1,"name":"Home","item":"https:\/\/turismopatagonia.ar\/"},{"@type":"ListItem","position":2,"name":"Contactos"}]},{"@type":"WebSite","@id":"https:\/\/turismopatagonia.ar\/#website","url":"https:\/\/turismopatagonia.ar\/","name":"Turismo na Patag\u00f4nia Bariloche","description":"Descubra a beleza da Patag\u00f4nia: guias, atividades e destinos tur\u00edsticos em Bariloche e arredores.","publisher":{"@id":"https:\/\/turismopatagonia.ar\/#organization"},"potentialAction":[{"@type":"SearchAction","target":{"@type":"EntryPoint","urlTemplate":"https:\/\/turismopatagonia.ar\/?s={search_term_string}"},"query-input":{"@type":"PropertyValueSpecification","valueRequired":true,"valueName":"search_term_string"}}],"inLanguage":"pt-BR"},{"@type":"Organization","@id":"https:\/\/turismopatagonia.ar\/#organization","name":"Turismo na Patag\u00f4nia Bariloche","url":"https:\/\/turismopatagonia.ar\/","logo":{"@type":"ImageObject","inLanguage":"pt-BR","@id":"https:\/\/turismopatagonia.ar\/#\/schema\/logo\/image\/","url":"https:\/\/turismopatagonia.ar\/wp-content\/uploads\/2023\/04\/logo-tirismo-copia.png","contentUrl":"https:\/\/turismopatagonia.ar\/wp-content\/uploads\/2023\/04\/logo-tirismo-copia.png","width":270,"height":100,"caption":"Turismo en Patagonia Bariloche"},"image":{"@id":"https:\/\/turismopatagonia.ar\/#\/schema\/logo\/image\/"}}]}},"_links":{"self":[{"href":"https:\/\/turismopatagonia.ar\/pt\/wp-json\/wp\/v2\/pages\/357551","targetHints":{"allow":["GET"]}}],"collection":[{"href":"https:\/\/turismopatagonia.ar\/pt\/wp-json\/wp\/v2\/pages"}],"about":[{"href":"https:\/\/turismopatagonia.ar\/pt\/wp-json\/wp\/v2\/types\/page"}],"author":[{"embeddable":true,"href":"https:\/\/turismopatagonia.ar\/pt\/wp-json\/wp\/v2\/users\/2"}],"replies":[{"embeddable":true,"href":"https:\/\/turismopatagonia.ar\/pt\/wp-json\/wp\/v2\/comments?post=357551"}],"version-history":[{"count":0,"href":"https:\/\/turismopatagonia.ar\/pt\/wp-json\/wp\/v2\/pages\/357551\/revisions"}],"wp:attachment":[{"href":"https:\/\/turismopatagonia.ar\/pt\/wp-json\/wp\/v2\/media?parent=357551"}],"curies":[{"name":"wp","href":"https:\/\/api.w.org\/{rel}","templated":true}]}}