{"id":376842,"date":"2022-12-13T15:22:58","date_gmt":"2022-12-13T15:22:58","guid":{"rendered":"https:\/\/turismopatagonia.ar\/?page_id=376842"},"modified":"2022-12-13T15:23:00","modified_gmt":"2022-12-13T15:23:00","slug":"cookies-privacidad-turismo-patagonia","status":"publish","type":"page","link":"https:\/\/turismopatagonia.ar\/pt\/cookies-privacidade-turismo-patagonia","title":{"rendered":"Cookies-Privacidade"},"content":{"rendered":"<p>[et_pb_section fb_built=\u00bb1&#8243; theme_builder_area=\u00bbpost_content\u00bb _builder_version=\u00bb4.19.2&#8243; _module_preset=\u00bbdefault\u00bb][et_pb_row _builder_version=\u00bb4.19.2&#8243; _module_preset=\u00bbdefault\u00bb theme_builder_area=\u00bbpost_content\u00bb][et_pb_column _builder_version=\u00bb4.19.2&#8243; _module_preset=\u00bbdefault\u00bb type=\u00bb4_4&#8243; theme_builder_area=\u00bbpost_content\u00bb][et_pb_text _builder_version=\u00bb4.19.2&#8243; _module_preset=\u00bbdefault\u00bb theme_builder_area=\u00bbpost_content\u00bb hover_enabled=\u00bb0&#8243; sticky_enabled=\u00bb0&#8243;]<\/p>\n<p>Cookies \u00ad- Privacidad<\/p>\n<p>POL\u00cdTICA DE PRIVACIDAD<\/p>\n<p>turismopatagonia.ar evt. leg.14363 establece los t\u00e9rminos de su pol\u00edtica de privacidad y el modo en que usa y protege la informaci\u00f3n que es proporcionada por sus usuarios al momento de utilizar su sitio web. Nuestra empresa est\u00e1 comprometida con la seguridad de los datos de sus usuarios. Cuando le pedimos llenar los campos de informaci\u00f3n personal con la cual usted pueda ser identificado, lo hacemos asegurando que s\u00f3lo se emplea de acuerdo con los t\u00e9rminos de este documento. Sin embargo esta Pol\u00edtica de Privacidad puede cambiar con el tiempo o ser actualizada por lo que le recomendamos y enfatizamos revisar continuamente esta p\u00e1gina para asegurarse que est\u00e1 de acuerdo con dichos cambios.<\/p>\n<p>Informaci\u00f3n que es recogida<\/p>\n<p>turismopatagonia.ar evt. leg.14363 podr\u00e1 desde su sitio web recoger informaci\u00f3n personal por ejemplo: Nombre, informaci\u00f3n de contacto como su direcci\u00f3n de correo electr\u00f3nico e informaci\u00f3n demogr\u00e1fica, etc. As\u00ed mismo cuando sea necesario podr\u00e1 ser requerida informaci\u00f3n espec\u00edfica para procesar alguna reserva, realizar alg\u00fan cambio, entrega de facturaci\u00f3n, etc.<\/p>\n<p>Uso de la informaci\u00f3n recogida<\/p>\n<p>La web de nuestra empresa emplea la informaci\u00f3n con el fin de proporcionar el mejor servicio posible, particularmente para mantener un registro de usuarios, de pedidos en caso que aplique, y mejorar nuestros productos y servicios. Es posible que sean enviados correos electr\u00f3nicos peri\u00f3dicamente a trav\u00e9s de nuestro sitio con ofertas especiales, nuevos productos y otra informaci\u00f3n publicitaria que consideremos relevante para usted o que pueda brindar alg\u00fan beneficio, estos correos electr\u00f3nicos ser\u00e1n enviados a la direcci\u00f3n que usted proporcione y podr\u00e1n ser cancelados en cualquier momento.<\/p>\n<p>turismopatagonia.ar evt.leg 14363 est\u00e1 altamente comprometido para cumplir con el compromiso de mantener su informaci\u00f3n segura. Usamos los sistemas m\u00e1s avanzados y los actualizamos constantemente para asegurarnos que no exista ning\u00fan acceso no autorizado.<\/p>\n<p>Cookies<\/p>\n<p>Una cookie se refiere a un fichero que es enviado con la finalidad de solicitar permiso para almacenarse en su ordenador, al aceptar dicho fichero se crea y la cookie sirve entonces para tener informaci\u00f3n respecto al tr\u00e1fico web, y tambi\u00e9n facilita las futuras visitas a una web recurrente. Otra funci\u00f3n que tienen las cookies es que con ellas las web pueden reconocerse individualmente y por tanto brindarte el mejor servicio personalizado de su web.<\/p>\n<p>Nuestro sitio web emplea las cookies para poder identificar las p\u00e1ginas que son visitadas y su frecuencia. Esta informaci\u00f3n es empleada \u00fanicamente para an\u00e1lisis estad\u00edstico y despu\u00e9s la informaci\u00f3n se elimina de forma permanente. Usted puede eliminar las cookies en cualquier momento desde su ordenador. Sin embargo las cookies ayudan a proporcionar un mejor servicio de los sitios web, estas no dan acceso a informaci\u00f3n de su ordenador ni de usted, a menos de que usted as\u00ed lo quiera y la proporcione directamente, Usted puede aceptar o negar el uso de cookies, sin embargo la mayor\u00eda de navegadores aceptan cookies autom\u00e1ticamente pues sirve para tener un mejor servicio web. Tambi\u00e9n usted puede cambiar la configuraci\u00f3n de su ordenador para declinar las cookies. Si se declinan es posible que no pueda utilizar algunos de nuestros servicios.<\/p>\n<p>Enlaces a Terceros<\/p>\n<p>Este sitio web pudiera contener enlaces a otros sitios que pudieran ser de su inter\u00e9s. Una vez que usted d\u00e9 clic en estos enlaces y abandone nuestra p\u00e1gina, ya no tenemos control sobre al sitio al que es redirigido y por lo tanto no somos responsables de los t\u00e9rminos o privacidad ni de la protecci\u00f3n de sus datos en esos otros sitios terceros. Dichos sitios est\u00e1n sujetos a sus propias pol\u00edticas de privacidad por lo cual es recomendable que los consulte para confirmar que usted est\u00e1 de acuerdo con estas.<\/p>\n<p>Garant\u00edas de Seguridad Integridad y Confidencialidad<\/p>\n<p>Una vez registrado en su sitio Web, turismopatagonia.ar no vender\u00e1, alquilar\u00e1 o compartir\u00e1 la Informaci\u00f3n Personal excepto en las formas establecidas en estas pol\u00edticas. Sin perjuicio de ello, tenga presente que cuando utiliza este sitio web usted toma conocimiento y acepta que los Datos Personales puede ser transferidos a las compa\u00f1\u00edas que forman el grupo de proveedores de servicios por alg\u00fan prop\u00f3sito relacionado a poder brindarle los servicios por usted solicitados y a fin de que Power trip brc pueda cumplir con los mismos, turismopatagonia.ar ha adoptado las medidas t\u00e9cnicas y organizacionales necesarias para garantizar la seguridad y confidencialidad de los datos para evitar su alteraci\u00f3n, p\u00e9rdida, tratamiento, acceso no autorizado por parte de terceros y\/o la transmisi\u00f3n a una parte no autorizada, de acuerdo con la Regulaci\u00f3n vigente. turismopatagonia.ar no procesa datos personales en un modo que sea incompatible con los prop\u00f3sitos por los cuales fue recolectada o subsecuentemente autorizada por usted. Haremos todo lo que est\u00e9 a nuestro alcance para proteger la privacidad de la informaci\u00f3n. Puede suceder que en virtud de \u00f3rdenes judiciales, o de regulaciones legales, nos veamos comprometidos a revelar informaci\u00f3n a las autoridades o terceras partes bajo ciertas circunstancias, o bien en casos que terceras partes puedan interceptar o acceder a cierta informaci\u00f3n o transmisiones de datos en cuyo caso turismopatagonia.ar no responder\u00e1 por la informaci\u00f3n que sea revelada. De otro modo, turismopatagonia.ar no comparte Datos Personales fuera de sus compa\u00f1\u00edas del Grupo sin su consentimiento.<\/p>\n<p>Derechos del Usuario<\/p>\n<p>turismopatagonia.ar da a usted el derecho a acceder a sus Datos Personales recolectados; requerir informaci\u00f3n en conexi\u00f3n con estos Datos; y demandar la correcci\u00f3n, remoci\u00f3n, actualizaci\u00f3n o confidencialidad en el tratamiento de sus Datos Personales, todo ello de conformidad a la normativa aplicable. Conforme se establece en el art\u00edculo 14, inciso 3 de la Ley 25.326, el titular de los datos personales, previa acreditaci\u00f3n de su identidad, tiene la facultad de ejercer el derecho de acceso a los mismos, Para la rectificaci\u00f3n y supresi\u00f3n de los datos personales, el titular de los mismo. Los Usuarios de la P\u00e1gina Web garantizan y son responsables en todo caso de la veracidad, exactitud, validez y autenticidad de sus Datos Personales recolectados, y se comprometen a mantenerlos actualizados. Por favor revise esta p\u00e1gina peri\u00f3dicamente en busca de cambios, ya que turismopatagonia.ar se reserva el derecho, a su discreci\u00f3n, de cambiar, modificar, agregar o remover porciones de la Pol\u00edtica de Privacidad y el Sitio en cualquier momento. La continuaci\u00f3n del uso del sitio por parte suya, luego de publicados los cambios a esta pol\u00edtica, significa que usted acepta dichos cambios.<\/p>\n<p>Control de su informaci\u00f3n personal<\/p>\n<p>En cualquier momento usted puede restringir la recopilaci\u00f3n o el uso de la informaci\u00f3n personal que es proporcionada a nuestro sitio web. Cada vez que se le solicite rellenar un formulario, como el de alta de usuario, puede marcar o desmarcar la opci\u00f3n de recibir informaci\u00f3n por correo electr\u00f3nico. En caso de que haya marcado la opci\u00f3n de recibir nuestro bolet\u00edn o publicidad usted puede cancelarla en cualquier momento.<\/p>\n<p>Esta compa\u00f1\u00eda no vender\u00e1, ceder\u00e1 ni distribuir\u00e1 la informaci\u00f3n personal que es recopilada sin su consentimiento, salvo que sea requerido por un juez con un orden judicial.<\/p>\n<p>turismopatagonia.ar, se reserva el derecho de cambiar los t\u00e9rminos de la presente Pol\u00edtica de Privacidad en cualquier momento.<\/p>\n<p>Cookies policy<\/p>\n<p>Esta \u00e9 a Pol\u00edtica de Cookies para turismopatagonia.ar, acess\u00edvel em https:\/\/ turismopatagonia.ar<\/p>\n<p>O que s\u00e3o cookies<\/p>\n<p>Como \u00e9 pr\u00e1tica comum em quase todos os sites profissionais, este site usa cookies, que s\u00e3o pequenos arquivos baixados para o seu computador, para melhorar a sua experi\u00eancia. Esta p\u00e1gina descreve quais informa\u00e7\u00f5es eles coletam, como as usamos e por que \u00e0s vezes precisamos armazenar esses cookies. Tamb\u00e9m compartilharemos como voc\u00ea pode evitar que esses cookies sejam armazenados, no entanto, isso pode reduzir ou \u2018quebrar\u2019 certos elementos da funcionalidade do site.<\/p>\n<p>Para obter mais informa\u00e7\u00f5es gerais sobre cookies, consulte o artigo da Wikipedia sobre cookies HTTP.<\/p>\n<p>Como usamos cookies<\/p>\n<p>Usamos cookies por v\u00e1rios motivos detalhados abaixo. Infelizmente, na maioria dos casos, n\u00e3o h\u00e1 op\u00e7\u00f5es padr\u00e3o da ind\u00fastria para desabilitar cookies sem desabilitar completamente a funcionalidade e os recursos que eles adicionam a este site. Recomenda-se deixar todos os cookies se n\u00e3o tiver certeza se precisa deles ou n\u00e3o, caso sejam usados \u200b\u200bpara fornecer um servi\u00e7o que voc\u00ea usa.<\/p>\n<p>Desativando cookies<\/p>\n<p>Voc\u00ea pode evitar a configura\u00e7\u00e3o de cookies ajustando as configura\u00e7\u00f5es do seu navegador (consulte a Ajuda do navegador para saber como fazer isso). Esteja ciente de que a desativa\u00e7\u00e3o dos cookies afetar\u00e1 a funcionalidade deste e de muitos outros sites que voc\u00ea visita. A desativa\u00e7\u00e3o dos cookies normalmente resultar\u00e1 na desativa\u00e7\u00e3o de certas funcionalidades e recursos deste site. Portanto, \u00e9 recomend\u00e1vel que voc\u00ea n\u00e3o desative os cookies.<\/p>\n<p>Os cookies que definimos<\/p>\n<p>Cookies relacionados \u00e0 conta<\/p>\n<p>Se voc\u00ea criar uma conta conosco, usaremos cookies para o gerenciamento do processo de inscri\u00e7\u00e3o e administra\u00e7\u00e3o geral. Esses cookies geralmente s\u00e3o exclu\u00eddos quando voc\u00ea sai, no entanto, em alguns casos, eles podem permanecer depois para lembrar as prefer\u00eancias do seu site quando voc\u00ea sair.<\/p>\n<p>Cookies relacionados a login<\/p>\n<p>Usamos cookies quando voc\u00ea est\u00e1 conectado para que possamos nos lembrar desse fato. Isso evita que voc\u00ea tenha que fazer login toda vez que visitar uma nova p\u00e1gina. Esses cookies s\u00e3o normalmente removidos ou limpos quando voc\u00ea sai para garantir que voc\u00ea s\u00f3 possa acessar recursos e \u00e1reas restritas quando estiver conectado.<\/p>\n<p>Cookies de terceiros<\/p>\n<p>Em alguns casos especiais, tamb\u00e9m usamos cookies fornecidos por terceiros confi\u00e1veis. A se\u00e7\u00e3o a seguir detalha quais cookies de terceiros voc\u00ea pode encontrar neste site.<\/p>\n<p>Este site usa o Google Analytics, uma das solu\u00e7\u00f5es de an\u00e1lise mais conhecidas e confi\u00e1veis \u200b\u200bda web para nos ajudar a entender como voc\u00ea usa o site e como podemos melhorar sua experi\u00eancia. Esses cookies podem rastrear coisas como quanto tempo voc\u00ea passa no site e as p\u00e1ginas que voc\u00ea visita, para que possamos continuar a produzir conte\u00fado envolvente.<\/p>\n<p>Para obter mais informa\u00e7\u00f5es sobre os cookies do Google Analytics, consulte a p\u00e1gina oficial do Google Analytics. G-ZR0JLGP12Y<\/p>\n<p>Mais informa\u00e7\u00f5es<\/p>\n<p>Esperamos que isso tenha esclarecido as coisas para voc\u00ea e, como foi mencionado anteriormente, se h\u00e1 algo que voc\u00ea n\u00e3o tem certeza se precisa ou n\u00e3o, geralmente \u00e9 mais seguro deixar os cookies ativados no caso de interagir com um dos recursos que voc\u00ea usa nosso site.<\/p>\n<p>No entanto, se ainda estiver procurando por mais informa\u00e7\u00f5es, voc\u00ea pode entrar em contato conosco por meio de um de nossos m\u00e9todos de contato preferidos:<\/p>\n<p>Por e-mail \u00a0contact@turcentral.com<\/p>\n<p>[\/et_pb_text][\/et_pb_column][\/et_pb_row][\/et_pb_section]<\/p>\n","protected":false},"excerpt":{"rendered":"<p>[et_pb_section fb_built=\u00bb1&#8243; theme_builder_area=\u00bbpost_content\u00bb _builder_version=\u00bb4.19.2&#8243; _module_preset=\u00bbdefault\u00bb][et_pb_row _builder_version=\u00bb4.19.2&#8243; _module_preset=\u00bbdefault\u00bb theme_builder_area=\u00bbpost_content\u00bb][et_pb_column _builder_version=\u00bb4.19.2&#8243; _module_preset=\u00bbdefault\u00bb type=\u00bb4_4&#8243; theme_builder_area=\u00bbpost_content\u00bb][et_pb_text _builder_version=\u00bb4.19.2&#8243; _module_preset=\u00bbdefault\u00bb theme_builder_area=\u00bbpost_content\u00bb hover_enabled=\u00bb0&#8243; sticky_enabled=\u00bb0&#8243;] Cookies \u00ad- Privacidad<\/p>\n","protected":false},"author":2,"featured_media":0,"parent":0,"menu_order":0,"comment_status":"closed","ping_status":"closed","template":"","meta":{"footnotes":""},"class_list":["post-376842","page","type-page","status-publish","hentry"],"yoast_head":"<!-- This site is optimized with the Yoast SEO Premium plugin v24.5 (Yoast SEO v24.8) - https:\/\/yoast.com\/wordpress\/plugins\/seo\/ -->\n<title>Cookies-Privacidad - Turismo en Patagonia Bariloche<\/title>\n<meta name=\"robots\" content=\"index, follow, max-snippet:-1, max-image-preview:large, max-video-preview:-1\" \/>\n<link rel=\"canonical\" href=\"https:\/\/turismopatagonia.ar\/pt\/cookies-privacidade-turismo-patagonia\/\" \/>\n<meta property=\"og:locale\" content=\"pt_BR\" \/>\n<meta property=\"og:type\" content=\"article\" \/>\n<meta property=\"og:title\" content=\"Cookies-Privacidad\" \/>\n<meta property=\"og:description\" content=\"[et_pb_section fb_built=\u00bb1&#8243; theme_builder_area=\u00bbpost_content\u00bb _builder_version=\u00bb4.19.2&#8243; _module_preset=\u00bbdefault\u00bb][et_pb_row _builder_version=\u00bb4.19.2&#8243; _module_preset=\u00bbdefault\u00bb theme_builder_area=\u00bbpost_content\u00bb][et_pb_column _builder_version=\u00bb4.19.2&#8243; _module_preset=\u00bbdefault\u00bb type=\u00bb4_4&#8243; theme_builder_area=\u00bbpost_content\u00bb][et_pb_text _builder_version=\u00bb4.19.2&#8243; _module_preset=\u00bbdefault\u00bb theme_builder_area=\u00bbpost_content\u00bb hover_enabled=\u00bb0&#8243; sticky_enabled=\u00bb0&#8243;] Cookies \u00ad- Privacidad\" \/>\n<meta property=\"og:url\" content=\"https:\/\/turismopatagonia.ar\/pt\/cookies-privacidade-turismo-patagonia\/\" \/>\n<meta property=\"og:site_name\" content=\"Turismo en Patagonia Bariloche\" \/>\n<meta property=\"article:modified_time\" content=\"2022-12-13T15:23:00+00:00\" \/>\n<meta name=\"twitter:card\" content=\"summary_large_image\" \/>\n<meta name=\"twitter:label1\" content=\"Est. tempo de leitura\" \/>\n\t<meta name=\"twitter:data1\" content=\"10 minutos\" \/>\n<script type=\"application\/ld+json\" class=\"yoast-schema-graph\">{\"@context\":\"https:\/\/schema.org\",\"@graph\":[{\"@type\":\"WebPage\",\"@id\":\"https:\/\/turismopatagonia.ar\/cookies-privacidad-turismo-patagonia\",\"url\":\"https:\/\/turismopatagonia.ar\/cookies-privacidad-turismo-patagonia\",\"name\":\"Cookies-Privacidad - Turismo en Patagonia Bariloche\",\"isPartOf\":{\"@id\":\"https:\/\/turismopatagonia.ar\/#website\"},\"datePublished\":\"2022-12-13T15:22:58+00:00\",\"dateModified\":\"2022-12-13T15:23:00+00:00\",\"breadcrumb\":{\"@id\":\"https:\/\/turismopatagonia.ar\/cookies-privacidad-turismo-patagonia#breadcrumb\"},\"inLanguage\":\"pt-BR\",\"potentialAction\":[{\"@type\":\"ReadAction\",\"target\":[\"https:\/\/turismopatagonia.ar\/cookies-privacidad-turismo-patagonia\"]}]},{\"@type\":\"BreadcrumbList\",\"@id\":\"https:\/\/turismopatagonia.ar\/cookies-privacidad-turismo-patagonia#breadcrumb\",\"itemListElement\":[{\"@type\":\"ListItem\",\"position\":1,\"name\":\"Home\",\"item\":\"https:\/\/turismopatagonia.ar\/\"},{\"@type\":\"ListItem\",\"position\":2,\"name\":\"Cookies-Privacidad\"}]},{\"@type\":\"WebSite\",\"@id\":\"https:\/\/turismopatagonia.ar\/#website\",\"url\":\"https:\/\/turismopatagonia.ar\/\",\"name\":\"Turismo en Patagonia Bariloche\",\"description\":\"Descubre la belleza de la Patagonia: gu\u00edas, actividades y destinos tur\u00edsticos en Bariloche y alrededores.\",\"publisher\":{\"@id\":\"https:\/\/turismopatagonia.ar\/#organization\"},\"potentialAction\":[{\"@type\":\"SearchAction\",\"target\":{\"@type\":\"EntryPoint\",\"urlTemplate\":\"https:\/\/turismopatagonia.ar\/?s={search_term_string}\"},\"query-input\":{\"@type\":\"PropertyValueSpecification\",\"valueRequired\":true,\"valueName\":\"search_term_string\"}}],\"inLanguage\":\"pt-BR\"},{\"@type\":\"Organization\",\"@id\":\"https:\/\/turismopatagonia.ar\/#organization\",\"name\":\"Turismo en Patagonia Bariloche\",\"url\":\"https:\/\/turismopatagonia.ar\/\",\"logo\":{\"@type\":\"ImageObject\",\"inLanguage\":\"pt-BR\",\"@id\":\"https:\/\/turismopatagonia.ar\/#\/schema\/logo\/image\/\",\"url\":\"https:\/\/turismopatagonia.ar\/wp-content\/uploads\/2023\/04\/logo-tirismo-copia.png\",\"contentUrl\":\"https:\/\/turismopatagonia.ar\/wp-content\/uploads\/2023\/04\/logo-tirismo-copia.png\",\"width\":270,\"height\":100,\"caption\":\"Turismo en Patagonia Bariloche\"},\"image\":{\"@id\":\"https:\/\/turismopatagonia.ar\/#\/schema\/logo\/image\/\"}}]}<\/script>\n<!-- \/ Yoast SEO Premium plugin. -->","yoast_head_json":{"title":"Cookies-Privacidade - Turismo na Patag\u00f4nia Bariloche","robots":{"index":"index","follow":"follow","max-snippet":"max-snippet:-1","max-image-preview":"max-image-preview:large","max-video-preview":"max-video-preview:-1"},"canonical":"https:\/\/turismopatagonia.ar\/pt\/cookies-privacidade-turismo-patagonia\/","og_locale":"pt_BR","og_type":"article","og_title":"Cookies-Privacidad","og_description":"[et_pb_section fb_built=\u00bb1&#8243; theme_builder_area=\u00bbpost_content\u00bb _builder_version=\u00bb4.19.2&#8243; _module_preset=\u00bbdefault\u00bb][et_pb_row _builder_version=\u00bb4.19.2&#8243; _module_preset=\u00bbdefault\u00bb theme_builder_area=\u00bbpost_content\u00bb][et_pb_column _builder_version=\u00bb4.19.2&#8243; _module_preset=\u00bbdefault\u00bb type=\u00bb4_4&#8243; theme_builder_area=\u00bbpost_content\u00bb][et_pb_text _builder_version=\u00bb4.19.2&#8243; _module_preset=\u00bbdefault\u00bb theme_builder_area=\u00bbpost_content\u00bb hover_enabled=\u00bb0&#8243; sticky_enabled=\u00bb0&#8243;] Cookies \u00ad- Privacidad","og_url":"https:\/\/turismopatagonia.ar\/pt\/cookies-privacidade-turismo-patagonia\/","og_site_name":"Turismo en Patagonia Bariloche","article_modified_time":"2022-12-13T15:23:00+00:00","twitter_card":"summary_large_image","twitter_misc":{"Est. tempo de leitura":"10 minutos"},"schema":{"@context":"https:\/\/schema.org","@graph":[{"@type":"WebPage","@id":"https:\/\/turismopatagonia.ar\/cookies-privacidad-turismo-patagonia","url":"https:\/\/turismopatagonia.ar\/cookies-privacidad-turismo-patagonia","name":"Cookies-Privacidade - Turismo na Patag\u00f4nia Bariloche","isPartOf":{"@id":"https:\/\/turismopatagonia.ar\/#website"},"datePublished":"2022-12-13T15:22:58+00:00","dateModified":"2022-12-13T15:23:00+00:00","breadcrumb":{"@id":"https:\/\/turismopatagonia.ar\/cookies-privacidad-turismo-patagonia#breadcrumb"},"inLanguage":"pt-BR","potentialAction":[{"@type":"ReadAction","target":["https:\/\/turismopatagonia.ar\/cookies-privacidad-turismo-patagonia"]}]},{"@type":"BreadcrumbList","@id":"https:\/\/turismopatagonia.ar\/cookies-privacidad-turismo-patagonia#breadcrumb","itemListElement":[{"@type":"ListItem","position":1,"name":"Home","item":"https:\/\/turismopatagonia.ar\/"},{"@type":"ListItem","position":2,"name":"Cookies-Privacidad"}]},{"@type":"WebSite","@id":"https:\/\/turismopatagonia.ar\/#website","url":"https:\/\/turismopatagonia.ar\/","name":"Turismo na Patag\u00f4nia Bariloche","description":"Descubra a beleza da Patag\u00f4nia: guias, atividades e destinos tur\u00edsticos em Bariloche e arredores.","publisher":{"@id":"https:\/\/turismopatagonia.ar\/#organization"},"potentialAction":[{"@type":"SearchAction","target":{"@type":"EntryPoint","urlTemplate":"https:\/\/turismopatagonia.ar\/?s={search_term_string}"},"query-input":{"@type":"PropertyValueSpecification","valueRequired":true,"valueName":"search_term_string"}}],"inLanguage":"pt-BR"},{"@type":"Organization","@id":"https:\/\/turismopatagonia.ar\/#organization","name":"Turismo na Patag\u00f4nia Bariloche","url":"https:\/\/turismopatagonia.ar\/","logo":{"@type":"ImageObject","inLanguage":"pt-BR","@id":"https:\/\/turismopatagonia.ar\/#\/schema\/logo\/image\/","url":"https:\/\/turismopatagonia.ar\/wp-content\/uploads\/2023\/04\/logo-tirismo-copia.png","contentUrl":"https:\/\/turismopatagonia.ar\/wp-content\/uploads\/2023\/04\/logo-tirismo-copia.png","width":270,"height":100,"caption":"Turismo en Patagonia Bariloche"},"image":{"@id":"https:\/\/turismopatagonia.ar\/#\/schema\/logo\/image\/"}}]}},"_links":{"self":[{"href":"https:\/\/turismopatagonia.ar\/pt\/wp-json\/wp\/v2\/pages\/376842","targetHints":{"allow":["GET"]}}],"collection":[{"href":"https:\/\/turismopatagonia.ar\/pt\/wp-json\/wp\/v2\/pages"}],"about":[{"href":"https:\/\/turismopatagonia.ar\/pt\/wp-json\/wp\/v2\/types\/page"}],"author":[{"embeddable":true,"href":"https:\/\/turismopatagonia.ar\/pt\/wp-json\/wp\/v2\/users\/2"}],"replies":[{"embeddable":true,"href":"https:\/\/turismopatagonia.ar\/pt\/wp-json\/wp\/v2\/comments?post=376842"}],"version-history":[{"count":0,"href":"https:\/\/turismopatagonia.ar\/pt\/wp-json\/wp\/v2\/pages\/376842\/revisions"}],"wp:attachment":[{"href":"https:\/\/turismopatagonia.ar\/pt\/wp-json\/wp\/v2\/media?parent=376842"}],"curies":[{"name":"wp","href":"https:\/\/api.w.org\/{rel}","templated":true}]}}