{"id":377138,"date":"2026-04-09T16:13:57","date_gmt":"2026-04-09T19:13:57","guid":{"rendered":"https:\/\/turismopatagonia.ar\/?post_type=product&#038;p=377138"},"modified":"2026-04-10T15:23:38","modified_gmt":"2026-04-10T18:23:38","slug":"la-cueva-after-ski","status":"publish","type":"product","link":"https:\/\/turismopatagonia.ar\/pt\/product\/a-caverna-depois-do-esqui","title":{"rendered":"Encontro em La Cueva - Depois do esqui com traslado inclu\u00eddo"},"content":{"rendered":"<h3 data-start=\"401\" data-end=\"468\">Uma tarde descomplicada de neve, adrenalina e tradi\u00e7\u00e3o<\/h3>\n<p data-start=\"469\" data-end=\"830\">Partimos \u00e0s <strong data-start=\"483\" data-end=\"495\">14:30 hs<\/strong> a partir de pontos fixos entre o centro de Bariloche e o km 8 da Av. Bustillo ou Pioneros. A partir da\u00ed, come\u00e7a a viagem at\u00e9 o <strong data-start=\"622\" data-end=\"640\">Cerro Catedral<\/strong>, onde uma experi\u00eancia completa de inverno espera por voc\u00ea: um <strong data-start=\"709\" data-end=\"717\">7 km<\/strong> em trilhas nevadas em snowmobiles ou quadriciclos (dependendo das condi\u00e7\u00f5es), acompanhados por guias especializados.<\/p>\n<p data-start=\"832\" data-end=\"1161\">Ao chegar em <strong data-start=\"844\" data-end=\"856\">A Caverna<\/strong>, Nesse ref\u00fagio de montanha aconchegante e exclusivo, damos as boas-vindas a voc\u00ea com uma degusta\u00e7\u00e3o de produtos regionais: p\u00e3es caseiros, doces, chocolates, cerveja artesanal e um delicioso <strong data-start=\"1034\" data-end=\"1053\">fondue de queijo<\/strong>. Tudo em uma atmosfera \u00fanica para encerrar o dia com a melhor vista do p\u00f4r do sol sobre os picos cobertos de neve.<\/p>\n<h3 data-start=\"1168\" data-end=\"1202\">O que esse passeio inclui?<\/h3>\n<ul data-start=\"1203\" data-end=\"1511\">\n<li data-start=\"1203\" data-end=\"1256\">\n<p data-start=\"1205\" data-end=\"1256\">Traslados de e para os pontos de encontro.<\/p>\n<\/li>\n<li data-start=\"1257\" data-end=\"1315\">\n<p data-start=\"1259\" data-end=\"1315\">Passeios de snowmobile ou quadriciclo (dependendo do clima).<\/p>\n<\/li>\n<li data-start=\"1316\" data-end=\"1378\">\n<p data-start=\"1318\" data-end=\"1378\">Equipamento completo: capacete, ve\u00edculo e guia profissional.<\/p>\n<\/li>\n<li data-start=\"1379\" data-end=\"1467\">\n<p data-start=\"1381\" data-end=\"1467\">Degusta\u00e7\u00e3o: fondue de queijo, p\u00e3es, sobremesa, doces, chocolates, cerveja, caf\u00e9 ou ch\u00e1.<\/p>\n<\/li>\n<li data-start=\"1468\" data-end=\"1511\">\n<p data-start=\"1470\" data-end=\"1511\">Acesso a um ref\u00fagio exclusivo nas montanhas.<\/p>\n<\/li>\n<\/ul>\n<h3 data-start=\"1518\" data-end=\"1541\">Principais informa\u00e7\u00f5es<\/h3>\n<ul data-start=\"1542\" data-end=\"1862\">\n<li data-start=\"1542\" data-end=\"1579\">\n<p data-start=\"1544\" data-end=\"1579\"><strong data-start=\"1544\" data-end=\"1556\">Hor\u00e1rio:<\/strong> das 14:30 \u00e0s 18:30 hs.<\/p>\n<\/li>\n<li data-start=\"1580\" data-end=\"1639\">\n<p data-start=\"1582\" data-end=\"1639\"><strong data-start=\"1582\" data-end=\"1598\">Idade m\u00ednima:<\/strong> 6 anos (para viajar como acompanhante).<\/p>\n<\/li>\n<li data-start=\"1640\" data-end=\"1699\">\n<p data-start=\"1642\" data-end=\"1699\"><strong data-start=\"1642\" data-end=\"1657\">Dirigir:<\/strong> somente maiores de 18 anos de idade podem dirigir.<\/p>\n<\/li>\n<li data-start=\"1700\" data-end=\"1761\">\n<p data-start=\"1702\" data-end=\"1761\"><strong data-start=\"1702\" data-end=\"1717\">Requisitos:<\/strong> mulheres gr\u00e1vidas n\u00e3o podem participar.<\/p>\n<\/li>\n<li data-start=\"1762\" data-end=\"1862\">\n<p data-start=\"1764\" data-end=\"1862\"><strong data-start=\"1764\" data-end=\"1782\">Roupas sugeridas:<\/strong> roupas \u00e0 prova d'\u00e1gua, casaco, luvas, chap\u00e9u e cal\u00e7ados adequados para neve.<\/p>\n<\/li>\n<\/ul>\n<h3 data-start=\"1869\" data-end=\"1895\">Perguntas frequentes<\/h3>\n<p data-start=\"1897\" data-end=\"2010\"><strong data-start=\"1897\" data-end=\"1932\">\u00c9 necess\u00e1rio ter experi\u00eancia anterior?<\/strong><br data-start=\"1932\" data-end=\"1935\" \/>N\u00e3o, os ve\u00edculos s\u00e3o autom\u00e1ticos e o passeio \u00e9 totalmente guiado.<\/p>\n<p data-start=\"2012\" data-end=\"2116\"><strong data-start=\"2012\" data-end=\"2044\">De onde \u00e9 a transfer\u00eancia?<\/strong><br data-start=\"2044\" data-end=\"2047\" \/>A partir de pontos fixos entre o centro e o km 8. N\u00e3o passamos por hot\u00e9is.<\/p>\n<p data-start=\"2118\" data-end=\"2200\"><strong data-start=\"2118\" data-end=\"2137\">Posso ir sozinho?<\/strong><br data-start=\"2137\" data-end=\"2140\" \/>Sim, o guia pode dirigir seu ve\u00edculo se voc\u00ea n\u00e3o quiser dirigir.<\/p>\n<p data-start=\"2202\" data-end=\"2309\"><strong data-start=\"2202\" data-end=\"2231\">A refei\u00e7\u00e3o est\u00e1 inclu\u00edda?<\/strong><br data-start=\"2231\" data-end=\"2234\" \/>Sim, ele inclui tudo o que voc\u00ea precisa: fondue, doces, bebidas quentes e cerveja.<\/p>\n<p><strong>Aviso importante:<\/strong> Este passeio j\u00e1 est\u00e1 dispon\u00edvel para pr\u00e9-reserva. As sa\u00eddas operam de 15 de junho a 20 de agosto, sujeitas ao calend\u00e1rio sazonal.<\/p>","protected":false},"excerpt":{"rendered":"<p data-start=\"2556\" data-end=\"2710\">Sa\u00edda \u00e0s 14h30 de pontos em Bariloche. Inclui traslado, passeio de 7 km na neve, guia, equipamento completo e jantar com fondue em La Cueva. Retorno \u00e0s 18:30 hs.<\/p>","protected":false},"featured_media":377635,"comment_status":"open","ping_status":"closed","template":"","meta":[],"product_brand":[],"product_cat":[37,39,50,41,42,45,46,49],"product_tag":[],"class_list":{"0":"post-377138","1":"product","2":"type-product","3":"status-publish","4":"has-post-thumbnail","6":"product_cat-adultos","7":"product_cat-aventura","8":"product_cat-con-comida","9":"product_cat-con-traslado","10":"product_cat-familia","11":"product_cat-invierno","12":"product_cat-ninos","13":"product_cat-terrestre","15":"first","16":"instock","17":"virtual","18":"sold-individually","19":"purchasable","20":"product-type-booking"},"booking_location":"","booking_location_type":"","booking_duration":1,"booking_duration_unit":"hour","booking_buffer":0,"booking_cost":0,"booking_resources":[],"exclude_global_add_ons":false,"addons":[{"name":"ADU: Adulto","type":"input_multiplier","position":0,"required":false,"title_format":"label","default":"","description_enable":false,"description":"","placeholder_enable":false,"placeholder":"","display":"select","restrictions_type":"any_text","adjust_price":true,"price":"395000","price_type":"quantity_based","restrictions":false,"min":"0","max":"0","options":[],"id":1775824568},{"name":"MEN612 | De 6 a 12","type":"input_multiplier","position":1,"required":false,"title_format":"label","default":"","description_enable":false,"description":"","placeholder_enable":false,"placeholder":"","display":"select","restrictions_type":"any_text","adjust_price":true,"price":"350000","price_type":"quantity_based","restrictions":false,"min":"0","max":"0","options":[],"id":1775824569},{"name":"MEN35 | 3 a 5","type":"input_multiplier","position":2,"required":false,"title_format":"label","default":"","description_enable":false,"description":"","placeholder_enable":false,"placeholder":"","display":"select","restrictions_type":"any_text","adjust_price":true,"price":"145000","price_type":"quantity_based","restrictions":false,"min":"0","max":"0","options":[],"id":1775834619}],"yoast_head":"<!-- This site is optimized with the Yoast SEO Premium plugin v24.5 (Yoast SEO v24.8) - https:\/\/yoast.com\/wordpress\/plugins\/seo\/ -->\n<title>Conoc\u00e9 La Cueva \u2013 After Ski con traslado incluido - Turismo en Patagonia Bariloche<\/title>\n<meta name=\"description\" content=\"Excursi\u00f3n con traslado a La Cueva en Cerro Catedral. 7 km en motos de nieve o cuatriciclos y cena fondue en refugio exclusivo. Atardecer patag\u00f3nico sin complicaciones.\" \/>\n<meta name=\"robots\" content=\"index, follow, max-snippet:-1, max-image-preview:large, max-video-preview:-1\" \/>\n<link rel=\"canonical\" href=\"https:\/\/turismopatagonia.ar\/pt\/product\/a-caverna-depois-do-esqui\/\" \/>\n<meta property=\"og:locale\" content=\"pt_BR\" \/>\n<meta property=\"og:type\" content=\"article\" \/>\n<meta property=\"og:title\" content=\"Conoc\u00e9 La Cueva \u2013 After Ski con traslado incluido\" \/>\n<meta property=\"og:description\" content=\"Excursi\u00f3n con traslado a La Cueva en Cerro Catedral. 7 km en motos de nieve o cuatriciclos y cena fondue en refugio exclusivo. Atardecer patag\u00f3nico sin complicaciones.\" \/>\n<meta property=\"og:url\" content=\"https:\/\/turismopatagonia.ar\/pt\/product\/a-caverna-depois-do-esqui\/\" \/>\n<meta property=\"og:site_name\" content=\"Turismo en Patagonia Bariloche\" \/>\n<meta property=\"article:modified_time\" content=\"2026-04-10T18:23:38+00:00\" \/>\n<meta property=\"og:image\" content=\"https:\/\/turismopatagonia.ar\/wp-content\/uploads\/2025\/04\/6-C-la-cueva-g-copia-scaled.jpg\" \/>\n\t<meta property=\"og:image:width\" content=\"1920\" \/>\n\t<meta property=\"og:image:height\" content=\"2560\" \/>\n\t<meta property=\"og:image:type\" content=\"image\/jpeg\" \/>\n<meta name=\"twitter:card\" content=\"summary_large_image\" \/>\n<meta name=\"twitter:label1\" content=\"Pre\u00e7o\" \/>\n\t<meta name=\"twitter:data1\" content=\"&#036;&nbsp;395.000,00\" \/>\n\t<meta name=\"twitter:label2\" content=\"Disponibilidade\" \/>\n\t<meta name=\"twitter:data2\" content=\"Em Estoque\" \/>\n<script type=\"application\/ld+json\" class=\"yoast-schema-graph\">{\"@context\":\"https:\/\/schema.org\",\"@graph\":[{\"@type\":[\"WebPage\",\"ItemPage\"],\"@id\":\"https:\/\/turismopatagonia.ar\/product\/la-cueva-after-ski\",\"url\":\"https:\/\/turismopatagonia.ar\/product\/la-cueva-after-ski\",\"name\":\"Conoc\u00e9 La Cueva \u2013 After Ski con traslado incluido - Turismo en Patagonia Bariloche\",\"isPartOf\":{\"@id\":\"https:\/\/turismopatagonia.ar\/#website\"},\"primaryImageOfPage\":{\"@id\":\"https:\/\/turismopatagonia.ar\/product\/la-cueva-after-ski#primaryimage\"},\"image\":{\"@id\":\"https:\/\/turismopatagonia.ar\/product\/la-cueva-after-ski#primaryimage\"},\"thumbnailUrl\":\"https:\/\/turismopatagonia.ar\/wp-content\/uploads\/2025\/04\/6-C-la-cueva-g-copia-scaled.jpg\",\"datePublished\":\"2026-04-09T19:13:57+00:00\",\"dateModified\":\"2026-04-10T18:23:38+00:00\",\"description\":\"Excursi\u00f3n con traslado a La Cueva en Cerro Catedral. 7 km en motos de nieve o cuatriciclos y cena fondue en refugio exclusivo. Atardecer patag\u00f3nico sin complicaciones.\",\"breadcrumb\":{\"@id\":\"https:\/\/turismopatagonia.ar\/product\/la-cueva-after-ski#breadcrumb\"},\"inLanguage\":\"pt-BR\",\"potentialAction\":[{\"@type\":\"ReadAction\",\"target\":[\"https:\/\/turismopatagonia.ar\/product\/la-cueva-after-ski\"]}]},{\"@type\":\"ImageObject\",\"inLanguage\":\"pt-BR\",\"@id\":\"https:\/\/turismopatagonia.ar\/product\/la-cueva-after-ski#primaryimage\",\"url\":\"https:\/\/turismopatagonia.ar\/wp-content\/uploads\/2025\/04\/6-C-la-cueva-g-copia-scaled.jpg\",\"contentUrl\":\"https:\/\/turismopatagonia.ar\/wp-content\/uploads\/2025\/04\/6-C-la-cueva-g-copia-scaled.jpg\",\"width\":1920,\"height\":2560},{\"@type\":\"BreadcrumbList\",\"@id\":\"https:\/\/turismopatagonia.ar\/product\/la-cueva-after-ski#breadcrumb\",\"itemListElement\":[{\"@type\":\"ListItem\",\"position\":1,\"name\":\"Home\",\"item\":\"https:\/\/turismopatagonia.ar\/\"},{\"@type\":\"ListItem\",\"position\":2,\"name\":\"Shop\",\"item\":\"https:\/\/turismopatagonia.ar\/shop\"},{\"@type\":\"ListItem\",\"position\":3,\"name\":\"Conoc\u00e9 La Cueva \u2013 After Ski con traslado incluido\"}]},{\"@type\":\"WebSite\",\"@id\":\"https:\/\/turismopatagonia.ar\/#website\",\"url\":\"https:\/\/turismopatagonia.ar\/\",\"name\":\"Turismo en Patagonia Bariloche\",\"description\":\"Descubre la belleza de la Patagonia: gu\u00edas, actividades y destinos tur\u00edsticos en Bariloche y alrededores.\",\"publisher\":{\"@id\":\"https:\/\/turismopatagonia.ar\/#organization\"},\"potentialAction\":[{\"@type\":\"SearchAction\",\"target\":{\"@type\":\"EntryPoint\",\"urlTemplate\":\"https:\/\/turismopatagonia.ar\/?s={search_term_string}\"},\"query-input\":{\"@type\":\"PropertyValueSpecification\",\"valueRequired\":true,\"valueName\":\"search_term_string\"}}],\"inLanguage\":\"pt-BR\"},{\"@type\":\"Organization\",\"@id\":\"https:\/\/turismopatagonia.ar\/#organization\",\"name\":\"Turismo en Patagonia Bariloche\",\"url\":\"https:\/\/turismopatagonia.ar\/\",\"logo\":{\"@type\":\"ImageObject\",\"inLanguage\":\"pt-BR\",\"@id\":\"https:\/\/turismopatagonia.ar\/#\/schema\/logo\/image\/\",\"url\":\"https:\/\/turismopatagonia.ar\/wp-content\/uploads\/2023\/04\/logo-tirismo-copia.png\",\"contentUrl\":\"https:\/\/turismopatagonia.ar\/wp-content\/uploads\/2023\/04\/logo-tirismo-copia.png\",\"width\":270,\"height\":100,\"caption\":\"Turismo en Patagonia Bariloche\"},\"image\":{\"@id\":\"https:\/\/turismopatagonia.ar\/#\/schema\/logo\/image\/\"}}]}<\/script>\n<meta property=\"product:price:amount\" content=\"395000.00\" \/>\n<meta property=\"product:price:currency\" content=\"ARS\" \/>\n<meta property=\"og:availability\" content=\"instock\" \/>\n<meta property=\"product:availability\" content=\"instock\" \/>\n<meta property=\"product:retailer_item_id\" content=\"ADV2025LACUAHE69\" \/>\n<meta property=\"product:condition\" content=\"new\" \/>\n<!-- \/ Yoast SEO Premium plugin. -->","yoast_head_json":{"title":"La Cueva - After Ski com traslado inclu\u00eddo - Turismo na Patag\u00f4nia Bariloche","description":"Excurs\u00e3o com traslado para La Cueva em Cerro Catedral. 7 km em motos de neve ou quadriciclos e jantar de fondue em um ref\u00fagio exclusivo. P\u00f4r do sol patag\u00f4nico sem complica\u00e7\u00f5es.","robots":{"index":"index","follow":"follow","max-snippet":"max-snippet:-1","max-image-preview":"max-image-preview:large","max-video-preview":"max-video-preview:-1"},"canonical":"https:\/\/turismopatagonia.ar\/pt\/product\/a-caverna-depois-do-esqui\/","og_locale":"pt_BR","og_type":"article","og_title":"Conoc\u00e9 La Cueva \u2013 After Ski con traslado incluido","og_description":"Excursi\u00f3n con traslado a La Cueva en Cerro Catedral. 7 km en motos de nieve o cuatriciclos y cena fondue en refugio exclusivo. Atardecer patag\u00f3nico sin complicaciones.","og_url":"https:\/\/turismopatagonia.ar\/pt\/product\/a-caverna-depois-do-esqui\/","og_site_name":"Turismo en Patagonia Bariloche","article_modified_time":"2026-04-10T18:23:38+00:00","og_image":[{"width":1920,"height":2560,"url":"https:\/\/turismopatagonia.ar\/wp-content\/uploads\/2025\/04\/6-C-la-cueva-g-copia-scaled.jpg","type":"image\/jpeg"}],"twitter_card":"summary_large_image","twitter_misc":{"Pre\u00e7o":"&#36;&nbsp;395.000,00","Disponibilidade":"Em Estoque"},"schema":{"@context":"https:\/\/schema.org","@graph":[{"@type":["WebPage","ItemPage"],"@id":"https:\/\/turismopatagonia.ar\/product\/la-cueva-after-ski","url":"https:\/\/turismopatagonia.ar\/product\/la-cueva-after-ski","name":"La Cueva - After Ski com traslado inclu\u00eddo - Turismo na Patag\u00f4nia Bariloche","isPartOf":{"@id":"https:\/\/turismopatagonia.ar\/#website"},"primaryImageOfPage":{"@id":"https:\/\/turismopatagonia.ar\/product\/la-cueva-after-ski#primaryimage"},"image":{"@id":"https:\/\/turismopatagonia.ar\/product\/la-cueva-after-ski#primaryimage"},"thumbnailUrl":"https:\/\/turismopatagonia.ar\/wp-content\/uploads\/2025\/04\/6-C-la-cueva-g-copia-scaled.jpg","datePublished":"2026-04-09T19:13:57+00:00","dateModified":"2026-04-10T18:23:38+00:00","description":"Excurs\u00e3o com traslado para La Cueva em Cerro Catedral. 7 km em motos de neve ou quadriciclos e jantar de fondue em um ref\u00fagio exclusivo. P\u00f4r do sol patag\u00f4nico sem complica\u00e7\u00f5es.","breadcrumb":{"@id":"https:\/\/turismopatagonia.ar\/product\/la-cueva-after-ski#breadcrumb"},"inLanguage":"pt-BR","potentialAction":[{"@type":"ReadAction","target":["https:\/\/turismopatagonia.ar\/product\/la-cueva-after-ski"]}]},{"@type":"ImageObject","inLanguage":"pt-BR","@id":"https:\/\/turismopatagonia.ar\/product\/la-cueva-after-ski#primaryimage","url":"https:\/\/turismopatagonia.ar\/wp-content\/uploads\/2025\/04\/6-C-la-cueva-g-copia-scaled.jpg","contentUrl":"https:\/\/turismopatagonia.ar\/wp-content\/uploads\/2025\/04\/6-C-la-cueva-g-copia-scaled.jpg","width":1920,"height":2560},{"@type":"BreadcrumbList","@id":"https:\/\/turismopatagonia.ar\/product\/la-cueva-after-ski#breadcrumb","itemListElement":[{"@type":"ListItem","position":1,"name":"Home","item":"https:\/\/turismopatagonia.ar\/"},{"@type":"ListItem","position":2,"name":"Shop","item":"https:\/\/turismopatagonia.ar\/shop"},{"@type":"ListItem","position":3,"name":"Conoc\u00e9 La Cueva \u2013 After Ski con traslado incluido"}]},{"@type":"WebSite","@id":"https:\/\/turismopatagonia.ar\/#website","url":"https:\/\/turismopatagonia.ar\/","name":"Turismo na Patag\u00f4nia Bariloche","description":"Descubra a beleza da Patag\u00f4nia: guias, atividades e destinos tur\u00edsticos em Bariloche e arredores.","publisher":{"@id":"https:\/\/turismopatagonia.ar\/#organization"},"potentialAction":[{"@type":"SearchAction","target":{"@type":"EntryPoint","urlTemplate":"https:\/\/turismopatagonia.ar\/?s={search_term_string}"},"query-input":{"@type":"PropertyValueSpecification","valueRequired":true,"valueName":"search_term_string"}}],"inLanguage":"pt-BR"},{"@type":"Organization","@id":"https:\/\/turismopatagonia.ar\/#organization","name":"Turismo na Patag\u00f4nia Bariloche","url":"https:\/\/turismopatagonia.ar\/","logo":{"@type":"ImageObject","inLanguage":"pt-BR","@id":"https:\/\/turismopatagonia.ar\/#\/schema\/logo\/image\/","url":"https:\/\/turismopatagonia.ar\/wp-content\/uploads\/2023\/04\/logo-tirismo-copia.png","contentUrl":"https:\/\/turismopatagonia.ar\/wp-content\/uploads\/2023\/04\/logo-tirismo-copia.png","width":270,"height":100,"caption":"Turismo en Patagonia Bariloche"},"image":{"@id":"https:\/\/turismopatagonia.ar\/#\/schema\/logo\/image\/"}}]},"product_price_amount":"395000.00","product_price_currency":"ARS","og_availability":"instock","product_availability":"instock","product_retailer_item_id":"ADV2025LACUAHE69","product_condition":"new"},"_links":{"self":[{"href":"https:\/\/turismopatagonia.ar\/pt\/wp-json\/wp\/v2\/product\/377138","targetHints":{"allow":["GET"]}}],"collection":[{"href":"https:\/\/turismopatagonia.ar\/pt\/wp-json\/wp\/v2\/product"}],"about":[{"href":"https:\/\/turismopatagonia.ar\/pt\/wp-json\/wp\/v2\/types\/product"}],"replies":[{"embeddable":true,"href":"https:\/\/turismopatagonia.ar\/pt\/wp-json\/wp\/v2\/comments?post=377138"}],"wp:featuredmedia":[{"embeddable":true,"href":"https:\/\/turismopatagonia.ar\/pt\/wp-json\/wp\/v2\/media\/377635"}],"wp:attachment":[{"href":"https:\/\/turismopatagonia.ar\/pt\/wp-json\/wp\/v2\/media?parent=377138"}],"wp:term":[{"taxonomy":"product_brand","embeddable":true,"href":"https:\/\/turismopatagonia.ar\/pt\/wp-json\/wp\/v2\/product_brand?post=377138"},{"taxonomy":"product_cat","embeddable":true,"href":"https:\/\/turismopatagonia.ar\/pt\/wp-json\/wp\/v2\/product_cat?post=377138"},{"taxonomy":"product_tag","embeddable":true,"href":"https:\/\/turismopatagonia.ar\/pt\/wp-json\/wp\/v2\/product_tag?post=377138"}],"curies":[{"name":"wp","href":"https:\/\/api.w.org\/{rel}","templated":true}]}}