{"id":377139,"date":"2026-04-09T16:13:58","date_gmt":"2026-04-09T19:13:58","guid":{"rendered":"https:\/\/turismopatagonia.ar\/?post_type=product&#038;p=377139"},"modified":"2026-04-11T20:55:52","modified_gmt":"2026-04-11T23:55:52","slug":"la-cueva-travesia-diurna-moto-de-nieve-cuatriciclos-traslado","status":"publish","type":"product","link":"https:\/\/turismopatagonia.ar\/pt\/product\/la-cueva-day-trip-snowmobile-atvs-transfer","title":{"rendered":"La Cueva - Excurs\u00e3o de um dia em snowmobile e quadriciclo - com traslado"},"content":{"rendered":"<h2>Explore a magia do inverno na caverna<\/h2>\n<p>Mergulhe em uma experi\u00eancia \u00fanica de inverno que combina adrenalina e conforto em um passeio de 7 km por paisagens nevadas. Sinta a emo\u00e7\u00e3o de deslizar sobre <strong>motos de neve<\/strong> e o poder em <strong>quadriciclos<\/strong> enquanto voc\u00ea descobre um cen\u00e1rio natural excepcional na regi\u00e3o de Bariloche.<\/p>\n<h3>Principais detalhes da experi\u00eancia<\/h3>\n<ul>\n<li><strong>Extens\u00e3o da rota:<\/strong> 7 km repletos de vistas panor\u00e2micas e paradas estrat\u00e9gicas para apreciar a natureza.<\/li>\n<li><strong>Hor\u00e1rios:<\/strong> Das 08:00 hs \u00e0s 13:00 hs para aproveitar as condi\u00e7\u00f5es ideais de luz e temperatura.<\/li>\n<li><strong>Ele inclui:<\/strong> Traslados de ida e volta, guias especializados e 50 minutos de aventura em quadriciclos e snowmobiles, com capacidade para duas pessoas por ve\u00edculo.<\/li>\n<li><strong>N\u00e3o inclui:<\/strong> Equipamentos para neve e alimentos.<\/li>\n<\/ul>\n<h3>Itiner\u00e1rio e conforto em cada parada<\/h3>\n<p>O passeio come\u00e7a estrategicamente nas proximidades do Cerro Catedral, estendendo-se at\u00e9 uma \u00e1rea privilegiada do centro de esqui. Cada segmento da rota foi projetado para garantir exclusividade e seguran\u00e7a, permitindo que voc\u00ea aprecie a beleza do ambiente natural com total conforto.<\/p>\n<h3>Perguntas frequentes (FAQ)<\/h3>\n<ul>\n<li><strong>Qual \u00e9 a dura\u00e7\u00e3o total da atividade?<\/strong>A viagem completa, incluindo o passeio e a experi\u00eancia com o quadriciclo e o snowmobile, leva aproximadamente 5 horas.<\/li>\n<li><strong>O que acontece se eu escolher a op\u00e7\u00e3o sem realoca\u00e7\u00e3o?<\/strong>Se optar por come\u00e7ar sem um traslado, voc\u00ea ter\u00e1 de ir ao ponto de encontro na base do Cerro Catedral.<\/li>\n<li><strong>Quais elementos est\u00e3o inclu\u00eddos na excurs\u00e3o?<\/strong>A atividade inclui guias profissionais, ve\u00edculos adaptados para a aventura e o traslado de ida e volta para o acampamento. Roupas espec\u00edficas para neve e alimentos n\u00e3o est\u00e3o inclu\u00eddos.<\/li>\n<li><strong>Qual \u00e9 a \u00e9poca do ano recomendada para a excurs\u00e3o?<\/strong>A travessia \u00e9 realizada a partir de meados de junho, quando as condi\u00e7\u00f5es de inverno na \u00e1rea garantem uma experi\u00eancia ideal.<\/li>\n<\/ul>\n<p>Admire a grandeza da natureza e desfrute de uma experi\u00eancia exclusiva que o conecta com a aventura em cada quil\u00f4metro. Essa viagem \u00e9 a oportunidade perfeita para vivenciar momentos inesquec\u00edveis em um ambiente natural majestoso.<\/p>\n<p><strong>Aviso importante<\/strong>Este passeio j\u00e1 est\u00e1 dispon\u00edvel para pr\u00e9-reserva. As sa\u00eddas operam de 15 de junho a 20 de agosto, sujeitas ao calend\u00e1rio sazonal.<\/p>","protected":false},"excerpt":{"rendered":"<p><strong>Experimente uma aventura de inverno exclusiva<\/strong> em 7 km de trilhas para snowmobile e quadriciclo, com traslados inclu\u00eddos. Descubra paisagens de tirar o f\u00f4lego e desfrute de um passeio projetado para garantir sua seguran\u00e7a e conforto na natureza de Bariloche.<\/p>","protected":false},"featured_media":377637,"comment_status":"open","ping_status":"closed","template":"","meta":[],"product_brand":[],"product_cat":[37,39,41,42,45,46,48,49],"product_tag":[],"class_list":{"0":"post-377139","1":"product","2":"type-product","3":"status-publish","4":"has-post-thumbnail","6":"product_cat-adultos","7":"product_cat-aventura","8":"product_cat-con-traslado","9":"product_cat-familia","10":"product_cat-invierno","11":"product_cat-ninos","12":"product_cat-sin-comida","13":"product_cat-terrestre","15":"first","16":"instock","17":"virtual","18":"sold-individually","19":"purchasable","20":"product-type-booking"},"booking_location":"","booking_location_type":"","booking_duration":1,"booking_duration_unit":"hour","booking_buffer":0,"booking_cost":0,"booking_resources":[],"exclude_global_add_ons":false,"addons":[{"name":"ADU: Adulto","type":"input_multiplier","position":0,"required":false,"title_format":"label","default":"","description_enable":false,"description":"","placeholder_enable":false,"placeholder":"","display":"select","restrictions_type":"any_text","adjust_price":true,"price":"296200","price_type":"quantity_based","restrictions":false,"min":"0","max":"0","options":[],"id":1775834196}],"yoast_head":"<!-- This site is optimized with the Yoast SEO Premium plugin v24.5 (Yoast SEO v24.8) - https:\/\/yoast.com\/wordpress\/plugins\/seo\/ -->\n<title>La Cueva \u2013 Traves\u00eda Diurna en Moto de Nieve y Cuatriciclos - Con traslado - Turismo en Patagonia Bariloche<\/title>\n<meta name=\"robots\" content=\"index, follow, max-snippet:-1, max-image-preview:large, max-video-preview:-1\" \/>\n<link rel=\"canonical\" href=\"https:\/\/turismopatagonia.ar\/pt\/product\/la-cueva-day-trip-snowmobile-atvs-transfer\/\" \/>\n<meta property=\"og:locale\" content=\"pt_BR\" \/>\n<meta property=\"og:type\" content=\"article\" \/>\n<meta property=\"og:title\" content=\"La Cueva \u2013 Traves\u00eda Diurna en Moto de Nieve y Cuatriciclos - Con traslado\" \/>\n<meta property=\"og:description\" content=\"Experiment\u00e1 una aventura invernal exclusiva en 7 km de trayecto en moto de nieve y cuatriciclos, con traslados incluidos. Descubr\u00ed paisajes impresionantes y disfrut\u00e1 de un recorrido dise\u00f1ado para garantizar tu seguridad y confort en la naturaleza de Bariloche.\" \/>\n<meta property=\"og:url\" content=\"https:\/\/turismopatagonia.ar\/pt\/product\/la-cueva-day-trip-snowmobile-atvs-transfer\/\" \/>\n<meta property=\"og:site_name\" content=\"Turismo en Patagonia Bariloche\" \/>\n<meta property=\"article:modified_time\" content=\"2026-04-11T23:55:52+00:00\" \/>\n<meta property=\"og:image\" content=\"https:\/\/turismopatagonia.ar\/wp-content\/uploads\/2025\/04\/6-A-IMG_5780-scaled.jpg\" \/>\n\t<meta property=\"og:image:width\" content=\"1920\" \/>\n\t<meta property=\"og:image:height\" content=\"2560\" \/>\n\t<meta property=\"og:image:type\" content=\"image\/jpeg\" \/>\n<meta name=\"twitter:card\" content=\"summary_large_image\" \/>\n<meta name=\"twitter:label1\" content=\"Pre\u00e7o\" \/>\n\t<meta name=\"twitter:data1\" content=\"&#036;&nbsp;296.200,00\" \/>\n\t<meta name=\"twitter:label2\" content=\"Disponibilidade\" \/>\n\t<meta name=\"twitter:data2\" content=\"Em Estoque\" \/>\n<script type=\"application\/ld+json\" class=\"yoast-schema-graph\">{\"@context\":\"https:\/\/schema.org\",\"@graph\":[{\"@type\":[\"WebPage\",\"ItemPage\"],\"@id\":\"https:\/\/turismopatagonia.ar\/product\/la-cueva-travesia-diurna-moto-de-nieve-cuatriciclos-traslado\",\"url\":\"https:\/\/turismopatagonia.ar\/product\/la-cueva-travesia-diurna-moto-de-nieve-cuatriciclos-traslado\",\"name\":\"La Cueva \u2013 Traves\u00eda Diurna en Moto de Nieve y Cuatriciclos - Con traslado - Turismo en Patagonia Bariloche\",\"isPartOf\":{\"@id\":\"https:\/\/turismopatagonia.ar\/#website\"},\"primaryImageOfPage\":{\"@id\":\"https:\/\/turismopatagonia.ar\/product\/la-cueva-travesia-diurna-moto-de-nieve-cuatriciclos-traslado#primaryimage\"},\"image\":{\"@id\":\"https:\/\/turismopatagonia.ar\/product\/la-cueva-travesia-diurna-moto-de-nieve-cuatriciclos-traslado#primaryimage\"},\"thumbnailUrl\":\"https:\/\/turismopatagonia.ar\/wp-content\/uploads\/2025\/04\/6-A-IMG_5780-scaled.jpg\",\"datePublished\":\"2026-04-09T19:13:58+00:00\",\"dateModified\":\"2026-04-11T23:55:52+00:00\",\"breadcrumb\":{\"@id\":\"https:\/\/turismopatagonia.ar\/product\/la-cueva-travesia-diurna-moto-de-nieve-cuatriciclos-traslado#breadcrumb\"},\"inLanguage\":\"pt-BR\",\"potentialAction\":[{\"@type\":\"ReadAction\",\"target\":[\"https:\/\/turismopatagonia.ar\/product\/la-cueva-travesia-diurna-moto-de-nieve-cuatriciclos-traslado\"]}]},{\"@type\":\"ImageObject\",\"inLanguage\":\"pt-BR\",\"@id\":\"https:\/\/turismopatagonia.ar\/product\/la-cueva-travesia-diurna-moto-de-nieve-cuatriciclos-traslado#primaryimage\",\"url\":\"https:\/\/turismopatagonia.ar\/wp-content\/uploads\/2025\/04\/6-A-IMG_5780-scaled.jpg\",\"contentUrl\":\"https:\/\/turismopatagonia.ar\/wp-content\/uploads\/2025\/04\/6-A-IMG_5780-scaled.jpg\",\"width\":1920,\"height\":2560},{\"@type\":\"BreadcrumbList\",\"@id\":\"https:\/\/turismopatagonia.ar\/product\/la-cueva-travesia-diurna-moto-de-nieve-cuatriciclos-traslado#breadcrumb\",\"itemListElement\":[{\"@type\":\"ListItem\",\"position\":1,\"name\":\"Home\",\"item\":\"https:\/\/turismopatagonia.ar\/\"},{\"@type\":\"ListItem\",\"position\":2,\"name\":\"Shop\",\"item\":\"https:\/\/turismopatagonia.ar\/shop\"},{\"@type\":\"ListItem\",\"position\":3,\"name\":\"La Cueva \u2013 Traves\u00eda Diurna en Moto de Nieve y Cuatriciclos &#8211; Con traslado\"}]},{\"@type\":\"WebSite\",\"@id\":\"https:\/\/turismopatagonia.ar\/#website\",\"url\":\"https:\/\/turismopatagonia.ar\/\",\"name\":\"Turismo en Patagonia Bariloche\",\"description\":\"Descubre la belleza de la Patagonia: gu\u00edas, actividades y destinos tur\u00edsticos en Bariloche y alrededores.\",\"publisher\":{\"@id\":\"https:\/\/turismopatagonia.ar\/#organization\"},\"potentialAction\":[{\"@type\":\"SearchAction\",\"target\":{\"@type\":\"EntryPoint\",\"urlTemplate\":\"https:\/\/turismopatagonia.ar\/?s={search_term_string}\"},\"query-input\":{\"@type\":\"PropertyValueSpecification\",\"valueRequired\":true,\"valueName\":\"search_term_string\"}}],\"inLanguage\":\"pt-BR\"},{\"@type\":\"Organization\",\"@id\":\"https:\/\/turismopatagonia.ar\/#organization\",\"name\":\"Turismo en Patagonia Bariloche\",\"url\":\"https:\/\/turismopatagonia.ar\/\",\"logo\":{\"@type\":\"ImageObject\",\"inLanguage\":\"pt-BR\",\"@id\":\"https:\/\/turismopatagonia.ar\/#\/schema\/logo\/image\/\",\"url\":\"https:\/\/turismopatagonia.ar\/wp-content\/uploads\/2023\/04\/logo-tirismo-copia.png\",\"contentUrl\":\"https:\/\/turismopatagonia.ar\/wp-content\/uploads\/2023\/04\/logo-tirismo-copia.png\",\"width\":270,\"height\":100,\"caption\":\"Turismo en Patagonia Bariloche\"},\"image\":{\"@id\":\"https:\/\/turismopatagonia.ar\/#\/schema\/logo\/image\/\"}}]}<\/script>\n<meta property=\"product:price:amount\" content=\"296200.00\" \/>\n<meta property=\"product:price:currency\" content=\"ARS\" \/>\n<meta property=\"og:availability\" content=\"instock\" \/>\n<meta property=\"product:availability\" content=\"instock\" \/>\n<meta property=\"product:retailer_item_id\" content=\"ADV2025LACUTS5E5\" \/>\n<meta property=\"product:condition\" content=\"new\" \/>\n<!-- \/ Yoast SEO Premium plugin. -->","yoast_head_json":{"title":"La Cueva - Excurs\u00e3o de um dia em Snowmobile e ATV - Com traslado - Turismo na Patag\u00f4nia Bariloche","robots":{"index":"index","follow":"follow","max-snippet":"max-snippet:-1","max-image-preview":"max-image-preview:large","max-video-preview":"max-video-preview:-1"},"canonical":"https:\/\/turismopatagonia.ar\/pt\/product\/la-cueva-day-trip-snowmobile-atvs-transfer\/","og_locale":"pt_BR","og_type":"article","og_title":"La Cueva \u2013 Traves\u00eda Diurna en Moto de Nieve y Cuatriciclos - Con traslado","og_description":"Experiment\u00e1 una aventura invernal exclusiva en 7 km de trayecto en moto de nieve y cuatriciclos, con traslados incluidos. Descubr\u00ed paisajes impresionantes y disfrut\u00e1 de un recorrido dise\u00f1ado para garantizar tu seguridad y confort en la naturaleza de Bariloche.","og_url":"https:\/\/turismopatagonia.ar\/pt\/product\/la-cueva-day-trip-snowmobile-atvs-transfer\/","og_site_name":"Turismo en Patagonia Bariloche","article_modified_time":"2026-04-11T23:55:52+00:00","og_image":[{"width":1920,"height":2560,"url":"https:\/\/turismopatagonia.ar\/wp-content\/uploads\/2025\/04\/6-A-IMG_5780-scaled.jpg","type":"image\/jpeg"}],"twitter_card":"summary_large_image","twitter_misc":{"Pre\u00e7o":"&#36;&nbsp;296.200,00","Disponibilidade":"Em Estoque"},"schema":{"@context":"https:\/\/schema.org","@graph":[{"@type":["WebPage","ItemPage"],"@id":"https:\/\/turismopatagonia.ar\/product\/la-cueva-travesia-diurna-moto-de-nieve-cuatriciclos-traslado","url":"https:\/\/turismopatagonia.ar\/product\/la-cueva-travesia-diurna-moto-de-nieve-cuatriciclos-traslado","name":"La Cueva - Excurs\u00e3o de um dia em Snowmobile e ATV - Com traslado - Turismo na Patag\u00f4nia Bariloche","isPartOf":{"@id":"https:\/\/turismopatagonia.ar\/#website"},"primaryImageOfPage":{"@id":"https:\/\/turismopatagonia.ar\/product\/la-cueva-travesia-diurna-moto-de-nieve-cuatriciclos-traslado#primaryimage"},"image":{"@id":"https:\/\/turismopatagonia.ar\/product\/la-cueva-travesia-diurna-moto-de-nieve-cuatriciclos-traslado#primaryimage"},"thumbnailUrl":"https:\/\/turismopatagonia.ar\/wp-content\/uploads\/2025\/04\/6-A-IMG_5780-scaled.jpg","datePublished":"2026-04-09T19:13:58+00:00","dateModified":"2026-04-11T23:55:52+00:00","breadcrumb":{"@id":"https:\/\/turismopatagonia.ar\/product\/la-cueva-travesia-diurna-moto-de-nieve-cuatriciclos-traslado#breadcrumb"},"inLanguage":"pt-BR","potentialAction":[{"@type":"ReadAction","target":["https:\/\/turismopatagonia.ar\/product\/la-cueva-travesia-diurna-moto-de-nieve-cuatriciclos-traslado"]}]},{"@type":"ImageObject","inLanguage":"pt-BR","@id":"https:\/\/turismopatagonia.ar\/product\/la-cueva-travesia-diurna-moto-de-nieve-cuatriciclos-traslado#primaryimage","url":"https:\/\/turismopatagonia.ar\/wp-content\/uploads\/2025\/04\/6-A-IMG_5780-scaled.jpg","contentUrl":"https:\/\/turismopatagonia.ar\/wp-content\/uploads\/2025\/04\/6-A-IMG_5780-scaled.jpg","width":1920,"height":2560},{"@type":"BreadcrumbList","@id":"https:\/\/turismopatagonia.ar\/product\/la-cueva-travesia-diurna-moto-de-nieve-cuatriciclos-traslado#breadcrumb","itemListElement":[{"@type":"ListItem","position":1,"name":"Home","item":"https:\/\/turismopatagonia.ar\/"},{"@type":"ListItem","position":2,"name":"Shop","item":"https:\/\/turismopatagonia.ar\/shop"},{"@type":"ListItem","position":3,"name":"La Cueva \u2013 Traves\u00eda Diurna en Moto de Nieve y Cuatriciclos &#8211; Con traslado"}]},{"@type":"WebSite","@id":"https:\/\/turismopatagonia.ar\/#website","url":"https:\/\/turismopatagonia.ar\/","name":"Turismo na Patag\u00f4nia Bariloche","description":"Descubra a beleza da Patag\u00f4nia: guias, atividades e destinos tur\u00edsticos em Bariloche e arredores.","publisher":{"@id":"https:\/\/turismopatagonia.ar\/#organization"},"potentialAction":[{"@type":"SearchAction","target":{"@type":"EntryPoint","urlTemplate":"https:\/\/turismopatagonia.ar\/?s={search_term_string}"},"query-input":{"@type":"PropertyValueSpecification","valueRequired":true,"valueName":"search_term_string"}}],"inLanguage":"pt-BR"},{"@type":"Organization","@id":"https:\/\/turismopatagonia.ar\/#organization","name":"Turismo na Patag\u00f4nia Bariloche","url":"https:\/\/turismopatagonia.ar\/","logo":{"@type":"ImageObject","inLanguage":"pt-BR","@id":"https:\/\/turismopatagonia.ar\/#\/schema\/logo\/image\/","url":"https:\/\/turismopatagonia.ar\/wp-content\/uploads\/2023\/04\/logo-tirismo-copia.png","contentUrl":"https:\/\/turismopatagonia.ar\/wp-content\/uploads\/2023\/04\/logo-tirismo-copia.png","width":270,"height":100,"caption":"Turismo en Patagonia Bariloche"},"image":{"@id":"https:\/\/turismopatagonia.ar\/#\/schema\/logo\/image\/"}}]},"product_price_amount":"296200.00","product_price_currency":"ARS","og_availability":"instock","product_availability":"instock","product_retailer_item_id":"ADV2025LACUTS5E5","product_condition":"new"},"_links":{"self":[{"href":"https:\/\/turismopatagonia.ar\/pt\/wp-json\/wp\/v2\/product\/377139","targetHints":{"allow":["GET"]}}],"collection":[{"href":"https:\/\/turismopatagonia.ar\/pt\/wp-json\/wp\/v2\/product"}],"about":[{"href":"https:\/\/turismopatagonia.ar\/pt\/wp-json\/wp\/v2\/types\/product"}],"replies":[{"embeddable":true,"href":"https:\/\/turismopatagonia.ar\/pt\/wp-json\/wp\/v2\/comments?post=377139"}],"wp:featuredmedia":[{"embeddable":true,"href":"https:\/\/turismopatagonia.ar\/pt\/wp-json\/wp\/v2\/media\/377637"}],"wp:attachment":[{"href":"https:\/\/turismopatagonia.ar\/pt\/wp-json\/wp\/v2\/media?parent=377139"}],"wp:term":[{"taxonomy":"product_brand","embeddable":true,"href":"https:\/\/turismopatagonia.ar\/pt\/wp-json\/wp\/v2\/product_brand?post=377139"},{"taxonomy":"product_cat","embeddable":true,"href":"https:\/\/turismopatagonia.ar\/pt\/wp-json\/wp\/v2\/product_cat?post=377139"},{"taxonomy":"product_tag","embeddable":true,"href":"https:\/\/turismopatagonia.ar\/pt\/wp-json\/wp\/v2\/product_tag?post=377139"}],"curies":[{"name":"wp","href":"https:\/\/api.w.org\/{rel}","templated":true}]}}