{"id":377144,"date":"2025-04-12T18:05:47","date_gmt":"2025-04-12T21:05:47","guid":{"rendered":"https:\/\/turismopatagonia.ar\/?post_type=product&#038;p=377144"},"modified":"2026-04-08T16:28:52","modified_gmt":"2026-04-08T19:28:52","slug":"san-martin-de-los-andes-por-7-lagos","status":"publish","type":"product","link":"https:\/\/turismopatagonia.ar\/pt\/product\/san-martin-de-los-andes-por-7-lagos","title":{"rendered":"Excurs\u00e3o a San Mart\u00edn de los Andes pela Rota dos 7 Lagos"},"content":{"rendered":"<h2 data-start=\"371\" data-end=\"451\"><strong data-start=\"371\" data-end=\"451\">A melhor op\u00e7\u00e3o para conhecer as paisagens mais famosas da Patag\u00f4nia<\/strong><\/h2>\n<h3 data-start=\"458\" data-end=\"478\">Isso inclui<\/h3>\n<ul data-start=\"479\" data-end=\"642\">\n<li data-start=\"479\" data-end=\"522\">\n<p data-start=\"481\" data-end=\"522\">Transporte de ida e volta para Bariloche.<\/p>\n<\/li>\n<li data-start=\"523\" data-end=\"573\">\n<p data-start=\"525\" data-end=\"573\">Paradas nos principais lagos ao longo da rota.<\/p>\n<\/li>\n<li data-start=\"574\" data-end=\"642\">\n<p data-start=\"576\" data-end=\"642\">Tempo livre em San Martin de los Andes para almo\u00e7ar ou passear.<\/p>\n<\/li>\n<\/ul>\n<h3 data-start=\"649\" data-end=\"683\">Descri\u00e7\u00e3o clara e objetiva<\/h3>\n<p data-start=\"684\" data-end=\"899\">Sa\u00edmos de Bariloche no in\u00edcio da manh\u00e3. No caminho, visitaremos a Villa La Angostura e depois faremos o percurso completo ao longo da Ruta de los 7 Lagos. Paramos nos pontos panor\u00e2micos para tirar fotos e esticar as pernas.<\/p>\n<p data-start=\"901\" data-end=\"1121\">Voc\u00ea ver\u00e1 lagos como Espejo, Correntoso, Villarino, Falkner e outros. Chegaremos a San Martin de los Andes ao meio-dia, onde teremos tempo livre para almo\u00e7ar, caminhar e apreciar a paisagem. \u00c0 tarde, retornaremos a Bariloche.<\/p>\n<p data-start=\"1123\" data-end=\"1208\">\u00c9 uma caminhada confort\u00e1vel e acess\u00edvel, perfeita para quem quer aproveitar ao m\u00e1ximo o dia.<\/p>\n<h3 data-start=\"1215\" data-end=\"1233\">Dados \u00fateis<\/h3>\n<p data-start=\"1234\" data-end=\"1473\">Hor\u00e1rio de funcionamento: das 8:00 \u00e0s 18:30 aproximadamente.<br data-start=\"1271\" data-end=\"1274\" \/>Ponto de encontro: Centro de Bariloche at\u00e9 o km 8 da Avenida Bustillo ou Pioneros.<br data-start=\"1351\" data-end=\"1354\" \/>Inclu\u00eddo: Transporte de ida e volta com guia.<br data-start=\"1395\" data-end=\"1398\" \/>N\u00e3o inclu\u00eddo: Refei\u00e7\u00f5es (h\u00e1 lugares para comer na rota e no destino).<\/p>\n<h3 data-start=\"1480\" data-end=\"1503\">Perguntas comuns<\/h3>\n<p data-start=\"1504\" data-end=\"1596\"><strong data-start=\"1504\" data-end=\"1532\">\u00c9 uma excurs\u00e3o longa?<\/strong><br data-start=\"1532\" data-end=\"1535\" \/>Sim, dura o dia todo, mas com v\u00e1rias paradas para descanso.<\/p>\n<p data-start=\"1598\" data-end=\"1697\"><strong data-start=\"1598\" data-end=\"1648\">Isso pode ser feito com crian\u00e7as ou idosos?<\/strong><br data-start=\"1648\" data-end=\"1651\" \/>Sim, n\u00e3o h\u00e1 caminhadas extenuantes. O trajeto \u00e9 feito de micro\u00f4nibus.<\/p>\n<p data-start=\"1699\" data-end=\"1766\"><strong data-start=\"1699\" data-end=\"1715\">O que levar?<\/strong><br data-start=\"1715\" data-end=\"1718\" \/>Roupas confort\u00e1veis, alguns agasalhos e uma c\u00e2mera.<\/p>\n<p data-start=\"1768\" data-end=\"1884\"><strong data-start=\"1768\" data-end=\"1823\">Posso me hospedar em San Mart\u00edn ou Villa La Angostura?<\/strong><br data-start=\"1823\" data-end=\"1826\" \/>Sim, com aviso pr\u00e9vio. A viagem de volta \u00e9 organizada separadamente.<\/p>","protected":false},"excerpt":{"rendered":"<h2>Viva uma experi\u00eancia inesquec\u00edvel<\/h2>\n<p>Desfrute de um passeio exclusivo pela rota dos 7 lagos, onde paisagens espetaculares e a autenticidade de San Martin de los Andes se fundem para lhe oferecer uma experi\u00eancia \u00fanica. Ideal para quem procura aventura, conforto e conex\u00e3o com a natureza. Reserve seu lugar e deixe-se cativar pela magia da Patag\u00f4nia.<\/p>","protected":false},"featured_media":377656,"comment_status":"open","ping_status":"closed","template":"","meta":[],"product_brand":[],"product_cat":[37,41,42,46,48,49,54],"product_tag":[],"class_list":{"0":"post-377144","1":"product","2":"type-product","3":"status-publish","4":"has-post-thumbnail","6":"product_cat-adultos","7":"product_cat-con-traslado","8":"product_cat-familia","9":"product_cat-ninos","10":"product_cat-sin-comida","11":"product_cat-terrestre","12":"product_cat-todo-el-ano","14":"first","15":"instock","16":"virtual","17":"sold-individually","18":"purchasable","19":"product-type-booking"},"booking_location":"","booking_location_type":"","booking_duration":1,"booking_duration_unit":"hour","booking_buffer":0,"booking_cost":0,"booking_resources":[],"exclude_global_add_ons":false,"addons":[{"name":"STD: Passageiros","type":"input_multiplier","position":0,"required":false,"title_format":"label","default":"","description_enable":false,"description":"","placeholder_enable":false,"placeholder":"","display":"select","restrictions_type":"any_text","adjust_price":true,"price":"71400","price_type":"flat_fee","restrictions":false,"min":"0","max":"0","options":[],"id":1773237111}],"yoast_head":"<!-- This site is optimized with the Yoast SEO Premium plugin v24.5 (Yoast SEO v24.8) - https:\/\/yoast.com\/wordpress\/plugins\/seo\/ -->\n<title>Excursi\u00f3n a San Mart\u00edn de los Andes por Ruta de los 7 Lagos - Turismo en Patagonia Bariloche<\/title>\n<meta name=\"description\" content=\"Excursi\u00f3n econ\u00f3mica desde Bariloche a San Mart\u00edn de los Andes. Incluye transporte y paradas en los lagos. Ideal para aprovechar el d\u00eda sin gastar de m\u00e1s.\" \/>\n<meta name=\"robots\" content=\"index, follow, max-snippet:-1, max-image-preview:large, max-video-preview:-1\" \/>\n<link rel=\"canonical\" href=\"https:\/\/turismopatagonia.ar\/pt\/product\/san-martin-de-los-andes-por-7-lagos\/\" \/>\n<meta property=\"og:locale\" content=\"pt_BR\" \/>\n<meta property=\"og:type\" content=\"article\" \/>\n<meta property=\"og:title\" content=\"Excursi\u00f3n a San Mart\u00edn de los Andes por Ruta de los 7 Lagos\" \/>\n<meta property=\"og:description\" content=\"Excursi\u00f3n econ\u00f3mica desde Bariloche a San Mart\u00edn de los Andes. Incluye transporte y paradas en los lagos. Ideal para aprovechar el d\u00eda sin gastar de m\u00e1s.\" \/>\n<meta property=\"og:url\" content=\"https:\/\/turismopatagonia.ar\/pt\/product\/san-martin-de-los-andes-por-7-lagos\/\" \/>\n<meta property=\"og:site_name\" content=\"Turismo en Patagonia Bariloche\" \/>\n<meta property=\"article:modified_time\" content=\"2026-04-08T19:28:52+00:00\" \/>\n<meta property=\"og:image\" content=\"https:\/\/turismopatagonia.ar\/wp-content\/uploads\/2025\/04\/7-D-scaled.jpg\" \/>\n\t<meta property=\"og:image:width\" content=\"1920\" \/>\n\t<meta property=\"og:image:height\" content=\"2560\" \/>\n\t<meta property=\"og:image:type\" content=\"image\/jpeg\" \/>\n<meta name=\"twitter:card\" content=\"summary_large_image\" \/>\n<meta name=\"twitter:label1\" content=\"Pre\u00e7o\" \/>\n\t<meta name=\"twitter:data1\" content=\"&#036;&nbsp;71.400,00\" \/>\n\t<meta name=\"twitter:label2\" content=\"Disponibilidade\" \/>\n\t<meta name=\"twitter:data2\" content=\"Em Estoque\" \/>\n<script type=\"application\/ld+json\" class=\"yoast-schema-graph\">{\"@context\":\"https:\/\/schema.org\",\"@graph\":[{\"@type\":[\"WebPage\",\"ItemPage\"],\"@id\":\"https:\/\/turismopatagonia.ar\/product\/san-martin-de-los-andes-por-7-lagos\",\"url\":\"https:\/\/turismopatagonia.ar\/product\/san-martin-de-los-andes-por-7-lagos\",\"name\":\"Excursi\u00f3n a San Mart\u00edn de los Andes por Ruta de los 7 Lagos - Turismo en Patagonia Bariloche\",\"isPartOf\":{\"@id\":\"https:\/\/turismopatagonia.ar\/#website\"},\"primaryImageOfPage\":{\"@id\":\"https:\/\/turismopatagonia.ar\/product\/san-martin-de-los-andes-por-7-lagos#primaryimage\"},\"image\":{\"@id\":\"https:\/\/turismopatagonia.ar\/product\/san-martin-de-los-andes-por-7-lagos#primaryimage\"},\"thumbnailUrl\":\"https:\/\/turismopatagonia.ar\/wp-content\/uploads\/2025\/04\/7-D-scaled.jpg\",\"datePublished\":\"2025-04-12T21:05:47+00:00\",\"dateModified\":\"2026-04-08T19:28:52+00:00\",\"description\":\"Excursi\u00f3n econ\u00f3mica desde Bariloche a San Mart\u00edn de los Andes. Incluye transporte y paradas en los lagos. Ideal para aprovechar el d\u00eda sin gastar de m\u00e1s.\",\"breadcrumb\":{\"@id\":\"https:\/\/turismopatagonia.ar\/product\/san-martin-de-los-andes-por-7-lagos#breadcrumb\"},\"inLanguage\":\"pt-BR\",\"potentialAction\":[{\"@type\":\"ReadAction\",\"target\":[\"https:\/\/turismopatagonia.ar\/product\/san-martin-de-los-andes-por-7-lagos\"]}]},{\"@type\":\"ImageObject\",\"inLanguage\":\"pt-BR\",\"@id\":\"https:\/\/turismopatagonia.ar\/product\/san-martin-de-los-andes-por-7-lagos#primaryimage\",\"url\":\"https:\/\/turismopatagonia.ar\/wp-content\/uploads\/2025\/04\/7-D-scaled.jpg\",\"contentUrl\":\"https:\/\/turismopatagonia.ar\/wp-content\/uploads\/2025\/04\/7-D-scaled.jpg\",\"width\":1920,\"height\":2560},{\"@type\":\"BreadcrumbList\",\"@id\":\"https:\/\/turismopatagonia.ar\/product\/san-martin-de-los-andes-por-7-lagos#breadcrumb\",\"itemListElement\":[{\"@type\":\"ListItem\",\"position\":1,\"name\":\"Home\",\"item\":\"https:\/\/turismopatagonia.ar\/\"},{\"@type\":\"ListItem\",\"position\":2,\"name\":\"Shop\",\"item\":\"https:\/\/turismopatagonia.ar\/shop\"},{\"@type\":\"ListItem\",\"position\":3,\"name\":\"Excursi\u00f3n a San Mart\u00edn de los Andes por Ruta de los 7 Lagos\"}]},{\"@type\":\"WebSite\",\"@id\":\"https:\/\/turismopatagonia.ar\/#website\",\"url\":\"https:\/\/turismopatagonia.ar\/\",\"name\":\"Turismo en Patagonia Bariloche\",\"description\":\"Descubre la belleza de la Patagonia: gu\u00edas, actividades y destinos tur\u00edsticos en Bariloche y alrededores.\",\"publisher\":{\"@id\":\"https:\/\/turismopatagonia.ar\/#organization\"},\"potentialAction\":[{\"@type\":\"SearchAction\",\"target\":{\"@type\":\"EntryPoint\",\"urlTemplate\":\"https:\/\/turismopatagonia.ar\/?s={search_term_string}\"},\"query-input\":{\"@type\":\"PropertyValueSpecification\",\"valueRequired\":true,\"valueName\":\"search_term_string\"}}],\"inLanguage\":\"pt-BR\"},{\"@type\":\"Organization\",\"@id\":\"https:\/\/turismopatagonia.ar\/#organization\",\"name\":\"Turismo en Patagonia Bariloche\",\"url\":\"https:\/\/turismopatagonia.ar\/\",\"logo\":{\"@type\":\"ImageObject\",\"inLanguage\":\"pt-BR\",\"@id\":\"https:\/\/turismopatagonia.ar\/#\/schema\/logo\/image\/\",\"url\":\"https:\/\/turismopatagonia.ar\/wp-content\/uploads\/2023\/04\/logo-tirismo-copia.png\",\"contentUrl\":\"https:\/\/turismopatagonia.ar\/wp-content\/uploads\/2023\/04\/logo-tirismo-copia.png\",\"width\":270,\"height\":100,\"caption\":\"Turismo en Patagonia Bariloche\"},\"image\":{\"@id\":\"https:\/\/turismopatagonia.ar\/#\/schema\/logo\/image\/\"}}]}<\/script>\n<meta property=\"product:price:amount\" content=\"71400.00\" \/>\n<meta property=\"product:price:currency\" content=\"ARS\" \/>\n<meta property=\"og:availability\" content=\"instock\" \/>\n<meta property=\"product:availability\" content=\"instock\" \/>\n<meta property=\"product:retailer_item_id\" content=\"ADV2025SAMADEQ219\" \/>\n<meta property=\"product:condition\" content=\"new\" \/>\n<!-- \/ Yoast SEO Premium plugin. -->","yoast_head_json":{"title":"Excurs\u00e3o a San Mart\u00edn de los Andes pela Rota dos 7 Lagos - Turismo na Patag\u00f4nia Bariloche","description":"Excurs\u00e3o econ\u00f4mica de Bariloche a San Martin de los Andes. Inclui transporte e paradas nos lagos. Ideal para aproveitar ao m\u00e1ximo o dia sem gastar muito.","robots":{"index":"index","follow":"follow","max-snippet":"max-snippet:-1","max-image-preview":"max-image-preview:large","max-video-preview":"max-video-preview:-1"},"canonical":"https:\/\/turismopatagonia.ar\/pt\/product\/san-martin-de-los-andes-por-7-lagos\/","og_locale":"pt_BR","og_type":"article","og_title":"Excursi\u00f3n a San Mart\u00edn de los Andes por Ruta de los 7 Lagos","og_description":"Excursi\u00f3n econ\u00f3mica desde Bariloche a San Mart\u00edn de los Andes. Incluye transporte y paradas en los lagos. Ideal para aprovechar el d\u00eda sin gastar de m\u00e1s.","og_url":"https:\/\/turismopatagonia.ar\/pt\/product\/san-martin-de-los-andes-por-7-lagos\/","og_site_name":"Turismo en Patagonia Bariloche","article_modified_time":"2026-04-08T19:28:52+00:00","og_image":[{"width":1920,"height":2560,"url":"https:\/\/turismopatagonia.ar\/wp-content\/uploads\/2025\/04\/7-D-scaled.jpg","type":"image\/jpeg"}],"twitter_card":"summary_large_image","twitter_misc":{"Pre\u00e7o":"&#36;&nbsp;71.400,00","Disponibilidade":"Em Estoque"},"schema":{"@context":"https:\/\/schema.org","@graph":[{"@type":["WebPage","ItemPage"],"@id":"https:\/\/turismopatagonia.ar\/product\/san-martin-de-los-andes-por-7-lagos","url":"https:\/\/turismopatagonia.ar\/product\/san-martin-de-los-andes-por-7-lagos","name":"Excurs\u00e3o a San Mart\u00edn de los Andes pela Rota dos 7 Lagos - Turismo na Patag\u00f4nia Bariloche","isPartOf":{"@id":"https:\/\/turismopatagonia.ar\/#website"},"primaryImageOfPage":{"@id":"https:\/\/turismopatagonia.ar\/product\/san-martin-de-los-andes-por-7-lagos#primaryimage"},"image":{"@id":"https:\/\/turismopatagonia.ar\/product\/san-martin-de-los-andes-por-7-lagos#primaryimage"},"thumbnailUrl":"https:\/\/turismopatagonia.ar\/wp-content\/uploads\/2025\/04\/7-D-scaled.jpg","datePublished":"2025-04-12T21:05:47+00:00","dateModified":"2026-04-08T19:28:52+00:00","description":"Excurs\u00e3o econ\u00f4mica de Bariloche a San Martin de los Andes. Inclui transporte e paradas nos lagos. Ideal para aproveitar ao m\u00e1ximo o dia sem gastar muito.","breadcrumb":{"@id":"https:\/\/turismopatagonia.ar\/product\/san-martin-de-los-andes-por-7-lagos#breadcrumb"},"inLanguage":"pt-BR","potentialAction":[{"@type":"ReadAction","target":["https:\/\/turismopatagonia.ar\/product\/san-martin-de-los-andes-por-7-lagos"]}]},{"@type":"ImageObject","inLanguage":"pt-BR","@id":"https:\/\/turismopatagonia.ar\/product\/san-martin-de-los-andes-por-7-lagos#primaryimage","url":"https:\/\/turismopatagonia.ar\/wp-content\/uploads\/2025\/04\/7-D-scaled.jpg","contentUrl":"https:\/\/turismopatagonia.ar\/wp-content\/uploads\/2025\/04\/7-D-scaled.jpg","width":1920,"height":2560},{"@type":"BreadcrumbList","@id":"https:\/\/turismopatagonia.ar\/product\/san-martin-de-los-andes-por-7-lagos#breadcrumb","itemListElement":[{"@type":"ListItem","position":1,"name":"Home","item":"https:\/\/turismopatagonia.ar\/"},{"@type":"ListItem","position":2,"name":"Shop","item":"https:\/\/turismopatagonia.ar\/shop"},{"@type":"ListItem","position":3,"name":"Excursi\u00f3n a San Mart\u00edn de los Andes por Ruta de los 7 Lagos"}]},{"@type":"WebSite","@id":"https:\/\/turismopatagonia.ar\/#website","url":"https:\/\/turismopatagonia.ar\/","name":"Turismo na Patag\u00f4nia Bariloche","description":"Descubra a beleza da Patag\u00f4nia: guias, atividades e destinos tur\u00edsticos em Bariloche e arredores.","publisher":{"@id":"https:\/\/turismopatagonia.ar\/#organization"},"potentialAction":[{"@type":"SearchAction","target":{"@type":"EntryPoint","urlTemplate":"https:\/\/turismopatagonia.ar\/?s={search_term_string}"},"query-input":{"@type":"PropertyValueSpecification","valueRequired":true,"valueName":"search_term_string"}}],"inLanguage":"pt-BR"},{"@type":"Organization","@id":"https:\/\/turismopatagonia.ar\/#organization","name":"Turismo na Patag\u00f4nia Bariloche","url":"https:\/\/turismopatagonia.ar\/","logo":{"@type":"ImageObject","inLanguage":"pt-BR","@id":"https:\/\/turismopatagonia.ar\/#\/schema\/logo\/image\/","url":"https:\/\/turismopatagonia.ar\/wp-content\/uploads\/2023\/04\/logo-tirismo-copia.png","contentUrl":"https:\/\/turismopatagonia.ar\/wp-content\/uploads\/2023\/04\/logo-tirismo-copia.png","width":270,"height":100,"caption":"Turismo en Patagonia Bariloche"},"image":{"@id":"https:\/\/turismopatagonia.ar\/#\/schema\/logo\/image\/"}}]},"product_price_amount":"71400.00","product_price_currency":"ARS","og_availability":"instock","product_availability":"instock","product_retailer_item_id":"ADV2025SAMADEQ219","product_condition":"new"},"_links":{"self":[{"href":"https:\/\/turismopatagonia.ar\/pt\/wp-json\/wp\/v2\/product\/377144","targetHints":{"allow":["GET"]}}],"collection":[{"href":"https:\/\/turismopatagonia.ar\/pt\/wp-json\/wp\/v2\/product"}],"about":[{"href":"https:\/\/turismopatagonia.ar\/pt\/wp-json\/wp\/v2\/types\/product"}],"replies":[{"embeddable":true,"href":"https:\/\/turismopatagonia.ar\/pt\/wp-json\/wp\/v2\/comments?post=377144"}],"wp:featuredmedia":[{"embeddable":true,"href":"https:\/\/turismopatagonia.ar\/pt\/wp-json\/wp\/v2\/media\/377656"}],"wp:attachment":[{"href":"https:\/\/turismopatagonia.ar\/pt\/wp-json\/wp\/v2\/media?parent=377144"}],"wp:term":[{"taxonomy":"product_brand","embeddable":true,"href":"https:\/\/turismopatagonia.ar\/pt\/wp-json\/wp\/v2\/product_brand?post=377144"},{"taxonomy":"product_cat","embeddable":true,"href":"https:\/\/turismopatagonia.ar\/pt\/wp-json\/wp\/v2\/product_cat?post=377144"},{"taxonomy":"product_tag","embeddable":true,"href":"https:\/\/turismopatagonia.ar\/pt\/wp-json\/wp\/v2\/product_tag?post=377144"}],"curies":[{"name":"wp","href":"https:\/\/api.w.org\/{rel}","templated":true}]}}