{"id":377145,"date":"2025-04-12T18:06:00","date_gmt":"2025-04-12T21:06:00","guid":{"rendered":"https:\/\/turismopatagonia.ar\/?post_type=product&#038;p=377145"},"modified":"2026-04-08T16:30:26","modified_gmt":"2026-04-08T19:30:26","slug":"circuito-chico-cerro-campanario","status":"publish","type":"product","link":"https:\/\/turismopatagonia.ar\/pt\/product\/cerro-campanario-small-circuit","title":{"rendered":"Circuito Chico e Cerro Campanario: o melhor de Bariloche em apenas algumas horas"},"content":{"rendered":"<h3 data-start=\"425\" data-end=\"489\"><strong data-start=\"429\" data-end=\"489\">Um passeio curto, econ\u00f4mico e panor\u00e2mico<\/strong><\/h3>\n<p data-start=\"491\" data-end=\"750\">Se voc\u00ea est\u00e1 em Bariloche e quer visitar os pontos mais famosos da cidade sem gastar muito, esta excurs\u00e3o \u00e9 para voc\u00ea. Em meio dia, voc\u00ea visitar\u00e1 as principais atra\u00e7\u00f5es naturais e culturais em um passeio confort\u00e1vel e acess\u00edvel, com vistas de tirar o f\u00f4lego.<\/p>\n<p data-start=\"752\" data-end=\"1009\">Partimos de pontos de encontro localizados entre o centro de Bariloche e o km 8 da Av. Bustillo ou Av. Pioneros. Viajamos ao longo da costa da <strong data-start=\"890\" data-end=\"911\">Lago Nahuel Huapi<\/strong>, com paradas para ver o <strong data-start=\"937\" data-end=\"956\">Hotel Llao Llao<\/strong>, o <strong data-start=\"961\" data-end=\"984\">Capela de S\u00e3o Eduardo<\/strong> e o <strong data-start=\"990\" data-end=\"1008\">Puerto Pa\u00f1uelo<\/strong>.<\/p>\n<p data-start=\"1011\" data-end=\"1127\">Continuamos em dire\u00e7\u00e3o ao <strong data-start=\"1029\" data-end=\"1044\">Cerro L\u00f3pez<\/strong>, <strong data-start=\"1046\" data-end=\"1061\">Vila Tacul<\/strong> e o <strong data-start=\"1067\" data-end=\"1085\">Lago escondido<\/strong>, Faremos paradas para fotos e intervalos.<\/p>\n<p data-start=\"1129\" data-end=\"1319\">A \u00faltima parte do passeio \u00e9 no <strong data-start=\"1168\" data-end=\"1188\">Cerro Campanario<\/strong>, Voc\u00ea tem a op\u00e7\u00e3o de pegar um telef\u00e9rico (n\u00e3o inclu\u00eddo) e desfrutar de uma das melhores vistas panor\u00e2micas de toda a regi\u00e3o.<\/p>\n<p data-start=\"1321\" data-end=\"1431\">Dura\u00e7\u00e3o: 8:30 \u00e0s 12:30 ou 15:00 \u00e0s 19:00 hs. Inclui traslado e guia. Refei\u00e7\u00f5es e ingresso para o telef\u00e9rico n\u00e3o est\u00e3o inclu\u00eddos.<\/p>\n<h3 data-start=\"1438\" data-end=\"1467\"><strong data-start=\"1442\" data-end=\"1467\">O que voc\u00ea precisa saber?<\/strong><\/h3>\n<p data-start=\"1469\" data-end=\"1564\"><strong data-start=\"1469\" data-end=\"1513\">A entrada para o Belfry est\u00e1 inclu\u00edda?<\/strong><br data-start=\"1513\" data-end=\"1516\" \/>N\u00e3o, voc\u00ea precisa pagar a mais se quiser pegar um telef\u00e9rico.<\/p>\n<p data-start=\"1566\" data-end=\"1666\"><strong data-start=\"1566\" data-end=\"1597\">\u00c9 uma excurs\u00e3o exigente?<\/strong><br data-start=\"1597\" data-end=\"1600\" \/>N\u00e3o, \u00e9 muito tranquilo. Ideal para quem n\u00e3o quer caminhar muito.<\/p>\n<p data-start=\"1668\" data-end=\"1766\"><strong data-start=\"1668\" data-end=\"1702\">Inclui alimentos ou bebidas?<\/strong><br data-start=\"1702\" data-end=\"1705\" \/>N\u00e3o. Voc\u00ea pode trazer seu pr\u00f3prio produto ou aproveitar as lojas locais da regi\u00e3o.<\/p>\n<p data-start=\"1768\" data-end=\"1894\"><strong data-start=\"1768\" data-end=\"1813\">\u00c9 \u00fatil se eu tiver pouco tempo em Bariloche?<\/strong><br data-start=\"1813\" data-end=\"1816\" \/>Sim, \u00e9 a melhor maneira de ver os principais pontos tur\u00edsticos em apenas metade de um dia.<\/p>","protected":false},"excerpt":{"rendered":"<p>Experimente o melhor de Bariloche em um passeio que combina hist\u00f3ria, natureza e vistas panor\u00e2micas incompar\u00e1veis. O Circuito Chico e o Cerro Campanario o convidam a viver uma aventura requintada com paradas emblem\u00e1ticas e a chance de escalar um mirante mundialmente famoso.<\/p>","protected":false},"featured_media":377658,"comment_status":"open","ping_status":"closed","template":"","meta":[],"product_brand":[],"product_cat":[37,41,42,46,48,49,54],"product_tag":[],"class_list":{"0":"post-377145","1":"product","2":"type-product","3":"status-publish","4":"has-post-thumbnail","6":"product_cat-adultos","7":"product_cat-con-traslado","8":"product_cat-familia","9":"product_cat-ninos","10":"product_cat-sin-comida","11":"product_cat-terrestre","12":"product_cat-todo-el-ano","14":"first","15":"instock","16":"virtual","17":"sold-individually","18":"purchasable","19":"product-type-booking"},"booking_location":"","booking_location_type":"","booking_duration":1,"booking_duration_unit":"hour","booking_buffer":0,"booking_cost":0,"booking_resources":[],"exclude_global_add_ons":false,"addons":[{"name":"STD: Passageiros","type":"input_multiplier","position":0,"required":false,"title_format":"label","default":"","description_enable":false,"description":"","placeholder_enable":false,"placeholder":"","display":"select","restrictions_type":"any_text","adjust_price":true,"price":"23400","price_type":"flat_fee","restrictions":false,"min":"0","max":"0","options":[],"id":1773236982}],"yoast_head":"<!-- This site is optimized with the Yoast SEO Premium plugin v24.5 (Yoast SEO v24.8) - https:\/\/yoast.com\/wordpress\/plugins\/seo\/ -->\n<title>Circuito Chico y Cerro Campanario - Turismo en Patagonia Bariloche<\/title>\n<meta name=\"description\" content=\"Circuito Chico y Cerro Campanario: paseo econ\u00f3mico por Bariloche. Naturaleza, vistas panor\u00e1micas y traslado incluido. Ideal si ten\u00e9s poco tiempo.\" \/>\n<meta name=\"robots\" content=\"index, follow, max-snippet:-1, max-image-preview:large, max-video-preview:-1\" \/>\n<link rel=\"canonical\" href=\"https:\/\/turismopatagonia.ar\/pt\/product\/cerro-campanario-small-circuit\/\" \/>\n<meta property=\"og:locale\" content=\"pt_BR\" \/>\n<meta property=\"og:type\" content=\"article\" \/>\n<meta property=\"og:title\" content=\"Circuito Chico y Cerro Campanario: lo mejor de Bariloche en pocas horas\" \/>\n<meta property=\"og:description\" content=\"Circuito Chico y Cerro Campanario: paseo econ\u00f3mico por Bariloche. Naturaleza, vistas panor\u00e1micas y traslado incluido. Ideal si ten\u00e9s poco tiempo.\" \/>\n<meta property=\"og:url\" content=\"https:\/\/turismopatagonia.ar\/pt\/product\/cerro-campanario-small-circuit\/\" \/>\n<meta property=\"og:site_name\" content=\"Turismo en Patagonia Bariloche\" \/>\n<meta property=\"article:modified_time\" content=\"2026-04-08T19:30:26+00:00\" \/>\n<meta property=\"og:image\" content=\"https:\/\/turismopatagonia.ar\/wp-content\/uploads\/2025\/04\/6-B-DSC_0806-scaled.jpg\" \/>\n\t<meta property=\"og:image:width\" content=\"1920\" \/>\n\t<meta property=\"og:image:height\" content=\"2560\" \/>\n\t<meta property=\"og:image:type\" content=\"image\/jpeg\" \/>\n<meta name=\"twitter:card\" content=\"summary_large_image\" \/>\n<meta name=\"twitter:label1\" content=\"Pre\u00e7o\" \/>\n\t<meta name=\"twitter:data1\" content=\"&#036;&nbsp;23.400,00\" \/>\n\t<meta name=\"twitter:label2\" content=\"Disponibilidade\" \/>\n\t<meta name=\"twitter:data2\" content=\"Em Estoque\" \/>\n<script type=\"application\/ld+json\" class=\"yoast-schema-graph\">{\"@context\":\"https:\/\/schema.org\",\"@graph\":[{\"@type\":[\"WebPage\",\"ItemPage\"],\"@id\":\"https:\/\/turismopatagonia.ar\/product\/circuito-chico-cerro-campanario\",\"url\":\"https:\/\/turismopatagonia.ar\/product\/circuito-chico-cerro-campanario\",\"name\":\"Circuito Chico y Cerro Campanario - Turismo en Patagonia Bariloche\",\"isPartOf\":{\"@id\":\"https:\/\/turismopatagonia.ar\/#website\"},\"primaryImageOfPage\":{\"@id\":\"https:\/\/turismopatagonia.ar\/product\/circuito-chico-cerro-campanario#primaryimage\"},\"image\":{\"@id\":\"https:\/\/turismopatagonia.ar\/product\/circuito-chico-cerro-campanario#primaryimage\"},\"thumbnailUrl\":\"https:\/\/turismopatagonia.ar\/wp-content\/uploads\/2025\/04\/6-B-DSC_0806-scaled.jpg\",\"datePublished\":\"2025-04-12T21:06:00+00:00\",\"dateModified\":\"2026-04-08T19:30:26+00:00\",\"description\":\"Circuito Chico y Cerro Campanario: paseo econ\u00f3mico por Bariloche. Naturaleza, vistas panor\u00e1micas y traslado incluido. Ideal si ten\u00e9s poco tiempo.\",\"breadcrumb\":{\"@id\":\"https:\/\/turismopatagonia.ar\/product\/circuito-chico-cerro-campanario#breadcrumb\"},\"inLanguage\":\"pt-BR\",\"potentialAction\":[{\"@type\":\"ReadAction\",\"target\":[\"https:\/\/turismopatagonia.ar\/product\/circuito-chico-cerro-campanario\"]}]},{\"@type\":\"ImageObject\",\"inLanguage\":\"pt-BR\",\"@id\":\"https:\/\/turismopatagonia.ar\/product\/circuito-chico-cerro-campanario#primaryimage\",\"url\":\"https:\/\/turismopatagonia.ar\/wp-content\/uploads\/2025\/04\/6-B-DSC_0806-scaled.jpg\",\"contentUrl\":\"https:\/\/turismopatagonia.ar\/wp-content\/uploads\/2025\/04\/6-B-DSC_0806-scaled.jpg\",\"width\":1920,\"height\":2560},{\"@type\":\"BreadcrumbList\",\"@id\":\"https:\/\/turismopatagonia.ar\/product\/circuito-chico-cerro-campanario#breadcrumb\",\"itemListElement\":[{\"@type\":\"ListItem\",\"position\":1,\"name\":\"Home\",\"item\":\"https:\/\/turismopatagonia.ar\/\"},{\"@type\":\"ListItem\",\"position\":2,\"name\":\"Shop\",\"item\":\"https:\/\/turismopatagonia.ar\/shop\"},{\"@type\":\"ListItem\",\"position\":3,\"name\":\"Circuito Chico y Cerro Campanario: lo mejor de Bariloche en pocas horas\"}]},{\"@type\":\"WebSite\",\"@id\":\"https:\/\/turismopatagonia.ar\/#website\",\"url\":\"https:\/\/turismopatagonia.ar\/\",\"name\":\"Turismo en Patagonia Bariloche\",\"description\":\"Descubre la belleza de la Patagonia: gu\u00edas, actividades y destinos tur\u00edsticos en Bariloche y alrededores.\",\"publisher\":{\"@id\":\"https:\/\/turismopatagonia.ar\/#organization\"},\"potentialAction\":[{\"@type\":\"SearchAction\",\"target\":{\"@type\":\"EntryPoint\",\"urlTemplate\":\"https:\/\/turismopatagonia.ar\/?s={search_term_string}\"},\"query-input\":{\"@type\":\"PropertyValueSpecification\",\"valueRequired\":true,\"valueName\":\"search_term_string\"}}],\"inLanguage\":\"pt-BR\"},{\"@type\":\"Organization\",\"@id\":\"https:\/\/turismopatagonia.ar\/#organization\",\"name\":\"Turismo en Patagonia Bariloche\",\"url\":\"https:\/\/turismopatagonia.ar\/\",\"logo\":{\"@type\":\"ImageObject\",\"inLanguage\":\"pt-BR\",\"@id\":\"https:\/\/turismopatagonia.ar\/#\/schema\/logo\/image\/\",\"url\":\"https:\/\/turismopatagonia.ar\/wp-content\/uploads\/2023\/04\/logo-tirismo-copia.png\",\"contentUrl\":\"https:\/\/turismopatagonia.ar\/wp-content\/uploads\/2023\/04\/logo-tirismo-copia.png\",\"width\":270,\"height\":100,\"caption\":\"Turismo en Patagonia Bariloche\"},\"image\":{\"@id\":\"https:\/\/turismopatagonia.ar\/#\/schema\/logo\/image\/\"}}]}<\/script>\n<meta property=\"product:price:amount\" content=\"23400.00\" \/>\n<meta property=\"product:price:currency\" content=\"ARS\" \/>\n<meta property=\"og:availability\" content=\"instock\" \/>\n<meta property=\"product:availability\" content=\"instock\" \/>\n<meta property=\"product:retailer_item_id\" content=\"ADV2025CICHYC1KOR\" \/>\n<meta property=\"product:condition\" content=\"new\" \/>\n<!-- \/ Yoast SEO Premium plugin. -->","yoast_head_json":{"title":"Circuito Chico e Cerro Campanario - Turismo na Patag\u00f4nia Bariloche","description":"Circuito Chico e Cerro Campanario: passeio econ\u00f4mico ao redor de Bariloche. Natureza, vistas panor\u00e2micas e traslado inclu\u00eddos. Ideal se voc\u00ea tiver pouco tempo.","robots":{"index":"index","follow":"follow","max-snippet":"max-snippet:-1","max-image-preview":"max-image-preview:large","max-video-preview":"max-video-preview:-1"},"canonical":"https:\/\/turismopatagonia.ar\/pt\/product\/cerro-campanario-small-circuit\/","og_locale":"pt_BR","og_type":"article","og_title":"Circuito Chico y Cerro Campanario: lo mejor de Bariloche en pocas horas","og_description":"Circuito Chico y Cerro Campanario: paseo econ\u00f3mico por Bariloche. Naturaleza, vistas panor\u00e1micas y traslado incluido. Ideal si ten\u00e9s poco tiempo.","og_url":"https:\/\/turismopatagonia.ar\/pt\/product\/cerro-campanario-small-circuit\/","og_site_name":"Turismo en Patagonia Bariloche","article_modified_time":"2026-04-08T19:30:26+00:00","og_image":[{"width":1920,"height":2560,"url":"https:\/\/turismopatagonia.ar\/wp-content\/uploads\/2025\/04\/6-B-DSC_0806-scaled.jpg","type":"image\/jpeg"}],"twitter_card":"summary_large_image","twitter_misc":{"Pre\u00e7o":"&#36;&nbsp;23.400,00","Disponibilidade":"Em Estoque"},"schema":{"@context":"https:\/\/schema.org","@graph":[{"@type":["WebPage","ItemPage"],"@id":"https:\/\/turismopatagonia.ar\/product\/circuito-chico-cerro-campanario","url":"https:\/\/turismopatagonia.ar\/product\/circuito-chico-cerro-campanario","name":"Circuito Chico e Cerro Campanario - Turismo na Patag\u00f4nia Bariloche","isPartOf":{"@id":"https:\/\/turismopatagonia.ar\/#website"},"primaryImageOfPage":{"@id":"https:\/\/turismopatagonia.ar\/product\/circuito-chico-cerro-campanario#primaryimage"},"image":{"@id":"https:\/\/turismopatagonia.ar\/product\/circuito-chico-cerro-campanario#primaryimage"},"thumbnailUrl":"https:\/\/turismopatagonia.ar\/wp-content\/uploads\/2025\/04\/6-B-DSC_0806-scaled.jpg","datePublished":"2025-04-12T21:06:00+00:00","dateModified":"2026-04-08T19:30:26+00:00","description":"Circuito Chico e Cerro Campanario: passeio econ\u00f4mico ao redor de Bariloche. Natureza, vistas panor\u00e2micas e traslado inclu\u00eddos. Ideal se voc\u00ea tiver pouco tempo.","breadcrumb":{"@id":"https:\/\/turismopatagonia.ar\/product\/circuito-chico-cerro-campanario#breadcrumb"},"inLanguage":"pt-BR","potentialAction":[{"@type":"ReadAction","target":["https:\/\/turismopatagonia.ar\/product\/circuito-chico-cerro-campanario"]}]},{"@type":"ImageObject","inLanguage":"pt-BR","@id":"https:\/\/turismopatagonia.ar\/product\/circuito-chico-cerro-campanario#primaryimage","url":"https:\/\/turismopatagonia.ar\/wp-content\/uploads\/2025\/04\/6-B-DSC_0806-scaled.jpg","contentUrl":"https:\/\/turismopatagonia.ar\/wp-content\/uploads\/2025\/04\/6-B-DSC_0806-scaled.jpg","width":1920,"height":2560},{"@type":"BreadcrumbList","@id":"https:\/\/turismopatagonia.ar\/product\/circuito-chico-cerro-campanario#breadcrumb","itemListElement":[{"@type":"ListItem","position":1,"name":"Home","item":"https:\/\/turismopatagonia.ar\/"},{"@type":"ListItem","position":2,"name":"Shop","item":"https:\/\/turismopatagonia.ar\/shop"},{"@type":"ListItem","position":3,"name":"Circuito Chico y Cerro Campanario: lo mejor de Bariloche en pocas horas"}]},{"@type":"WebSite","@id":"https:\/\/turismopatagonia.ar\/#website","url":"https:\/\/turismopatagonia.ar\/","name":"Turismo na Patag\u00f4nia Bariloche","description":"Descubra a beleza da Patag\u00f4nia: guias, atividades e destinos tur\u00edsticos em Bariloche e arredores.","publisher":{"@id":"https:\/\/turismopatagonia.ar\/#organization"},"potentialAction":[{"@type":"SearchAction","target":{"@type":"EntryPoint","urlTemplate":"https:\/\/turismopatagonia.ar\/?s={search_term_string}"},"query-input":{"@type":"PropertyValueSpecification","valueRequired":true,"valueName":"search_term_string"}}],"inLanguage":"pt-BR"},{"@type":"Organization","@id":"https:\/\/turismopatagonia.ar\/#organization","name":"Turismo na Patag\u00f4nia Bariloche","url":"https:\/\/turismopatagonia.ar\/","logo":{"@type":"ImageObject","inLanguage":"pt-BR","@id":"https:\/\/turismopatagonia.ar\/#\/schema\/logo\/image\/","url":"https:\/\/turismopatagonia.ar\/wp-content\/uploads\/2023\/04\/logo-tirismo-copia.png","contentUrl":"https:\/\/turismopatagonia.ar\/wp-content\/uploads\/2023\/04\/logo-tirismo-copia.png","width":270,"height":100,"caption":"Turismo en Patagonia Bariloche"},"image":{"@id":"https:\/\/turismopatagonia.ar\/#\/schema\/logo\/image\/"}}]},"product_price_amount":"23400.00","product_price_currency":"ARS","og_availability":"instock","product_availability":"instock","product_retailer_item_id":"ADV2025CICHYC1KOR","product_condition":"new"},"_links":{"self":[{"href":"https:\/\/turismopatagonia.ar\/pt\/wp-json\/wp\/v2\/product\/377145","targetHints":{"allow":["GET"]}}],"collection":[{"href":"https:\/\/turismopatagonia.ar\/pt\/wp-json\/wp\/v2\/product"}],"about":[{"href":"https:\/\/turismopatagonia.ar\/pt\/wp-json\/wp\/v2\/types\/product"}],"replies":[{"embeddable":true,"href":"https:\/\/turismopatagonia.ar\/pt\/wp-json\/wp\/v2\/comments?post=377145"}],"wp:featuredmedia":[{"embeddable":true,"href":"https:\/\/turismopatagonia.ar\/pt\/wp-json\/wp\/v2\/media\/377658"}],"wp:attachment":[{"href":"https:\/\/turismopatagonia.ar\/pt\/wp-json\/wp\/v2\/media?parent=377145"}],"wp:term":[{"taxonomy":"product_brand","embeddable":true,"href":"https:\/\/turismopatagonia.ar\/pt\/wp-json\/wp\/v2\/product_brand?post=377145"},{"taxonomy":"product_cat","embeddable":true,"href":"https:\/\/turismopatagonia.ar\/pt\/wp-json\/wp\/v2\/product_cat?post=377145"},{"taxonomy":"product_tag","embeddable":true,"href":"https:\/\/turismopatagonia.ar\/pt\/wp-json\/wp\/v2\/product_tag?post=377145"}],"curies":[{"name":"wp","href":"https:\/\/api.w.org\/{rel}","templated":true}]}}