{"id":377147,"date":"2025-04-12T18:06:21","date_gmt":"2025-04-12T21:06:21","guid":{"rendered":"https:\/\/turismopatagonia.ar\/?post_type=product&#038;p=377147"},"modified":"2026-04-10T11:39:53","modified_gmt":"2026-04-10T14:39:53","slug":"rafting-una-aventura-patagonica-accesible-sin-traslado","status":"publish","type":"product","link":"https:\/\/turismopatagonia.ar\/pt\/product\/rafting-uma-aventura-patagonica-acessivel-sem-transporte","title":{"rendered":"Rafting - Uma aventura patag\u00f4nica acess\u00edvel - sem traslado"},"content":{"rendered":"<h2>Descubra a emo\u00e7\u00e3o do rafting leve no rio Manso<\/h2>\n<p>Mergulhe em uma experi\u00eancia \u00fanica que combina aventura, conforto e a majestade da natureza. Nossos <strong>rafting leve no rio Manso<\/strong> \u00e9 ideal para quem est\u00e1 come\u00e7ando a praticar essa atividade empolgante e foi projetado para ser apreciado por toda a fam\u00edlia, incluindo crian\u00e7as a partir de 5 anos de idade.<\/p>\n<h3>Caracter\u00edsticas e detalhes da atividade<\/h3>\n<ul>\n<li><strong>Dura\u00e7\u00e3o:<\/strong> Aproximadamente 90 minutos de navega\u00e7\u00e3o em um ambiente seguro.<\/li>\n<li><strong>Rota:<\/strong> Navegue por 40 quil\u00f4metros de paisagens naturais e corredeiras de grau 1 e 2.<\/li>\n<li><strong>Equipamento completo:<\/strong> Temos tudo o que voc\u00ea precisa, desde roupas de mergulho at\u00e9 capacetes, coletes salva-vidas e remos.<\/li>\n<\/ul>\n<h3>Ponto de encontro e modalidade independente<\/h3>\n<p>A experi\u00eancia come\u00e7a em nossa base localizada na Base Villegas, na Rota 83, Km 1, em San Carlos de Bariloche, R\u00edo Negro. Chegar por conta pr\u00f3pria \u00e9 pr\u00e1tico e confort\u00e1vel, garantindo flexibilidade no planejamento do seu dia.<\/p>\n<p><a class=\"theme markdown__link\" href=\"https:\/\/maps.app.goo.gl\/NqbsUN6VB5Fnt7hVA\" target=\"_blank\" rel=\"noopener noreferrer\">https:\/\/maps.app.goo.gl\/NqbsUN6VB5Fnt7hVA<\/a> este \u00e9 o link para a localiza\u00e7\u00e3o do parador.<\/p>\n<h3>Instru\u00e7\u00f5es e dicas \u00fateis<\/h3>\n<p>Nossa equipe altamente qualificada lhe dar\u00e1 as boas-vindas e fornecer\u00e1 instru\u00e7\u00f5es detalhadas para garantir uma atividade segura e agrad\u00e1vel.<\/p>\n<ul>\n<li><strong>Recomenda\u00e7\u00f5es:<\/strong> Traga uma toalha, uma muda de roupa e cal\u00e7ados adequados para se molhar.<\/li>\n<\/ul>\n<h3>Aspectos a serem considerados<\/h3>\n<ul>\n<li><strong>Incluindo:<\/strong> A atividade \u00e9 completa, com o equipamento necess\u00e1rio (roupa de mergulho, capacete, colete e outros acess\u00f3rios de seguran\u00e7a).<\/li>\n<li><strong>N\u00e3o inclu\u00eddo:<\/strong> Traslados, refei\u00e7\u00f5es e lanches.<\/li>\n<\/ul>\n<h2>Perguntas frequentes (FAQ)<\/h2>\n<h3>Como fa\u00e7o para acessar o ponto de encontro?<\/h3>\n<p>O ponto de encontro \u00e9 na Base Villegas, na Rota 83, Km 1, em San Carlos de Bariloche, R\u00edo Negro. Lembre-se de que o modo independente permite que voc\u00ea chegue l\u00e1 por conta pr\u00f3pria sem nenhum inconveniente.<\/p>\n<h3>\u00c9 adequado para fam\u00edlias com crian\u00e7as?<\/h3>\n<p>Sim, a atividade foi projetada para ser segura e divertida para todos, at\u00e9 mesmo para crian\u00e7as a partir de 5 anos de idade, devido \u00e0s corredeiras leves.<\/p>\n<h3>Quais equipamentos s\u00e3o fornecidos?<\/h3>\n<p>Fornecemos todos os equipamentos necess\u00e1rios: roupas de mergulho, capacetes, coletes salva-vidas, botas de neoprene e remos, garantindo sua seguran\u00e7a e conforto durante o passeio.<\/p>\n<h3>Posso participar sem experi\u00eancia em rafting?<\/h3>\n<p>\u00c9 claro que sim. Nossa equipe o guiar\u00e1 em cada etapa do caminho, tornando essa experi\u00eancia acess\u00edvel e empolgante para quem n\u00e3o tem experi\u00eancia anterior.<\/p>\n<p><strong>Aviso importante<\/strong>Esse passeio est\u00e1 dispon\u00edvel no momento e tem sa\u00eddas at\u00e9 30 de abril, de acordo com o calend\u00e1rio operacional.<\/p>","protected":false},"excerpt":{"rendered":"<p>Tive uma experi\u00eancia inesquec\u00edvel no <strong>rafting leve no rio Manso<\/strong>, ideal para toda a fam\u00edlia. Com corredeiras suaves e um percurso de 40 km, essa atividade lhe oferece aventura e seguran\u00e7a em meio \u00e0 natureza. Temos todos os elementos de prote\u00e7\u00e3o necess\u00e1rios para que voc\u00ea desfrute de um dia cheio de emo\u00e7\u00f5es.<\/p>","protected":false},"featured_media":377569,"comment_status":"open","ping_status":"closed","template":"","meta":[],"product_brand":[],"product_cat":[37,39,42,46,56,48,53,57],"product_tag":[],"class_list":{"0":"post-377147","1":"product","2":"type-product","3":"status-publish","4":"has-post-thumbnail","6":"product_cat-adultos","7":"product_cat-aventura","8":"product_cat-familia","9":"product_cat-ninos","10":"product_cat-primavera","11":"product_cat-sin-comida","12":"product_cat-sin-traslado","13":"product_cat-verano","15":"first","16":"instock","17":"virtual","18":"sold-individually","19":"purchasable","20":"product-type-booking"},"booking_location":"","booking_location_type":"","booking_duration":1,"booking_duration_unit":"hour","booking_buffer":0,"booking_cost":0,"booking_resources":[],"exclude_global_add_ons":false,"addons":[{"name":"ADU: Adulto","type":"input_multiplier","position":0,"required":false,"title_format":"label","default":"","description_enable":false,"description":"","placeholder_enable":false,"placeholder":"","display":"select","restrictions_type":"any_text","adjust_price":true,"price":"75000","price_type":"quantity_based","restrictions":false,"min":"0","max":"0","options":[],"id":1773079069},{"name":"EXTRA: acompanhante","type":"input_multiplier","position":1,"required":false,"title_format":"label","default":"","description_enable":false,"description":"","placeholder_enable":false,"placeholder":"","display":"select","restrictions_type":"any_text","adjust_price":true,"price":"37500","price_type":"quantity_based","restrictions":false,"min":"0","max":"0","options":[],"id":1773079070},{"name":"MEN512 | 5 a 12","type":"input_multiplier","position":2,"required":false,"title_format":"label","default":"","description_enable":false,"description":"","placeholder_enable":false,"placeholder":"","display":"select","restrictions_type":"any_text","adjust_price":true,"price":"75000","price_type":"quantity_based","restrictions":false,"min":"0","max":"0","options":[],"id":1773079071}],"yoast_head":"<!-- This site is optimized with the Yoast SEO Premium plugin v24.5 (Yoast SEO v24.8) - https:\/\/yoast.com\/wordpress\/plugins\/seo\/ -->\n<title>Rafting- Una Aventura Patag\u00f3nica Accesible- sin Traslado - Turismo en Patagonia Bariloche<\/title>\n<meta name=\"description\" content=\"Rafting accesible en el R\u00edo Manso. Presentate en Base Villegas y disfrut\u00e1 una experiencia segura y econ\u00f3mica con todo el equipo incluido.Preguntar a ChatGPT\" \/>\n<meta name=\"robots\" content=\"index, follow, max-snippet:-1, max-image-preview:large, max-video-preview:-1\" \/>\n<link rel=\"canonical\" href=\"https:\/\/turismopatagonia.ar\/pt\/product\/rafting-uma-aventura-patagonica-acessivel-sem-transporte\/\" \/>\n<meta property=\"og:locale\" content=\"pt_BR\" \/>\n<meta property=\"og:type\" content=\"article\" \/>\n<meta property=\"og:title\" content=\"Rafting- Una Aventura Patag\u00f3nica Accesible- sin Traslado\" \/>\n<meta property=\"og:description\" content=\"Rafting accesible en el R\u00edo Manso. Presentate en Base Villegas y disfrut\u00e1 una experiencia segura y econ\u00f3mica con todo el equipo incluido.Preguntar a ChatGPT\" \/>\n<meta property=\"og:url\" content=\"https:\/\/turismopatagonia.ar\/pt\/product\/rafting-uma-aventura-patagonica-acessivel-sem-transporte\/\" \/>\n<meta property=\"og:site_name\" content=\"Turismo en Patagonia Bariloche\" \/>\n<meta property=\"article:modified_time\" content=\"2026-04-10T14:39:53+00:00\" \/>\n<meta property=\"og:image\" content=\"https:\/\/turismopatagonia.ar\/wp-content\/uploads\/2025\/04\/6-A-rafting-light-2-copia-scaled.jpg\" \/>\n\t<meta property=\"og:image:width\" content=\"1920\" \/>\n\t<meta property=\"og:image:height\" content=\"2560\" \/>\n\t<meta property=\"og:image:type\" content=\"image\/jpeg\" \/>\n<meta name=\"twitter:card\" content=\"summary_large_image\" \/>\n<meta name=\"twitter:label1\" content=\"Pre\u00e7o\" \/>\n\t<meta name=\"twitter:data1\" content=\"&#036;&nbsp;75.000,00\" \/>\n\t<meta name=\"twitter:label2\" content=\"Disponibilidade\" \/>\n\t<meta name=\"twitter:data2\" content=\"Em Estoque\" \/>\n<script type=\"application\/ld+json\" class=\"yoast-schema-graph\">{\"@context\":\"https:\/\/schema.org\",\"@graph\":[{\"@type\":[\"WebPage\",\"ItemPage\"],\"@id\":\"https:\/\/turismopatagonia.ar\/product\/rafting-una-aventura-patagonica-accesible-sin-traslado\",\"url\":\"https:\/\/turismopatagonia.ar\/product\/rafting-una-aventura-patagonica-accesible-sin-traslado\",\"name\":\"Rafting- Una Aventura Patag\u00f3nica Accesible- sin Traslado - Turismo en Patagonia Bariloche\",\"isPartOf\":{\"@id\":\"https:\/\/turismopatagonia.ar\/#website\"},\"primaryImageOfPage\":{\"@id\":\"https:\/\/turismopatagonia.ar\/product\/rafting-una-aventura-patagonica-accesible-sin-traslado#primaryimage\"},\"image\":{\"@id\":\"https:\/\/turismopatagonia.ar\/product\/rafting-una-aventura-patagonica-accesible-sin-traslado#primaryimage\"},\"thumbnailUrl\":\"https:\/\/turismopatagonia.ar\/wp-content\/uploads\/2025\/04\/6-A-rafting-light-2-copia-scaled.jpg\",\"datePublished\":\"2025-04-12T21:06:21+00:00\",\"dateModified\":\"2026-04-10T14:39:53+00:00\",\"description\":\"Rafting accesible en el R\u00edo Manso. Presentate en Base Villegas y disfrut\u00e1 una experiencia segura y econ\u00f3mica con todo el equipo incluido.Preguntar a ChatGPT\",\"breadcrumb\":{\"@id\":\"https:\/\/turismopatagonia.ar\/product\/rafting-una-aventura-patagonica-accesible-sin-traslado#breadcrumb\"},\"inLanguage\":\"pt-BR\",\"potentialAction\":[{\"@type\":\"ReadAction\",\"target\":[\"https:\/\/turismopatagonia.ar\/product\/rafting-una-aventura-patagonica-accesible-sin-traslado\"]}]},{\"@type\":\"ImageObject\",\"inLanguage\":\"pt-BR\",\"@id\":\"https:\/\/turismopatagonia.ar\/product\/rafting-una-aventura-patagonica-accesible-sin-traslado#primaryimage\",\"url\":\"https:\/\/turismopatagonia.ar\/wp-content\/uploads\/2025\/04\/6-A-rafting-light-2-copia-scaled.jpg\",\"contentUrl\":\"https:\/\/turismopatagonia.ar\/wp-content\/uploads\/2025\/04\/6-A-rafting-light-2-copia-scaled.jpg\",\"width\":1920,\"height\":2560},{\"@type\":\"BreadcrumbList\",\"@id\":\"https:\/\/turismopatagonia.ar\/product\/rafting-una-aventura-patagonica-accesible-sin-traslado#breadcrumb\",\"itemListElement\":[{\"@type\":\"ListItem\",\"position\":1,\"name\":\"Home\",\"item\":\"https:\/\/turismopatagonia.ar\/\"},{\"@type\":\"ListItem\",\"position\":2,\"name\":\"Shop\",\"item\":\"https:\/\/turismopatagonia.ar\/shop\"},{\"@type\":\"ListItem\",\"position\":3,\"name\":\"Rafting- Una Aventura Patag\u00f3nica Accesible- sin Traslado\"}]},{\"@type\":\"WebSite\",\"@id\":\"https:\/\/turismopatagonia.ar\/#website\",\"url\":\"https:\/\/turismopatagonia.ar\/\",\"name\":\"Turismo en Patagonia Bariloche\",\"description\":\"Descubre la belleza de la Patagonia: gu\u00edas, actividades y destinos tur\u00edsticos en Bariloche y alrededores.\",\"publisher\":{\"@id\":\"https:\/\/turismopatagonia.ar\/#organization\"},\"potentialAction\":[{\"@type\":\"SearchAction\",\"target\":{\"@type\":\"EntryPoint\",\"urlTemplate\":\"https:\/\/turismopatagonia.ar\/?s={search_term_string}\"},\"query-input\":{\"@type\":\"PropertyValueSpecification\",\"valueRequired\":true,\"valueName\":\"search_term_string\"}}],\"inLanguage\":\"pt-BR\"},{\"@type\":\"Organization\",\"@id\":\"https:\/\/turismopatagonia.ar\/#organization\",\"name\":\"Turismo en Patagonia Bariloche\",\"url\":\"https:\/\/turismopatagonia.ar\/\",\"logo\":{\"@type\":\"ImageObject\",\"inLanguage\":\"pt-BR\",\"@id\":\"https:\/\/turismopatagonia.ar\/#\/schema\/logo\/image\/\",\"url\":\"https:\/\/turismopatagonia.ar\/wp-content\/uploads\/2023\/04\/logo-tirismo-copia.png\",\"contentUrl\":\"https:\/\/turismopatagonia.ar\/wp-content\/uploads\/2023\/04\/logo-tirismo-copia.png\",\"width\":270,\"height\":100,\"caption\":\"Turismo en Patagonia Bariloche\"},\"image\":{\"@id\":\"https:\/\/turismopatagonia.ar\/#\/schema\/logo\/image\/\"}}]}<\/script>\n<meta property=\"product:price:amount\" content=\"75000.00\" \/>\n<meta property=\"product:price:currency\" content=\"ARS\" \/>\n<meta property=\"og:availability\" content=\"instock\" \/>\n<meta property=\"product:availability\" content=\"instock\" \/>\n<meta property=\"product:retailer_item_id\" content=\"ADV2025RALIENTUFA\" \/>\n<meta property=\"product:condition\" content=\"new\" \/>\n<!-- \/ Yoast SEO Premium plugin. -->","yoast_head_json":{"title":"Rafting - Uma aventura patag\u00f4nica acess\u00edvel - sem traslado - Turismo na Patag\u00f4nia Bariloche","description":"Rafting acess\u00edvel no Rio Manso. Venha para a Base Villegas e desfrute de uma experi\u00eancia segura e econ\u00f4mica com todos os equipamentos inclu\u00eddos.ask ChatGPT","robots":{"index":"index","follow":"follow","max-snippet":"max-snippet:-1","max-image-preview":"max-image-preview:large","max-video-preview":"max-video-preview:-1"},"canonical":"https:\/\/turismopatagonia.ar\/pt\/product\/rafting-uma-aventura-patagonica-acessivel-sem-transporte\/","og_locale":"pt_BR","og_type":"article","og_title":"Rafting- Una Aventura Patag\u00f3nica Accesible- sin Traslado","og_description":"Rafting accesible en el R\u00edo Manso. Presentate en Base Villegas y disfrut\u00e1 una experiencia segura y econ\u00f3mica con todo el equipo incluido.Preguntar a ChatGPT","og_url":"https:\/\/turismopatagonia.ar\/pt\/product\/rafting-uma-aventura-patagonica-acessivel-sem-transporte\/","og_site_name":"Turismo en Patagonia Bariloche","article_modified_time":"2026-04-10T14:39:53+00:00","og_image":[{"width":1920,"height":2560,"url":"https:\/\/turismopatagonia.ar\/wp-content\/uploads\/2025\/04\/6-A-rafting-light-2-copia-scaled.jpg","type":"image\/jpeg"}],"twitter_card":"summary_large_image","twitter_misc":{"Pre\u00e7o":"&#36;&nbsp;75.000,00","Disponibilidade":"Em Estoque"},"schema":{"@context":"https:\/\/schema.org","@graph":[{"@type":["WebPage","ItemPage"],"@id":"https:\/\/turismopatagonia.ar\/product\/rafting-una-aventura-patagonica-accesible-sin-traslado","url":"https:\/\/turismopatagonia.ar\/product\/rafting-una-aventura-patagonica-accesible-sin-traslado","name":"Rafting - Uma aventura patag\u00f4nica acess\u00edvel - sem traslado - Turismo na Patag\u00f4nia Bariloche","isPartOf":{"@id":"https:\/\/turismopatagonia.ar\/#website"},"primaryImageOfPage":{"@id":"https:\/\/turismopatagonia.ar\/product\/rafting-una-aventura-patagonica-accesible-sin-traslado#primaryimage"},"image":{"@id":"https:\/\/turismopatagonia.ar\/product\/rafting-una-aventura-patagonica-accesible-sin-traslado#primaryimage"},"thumbnailUrl":"https:\/\/turismopatagonia.ar\/wp-content\/uploads\/2025\/04\/6-A-rafting-light-2-copia-scaled.jpg","datePublished":"2025-04-12T21:06:21+00:00","dateModified":"2026-04-10T14:39:53+00:00","description":"Rafting acess\u00edvel no Rio Manso. Venha para a Base Villegas e desfrute de uma experi\u00eancia segura e econ\u00f4mica com todos os equipamentos inclu\u00eddos.ask ChatGPT","breadcrumb":{"@id":"https:\/\/turismopatagonia.ar\/product\/rafting-una-aventura-patagonica-accesible-sin-traslado#breadcrumb"},"inLanguage":"pt-BR","potentialAction":[{"@type":"ReadAction","target":["https:\/\/turismopatagonia.ar\/product\/rafting-una-aventura-patagonica-accesible-sin-traslado"]}]},{"@type":"ImageObject","inLanguage":"pt-BR","@id":"https:\/\/turismopatagonia.ar\/product\/rafting-una-aventura-patagonica-accesible-sin-traslado#primaryimage","url":"https:\/\/turismopatagonia.ar\/wp-content\/uploads\/2025\/04\/6-A-rafting-light-2-copia-scaled.jpg","contentUrl":"https:\/\/turismopatagonia.ar\/wp-content\/uploads\/2025\/04\/6-A-rafting-light-2-copia-scaled.jpg","width":1920,"height":2560},{"@type":"BreadcrumbList","@id":"https:\/\/turismopatagonia.ar\/product\/rafting-una-aventura-patagonica-accesible-sin-traslado#breadcrumb","itemListElement":[{"@type":"ListItem","position":1,"name":"Home","item":"https:\/\/turismopatagonia.ar\/"},{"@type":"ListItem","position":2,"name":"Shop","item":"https:\/\/turismopatagonia.ar\/shop"},{"@type":"ListItem","position":3,"name":"Rafting- Una Aventura Patag\u00f3nica Accesible- sin Traslado"}]},{"@type":"WebSite","@id":"https:\/\/turismopatagonia.ar\/#website","url":"https:\/\/turismopatagonia.ar\/","name":"Turismo na Patag\u00f4nia Bariloche","description":"Descubra a beleza da Patag\u00f4nia: guias, atividades e destinos tur\u00edsticos em Bariloche e arredores.","publisher":{"@id":"https:\/\/turismopatagonia.ar\/#organization"},"potentialAction":[{"@type":"SearchAction","target":{"@type":"EntryPoint","urlTemplate":"https:\/\/turismopatagonia.ar\/?s={search_term_string}"},"query-input":{"@type":"PropertyValueSpecification","valueRequired":true,"valueName":"search_term_string"}}],"inLanguage":"pt-BR"},{"@type":"Organization","@id":"https:\/\/turismopatagonia.ar\/#organization","name":"Turismo na Patag\u00f4nia Bariloche","url":"https:\/\/turismopatagonia.ar\/","logo":{"@type":"ImageObject","inLanguage":"pt-BR","@id":"https:\/\/turismopatagonia.ar\/#\/schema\/logo\/image\/","url":"https:\/\/turismopatagonia.ar\/wp-content\/uploads\/2023\/04\/logo-tirismo-copia.png","contentUrl":"https:\/\/turismopatagonia.ar\/wp-content\/uploads\/2023\/04\/logo-tirismo-copia.png","width":270,"height":100,"caption":"Turismo en Patagonia Bariloche"},"image":{"@id":"https:\/\/turismopatagonia.ar\/#\/schema\/logo\/image\/"}}]},"product_price_amount":"75000.00","product_price_currency":"ARS","og_availability":"instock","product_availability":"instock","product_retailer_item_id":"ADV2025RALIENTUFA","product_condition":"new"},"_links":{"self":[{"href":"https:\/\/turismopatagonia.ar\/pt\/wp-json\/wp\/v2\/product\/377147","targetHints":{"allow":["GET"]}}],"collection":[{"href":"https:\/\/turismopatagonia.ar\/pt\/wp-json\/wp\/v2\/product"}],"about":[{"href":"https:\/\/turismopatagonia.ar\/pt\/wp-json\/wp\/v2\/types\/product"}],"replies":[{"embeddable":true,"href":"https:\/\/turismopatagonia.ar\/pt\/wp-json\/wp\/v2\/comments?post=377147"}],"wp:featuredmedia":[{"embeddable":true,"href":"https:\/\/turismopatagonia.ar\/pt\/wp-json\/wp\/v2\/media\/377569"}],"wp:attachment":[{"href":"https:\/\/turismopatagonia.ar\/pt\/wp-json\/wp\/v2\/media?parent=377147"}],"wp:term":[{"taxonomy":"product_brand","embeddable":true,"href":"https:\/\/turismopatagonia.ar\/pt\/wp-json\/wp\/v2\/product_brand?post=377147"},{"taxonomy":"product_cat","embeddable":true,"href":"https:\/\/turismopatagonia.ar\/pt\/wp-json\/wp\/v2\/product_cat?post=377147"},{"taxonomy":"product_tag","embeddable":true,"href":"https:\/\/turismopatagonia.ar\/pt\/wp-json\/wp\/v2\/product_tag?post=377147"}],"curies":[{"name":"wp","href":"https:\/\/api.w.org\/{rel}","templated":true}]}}