{"id":377149,"date":"2025-04-12T18:06:45","date_gmt":"2025-04-12T21:06:45","guid":{"rendered":"https:\/\/turismopatagonia.ar\/?post_type=product&#038;p=377149"},"modified":"2026-04-10T11:36:32","modified_gmt":"2026-04-10T14:36:32","slug":"de-bariloche-a-la-frontera-rafting-intenso-y-seguro-sin-traslado","status":"publish","type":"product","link":"https:\/\/turismopatagonia.ar\/pt\/product\/de-bariloche-a-fronteira-rafting-intenso-e-seguro-sem-traslados","title":{"rendered":"De Bariloche at\u00e9 a fronteira - Rafting intenso e seguro - Sem traslado"},"content":{"rendered":"<h2>Explore o Desafio do Rio Manso<\/h2>\n<p>Descubra uma experi\u00eancia \u00fanica no cora\u00e7\u00e3o da natureza, a apenas alguns quil\u00f4metros do Chile. Essa viagem de rafting, classificada nos n\u00edveis 3 e 4, combina adrenalina, paisagens de tirar o f\u00f4lego e conforto em uma aventura que deixar\u00e1 uma impress\u00e3o duradoura.<\/p>\n<h3>Itiner\u00e1rio da experi\u00eancia<\/h3>\n<ul>\n<li><strong>Ponto de encontro:<\/strong> Encontro \u00e0s 8h00 no cora\u00e7\u00e3o de San Carlos de Bariloche, a poucos passos do centro c\u00edvico.<\/li>\n<li><strong>Equipamento profissional:<\/strong> Temos roupas de neoprene, capacetes e coletes salva-vidas para garantir a seguran\u00e7a em cada trecho do percurso.<\/li>\n<li><strong>Rota:<\/strong> Navegue por 11 km repletos de corredeiras de grau III e IV, com a garantia de uma equipe de especialistas no leme.<\/li>\n<li><strong>Almo\u00e7o opcional:<\/strong> Termine a atividade com a op\u00e7\u00e3o de um churrasco tradicional ou saladas frescas, dispon\u00edveis mediante reserva.<\/li>\n<li><strong>Transfer\u00eancia exclusiva:<\/strong> Servi\u00e7o de traslado inclu\u00eddo para facilitar seu acesso \u00e0 atividade, proporcionando-lhe maior conforto e tranquilidade.<\/li>\n<\/ul>\n<h3>Recomenda\u00e7\u00f5es e detalhes importantes<\/h3>\n<ul>\n<li><strong>O que levar:<\/strong> N\u00e3o se esque\u00e7a de levar sua toalha e uma muda de roupa para depois da aventura.<\/li>\n<li><strong>Requisito de idade:<\/strong> Atividade adequada para participantes com 14 anos ou mais.<\/li>\n<li><strong>Hor\u00e1rio:<\/strong> O dia vai das 8:00 \u00e0s 18:00, garantindo uma experi\u00eancia completa.<\/li>\n<\/ul>\n<h3>Inclu\u00eddo no pacote<\/h3>\n<ul>\n<li>Emocionante passeio de rafting no Rio Manso.<\/li>\n<li>Equipamentos de seguran\u00e7a e conforto.<\/li>\n<\/ul>\n<h3>Ponto de partida e boas-vindas<\/h3>\n<p>A viagem come\u00e7a em nosso ponto de encontro, onde voc\u00ea receber\u00e1 todo o equipamento profissional, incluindo roupas de mergulho, coletes e capacetes, para garantir sua seguran\u00e7a nessa atividade emocionante.<\/p>\n<p>Se voc\u00ea decidir contratar a op\u00e7\u00e3o sem traslado, dever\u00e1 estar em nosso albergue onde a excurs\u00e3o de rafting \u00e9 realizada na Base Villegas, Rota 83 Km 1. <a class=\"theme markdown__link\" href=\"https:\/\/maps.app.goo.gl\/NqbsUN6VB5Fnt7hVA\" target=\"_blank\" rel=\"noopener noreferrer\">https:\/\/maps.app.goo.gl\/NqbsUN6VB5Fnt7hVA<\/a> este \u00e9 o link para a localiza\u00e7\u00e3o do parador.<\/p>\n<h3>Perguntas frequentes (FAQs)<\/h3>\n<h4>Posso comparecer sem participar do rafting?<\/h4>\n<p>Sim, \u00e9 poss\u00edvel que um acompanhante aproveite o passeio visual e o ambiente natural a um custo reduzido de 50% em rela\u00e7\u00e3o ao pre\u00e7o padr\u00e3o.<\/p>\n<h4>Qual \u00e9 o n\u00edvel de dificuldade da atividade?<\/h4>\n<p>A travessia apresenta corredeiras de grau III e IV, garantindo uma experi\u00eancia de alta adrenalina, recomendada para quem busca desafios supervisionados por profissionais.<\/p>\n<p><strong>Aviso importante<\/strong>Esse passeio est\u00e1 dispon\u00edvel no momento e tem sa\u00eddas at\u00e9 30 de abril, de acordo com o calend\u00e1rio operacional.<\/p>","protected":false},"excerpt":{"rendered":"<p>Mergulhe em uma aventura \u00fanica no Rio Manso. Experimente a emo\u00e7\u00e3o das corredeiras de classe III\/IV. Uma experi\u00eancia \u00fanica para maiores de 14 anos, em contato direto com a natureza.<\/p>","protected":false},"featured_media":377565,"comment_status":"open","ping_status":"closed","template":"","meta":[],"product_brand":[],"product_cat":[37,39,42,55,56,48,53,57],"product_tag":[],"class_list":{"0":"post-377149","1":"product","2":"type-product","3":"status-publish","4":"has-post-thumbnail","6":"product_cat-adultos","7":"product_cat-aventura","8":"product_cat-familia","9":"product_cat-otono","10":"product_cat-primavera","11":"product_cat-sin-comida","12":"product_cat-sin-traslado","13":"product_cat-verano","15":"first","16":"instock","17":"virtual","18":"sold-individually","19":"purchasable","20":"product-type-booking"},"booking_location":"","booking_location_type":"","booking_duration":1,"booking_duration_unit":"hour","booking_buffer":0,"booking_cost":0,"booking_resources":[],"exclude_global_add_ons":false,"addons":[{"name":"ADU: Adulto","type":"input_multiplier","position":0,"required":false,"title_format":"label","default":"","description_enable":false,"description":"","placeholder_enable":false,"placeholder":"","display":"select","restrictions_type":"any_text","adjust_price":true,"price":"140400","price_type":"quantity_based","restrictions":false,"min":"0","max":"0","options":[],"id":1773236380},{"name":"EXTRA: acompanhante","type":"input_multiplier","position":1,"required":false,"title_format":"label","default":"","description_enable":false,"description":"","placeholder_enable":false,"placeholder":"","display":"select","restrictions_type":"any_text","adjust_price":true,"price":"70200","price_type":"quantity_based","restrictions":false,"min":"0","max":"0","options":[],"id":1773236381},{"name":"MEN1418 | de 14 a 18","type":"input_multiplier","position":2,"required":false,"title_format":"label","default":"","description_enable":false,"description":"","placeholder_enable":false,"placeholder":"","display":"select","restrictions_type":"any_text","adjust_price":true,"price":"140400","price_type":"quantity_based","restrictions":false,"min":"0","max":"0","options":[],"id":1773236382}],"yoast_head":"<!-- This site is optimized with the Yoast SEO Premium plugin v24.5 (Yoast SEO v24.8) - https:\/\/yoast.com\/wordpress\/plugins\/seo\/ -->\n<title>De Bariloche a la Frontera \u2013 Rafting Intenso y Seguro- Sin traslado - Turismo en Patagonia Bariloche<\/title>\n<meta name=\"description\" content=\"Lleg\u00e1 a Base Villegas y viv\u00ed r\u00e1pidos grado III y IV hasta la frontera con Chile. Actividad segura, equipo incluido y precio conveniente.\" \/>\n<meta name=\"robots\" content=\"index, follow, max-snippet:-1, max-image-preview:large, max-video-preview:-1\" \/>\n<link rel=\"canonical\" href=\"https:\/\/turismopatagonia.ar\/pt\/product\/de-bariloche-a-fronteira-rafting-intenso-e-seguro-sem-traslados\/\" \/>\n<meta property=\"og:locale\" content=\"pt_BR\" \/>\n<meta property=\"og:type\" content=\"article\" \/>\n<meta property=\"og:title\" content=\"De Bariloche a la Frontera \u2013 Rafting Intenso y Seguro- Sin traslado\" \/>\n<meta property=\"og:description\" content=\"Lleg\u00e1 a Base Villegas y viv\u00ed r\u00e1pidos grado III y IV hasta la frontera con Chile. Actividad segura, equipo incluido y precio conveniente.\" \/>\n<meta property=\"og:url\" content=\"https:\/\/turismopatagonia.ar\/pt\/product\/de-bariloche-a-fronteira-rafting-intenso-e-seguro-sem-traslados\/\" \/>\n<meta property=\"og:site_name\" content=\"Turismo en Patagonia Bariloche\" \/>\n<meta property=\"article:modified_time\" content=\"2026-04-10T14:36:32+00:00\" \/>\n<meta property=\"og:image\" content=\"https:\/\/turismopatagonia.ar\/wp-content\/uploads\/2025\/04\/6-A-RaftingAlLimiteconChile_image3_1140_1601668051-scaled.jpg\" \/>\n\t<meta property=\"og:image:width\" content=\"1920\" \/>\n\t<meta property=\"og:image:height\" content=\"2560\" \/>\n\t<meta property=\"og:image:type\" content=\"image\/jpeg\" \/>\n<meta name=\"twitter:card\" content=\"summary_large_image\" \/>\n<meta name=\"twitter:label1\" content=\"Pre\u00e7o\" \/>\n\t<meta name=\"twitter:data1\" content=\"&#036;&nbsp;140.400,00\" \/>\n\t<meta name=\"twitter:label2\" content=\"Disponibilidade\" \/>\n\t<meta name=\"twitter:data2\" content=\"Em Estoque\" \/>\n<script type=\"application\/ld+json\" class=\"yoast-schema-graph\">{\"@context\":\"https:\/\/schema.org\",\"@graph\":[{\"@type\":[\"WebPage\",\"ItemPage\"],\"@id\":\"https:\/\/turismopatagonia.ar\/product\/de-bariloche-a-la-frontera-rafting-intenso-y-seguro-sin-traslado\",\"url\":\"https:\/\/turismopatagonia.ar\/product\/de-bariloche-a-la-frontera-rafting-intenso-y-seguro-sin-traslado\",\"name\":\"De Bariloche a la Frontera \u2013 Rafting Intenso y Seguro- Sin traslado - Turismo en Patagonia Bariloche\",\"isPartOf\":{\"@id\":\"https:\/\/turismopatagonia.ar\/#website\"},\"primaryImageOfPage\":{\"@id\":\"https:\/\/turismopatagonia.ar\/product\/de-bariloche-a-la-frontera-rafting-intenso-y-seguro-sin-traslado#primaryimage\"},\"image\":{\"@id\":\"https:\/\/turismopatagonia.ar\/product\/de-bariloche-a-la-frontera-rafting-intenso-y-seguro-sin-traslado#primaryimage\"},\"thumbnailUrl\":\"https:\/\/turismopatagonia.ar\/wp-content\/uploads\/2025\/04\/6-A-RaftingAlLimiteconChile_image3_1140_1601668051-scaled.jpg\",\"datePublished\":\"2025-04-12T21:06:45+00:00\",\"dateModified\":\"2026-04-10T14:36:32+00:00\",\"description\":\"Lleg\u00e1 a Base Villegas y viv\u00ed r\u00e1pidos grado III y IV hasta la frontera con Chile. Actividad segura, equipo incluido y precio conveniente.\",\"breadcrumb\":{\"@id\":\"https:\/\/turismopatagonia.ar\/product\/de-bariloche-a-la-frontera-rafting-intenso-y-seguro-sin-traslado#breadcrumb\"},\"inLanguage\":\"pt-BR\",\"potentialAction\":[{\"@type\":\"ReadAction\",\"target\":[\"https:\/\/turismopatagonia.ar\/product\/de-bariloche-a-la-frontera-rafting-intenso-y-seguro-sin-traslado\"]}]},{\"@type\":\"ImageObject\",\"inLanguage\":\"pt-BR\",\"@id\":\"https:\/\/turismopatagonia.ar\/product\/de-bariloche-a-la-frontera-rafting-intenso-y-seguro-sin-traslado#primaryimage\",\"url\":\"https:\/\/turismopatagonia.ar\/wp-content\/uploads\/2025\/04\/6-A-RaftingAlLimiteconChile_image3_1140_1601668051-scaled.jpg\",\"contentUrl\":\"https:\/\/turismopatagonia.ar\/wp-content\/uploads\/2025\/04\/6-A-RaftingAlLimiteconChile_image3_1140_1601668051-scaled.jpg\",\"width\":1920,\"height\":2560},{\"@type\":\"BreadcrumbList\",\"@id\":\"https:\/\/turismopatagonia.ar\/product\/de-bariloche-a-la-frontera-rafting-intenso-y-seguro-sin-traslado#breadcrumb\",\"itemListElement\":[{\"@type\":\"ListItem\",\"position\":1,\"name\":\"Home\",\"item\":\"https:\/\/turismopatagonia.ar\/\"},{\"@type\":\"ListItem\",\"position\":2,\"name\":\"Shop\",\"item\":\"https:\/\/turismopatagonia.ar\/shop\"},{\"@type\":\"ListItem\",\"position\":3,\"name\":\"De Bariloche a la Frontera \u2013 Rafting Intenso y Seguro- Sin traslado\"}]},{\"@type\":\"WebSite\",\"@id\":\"https:\/\/turismopatagonia.ar\/#website\",\"url\":\"https:\/\/turismopatagonia.ar\/\",\"name\":\"Turismo en Patagonia Bariloche\",\"description\":\"Descubre la belleza de la Patagonia: gu\u00edas, actividades y destinos tur\u00edsticos en Bariloche y alrededores.\",\"publisher\":{\"@id\":\"https:\/\/turismopatagonia.ar\/#organization\"},\"potentialAction\":[{\"@type\":\"SearchAction\",\"target\":{\"@type\":\"EntryPoint\",\"urlTemplate\":\"https:\/\/turismopatagonia.ar\/?s={search_term_string}\"},\"query-input\":{\"@type\":\"PropertyValueSpecification\",\"valueRequired\":true,\"valueName\":\"search_term_string\"}}],\"inLanguage\":\"pt-BR\"},{\"@type\":\"Organization\",\"@id\":\"https:\/\/turismopatagonia.ar\/#organization\",\"name\":\"Turismo en Patagonia Bariloche\",\"url\":\"https:\/\/turismopatagonia.ar\/\",\"logo\":{\"@type\":\"ImageObject\",\"inLanguage\":\"pt-BR\",\"@id\":\"https:\/\/turismopatagonia.ar\/#\/schema\/logo\/image\/\",\"url\":\"https:\/\/turismopatagonia.ar\/wp-content\/uploads\/2023\/04\/logo-tirismo-copia.png\",\"contentUrl\":\"https:\/\/turismopatagonia.ar\/wp-content\/uploads\/2023\/04\/logo-tirismo-copia.png\",\"width\":270,\"height\":100,\"caption\":\"Turismo en Patagonia Bariloche\"},\"image\":{\"@id\":\"https:\/\/turismopatagonia.ar\/#\/schema\/logo\/image\/\"}}]}<\/script>\n<meta property=\"product:price:amount\" content=\"140400.00\" \/>\n<meta property=\"product:price:currency\" content=\"ARS\" \/>\n<meta property=\"og:availability\" content=\"instock\" \/>\n<meta property=\"product:availability\" content=\"instock\" \/>\n<meta property=\"product:retailer_item_id\" content=\"ADV2025RAALL\u00cd530P\" \/>\n<meta property=\"product:condition\" content=\"new\" \/>\n<!-- \/ Yoast SEO Premium plugin. -->","yoast_head_json":{"title":"De Bariloche \u00e0 fronteira - Rafting intenso e seguro - Sem traslado - Turismo na Patag\u00f4nia Bariloche","description":"Chegue \u00e0 Base Villegas e experimente as corredeiras de grau III e IV at\u00e9 a fronteira com o Chile. Atividade segura, equipamento inclu\u00eddo e pre\u00e7o conveniente.","robots":{"index":"index","follow":"follow","max-snippet":"max-snippet:-1","max-image-preview":"max-image-preview:large","max-video-preview":"max-video-preview:-1"},"canonical":"https:\/\/turismopatagonia.ar\/pt\/product\/de-bariloche-a-fronteira-rafting-intenso-e-seguro-sem-traslados\/","og_locale":"pt_BR","og_type":"article","og_title":"De Bariloche a la Frontera \u2013 Rafting Intenso y Seguro- Sin traslado","og_description":"Lleg\u00e1 a Base Villegas y viv\u00ed r\u00e1pidos grado III y IV hasta la frontera con Chile. Actividad segura, equipo incluido y precio conveniente.","og_url":"https:\/\/turismopatagonia.ar\/pt\/product\/de-bariloche-a-fronteira-rafting-intenso-e-seguro-sem-traslados\/","og_site_name":"Turismo en Patagonia Bariloche","article_modified_time":"2026-04-10T14:36:32+00:00","og_image":[{"width":1920,"height":2560,"url":"https:\/\/turismopatagonia.ar\/wp-content\/uploads\/2025\/04\/6-A-RaftingAlLimiteconChile_image3_1140_1601668051-scaled.jpg","type":"image\/jpeg"}],"twitter_card":"summary_large_image","twitter_misc":{"Pre\u00e7o":"&#36;&nbsp;140.400,00","Disponibilidade":"Em Estoque"},"schema":{"@context":"https:\/\/schema.org","@graph":[{"@type":["WebPage","ItemPage"],"@id":"https:\/\/turismopatagonia.ar\/product\/de-bariloche-a-la-frontera-rafting-intenso-y-seguro-sin-traslado","url":"https:\/\/turismopatagonia.ar\/product\/de-bariloche-a-la-frontera-rafting-intenso-y-seguro-sin-traslado","name":"De Bariloche \u00e0 fronteira - Rafting intenso e seguro - Sem traslado - Turismo na Patag\u00f4nia Bariloche","isPartOf":{"@id":"https:\/\/turismopatagonia.ar\/#website"},"primaryImageOfPage":{"@id":"https:\/\/turismopatagonia.ar\/product\/de-bariloche-a-la-frontera-rafting-intenso-y-seguro-sin-traslado#primaryimage"},"image":{"@id":"https:\/\/turismopatagonia.ar\/product\/de-bariloche-a-la-frontera-rafting-intenso-y-seguro-sin-traslado#primaryimage"},"thumbnailUrl":"https:\/\/turismopatagonia.ar\/wp-content\/uploads\/2025\/04\/6-A-RaftingAlLimiteconChile_image3_1140_1601668051-scaled.jpg","datePublished":"2025-04-12T21:06:45+00:00","dateModified":"2026-04-10T14:36:32+00:00","description":"Chegue \u00e0 Base Villegas e experimente as corredeiras de grau III e IV at\u00e9 a fronteira com o Chile. Atividade segura, equipamento inclu\u00eddo e pre\u00e7o conveniente.","breadcrumb":{"@id":"https:\/\/turismopatagonia.ar\/product\/de-bariloche-a-la-frontera-rafting-intenso-y-seguro-sin-traslado#breadcrumb"},"inLanguage":"pt-BR","potentialAction":[{"@type":"ReadAction","target":["https:\/\/turismopatagonia.ar\/product\/de-bariloche-a-la-frontera-rafting-intenso-y-seguro-sin-traslado"]}]},{"@type":"ImageObject","inLanguage":"pt-BR","@id":"https:\/\/turismopatagonia.ar\/product\/de-bariloche-a-la-frontera-rafting-intenso-y-seguro-sin-traslado#primaryimage","url":"https:\/\/turismopatagonia.ar\/wp-content\/uploads\/2025\/04\/6-A-RaftingAlLimiteconChile_image3_1140_1601668051-scaled.jpg","contentUrl":"https:\/\/turismopatagonia.ar\/wp-content\/uploads\/2025\/04\/6-A-RaftingAlLimiteconChile_image3_1140_1601668051-scaled.jpg","width":1920,"height":2560},{"@type":"BreadcrumbList","@id":"https:\/\/turismopatagonia.ar\/product\/de-bariloche-a-la-frontera-rafting-intenso-y-seguro-sin-traslado#breadcrumb","itemListElement":[{"@type":"ListItem","position":1,"name":"Home","item":"https:\/\/turismopatagonia.ar\/"},{"@type":"ListItem","position":2,"name":"Shop","item":"https:\/\/turismopatagonia.ar\/shop"},{"@type":"ListItem","position":3,"name":"De Bariloche a la Frontera \u2013 Rafting Intenso y Seguro- Sin traslado"}]},{"@type":"WebSite","@id":"https:\/\/turismopatagonia.ar\/#website","url":"https:\/\/turismopatagonia.ar\/","name":"Turismo na Patag\u00f4nia Bariloche","description":"Descubra a beleza da Patag\u00f4nia: guias, atividades e destinos tur\u00edsticos em Bariloche e arredores.","publisher":{"@id":"https:\/\/turismopatagonia.ar\/#organization"},"potentialAction":[{"@type":"SearchAction","target":{"@type":"EntryPoint","urlTemplate":"https:\/\/turismopatagonia.ar\/?s={search_term_string}"},"query-input":{"@type":"PropertyValueSpecification","valueRequired":true,"valueName":"search_term_string"}}],"inLanguage":"pt-BR"},{"@type":"Organization","@id":"https:\/\/turismopatagonia.ar\/#organization","name":"Turismo na Patag\u00f4nia Bariloche","url":"https:\/\/turismopatagonia.ar\/","logo":{"@type":"ImageObject","inLanguage":"pt-BR","@id":"https:\/\/turismopatagonia.ar\/#\/schema\/logo\/image\/","url":"https:\/\/turismopatagonia.ar\/wp-content\/uploads\/2023\/04\/logo-tirismo-copia.png","contentUrl":"https:\/\/turismopatagonia.ar\/wp-content\/uploads\/2023\/04\/logo-tirismo-copia.png","width":270,"height":100,"caption":"Turismo en Patagonia Bariloche"},"image":{"@id":"https:\/\/turismopatagonia.ar\/#\/schema\/logo\/image\/"}}]},"product_price_amount":"140400.00","product_price_currency":"ARS","og_availability":"instock","product_availability":"instock","product_retailer_item_id":"ADV2025RAALL\u00cd530P","product_condition":"new"},"_links":{"self":[{"href":"https:\/\/turismopatagonia.ar\/pt\/wp-json\/wp\/v2\/product\/377149","targetHints":{"allow":["GET"]}}],"collection":[{"href":"https:\/\/turismopatagonia.ar\/pt\/wp-json\/wp\/v2\/product"}],"about":[{"href":"https:\/\/turismopatagonia.ar\/pt\/wp-json\/wp\/v2\/types\/product"}],"replies":[{"embeddable":true,"href":"https:\/\/turismopatagonia.ar\/pt\/wp-json\/wp\/v2\/comments?post=377149"}],"wp:featuredmedia":[{"embeddable":true,"href":"https:\/\/turismopatagonia.ar\/pt\/wp-json\/wp\/v2\/media\/377565"}],"wp:attachment":[{"href":"https:\/\/turismopatagonia.ar\/pt\/wp-json\/wp\/v2\/media?parent=377149"}],"wp:term":[{"taxonomy":"product_brand","embeddable":true,"href":"https:\/\/turismopatagonia.ar\/pt\/wp-json\/wp\/v2\/product_brand?post=377149"},{"taxonomy":"product_cat","embeddable":true,"href":"https:\/\/turismopatagonia.ar\/pt\/wp-json\/wp\/v2\/product_cat?post=377149"},{"taxonomy":"product_tag","embeddable":true,"href":"https:\/\/turismopatagonia.ar\/pt\/wp-json\/wp\/v2\/product_tag?post=377149"}],"curies":[{"name":"wp","href":"https:\/\/api.w.org\/{rel}","templated":true}]}}