{"id":377150,"date":"2025-04-12T18:06:58","date_gmt":"2025-04-12T21:06:58","guid":{"rendered":"https:\/\/turismopatagonia.ar\/?post_type=product&#038;p=377150"},"modified":"2026-04-08T16:28:51","modified_gmt":"2026-04-08T19:28:51","slug":"excursion-economica-kayak-lago-moreno-bariloche","status":"publish","type":"product","link":"https:\/\/turismopatagonia.ar\/pt\/product\/excursao-barata-de-caiaque-lago-moreno-bariloche","title":{"rendered":"Caiaque no Lago Moreno"},"content":{"rendered":"<h2 data-start=\"468\" data-end=\"542\"><strong data-start=\"468\" data-end=\"540\">Uma maneira simples e acess\u00edvel de desfrutar da natureza em Bariloche<\/strong><\/h2>\n<p data-start=\"544\" data-end=\"758\">Remar no Lago Moreno \u00e9 uma experi\u00eancia \u00fanica para descobrir as paisagens da Patag\u00f4nia de uma perspectiva diferente.<br data-start=\"659\" data-end=\"662\" \/>Essa atividade de baixa dificuldade combina tranquilidade, ar fresco e divers\u00e3o ao ar livre.<\/p>\n<p data-start=\"760\" data-end=\"1021\">Com guias profissionais e todos os equipamentos inclu\u00eddos, voc\u00ea n\u00e3o precisa de experi\u00eancia pr\u00e9via para desfrutar de uma viagem segura e diferente.<br data-start=\"893\" data-end=\"896\" \/>Ideal para quem quer conhecer a natureza sem complica\u00e7\u00f5es, a um pre\u00e7o justo e com o apoio do Turismo Patag\u00f4nia.<\/p>\n<h3 data-start=\"1028\" data-end=\"1045\"><strong data-start=\"1032\" data-end=\"1045\">Passeio<\/strong><\/h3>\n<p data-start=\"1047\" data-end=\"1321\">Hor\u00e1rio de funcionamento: 11:00 \u00e0s 15:00 aprox. \/ 13:00 \u00e0s 17:00 aprox.<br data-start=\"1100\" data-end=\"1103\" \/>Sa\u00edda do centro de Bariloche para a \u00e1rea do Circuito Chico.<br data-start=\"1172\" data-end=\"1175\" \/>Durante o passeio, voc\u00ea navegar\u00e1 por \u00e1reas tranquilas do Lago Moreno, com tempo para relaxar, tirar fotos e apreciar o ambiente natural.<\/p>\n<h3 data-start=\"1328\" data-end=\"1354\"><strong data-start=\"1332\" data-end=\"1354\">Local da reuni\u00e3o<\/strong><\/h3>\n<p data-start=\"1356\" data-end=\"1524\">Hot\u00e9is e pontos de encontro localizados desde o centro de Bariloche at\u00e9 o km 18 da Av. Bustillo ou Av. Pioneros.<br data-start=\"1470\" data-end=\"1473\" \/>Outros pontos, favor consultar no momento da reserva.<\/p>\n<h3 data-start=\"1531\" data-end=\"1546\"><strong data-start=\"1535\" data-end=\"1546\">Inclui<\/strong><\/h3>\n<ul data-start=\"1548\" data-end=\"1728\">\n<li data-start=\"1548\" data-end=\"1599\">\n<p data-start=\"1550\" data-end=\"1599\">Caiaque Sit On Top (confort\u00e1vel, seguro e est\u00e1vel).<\/p>\n<\/li>\n<li data-start=\"1600\" data-end=\"1652\">\n<p data-start=\"1602\" data-end=\"1652\">Colete salva-vidas, p\u00e1 e jaqueta imperme\u00e1vel.<\/p>\n<\/li>\n<li data-start=\"1653\" data-end=\"1677\">\n<p data-start=\"1655\" data-end=\"1677\">Guias profissionais.<\/p>\n<\/li>\n<li data-start=\"1678\" data-end=\"1728\">\n<p data-start=\"1680\" data-end=\"1728\">Traslados de e para o ponto de encontro.<\/p>\n<\/li>\n<\/ul>\n<h3 data-start=\"1735\" data-end=\"1753\"><strong data-start=\"1739\" data-end=\"1753\">N\u00e3o inclui<\/strong><\/h3>\n<ul data-start=\"1755\" data-end=\"1838\">\n<li data-start=\"1755\" data-end=\"1778\">\n<p data-start=\"1757\" data-end=\"1778\">Sem alimentos ou bebidas.<\/p>\n<\/li>\n<li data-start=\"1779\" data-end=\"1838\">\n<p data-start=\"1781\" data-end=\"1838\">Roupas pessoais (recomenda-se levar um casaco e uma muda de roupa seca).<\/p>\n<\/li>\n<\/ul>\n<h3 data-start=\"1982\" data-end=\"2005\"><strong data-start=\"1986\" data-end=\"2005\">Recomenda\u00e7\u00f5es<\/strong><\/h3>\n<ul data-start=\"2007\" data-end=\"2147\">\n<li data-start=\"2007\" data-end=\"2041\">\n<p data-start=\"2009\" data-end=\"2041\">Roupas confort\u00e1veis e sapatos fechados.<\/p>\n<\/li>\n<li data-start=\"2042\" data-end=\"2073\">\n<p data-start=\"2044\" data-end=\"2073\">Troca de roupas secas e agasalhos.<\/p>\n<\/li>\n<li data-start=\"2074\" data-end=\"2119\">\n<p data-start=\"2076\" data-end=\"2119\">Protetor solar, bon\u00e9 e \u00f3culos de sol.<\/p>\n<\/li>\n<li data-start=\"2120\" data-end=\"2147\">\n<p data-start=\"2122\" data-end=\"2147\">Carteira de identidade.<\/p>\n<\/li>\n<\/ul>\n<p data-start=\"2149\" data-end=\"2257\">N\u00e3o \u00e9 necess\u00e1rio ter experi\u00eancia anterior. Atividade adequada para crian\u00e7as acima de 4 anos de idade acompanhadas por um adulto.<\/p>\n<h3 data-start=\"2264\" data-end=\"2292\"><strong data-start=\"2268\" data-end=\"2292\">Perguntas frequentes<\/strong><\/h3>\n<p data-start=\"2294\" data-end=\"2404\"><strong data-start=\"2294\" data-end=\"2336\">Os caiaques s\u00e3o simples ou duplos?<\/strong><br data-start=\"2336\" data-end=\"2339\" \/>Elas s\u00e3o duplas, confort\u00e1veis e muito est\u00e1veis, ideais para iniciantes.<\/p>\n<p data-start=\"2406\" data-end=\"2524\"><strong data-start=\"2406\" data-end=\"2445\">Isso pode ser feito sem experi\u00eancia?<\/strong><br data-start=\"2445\" data-end=\"2448\" \/>Sim, os guias fornecem todas as indica\u00e7\u00f5es necess\u00e1rias antes de come\u00e7ar.<\/p>\n<p data-start=\"2526\" data-end=\"2642\"><strong data-start=\"2526\" data-end=\"2550\">O que acontece se chover?<\/strong><br data-start=\"2550\" data-end=\"2553\" \/>A atividade ocorre em tempo chuvoso e s\u00f3 \u00e9 suspensa em caso de tempestades ou ventos fortes.<\/p>\n<p data-start=\"2644\" data-end=\"2719\"><strong data-start=\"2644\" data-end=\"2668\">Existe um limite de idade?<\/strong><br data-start=\"2668\" data-end=\"2671\" \/>A partir de 4 anos de idade, acompanhado por um adulto.<\/p>","protected":false},"excerpt":{"rendered":"<p>Desfrute de uma excurs\u00e3o de baixo custo em <strong>Passeio de caiaque no Lago Moreno<\/strong> com o Turismo Patag\u00f4nia.<br data-start=\"3666\" data-end=\"3669\" \/>Natureza, seguran\u00e7a e divers\u00e3o a um pre\u00e7o acess\u00edvel em Bariloche.<\/p>","protected":false},"featured_media":377663,"comment_status":"open","ping_status":"closed","template":"","meta":[],"product_brand":[],"product_cat":[37,39,50,41,42,52,46,54],"product_tag":[],"class_list":{"0":"post-377150","1":"product","2":"type-product","3":"status-publish","4":"has-post-thumbnail","6":"product_cat-adultos","7":"product_cat-aventura","8":"product_cat-con-comida","9":"product_cat-con-traslado","10":"product_cat-familia","11":"product_cat-lacustre","12":"product_cat-ninos","13":"product_cat-todo-el-ano","15":"first","16":"instock","17":"virtual","18":"sold-individually","19":"purchasable","20":"product-type-booking"},"booking_location":"","booking_location_type":"","booking_duration":1,"booking_duration_unit":"hour","booking_buffer":0,"booking_cost":0,"booking_resources":[],"exclude_global_add_ons":false,"addons":[{"name":"ADU: Adulto","type":"input_multiplier","position":0,"required":false,"title_format":"label","default":"","description_enable":false,"description":"","placeholder_enable":false,"placeholder":"","display":"select","restrictions_type":"any_text","adjust_price":true,"price":"107400","price_type":"quantity_based","restrictions":false,"min":"0","max":"0","options":[],"id":1773074737},{"name":"MEN512 | 5 a 12","type":"input_multiplier","position":1,"required":false,"title_format":"label","default":"","description_enable":false,"description":"","placeholder_enable":false,"placeholder":"","display":"select","restrictions_type":"any_text","adjust_price":true,"price":"107400","price_type":"quantity_based","restrictions":false,"min":"0","max":"0","options":[],"id":1773075048}],"yoast_head":"<!-- This site is optimized with the Yoast SEO Premium plugin v24.5 (Yoast SEO v24.8) - https:\/\/yoast.com\/wordpress\/plugins\/seo\/ -->\n<title>Kayak por el Lago Moreno en Bariloche | Turismo Patagonia<\/title>\n<meta name=\"description\" content=\"Viv\u00ed una excursi\u00f3n econ\u00f3mica en kayak por el Lago Moreno. Actividad segura, accesible y guiada para disfrutar la Patagonia sin gastar de m\u00e1s.\" \/>\n<meta name=\"robots\" content=\"index, follow, max-snippet:-1, max-image-preview:large, max-video-preview:-1\" \/>\n<link rel=\"canonical\" href=\"https:\/\/turismopatagonia.ar\/pt\/product\/excursao-barata-de-caiaque-lago-moreno-bariloche\/\" \/>\n<meta property=\"og:locale\" content=\"pt_BR\" \/>\n<meta property=\"og:type\" content=\"article\" \/>\n<meta property=\"og:title\" content=\"Kayak por el Lago Moreno\" \/>\n<meta property=\"og:description\" content=\"Viv\u00ed una excursi\u00f3n econ\u00f3mica en kayak por el Lago Moreno. Actividad segura, accesible y guiada para disfrutar la Patagonia sin gastar de m\u00e1s.\" \/>\n<meta property=\"og:url\" content=\"https:\/\/turismopatagonia.ar\/pt\/product\/excursao-barata-de-caiaque-lago-moreno-bariloche\/\" \/>\n<meta property=\"og:site_name\" content=\"Turismo en Patagonia Bariloche\" \/>\n<meta property=\"article:modified_time\" content=\"2026-04-08T19:28:51+00:00\" \/>\n<meta property=\"og:image\" content=\"https:\/\/turismopatagonia.ar\/wp-content\/uploads\/2025\/04\/6-C-GOPR1095-scaled.jpg\" \/>\n\t<meta property=\"og:image:width\" content=\"1920\" \/>\n\t<meta property=\"og:image:height\" content=\"2560\" \/>\n\t<meta property=\"og:image:type\" content=\"image\/jpeg\" \/>\n<meta name=\"twitter:card\" content=\"summary_large_image\" \/>\n<meta name=\"twitter:label1\" content=\"Pre\u00e7o\" \/>\n\t<meta name=\"twitter:data1\" content=\"&#036;&nbsp;107.400,00\" \/>\n\t<meta name=\"twitter:label2\" content=\"Disponibilidade\" \/>\n\t<meta name=\"twitter:data2\" content=\"Em Estoque\" \/>\n<script type=\"application\/ld+json\" class=\"yoast-schema-graph\">{\"@context\":\"https:\/\/schema.org\",\"@graph\":[{\"@type\":[\"WebPage\",\"ItemPage\"],\"@id\":\"https:\/\/turismopatagonia.ar\/product\/excursion-economica-kayak-lago-moreno-bariloche\",\"url\":\"https:\/\/turismopatagonia.ar\/product\/excursion-economica-kayak-lago-moreno-bariloche\",\"name\":\"Kayak por el Lago Moreno en Bariloche | Turismo Patagonia\",\"isPartOf\":{\"@id\":\"https:\/\/turismopatagonia.ar\/#website\"},\"primaryImageOfPage\":{\"@id\":\"https:\/\/turismopatagonia.ar\/product\/excursion-economica-kayak-lago-moreno-bariloche#primaryimage\"},\"image\":{\"@id\":\"https:\/\/turismopatagonia.ar\/product\/excursion-economica-kayak-lago-moreno-bariloche#primaryimage\"},\"thumbnailUrl\":\"https:\/\/turismopatagonia.ar\/wp-content\/uploads\/2025\/04\/6-C-GOPR1095-scaled.jpg\",\"datePublished\":\"2025-04-12T21:06:58+00:00\",\"dateModified\":\"2026-04-08T19:28:51+00:00\",\"description\":\"Viv\u00ed una excursi\u00f3n econ\u00f3mica en kayak por el Lago Moreno. Actividad segura, accesible y guiada para disfrutar la Patagonia sin gastar de m\u00e1s.\",\"breadcrumb\":{\"@id\":\"https:\/\/turismopatagonia.ar\/product\/excursion-economica-kayak-lago-moreno-bariloche#breadcrumb\"},\"inLanguage\":\"pt-BR\",\"potentialAction\":[{\"@type\":\"ReadAction\",\"target\":[\"https:\/\/turismopatagonia.ar\/product\/excursion-economica-kayak-lago-moreno-bariloche\"]}]},{\"@type\":\"ImageObject\",\"inLanguage\":\"pt-BR\",\"@id\":\"https:\/\/turismopatagonia.ar\/product\/excursion-economica-kayak-lago-moreno-bariloche#primaryimage\",\"url\":\"https:\/\/turismopatagonia.ar\/wp-content\/uploads\/2025\/04\/6-C-GOPR1095-scaled.jpg\",\"contentUrl\":\"https:\/\/turismopatagonia.ar\/wp-content\/uploads\/2025\/04\/6-C-GOPR1095-scaled.jpg\",\"width\":1920,\"height\":2560,\"caption\":\"DCIM100GOPROGOPR1095.JPG\"},{\"@type\":\"BreadcrumbList\",\"@id\":\"https:\/\/turismopatagonia.ar\/product\/excursion-economica-kayak-lago-moreno-bariloche#breadcrumb\",\"itemListElement\":[{\"@type\":\"ListItem\",\"position\":1,\"name\":\"Home\",\"item\":\"https:\/\/turismopatagonia.ar\/\"},{\"@type\":\"ListItem\",\"position\":2,\"name\":\"Shop\",\"item\":\"https:\/\/turismopatagonia.ar\/shop\"},{\"@type\":\"ListItem\",\"position\":3,\"name\":\"Kayak por el Lago Moreno\"}]},{\"@type\":\"WebSite\",\"@id\":\"https:\/\/turismopatagonia.ar\/#website\",\"url\":\"https:\/\/turismopatagonia.ar\/\",\"name\":\"Turismo en Patagonia Bariloche\",\"description\":\"Descubre la belleza de la Patagonia: gu\u00edas, actividades y destinos tur\u00edsticos en Bariloche y alrededores.\",\"publisher\":{\"@id\":\"https:\/\/turismopatagonia.ar\/#organization\"},\"potentialAction\":[{\"@type\":\"SearchAction\",\"target\":{\"@type\":\"EntryPoint\",\"urlTemplate\":\"https:\/\/turismopatagonia.ar\/?s={search_term_string}\"},\"query-input\":{\"@type\":\"PropertyValueSpecification\",\"valueRequired\":true,\"valueName\":\"search_term_string\"}}],\"inLanguage\":\"pt-BR\"},{\"@type\":\"Organization\",\"@id\":\"https:\/\/turismopatagonia.ar\/#organization\",\"name\":\"Turismo en Patagonia Bariloche\",\"url\":\"https:\/\/turismopatagonia.ar\/\",\"logo\":{\"@type\":\"ImageObject\",\"inLanguage\":\"pt-BR\",\"@id\":\"https:\/\/turismopatagonia.ar\/#\/schema\/logo\/image\/\",\"url\":\"https:\/\/turismopatagonia.ar\/wp-content\/uploads\/2023\/04\/logo-tirismo-copia.png\",\"contentUrl\":\"https:\/\/turismopatagonia.ar\/wp-content\/uploads\/2023\/04\/logo-tirismo-copia.png\",\"width\":270,\"height\":100,\"caption\":\"Turismo en Patagonia Bariloche\"},\"image\":{\"@id\":\"https:\/\/turismopatagonia.ar\/#\/schema\/logo\/image\/\"}}]}<\/script>\n<meta property=\"product:price:amount\" content=\"107400.00\" \/>\n<meta property=\"product:price:currency\" content=\"ARS\" \/>\n<meta property=\"og:availability\" content=\"instock\" \/>\n<meta property=\"product:availability\" content=\"instock\" \/>\n<meta property=\"product:retailer_item_id\" content=\"ADV2025TRENKAH9J5\" \/>\n<meta property=\"product:condition\" content=\"new\" \/>\n<!-- \/ Yoast SEO Premium plugin. -->","yoast_head_json":{"title":"Caiaque no Lago Moreno em Bariloche | Turismo na Patag\u00f4nia","description":"Experimente uma excurs\u00e3o econ\u00f4mica de caiaque no Lago Moreno. Uma atividade segura, acess\u00edvel e guiada para desfrutar da Patag\u00f4nia sem gastar muito.","robots":{"index":"index","follow":"follow","max-snippet":"max-snippet:-1","max-image-preview":"max-image-preview:large","max-video-preview":"max-video-preview:-1"},"canonical":"https:\/\/turismopatagonia.ar\/pt\/product\/excursao-barata-de-caiaque-lago-moreno-bariloche\/","og_locale":"pt_BR","og_type":"article","og_title":"Kayak por el Lago Moreno","og_description":"Viv\u00ed una excursi\u00f3n econ\u00f3mica en kayak por el Lago Moreno. Actividad segura, accesible y guiada para disfrutar la Patagonia sin gastar de m\u00e1s.","og_url":"https:\/\/turismopatagonia.ar\/pt\/product\/excursao-barata-de-caiaque-lago-moreno-bariloche\/","og_site_name":"Turismo en Patagonia Bariloche","article_modified_time":"2026-04-08T19:28:51+00:00","og_image":[{"width":1920,"height":2560,"url":"https:\/\/turismopatagonia.ar\/wp-content\/uploads\/2025\/04\/6-C-GOPR1095-scaled.jpg","type":"image\/jpeg"}],"twitter_card":"summary_large_image","twitter_misc":{"Pre\u00e7o":"&#36;&nbsp;107.400,00","Disponibilidade":"Em Estoque"},"schema":{"@context":"https:\/\/schema.org","@graph":[{"@type":["WebPage","ItemPage"],"@id":"https:\/\/turismopatagonia.ar\/product\/excursion-economica-kayak-lago-moreno-bariloche","url":"https:\/\/turismopatagonia.ar\/product\/excursion-economica-kayak-lago-moreno-bariloche","name":"Caiaque no Lago Moreno em Bariloche | Turismo na Patag\u00f4nia","isPartOf":{"@id":"https:\/\/turismopatagonia.ar\/#website"},"primaryImageOfPage":{"@id":"https:\/\/turismopatagonia.ar\/product\/excursion-economica-kayak-lago-moreno-bariloche#primaryimage"},"image":{"@id":"https:\/\/turismopatagonia.ar\/product\/excursion-economica-kayak-lago-moreno-bariloche#primaryimage"},"thumbnailUrl":"https:\/\/turismopatagonia.ar\/wp-content\/uploads\/2025\/04\/6-C-GOPR1095-scaled.jpg","datePublished":"2025-04-12T21:06:58+00:00","dateModified":"2026-04-08T19:28:51+00:00","description":"Experimente uma excurs\u00e3o econ\u00f4mica de caiaque no Lago Moreno. Uma atividade segura, acess\u00edvel e guiada para desfrutar da Patag\u00f4nia sem gastar muito.","breadcrumb":{"@id":"https:\/\/turismopatagonia.ar\/product\/excursion-economica-kayak-lago-moreno-bariloche#breadcrumb"},"inLanguage":"pt-BR","potentialAction":[{"@type":"ReadAction","target":["https:\/\/turismopatagonia.ar\/product\/excursion-economica-kayak-lago-moreno-bariloche"]}]},{"@type":"ImageObject","inLanguage":"pt-BR","@id":"https:\/\/turismopatagonia.ar\/product\/excursion-economica-kayak-lago-moreno-bariloche#primaryimage","url":"https:\/\/turismopatagonia.ar\/wp-content\/uploads\/2025\/04\/6-C-GOPR1095-scaled.jpg","contentUrl":"https:\/\/turismopatagonia.ar\/wp-content\/uploads\/2025\/04\/6-C-GOPR1095-scaled.jpg","width":1920,"height":2560,"caption":"DCIM100GOPROGOPR1095.JPG"},{"@type":"BreadcrumbList","@id":"https:\/\/turismopatagonia.ar\/product\/excursion-economica-kayak-lago-moreno-bariloche#breadcrumb","itemListElement":[{"@type":"ListItem","position":1,"name":"Home","item":"https:\/\/turismopatagonia.ar\/"},{"@type":"ListItem","position":2,"name":"Shop","item":"https:\/\/turismopatagonia.ar\/shop"},{"@type":"ListItem","position":3,"name":"Kayak por el Lago Moreno"}]},{"@type":"WebSite","@id":"https:\/\/turismopatagonia.ar\/#website","url":"https:\/\/turismopatagonia.ar\/","name":"Turismo na Patag\u00f4nia Bariloche","description":"Descubra a beleza da Patag\u00f4nia: guias, atividades e destinos tur\u00edsticos em Bariloche e arredores.","publisher":{"@id":"https:\/\/turismopatagonia.ar\/#organization"},"potentialAction":[{"@type":"SearchAction","target":{"@type":"EntryPoint","urlTemplate":"https:\/\/turismopatagonia.ar\/?s={search_term_string}"},"query-input":{"@type":"PropertyValueSpecification","valueRequired":true,"valueName":"search_term_string"}}],"inLanguage":"pt-BR"},{"@type":"Organization","@id":"https:\/\/turismopatagonia.ar\/#organization","name":"Turismo na Patag\u00f4nia Bariloche","url":"https:\/\/turismopatagonia.ar\/","logo":{"@type":"ImageObject","inLanguage":"pt-BR","@id":"https:\/\/turismopatagonia.ar\/#\/schema\/logo\/image\/","url":"https:\/\/turismopatagonia.ar\/wp-content\/uploads\/2023\/04\/logo-tirismo-copia.png","contentUrl":"https:\/\/turismopatagonia.ar\/wp-content\/uploads\/2023\/04\/logo-tirismo-copia.png","width":270,"height":100,"caption":"Turismo en Patagonia Bariloche"},"image":{"@id":"https:\/\/turismopatagonia.ar\/#\/schema\/logo\/image\/"}}]},"product_price_amount":"107400.00","product_price_currency":"ARS","og_availability":"instock","product_availability":"instock","product_retailer_item_id":"ADV2025TRENKAH9J5","product_condition":"new"},"_links":{"self":[{"href":"https:\/\/turismopatagonia.ar\/pt\/wp-json\/wp\/v2\/product\/377150","targetHints":{"allow":["GET"]}}],"collection":[{"href":"https:\/\/turismopatagonia.ar\/pt\/wp-json\/wp\/v2\/product"}],"about":[{"href":"https:\/\/turismopatagonia.ar\/pt\/wp-json\/wp\/v2\/types\/product"}],"replies":[{"embeddable":true,"href":"https:\/\/turismopatagonia.ar\/pt\/wp-json\/wp\/v2\/comments?post=377150"}],"wp:featuredmedia":[{"embeddable":true,"href":"https:\/\/turismopatagonia.ar\/pt\/wp-json\/wp\/v2\/media\/377663"}],"wp:attachment":[{"href":"https:\/\/turismopatagonia.ar\/pt\/wp-json\/wp\/v2\/media?parent=377150"}],"wp:term":[{"taxonomy":"product_brand","embeddable":true,"href":"https:\/\/turismopatagonia.ar\/pt\/wp-json\/wp\/v2\/product_brand?post=377150"},{"taxonomy":"product_cat","embeddable":true,"href":"https:\/\/turismopatagonia.ar\/pt\/wp-json\/wp\/v2\/product_cat?post=377150"},{"taxonomy":"product_tag","embeddable":true,"href":"https:\/\/turismopatagonia.ar\/pt\/wp-json\/wp\/v2\/product_tag?post=377150"}],"curies":[{"name":"wp","href":"https:\/\/api.w.org\/{rel}","templated":true}]}}