{"id":377154,"date":"2025-04-12T18:07:57","date_gmt":"2025-04-12T21:07:57","guid":{"rendered":"https:\/\/turismopatagonia.ar\/?post_type=product&#038;p=377154"},"modified":"2026-04-08T16:29:32","modified_gmt":"2026-04-08T19:29:32","slug":"paquete-promocional-3-dias-de-excursion","status":"publish","type":"product","link":"https:\/\/turismopatagonia.ar\/pt\/product\/pacote-promocional-excursao-de-3-dias","title":{"rendered":"Promo\u00e7\u00e3o 3 dias Bariloche - Aprenda mais, gaste menos"},"content":{"rendered":"<h3 data-start=\"290\" data-end=\"378\">Tr\u00eas excurs\u00f5es imperd\u00edveis a um pre\u00e7o acess\u00edvel para aproveitar ao m\u00e1ximo sua viagem<\/h3>\n<p data-start=\"380\" data-end=\"615\">Este pacote \u00e9 a op\u00e7\u00e3o ideal para quem quer conhecer as paisagens mais emblem\u00e1ticas de Bariloche com uma proposta simples, clara e econ\u00f4mica. Sem complica\u00e7\u00f5es: voc\u00ea escolhe a ordem dos passeios e n\u00f3s cuidamos do resto.<\/p>\n<h3 data-start=\"622\" data-end=\"652\">O que esse pacote inclui?<\/h3>\n<ul data-start=\"654\" data-end=\"1138\">\n<li data-start=\"654\" data-end=\"825\">\n<p data-start=\"656\" data-end=\"825\"><strong data-start=\"656\" data-end=\"710\">San Mart\u00edn de los Andes ao longo da Rota dos 7 Lagos<\/strong> - Partida \u00e0s 08:00 hs. Vistas espetaculares e um passeio panor\u00e2mico por uma das rotas mais bonitas do pa\u00eds.<\/p>\n<\/li>\n<li data-start=\"827\" data-end=\"985\">\n<p data-start=\"829\" data-end=\"985\"><strong data-start=\"829\" data-end=\"875\">Cerro Tronador e Glaciar Ventisquero Negro<\/strong> - Partida \u00e0s 09:00 hs. Caminhada pela cadeia de montanhas com mirantes, rios e a impressionante vista da geleira.<\/p>\n<\/li>\n<li data-start=\"987\" data-end=\"1138\">\n<p data-start=\"989\" data-end=\"1138\"><strong data-start=\"989\" data-end=\"1037\">Circuito Chico e Cerro Campanario (opcional)<\/strong> - Partida \u00e0s 08:00 hs. O melhor de Bariloche em meio dia. \u00c9 poss\u00edvel adicionar a subida de telef\u00e9rico.<\/p>\n<\/li>\n<\/ul>\n<p data-start=\"1140\" data-end=\"1246\">Voc\u00ea faz sua pr\u00f3pria programa\u00e7\u00e3o: fa\u00e7a as excurs\u00f5es na ordem que melhor lhe convier, dependendo do clima e do seu humor.<\/p>\n<h3 data-start=\"1253\" data-end=\"1272\">Detalhes \u00fateis<\/h3>\n<p data-start=\"1274\" data-end=\"1619\"><strong data-start=\"1274\" data-end=\"1287\">Dura\u00e7\u00e3o:<\/strong> 3 dias.<br data-start=\"1294\" data-end=\"1297\" \/><strong data-start=\"1297\" data-end=\"1310\">Hor\u00e1rios:<\/strong> Dependendo da excurs\u00e3o.<br data-start=\"1326\" data-end=\"1329\" \/><strong data-start=\"1329\" data-end=\"1352\">Ponto de encontro:<\/strong> Coordenamos nos pontos mais pr\u00f3ximos de sua acomoda\u00e7\u00e3o (centro de Bariloche no km 8 da Av. Bustillo ou Pioneros).<br data-start=\"1464\" data-end=\"1467\" \/><strong data-start=\"1467\" data-end=\"1479\">Ele inclui:<\/strong> Transporte de ida e volta, guia que fala ingl\u00eas, organiza\u00e7\u00e3o do itiner\u00e1rio.<br data-start=\"1549\" data-end=\"1552\" \/><strong data-start=\"1552\" data-end=\"1567\">N\u00e3o inclu\u00eddo:<\/strong> Refei\u00e7\u00f5es, ingressos para parques nacionais e telef\u00e9ricos.<\/p>\n<h3 data-start=\"1626\" data-end=\"1650\">Perguntas frequentes<\/h3>\n<p data-start=\"1652\" data-end=\"1767\"><strong data-start=\"1652\" data-end=\"1681\">\u00c9 uma op\u00e7\u00e3o econ\u00f4mica?<\/strong><br data-start=\"1681\" data-end=\"1684\" \/>Sim, essa combina\u00e7\u00e3o foi projetada para oferecer a voc\u00ea o melhor de Bariloche sem gastar muito.<\/p>\n<p data-start=\"1769\" data-end=\"1880\"><strong data-start=\"1769\" data-end=\"1821\">Qual \u00e9 o n\u00edvel de dificuldade das excurs\u00f5es?<\/strong><br data-start=\"1821\" data-end=\"1824\" \/>S\u00e3o passeios tur\u00edsticos acess\u00edveis a todos.<\/p>\n<p data-start=\"1882\" data-end=\"1983\"><strong data-start=\"1882\" data-end=\"1912\">Posso pagar em parcelas?<\/strong><br data-start=\"1912\" data-end=\"1915\" \/>Consulte-nos sobre as op\u00e7\u00f5es de pagamento com cart\u00e3o e as promo\u00e7\u00f5es atuais.<\/p>\n<p data-start=\"1985\" data-end=\"2084\"><strong data-start=\"1985\" data-end=\"2007\">Onde vamos almo\u00e7ar?<\/strong><br data-start=\"2007\" data-end=\"2010\" \/>Em cada excurs\u00e3o, h\u00e1 tempo livre para comprar comida ou levar seu pr\u00f3prio almo\u00e7o.<\/p>","protected":false},"excerpt":{"rendered":"<p>Experimente a ess\u00eancia da Patag\u00f4nia com nosso pacote exclusivo de 3 dias. Descubra paisagens imperd\u00edveis em <strong>San Mart\u00edn de los Andes<\/strong>, o <strong>Rota dos 7 lagos<\/strong>, o <strong>Serra do Tronador<\/strong> e o <strong>Circuito pequeno<\/strong>, tudo adaptado \u00e0s suas prefer\u00eancias.<\/p>","protected":false},"featured_media":377673,"comment_status":"open","ping_status":"closed","template":"","meta":[],"product_brand":[],"product_cat":[37,41,42,46,61,48,49,54],"product_tag":[],"class_list":{"0":"post-377154","1":"product","2":"type-product","3":"status-publish","4":"has-post-thumbnail","6":"product_cat-adultos","7":"product_cat-con-traslado","8":"product_cat-familia","9":"product_cat-ninos","10":"product_cat-promos","11":"product_cat-sin-comida","12":"product_cat-terrestre","13":"product_cat-todo-el-ano","15":"first","16":"instock","17":"virtual","18":"sold-individually","19":"purchasable","20":"product-type-booking"},"booking_location":"","booking_location_type":"","booking_duration":1,"booking_duration_unit":"hour","booking_buffer":0,"booking_cost":0,"booking_resources":[],"exclude_global_add_ons":false,"addons":[{"name":"STD: Passageiros","type":"input_multiplier","position":0,"required":false,"title_format":"label","default":"","description_enable":false,"description":"","placeholder_enable":false,"placeholder":"","display":"select","restrictions_type":"any_text","adjust_price":true,"price":"156000","price_type":"quantity_based","restrictions":false,"min":"0","max":"0","options":[],"id":1773234688}],"yoast_head":"<!-- This site is optimized with the Yoast SEO Premium plugin v24.5 (Yoast SEO v24.8) - https:\/\/yoast.com\/wordpress\/plugins\/seo\/ -->\n<title>Promo 3 D\u00edas Bariloche \u2013 Conoc\u00e9 M\u00e1s, Gast\u00e1 Menos - Turismo en Patagonia Bariloche<\/title>\n<meta name=\"description\" content=\"Promo econ\u00f3mica de 3 d\u00edas en Bariloche. Incluye excursiones a San Mart\u00edn de los Andes, Tronador y Circuito Chico. Ideal para disfrutar m\u00e1s gastando menos.\" \/>\n<meta name=\"robots\" content=\"index, follow, max-snippet:-1, max-image-preview:large, max-video-preview:-1\" \/>\n<link rel=\"canonical\" href=\"https:\/\/turismopatagonia.ar\/pt\/product\/pacote-promocional-excursao-de-3-dias\/\" \/>\n<meta property=\"og:locale\" content=\"pt_BR\" \/>\n<meta property=\"og:type\" content=\"article\" \/>\n<meta property=\"og:title\" content=\"Promo 3 D\u00edas Bariloche \u2013 Conoc\u00e9 M\u00e1s, Gast\u00e1 Menos\" \/>\n<meta property=\"og:description\" content=\"Promo econ\u00f3mica de 3 d\u00edas en Bariloche. Incluye excursiones a San Mart\u00edn de los Andes, Tronador y Circuito Chico. Ideal para disfrutar m\u00e1s gastando menos.\" \/>\n<meta property=\"og:url\" content=\"https:\/\/turismopatagonia.ar\/pt\/product\/pacote-promocional-excursao-de-3-dias\/\" \/>\n<meta property=\"og:site_name\" content=\"Turismo en Patagonia Bariloche\" \/>\n<meta property=\"article:modified_time\" content=\"2026-04-08T19:29:32+00:00\" \/>\n<meta property=\"og:image\" content=\"https:\/\/turismopatagonia.ar\/wp-content\/uploads\/2025\/04\/6-C-FF35A46-FB40-4B33-A630-57A6236D2E8A-scaled.jpg\" \/>\n\t<meta property=\"og:image:width\" content=\"1920\" \/>\n\t<meta property=\"og:image:height\" content=\"2560\" \/>\n\t<meta property=\"og:image:type\" content=\"image\/jpeg\" \/>\n<meta name=\"twitter:card\" content=\"summary_large_image\" \/>\n<meta name=\"twitter:label1\" content=\"Pre\u00e7o\" \/>\n\t<meta name=\"twitter:data1\" content=\"&#036;&nbsp;156.000,00\" \/>\n\t<meta name=\"twitter:label2\" content=\"Disponibilidade\" \/>\n\t<meta name=\"twitter:data2\" content=\"Em Estoque\" \/>\n<script type=\"application\/ld+json\" class=\"yoast-schema-graph\">{\"@context\":\"https:\/\/schema.org\",\"@graph\":[{\"@type\":[\"WebPage\",\"ItemPage\"],\"@id\":\"https:\/\/turismopatagonia.ar\/product\/paquete-promocional-3-dias-de-excursion\",\"url\":\"https:\/\/turismopatagonia.ar\/product\/paquete-promocional-3-dias-de-excursion\",\"name\":\"Promo 3 D\u00edas Bariloche \u2013 Conoc\u00e9 M\u00e1s, Gast\u00e1 Menos - Turismo en Patagonia Bariloche\",\"isPartOf\":{\"@id\":\"https:\/\/turismopatagonia.ar\/#website\"},\"primaryImageOfPage\":{\"@id\":\"https:\/\/turismopatagonia.ar\/product\/paquete-promocional-3-dias-de-excursion#primaryimage\"},\"image\":{\"@id\":\"https:\/\/turismopatagonia.ar\/product\/paquete-promocional-3-dias-de-excursion#primaryimage\"},\"thumbnailUrl\":\"https:\/\/turismopatagonia.ar\/wp-content\/uploads\/2025\/04\/6-C-FF35A46-FB40-4B33-A630-57A6236D2E8A-scaled.jpg\",\"datePublished\":\"2025-04-12T21:07:57+00:00\",\"dateModified\":\"2026-04-08T19:29:32+00:00\",\"description\":\"Promo econ\u00f3mica de 3 d\u00edas en Bariloche. Incluye excursiones a San Mart\u00edn de los Andes, Tronador y Circuito Chico. Ideal para disfrutar m\u00e1s gastando menos.\",\"breadcrumb\":{\"@id\":\"https:\/\/turismopatagonia.ar\/product\/paquete-promocional-3-dias-de-excursion#breadcrumb\"},\"inLanguage\":\"pt-BR\",\"potentialAction\":[{\"@type\":\"ReadAction\",\"target\":[\"https:\/\/turismopatagonia.ar\/product\/paquete-promocional-3-dias-de-excursion\"]}]},{\"@type\":\"ImageObject\",\"inLanguage\":\"pt-BR\",\"@id\":\"https:\/\/turismopatagonia.ar\/product\/paquete-promocional-3-dias-de-excursion#primaryimage\",\"url\":\"https:\/\/turismopatagonia.ar\/wp-content\/uploads\/2025\/04\/6-C-FF35A46-FB40-4B33-A630-57A6236D2E8A-scaled.jpg\",\"contentUrl\":\"https:\/\/turismopatagonia.ar\/wp-content\/uploads\/2025\/04\/6-C-FF35A46-FB40-4B33-A630-57A6236D2E8A-scaled.jpg\",\"width\":1920,\"height\":2560,\"caption\":\"Processed with VSCO with hb1 preset\"},{\"@type\":\"BreadcrumbList\",\"@id\":\"https:\/\/turismopatagonia.ar\/product\/paquete-promocional-3-dias-de-excursion#breadcrumb\",\"itemListElement\":[{\"@type\":\"ListItem\",\"position\":1,\"name\":\"Home\",\"item\":\"https:\/\/turismopatagonia.ar\/\"},{\"@type\":\"ListItem\",\"position\":2,\"name\":\"Shop\",\"item\":\"https:\/\/turismopatagonia.ar\/shop\"},{\"@type\":\"ListItem\",\"position\":3,\"name\":\"Promo 3 D\u00edas Bariloche \u2013 Conoc\u00e9 M\u00e1s, Gast\u00e1 Menos\"}]},{\"@type\":\"WebSite\",\"@id\":\"https:\/\/turismopatagonia.ar\/#website\",\"url\":\"https:\/\/turismopatagonia.ar\/\",\"name\":\"Turismo en Patagonia Bariloche\",\"description\":\"Descubre la belleza de la Patagonia: gu\u00edas, actividades y destinos tur\u00edsticos en Bariloche y alrededores.\",\"publisher\":{\"@id\":\"https:\/\/turismopatagonia.ar\/#organization\"},\"potentialAction\":[{\"@type\":\"SearchAction\",\"target\":{\"@type\":\"EntryPoint\",\"urlTemplate\":\"https:\/\/turismopatagonia.ar\/?s={search_term_string}\"},\"query-input\":{\"@type\":\"PropertyValueSpecification\",\"valueRequired\":true,\"valueName\":\"search_term_string\"}}],\"inLanguage\":\"pt-BR\"},{\"@type\":\"Organization\",\"@id\":\"https:\/\/turismopatagonia.ar\/#organization\",\"name\":\"Turismo en Patagonia Bariloche\",\"url\":\"https:\/\/turismopatagonia.ar\/\",\"logo\":{\"@type\":\"ImageObject\",\"inLanguage\":\"pt-BR\",\"@id\":\"https:\/\/turismopatagonia.ar\/#\/schema\/logo\/image\/\",\"url\":\"https:\/\/turismopatagonia.ar\/wp-content\/uploads\/2023\/04\/logo-tirismo-copia.png\",\"contentUrl\":\"https:\/\/turismopatagonia.ar\/wp-content\/uploads\/2023\/04\/logo-tirismo-copia.png\",\"width\":270,\"height\":100,\"caption\":\"Turismo en Patagonia Bariloche\"},\"image\":{\"@id\":\"https:\/\/turismopatagonia.ar\/#\/schema\/logo\/image\/\"}}]}<\/script>\n<meta property=\"product:price:amount\" content=\"156000.00\" \/>\n<meta property=\"product:price:currency\" content=\"ARS\" \/>\n<meta property=\"og:availability\" content=\"instock\" \/>\n<meta property=\"product:availability\" content=\"instock\" \/>\n<meta property=\"product:retailer_item_id\" content=\"ADV2025PAPRDE20W5\" \/>\n<meta property=\"product:condition\" content=\"new\" \/>\n<!-- \/ Yoast SEO Premium plugin. -->","yoast_head_json":{"title":"Promo 3 dias em Bariloche - Conhe\u00e7a mais, gaste menos - Turismo en Patagonia Bariloche","description":"Promo\u00e7\u00e3o econ\u00f4mica de 3 dias em Bariloche. Inclui excurs\u00f5es a San Martin de los Andes, Tronador e Circuito Chico. Ideal para aproveitar mais gastando menos.","robots":{"index":"index","follow":"follow","max-snippet":"max-snippet:-1","max-image-preview":"max-image-preview:large","max-video-preview":"max-video-preview:-1"},"canonical":"https:\/\/turismopatagonia.ar\/pt\/product\/pacote-promocional-excursao-de-3-dias\/","og_locale":"pt_BR","og_type":"article","og_title":"Promo 3 D\u00edas Bariloche \u2013 Conoc\u00e9 M\u00e1s, Gast\u00e1 Menos","og_description":"Promo econ\u00f3mica de 3 d\u00edas en Bariloche. Incluye excursiones a San Mart\u00edn de los Andes, Tronador y Circuito Chico. Ideal para disfrutar m\u00e1s gastando menos.","og_url":"https:\/\/turismopatagonia.ar\/pt\/product\/pacote-promocional-excursao-de-3-dias\/","og_site_name":"Turismo en Patagonia Bariloche","article_modified_time":"2026-04-08T19:29:32+00:00","og_image":[{"width":1920,"height":2560,"url":"https:\/\/turismopatagonia.ar\/wp-content\/uploads\/2025\/04\/6-C-FF35A46-FB40-4B33-A630-57A6236D2E8A-scaled.jpg","type":"image\/jpeg"}],"twitter_card":"summary_large_image","twitter_misc":{"Pre\u00e7o":"&#36;&nbsp;156.000,00","Disponibilidade":"Em Estoque"},"schema":{"@context":"https:\/\/schema.org","@graph":[{"@type":["WebPage","ItemPage"],"@id":"https:\/\/turismopatagonia.ar\/product\/paquete-promocional-3-dias-de-excursion","url":"https:\/\/turismopatagonia.ar\/product\/paquete-promocional-3-dias-de-excursion","name":"Promo 3 dias em Bariloche - Conhe\u00e7a mais, gaste menos - Turismo en Patagonia Bariloche","isPartOf":{"@id":"https:\/\/turismopatagonia.ar\/#website"},"primaryImageOfPage":{"@id":"https:\/\/turismopatagonia.ar\/product\/paquete-promocional-3-dias-de-excursion#primaryimage"},"image":{"@id":"https:\/\/turismopatagonia.ar\/product\/paquete-promocional-3-dias-de-excursion#primaryimage"},"thumbnailUrl":"https:\/\/turismopatagonia.ar\/wp-content\/uploads\/2025\/04\/6-C-FF35A46-FB40-4B33-A630-57A6236D2E8A-scaled.jpg","datePublished":"2025-04-12T21:07:57+00:00","dateModified":"2026-04-08T19:29:32+00:00","description":"Promo\u00e7\u00e3o econ\u00f4mica de 3 dias em Bariloche. Inclui excurs\u00f5es a San Martin de los Andes, Tronador e Circuito Chico. Ideal para aproveitar mais gastando menos.","breadcrumb":{"@id":"https:\/\/turismopatagonia.ar\/product\/paquete-promocional-3-dias-de-excursion#breadcrumb"},"inLanguage":"pt-BR","potentialAction":[{"@type":"ReadAction","target":["https:\/\/turismopatagonia.ar\/product\/paquete-promocional-3-dias-de-excursion"]}]},{"@type":"ImageObject","inLanguage":"pt-BR","@id":"https:\/\/turismopatagonia.ar\/product\/paquete-promocional-3-dias-de-excursion#primaryimage","url":"https:\/\/turismopatagonia.ar\/wp-content\/uploads\/2025\/04\/6-C-FF35A46-FB40-4B33-A630-57A6236D2E8A-scaled.jpg","contentUrl":"https:\/\/turismopatagonia.ar\/wp-content\/uploads\/2025\/04\/6-C-FF35A46-FB40-4B33-A630-57A6236D2E8A-scaled.jpg","width":1920,"height":2560,"caption":"Processed with VSCO with hb1 preset"},{"@type":"BreadcrumbList","@id":"https:\/\/turismopatagonia.ar\/product\/paquete-promocional-3-dias-de-excursion#breadcrumb","itemListElement":[{"@type":"ListItem","position":1,"name":"Home","item":"https:\/\/turismopatagonia.ar\/"},{"@type":"ListItem","position":2,"name":"Shop","item":"https:\/\/turismopatagonia.ar\/shop"},{"@type":"ListItem","position":3,"name":"Promo 3 D\u00edas Bariloche \u2013 Conoc\u00e9 M\u00e1s, Gast\u00e1 Menos"}]},{"@type":"WebSite","@id":"https:\/\/turismopatagonia.ar\/#website","url":"https:\/\/turismopatagonia.ar\/","name":"Turismo na Patag\u00f4nia Bariloche","description":"Descubra a beleza da Patag\u00f4nia: guias, atividades e destinos tur\u00edsticos em Bariloche e arredores.","publisher":{"@id":"https:\/\/turismopatagonia.ar\/#organization"},"potentialAction":[{"@type":"SearchAction","target":{"@type":"EntryPoint","urlTemplate":"https:\/\/turismopatagonia.ar\/?s={search_term_string}"},"query-input":{"@type":"PropertyValueSpecification","valueRequired":true,"valueName":"search_term_string"}}],"inLanguage":"pt-BR"},{"@type":"Organization","@id":"https:\/\/turismopatagonia.ar\/#organization","name":"Turismo na Patag\u00f4nia Bariloche","url":"https:\/\/turismopatagonia.ar\/","logo":{"@type":"ImageObject","inLanguage":"pt-BR","@id":"https:\/\/turismopatagonia.ar\/#\/schema\/logo\/image\/","url":"https:\/\/turismopatagonia.ar\/wp-content\/uploads\/2023\/04\/logo-tirismo-copia.png","contentUrl":"https:\/\/turismopatagonia.ar\/wp-content\/uploads\/2023\/04\/logo-tirismo-copia.png","width":270,"height":100,"caption":"Turismo en Patagonia Bariloche"},"image":{"@id":"https:\/\/turismopatagonia.ar\/#\/schema\/logo\/image\/"}}]},"product_price_amount":"156000.00","product_price_currency":"ARS","og_availability":"instock","product_availability":"instock","product_retailer_item_id":"ADV2025PAPRDE20W5","product_condition":"new"},"_links":{"self":[{"href":"https:\/\/turismopatagonia.ar\/pt\/wp-json\/wp\/v2\/product\/377154","targetHints":{"allow":["GET"]}}],"collection":[{"href":"https:\/\/turismopatagonia.ar\/pt\/wp-json\/wp\/v2\/product"}],"about":[{"href":"https:\/\/turismopatagonia.ar\/pt\/wp-json\/wp\/v2\/types\/product"}],"replies":[{"embeddable":true,"href":"https:\/\/turismopatagonia.ar\/pt\/wp-json\/wp\/v2\/comments?post=377154"}],"wp:featuredmedia":[{"embeddable":true,"href":"https:\/\/turismopatagonia.ar\/pt\/wp-json\/wp\/v2\/media\/377673"}],"wp:attachment":[{"href":"https:\/\/turismopatagonia.ar\/pt\/wp-json\/wp\/v2\/media?parent=377154"}],"wp:term":[{"taxonomy":"product_brand","embeddable":true,"href":"https:\/\/turismopatagonia.ar\/pt\/wp-json\/wp\/v2\/product_brand?post=377154"},{"taxonomy":"product_cat","embeddable":true,"href":"https:\/\/turismopatagonia.ar\/pt\/wp-json\/wp\/v2\/product_cat?post=377154"},{"taxonomy":"product_tag","embeddable":true,"href":"https:\/\/turismopatagonia.ar\/pt\/wp-json\/wp\/v2\/product_tag?post=377154"}],"curies":[{"name":"wp","href":"https:\/\/api.w.org\/{rel}","templated":true}]}}