{"id":377155,"date":"2025-04-12T18:08:13","date_gmt":"2025-04-12T21:08:13","guid":{"rendered":"https:\/\/turismopatagonia.ar\/?post_type=product&#038;p=377155"},"modified":"2026-04-08T16:30:55","modified_gmt":"2026-04-08T19:30:55","slug":"isla-victoria-y-bosque-de-arrayanes-con-traslado","status":"publish","type":"product","link":"https:\/\/turismopatagonia.ar\/pt\/product\/ilha-de-victoria-e-floresta-de-arrayanes-com-traslado","title":{"rendered":"Explore a Ilha Victoria e a Floresta de Arrayanes com o melhor pre\u00e7o - com traslado"},"content":{"rendered":"<h2 data-start=\"142\" data-end=\"217\"><strong data-start=\"145\" data-end=\"215\">Isla Victoria e Bosque de Arrayanes - Natureza sem gastar muito<\/strong><\/h2>\n<p data-start=\"218\" data-end=\"267\">Natureza e caminhadas acess\u00edveis para toda a fam\u00edlia<\/p>\n<p data-start=\"269\" data-end=\"485\">Uma das excurs\u00f5es mais cl\u00e1ssicas de Bariloche, ideal para quem quer desfrutar da natureza sem complica\u00e7\u00f5es. Inclui navega\u00e7\u00e3o, caminhadas e vistas inesquec\u00edveis em um passeio completo e com o melhor pre\u00e7o.<\/p>\n<h3 data-start=\"487\" data-end=\"517\">O que a experi\u00eancia inclui<\/h3>\n<p data-start=\"519\" data-end=\"751\">A excurs\u00e3o inclui navega\u00e7\u00e3o a partir de Puerto Pa\u00f1uelo no Lago Nahuel Huapi, uma visita \u00e0 Floresta de Arrayanes na Pen\u00ednsula de Quetrihu\u00e9 e uma caminhada guiada pelas trilhas da Isla Victoria. Tudo acompanhado por guias especializados.<\/p>\n<p>Traslado dos pontos de encontro, dependendo da localiza\u00e7\u00e3o de sua acomoda\u00e7\u00e3o, do centro at\u00e9 o km 20 da Av. Bustillo.<\/p>\n<p data-start=\"753\" data-end=\"891\">A alimenta\u00e7\u00e3o e as taxas de entrada no Parque Nacional Nahuel Huapi n\u00e3o est\u00e3o inclu\u00eddas e devem ser pagas no momento do embarque.<\/p>\n<h3 data-start=\"893\" data-end=\"926\">Desfrute de uma caminhada sem curvas e reviravoltas<\/h3>\n<p data-start=\"928\" data-end=\"1162\">A atividade come\u00e7a com o embarque em Puerto Pa\u00f1uelo e uma navega\u00e7\u00e3o panor\u00e2mica por paisagens patag\u00f4nicas \u00fanicas. O primeiro destino \u00e9 a Floresta de Arrayanes, famosa por suas \u00e1rvores de casca de canela, \u00fanicas no mundo.<\/p>\n<p data-start=\"1164\" data-end=\"1399\">Em seguida, a viagem continua at\u00e9 a Ilha Victoria, onde voc\u00ea caminhar\u00e1 por trilhas cercadas de mata nativa e mirantes com vista para o lago. A viagem combina natureza, tranquilidade e uma organiza\u00e7\u00e3o projetada para que voc\u00ea n\u00e3o tenha que se preocupar com nada.<\/p>\n<h3 data-start=\"1401\" data-end=\"1425\">Perguntas frequentes<\/h3>\n<p data-start=\"1427\" data-end=\"1613\"><strong data-start=\"1427\" data-end=\"1450\">De onde eles v\u00eam?<\/strong><br data-start=\"1450\" data-end=\"1453\" \/>A sa\u00edda \u00e9 do centro de Bariloche. Coordenamos os pontos de encontro de acordo com a localiza\u00e7\u00e3o de sua acomoda\u00e7\u00e3o, desde o centro da cidade at\u00e9 o km 20 da Avenida Bustillo.<\/p>\n<p data-start=\"1615\" data-end=\"1747\"><strong data-start=\"1615\" data-end=\"1650\">Qual \u00e9 o valor da taxa?<\/strong><br data-start=\"1650\" data-end=\"1653\" \/>As taxas devem ser pagas em Puerto Pa\u00f1uelo no dia da excurs\u00e3o. Elas n\u00e3o est\u00e3o inclu\u00eddas no pre\u00e7o.<\/p>\n<p data-start=\"1749\" data-end=\"1853\"><strong data-start=\"1749\" data-end=\"1777\">\u00c9 poss\u00edvel levar comida?<\/strong><br data-start=\"1777\" data-end=\"1780\" \/>Sim, voc\u00ea pode levar seu pr\u00f3prio lanche ou comprar algo no barco ou nos paradores.<\/p>\n<p data-start=\"1855\" data-end=\"1953\"><strong data-start=\"1855\" data-end=\"1886\">\u00c9 uma excurs\u00e3o exigente?<\/strong><br data-start=\"1886\" data-end=\"1889\" \/>N\u00e3o, \u00e9 uma caminhada simples, projetada para todos.<\/p>","protected":false},"excerpt":{"rendered":"<p>Descubra uma viagem exclusiva para <strong>Ilha Victoria<\/strong> e o <strong>Floresta Myrtle<\/strong>, A majestosa natureza patag\u00f4nica \u00e9 combinada com o conforto de um traslado inclu\u00eddo. Navegue por paisagens \u00fanicas e caminhe por trilhas que o conectam com a hist\u00f3ria e a beleza natural da regi\u00e3o, venha viver a aventura com que sempre sonhou!<\/p>","protected":false},"featured_media":377677,"comment_status":"open","ping_status":"closed","template":"","meta":[],"product_brand":[],"product_cat":[37,41,42,51,52,46,48,54],"product_tag":[],"class_list":{"0":"post-377155","1":"product","2":"type-product","3":"status-publish","4":"has-post-thumbnail","6":"product_cat-adultos","7":"product_cat-con-traslado","8":"product_cat-familia","9":"product_cat-jubilados","10":"product_cat-lacustre","11":"product_cat-ninos","12":"product_cat-sin-comida","13":"product_cat-todo-el-ano","15":"first","16":"instock","17":"virtual","18":"sold-individually","19":"purchasable","20":"product-type-booking"},"booking_location":"","booking_location_type":"","booking_duration":60,"booking_duration_unit":"minute","booking_buffer":0,"booking_cost":0,"booking_resources":[],"exclude_global_add_ons":false,"addons":[{"name":"ADU: Adulto","type":"input_multiplier","position":0,"required":false,"title_format":"label","default":"","description_enable":false,"description":"","placeholder_enable":false,"placeholder":"","display":"select","restrictions_type":"any_text","adjust_price":true,"price":"158000","price_type":"quantity_based","restrictions":false,"min":"0","max":"0","options":[],"id":1773234582},{"name":"MEN512 | 5 a 12","type":"input_multiplier","position":1,"required":false,"title_format":"label","default":"","description_enable":false,"description":"","placeholder_enable":false,"placeholder":"","display":"select","restrictions_type":"any_text","adjust_price":true,"price":"92000","price_type":"quantity_based","restrictions":false,"min":"0","max":"0","options":[],"id":1773234583},{"name":"ADUJ : Aposentado","type":"input_multiplier","position":2,"required":false,"title_format":"label","default":"","description_enable":false,"description":"","placeholder_enable":false,"placeholder":"","display":"select","restrictions_type":"any_text","adjust_price":true,"price":"92000","price_type":"quantity_based","restrictions":false,"min":"0","max":"0","options":[],"id":1773234584}],"yoast_head":"<!-- This site is optimized with the Yoast SEO Premium plugin v24.5 (Yoast SEO v24.8) - https:\/\/yoast.com\/wordpress\/plugins\/seo\/ -->\n<title>Explor\u00e1 Isla Victoria y el Bosque de Arrayanes al mejor precio- con Traslado - Turismo en Patagonia Bariloche<\/title>\n<meta name=\"description\" content=\"Excursi\u00f3n econ\u00f3mica a Isla Victoria y Bosque de Arrayanes. Incluye navegaci\u00f3n y caminata guiada. Ideal para disfrutar la Patagonia sin gastar de m\u00e1s.\" \/>\n<meta name=\"robots\" content=\"index, follow, max-snippet:-1, max-image-preview:large, max-video-preview:-1\" \/>\n<link rel=\"canonical\" href=\"https:\/\/turismopatagonia.ar\/pt\/product\/ilha-de-victoria-e-floresta-de-arrayanes-com-traslado\/\" \/>\n<meta property=\"og:locale\" content=\"pt_BR\" \/>\n<meta property=\"og:type\" content=\"article\" \/>\n<meta property=\"og:title\" content=\"Explor\u00e1 Isla Victoria y el Bosque de Arrayanes al mejor precio- con Traslado\" \/>\n<meta property=\"og:description\" content=\"Excursi\u00f3n econ\u00f3mica a Isla Victoria y Bosque de Arrayanes. Incluye navegaci\u00f3n y caminata guiada. Ideal para disfrutar la Patagonia sin gastar de m\u00e1s.\" \/>\n<meta property=\"og:url\" content=\"https:\/\/turismopatagonia.ar\/pt\/product\/ilha-de-victoria-e-floresta-de-arrayanes-com-traslado\/\" \/>\n<meta property=\"og:site_name\" content=\"Turismo en Patagonia Bariloche\" \/>\n<meta property=\"article:modified_time\" content=\"2026-04-08T19:30:55+00:00\" \/>\n<meta property=\"og:image\" content=\"https:\/\/turismopatagonia.ar\/wp-content\/uploads\/2025\/04\/6-C-IMG_0348-scaled.jpg\" \/>\n\t<meta property=\"og:image:width\" content=\"1920\" \/>\n\t<meta property=\"og:image:height\" content=\"2560\" \/>\n\t<meta property=\"og:image:type\" content=\"image\/jpeg\" \/>\n<meta name=\"twitter:card\" content=\"summary_large_image\" \/>\n<meta name=\"twitter:label1\" content=\"Pre\u00e7o\" \/>\n\t<meta name=\"twitter:data1\" content=\"&#036;&nbsp;158.000,00\" \/>\n\t<meta name=\"twitter:label2\" content=\"Disponibilidade\" \/>\n\t<meta name=\"twitter:data2\" content=\"Em Estoque\" \/>\n<script type=\"application\/ld+json\" class=\"yoast-schema-graph\">{\"@context\":\"https:\/\/schema.org\",\"@graph\":[{\"@type\":[\"WebPage\",\"ItemPage\"],\"@id\":\"https:\/\/turismopatagonia.ar\/product\/isla-victoria-y-bosque-de-arrayanes-con-traslado\",\"url\":\"https:\/\/turismopatagonia.ar\/product\/isla-victoria-y-bosque-de-arrayanes-con-traslado\",\"name\":\"Explor\u00e1 Isla Victoria y el Bosque de Arrayanes al mejor precio- con Traslado - Turismo en Patagonia Bariloche\",\"isPartOf\":{\"@id\":\"https:\/\/turismopatagonia.ar\/#website\"},\"primaryImageOfPage\":{\"@id\":\"https:\/\/turismopatagonia.ar\/product\/isla-victoria-y-bosque-de-arrayanes-con-traslado#primaryimage\"},\"image\":{\"@id\":\"https:\/\/turismopatagonia.ar\/product\/isla-victoria-y-bosque-de-arrayanes-con-traslado#primaryimage\"},\"thumbnailUrl\":\"https:\/\/turismopatagonia.ar\/wp-content\/uploads\/2025\/04\/6-C-IMG_0348-scaled.jpg\",\"datePublished\":\"2025-04-12T21:08:13+00:00\",\"dateModified\":\"2026-04-08T19:30:55+00:00\",\"description\":\"Excursi\u00f3n econ\u00f3mica a Isla Victoria y Bosque de Arrayanes. Incluye navegaci\u00f3n y caminata guiada. Ideal para disfrutar la Patagonia sin gastar de m\u00e1s.\",\"breadcrumb\":{\"@id\":\"https:\/\/turismopatagonia.ar\/product\/isla-victoria-y-bosque-de-arrayanes-con-traslado#breadcrumb\"},\"inLanguage\":\"pt-BR\",\"potentialAction\":[{\"@type\":\"ReadAction\",\"target\":[\"https:\/\/turismopatagonia.ar\/product\/isla-victoria-y-bosque-de-arrayanes-con-traslado\"]}]},{\"@type\":\"ImageObject\",\"inLanguage\":\"pt-BR\",\"@id\":\"https:\/\/turismopatagonia.ar\/product\/isla-victoria-y-bosque-de-arrayanes-con-traslado#primaryimage\",\"url\":\"https:\/\/turismopatagonia.ar\/wp-content\/uploads\/2025\/04\/6-C-IMG_0348-scaled.jpg\",\"contentUrl\":\"https:\/\/turismopatagonia.ar\/wp-content\/uploads\/2025\/04\/6-C-IMG_0348-scaled.jpg\",\"width\":1920,\"height\":2560},{\"@type\":\"BreadcrumbList\",\"@id\":\"https:\/\/turismopatagonia.ar\/product\/isla-victoria-y-bosque-de-arrayanes-con-traslado#breadcrumb\",\"itemListElement\":[{\"@type\":\"ListItem\",\"position\":1,\"name\":\"Home\",\"item\":\"https:\/\/turismopatagonia.ar\/\"},{\"@type\":\"ListItem\",\"position\":2,\"name\":\"Shop\",\"item\":\"https:\/\/turismopatagonia.ar\/shop\"},{\"@type\":\"ListItem\",\"position\":3,\"name\":\"Explor\u00e1 Isla Victoria y el Bosque de Arrayanes al mejor precio- con Traslado\"}]},{\"@type\":\"WebSite\",\"@id\":\"https:\/\/turismopatagonia.ar\/#website\",\"url\":\"https:\/\/turismopatagonia.ar\/\",\"name\":\"Turismo en Patagonia Bariloche\",\"description\":\"Descubre la belleza de la Patagonia: gu\u00edas, actividades y destinos tur\u00edsticos en Bariloche y alrededores.\",\"publisher\":{\"@id\":\"https:\/\/turismopatagonia.ar\/#organization\"},\"potentialAction\":[{\"@type\":\"SearchAction\",\"target\":{\"@type\":\"EntryPoint\",\"urlTemplate\":\"https:\/\/turismopatagonia.ar\/?s={search_term_string}\"},\"query-input\":{\"@type\":\"PropertyValueSpecification\",\"valueRequired\":true,\"valueName\":\"search_term_string\"}}],\"inLanguage\":\"pt-BR\"},{\"@type\":\"Organization\",\"@id\":\"https:\/\/turismopatagonia.ar\/#organization\",\"name\":\"Turismo en Patagonia Bariloche\",\"url\":\"https:\/\/turismopatagonia.ar\/\",\"logo\":{\"@type\":\"ImageObject\",\"inLanguage\":\"pt-BR\",\"@id\":\"https:\/\/turismopatagonia.ar\/#\/schema\/logo\/image\/\",\"url\":\"https:\/\/turismopatagonia.ar\/wp-content\/uploads\/2023\/04\/logo-tirismo-copia.png\",\"contentUrl\":\"https:\/\/turismopatagonia.ar\/wp-content\/uploads\/2023\/04\/logo-tirismo-copia.png\",\"width\":270,\"height\":100,\"caption\":\"Turismo en Patagonia Bariloche\"},\"image\":{\"@id\":\"https:\/\/turismopatagonia.ar\/#\/schema\/logo\/image\/\"}}]}<\/script>\n<meta property=\"product:price:amount\" content=\"158000.00\" \/>\n<meta property=\"product:price:currency\" content=\"ARS\" \/>\n<meta property=\"og:availability\" content=\"instock\" \/>\n<meta property=\"product:availability\" content=\"instock\" \/>\n<meta property=\"product:retailer_item_id\" content=\"ADV2025ISVIYBMX11\" \/>\n<meta property=\"product:condition\" content=\"new\" \/>\n<!-- \/ Yoast SEO Premium plugin. -->","yoast_head_json":{"title":"Explore a Isla Victoria e o Bosque de Arrayanes com o melhor pre\u00e7o - com traslado - Turismo na Patag\u00f4nia Bariloche","description":"Excurs\u00e3o econ\u00f4mica \u00e0 Ilha Victoria e \u00e0 Floresta de Arrayanes. Inclui navega\u00e7\u00e3o e caminhada guiada. Ideal para desfrutar da Patag\u00f4nia sem gastar muito.","robots":{"index":"index","follow":"follow","max-snippet":"max-snippet:-1","max-image-preview":"max-image-preview:large","max-video-preview":"max-video-preview:-1"},"canonical":"https:\/\/turismopatagonia.ar\/pt\/product\/ilha-de-victoria-e-floresta-de-arrayanes-com-traslado\/","og_locale":"pt_BR","og_type":"article","og_title":"Explor\u00e1 Isla Victoria y el Bosque de Arrayanes al mejor precio- con Traslado","og_description":"Excursi\u00f3n econ\u00f3mica a Isla Victoria y Bosque de Arrayanes. Incluye navegaci\u00f3n y caminata guiada. Ideal para disfrutar la Patagonia sin gastar de m\u00e1s.","og_url":"https:\/\/turismopatagonia.ar\/pt\/product\/ilha-de-victoria-e-floresta-de-arrayanes-com-traslado\/","og_site_name":"Turismo en Patagonia Bariloche","article_modified_time":"2026-04-08T19:30:55+00:00","og_image":[{"width":1920,"height":2560,"url":"https:\/\/turismopatagonia.ar\/wp-content\/uploads\/2025\/04\/6-C-IMG_0348-scaled.jpg","type":"image\/jpeg"}],"twitter_card":"summary_large_image","twitter_misc":{"Pre\u00e7o":"&#36;&nbsp;158.000,00","Disponibilidade":"Em Estoque"},"schema":{"@context":"https:\/\/schema.org","@graph":[{"@type":["WebPage","ItemPage"],"@id":"https:\/\/turismopatagonia.ar\/product\/isla-victoria-y-bosque-de-arrayanes-con-traslado","url":"https:\/\/turismopatagonia.ar\/product\/isla-victoria-y-bosque-de-arrayanes-con-traslado","name":"Explore a Isla Victoria e o Bosque de Arrayanes com o melhor pre\u00e7o - com traslado - Turismo na Patag\u00f4nia Bariloche","isPartOf":{"@id":"https:\/\/turismopatagonia.ar\/#website"},"primaryImageOfPage":{"@id":"https:\/\/turismopatagonia.ar\/product\/isla-victoria-y-bosque-de-arrayanes-con-traslado#primaryimage"},"image":{"@id":"https:\/\/turismopatagonia.ar\/product\/isla-victoria-y-bosque-de-arrayanes-con-traslado#primaryimage"},"thumbnailUrl":"https:\/\/turismopatagonia.ar\/wp-content\/uploads\/2025\/04\/6-C-IMG_0348-scaled.jpg","datePublished":"2025-04-12T21:08:13+00:00","dateModified":"2026-04-08T19:30:55+00:00","description":"Excurs\u00e3o econ\u00f4mica \u00e0 Ilha Victoria e \u00e0 Floresta de Arrayanes. Inclui navega\u00e7\u00e3o e caminhada guiada. Ideal para desfrutar da Patag\u00f4nia sem gastar muito.","breadcrumb":{"@id":"https:\/\/turismopatagonia.ar\/product\/isla-victoria-y-bosque-de-arrayanes-con-traslado#breadcrumb"},"inLanguage":"pt-BR","potentialAction":[{"@type":"ReadAction","target":["https:\/\/turismopatagonia.ar\/product\/isla-victoria-y-bosque-de-arrayanes-con-traslado"]}]},{"@type":"ImageObject","inLanguage":"pt-BR","@id":"https:\/\/turismopatagonia.ar\/product\/isla-victoria-y-bosque-de-arrayanes-con-traslado#primaryimage","url":"https:\/\/turismopatagonia.ar\/wp-content\/uploads\/2025\/04\/6-C-IMG_0348-scaled.jpg","contentUrl":"https:\/\/turismopatagonia.ar\/wp-content\/uploads\/2025\/04\/6-C-IMG_0348-scaled.jpg","width":1920,"height":2560},{"@type":"BreadcrumbList","@id":"https:\/\/turismopatagonia.ar\/product\/isla-victoria-y-bosque-de-arrayanes-con-traslado#breadcrumb","itemListElement":[{"@type":"ListItem","position":1,"name":"Home","item":"https:\/\/turismopatagonia.ar\/"},{"@type":"ListItem","position":2,"name":"Shop","item":"https:\/\/turismopatagonia.ar\/shop"},{"@type":"ListItem","position":3,"name":"Explor\u00e1 Isla Victoria y el Bosque de Arrayanes al mejor precio- con Traslado"}]},{"@type":"WebSite","@id":"https:\/\/turismopatagonia.ar\/#website","url":"https:\/\/turismopatagonia.ar\/","name":"Turismo na Patag\u00f4nia Bariloche","description":"Descubra a beleza da Patag\u00f4nia: guias, atividades e destinos tur\u00edsticos em Bariloche e arredores.","publisher":{"@id":"https:\/\/turismopatagonia.ar\/#organization"},"potentialAction":[{"@type":"SearchAction","target":{"@type":"EntryPoint","urlTemplate":"https:\/\/turismopatagonia.ar\/?s={search_term_string}"},"query-input":{"@type":"PropertyValueSpecification","valueRequired":true,"valueName":"search_term_string"}}],"inLanguage":"pt-BR"},{"@type":"Organization","@id":"https:\/\/turismopatagonia.ar\/#organization","name":"Turismo na Patag\u00f4nia Bariloche","url":"https:\/\/turismopatagonia.ar\/","logo":{"@type":"ImageObject","inLanguage":"pt-BR","@id":"https:\/\/turismopatagonia.ar\/#\/schema\/logo\/image\/","url":"https:\/\/turismopatagonia.ar\/wp-content\/uploads\/2023\/04\/logo-tirismo-copia.png","contentUrl":"https:\/\/turismopatagonia.ar\/wp-content\/uploads\/2023\/04\/logo-tirismo-copia.png","width":270,"height":100,"caption":"Turismo en Patagonia Bariloche"},"image":{"@id":"https:\/\/turismopatagonia.ar\/#\/schema\/logo\/image\/"}}]},"product_price_amount":"158000.00","product_price_currency":"ARS","og_availability":"instock","product_availability":"instock","product_retailer_item_id":"ADV2025ISVIYBMX11","product_condition":"new"},"_links":{"self":[{"href":"https:\/\/turismopatagonia.ar\/pt\/wp-json\/wp\/v2\/product\/377155","targetHints":{"allow":["GET"]}}],"collection":[{"href":"https:\/\/turismopatagonia.ar\/pt\/wp-json\/wp\/v2\/product"}],"about":[{"href":"https:\/\/turismopatagonia.ar\/pt\/wp-json\/wp\/v2\/types\/product"}],"replies":[{"embeddable":true,"href":"https:\/\/turismopatagonia.ar\/pt\/wp-json\/wp\/v2\/comments?post=377155"}],"wp:featuredmedia":[{"embeddable":true,"href":"https:\/\/turismopatagonia.ar\/pt\/wp-json\/wp\/v2\/media\/377677"}],"wp:attachment":[{"href":"https:\/\/turismopatagonia.ar\/pt\/wp-json\/wp\/v2\/media?parent=377155"}],"wp:term":[{"taxonomy":"product_brand","embeddable":true,"href":"https:\/\/turismopatagonia.ar\/pt\/wp-json\/wp\/v2\/product_brand?post=377155"},{"taxonomy":"product_cat","embeddable":true,"href":"https:\/\/turismopatagonia.ar\/pt\/wp-json\/wp\/v2\/product_cat?post=377155"},{"taxonomy":"product_tag","embeddable":true,"href":"https:\/\/turismopatagonia.ar\/pt\/wp-json\/wp\/v2\/product_tag?post=377155"}],"curies":[{"name":"wp","href":"https:\/\/api.w.org\/{rel}","templated":true}]}}