{"id":377156,"date":"2025-04-12T18:08:29","date_gmt":"2025-04-12T21:08:29","guid":{"rendered":"https:\/\/turismopatagonia.ar\/?post_type=product&#038;p=377156"},"modified":"2026-04-08T16:29:32","modified_gmt":"2026-04-08T19:29:32","slug":"puerto-blest-cascada-los-cantaros-traslado","status":"publish","type":"product","link":"https:\/\/turismopatagonia.ar\/pt\/product\/puerto-blest-waterfall-los-cantaros-transfer","title":{"rendered":"Puerto Blest e cachoeira Los C\u00e1ntaros com traslado inclu\u00eddo."},"content":{"rendered":"<h3 data-start=\"726\" data-end=\"774\">Uma maneira simples de aproveitar a Patag\u00f4nia<\/h3>\n<p data-start=\"775\" data-end=\"1008\">Esse passeio come\u00e7a com um traslado do centro de Bariloche ou das \u00e1reas pr\u00f3ximas at\u00e9 Puerto Pa\u00f1uelo. De l\u00e1, embarcamos em um catamar\u00e3 para navegar pelo Brazo Blest do Lago Nahuel Huapi, cercado por montanhas, florestas e ar puro.<\/p>\n<p data-start=\"1010\" data-end=\"1250\">Durante a navega\u00e7\u00e3o, voc\u00ea passar\u00e1 pela ilhota Centinela e chegar\u00e1 a Puerto Blest, onde ter\u00e1 tempo para caminhar at\u00e9 a cachoeira Los C\u00e1ntaros por um caminho com passarelas de madeira. A caminhada \u00e9 curta e adequada para todos os tipos de visitantes.<\/p>\n<p data-start=\"1252\" data-end=\"1457\">Se desejar, voc\u00ea pode adicionar opcionalmente a navega\u00e7\u00e3o at\u00e9 o Lago Frias, famoso por suas \u00e1guas verdes. \u00c9 um passeio econ\u00f4mico e descomplicado, perfeito para quem quer aproveitar ao m\u00e1ximo o dia.<\/p>\n<h3 data-start=\"527\" data-end=\"551\">Destaques da caminhada<\/h3>\n<ul data-start=\"552\" data-end=\"719\">\n<li data-start=\"552\" data-end=\"604\">\n<p data-start=\"554\" data-end=\"604\">Inclui traslado de Bariloche at\u00e9 o porto.<\/p>\n<\/li>\n<li data-start=\"605\" data-end=\"668\">\n<p data-start=\"607\" data-end=\"668\">Navega\u00e7\u00e3o no lago Nahuel Huapi e caminhada at\u00e9 a cachoeira.<\/p>\n<\/li>\n<li data-start=\"669\" data-end=\"719\">\n<p data-start=\"671\" data-end=\"719\">Possibilidade de adicionar uma visita ao Lago Frias.<\/p>\n<h3 data-start=\"1464\" data-end=\"1490\">Informa\u00e7\u00f5es pr\u00e1ticas<\/h3>\n<p data-start=\"1491\" data-end=\"1542\"><strong data-start=\"1491\" data-end=\"1503\">Hor\u00e1rio:<\/strong> das 9:00 \u00e0s 18:00 horas.<br data-start=\"1525\" data-end=\"1528\" \/><strong data-start=\"1528\" data-end=\"1540\">Ele inclui:<\/strong><\/p>\n<ul data-start=\"1543\" data-end=\"1662\">\n<li data-start=\"1543\" data-end=\"1600\">\n<p data-start=\"1545\" data-end=\"1600\">Traslado de ida e volta de Bariloche para o porto.<\/p>\n<\/li>\n<li data-start=\"1601\" data-end=\"1632\">\n<p data-start=\"1603\" data-end=\"1632\">Passeio de catamar\u00e3 com guia.<\/p>\n<\/li>\n<li data-start=\"1633\" data-end=\"1662\">\n<p data-start=\"1635\" data-end=\"1662\">Caminhe at\u00e9 a cachoeira.<\/p>\n<\/li>\n<\/ul>\n<p data-start=\"1664\" data-end=\"1681\"><strong data-start=\"1664\" data-end=\"1679\">N\u00e3o inclu\u00eddo:<\/strong><\/p>\n<ul data-start=\"1682\" data-end=\"1859\">\n<li data-start=\"1682\" data-end=\"1721\">\n<p data-start=\"1684\" data-end=\"1721\">Taxas de entrada no Parque Nacional.<\/p>\n<\/li>\n<li data-start=\"1722\" data-end=\"1742\">\n<p data-start=\"1724\" data-end=\"1742\">Taxa de remessa.<\/p>\n<\/li>\n<li data-start=\"1743\" data-end=\"1805\">\n<p data-start=\"1745\" data-end=\"1805\">Refei\u00e7\u00f5es (voc\u00ea pode levar uma marmita ou compr\u00e1-la em Puerto Blest).<\/p>\n<\/li>\n<li data-start=\"1806\" data-end=\"1859\">\n<p data-start=\"1808\" data-end=\"1859\">Navega\u00e7\u00e3o para o Lago Frias (opcional, a ser pago separadamente).<\/p>\n<\/li>\n<\/ul>\n<h3 data-start=\"1866\" data-end=\"1892\">Perguntas frequentes<\/h3>\n<p data-start=\"1893\" data-end=\"1986\"><strong data-start=\"1893\" data-end=\"1924\">\u00c9 uma excurs\u00e3o exigente?<\/strong><br data-start=\"1924\" data-end=\"1927\" \/>N\u00e3o. \u00c9 uma regi\u00e3o tranquila, com caminhadas f\u00e1ceis e bem sinalizadas.<\/p>\n<p data-start=\"1988\" data-end=\"2078\"><strong data-start=\"1988\" data-end=\"2009\">O que vestir?<\/strong><br data-start=\"2009\" data-end=\"2012\" \/>Roupas confort\u00e1veis, agasalhos e cal\u00e7ados fechados. No ver\u00e3o, protetor solar.<\/p>\n<p data-start=\"2080\" data-end=\"2173\"><strong data-start=\"2080\" data-end=\"2105\">\u00c9 necess\u00e1rio fazer uma reserva?<\/strong><br data-start=\"2105\" data-end=\"2108\" \/>Sim, recomendamos reservar com anteced\u00eancia para garantir seu lugar.<\/p>\n<p data-start=\"2175\" data-end=\"2275\"><strong data-start=\"2175\" data-end=\"2203\">Posso levar minha pr\u00f3pria comida?<\/strong><br data-start=\"2203\" data-end=\"2206\" \/>Sim, voc\u00ea pode levar comida. H\u00e1 tamb\u00e9m um restaurante no destino.<\/p>\n<\/li>\n<\/ul>","protected":false},"excerpt":{"rendered":"<p data-start=\"2507\" data-end=\"2666\">Viagem de Bariloche com traslado inclu\u00eddo. Inclui navega\u00e7\u00e3o, caminhada at\u00e9 a cachoeira Los C\u00e1ntaros e op\u00e7\u00e3o do Lago Fr\u00edas. Uma excurs\u00e3o acess\u00edvel e completa.<\/p>","protected":false},"featured_media":377680,"comment_status":"open","ping_status":"closed","template":"","meta":[],"product_brand":[],"product_cat":[37,41,42,51,52,46,48,54],"product_tag":[],"class_list":{"0":"post-377156","1":"product","2":"type-product","3":"status-publish","4":"has-post-thumbnail","6":"product_cat-adultos","7":"product_cat-con-traslado","8":"product_cat-familia","9":"product_cat-jubilados","10":"product_cat-lacustre","11":"product_cat-ninos","12":"product_cat-sin-comida","13":"product_cat-todo-el-ano","15":"first","16":"instock","17":"virtual","18":"sold-individually","19":"purchasable","20":"product-type-booking"},"booking_location":"","booking_location_type":"","booking_duration":60,"booking_duration_unit":"minute","booking_buffer":0,"booking_cost":0,"booking_resources":[],"exclude_global_add_ons":false,"addons":[{"name":"ADU: Adulto","type":"input_multiplier","position":0,"required":false,"title_format":"label","default":"","description_enable":false,"description":"","placeholder_enable":false,"placeholder":"","display":"select","restrictions_type":"any_text","adjust_price":true,"price":"158000","price_type":"quantity_based","restrictions":false,"min":"0","max":"0","options":[],"id":1773234438},{"name":"MEN512 | 5 a 12","type":"input_multiplier","position":1,"required":false,"title_format":"label","default":"","description_enable":false,"description":"","placeholder_enable":false,"placeholder":"","display":"select","restrictions_type":"any_text","adjust_price":true,"price":"92000","price_type":"quantity_based","restrictions":false,"min":"0","max":"0","options":[],"id":1773234439},{"name":"ADUJ : Aposentado","type":"input_multiplier","position":2,"required":false,"title_format":"label","default":"","description_enable":false,"description":"","placeholder_enable":false,"placeholder":"","display":"select","restrictions_type":"any_text","adjust_price":true,"price":"92000","price_type":"quantity_based","restrictions":false,"min":"0","max":"0","options":[],"id":1773234440}],"yoast_head":"<!-- This site is optimized with the Yoast SEO Premium plugin v24.5 (Yoast SEO v24.8) - https:\/\/yoast.com\/wordpress\/plugins\/seo\/ -->\n<title>Puerto Blest y Cascada Los C\u00e1ntaros con traslado incluido - Turismo en Patagonia Bariloche<\/title>\n<meta name=\"description\" content=\"Excursi\u00f3n econ\u00f3mica a Puerto Blest y Cascada Los C\u00e1ntaros con traslado. Ideal para disfrutar Bariloche sin gastar de m\u00e1s. Incluye navegaci\u00f3n y caminata.\" \/>\n<meta name=\"robots\" content=\"index, follow, max-snippet:-1, max-image-preview:large, max-video-preview:-1\" \/>\n<link rel=\"canonical\" href=\"https:\/\/turismopatagonia.ar\/pt\/product\/puerto-blest-waterfall-los-cantaros-transfer\/\" \/>\n<meta property=\"og:locale\" content=\"pt_BR\" \/>\n<meta property=\"og:type\" content=\"article\" \/>\n<meta property=\"og:title\" content=\"Puerto Blest y Cascada Los C\u00e1ntaros con traslado incluido\" \/>\n<meta property=\"og:description\" content=\"Excursi\u00f3n econ\u00f3mica a Puerto Blest y Cascada Los C\u00e1ntaros con traslado. Ideal para disfrutar Bariloche sin gastar de m\u00e1s. Incluye navegaci\u00f3n y caminata.\" \/>\n<meta property=\"og:url\" content=\"https:\/\/turismopatagonia.ar\/pt\/product\/puerto-blest-waterfall-los-cantaros-transfer\/\" \/>\n<meta property=\"og:site_name\" content=\"Turismo en Patagonia Bariloche\" \/>\n<meta property=\"article:modified_time\" content=\"2026-04-08T19:29:32+00:00\" \/>\n<meta property=\"og:image\" content=\"https:\/\/turismopatagonia.ar\/wp-content\/uploads\/2025\/04\/12-B-412234814_373585895336682_8943540748565541774_n-copia-scaled.jpg\" \/>\n\t<meta property=\"og:image:width\" content=\"1920\" \/>\n\t<meta property=\"og:image:height\" content=\"2560\" \/>\n\t<meta property=\"og:image:type\" content=\"image\/jpeg\" \/>\n<meta name=\"twitter:card\" content=\"summary_large_image\" \/>\n<meta name=\"twitter:label1\" content=\"Pre\u00e7o\" \/>\n\t<meta name=\"twitter:data1\" content=\"&#036;&nbsp;158.000,00\" \/>\n\t<meta name=\"twitter:label2\" content=\"Disponibilidade\" \/>\n\t<meta name=\"twitter:data2\" content=\"Em Estoque\" \/>\n<script type=\"application\/ld+json\" class=\"yoast-schema-graph\">{\"@context\":\"https:\/\/schema.org\",\"@graph\":[{\"@type\":[\"WebPage\",\"ItemPage\"],\"@id\":\"https:\/\/turismopatagonia.ar\/product\/puerto-blest-cascada-los-cantaros-traslado\",\"url\":\"https:\/\/turismopatagonia.ar\/product\/puerto-blest-cascada-los-cantaros-traslado\",\"name\":\"Puerto Blest y Cascada Los C\u00e1ntaros con traslado incluido - Turismo en Patagonia Bariloche\",\"isPartOf\":{\"@id\":\"https:\/\/turismopatagonia.ar\/#website\"},\"primaryImageOfPage\":{\"@id\":\"https:\/\/turismopatagonia.ar\/product\/puerto-blest-cascada-los-cantaros-traslado#primaryimage\"},\"image\":{\"@id\":\"https:\/\/turismopatagonia.ar\/product\/puerto-blest-cascada-los-cantaros-traslado#primaryimage\"},\"thumbnailUrl\":\"https:\/\/turismopatagonia.ar\/wp-content\/uploads\/2025\/04\/12-B-412234814_373585895336682_8943540748565541774_n-copia-scaled.jpg\",\"datePublished\":\"2025-04-12T21:08:29+00:00\",\"dateModified\":\"2026-04-08T19:29:32+00:00\",\"description\":\"Excursi\u00f3n econ\u00f3mica a Puerto Blest y Cascada Los C\u00e1ntaros con traslado. Ideal para disfrutar Bariloche sin gastar de m\u00e1s. Incluye navegaci\u00f3n y caminata.\",\"breadcrumb\":{\"@id\":\"https:\/\/turismopatagonia.ar\/product\/puerto-blest-cascada-los-cantaros-traslado#breadcrumb\"},\"inLanguage\":\"pt-BR\",\"potentialAction\":[{\"@type\":\"ReadAction\",\"target\":[\"https:\/\/turismopatagonia.ar\/product\/puerto-blest-cascada-los-cantaros-traslado\"]}]},{\"@type\":\"ImageObject\",\"inLanguage\":\"pt-BR\",\"@id\":\"https:\/\/turismopatagonia.ar\/product\/puerto-blest-cascada-los-cantaros-traslado#primaryimage\",\"url\":\"https:\/\/turismopatagonia.ar\/wp-content\/uploads\/2025\/04\/12-B-412234814_373585895336682_8943540748565541774_n-copia-scaled.jpg\",\"contentUrl\":\"https:\/\/turismopatagonia.ar\/wp-content\/uploads\/2025\/04\/12-B-412234814_373585895336682_8943540748565541774_n-copia-scaled.jpg\",\"width\":1920,\"height\":2560},{\"@type\":\"BreadcrumbList\",\"@id\":\"https:\/\/turismopatagonia.ar\/product\/puerto-blest-cascada-los-cantaros-traslado#breadcrumb\",\"itemListElement\":[{\"@type\":\"ListItem\",\"position\":1,\"name\":\"Home\",\"item\":\"https:\/\/turismopatagonia.ar\/\"},{\"@type\":\"ListItem\",\"position\":2,\"name\":\"Shop\",\"item\":\"https:\/\/turismopatagonia.ar\/shop\"},{\"@type\":\"ListItem\",\"position\":3,\"name\":\"Puerto Blest y Cascada Los C\u00e1ntaros con traslado incluido\"}]},{\"@type\":\"WebSite\",\"@id\":\"https:\/\/turismopatagonia.ar\/#website\",\"url\":\"https:\/\/turismopatagonia.ar\/\",\"name\":\"Turismo en Patagonia Bariloche\",\"description\":\"Descubre la belleza de la Patagonia: gu\u00edas, actividades y destinos tur\u00edsticos en Bariloche y alrededores.\",\"publisher\":{\"@id\":\"https:\/\/turismopatagonia.ar\/#organization\"},\"potentialAction\":[{\"@type\":\"SearchAction\",\"target\":{\"@type\":\"EntryPoint\",\"urlTemplate\":\"https:\/\/turismopatagonia.ar\/?s={search_term_string}\"},\"query-input\":{\"@type\":\"PropertyValueSpecification\",\"valueRequired\":true,\"valueName\":\"search_term_string\"}}],\"inLanguage\":\"pt-BR\"},{\"@type\":\"Organization\",\"@id\":\"https:\/\/turismopatagonia.ar\/#organization\",\"name\":\"Turismo en Patagonia Bariloche\",\"url\":\"https:\/\/turismopatagonia.ar\/\",\"logo\":{\"@type\":\"ImageObject\",\"inLanguage\":\"pt-BR\",\"@id\":\"https:\/\/turismopatagonia.ar\/#\/schema\/logo\/image\/\",\"url\":\"https:\/\/turismopatagonia.ar\/wp-content\/uploads\/2023\/04\/logo-tirismo-copia.png\",\"contentUrl\":\"https:\/\/turismopatagonia.ar\/wp-content\/uploads\/2023\/04\/logo-tirismo-copia.png\",\"width\":270,\"height\":100,\"caption\":\"Turismo en Patagonia Bariloche\"},\"image\":{\"@id\":\"https:\/\/turismopatagonia.ar\/#\/schema\/logo\/image\/\"}}]}<\/script>\n<meta property=\"product:price:amount\" content=\"158000.00\" \/>\n<meta property=\"product:price:currency\" content=\"ARS\" \/>\n<meta property=\"og:availability\" content=\"instock\" \/>\n<meta property=\"product:availability\" content=\"instock\" \/>\n<meta property=\"product:retailer_item_id\" content=\"ADV2025PUBLYCO2Q8\" \/>\n<meta property=\"product:condition\" content=\"new\" \/>\n<!-- \/ Yoast SEO Premium plugin. -->","yoast_head_json":{"title":"Puerto Blest e Cachoeira Los C\u00e1ntaros com traslado inclu\u00eddo - Turismo en Patagonia Bariloche","description":"Excurs\u00e3o econ\u00f4mica a Puerto Blest e \u00e0 cachoeira Los C\u00e1ntaros com traslado. Ideal para aproveitar Bariloche sem gastar muito. Inclui navega\u00e7\u00e3o e caminhadas.","robots":{"index":"index","follow":"follow","max-snippet":"max-snippet:-1","max-image-preview":"max-image-preview:large","max-video-preview":"max-video-preview:-1"},"canonical":"https:\/\/turismopatagonia.ar\/pt\/product\/puerto-blest-waterfall-los-cantaros-transfer\/","og_locale":"pt_BR","og_type":"article","og_title":"Puerto Blest y Cascada Los C\u00e1ntaros con traslado incluido","og_description":"Excursi\u00f3n econ\u00f3mica a Puerto Blest y Cascada Los C\u00e1ntaros con traslado. Ideal para disfrutar Bariloche sin gastar de m\u00e1s. Incluye navegaci\u00f3n y caminata.","og_url":"https:\/\/turismopatagonia.ar\/pt\/product\/puerto-blest-waterfall-los-cantaros-transfer\/","og_site_name":"Turismo en Patagonia Bariloche","article_modified_time":"2026-04-08T19:29:32+00:00","og_image":[{"width":1920,"height":2560,"url":"https:\/\/turismopatagonia.ar\/wp-content\/uploads\/2025\/04\/12-B-412234814_373585895336682_8943540748565541774_n-copia-scaled.jpg","type":"image\/jpeg"}],"twitter_card":"summary_large_image","twitter_misc":{"Pre\u00e7o":"&#36;&nbsp;158.000,00","Disponibilidade":"Em Estoque"},"schema":{"@context":"https:\/\/schema.org","@graph":[{"@type":["WebPage","ItemPage"],"@id":"https:\/\/turismopatagonia.ar\/product\/puerto-blest-cascada-los-cantaros-traslado","url":"https:\/\/turismopatagonia.ar\/product\/puerto-blest-cascada-los-cantaros-traslado","name":"Puerto Blest e Cachoeira Los C\u00e1ntaros com traslado inclu\u00eddo - Turismo en Patagonia Bariloche","isPartOf":{"@id":"https:\/\/turismopatagonia.ar\/#website"},"primaryImageOfPage":{"@id":"https:\/\/turismopatagonia.ar\/product\/puerto-blest-cascada-los-cantaros-traslado#primaryimage"},"image":{"@id":"https:\/\/turismopatagonia.ar\/product\/puerto-blest-cascada-los-cantaros-traslado#primaryimage"},"thumbnailUrl":"https:\/\/turismopatagonia.ar\/wp-content\/uploads\/2025\/04\/12-B-412234814_373585895336682_8943540748565541774_n-copia-scaled.jpg","datePublished":"2025-04-12T21:08:29+00:00","dateModified":"2026-04-08T19:29:32+00:00","description":"Excurs\u00e3o econ\u00f4mica a Puerto Blest e \u00e0 cachoeira Los C\u00e1ntaros com traslado. Ideal para aproveitar Bariloche sem gastar muito. Inclui navega\u00e7\u00e3o e caminhadas.","breadcrumb":{"@id":"https:\/\/turismopatagonia.ar\/product\/puerto-blest-cascada-los-cantaros-traslado#breadcrumb"},"inLanguage":"pt-BR","potentialAction":[{"@type":"ReadAction","target":["https:\/\/turismopatagonia.ar\/product\/puerto-blest-cascada-los-cantaros-traslado"]}]},{"@type":"ImageObject","inLanguage":"pt-BR","@id":"https:\/\/turismopatagonia.ar\/product\/puerto-blest-cascada-los-cantaros-traslado#primaryimage","url":"https:\/\/turismopatagonia.ar\/wp-content\/uploads\/2025\/04\/12-B-412234814_373585895336682_8943540748565541774_n-copia-scaled.jpg","contentUrl":"https:\/\/turismopatagonia.ar\/wp-content\/uploads\/2025\/04\/12-B-412234814_373585895336682_8943540748565541774_n-copia-scaled.jpg","width":1920,"height":2560},{"@type":"BreadcrumbList","@id":"https:\/\/turismopatagonia.ar\/product\/puerto-blest-cascada-los-cantaros-traslado#breadcrumb","itemListElement":[{"@type":"ListItem","position":1,"name":"Home","item":"https:\/\/turismopatagonia.ar\/"},{"@type":"ListItem","position":2,"name":"Shop","item":"https:\/\/turismopatagonia.ar\/shop"},{"@type":"ListItem","position":3,"name":"Puerto Blest y Cascada Los C\u00e1ntaros con traslado incluido"}]},{"@type":"WebSite","@id":"https:\/\/turismopatagonia.ar\/#website","url":"https:\/\/turismopatagonia.ar\/","name":"Turismo na Patag\u00f4nia Bariloche","description":"Descubra a beleza da Patag\u00f4nia: guias, atividades e destinos tur\u00edsticos em Bariloche e arredores.","publisher":{"@id":"https:\/\/turismopatagonia.ar\/#organization"},"potentialAction":[{"@type":"SearchAction","target":{"@type":"EntryPoint","urlTemplate":"https:\/\/turismopatagonia.ar\/?s={search_term_string}"},"query-input":{"@type":"PropertyValueSpecification","valueRequired":true,"valueName":"search_term_string"}}],"inLanguage":"pt-BR"},{"@type":"Organization","@id":"https:\/\/turismopatagonia.ar\/#organization","name":"Turismo na Patag\u00f4nia Bariloche","url":"https:\/\/turismopatagonia.ar\/","logo":{"@type":"ImageObject","inLanguage":"pt-BR","@id":"https:\/\/turismopatagonia.ar\/#\/schema\/logo\/image\/","url":"https:\/\/turismopatagonia.ar\/wp-content\/uploads\/2023\/04\/logo-tirismo-copia.png","contentUrl":"https:\/\/turismopatagonia.ar\/wp-content\/uploads\/2023\/04\/logo-tirismo-copia.png","width":270,"height":100,"caption":"Turismo en Patagonia Bariloche"},"image":{"@id":"https:\/\/turismopatagonia.ar\/#\/schema\/logo\/image\/"}}]},"product_price_amount":"158000.00","product_price_currency":"ARS","og_availability":"instock","product_availability":"instock","product_retailer_item_id":"ADV2025PUBLYCO2Q8","product_condition":"new"},"_links":{"self":[{"href":"https:\/\/turismopatagonia.ar\/pt\/wp-json\/wp\/v2\/product\/377156","targetHints":{"allow":["GET"]}}],"collection":[{"href":"https:\/\/turismopatagonia.ar\/pt\/wp-json\/wp\/v2\/product"}],"about":[{"href":"https:\/\/turismopatagonia.ar\/pt\/wp-json\/wp\/v2\/types\/product"}],"replies":[{"embeddable":true,"href":"https:\/\/turismopatagonia.ar\/pt\/wp-json\/wp\/v2\/comments?post=377156"}],"wp:featuredmedia":[{"embeddable":true,"href":"https:\/\/turismopatagonia.ar\/pt\/wp-json\/wp\/v2\/media\/377680"}],"wp:attachment":[{"href":"https:\/\/turismopatagonia.ar\/pt\/wp-json\/wp\/v2\/media?parent=377156"}],"wp:term":[{"taxonomy":"product_brand","embeddable":true,"href":"https:\/\/turismopatagonia.ar\/pt\/wp-json\/wp\/v2\/product_brand?post=377156"},{"taxonomy":"product_cat","embeddable":true,"href":"https:\/\/turismopatagonia.ar\/pt\/wp-json\/wp\/v2\/product_cat?post=377156"},{"taxonomy":"product_tag","embeddable":true,"href":"https:\/\/turismopatagonia.ar\/pt\/wp-json\/wp\/v2\/product_tag?post=377156"}],"curies":[{"name":"wp","href":"https:\/\/api.w.org\/{rel}","templated":true}]}}