{"id":377157,"date":"2025-04-12T18:08:45","date_gmt":"2025-04-12T21:08:45","guid":{"rendered":"https:\/\/turismopatagonia.ar\/?post_type=product&#038;p=377157"},"modified":"2026-04-08T16:28:52","modified_gmt":"2026-04-08T19:28:52","slug":"puerto-blest-cascada-los-cantaros-lago-frias-traslado","status":"publish","type":"product","link":"https:\/\/turismopatagonia.ar\/pt\/product\/puerto-blest-cachoeira-los-cantaros-lago-frias-traslado","title":{"rendered":"Visite Puerto Blest e Lago Frias com traslado inclu\u00eddo."},"content":{"rendered":"<h3 data-start=\"486\" data-end=\"560\">Viaje com conforto e desfrute de duas viagens pela Patag\u00f4nia no mesmo dia<\/h3>\n<p data-start=\"561\" data-end=\"777\">Essa excurs\u00e3o leva voc\u00ea a dois dos lugares mais impressionantes do Parque Nacional Nahuel Huapi, com <strong data-start=\"668\" data-end=\"721\">traslado inclu\u00eddo a partir de pontos fixos em Bariloche<\/strong> (entre o centro e o km 8 da Avenida Bustillo ou Pioneros).<\/p>\n<p data-start=\"779\" data-end=\"1079\">Partimos \u00e0s <strong data-start=\"793\" data-end=\"804\">8:30 a.m.<\/strong> rumo a <strong data-start=\"813\" data-end=\"831\">Puerto Pa\u00f1uelo<\/strong>, onde pegamos o catamar\u00e3 para cruzar o <strong data-start=\"875\" data-end=\"890\">Bra\u00e7o aben\u00e7oado<\/strong> Lago Nahuel Huapi. Chegando em <strong data-start=\"926\" data-end=\"942\">Puerto Blest<\/strong>, A segunda navega\u00e7\u00e3o continua no <strong data-start=\"983\" data-end=\"997\">Lago Frias<\/strong>, famosa por sua cor verde, um produto do derretimento glacial do rio <strong data-start=\"1060\" data-end=\"1078\">Serra do Tronador<\/strong>.<\/p>\n<p data-start=\"1081\" data-end=\"1397\">Voc\u00ea tamb\u00e9m poder\u00e1 fazer uma caminhada at\u00e9 o <strong data-start=\"1128\" data-end=\"1152\">Cachoeira Los C\u00e1ntaros<\/strong>, A caminhada \u00e9 uma trilha f\u00e1cil pela floresta e ao longo de passarelas. Toda a excurs\u00e3o inclui um guia que fala ingl\u00eas, com explica\u00e7\u00f5es claras sobre as paisagens e a hist\u00f3ria do lugar. O retorno \u00e9 planejado em torno de <strong data-start=\"1351\" data-end=\"1363\">17:30 hs<\/strong>, diretamente para o ponto de partida.<\/p>\n<h3 data-start=\"1404\" data-end=\"1430\">Perguntas frequentes<\/h3>\n<p data-start=\"1431\" data-end=\"1549\"><strong data-start=\"1431\" data-end=\"1459\">Procurando por mim no hotel?<\/strong><br data-start=\"1459\" data-end=\"1462\" \/>N\u00e3o, o traslado \u00e9 feito a partir de pontos de encontro pr\u00e9-estabelecidos entre o centro e o km 8.<\/p>\n<p data-start=\"1551\" data-end=\"1678\"><strong data-start=\"1551\" data-end=\"1574\">O que est\u00e1 inclu\u00eddo?<\/strong><br data-start=\"1574\" data-end=\"1577\" \/>Traslado de ida e volta, navega\u00e7\u00e3o at\u00e9 Puerto Blest e Lago Frias, caminhada opcional at\u00e9 a cachoeira e guia.<\/p>\n<p data-start=\"1680\" data-end=\"1790\"><strong data-start=\"1680\" data-end=\"1712\">O que tenho que pagar separadamente?<\/strong><br data-start=\"1712\" data-end=\"1715\" \/>Taxas de entrada no Parque Nacional, taxa de embarque e refei\u00e7\u00f5es.<\/p>\n<p data-start=\"1792\" data-end=\"1880\"><strong data-start=\"1792\" data-end=\"1817\">Posso levar comida?<\/strong><br data-start=\"1817\" data-end=\"1820\" \/>Sim, ou voc\u00ea tamb\u00e9m pode comer no restaurante em Puerto Blest.<\/p>","protected":false},"excerpt":{"rendered":"<p data-start=\"2124\" data-end=\"2309\">Sa\u00edda \u00e0s 8h30 dos pontos de encontro em Bariloche. Navega\u00e7\u00e3o at\u00e9 Puerto Blest e Lago Frias, caminhada opcional at\u00e9 a cachoeira e guia. Retorno \u00e0s 18:00 hs. Op\u00e7\u00e3o livre e sem retorno.<\/p>","protected":false},"featured_media":377693,"comment_status":"open","ping_status":"closed","template":"","meta":[],"product_brand":[],"product_cat":[37,41,42,51,52,46,48,54],"product_tag":[],"class_list":{"0":"post-377157","1":"product","2":"type-product","3":"status-publish","4":"has-post-thumbnail","6":"product_cat-adultos","7":"product_cat-con-traslado","8":"product_cat-familia","9":"product_cat-jubilados","10":"product_cat-lacustre","11":"product_cat-ninos","12":"product_cat-sin-comida","13":"product_cat-todo-el-ano","15":"first","16":"instock","17":"virtual","18":"sold-individually","19":"purchasable","20":"product-type-booking"},"booking_location":"","booking_location_type":"","booking_duration":60,"booking_duration_unit":"minute","booking_buffer":0,"booking_cost":0,"booking_resources":[],"exclude_global_add_ons":false,"addons":[{"name":"ADU: Adulto","type":"input_multiplier","position":0,"required":true,"title_format":"label","default":"","description_enable":false,"description":"","placeholder_enable":false,"placeholder":"","display":"select","restrictions_type":"any_text","adjust_price":true,"price":"212000","price_type":"quantity_based","restrictions":false,"min":"0","max":"0","options":[],"id":1773233993},{"name":"MEN512 | 5 a 12","type":"input_multiplier","position":1,"required":false,"title_format":"label","default":"","description_enable":false,"description":"","placeholder_enable":false,"placeholder":"","display":"select","restrictions_type":"any_text","adjust_price":true,"price":"119000","price_type":"quantity_based","restrictions":false,"min":"0","max":"0","options":[],"id":1773233994},{"name":"ADUJ : Aposentado","type":"input_multiplier","position":2,"required":false,"title_format":"label","default":"","description_enable":false,"description":"","placeholder_enable":false,"placeholder":"","display":"select","restrictions_type":"any_text","adjust_price":true,"price":"119000","price_type":"quantity_based","restrictions":false,"min":"0","max":"0","options":[],"id":1773233995}],"yoast_head":"<!-- This site is optimized with the Yoast SEO Premium plugin v24.5 (Yoast SEO v24.8) - https:\/\/yoast.com\/wordpress\/plugins\/seo\/ -->\n<title>Conoc\u00e9 Puerto Blest y Lago Fr\u00edas con traslado incluido - Turismo en Patagonia Bariloche<\/title>\n<meta name=\"description\" content=\"Excursi\u00f3n a Puerto Blest y Lago Fr\u00edas con traslado desde puntos fijos de Bariloche. Incluye navegaciones, gu\u00eda y caminata. Ideal para una salida c\u00f3moda y accesible.\" \/>\n<meta name=\"robots\" content=\"index, follow, max-snippet:-1, max-image-preview:large, max-video-preview:-1\" \/>\n<link rel=\"canonical\" href=\"https:\/\/turismopatagonia.ar\/pt\/product\/puerto-blest-cachoeira-los-cantaros-lago-frias-traslado\/\" \/>\n<meta property=\"og:locale\" content=\"pt_BR\" \/>\n<meta property=\"og:type\" content=\"article\" \/>\n<meta property=\"og:title\" content=\"Conoc\u00e9 Puerto Blest y Lago Fr\u00edas con traslado incluido\" \/>\n<meta property=\"og:description\" content=\"Excursi\u00f3n a Puerto Blest y Lago Fr\u00edas con traslado desde puntos fijos de Bariloche. Incluye navegaciones, gu\u00eda y caminata. Ideal para una salida c\u00f3moda y accesible.\" \/>\n<meta property=\"og:url\" content=\"https:\/\/turismopatagonia.ar\/pt\/product\/puerto-blest-cachoeira-los-cantaros-lago-frias-traslado\/\" \/>\n<meta property=\"og:site_name\" content=\"Turismo en Patagonia Bariloche\" \/>\n<meta property=\"article:modified_time\" content=\"2026-04-08T19:28:52+00:00\" \/>\n<meta property=\"og:image\" content=\"https:\/\/turismopatagonia.ar\/wp-content\/uploads\/2025\/04\/12-B-492045882_1127476386076881_2355391693978548889_n-scaled.jpg\" \/>\n\t<meta property=\"og:image:width\" content=\"1920\" \/>\n\t<meta property=\"og:image:height\" content=\"2560\" \/>\n\t<meta property=\"og:image:type\" content=\"image\/jpeg\" \/>\n<meta name=\"twitter:card\" content=\"summary_large_image\" \/>\n<meta name=\"twitter:label1\" content=\"Pre\u00e7o\" \/>\n\t<meta name=\"twitter:data1\" content=\"&#036;&nbsp;212.000,00\" \/>\n\t<meta name=\"twitter:label2\" content=\"Disponibilidade\" \/>\n\t<meta name=\"twitter:data2\" content=\"Em Estoque\" \/>\n<script type=\"application\/ld+json\" class=\"yoast-schema-graph\">{\"@context\":\"https:\/\/schema.org\",\"@graph\":[{\"@type\":[\"WebPage\",\"ItemPage\"],\"@id\":\"https:\/\/turismopatagonia.ar\/product\/puerto-blest-cascada-los-cantaros-lago-frias-traslado\",\"url\":\"https:\/\/turismopatagonia.ar\/product\/puerto-blest-cascada-los-cantaros-lago-frias-traslado\",\"name\":\"Conoc\u00e9 Puerto Blest y Lago Fr\u00edas con traslado incluido - Turismo en Patagonia Bariloche\",\"isPartOf\":{\"@id\":\"https:\/\/turismopatagonia.ar\/#website\"},\"primaryImageOfPage\":{\"@id\":\"https:\/\/turismopatagonia.ar\/product\/puerto-blest-cascada-los-cantaros-lago-frias-traslado#primaryimage\"},\"image\":{\"@id\":\"https:\/\/turismopatagonia.ar\/product\/puerto-blest-cascada-los-cantaros-lago-frias-traslado#primaryimage\"},\"thumbnailUrl\":\"https:\/\/turismopatagonia.ar\/wp-content\/uploads\/2025\/04\/12-B-492045882_1127476386076881_2355391693978548889_n-scaled.jpg\",\"datePublished\":\"2025-04-12T21:08:45+00:00\",\"dateModified\":\"2026-04-08T19:28:52+00:00\",\"description\":\"Excursi\u00f3n a Puerto Blest y Lago Fr\u00edas con traslado desde puntos fijos de Bariloche. Incluye navegaciones, gu\u00eda y caminata. Ideal para una salida c\u00f3moda y accesible.\",\"breadcrumb\":{\"@id\":\"https:\/\/turismopatagonia.ar\/product\/puerto-blest-cascada-los-cantaros-lago-frias-traslado#breadcrumb\"},\"inLanguage\":\"pt-BR\",\"potentialAction\":[{\"@type\":\"ReadAction\",\"target\":[\"https:\/\/turismopatagonia.ar\/product\/puerto-blest-cascada-los-cantaros-lago-frias-traslado\"]}]},{\"@type\":\"ImageObject\",\"inLanguage\":\"pt-BR\",\"@id\":\"https:\/\/turismopatagonia.ar\/product\/puerto-blest-cascada-los-cantaros-lago-frias-traslado#primaryimage\",\"url\":\"https:\/\/turismopatagonia.ar\/wp-content\/uploads\/2025\/04\/12-B-492045882_1127476386076881_2355391693978548889_n-scaled.jpg\",\"contentUrl\":\"https:\/\/turismopatagonia.ar\/wp-content\/uploads\/2025\/04\/12-B-492045882_1127476386076881_2355391693978548889_n-scaled.jpg\",\"width\":1920,\"height\":2560},{\"@type\":\"BreadcrumbList\",\"@id\":\"https:\/\/turismopatagonia.ar\/product\/puerto-blest-cascada-los-cantaros-lago-frias-traslado#breadcrumb\",\"itemListElement\":[{\"@type\":\"ListItem\",\"position\":1,\"name\":\"Home\",\"item\":\"https:\/\/turismopatagonia.ar\/\"},{\"@type\":\"ListItem\",\"position\":2,\"name\":\"Shop\",\"item\":\"https:\/\/turismopatagonia.ar\/shop\"},{\"@type\":\"ListItem\",\"position\":3,\"name\":\"Conoc\u00e9 Puerto Blest y Lago Fr\u00edas con traslado incluido\"}]},{\"@type\":\"WebSite\",\"@id\":\"https:\/\/turismopatagonia.ar\/#website\",\"url\":\"https:\/\/turismopatagonia.ar\/\",\"name\":\"Turismo en Patagonia Bariloche\",\"description\":\"Descubre la belleza de la Patagonia: gu\u00edas, actividades y destinos tur\u00edsticos en Bariloche y alrededores.\",\"publisher\":{\"@id\":\"https:\/\/turismopatagonia.ar\/#organization\"},\"potentialAction\":[{\"@type\":\"SearchAction\",\"target\":{\"@type\":\"EntryPoint\",\"urlTemplate\":\"https:\/\/turismopatagonia.ar\/?s={search_term_string}\"},\"query-input\":{\"@type\":\"PropertyValueSpecification\",\"valueRequired\":true,\"valueName\":\"search_term_string\"}}],\"inLanguage\":\"pt-BR\"},{\"@type\":\"Organization\",\"@id\":\"https:\/\/turismopatagonia.ar\/#organization\",\"name\":\"Turismo en Patagonia Bariloche\",\"url\":\"https:\/\/turismopatagonia.ar\/\",\"logo\":{\"@type\":\"ImageObject\",\"inLanguage\":\"pt-BR\",\"@id\":\"https:\/\/turismopatagonia.ar\/#\/schema\/logo\/image\/\",\"url\":\"https:\/\/turismopatagonia.ar\/wp-content\/uploads\/2023\/04\/logo-tirismo-copia.png\",\"contentUrl\":\"https:\/\/turismopatagonia.ar\/wp-content\/uploads\/2023\/04\/logo-tirismo-copia.png\",\"width\":270,\"height\":100,\"caption\":\"Turismo en Patagonia Bariloche\"},\"image\":{\"@id\":\"https:\/\/turismopatagonia.ar\/#\/schema\/logo\/image\/\"}}]}<\/script>\n<meta property=\"product:price:amount\" content=\"212000.00\" \/>\n<meta property=\"product:price:currency\" content=\"ARS\" \/>\n<meta property=\"og:availability\" content=\"instock\" \/>\n<meta property=\"product:availability\" content=\"instock\" \/>\n<meta property=\"product:retailer_item_id\" content=\"ADV2025PUBLYC9CR1\" \/>\n<meta property=\"product:condition\" content=\"new\" \/>\n<!-- \/ Yoast SEO Premium plugin. -->","yoast_head_json":{"title":"Visite Puerto Blest e Lago Frias com traslado inclu\u00eddo - Turismo en Patagonia Bariloche","description":"Excurs\u00e3o a Puerto Blest e Lago Frias com traslado a partir de pontos fixos em Bariloche. Inclui navega\u00e7\u00e3o, guia e caminhada. Ideal para um passeio confort\u00e1vel e acess\u00edvel.","robots":{"index":"index","follow":"follow","max-snippet":"max-snippet:-1","max-image-preview":"max-image-preview:large","max-video-preview":"max-video-preview:-1"},"canonical":"https:\/\/turismopatagonia.ar\/pt\/product\/puerto-blest-cachoeira-los-cantaros-lago-frias-traslado\/","og_locale":"pt_BR","og_type":"article","og_title":"Conoc\u00e9 Puerto Blest y Lago Fr\u00edas con traslado incluido","og_description":"Excursi\u00f3n a Puerto Blest y Lago Fr\u00edas con traslado desde puntos fijos de Bariloche. Incluye navegaciones, gu\u00eda y caminata. Ideal para una salida c\u00f3moda y accesible.","og_url":"https:\/\/turismopatagonia.ar\/pt\/product\/puerto-blest-cachoeira-los-cantaros-lago-frias-traslado\/","og_site_name":"Turismo en Patagonia Bariloche","article_modified_time":"2026-04-08T19:28:52+00:00","og_image":[{"width":1920,"height":2560,"url":"https:\/\/turismopatagonia.ar\/wp-content\/uploads\/2025\/04\/12-B-492045882_1127476386076881_2355391693978548889_n-scaled.jpg","type":"image\/jpeg"}],"twitter_card":"summary_large_image","twitter_misc":{"Pre\u00e7o":"&#36;&nbsp;212.000,00","Disponibilidade":"Em Estoque"},"schema":{"@context":"https:\/\/schema.org","@graph":[{"@type":["WebPage","ItemPage"],"@id":"https:\/\/turismopatagonia.ar\/product\/puerto-blest-cascada-los-cantaros-lago-frias-traslado","url":"https:\/\/turismopatagonia.ar\/product\/puerto-blest-cascada-los-cantaros-lago-frias-traslado","name":"Visite Puerto Blest e Lago Frias com traslado inclu\u00eddo - Turismo en Patagonia Bariloche","isPartOf":{"@id":"https:\/\/turismopatagonia.ar\/#website"},"primaryImageOfPage":{"@id":"https:\/\/turismopatagonia.ar\/product\/puerto-blest-cascada-los-cantaros-lago-frias-traslado#primaryimage"},"image":{"@id":"https:\/\/turismopatagonia.ar\/product\/puerto-blest-cascada-los-cantaros-lago-frias-traslado#primaryimage"},"thumbnailUrl":"https:\/\/turismopatagonia.ar\/wp-content\/uploads\/2025\/04\/12-B-492045882_1127476386076881_2355391693978548889_n-scaled.jpg","datePublished":"2025-04-12T21:08:45+00:00","dateModified":"2026-04-08T19:28:52+00:00","description":"Excurs\u00e3o a Puerto Blest e Lago Frias com traslado a partir de pontos fixos em Bariloche. Inclui navega\u00e7\u00e3o, guia e caminhada. Ideal para um passeio confort\u00e1vel e acess\u00edvel.","breadcrumb":{"@id":"https:\/\/turismopatagonia.ar\/product\/puerto-blest-cascada-los-cantaros-lago-frias-traslado#breadcrumb"},"inLanguage":"pt-BR","potentialAction":[{"@type":"ReadAction","target":["https:\/\/turismopatagonia.ar\/product\/puerto-blest-cascada-los-cantaros-lago-frias-traslado"]}]},{"@type":"ImageObject","inLanguage":"pt-BR","@id":"https:\/\/turismopatagonia.ar\/product\/puerto-blest-cascada-los-cantaros-lago-frias-traslado#primaryimage","url":"https:\/\/turismopatagonia.ar\/wp-content\/uploads\/2025\/04\/12-B-492045882_1127476386076881_2355391693978548889_n-scaled.jpg","contentUrl":"https:\/\/turismopatagonia.ar\/wp-content\/uploads\/2025\/04\/12-B-492045882_1127476386076881_2355391693978548889_n-scaled.jpg","width":1920,"height":2560},{"@type":"BreadcrumbList","@id":"https:\/\/turismopatagonia.ar\/product\/puerto-blest-cascada-los-cantaros-lago-frias-traslado#breadcrumb","itemListElement":[{"@type":"ListItem","position":1,"name":"Home","item":"https:\/\/turismopatagonia.ar\/"},{"@type":"ListItem","position":2,"name":"Shop","item":"https:\/\/turismopatagonia.ar\/shop"},{"@type":"ListItem","position":3,"name":"Conoc\u00e9 Puerto Blest y Lago Fr\u00edas con traslado incluido"}]},{"@type":"WebSite","@id":"https:\/\/turismopatagonia.ar\/#website","url":"https:\/\/turismopatagonia.ar\/","name":"Turismo na Patag\u00f4nia Bariloche","description":"Descubra a beleza da Patag\u00f4nia: guias, atividades e destinos tur\u00edsticos em Bariloche e arredores.","publisher":{"@id":"https:\/\/turismopatagonia.ar\/#organization"},"potentialAction":[{"@type":"SearchAction","target":{"@type":"EntryPoint","urlTemplate":"https:\/\/turismopatagonia.ar\/?s={search_term_string}"},"query-input":{"@type":"PropertyValueSpecification","valueRequired":true,"valueName":"search_term_string"}}],"inLanguage":"pt-BR"},{"@type":"Organization","@id":"https:\/\/turismopatagonia.ar\/#organization","name":"Turismo na Patag\u00f4nia Bariloche","url":"https:\/\/turismopatagonia.ar\/","logo":{"@type":"ImageObject","inLanguage":"pt-BR","@id":"https:\/\/turismopatagonia.ar\/#\/schema\/logo\/image\/","url":"https:\/\/turismopatagonia.ar\/wp-content\/uploads\/2023\/04\/logo-tirismo-copia.png","contentUrl":"https:\/\/turismopatagonia.ar\/wp-content\/uploads\/2023\/04\/logo-tirismo-copia.png","width":270,"height":100,"caption":"Turismo en Patagonia Bariloche"},"image":{"@id":"https:\/\/turismopatagonia.ar\/#\/schema\/logo\/image\/"}}]},"product_price_amount":"212000.00","product_price_currency":"ARS","og_availability":"instock","product_availability":"instock","product_retailer_item_id":"ADV2025PUBLYC9CR1","product_condition":"new"},"_links":{"self":[{"href":"https:\/\/turismopatagonia.ar\/pt\/wp-json\/wp\/v2\/product\/377157","targetHints":{"allow":["GET"]}}],"collection":[{"href":"https:\/\/turismopatagonia.ar\/pt\/wp-json\/wp\/v2\/product"}],"about":[{"href":"https:\/\/turismopatagonia.ar\/pt\/wp-json\/wp\/v2\/types\/product"}],"replies":[{"embeddable":true,"href":"https:\/\/turismopatagonia.ar\/pt\/wp-json\/wp\/v2\/comments?post=377157"}],"wp:featuredmedia":[{"embeddable":true,"href":"https:\/\/turismopatagonia.ar\/pt\/wp-json\/wp\/v2\/media\/377693"}],"wp:attachment":[{"href":"https:\/\/turismopatagonia.ar\/pt\/wp-json\/wp\/v2\/media?parent=377157"}],"wp:term":[{"taxonomy":"product_brand","embeddable":true,"href":"https:\/\/turismopatagonia.ar\/pt\/wp-json\/wp\/v2\/product_brand?post=377157"},{"taxonomy":"product_cat","embeddable":true,"href":"https:\/\/turismopatagonia.ar\/pt\/wp-json\/wp\/v2\/product_cat?post=377157"},{"taxonomy":"product_tag","embeddable":true,"href":"https:\/\/turismopatagonia.ar\/pt\/wp-json\/wp\/v2\/product_tag?post=377157"}],"curies":[{"name":"wp","href":"https:\/\/api.w.org\/{rel}","templated":true}]}}