{"id":377159,"date":"2025-04-12T18:09:19","date_gmt":"2025-04-12T21:09:19","guid":{"rendered":"https:\/\/turismopatagonia.ar\/?post_type=product&#038;p=377159"},"modified":"2026-04-08T16:30:26","modified_gmt":"2026-04-08T19:30:26","slug":"puerto-blest-cascada-los-cantaros-sin-traslado","status":"publish","type":"product","link":"https:\/\/turismopatagonia.ar\/pt\/product\/puerto-blest-waterfall-los-cantaros-no-transfer","title":{"rendered":"Excurs\u00e3o a Puerto Blest e Cachoeira Los C\u00e1ntaros sem traslado"},"content":{"rendered":"<h3 data-start=\"454\" data-end=\"510\">Tudo o que voc\u00ea precisa saber para aproveitar o dia<\/h3>\n<p data-start=\"511\" data-end=\"844\">Esse passeio foi projetado para aqueles que viajam com mobilidade pr\u00f3pria ou que se hospedam perto da cidade. <strong data-start=\"602\" data-end=\"620\">Puerto Pa\u00f1uelo<\/strong>, no quil\u00f4metro 25 da Avenida Bustillo. Os traslados da cidade n\u00e3o est\u00e3o inclu\u00eddos, mas toda a organiza\u00e7\u00e3o no destino est\u00e1 inclu\u00edda: <strong data-start=\"744\" data-end=\"809\">navega\u00e7\u00e3o de ida e volta, guia a bordo e caminhada na selva<\/strong> para o <strong data-start=\"819\" data-end=\"843\">Cachoeira Los C\u00e1ntaros<\/strong>.<\/p>\n<p data-start=\"846\" data-end=\"1246\">A sa\u00edda \u00e9 pela manh\u00e3 e o retorno est\u00e1 previsto para as 17:30 hs. Durante a navega\u00e7\u00e3o, voc\u00ea ver\u00e1 a ilhota Centinela e percorrer\u00e1 um dos bra\u00e7os mais bonitos do Lago Nahuel Huapi. Uma vez em terra, voc\u00ea poder\u00e1 fazer uma caminhada tranquila at\u00e9 os mirantes da cachoeira e, se quiser fazer mais, tamb\u00e9m poder\u00e1 adicionar a navega\u00e7\u00e3o at\u00e9 o Lago Frias na ocasi\u00e3o (opcional e com custo adicional).<\/p>\n<p data-start=\"1248\" data-end=\"1441\">\u00c9 uma alternativa ideal para quem quer evitar o transporte organizado e pagar apenas pelo que usar. Voc\u00ea traz seu pr\u00f3prio almo\u00e7o, chega por conta pr\u00f3pria e participa da experi\u00eancia sem complica\u00e7\u00f5es.<\/p>\n<h3 data-start=\"1448\" data-end=\"1474\">Perguntas frequentes<\/h3>\n<p data-start=\"1475\" data-end=\"1597\"><strong data-start=\"1475\" data-end=\"1508\">Como fa\u00e7o para chegar a Puerto Pa\u00f1uelo?<\/strong><br data-start=\"1508\" data-end=\"1511\" \/>Fica no km 25 de Bustillo. \u00c9 poss\u00edvel ir de carro, t\u00e1xi ou \u00f4nibus. H\u00e1 estacionamento dispon\u00edvel.<\/p>\n<p data-start=\"1599\" data-end=\"1714\"><strong data-start=\"1599\" data-end=\"1626\">O que est\u00e1 inclu\u00eddo no pre\u00e7o?<\/strong><br data-start=\"1626\" data-end=\"1629\" \/>Somente navega\u00e7\u00e3o, guia e trekking de ida e volta. N\u00e3o inclui traslados, impostos e alimenta\u00e7\u00e3o.<\/p>\n<p data-start=\"1716\" data-end=\"1807\"><strong data-start=\"1716\" data-end=\"1747\">Isso pode ser feito com crian\u00e7as?<\/strong><br data-start=\"1747\" data-end=\"1750\" \/>Sim, \u00e9 uma caminhada tranquila e segura para todas as idades.<\/p>\n<p data-start=\"1809\" data-end=\"1879\"><strong data-start=\"1809\" data-end=\"1834\">\u00c9 necess\u00e1rio fazer uma reserva?<\/strong><br data-start=\"1834\" data-end=\"1837\" \/>Sim, recomendamos que voc\u00ea fa\u00e7a isso com anteced\u00eancia.<\/p>","protected":false},"excerpt":{"rendered":"<p data-start=\"2133\" data-end=\"2321\">Excurs\u00e3o sem traslado de Puerto Pa\u00f1uelo. Navega\u00e7\u00e3o no Nahuel Huapi, caminhada at\u00e9 a cachoeira Los C\u00e1ntaros e op\u00e7\u00e3o do Lago Fr\u00edas. Uma op\u00e7\u00e3o econ\u00f4mica para se locomover por conta pr\u00f3pria.<\/p>","protected":false},"featured_media":377680,"comment_status":"open","ping_status":"closed","template":"","meta":[],"product_brand":[],"product_cat":[37,42,51,52,46,48,53,54],"product_tag":[],"class_list":{"0":"post-377159","1":"product","2":"type-product","3":"status-publish","4":"has-post-thumbnail","6":"product_cat-adultos","7":"product_cat-familia","8":"product_cat-jubilados","9":"product_cat-lacustre","10":"product_cat-ninos","11":"product_cat-sin-comida","12":"product_cat-sin-traslado","13":"product_cat-todo-el-ano","15":"first","16":"instock","17":"virtual","18":"sold-individually","19":"purchasable","20":"product-type-booking"},"booking_location":"","booking_location_type":"","booking_duration":60,"booking_duration_unit":"minute","booking_buffer":0,"booking_cost":0,"booking_resources":[],"exclude_global_add_ons":false,"addons":[{"name":"ADU: Adulto","type":"input_multiplier","position":0,"required":false,"title_format":"label","default":"","description_enable":false,"description":"","placeholder_enable":false,"placeholder":"","display":"select","restrictions_type":"any_text","adjust_price":true,"price":"136000","price_type":"quantity_based","restrictions":false,"min":"0","max":"0","options":[],"id":1773233626},{"name":"MEN512 | 5 a 12","type":"input_multiplier","position":1,"required":false,"title_format":"label","default":"","description_enable":false,"description":"","placeholder_enable":false,"placeholder":"","display":"select","restrictions_type":"any_text","adjust_price":true,"price":"70000","price_type":"quantity_based","restrictions":false,"min":"0","max":"0","options":[],"id":1773233627},{"name":"ADUJ : Aposentado","type":"input_multiplier","position":2,"required":false,"title_format":"label","default":"","description_enable":false,"description":"","placeholder_enable":false,"placeholder":"","display":"select","restrictions_type":"any_text","adjust_price":true,"price":"70000","price_type":"quantity_based","restrictions":false,"min":"0","max":"0","options":[],"id":1773233628}],"yoast_head":"<!-- This site is optimized with the Yoast SEO Premium plugin v24.5 (Yoast SEO v24.8) - https:\/\/yoast.com\/wordpress\/plugins\/seo\/ -->\n<title>Excursi\u00f3n a Puerto Blest y Cascada Los C\u00e1ntaros sin traslado - Turismo en Patagonia Bariloche<\/title>\n<meta name=\"description\" content=\"Excursi\u00f3n desde Puerto Pa\u00f1uelo sin traslado. Incluye navegaci\u00f3n y caminata a la Cascada Los C\u00e1ntaros. Ideal para quienes buscan una opci\u00f3n econ\u00f3mica y simple desde Bariloche.\" \/>\n<meta name=\"robots\" content=\"index, follow, max-snippet:-1, max-image-preview:large, max-video-preview:-1\" \/>\n<link rel=\"canonical\" href=\"https:\/\/turismopatagonia.ar\/pt\/product\/puerto-blest-waterfall-los-cantaros-no-transfer\/\" \/>\n<meta property=\"og:locale\" content=\"pt_BR\" \/>\n<meta property=\"og:type\" content=\"article\" \/>\n<meta property=\"og:title\" content=\"Excursi\u00f3n a Puerto Blest y Cascada Los C\u00e1ntaros sin traslado\" \/>\n<meta property=\"og:description\" content=\"Excursi\u00f3n desde Puerto Pa\u00f1uelo sin traslado. Incluye navegaci\u00f3n y caminata a la Cascada Los C\u00e1ntaros. Ideal para quienes buscan una opci\u00f3n econ\u00f3mica y simple desde Bariloche.\" \/>\n<meta property=\"og:url\" content=\"https:\/\/turismopatagonia.ar\/pt\/product\/puerto-blest-waterfall-los-cantaros-no-transfer\/\" \/>\n<meta property=\"og:site_name\" content=\"Turismo en Patagonia Bariloche\" \/>\n<meta property=\"article:modified_time\" content=\"2026-04-08T19:30:26+00:00\" \/>\n<meta property=\"og:image\" content=\"https:\/\/turismopatagonia.ar\/wp-content\/uploads\/2025\/04\/12-B-412234814_373585895336682_8943540748565541774_n-copia-scaled.jpg\" \/>\n\t<meta property=\"og:image:width\" content=\"1920\" \/>\n\t<meta property=\"og:image:height\" content=\"2560\" \/>\n\t<meta property=\"og:image:type\" content=\"image\/jpeg\" \/>\n<meta name=\"twitter:card\" content=\"summary_large_image\" \/>\n<meta name=\"twitter:label1\" content=\"Pre\u00e7o\" \/>\n\t<meta name=\"twitter:data1\" content=\"&#036;&nbsp;136.000,00\" \/>\n\t<meta name=\"twitter:label2\" content=\"Disponibilidade\" \/>\n\t<meta name=\"twitter:data2\" content=\"Em Estoque\" \/>\n<script type=\"application\/ld+json\" class=\"yoast-schema-graph\">{\"@context\":\"https:\/\/schema.org\",\"@graph\":[{\"@type\":[\"WebPage\",\"ItemPage\"],\"@id\":\"https:\/\/turismopatagonia.ar\/product\/puerto-blest-cascada-los-cantaros-sin-traslado\",\"url\":\"https:\/\/turismopatagonia.ar\/product\/puerto-blest-cascada-los-cantaros-sin-traslado\",\"name\":\"Excursi\u00f3n a Puerto Blest y Cascada Los C\u00e1ntaros sin traslado - Turismo en Patagonia Bariloche\",\"isPartOf\":{\"@id\":\"https:\/\/turismopatagonia.ar\/#website\"},\"primaryImageOfPage\":{\"@id\":\"https:\/\/turismopatagonia.ar\/product\/puerto-blest-cascada-los-cantaros-sin-traslado#primaryimage\"},\"image\":{\"@id\":\"https:\/\/turismopatagonia.ar\/product\/puerto-blest-cascada-los-cantaros-sin-traslado#primaryimage\"},\"thumbnailUrl\":\"https:\/\/turismopatagonia.ar\/wp-content\/uploads\/2025\/04\/12-B-412234814_373585895336682_8943540748565541774_n-copia-scaled.jpg\",\"datePublished\":\"2025-04-12T21:09:19+00:00\",\"dateModified\":\"2026-04-08T19:30:26+00:00\",\"description\":\"Excursi\u00f3n desde Puerto Pa\u00f1uelo sin traslado. Incluye navegaci\u00f3n y caminata a la Cascada Los C\u00e1ntaros. Ideal para quienes buscan una opci\u00f3n econ\u00f3mica y simple desde Bariloche.\",\"breadcrumb\":{\"@id\":\"https:\/\/turismopatagonia.ar\/product\/puerto-blest-cascada-los-cantaros-sin-traslado#breadcrumb\"},\"inLanguage\":\"pt-BR\",\"potentialAction\":[{\"@type\":\"ReadAction\",\"target\":[\"https:\/\/turismopatagonia.ar\/product\/puerto-blest-cascada-los-cantaros-sin-traslado\"]}]},{\"@type\":\"ImageObject\",\"inLanguage\":\"pt-BR\",\"@id\":\"https:\/\/turismopatagonia.ar\/product\/puerto-blest-cascada-los-cantaros-sin-traslado#primaryimage\",\"url\":\"https:\/\/turismopatagonia.ar\/wp-content\/uploads\/2025\/04\/12-B-412234814_373585895336682_8943540748565541774_n-copia-scaled.jpg\",\"contentUrl\":\"https:\/\/turismopatagonia.ar\/wp-content\/uploads\/2025\/04\/12-B-412234814_373585895336682_8943540748565541774_n-copia-scaled.jpg\",\"width\":1920,\"height\":2560},{\"@type\":\"BreadcrumbList\",\"@id\":\"https:\/\/turismopatagonia.ar\/product\/puerto-blest-cascada-los-cantaros-sin-traslado#breadcrumb\",\"itemListElement\":[{\"@type\":\"ListItem\",\"position\":1,\"name\":\"Home\",\"item\":\"https:\/\/turismopatagonia.ar\/\"},{\"@type\":\"ListItem\",\"position\":2,\"name\":\"Shop\",\"item\":\"https:\/\/turismopatagonia.ar\/shop\"},{\"@type\":\"ListItem\",\"position\":3,\"name\":\"Excursi\u00f3n a Puerto Blest y Cascada Los C\u00e1ntaros sin traslado\"}]},{\"@type\":\"WebSite\",\"@id\":\"https:\/\/turismopatagonia.ar\/#website\",\"url\":\"https:\/\/turismopatagonia.ar\/\",\"name\":\"Turismo en Patagonia Bariloche\",\"description\":\"Descubre la belleza de la Patagonia: gu\u00edas, actividades y destinos tur\u00edsticos en Bariloche y alrededores.\",\"publisher\":{\"@id\":\"https:\/\/turismopatagonia.ar\/#organization\"},\"potentialAction\":[{\"@type\":\"SearchAction\",\"target\":{\"@type\":\"EntryPoint\",\"urlTemplate\":\"https:\/\/turismopatagonia.ar\/?s={search_term_string}\"},\"query-input\":{\"@type\":\"PropertyValueSpecification\",\"valueRequired\":true,\"valueName\":\"search_term_string\"}}],\"inLanguage\":\"pt-BR\"},{\"@type\":\"Organization\",\"@id\":\"https:\/\/turismopatagonia.ar\/#organization\",\"name\":\"Turismo en Patagonia Bariloche\",\"url\":\"https:\/\/turismopatagonia.ar\/\",\"logo\":{\"@type\":\"ImageObject\",\"inLanguage\":\"pt-BR\",\"@id\":\"https:\/\/turismopatagonia.ar\/#\/schema\/logo\/image\/\",\"url\":\"https:\/\/turismopatagonia.ar\/wp-content\/uploads\/2023\/04\/logo-tirismo-copia.png\",\"contentUrl\":\"https:\/\/turismopatagonia.ar\/wp-content\/uploads\/2023\/04\/logo-tirismo-copia.png\",\"width\":270,\"height\":100,\"caption\":\"Turismo en Patagonia Bariloche\"},\"image\":{\"@id\":\"https:\/\/turismopatagonia.ar\/#\/schema\/logo\/image\/\"}}]}<\/script>\n<meta property=\"product:price:amount\" content=\"136000.00\" \/>\n<meta property=\"product:price:currency\" content=\"ARS\" \/>\n<meta property=\"og:availability\" content=\"instock\" \/>\n<meta property=\"product:availability\" content=\"instock\" \/>\n<meta property=\"product:retailer_item_id\" content=\"ADV2025PUBLYC297O\" \/>\n<meta property=\"product:condition\" content=\"new\" \/>\n<!-- \/ Yoast SEO Premium plugin. -->","yoast_head_json":{"title":"Excurs\u00e3o a Puerto Blest e Cachoeira Los C\u00e1ntaros sem traslado - Turismo en Patagonia Bariloche","description":"Excurs\u00e3o de Puerto Pa\u00f1uelo sem traslado. Inclui navega\u00e7\u00e3o e caminhada at\u00e9 a cachoeira Los C\u00e1ntaros. Ideal para quem procura uma op\u00e7\u00e3o econ\u00f4mica e simples a partir de Bariloche.","robots":{"index":"index","follow":"follow","max-snippet":"max-snippet:-1","max-image-preview":"max-image-preview:large","max-video-preview":"max-video-preview:-1"},"canonical":"https:\/\/turismopatagonia.ar\/pt\/product\/puerto-blest-waterfall-los-cantaros-no-transfer\/","og_locale":"pt_BR","og_type":"article","og_title":"Excursi\u00f3n a Puerto Blest y Cascada Los C\u00e1ntaros sin traslado","og_description":"Excursi\u00f3n desde Puerto Pa\u00f1uelo sin traslado. Incluye navegaci\u00f3n y caminata a la Cascada Los C\u00e1ntaros. Ideal para quienes buscan una opci\u00f3n econ\u00f3mica y simple desde Bariloche.","og_url":"https:\/\/turismopatagonia.ar\/pt\/product\/puerto-blest-waterfall-los-cantaros-no-transfer\/","og_site_name":"Turismo en Patagonia Bariloche","article_modified_time":"2026-04-08T19:30:26+00:00","og_image":[{"width":1920,"height":2560,"url":"https:\/\/turismopatagonia.ar\/wp-content\/uploads\/2025\/04\/12-B-412234814_373585895336682_8943540748565541774_n-copia-scaled.jpg","type":"image\/jpeg"}],"twitter_card":"summary_large_image","twitter_misc":{"Pre\u00e7o":"&#36;&nbsp;136.000,00","Disponibilidade":"Em Estoque"},"schema":{"@context":"https:\/\/schema.org","@graph":[{"@type":["WebPage","ItemPage"],"@id":"https:\/\/turismopatagonia.ar\/product\/puerto-blest-cascada-los-cantaros-sin-traslado","url":"https:\/\/turismopatagonia.ar\/product\/puerto-blest-cascada-los-cantaros-sin-traslado","name":"Excurs\u00e3o a Puerto Blest e Cachoeira Los C\u00e1ntaros sem traslado - Turismo en Patagonia Bariloche","isPartOf":{"@id":"https:\/\/turismopatagonia.ar\/#website"},"primaryImageOfPage":{"@id":"https:\/\/turismopatagonia.ar\/product\/puerto-blest-cascada-los-cantaros-sin-traslado#primaryimage"},"image":{"@id":"https:\/\/turismopatagonia.ar\/product\/puerto-blest-cascada-los-cantaros-sin-traslado#primaryimage"},"thumbnailUrl":"https:\/\/turismopatagonia.ar\/wp-content\/uploads\/2025\/04\/12-B-412234814_373585895336682_8943540748565541774_n-copia-scaled.jpg","datePublished":"2025-04-12T21:09:19+00:00","dateModified":"2026-04-08T19:30:26+00:00","description":"Excurs\u00e3o de Puerto Pa\u00f1uelo sem traslado. Inclui navega\u00e7\u00e3o e caminhada at\u00e9 a cachoeira Los C\u00e1ntaros. Ideal para quem procura uma op\u00e7\u00e3o econ\u00f4mica e simples a partir de Bariloche.","breadcrumb":{"@id":"https:\/\/turismopatagonia.ar\/product\/puerto-blest-cascada-los-cantaros-sin-traslado#breadcrumb"},"inLanguage":"pt-BR","potentialAction":[{"@type":"ReadAction","target":["https:\/\/turismopatagonia.ar\/product\/puerto-blest-cascada-los-cantaros-sin-traslado"]}]},{"@type":"ImageObject","inLanguage":"pt-BR","@id":"https:\/\/turismopatagonia.ar\/product\/puerto-blest-cascada-los-cantaros-sin-traslado#primaryimage","url":"https:\/\/turismopatagonia.ar\/wp-content\/uploads\/2025\/04\/12-B-412234814_373585895336682_8943540748565541774_n-copia-scaled.jpg","contentUrl":"https:\/\/turismopatagonia.ar\/wp-content\/uploads\/2025\/04\/12-B-412234814_373585895336682_8943540748565541774_n-copia-scaled.jpg","width":1920,"height":2560},{"@type":"BreadcrumbList","@id":"https:\/\/turismopatagonia.ar\/product\/puerto-blest-cascada-los-cantaros-sin-traslado#breadcrumb","itemListElement":[{"@type":"ListItem","position":1,"name":"Home","item":"https:\/\/turismopatagonia.ar\/"},{"@type":"ListItem","position":2,"name":"Shop","item":"https:\/\/turismopatagonia.ar\/shop"},{"@type":"ListItem","position":3,"name":"Excursi\u00f3n a Puerto Blest y Cascada Los C\u00e1ntaros sin traslado"}]},{"@type":"WebSite","@id":"https:\/\/turismopatagonia.ar\/#website","url":"https:\/\/turismopatagonia.ar\/","name":"Turismo na Patag\u00f4nia Bariloche","description":"Descubra a beleza da Patag\u00f4nia: guias, atividades e destinos tur\u00edsticos em Bariloche e arredores.","publisher":{"@id":"https:\/\/turismopatagonia.ar\/#organization"},"potentialAction":[{"@type":"SearchAction","target":{"@type":"EntryPoint","urlTemplate":"https:\/\/turismopatagonia.ar\/?s={search_term_string}"},"query-input":{"@type":"PropertyValueSpecification","valueRequired":true,"valueName":"search_term_string"}}],"inLanguage":"pt-BR"},{"@type":"Organization","@id":"https:\/\/turismopatagonia.ar\/#organization","name":"Turismo na Patag\u00f4nia Bariloche","url":"https:\/\/turismopatagonia.ar\/","logo":{"@type":"ImageObject","inLanguage":"pt-BR","@id":"https:\/\/turismopatagonia.ar\/#\/schema\/logo\/image\/","url":"https:\/\/turismopatagonia.ar\/wp-content\/uploads\/2023\/04\/logo-tirismo-copia.png","contentUrl":"https:\/\/turismopatagonia.ar\/wp-content\/uploads\/2023\/04\/logo-tirismo-copia.png","width":270,"height":100,"caption":"Turismo en Patagonia Bariloche"},"image":{"@id":"https:\/\/turismopatagonia.ar\/#\/schema\/logo\/image\/"}}]},"product_price_amount":"136000.00","product_price_currency":"ARS","og_availability":"instock","product_availability":"instock","product_retailer_item_id":"ADV2025PUBLYC297O","product_condition":"new"},"_links":{"self":[{"href":"https:\/\/turismopatagonia.ar\/pt\/wp-json\/wp\/v2\/product\/377159","targetHints":{"allow":["GET"]}}],"collection":[{"href":"https:\/\/turismopatagonia.ar\/pt\/wp-json\/wp\/v2\/product"}],"about":[{"href":"https:\/\/turismopatagonia.ar\/pt\/wp-json\/wp\/v2\/types\/product"}],"replies":[{"embeddable":true,"href":"https:\/\/turismopatagonia.ar\/pt\/wp-json\/wp\/v2\/comments?post=377159"}],"wp:featuredmedia":[{"embeddable":true,"href":"https:\/\/turismopatagonia.ar\/pt\/wp-json\/wp\/v2\/media\/377680"}],"wp:attachment":[{"href":"https:\/\/turismopatagonia.ar\/pt\/wp-json\/wp\/v2\/media?parent=377159"}],"wp:term":[{"taxonomy":"product_brand","embeddable":true,"href":"https:\/\/turismopatagonia.ar\/pt\/wp-json\/wp\/v2\/product_brand?post=377159"},{"taxonomy":"product_cat","embeddable":true,"href":"https:\/\/turismopatagonia.ar\/pt\/wp-json\/wp\/v2\/product_cat?post=377159"},{"taxonomy":"product_tag","embeddable":true,"href":"https:\/\/turismopatagonia.ar\/pt\/wp-json\/wp\/v2\/product_tag?post=377159"}],"curies":[{"name":"wp","href":"https:\/\/api.w.org\/{rel}","templated":true}]}}