{"id":377160,"date":"2025-04-12T18:09:31","date_gmt":"2025-04-12T21:09:31","guid":{"rendered":"https:\/\/turismopatagonia.ar\/?post_type=product&#038;p=377160"},"modified":"2026-04-08T16:29:32","modified_gmt":"2026-04-08T19:29:32","slug":"puerto-blest-cascada-cantaros-lago-frias-sin-traslado","status":"publish","type":"product","link":"https:\/\/turismopatagonia.ar\/pt\/product\/puerto-blest-cachoeira-cantaros-lago-frias-sem-traslado","title":{"rendered":"Descobrindo Puerto Blest e Lago Frias por conta pr\u00f3pria"},"content":{"rendered":"<h3 data-start=\"478\" data-end=\"554\">Ideal para quem se desloca por conta pr\u00f3pria e quer aproveitar ao m\u00e1ximo o dia.<\/h3>\n<p data-start=\"555\" data-end=\"876\">Se voc\u00ea estiver viajando com sua pr\u00f3pria mobilidade ou se estiver hospedado perto da <strong data-start=\"616\" data-end=\"634\">Puerto Pa\u00f1uelo<\/strong> (km 25 da Av. Bustillo), essa op\u00e7\u00e3o \u00e9 perfeita. Voc\u00ea s\u00f3 precisa se apresentar no <strong data-start=\"718\" data-end=\"729\">9:00 a.m.<\/strong> no cais para embarcar em um catamar\u00e3 que o levar\u00e1 ao longo da <strong data-start=\"795\" data-end=\"832\">Bra\u00e7o aben\u00e7oado do Lago Nahuel Huapi<\/strong>, cercado por montanhas e florestas patag\u00f4nicas.<\/p>\n<p data-start=\"878\" data-end=\"1180\">Ap\u00f3s o primeiro trecho, voc\u00ea embarcar\u00e1 novamente para cruzar a <strong data-start=\"939\" data-end=\"953\">Lago Frias<\/strong>, As \u00e1guas verdes e calmas, que refletem o ambiente glacial da regi\u00e3o, s\u00e3o <strong data-start=\"1021\" data-end=\"1039\">Serra do Tronador<\/strong>. Voc\u00ea tamb\u00e9m tem a op\u00e7\u00e3o de fazer uma caminhada at\u00e9 o <strong data-start=\"1098\" data-end=\"1122\">Cachoeira Los C\u00e1ntaros<\/strong>, um caminho de passarelas pela floresta tropical de Vald\u00edvia.<\/p>\n<p data-start=\"1182\" data-end=\"1416\">O passeio inclui um guia que fala ingl\u00eas durante todo o passeio e termina por volta de <strong data-start=\"1273\" data-end=\"1285\">17:30 hs<\/strong>, retornando a Puerto Pa\u00f1uelo. \u00c9 um passeio ideal para aqueles que querem pagar apenas pelo que usam e organizar seu dia com liberdade.<\/p>\n<h3 data-start=\"1423\" data-end=\"1449\">Perguntas frequentes<\/h3>\n<p data-start=\"1450\" data-end=\"1567\"><strong data-start=\"1450\" data-end=\"1482\">Onde a turn\u00ea come\u00e7a?<\/strong><br data-start=\"1482\" data-end=\"1485\" \/>Em Puerto Pa\u00f1uelo (km 25 da Avenida Bustillo). \u00c9 poss\u00edvel chegar l\u00e1 de carro, t\u00e1xi ou \u00f4nibus.<\/p>\n<p data-start=\"1569\" data-end=\"1677\"><strong data-start=\"1569\" data-end=\"1592\">O que est\u00e1 inclu\u00eddo?<\/strong><br data-start=\"1592\" data-end=\"1595\" \/>Navega\u00e7\u00e3o para Puerto Blest e Lago Frias, caminhada at\u00e9 a cachoeira e guia em espanhol.<\/p>\n<p data-start=\"1679\" data-end=\"1782\"><strong data-start=\"1679\" data-end=\"1705\">O que n\u00e3o est\u00e1 inclu\u00eddo?<\/strong><br data-start=\"1705\" data-end=\"1708\" \/>Traslado ao porto, taxas do Parque Nacional e embarque, sem refei\u00e7\u00f5es.<\/p>\n<p data-start=\"1784\" data-end=\"1878\"><strong data-start=\"1784\" data-end=\"1813\">H\u00e1 espa\u00e7o para o almo\u00e7o?<\/strong><br data-start=\"1813\" data-end=\"1816\" \/>Sim, voc\u00ea pode levar sua pr\u00f3pria comida ou comer no restaurante Blest.<\/p>","protected":false},"excerpt":{"rendered":"<p data-start=\"2107\" data-end=\"2293\">Excurs\u00e3o de Puerto Pa\u00f1uelo sem traslado. Inclui navega\u00e7\u00e3o at\u00e9 Puerto Blest e Lago Frias, caminhada opcional at\u00e9 a cachoeira e guia. Sa\u00edda 9:00 hs, retorno 17:30 hs. F\u00e1cil e acess\u00edvel.<\/p>","protected":false},"featured_media":377695,"comment_status":"open","ping_status":"closed","template":"","meta":[],"product_brand":[],"product_cat":[37,42,51,52,46,48,53,54],"product_tag":[],"class_list":{"0":"post-377160","1":"product","2":"type-product","3":"status-publish","4":"has-post-thumbnail","6":"product_cat-adultos","7":"product_cat-familia","8":"product_cat-jubilados","9":"product_cat-lacustre","10":"product_cat-ninos","11":"product_cat-sin-comida","12":"product_cat-sin-traslado","13":"product_cat-todo-el-ano","15":"first","16":"instock","17":"virtual","18":"sold-individually","19":"purchasable","20":"product-type-booking"},"booking_location":"","booking_location_type":"","booking_duration":60,"booking_duration_unit":"minute","booking_buffer":0,"booking_cost":0,"booking_resources":[],"exclude_global_add_ons":false,"addons":[{"name":"ADU: Adulto","type":"input_multiplier","position":0,"required":false,"title_format":"label","default":"","description_enable":false,"description":"","placeholder_enable":false,"placeholder":"","display":"select","restrictions_type":"any_text","adjust_price":true,"price":"190000","price_type":"quantity_based","restrictions":false,"min":"0","max":"0","options":[],"id":1773233364},{"name":"MEN512 | 5 a 12","type":"input_multiplier","position":1,"required":false,"title_format":"label","default":"","description_enable":false,"description":"","placeholder_enable":false,"placeholder":"","display":"select","restrictions_type":"any_text","adjust_price":true,"price":"97000","price_type":"quantity_based","restrictions":false,"min":"0","max":"0","options":[],"id":1773233365},{"name":"ADUJ : Aposentado","type":"input_multiplier","position":2,"required":false,"title_format":"label","default":"","description_enable":false,"description":"","placeholder_enable":false,"placeholder":"","display":"select","restrictions_type":"any_text","adjust_price":true,"price":"97000","price_type":"quantity_based","restrictions":false,"min":"0","max":"0","options":[],"id":1773233366}],"yoast_head":"<!-- This site is optimized with the Yoast SEO Premium plugin v24.5 (Yoast SEO v24.8) - https:\/\/yoast.com\/wordpress\/plugins\/seo\/ -->\n<title>Descubr\u00ed Puerto Blest y Lago Fr\u00edas por tu cuenta - Turismo en Patagonia Bariloche<\/title>\n<meta name=\"description\" content=\"Excursi\u00f3n sin traslado a Puerto Blest y Lago Fr\u00edas desde Puerto Pa\u00f1uelo. Ideal para quienes se mueven por su cuenta. Incluye dos navegaciones y gu\u00eda.\" \/>\n<meta name=\"robots\" content=\"index, follow, max-snippet:-1, max-image-preview:large, max-video-preview:-1\" \/>\n<link rel=\"canonical\" href=\"https:\/\/turismopatagonia.ar\/pt\/product\/puerto-blest-cachoeira-cantaros-lago-frias-sem-traslado\/\" \/>\n<meta property=\"og:locale\" content=\"pt_BR\" \/>\n<meta property=\"og:type\" content=\"article\" \/>\n<meta property=\"og:title\" content=\"Descubr\u00ed Puerto Blest y Lago Fr\u00edas por tu cuenta\" \/>\n<meta property=\"og:description\" content=\"Excursi\u00f3n sin traslado a Puerto Blest y Lago Fr\u00edas desde Puerto Pa\u00f1uelo. Ideal para quienes se mueven por su cuenta. Incluye dos navegaciones y gu\u00eda.\" \/>\n<meta property=\"og:url\" content=\"https:\/\/turismopatagonia.ar\/pt\/product\/puerto-blest-cachoeira-cantaros-lago-frias-sem-traslado\/\" \/>\n<meta property=\"og:site_name\" content=\"Turismo en Patagonia Bariloche\" \/>\n<meta property=\"article:modified_time\" content=\"2026-04-08T19:29:32+00:00\" \/>\n<meta property=\"og:image\" content=\"https:\/\/turismopatagonia.ar\/wp-content\/uploads\/2025\/04\/12-D-1-scaled.jpg\" \/>\n\t<meta property=\"og:image:width\" content=\"1920\" \/>\n\t<meta property=\"og:image:height\" content=\"2560\" \/>\n\t<meta property=\"og:image:type\" content=\"image\/jpeg\" \/>\n<meta name=\"twitter:card\" content=\"summary_large_image\" \/>\n<meta name=\"twitter:label1\" content=\"Pre\u00e7o\" \/>\n\t<meta name=\"twitter:data1\" content=\"&#036;&nbsp;190.000,00\" \/>\n\t<meta name=\"twitter:label2\" content=\"Disponibilidade\" \/>\n\t<meta name=\"twitter:data2\" content=\"Em Estoque\" \/>\n<script type=\"application\/ld+json\" class=\"yoast-schema-graph\">{\"@context\":\"https:\/\/schema.org\",\"@graph\":[{\"@type\":[\"WebPage\",\"ItemPage\"],\"@id\":\"https:\/\/turismopatagonia.ar\/product\/puerto-blest-cascada-cantaros-lago-frias-sin-traslado\",\"url\":\"https:\/\/turismopatagonia.ar\/product\/puerto-blest-cascada-cantaros-lago-frias-sin-traslado\",\"name\":\"Descubr\u00ed Puerto Blest y Lago Fr\u00edas por tu cuenta - Turismo en Patagonia Bariloche\",\"isPartOf\":{\"@id\":\"https:\/\/turismopatagonia.ar\/#website\"},\"primaryImageOfPage\":{\"@id\":\"https:\/\/turismopatagonia.ar\/product\/puerto-blest-cascada-cantaros-lago-frias-sin-traslado#primaryimage\"},\"image\":{\"@id\":\"https:\/\/turismopatagonia.ar\/product\/puerto-blest-cascada-cantaros-lago-frias-sin-traslado#primaryimage\"},\"thumbnailUrl\":\"https:\/\/turismopatagonia.ar\/wp-content\/uploads\/2025\/04\/12-D-1-scaled.jpg\",\"datePublished\":\"2025-04-12T21:09:31+00:00\",\"dateModified\":\"2026-04-08T19:29:32+00:00\",\"description\":\"Excursi\u00f3n sin traslado a Puerto Blest y Lago Fr\u00edas desde Puerto Pa\u00f1uelo. Ideal para quienes se mueven por su cuenta. Incluye dos navegaciones y gu\u00eda.\",\"breadcrumb\":{\"@id\":\"https:\/\/turismopatagonia.ar\/product\/puerto-blest-cascada-cantaros-lago-frias-sin-traslado#breadcrumb\"},\"inLanguage\":\"pt-BR\",\"potentialAction\":[{\"@type\":\"ReadAction\",\"target\":[\"https:\/\/turismopatagonia.ar\/product\/puerto-blest-cascada-cantaros-lago-frias-sin-traslado\"]}]},{\"@type\":\"ImageObject\",\"inLanguage\":\"pt-BR\",\"@id\":\"https:\/\/turismopatagonia.ar\/product\/puerto-blest-cascada-cantaros-lago-frias-sin-traslado#primaryimage\",\"url\":\"https:\/\/turismopatagonia.ar\/wp-content\/uploads\/2025\/04\/12-D-1-scaled.jpg\",\"contentUrl\":\"https:\/\/turismopatagonia.ar\/wp-content\/uploads\/2025\/04\/12-D-1-scaled.jpg\",\"width\":1920,\"height\":2560},{\"@type\":\"BreadcrumbList\",\"@id\":\"https:\/\/turismopatagonia.ar\/product\/puerto-blest-cascada-cantaros-lago-frias-sin-traslado#breadcrumb\",\"itemListElement\":[{\"@type\":\"ListItem\",\"position\":1,\"name\":\"Home\",\"item\":\"https:\/\/turismopatagonia.ar\/\"},{\"@type\":\"ListItem\",\"position\":2,\"name\":\"Shop\",\"item\":\"https:\/\/turismopatagonia.ar\/shop\"},{\"@type\":\"ListItem\",\"position\":3,\"name\":\"Descubr\u00ed Puerto Blest y Lago Fr\u00edas por tu cuenta\"}]},{\"@type\":\"WebSite\",\"@id\":\"https:\/\/turismopatagonia.ar\/#website\",\"url\":\"https:\/\/turismopatagonia.ar\/\",\"name\":\"Turismo en Patagonia Bariloche\",\"description\":\"Descubre la belleza de la Patagonia: gu\u00edas, actividades y destinos tur\u00edsticos en Bariloche y alrededores.\",\"publisher\":{\"@id\":\"https:\/\/turismopatagonia.ar\/#organization\"},\"potentialAction\":[{\"@type\":\"SearchAction\",\"target\":{\"@type\":\"EntryPoint\",\"urlTemplate\":\"https:\/\/turismopatagonia.ar\/?s={search_term_string}\"},\"query-input\":{\"@type\":\"PropertyValueSpecification\",\"valueRequired\":true,\"valueName\":\"search_term_string\"}}],\"inLanguage\":\"pt-BR\"},{\"@type\":\"Organization\",\"@id\":\"https:\/\/turismopatagonia.ar\/#organization\",\"name\":\"Turismo en Patagonia Bariloche\",\"url\":\"https:\/\/turismopatagonia.ar\/\",\"logo\":{\"@type\":\"ImageObject\",\"inLanguage\":\"pt-BR\",\"@id\":\"https:\/\/turismopatagonia.ar\/#\/schema\/logo\/image\/\",\"url\":\"https:\/\/turismopatagonia.ar\/wp-content\/uploads\/2023\/04\/logo-tirismo-copia.png\",\"contentUrl\":\"https:\/\/turismopatagonia.ar\/wp-content\/uploads\/2023\/04\/logo-tirismo-copia.png\",\"width\":270,\"height\":100,\"caption\":\"Turismo en Patagonia Bariloche\"},\"image\":{\"@id\":\"https:\/\/turismopatagonia.ar\/#\/schema\/logo\/image\/\"}}]}<\/script>\n<meta property=\"product:price:amount\" content=\"190000.00\" \/>\n<meta property=\"product:price:currency\" content=\"ARS\" \/>\n<meta property=\"og:availability\" content=\"instock\" \/>\n<meta property=\"product:availability\" content=\"instock\" \/>\n<meta property=\"product:retailer_item_id\" content=\"ADV2025PUBLYC33V7\" \/>\n<meta property=\"product:condition\" content=\"new\" \/>\n<!-- \/ Yoast SEO Premium plugin. -->","yoast_head_json":{"title":"Descubra Puerto Blest e Lago Frias por conta pr\u00f3pria - Turismo en Patagonia Bariloche","description":"Excurs\u00e3o sem traslado para Puerto Blest e Lago Frias a partir de Puerto Pa\u00f1uelo. Ideal para quem est\u00e1 por conta pr\u00f3pria. Inclui duas navega\u00e7\u00f5es e guia.","robots":{"index":"index","follow":"follow","max-snippet":"max-snippet:-1","max-image-preview":"max-image-preview:large","max-video-preview":"max-video-preview:-1"},"canonical":"https:\/\/turismopatagonia.ar\/pt\/product\/puerto-blest-cachoeira-cantaros-lago-frias-sem-traslado\/","og_locale":"pt_BR","og_type":"article","og_title":"Descubr\u00ed Puerto Blest y Lago Fr\u00edas por tu cuenta","og_description":"Excursi\u00f3n sin traslado a Puerto Blest y Lago Fr\u00edas desde Puerto Pa\u00f1uelo. Ideal para quienes se mueven por su cuenta. Incluye dos navegaciones y gu\u00eda.","og_url":"https:\/\/turismopatagonia.ar\/pt\/product\/puerto-blest-cachoeira-cantaros-lago-frias-sem-traslado\/","og_site_name":"Turismo en Patagonia Bariloche","article_modified_time":"2026-04-08T19:29:32+00:00","og_image":[{"width":1920,"height":2560,"url":"https:\/\/turismopatagonia.ar\/wp-content\/uploads\/2025\/04\/12-D-1-scaled.jpg","type":"image\/jpeg"}],"twitter_card":"summary_large_image","twitter_misc":{"Pre\u00e7o":"&#36;&nbsp;190.000,00","Disponibilidade":"Em Estoque"},"schema":{"@context":"https:\/\/schema.org","@graph":[{"@type":["WebPage","ItemPage"],"@id":"https:\/\/turismopatagonia.ar\/product\/puerto-blest-cascada-cantaros-lago-frias-sin-traslado","url":"https:\/\/turismopatagonia.ar\/product\/puerto-blest-cascada-cantaros-lago-frias-sin-traslado","name":"Descubra Puerto Blest e Lago Frias por conta pr\u00f3pria - Turismo en Patagonia Bariloche","isPartOf":{"@id":"https:\/\/turismopatagonia.ar\/#website"},"primaryImageOfPage":{"@id":"https:\/\/turismopatagonia.ar\/product\/puerto-blest-cascada-cantaros-lago-frias-sin-traslado#primaryimage"},"image":{"@id":"https:\/\/turismopatagonia.ar\/product\/puerto-blest-cascada-cantaros-lago-frias-sin-traslado#primaryimage"},"thumbnailUrl":"https:\/\/turismopatagonia.ar\/wp-content\/uploads\/2025\/04\/12-D-1-scaled.jpg","datePublished":"2025-04-12T21:09:31+00:00","dateModified":"2026-04-08T19:29:32+00:00","description":"Excurs\u00e3o sem traslado para Puerto Blest e Lago Frias a partir de Puerto Pa\u00f1uelo. Ideal para quem est\u00e1 por conta pr\u00f3pria. Inclui duas navega\u00e7\u00f5es e guia.","breadcrumb":{"@id":"https:\/\/turismopatagonia.ar\/product\/puerto-blest-cascada-cantaros-lago-frias-sin-traslado#breadcrumb"},"inLanguage":"pt-BR","potentialAction":[{"@type":"ReadAction","target":["https:\/\/turismopatagonia.ar\/product\/puerto-blest-cascada-cantaros-lago-frias-sin-traslado"]}]},{"@type":"ImageObject","inLanguage":"pt-BR","@id":"https:\/\/turismopatagonia.ar\/product\/puerto-blest-cascada-cantaros-lago-frias-sin-traslado#primaryimage","url":"https:\/\/turismopatagonia.ar\/wp-content\/uploads\/2025\/04\/12-D-1-scaled.jpg","contentUrl":"https:\/\/turismopatagonia.ar\/wp-content\/uploads\/2025\/04\/12-D-1-scaled.jpg","width":1920,"height":2560},{"@type":"BreadcrumbList","@id":"https:\/\/turismopatagonia.ar\/product\/puerto-blest-cascada-cantaros-lago-frias-sin-traslado#breadcrumb","itemListElement":[{"@type":"ListItem","position":1,"name":"Home","item":"https:\/\/turismopatagonia.ar\/"},{"@type":"ListItem","position":2,"name":"Shop","item":"https:\/\/turismopatagonia.ar\/shop"},{"@type":"ListItem","position":3,"name":"Descubr\u00ed Puerto Blest y Lago Fr\u00edas por tu cuenta"}]},{"@type":"WebSite","@id":"https:\/\/turismopatagonia.ar\/#website","url":"https:\/\/turismopatagonia.ar\/","name":"Turismo na Patag\u00f4nia Bariloche","description":"Descubra a beleza da Patag\u00f4nia: guias, atividades e destinos tur\u00edsticos em Bariloche e arredores.","publisher":{"@id":"https:\/\/turismopatagonia.ar\/#organization"},"potentialAction":[{"@type":"SearchAction","target":{"@type":"EntryPoint","urlTemplate":"https:\/\/turismopatagonia.ar\/?s={search_term_string}"},"query-input":{"@type":"PropertyValueSpecification","valueRequired":true,"valueName":"search_term_string"}}],"inLanguage":"pt-BR"},{"@type":"Organization","@id":"https:\/\/turismopatagonia.ar\/#organization","name":"Turismo na Patag\u00f4nia Bariloche","url":"https:\/\/turismopatagonia.ar\/","logo":{"@type":"ImageObject","inLanguage":"pt-BR","@id":"https:\/\/turismopatagonia.ar\/#\/schema\/logo\/image\/","url":"https:\/\/turismopatagonia.ar\/wp-content\/uploads\/2023\/04\/logo-tirismo-copia.png","contentUrl":"https:\/\/turismopatagonia.ar\/wp-content\/uploads\/2023\/04\/logo-tirismo-copia.png","width":270,"height":100,"caption":"Turismo en Patagonia Bariloche"},"image":{"@id":"https:\/\/turismopatagonia.ar\/#\/schema\/logo\/image\/"}}]},"product_price_amount":"190000.00","product_price_currency":"ARS","og_availability":"instock","product_availability":"instock","product_retailer_item_id":"ADV2025PUBLYC33V7","product_condition":"new"},"_links":{"self":[{"href":"https:\/\/turismopatagonia.ar\/pt\/wp-json\/wp\/v2\/product\/377160","targetHints":{"allow":["GET"]}}],"collection":[{"href":"https:\/\/turismopatagonia.ar\/pt\/wp-json\/wp\/v2\/product"}],"about":[{"href":"https:\/\/turismopatagonia.ar\/pt\/wp-json\/wp\/v2\/types\/product"}],"replies":[{"embeddable":true,"href":"https:\/\/turismopatagonia.ar\/pt\/wp-json\/wp\/v2\/comments?post=377160"}],"wp:featuredmedia":[{"embeddable":true,"href":"https:\/\/turismopatagonia.ar\/pt\/wp-json\/wp\/v2\/media\/377695"}],"wp:attachment":[{"href":"https:\/\/turismopatagonia.ar\/pt\/wp-json\/wp\/v2\/media?parent=377160"}],"wp:term":[{"taxonomy":"product_brand","embeddable":true,"href":"https:\/\/turismopatagonia.ar\/pt\/wp-json\/wp\/v2\/product_brand?post=377160"},{"taxonomy":"product_cat","embeddable":true,"href":"https:\/\/turismopatagonia.ar\/pt\/wp-json\/wp\/v2\/product_cat?post=377160"},{"taxonomy":"product_tag","embeddable":true,"href":"https:\/\/turismopatagonia.ar\/pt\/wp-json\/wp\/v2\/product_tag?post=377160"}],"curies":[{"name":"wp","href":"https:\/\/api.w.org\/{rel}","templated":true}]}}