{"id":377162,"date":"2026-04-09T16:14:02","date_gmt":"2026-04-09T19:14:02","guid":{"rendered":"https:\/\/turismopatagonia.ar\/?post_type=product&#038;p=377162"},"modified":"2026-04-10T15:11:11","modified_gmt":"2026-04-10T18:11:11","slug":"caminata-laguna-congelada-neumeyer","status":"publish","type":"product","link":"https:\/\/turismopatagonia.ar\/pt\/product\/caminhada-na-lagoa-congelada-de-neumeyer","title":{"rendered":"Caminhada at\u00e9 a Frozen Lagoon: experimente a neve sem gastar muito"},"content":{"rendered":"<h3 data-start=\"434\" data-end=\"557\"><strong data-start=\"438\" data-end=\"557\">Um passeio completo na neve, ideal para todos aqueles que querem descobrir a Patag\u00f4nia de inverno sem complica\u00e7\u00f5es.<\/strong><\/h3>\n<p data-start=\"559\" data-end=\"895\">Essa excurs\u00e3o \u00e9 perfeita para aqueles que querem conhecer a neve e as montanhas de uma forma simples, divertida e segura. De Bariloche, levamos voc\u00ea at\u00e9 o Ref\u00fagio Neumeyer, onde come\u00e7a uma caminhada guiada com raquetes de neve pela floresta andina nevada. Todo o percurso foi projetado para que voc\u00ea aprecie a paisagem sem esfor\u00e7o.<\/p>\n<p data-start=\"897\" data-end=\"1181\">A estrada leva ao <strong data-start=\"922\" data-end=\"942\">lagoa congelada<\/strong>, Um lugar \u00fanico onde voc\u00ea far\u00e1 uma pausa com ch\u00e1 e um doce regional. Em seguida, retornaremos ao ref\u00fagio para compartilhar um <strong data-start=\"1064\" data-end=\"1085\">almo\u00e7o completo<\/strong>, E para finalizar o passeio com divers\u00e3o, h\u00e1 tempo para deslizar pela neve nas culipatinas.<\/p>\n<p data-start=\"1183\" data-end=\"1444\">A excurs\u00e3o \u00e9 realizada em dois turnos: pela manh\u00e3 (9:00 \u00e0s 16:00) ou \u00e0 tarde (11:00 \u00e0s 18:00). O traslado \u00e9 feito a partir dos pontos de encontro localizados na Avenida Bustillo ou na Avenida Pioneros, at\u00e9 o km 8. Tudo \u00e9 organizado para que voc\u00ea n\u00e3o tenha que se preocupar com nada.<\/p>\n<p data-start=\"1446\" data-end=\"1592\">Inclui guia, traslado do ponto de encontro, equipamento de raquetes de neve, bebidas na lagoa e almo\u00e7o. N\u00e3o inclui roupas de neve e bebidas.<\/p>\n<h3 data-start=\"1599\" data-end=\"1627\"><strong data-start=\"1603\" data-end=\"1627\">Perguntas frequentes<\/strong><\/h3>\n<p data-start=\"1629\" data-end=\"1744\"><strong data-start=\"1629\" data-end=\"1658\">A alimenta\u00e7\u00e3o est\u00e1 inclu\u00edda?<\/strong><br data-start=\"1658\" data-end=\"1661\" \/>Sim, o almo\u00e7o completo no ref\u00fagio est\u00e1 inclu\u00eddo. As bebidas devem ser pagas separadamente.<\/p>\n<p data-start=\"1746\" data-end=\"1877\"><strong data-start=\"1746\" data-end=\"1776\">\u00c9 para todas as idades?<\/strong><br data-start=\"1776\" data-end=\"1779\" \/>Sim, \u00e9 uma caminhada f\u00e1cil, ideal para fam\u00edlias e pessoas sem experi\u00eancia em atividades na neve.<\/p>\n<p data-start=\"1879\" data-end=\"1985\"><strong data-start=\"1879\" data-end=\"1904\">O que eu preciso levar?<\/strong><br data-start=\"1904\" data-end=\"1907\" \/>Agasalhos, cal\u00e7ados \u00e0 prova d'\u00e1gua, chap\u00e9u, luvas e, se tiver, roupas para neve.<\/p>\n<p data-start=\"1987\" data-end=\"2143\"><strong data-start=\"1987\" data-end=\"2013\">E se o tempo estiver ruim?<\/strong><br data-start=\"2013\" data-end=\"2016\" \/>O passeio est\u00e1 dispon\u00edvel independentemente de estar nevando ou chovendo. Ele s\u00f3 \u00e9 cancelado devido a condi\u00e7\u00f5es clim\u00e1ticas extremas e, nesse caso, oferecemos um novo agendamento.<\/p>\n<p><strong>Aviso importante:<\/strong> Este passeio j\u00e1 est\u00e1 dispon\u00edvel para pr\u00e9-reserva. As sa\u00eddas operam de 15 de junho a 20 de agosto, sujeitas ao calend\u00e1rio sazonal.<\/p>","protected":false},"excerpt":{"rendered":"<p>Descubra uma experi\u00eancia \u00fanica na Patag\u00f4nia por meio de uma caminhada guiada at\u00e9 a m\u00edstica lagoa congelada Neumeyer. Desfrute de uma jornada em meio a paisagens nevadas, com paradas panor\u00e2micas e um delicioso almo\u00e7o, projetado para aqueles que valorizam a aventura, o conforto e a conex\u00e3o com a natureza.<\/p>","protected":false},"featured_media":377704,"comment_status":"open","ping_status":"closed","template":"","meta":[],"product_brand":[],"product_cat":[37,39,50,41,42,45,46,49],"product_tag":[],"class_list":{"0":"post-377162","1":"product","2":"type-product","3":"status-publish","4":"has-post-thumbnail","6":"product_cat-adultos","7":"product_cat-aventura","8":"product_cat-con-comida","9":"product_cat-con-traslado","10":"product_cat-familia","11":"product_cat-invierno","12":"product_cat-ninos","13":"product_cat-terrestre","15":"first","16":"instock","17":"virtual","18":"sold-individually","19":"purchasable","20":"product-type-booking"},"booking_location":"","booking_location_type":"","booking_duration":1,"booking_duration_unit":"hour","booking_buffer":0,"booking_cost":0,"booking_resources":[],"exclude_global_add_ons":false,"addons":[{"name":"ADU: Adulto","type":"input_multiplier","position":0,"required":false,"title_format":"label","default":"","description_enable":false,"description":"","placeholder_enable":false,"placeholder":"","display":"select","restrictions_type":"any_text","adjust_price":true,"price":"250000","price_type":"quantity_based","restrictions":false,"min":"0","max":"0","options":[],"id":1775833848},{"name":"MEN412 : de 4 a 12","type":"input_multiplier","position":1,"required":false,"title_format":"label","default":"","description_enable":false,"description":"","placeholder_enable":false,"placeholder":"","display":"select","restrictions_type":"any_text","adjust_price":true,"price":"222000","price_type":"quantity_based","restrictions":false,"min":"0","max":"0","options":[],"id":1775833849}],"yoast_head":"<!-- This site is optimized with the Yoast SEO Premium plugin v24.5 (Yoast SEO v24.8) - https:\/\/yoast.com\/wordpress\/plugins\/seo\/ -->\n<title>Caminata a la Laguna Congelada: viv\u00ed la nieve sin gastar de m\u00e1s - Turismo en Patagonia Bariloche<\/title>\n<meta name=\"description\" content=\"Caminata a la Laguna Congelada con raquetas, almuerzo y culipatines. Excursi\u00f3n desde Bariloche, accesible y divertida. Ideal para familias y presupuestos ajustados.\" \/>\n<meta name=\"robots\" content=\"index, follow, max-snippet:-1, max-image-preview:large, max-video-preview:-1\" \/>\n<link rel=\"canonical\" href=\"https:\/\/turismopatagonia.ar\/pt\/product\/caminhada-na-lagoa-congelada-de-neumeyer\/\" \/>\n<meta property=\"og:locale\" content=\"pt_BR\" \/>\n<meta property=\"og:type\" content=\"article\" \/>\n<meta property=\"og:title\" content=\"Caminata a la Laguna Congelada: viv\u00ed la nieve sin gastar de m\u00e1s\" \/>\n<meta property=\"og:description\" content=\"Caminata a la Laguna Congelada con raquetas, almuerzo y culipatines. Excursi\u00f3n desde Bariloche, accesible y divertida. Ideal para familias y presupuestos ajustados.\" \/>\n<meta property=\"og:url\" content=\"https:\/\/turismopatagonia.ar\/pt\/product\/caminhada-na-lagoa-congelada-de-neumeyer\/\" \/>\n<meta property=\"og:site_name\" content=\"Turismo en Patagonia Bariloche\" \/>\n<meta property=\"article:modified_time\" content=\"2026-04-10T18:11:11+00:00\" \/>\n<meta property=\"og:image\" content=\"https:\/\/turismopatagonia.ar\/wp-content\/uploads\/2025\/04\/6-A-refugio-neumeyer-scaled.jpg\" \/>\n\t<meta property=\"og:image:width\" content=\"1920\" \/>\n\t<meta property=\"og:image:height\" content=\"2560\" \/>\n\t<meta property=\"og:image:type\" content=\"image\/jpeg\" \/>\n<meta name=\"twitter:card\" content=\"summary_large_image\" \/>\n<meta name=\"twitter:label1\" content=\"Pre\u00e7o\" \/>\n\t<meta name=\"twitter:data1\" content=\"&#036;&nbsp;250.000,00\" \/>\n\t<meta name=\"twitter:label2\" content=\"Disponibilidade\" \/>\n\t<meta name=\"twitter:data2\" content=\"Em Estoque\" \/>\n<script type=\"application\/ld+json\" class=\"yoast-schema-graph\">{\"@context\":\"https:\/\/schema.org\",\"@graph\":[{\"@type\":[\"WebPage\",\"ItemPage\"],\"@id\":\"https:\/\/turismopatagonia.ar\/product\/caminata-laguna-congelada-neumeyer\",\"url\":\"https:\/\/turismopatagonia.ar\/product\/caminata-laguna-congelada-neumeyer\",\"name\":\"Caminata a la Laguna Congelada: viv\u00ed la nieve sin gastar de m\u00e1s - Turismo en Patagonia Bariloche\",\"isPartOf\":{\"@id\":\"https:\/\/turismopatagonia.ar\/#website\"},\"primaryImageOfPage\":{\"@id\":\"https:\/\/turismopatagonia.ar\/product\/caminata-laguna-congelada-neumeyer#primaryimage\"},\"image\":{\"@id\":\"https:\/\/turismopatagonia.ar\/product\/caminata-laguna-congelada-neumeyer#primaryimage\"},\"thumbnailUrl\":\"https:\/\/turismopatagonia.ar\/wp-content\/uploads\/2025\/04\/6-A-refugio-neumeyer-scaled.jpg\",\"datePublished\":\"2026-04-09T19:14:02+00:00\",\"dateModified\":\"2026-04-10T18:11:11+00:00\",\"description\":\"Caminata a la Laguna Congelada con raquetas, almuerzo y culipatines. Excursi\u00f3n desde Bariloche, accesible y divertida. Ideal para familias y presupuestos ajustados.\",\"breadcrumb\":{\"@id\":\"https:\/\/turismopatagonia.ar\/product\/caminata-laguna-congelada-neumeyer#breadcrumb\"},\"inLanguage\":\"pt-BR\",\"potentialAction\":[{\"@type\":\"ReadAction\",\"target\":[\"https:\/\/turismopatagonia.ar\/product\/caminata-laguna-congelada-neumeyer\"]}]},{\"@type\":\"ImageObject\",\"inLanguage\":\"pt-BR\",\"@id\":\"https:\/\/turismopatagonia.ar\/product\/caminata-laguna-congelada-neumeyer#primaryimage\",\"url\":\"https:\/\/turismopatagonia.ar\/wp-content\/uploads\/2025\/04\/6-A-refugio-neumeyer-scaled.jpg\",\"contentUrl\":\"https:\/\/turismopatagonia.ar\/wp-content\/uploads\/2025\/04\/6-A-refugio-neumeyer-scaled.jpg\",\"width\":1920,\"height\":2560},{\"@type\":\"BreadcrumbList\",\"@id\":\"https:\/\/turismopatagonia.ar\/product\/caminata-laguna-congelada-neumeyer#breadcrumb\",\"itemListElement\":[{\"@type\":\"ListItem\",\"position\":1,\"name\":\"Home\",\"item\":\"https:\/\/turismopatagonia.ar\/\"},{\"@type\":\"ListItem\",\"position\":2,\"name\":\"Shop\",\"item\":\"https:\/\/turismopatagonia.ar\/shop\"},{\"@type\":\"ListItem\",\"position\":3,\"name\":\"Caminata a la Laguna Congelada: viv\u00ed la nieve sin gastar de m\u00e1s\"}]},{\"@type\":\"WebSite\",\"@id\":\"https:\/\/turismopatagonia.ar\/#website\",\"url\":\"https:\/\/turismopatagonia.ar\/\",\"name\":\"Turismo en Patagonia Bariloche\",\"description\":\"Descubre la belleza de la Patagonia: gu\u00edas, actividades y destinos tur\u00edsticos en Bariloche y alrededores.\",\"publisher\":{\"@id\":\"https:\/\/turismopatagonia.ar\/#organization\"},\"potentialAction\":[{\"@type\":\"SearchAction\",\"target\":{\"@type\":\"EntryPoint\",\"urlTemplate\":\"https:\/\/turismopatagonia.ar\/?s={search_term_string}\"},\"query-input\":{\"@type\":\"PropertyValueSpecification\",\"valueRequired\":true,\"valueName\":\"search_term_string\"}}],\"inLanguage\":\"pt-BR\"},{\"@type\":\"Organization\",\"@id\":\"https:\/\/turismopatagonia.ar\/#organization\",\"name\":\"Turismo en Patagonia Bariloche\",\"url\":\"https:\/\/turismopatagonia.ar\/\",\"logo\":{\"@type\":\"ImageObject\",\"inLanguage\":\"pt-BR\",\"@id\":\"https:\/\/turismopatagonia.ar\/#\/schema\/logo\/image\/\",\"url\":\"https:\/\/turismopatagonia.ar\/wp-content\/uploads\/2023\/04\/logo-tirismo-copia.png\",\"contentUrl\":\"https:\/\/turismopatagonia.ar\/wp-content\/uploads\/2023\/04\/logo-tirismo-copia.png\",\"width\":270,\"height\":100,\"caption\":\"Turismo en Patagonia Bariloche\"},\"image\":{\"@id\":\"https:\/\/turismopatagonia.ar\/#\/schema\/logo\/image\/\"}}]}<\/script>\n<meta property=\"product:price:amount\" content=\"250000.00\" \/>\n<meta property=\"product:price:currency\" content=\"ARS\" \/>\n<meta property=\"og:availability\" content=\"instock\" \/>\n<meta property=\"product:availability\" content=\"instock\" \/>\n<meta property=\"product:retailer_item_id\" content=\"ADV2025CAALALE5DM\" \/>\n<meta property=\"product:condition\" content=\"new\" \/>\n<!-- \/ Yoast SEO Premium plugin. -->","yoast_head_json":{"title":"Caminhada \u00e0 Lagoa Gelada: conhe\u00e7a a neve sem gastar muito - Turismo en Patagonia Bariloche","description":"Caminhada at\u00e9 a Laguna Congelada com raquetes de neve, almo\u00e7o e culipatinas. Excurs\u00e3o de Bariloche, acess\u00edvel e divertida. Ideal para fam\u00edlias e or\u00e7amentos apertados.","robots":{"index":"index","follow":"follow","max-snippet":"max-snippet:-1","max-image-preview":"max-image-preview:large","max-video-preview":"max-video-preview:-1"},"canonical":"https:\/\/turismopatagonia.ar\/pt\/product\/caminhada-na-lagoa-congelada-de-neumeyer\/","og_locale":"pt_BR","og_type":"article","og_title":"Caminata a la Laguna Congelada: viv\u00ed la nieve sin gastar de m\u00e1s","og_description":"Caminata a la Laguna Congelada con raquetas, almuerzo y culipatines. Excursi\u00f3n desde Bariloche, accesible y divertida. Ideal para familias y presupuestos ajustados.","og_url":"https:\/\/turismopatagonia.ar\/pt\/product\/caminhada-na-lagoa-congelada-de-neumeyer\/","og_site_name":"Turismo en Patagonia Bariloche","article_modified_time":"2026-04-10T18:11:11+00:00","og_image":[{"width":1920,"height":2560,"url":"https:\/\/turismopatagonia.ar\/wp-content\/uploads\/2025\/04\/6-A-refugio-neumeyer-scaled.jpg","type":"image\/jpeg"}],"twitter_card":"summary_large_image","twitter_misc":{"Pre\u00e7o":"&#36;&nbsp;250.000,00","Disponibilidade":"Em Estoque"},"schema":{"@context":"https:\/\/schema.org","@graph":[{"@type":["WebPage","ItemPage"],"@id":"https:\/\/turismopatagonia.ar\/product\/caminata-laguna-congelada-neumeyer","url":"https:\/\/turismopatagonia.ar\/product\/caminata-laguna-congelada-neumeyer","name":"Caminhada \u00e0 Lagoa Gelada: conhe\u00e7a a neve sem gastar muito - Turismo en Patagonia Bariloche","isPartOf":{"@id":"https:\/\/turismopatagonia.ar\/#website"},"primaryImageOfPage":{"@id":"https:\/\/turismopatagonia.ar\/product\/caminata-laguna-congelada-neumeyer#primaryimage"},"image":{"@id":"https:\/\/turismopatagonia.ar\/product\/caminata-laguna-congelada-neumeyer#primaryimage"},"thumbnailUrl":"https:\/\/turismopatagonia.ar\/wp-content\/uploads\/2025\/04\/6-A-refugio-neumeyer-scaled.jpg","datePublished":"2026-04-09T19:14:02+00:00","dateModified":"2026-04-10T18:11:11+00:00","description":"Caminhada at\u00e9 a Laguna Congelada com raquetes de neve, almo\u00e7o e culipatinas. Excurs\u00e3o de Bariloche, acess\u00edvel e divertida. Ideal para fam\u00edlias e or\u00e7amentos apertados.","breadcrumb":{"@id":"https:\/\/turismopatagonia.ar\/product\/caminata-laguna-congelada-neumeyer#breadcrumb"},"inLanguage":"pt-BR","potentialAction":[{"@type":"ReadAction","target":["https:\/\/turismopatagonia.ar\/product\/caminata-laguna-congelada-neumeyer"]}]},{"@type":"ImageObject","inLanguage":"pt-BR","@id":"https:\/\/turismopatagonia.ar\/product\/caminata-laguna-congelada-neumeyer#primaryimage","url":"https:\/\/turismopatagonia.ar\/wp-content\/uploads\/2025\/04\/6-A-refugio-neumeyer-scaled.jpg","contentUrl":"https:\/\/turismopatagonia.ar\/wp-content\/uploads\/2025\/04\/6-A-refugio-neumeyer-scaled.jpg","width":1920,"height":2560},{"@type":"BreadcrumbList","@id":"https:\/\/turismopatagonia.ar\/product\/caminata-laguna-congelada-neumeyer#breadcrumb","itemListElement":[{"@type":"ListItem","position":1,"name":"Home","item":"https:\/\/turismopatagonia.ar\/"},{"@type":"ListItem","position":2,"name":"Shop","item":"https:\/\/turismopatagonia.ar\/shop"},{"@type":"ListItem","position":3,"name":"Caminata a la Laguna Congelada: viv\u00ed la nieve sin gastar de m\u00e1s"}]},{"@type":"WebSite","@id":"https:\/\/turismopatagonia.ar\/#website","url":"https:\/\/turismopatagonia.ar\/","name":"Turismo na Patag\u00f4nia Bariloche","description":"Descubra a beleza da Patag\u00f4nia: guias, atividades e destinos tur\u00edsticos em Bariloche e arredores.","publisher":{"@id":"https:\/\/turismopatagonia.ar\/#organization"},"potentialAction":[{"@type":"SearchAction","target":{"@type":"EntryPoint","urlTemplate":"https:\/\/turismopatagonia.ar\/?s={search_term_string}"},"query-input":{"@type":"PropertyValueSpecification","valueRequired":true,"valueName":"search_term_string"}}],"inLanguage":"pt-BR"},{"@type":"Organization","@id":"https:\/\/turismopatagonia.ar\/#organization","name":"Turismo na Patag\u00f4nia Bariloche","url":"https:\/\/turismopatagonia.ar\/","logo":{"@type":"ImageObject","inLanguage":"pt-BR","@id":"https:\/\/turismopatagonia.ar\/#\/schema\/logo\/image\/","url":"https:\/\/turismopatagonia.ar\/wp-content\/uploads\/2023\/04\/logo-tirismo-copia.png","contentUrl":"https:\/\/turismopatagonia.ar\/wp-content\/uploads\/2023\/04\/logo-tirismo-copia.png","width":270,"height":100,"caption":"Turismo en Patagonia Bariloche"},"image":{"@id":"https:\/\/turismopatagonia.ar\/#\/schema\/logo\/image\/"}}]},"product_price_amount":"250000.00","product_price_currency":"ARS","og_availability":"instock","product_availability":"instock","product_retailer_item_id":"ADV2025CAALALE5DM","product_condition":"new"},"_links":{"self":[{"href":"https:\/\/turismopatagonia.ar\/pt\/wp-json\/wp\/v2\/product\/377162","targetHints":{"allow":["GET"]}}],"collection":[{"href":"https:\/\/turismopatagonia.ar\/pt\/wp-json\/wp\/v2\/product"}],"about":[{"href":"https:\/\/turismopatagonia.ar\/pt\/wp-json\/wp\/v2\/types\/product"}],"replies":[{"embeddable":true,"href":"https:\/\/turismopatagonia.ar\/pt\/wp-json\/wp\/v2\/comments?post=377162"}],"wp:featuredmedia":[{"embeddable":true,"href":"https:\/\/turismopatagonia.ar\/pt\/wp-json\/wp\/v2\/media\/377704"}],"wp:attachment":[{"href":"https:\/\/turismopatagonia.ar\/pt\/wp-json\/wp\/v2\/media?parent=377162"}],"wp:term":[{"taxonomy":"product_brand","embeddable":true,"href":"https:\/\/turismopatagonia.ar\/pt\/wp-json\/wp\/v2\/product_brand?post=377162"},{"taxonomy":"product_cat","embeddable":true,"href":"https:\/\/turismopatagonia.ar\/pt\/wp-json\/wp\/v2\/product_cat?post=377162"},{"taxonomy":"product_tag","embeddable":true,"href":"https:\/\/turismopatagonia.ar\/pt\/wp-json\/wp\/v2\/product_tag?post=377162"}],"curies":[{"name":"wp","href":"https:\/\/api.w.org\/{rel}","templated":true}]}}