{"id":377163,"date":"2026-04-09T16:14:05","date_gmt":"2026-04-09T19:14:05","guid":{"rendered":"https:\/\/turismopatagonia.ar\/?post_type=product&#038;p=377163"},"modified":"2026-04-10T15:07:50","modified_gmt":"2026-04-10T18:07:50","slug":"roca-negra-exclusivo","status":"publish","type":"product","link":"https:\/\/turismopatagonia.ar\/pt\/product\/black-rock-exclusivo","title":{"rendered":"Roca Negra Exclusive"},"content":{"rendered":"<h2>Explore a magia de Black Rock<\/h2>\n<p>Mergulhe em uma experi\u00eancia inigual\u00e1vel, projetada para aqueles que buscam aventura, exclusividade e uma profunda conex\u00e3o com a natureza. Localizado no emblem\u00e1tico Parque Nacional Nahuel Huapi, e a poucos quil\u00f4metros de San Carlos de Bariloche, este passeio lhe permitir\u00e1 desfrutar de paisagens de sonho e momentos memor\u00e1veis.<\/p>\n<h3>Itiner\u00e1rio da excurs\u00e3o<\/h3>\n<ul>\n<li><strong>Transfer\u00eancias exclusivas:<\/strong> Atendimento personalizado em sua acomoda\u00e7\u00e3o, garantindo conforto e seguran\u00e7a.<\/li>\n<li><strong>Rota em ve\u00edculos 4\u00d74:<\/strong> Viaje por estradas de montanha e desfrute de vistas panor\u00e2micas de tirar o f\u00f4lego.<\/li>\n<li><strong>Raquetes de neve:<\/strong> Explore as trilhas nevadas com guias especializados, mergulhando na beleza dos arredores.<\/li>\n<li><strong>Experi\u00eancia em cabanas de montanha:<\/strong> Saboreie as especialidades locais em um ambiente acolhedor e aconchegante, ideal para recarregar as baterias ap\u00f3s a aventura.<\/li>\n<\/ul>\n<h3>Detalhes relevantes<\/h3>\n<p>A promo\u00e7\u00e3o especial se aplica de 01 de abril de 2025 a 15 de agosto de 2025. \u00c9 importante observar que as roupas para neve e as bebidas devem ser adquiridas separadamente.<\/p>\n<h3>Perguntas frequentes (FAQ)<\/h3>\n<ul>\n<li><strong>Quais atividades est\u00e3o inclu\u00eddas no passeio?<\/strong> O pacote inclui traslados do hotel, um emocionante passeio em um ve\u00edculo 4\u00d74, caminhadas guiadas com raquetes de neve e uma experi\u00eancia culin\u00e1ria na cabana da montanha.<\/li>\n<li><strong>Quais elementos n\u00e3o est\u00e3o cobertos pelo pacote?<\/strong> Roupas de neve e bebidas n\u00e3o est\u00e3o inclu\u00eddas e devem ser adquiridas separadamente.<\/li>\n<li><strong>Quais s\u00e3o os hor\u00e1rios de partida?<\/strong> As excurs\u00f5es est\u00e3o programadas para sair das 10:00 \u00e0s 16:30 e das 14:00 \u00e0s 20:30.<\/li>\n<\/ul>\n<p>Descubra um passeio cheio de emo\u00e7\u00e3o e distin\u00e7\u00e3o, onde cada momento \u00e9 projetado para se conectar com a ess\u00eancia da natureza de forma segura e confort\u00e1vel. Viva a experi\u00eancia \u00fanica do Roca Negra Exclusive.<\/p>\n<p><strong>Aviso importante<\/strong>Este passeio j\u00e1 est\u00e1 dispon\u00edvel para pr\u00e9-reserva. As sa\u00eddas operam de 15 de junho a 20 de agosto, sujeitas ao calend\u00e1rio sazonal.<\/p>","protected":false},"excerpt":{"rendered":"<p>Experimente uma aventura de inverno \u00fanica em Roca Negra. Desfrute de um emocionante passeio de 4\u00d74, caminhadas na neve e uma recep\u00e7\u00e3o calorosa em um ref\u00fagio nas montanhas, ideal para quem busca exclusividade e conforto em meio \u00e0 natureza.<\/p>","protected":false},"featured_media":377720,"comment_status":"open","ping_status":"closed","template":"","meta":[],"product_brand":[],"product_cat":[37,39,50,41,42,45,46,49],"product_tag":[],"class_list":{"0":"post-377163","1":"product","2":"type-product","3":"status-publish","4":"has-post-thumbnail","6":"product_cat-adultos","7":"product_cat-aventura","8":"product_cat-con-comida","9":"product_cat-con-traslado","10":"product_cat-familia","11":"product_cat-invierno","12":"product_cat-ninos","13":"product_cat-terrestre","15":"first","16":"instock","17":"virtual","18":"sold-individually","19":"purchasable","20":"product-type-booking"},"booking_location":"","booking_location_type":"","booking_duration":1,"booking_duration_unit":"hour","booking_buffer":0,"booking_cost":0,"booking_resources":[],"exclude_global_add_ons":false,"addons":[{"name":"ADU: Adulto","type":"input_multiplier","position":0,"required":false,"title_format":"label","default":"","description_enable":false,"description":"","placeholder_enable":false,"placeholder":"","display":"select","restrictions_type":"any_text","adjust_price":true,"price":"288000","price_type":"quantity_based","restrictions":false,"min":"0","max":"0","options":[],"id":1775833628},{"name":"MEN412 | De 4 a 12","type":"input_multiplier","position":1,"required":false,"title_format":"label","default":"","description_enable":false,"description":"","placeholder_enable":false,"placeholder":"","display":"select","restrictions_type":"any_text","adjust_price":true,"price":"240000","price_type":"quantity_based","restrictions":false,"min":"0","max":"0","options":[],"id":1775833629},{"name":"INF04 | De 0 a 4","type":"input_multiplier","position":2,"required":false,"title_format":"label","default":"","description_enable":false,"description":"","placeholder_enable":false,"placeholder":"","display":"select","restrictions_type":"any_text","adjust_price":true,"price":"","price_type":"quantity_based","restrictions":false,"min":"0","max":"0","options":[],"id":1775833630}],"yoast_head":"<!-- This site is optimized with the Yoast SEO Premium plugin v24.5 (Yoast SEO v24.8) - https:\/\/yoast.com\/wordpress\/plugins\/seo\/ -->\n<title>Roca Negra Exclusivo - Turismo en Patagonia Bariloche<\/title>\n<meta name=\"robots\" content=\"index, follow, max-snippet:-1, max-image-preview:large, max-video-preview:-1\" \/>\n<link rel=\"canonical\" href=\"https:\/\/turismopatagonia.ar\/pt\/product\/black-rock-exclusivo\/\" \/>\n<meta property=\"og:locale\" content=\"pt_BR\" \/>\n<meta property=\"og:type\" content=\"article\" \/>\n<meta property=\"og:title\" content=\"Roca Negra Exclusivo\" \/>\n<meta property=\"og:description\" content=\"Vive una aventura invernal \u00fanica en Roca Negra. Disfrut\u00e1 de un emocionante recorrido en 4x4, caminata con raquetas sobre nieve y una c\u00e1lida acogida en un refugio de monta\u00f1a, ideal para quienes buscan exclusividad y confort en plena naturaleza.\" \/>\n<meta property=\"og:url\" content=\"https:\/\/turismopatagonia.ar\/pt\/product\/black-rock-exclusivo\/\" \/>\n<meta property=\"og:site_name\" content=\"Turismo en Patagonia Bariloche\" \/>\n<meta property=\"article:modified_time\" content=\"2026-04-10T18:07:50+00:00\" \/>\n<meta property=\"og:image\" content=\"https:\/\/turismopatagonia.ar\/wp-content\/uploads\/2025\/04\/7-B-IMG_6702-scaled.jpg\" \/>\n\t<meta property=\"og:image:width\" content=\"1920\" \/>\n\t<meta property=\"og:image:height\" content=\"2560\" \/>\n\t<meta property=\"og:image:type\" content=\"image\/jpeg\" \/>\n<meta name=\"twitter:card\" content=\"summary_large_image\" \/>\n<meta name=\"twitter:label1\" content=\"Pre\u00e7o\" \/>\n\t<meta name=\"twitter:data1\" content=\"&#036;&nbsp;288.000,00\" \/>\n\t<meta name=\"twitter:label2\" content=\"Disponibilidade\" \/>\n\t<meta name=\"twitter:data2\" content=\"Em Estoque\" \/>\n<script type=\"application\/ld+json\" class=\"yoast-schema-graph\">{\"@context\":\"https:\/\/schema.org\",\"@graph\":[{\"@type\":[\"WebPage\",\"ItemPage\"],\"@id\":\"https:\/\/turismopatagonia.ar\/product\/roca-negra-exclusivo\",\"url\":\"https:\/\/turismopatagonia.ar\/product\/roca-negra-exclusivo\",\"name\":\"Roca Negra Exclusivo - Turismo en Patagonia Bariloche\",\"isPartOf\":{\"@id\":\"https:\/\/turismopatagonia.ar\/#website\"},\"primaryImageOfPage\":{\"@id\":\"https:\/\/turismopatagonia.ar\/product\/roca-negra-exclusivo#primaryimage\"},\"image\":{\"@id\":\"https:\/\/turismopatagonia.ar\/product\/roca-negra-exclusivo#primaryimage\"},\"thumbnailUrl\":\"https:\/\/turismopatagonia.ar\/wp-content\/uploads\/2025\/04\/7-B-IMG_6702-scaled.jpg\",\"datePublished\":\"2026-04-09T19:14:05+00:00\",\"dateModified\":\"2026-04-10T18:07:50+00:00\",\"breadcrumb\":{\"@id\":\"https:\/\/turismopatagonia.ar\/product\/roca-negra-exclusivo#breadcrumb\"},\"inLanguage\":\"pt-BR\",\"potentialAction\":[{\"@type\":\"ReadAction\",\"target\":[\"https:\/\/turismopatagonia.ar\/product\/roca-negra-exclusivo\"]}]},{\"@type\":\"ImageObject\",\"inLanguage\":\"pt-BR\",\"@id\":\"https:\/\/turismopatagonia.ar\/product\/roca-negra-exclusivo#primaryimage\",\"url\":\"https:\/\/turismopatagonia.ar\/wp-content\/uploads\/2025\/04\/7-B-IMG_6702-scaled.jpg\",\"contentUrl\":\"https:\/\/turismopatagonia.ar\/wp-content\/uploads\/2025\/04\/7-B-IMG_6702-scaled.jpg\",\"width\":1920,\"height\":2560},{\"@type\":\"BreadcrumbList\",\"@id\":\"https:\/\/turismopatagonia.ar\/product\/roca-negra-exclusivo#breadcrumb\",\"itemListElement\":[{\"@type\":\"ListItem\",\"position\":1,\"name\":\"Home\",\"item\":\"https:\/\/turismopatagonia.ar\/\"},{\"@type\":\"ListItem\",\"position\":2,\"name\":\"Shop\",\"item\":\"https:\/\/turismopatagonia.ar\/shop\"},{\"@type\":\"ListItem\",\"position\":3,\"name\":\"Roca Negra Exclusivo\"}]},{\"@type\":\"WebSite\",\"@id\":\"https:\/\/turismopatagonia.ar\/#website\",\"url\":\"https:\/\/turismopatagonia.ar\/\",\"name\":\"Turismo en Patagonia Bariloche\",\"description\":\"Descubre la belleza de la Patagonia: gu\u00edas, actividades y destinos tur\u00edsticos en Bariloche y alrededores.\",\"publisher\":{\"@id\":\"https:\/\/turismopatagonia.ar\/#organization\"},\"potentialAction\":[{\"@type\":\"SearchAction\",\"target\":{\"@type\":\"EntryPoint\",\"urlTemplate\":\"https:\/\/turismopatagonia.ar\/?s={search_term_string}\"},\"query-input\":{\"@type\":\"PropertyValueSpecification\",\"valueRequired\":true,\"valueName\":\"search_term_string\"}}],\"inLanguage\":\"pt-BR\"},{\"@type\":\"Organization\",\"@id\":\"https:\/\/turismopatagonia.ar\/#organization\",\"name\":\"Turismo en Patagonia Bariloche\",\"url\":\"https:\/\/turismopatagonia.ar\/\",\"logo\":{\"@type\":\"ImageObject\",\"inLanguage\":\"pt-BR\",\"@id\":\"https:\/\/turismopatagonia.ar\/#\/schema\/logo\/image\/\",\"url\":\"https:\/\/turismopatagonia.ar\/wp-content\/uploads\/2023\/04\/logo-tirismo-copia.png\",\"contentUrl\":\"https:\/\/turismopatagonia.ar\/wp-content\/uploads\/2023\/04\/logo-tirismo-copia.png\",\"width\":270,\"height\":100,\"caption\":\"Turismo en Patagonia Bariloche\"},\"image\":{\"@id\":\"https:\/\/turismopatagonia.ar\/#\/schema\/logo\/image\/\"}}]}<\/script>\n<meta property=\"product:price:amount\" content=\"288000.00\" \/>\n<meta property=\"product:price:currency\" content=\"ARS\" \/>\n<meta property=\"og:availability\" content=\"instock\" \/>\n<meta property=\"product:availability\" content=\"instock\" \/>\n<meta property=\"product:retailer_item_id\" content=\"ADV2025RONEEXHQG7\" \/>\n<meta property=\"product:condition\" content=\"new\" \/>\n<!-- \/ Yoast SEO Premium plugin. -->","yoast_head_json":{"title":"Roca Negra Exclusive - Turismo na Patag\u00f4nia Bariloche","robots":{"index":"index","follow":"follow","max-snippet":"max-snippet:-1","max-image-preview":"max-image-preview:large","max-video-preview":"max-video-preview:-1"},"canonical":"https:\/\/turismopatagonia.ar\/pt\/product\/black-rock-exclusivo\/","og_locale":"pt_BR","og_type":"article","og_title":"Roca Negra Exclusivo","og_description":"Vive una aventura invernal \u00fanica en Roca Negra. Disfrut\u00e1 de un emocionante recorrido en 4x4, caminata con raquetas sobre nieve y una c\u00e1lida acogida en un refugio de monta\u00f1a, ideal para quienes buscan exclusividad y confort en plena naturaleza.","og_url":"https:\/\/turismopatagonia.ar\/pt\/product\/black-rock-exclusivo\/","og_site_name":"Turismo en Patagonia Bariloche","article_modified_time":"2026-04-10T18:07:50+00:00","og_image":[{"width":1920,"height":2560,"url":"https:\/\/turismopatagonia.ar\/wp-content\/uploads\/2025\/04\/7-B-IMG_6702-scaled.jpg","type":"image\/jpeg"}],"twitter_card":"summary_large_image","twitter_misc":{"Pre\u00e7o":"&#36;&nbsp;288.000,00","Disponibilidade":"Em Estoque"},"schema":{"@context":"https:\/\/schema.org","@graph":[{"@type":["WebPage","ItemPage"],"@id":"https:\/\/turismopatagonia.ar\/product\/roca-negra-exclusivo","url":"https:\/\/turismopatagonia.ar\/product\/roca-negra-exclusivo","name":"Roca Negra Exclusive - Turismo na Patag\u00f4nia Bariloche","isPartOf":{"@id":"https:\/\/turismopatagonia.ar\/#website"},"primaryImageOfPage":{"@id":"https:\/\/turismopatagonia.ar\/product\/roca-negra-exclusivo#primaryimage"},"image":{"@id":"https:\/\/turismopatagonia.ar\/product\/roca-negra-exclusivo#primaryimage"},"thumbnailUrl":"https:\/\/turismopatagonia.ar\/wp-content\/uploads\/2025\/04\/7-B-IMG_6702-scaled.jpg","datePublished":"2026-04-09T19:14:05+00:00","dateModified":"2026-04-10T18:07:50+00:00","breadcrumb":{"@id":"https:\/\/turismopatagonia.ar\/product\/roca-negra-exclusivo#breadcrumb"},"inLanguage":"pt-BR","potentialAction":[{"@type":"ReadAction","target":["https:\/\/turismopatagonia.ar\/product\/roca-negra-exclusivo"]}]},{"@type":"ImageObject","inLanguage":"pt-BR","@id":"https:\/\/turismopatagonia.ar\/product\/roca-negra-exclusivo#primaryimage","url":"https:\/\/turismopatagonia.ar\/wp-content\/uploads\/2025\/04\/7-B-IMG_6702-scaled.jpg","contentUrl":"https:\/\/turismopatagonia.ar\/wp-content\/uploads\/2025\/04\/7-B-IMG_6702-scaled.jpg","width":1920,"height":2560},{"@type":"BreadcrumbList","@id":"https:\/\/turismopatagonia.ar\/product\/roca-negra-exclusivo#breadcrumb","itemListElement":[{"@type":"ListItem","position":1,"name":"Home","item":"https:\/\/turismopatagonia.ar\/"},{"@type":"ListItem","position":2,"name":"Shop","item":"https:\/\/turismopatagonia.ar\/shop"},{"@type":"ListItem","position":3,"name":"Roca Negra Exclusivo"}]},{"@type":"WebSite","@id":"https:\/\/turismopatagonia.ar\/#website","url":"https:\/\/turismopatagonia.ar\/","name":"Turismo na Patag\u00f4nia Bariloche","description":"Descubra a beleza da Patag\u00f4nia: guias, atividades e destinos tur\u00edsticos em Bariloche e arredores.","publisher":{"@id":"https:\/\/turismopatagonia.ar\/#organization"},"potentialAction":[{"@type":"SearchAction","target":{"@type":"EntryPoint","urlTemplate":"https:\/\/turismopatagonia.ar\/?s={search_term_string}"},"query-input":{"@type":"PropertyValueSpecification","valueRequired":true,"valueName":"search_term_string"}}],"inLanguage":"pt-BR"},{"@type":"Organization","@id":"https:\/\/turismopatagonia.ar\/#organization","name":"Turismo na Patag\u00f4nia Bariloche","url":"https:\/\/turismopatagonia.ar\/","logo":{"@type":"ImageObject","inLanguage":"pt-BR","@id":"https:\/\/turismopatagonia.ar\/#\/schema\/logo\/image\/","url":"https:\/\/turismopatagonia.ar\/wp-content\/uploads\/2023\/04\/logo-tirismo-copia.png","contentUrl":"https:\/\/turismopatagonia.ar\/wp-content\/uploads\/2023\/04\/logo-tirismo-copia.png","width":270,"height":100,"caption":"Turismo en Patagonia Bariloche"},"image":{"@id":"https:\/\/turismopatagonia.ar\/#\/schema\/logo\/image\/"}}]},"product_price_amount":"288000.00","product_price_currency":"ARS","og_availability":"instock","product_availability":"instock","product_retailer_item_id":"ADV2025RONEEXHQG7","product_condition":"new"},"_links":{"self":[{"href":"https:\/\/turismopatagonia.ar\/pt\/wp-json\/wp\/v2\/product\/377163","targetHints":{"allow":["GET"]}}],"collection":[{"href":"https:\/\/turismopatagonia.ar\/pt\/wp-json\/wp\/v2\/product"}],"about":[{"href":"https:\/\/turismopatagonia.ar\/pt\/wp-json\/wp\/v2\/types\/product"}],"replies":[{"embeddable":true,"href":"https:\/\/turismopatagonia.ar\/pt\/wp-json\/wp\/v2\/comments?post=377163"}],"wp:featuredmedia":[{"embeddable":true,"href":"https:\/\/turismopatagonia.ar\/pt\/wp-json\/wp\/v2\/media\/377720"}],"wp:attachment":[{"href":"https:\/\/turismopatagonia.ar\/pt\/wp-json\/wp\/v2\/media?parent=377163"}],"wp:term":[{"taxonomy":"product_brand","embeddable":true,"href":"https:\/\/turismopatagonia.ar\/pt\/wp-json\/wp\/v2\/product_brand?post=377163"},{"taxonomy":"product_cat","embeddable":true,"href":"https:\/\/turismopatagonia.ar\/pt\/wp-json\/wp\/v2\/product_cat?post=377163"},{"taxonomy":"product_tag","embeddable":true,"href":"https:\/\/turismopatagonia.ar\/pt\/wp-json\/wp\/v2\/product_tag?post=377163"}],"curies":[{"name":"wp","href":"https:\/\/api.w.org\/{rel}","templated":true}]}}