{"id":377164,"date":"2026-04-09T16:14:06","date_gmt":"2026-04-09T19:14:06","guid":{"rendered":"https:\/\/turismopatagonia.ar\/?post_type=product&#038;p=377164"},"modified":"2026-04-10T15:07:54","modified_gmt":"2026-04-10T18:07:54","slug":"piedras-blancas-trineos-culipatin-traslado","status":"publish","type":"product","link":"https:\/\/turismopatagonia.ar\/pt\/product\/piedras-blancas-sledges-transferencia-de-culipatina","title":{"rendered":"Tren\u00f3s de Piedras Blancas - Culipatina + traslado"},"content":{"rendered":"<h2>Descubra a ess\u00eancia do inverno em Bariloche<\/h2>\n<p>Mergulhe em uma experi\u00eancia exclusiva que combina aventura e conforto em um dos cen\u00e1rios naturais mais imponentes da regi\u00e3o. Essa excurs\u00e3o de inverno o levar\u00e1 a desfrutar de vistas panor\u00e2micas \u00fanicas e atividades projetadas para despertar o esp\u00edrito explorador em cada momento.<\/p>\n<h2>Itiner\u00e1rio e caracter\u00edsticas da aventura<\/h2>\n<ul>\n<li><strong>Ponto de partida:<\/strong> Sa\u00edda de Bariloche com traslado inclu\u00eddo at\u00e9 o ponto de encontro.<\/li>\n<li><strong>Atividade principal:<\/strong> Des\u00e7a de tobog\u00e3 em circuitos adaptados, combinando rotas de telef\u00e9rico para garantir uma subida confort\u00e1vel e segura.<\/li>\n<li><strong>Hor\u00e1rio de funcionamento:<\/strong> Dispon\u00edvel nos turnos da manh\u00e3 (08:30 \u00e0s 12:30) e da tarde (11:00 \u00e0s 15:30) para se adequar a seus planos.<\/li>\n<\/ul>\n<h2>Raz\u00f5es para escolher essa experi\u00eancia<\/h2>\n<ul>\n<li><strong>Passeios exclusivos:<\/strong> Mais de 3.000 metros de pistas preparadas para oferecer uma descida emocionante e segura.<\/li>\n<li><strong>Capacidade e seguran\u00e7a:<\/strong> Aeross\u00f3is de alta capacidade, garantindo agilidade na transfer\u00eancia e \u00f3timos n\u00edveis de seguran\u00e7a.<\/li>\n<li><strong>Adaptabilidade:<\/strong> Trilhas projetadas para atender a participantes de todas as idades, garantindo a divers\u00e3o da fam\u00edlia.<\/li>\n<li><strong>Equipamento confi\u00e1vel:<\/strong> Tren\u00f3s feitos de materiais resistentes e modernos sistemas de eleva\u00e7\u00e3o para lhe dar confian\u00e7a em cada curva.<\/li>\n<\/ul>\n<h2>Informa\u00e7\u00f5es e regulamentos relevantes<\/h2>\n<ul>\n<li><strong>Taxas por idade:<\/strong>\n<ul>\n<li>0 a 11 meses: acesso livre em \u00e1rea restrita.<\/li>\n<li>1 a 4 anos: acesso a espa\u00e7os projetados para as crian\u00e7as mais novas.<\/li>\n<li>5 a 12 anos: Descontos aplicados \u00e0s rotas, com alternativas menos dif\u00edceis.<\/li>\n<li>13 anos ou mais: acesso total \u00e0 experi\u00eancia.<\/li>\n<\/ul>\n<\/li>\n<li><strong>Considera\u00e7\u00f5es importantes:<\/strong> Recomenda-se que mulheres gr\u00e1vidas aproveitem a atividade, evitando descidas para garantir a seguran\u00e7a.<\/li>\n<\/ul>\n<h2>Inclus\u00f5es e n\u00e3o inclus\u00f5es<\/h2>\n<ul>\n<li><strong>Ele inclui:<\/strong> Uso de tren\u00f3s adequados para a atividade e seis passeios de telef\u00e9rico para otimizar a descida.<\/li>\n<li><strong>N\u00e3o inclui:<\/strong> Equipamentos de inverno, traslados para o resort e servi\u00e7os gastron\u00f4micos.<\/li>\n<\/ul>\n<h2>Perguntas frequentes<\/h2>\n<div>\n<h3>Quais s\u00e3o os hor\u00e1rios dispon\u00edveis para a atividade?<\/h3>\n<p>S\u00e3o oferecidos dois turnos: um turno da manh\u00e3, das 8h30 \u00e0s 12h30, e um turno da tarde, das 11h \u00e0s 15h30, para que voc\u00ea possa escolher o que melhor se adapta aos seus planos.<\/p>\n<h3>Quais equipamentos est\u00e3o inclu\u00eddos no pacote?<\/h3>\n<p>O pacote inclui o uso de tren\u00f3s de alta qualidade e acesso a seis telef\u00e9ricos, garantindo um traslado seguro e confort\u00e1vel.<\/p>\n<h3>A experi\u00eancia \u00e9 adequada para todas as idades?<\/h3>\n<p>Sim, uma variedade de trilhas foi projetada para atender desde os mais jovens at\u00e9 os adultos mais aventureiros, respeitando as recomenda\u00e7\u00f5es para determinadas faixas et\u00e1rias.<\/p>\n<h3>Quais servi\u00e7os n\u00e3o est\u00e3o inclu\u00eddos neste passeio?<\/h3>\n<p>Roupas de inverno, transporte para o resort e servi\u00e7os de alimenta\u00e7\u00e3o n\u00e3o est\u00e3o inclu\u00eddos, portanto, prepare-se adequadamente.<\/p>\n<p><strong>Aviso importante<\/strong>Este passeio j\u00e1 est\u00e1 dispon\u00edvel para pr\u00e9-reserva. As sa\u00eddas operam de 15 de junho a 20 de agosto, sujeitas ao calend\u00e1rio sazonal.<\/p>\n<\/div>","protected":false},"excerpt":{"rendered":"<p><strong>Experimente o esplendor do inverno<\/strong> em Bariloche com um passeio de tobog\u00e3 que combina aventura e conforto. Desfrute de mais de 3.000 metros de pistas exclusivas e traslados de telef\u00e9rico para um dia \u00fanico em fam\u00edlia.<\/p>","protected":false},"featured_media":377713,"comment_status":"open","ping_status":"closed","template":"","meta":[],"product_brand":[],"product_cat":[37,39,41,42,45,46,48,49],"product_tag":[],"class_list":{"0":"post-377164","1":"product","2":"type-product","3":"status-publish","4":"has-post-thumbnail","6":"product_cat-adultos","7":"product_cat-aventura","8":"product_cat-con-traslado","9":"product_cat-familia","10":"product_cat-invierno","11":"product_cat-ninos","12":"product_cat-sin-comida","13":"product_cat-terrestre","15":"first","16":"instock","17":"virtual","18":"sold-individually","19":"purchasable","20":"product-type-booking"},"booking_location":"","booking_location_type":"","booking_duration":1,"booking_duration_unit":"hour","booking_buffer":0,"booking_cost":0,"booking_resources":[],"exclude_global_add_ons":false,"addons":[{"name":"ADU: Adulto","type":"input_multiplier","position":0,"required":false,"title_format":"label","default":"","description_enable":false,"description":"","placeholder_enable":false,"placeholder":"","display":"select","restrictions_type":"any_text","adjust_price":true,"price":"174000","price_type":"quantity_based","restrictions":false,"min":"0","max":"0","options":[],"id":1775833215},{"name":"MEN412 | De 4 a 12","type":"input_multiplier","position":1,"required":false,"title_format":"label","default":"","description_enable":false,"description":"","placeholder_enable":false,"placeholder":"","display":"select","restrictions_type":"any_text","adjust_price":true,"price":"174000","price_type":"quantity_based","restrictions":false,"min":"0","max":"0","options":[],"id":1775833216},{"name":"MEN13 | De 1 a 3","type":"input_multiplier","position":2,"required":false,"title_format":"label","default":"","description_enable":false,"description":"","placeholder_enable":false,"placeholder":"","display":"select","restrictions_type":"any_text","adjust_price":true,"price":"90000","price_type":"quantity_based","restrictions":false,"min":"0","max":"0","options":[],"id":1775833217},{"name":"INF01 | 0 a 1","type":"input_multiplier","position":3,"required":false,"title_format":"label","default":"","description_enable":false,"description":"","placeholder_enable":false,"placeholder":"","display":"select","restrictions_type":"any_text","adjust_price":true,"price":"","price_type":"quantity_based","restrictions":false,"min":"0","max":"0","options":[],"id":1775833218}],"yoast_head":"<!-- This site is optimized with the Yoast SEO Premium plugin v24.5 (Yoast SEO v24.8) - https:\/\/yoast.com\/wordpress\/plugins\/seo\/ -->\n<title>Piedras Blancas Trineos - Culipatin + Traslado - Turismo en Patagonia Bariloche<\/title>\n<meta name=\"robots\" content=\"index, follow, max-snippet:-1, max-image-preview:large, max-video-preview:-1\" \/>\n<link rel=\"canonical\" href=\"https:\/\/turismopatagonia.ar\/pt\/product\/piedras-blancas-sledges-transferencia-de-culipatina\/\" \/>\n<meta property=\"og:locale\" content=\"pt_BR\" \/>\n<meta property=\"og:type\" content=\"article\" \/>\n<meta property=\"og:title\" content=\"Piedras Blancas Trineos - Culipatin + Traslado\" \/>\n<meta property=\"og:description\" content=\"Experiment\u00e1 el esplendor invernal en Bariloche con un recorrido en trineo que combina aventura y confort. Disfrut\u00e1 de m\u00e1s de 3000 metros de pistas exclusivas y traslados en aerosilla para un d\u00eda \u00fanico en familia.\" \/>\n<meta property=\"og:url\" content=\"https:\/\/turismopatagonia.ar\/pt\/product\/piedras-blancas-sledges-transferencia-de-culipatina\/\" \/>\n<meta property=\"og:site_name\" content=\"Turismo en Patagonia Bariloche\" \/>\n<meta property=\"article:modified_time\" content=\"2026-04-10T18:07:54+00:00\" \/>\n<meta property=\"og:image\" content=\"https:\/\/turismopatagonia.ar\/wp-content\/uploads\/2025\/04\/6-A-IMG_7127-scaled.jpg\" \/>\n\t<meta property=\"og:image:width\" content=\"1920\" \/>\n\t<meta property=\"og:image:height\" content=\"2560\" \/>\n\t<meta property=\"og:image:type\" content=\"image\/jpeg\" \/>\n<meta name=\"twitter:card\" content=\"summary_large_image\" \/>\n<meta name=\"twitter:label1\" content=\"Pre\u00e7o\" \/>\n\t<meta name=\"twitter:data1\" content=\"&#036;&nbsp;174.000,00\" \/>\n\t<meta name=\"twitter:label2\" content=\"Disponibilidade\" \/>\n\t<meta name=\"twitter:data2\" content=\"Em Estoque\" \/>\n<script type=\"application\/ld+json\" class=\"yoast-schema-graph\">{\"@context\":\"https:\/\/schema.org\",\"@graph\":[{\"@type\":[\"WebPage\",\"ItemPage\"],\"@id\":\"https:\/\/turismopatagonia.ar\/product\/piedras-blancas-trineos-culipatin-traslado\",\"url\":\"https:\/\/turismopatagonia.ar\/product\/piedras-blancas-trineos-culipatin-traslado\",\"name\":\"Piedras Blancas Trineos - Culipatin + Traslado - Turismo en Patagonia Bariloche\",\"isPartOf\":{\"@id\":\"https:\/\/turismopatagonia.ar\/#website\"},\"primaryImageOfPage\":{\"@id\":\"https:\/\/turismopatagonia.ar\/product\/piedras-blancas-trineos-culipatin-traslado#primaryimage\"},\"image\":{\"@id\":\"https:\/\/turismopatagonia.ar\/product\/piedras-blancas-trineos-culipatin-traslado#primaryimage\"},\"thumbnailUrl\":\"https:\/\/turismopatagonia.ar\/wp-content\/uploads\/2025\/04\/6-A-IMG_7127-scaled.jpg\",\"datePublished\":\"2026-04-09T19:14:06+00:00\",\"dateModified\":\"2026-04-10T18:07:54+00:00\",\"breadcrumb\":{\"@id\":\"https:\/\/turismopatagonia.ar\/product\/piedras-blancas-trineos-culipatin-traslado#breadcrumb\"},\"inLanguage\":\"pt-BR\",\"potentialAction\":[{\"@type\":\"ReadAction\",\"target\":[\"https:\/\/turismopatagonia.ar\/product\/piedras-blancas-trineos-culipatin-traslado\"]}]},{\"@type\":\"ImageObject\",\"inLanguage\":\"pt-BR\",\"@id\":\"https:\/\/turismopatagonia.ar\/product\/piedras-blancas-trineos-culipatin-traslado#primaryimage\",\"url\":\"https:\/\/turismopatagonia.ar\/wp-content\/uploads\/2025\/04\/6-A-IMG_7127-scaled.jpg\",\"contentUrl\":\"https:\/\/turismopatagonia.ar\/wp-content\/uploads\/2025\/04\/6-A-IMG_7127-scaled.jpg\",\"width\":1920,\"height\":2560},{\"@type\":\"BreadcrumbList\",\"@id\":\"https:\/\/turismopatagonia.ar\/product\/piedras-blancas-trineos-culipatin-traslado#breadcrumb\",\"itemListElement\":[{\"@type\":\"ListItem\",\"position\":1,\"name\":\"Home\",\"item\":\"https:\/\/turismopatagonia.ar\/\"},{\"@type\":\"ListItem\",\"position\":2,\"name\":\"Shop\",\"item\":\"https:\/\/turismopatagonia.ar\/shop\"},{\"@type\":\"ListItem\",\"position\":3,\"name\":\"Piedras Blancas Trineos &#8211; Culipatin + Traslado\"}]},{\"@type\":\"WebSite\",\"@id\":\"https:\/\/turismopatagonia.ar\/#website\",\"url\":\"https:\/\/turismopatagonia.ar\/\",\"name\":\"Turismo en Patagonia Bariloche\",\"description\":\"Descubre la belleza de la Patagonia: gu\u00edas, actividades y destinos tur\u00edsticos en Bariloche y alrededores.\",\"publisher\":{\"@id\":\"https:\/\/turismopatagonia.ar\/#organization\"},\"potentialAction\":[{\"@type\":\"SearchAction\",\"target\":{\"@type\":\"EntryPoint\",\"urlTemplate\":\"https:\/\/turismopatagonia.ar\/?s={search_term_string}\"},\"query-input\":{\"@type\":\"PropertyValueSpecification\",\"valueRequired\":true,\"valueName\":\"search_term_string\"}}],\"inLanguage\":\"pt-BR\"},{\"@type\":\"Organization\",\"@id\":\"https:\/\/turismopatagonia.ar\/#organization\",\"name\":\"Turismo en Patagonia Bariloche\",\"url\":\"https:\/\/turismopatagonia.ar\/\",\"logo\":{\"@type\":\"ImageObject\",\"inLanguage\":\"pt-BR\",\"@id\":\"https:\/\/turismopatagonia.ar\/#\/schema\/logo\/image\/\",\"url\":\"https:\/\/turismopatagonia.ar\/wp-content\/uploads\/2023\/04\/logo-tirismo-copia.png\",\"contentUrl\":\"https:\/\/turismopatagonia.ar\/wp-content\/uploads\/2023\/04\/logo-tirismo-copia.png\",\"width\":270,\"height\":100,\"caption\":\"Turismo en Patagonia Bariloche\"},\"image\":{\"@id\":\"https:\/\/turismopatagonia.ar\/#\/schema\/logo\/image\/\"}}]}<\/script>\n<meta property=\"product:price:amount\" content=\"174000.00\" \/>\n<meta property=\"product:price:currency\" content=\"ARS\" \/>\n<meta property=\"og:availability\" content=\"instock\" \/>\n<meta property=\"product:availability\" content=\"instock\" \/>\n<meta property=\"product:retailer_item_id\" content=\"ADV2025PIBLTR3QM1\" \/>\n<meta property=\"product:condition\" content=\"new\" \/>\n<!-- \/ Yoast SEO Premium plugin. -->","yoast_head_json":{"title":"Tren\u00f3s de Piedras Blancas - Culipatin + Traslado - Turismo na Patag\u00f4nia Bariloche","robots":{"index":"index","follow":"follow","max-snippet":"max-snippet:-1","max-image-preview":"max-image-preview:large","max-video-preview":"max-video-preview:-1"},"canonical":"https:\/\/turismopatagonia.ar\/pt\/product\/piedras-blancas-sledges-transferencia-de-culipatina\/","og_locale":"pt_BR","og_type":"article","og_title":"Piedras Blancas Trineos - Culipatin + Traslado","og_description":"Experiment\u00e1 el esplendor invernal en Bariloche con un recorrido en trineo que combina aventura y confort. Disfrut\u00e1 de m\u00e1s de 3000 metros de pistas exclusivas y traslados en aerosilla para un d\u00eda \u00fanico en familia.","og_url":"https:\/\/turismopatagonia.ar\/pt\/product\/piedras-blancas-sledges-transferencia-de-culipatina\/","og_site_name":"Turismo en Patagonia Bariloche","article_modified_time":"2026-04-10T18:07:54+00:00","og_image":[{"width":1920,"height":2560,"url":"https:\/\/turismopatagonia.ar\/wp-content\/uploads\/2025\/04\/6-A-IMG_7127-scaled.jpg","type":"image\/jpeg"}],"twitter_card":"summary_large_image","twitter_misc":{"Pre\u00e7o":"&#36;&nbsp;174.000,00","Disponibilidade":"Em Estoque"},"schema":{"@context":"https:\/\/schema.org","@graph":[{"@type":["WebPage","ItemPage"],"@id":"https:\/\/turismopatagonia.ar\/product\/piedras-blancas-trineos-culipatin-traslado","url":"https:\/\/turismopatagonia.ar\/product\/piedras-blancas-trineos-culipatin-traslado","name":"Tren\u00f3s de Piedras Blancas - Culipatin + Traslado - Turismo na Patag\u00f4nia Bariloche","isPartOf":{"@id":"https:\/\/turismopatagonia.ar\/#website"},"primaryImageOfPage":{"@id":"https:\/\/turismopatagonia.ar\/product\/piedras-blancas-trineos-culipatin-traslado#primaryimage"},"image":{"@id":"https:\/\/turismopatagonia.ar\/product\/piedras-blancas-trineos-culipatin-traslado#primaryimage"},"thumbnailUrl":"https:\/\/turismopatagonia.ar\/wp-content\/uploads\/2025\/04\/6-A-IMG_7127-scaled.jpg","datePublished":"2026-04-09T19:14:06+00:00","dateModified":"2026-04-10T18:07:54+00:00","breadcrumb":{"@id":"https:\/\/turismopatagonia.ar\/product\/piedras-blancas-trineos-culipatin-traslado#breadcrumb"},"inLanguage":"pt-BR","potentialAction":[{"@type":"ReadAction","target":["https:\/\/turismopatagonia.ar\/product\/piedras-blancas-trineos-culipatin-traslado"]}]},{"@type":"ImageObject","inLanguage":"pt-BR","@id":"https:\/\/turismopatagonia.ar\/product\/piedras-blancas-trineos-culipatin-traslado#primaryimage","url":"https:\/\/turismopatagonia.ar\/wp-content\/uploads\/2025\/04\/6-A-IMG_7127-scaled.jpg","contentUrl":"https:\/\/turismopatagonia.ar\/wp-content\/uploads\/2025\/04\/6-A-IMG_7127-scaled.jpg","width":1920,"height":2560},{"@type":"BreadcrumbList","@id":"https:\/\/turismopatagonia.ar\/product\/piedras-blancas-trineos-culipatin-traslado#breadcrumb","itemListElement":[{"@type":"ListItem","position":1,"name":"Home","item":"https:\/\/turismopatagonia.ar\/"},{"@type":"ListItem","position":2,"name":"Shop","item":"https:\/\/turismopatagonia.ar\/shop"},{"@type":"ListItem","position":3,"name":"Piedras Blancas Trineos &#8211; Culipatin + Traslado"}]},{"@type":"WebSite","@id":"https:\/\/turismopatagonia.ar\/#website","url":"https:\/\/turismopatagonia.ar\/","name":"Turismo na Patag\u00f4nia Bariloche","description":"Descubra a beleza da Patag\u00f4nia: guias, atividades e destinos tur\u00edsticos em Bariloche e arredores.","publisher":{"@id":"https:\/\/turismopatagonia.ar\/#organization"},"potentialAction":[{"@type":"SearchAction","target":{"@type":"EntryPoint","urlTemplate":"https:\/\/turismopatagonia.ar\/?s={search_term_string}"},"query-input":{"@type":"PropertyValueSpecification","valueRequired":true,"valueName":"search_term_string"}}],"inLanguage":"pt-BR"},{"@type":"Organization","@id":"https:\/\/turismopatagonia.ar\/#organization","name":"Turismo na Patag\u00f4nia Bariloche","url":"https:\/\/turismopatagonia.ar\/","logo":{"@type":"ImageObject","inLanguage":"pt-BR","@id":"https:\/\/turismopatagonia.ar\/#\/schema\/logo\/image\/","url":"https:\/\/turismopatagonia.ar\/wp-content\/uploads\/2023\/04\/logo-tirismo-copia.png","contentUrl":"https:\/\/turismopatagonia.ar\/wp-content\/uploads\/2023\/04\/logo-tirismo-copia.png","width":270,"height":100,"caption":"Turismo en Patagonia Bariloche"},"image":{"@id":"https:\/\/turismopatagonia.ar\/#\/schema\/logo\/image\/"}}]},"product_price_amount":"174000.00","product_price_currency":"ARS","og_availability":"instock","product_availability":"instock","product_retailer_item_id":"ADV2025PIBLTR3QM1","product_condition":"new"},"_links":{"self":[{"href":"https:\/\/turismopatagonia.ar\/pt\/wp-json\/wp\/v2\/product\/377164","targetHints":{"allow":["GET"]}}],"collection":[{"href":"https:\/\/turismopatagonia.ar\/pt\/wp-json\/wp\/v2\/product"}],"about":[{"href":"https:\/\/turismopatagonia.ar\/pt\/wp-json\/wp\/v2\/types\/product"}],"replies":[{"embeddable":true,"href":"https:\/\/turismopatagonia.ar\/pt\/wp-json\/wp\/v2\/comments?post=377164"}],"wp:featuredmedia":[{"embeddable":true,"href":"https:\/\/turismopatagonia.ar\/pt\/wp-json\/wp\/v2\/media\/377713"}],"wp:attachment":[{"href":"https:\/\/turismopatagonia.ar\/pt\/wp-json\/wp\/v2\/media?parent=377164"}],"wp:term":[{"taxonomy":"product_brand","embeddable":true,"href":"https:\/\/turismopatagonia.ar\/pt\/wp-json\/wp\/v2\/product_brand?post=377164"},{"taxonomy":"product_cat","embeddable":true,"href":"https:\/\/turismopatagonia.ar\/pt\/wp-json\/wp\/v2\/product_cat?post=377164"},{"taxonomy":"product_tag","embeddable":true,"href":"https:\/\/turismopatagonia.ar\/pt\/wp-json\/wp\/v2\/product_tag?post=377164"}],"curies":[{"name":"wp","href":"https:\/\/api.w.org\/{rel}","templated":true}]}}