{"id":377165,"date":"2026-04-09T16:14:07","date_gmt":"2026-04-09T19:14:07","guid":{"rendered":"https:\/\/turismopatagonia.ar\/?post_type=product&#038;p=377165"},"modified":"2026-04-10T12:22:34","modified_gmt":"2026-04-10T15:22:34","slug":"extremo-encantado","status":"publish","type":"product","link":"https:\/\/turismopatagonia.ar\/pt\/product\/fim-encantado","title":{"rendered":"Enchanted Snow: neve, divers\u00e3o e natureza com o melhor custo-benef\u00edcio"},"content":{"rendered":"<h3 data-start=\"428\" data-end=\"501\"><strong data-start=\"432\" data-end=\"501\">Uma escapada de inverno econ\u00f4mica para conhecer o melhor de Bariloche<\/strong><\/h3>\n<p data-start=\"503\" data-end=\"744\">Nieve Encantada \u00e9 uma excurs\u00e3o projetada para que voc\u00ea possa aproveitar o inverno em Bariloche sem gastar muito. \u00c9 ideal para jovens viajantes, estudantes, fam\u00edlias ou para aqueles que procuram uma experi\u00eancia completa na neve a um pre\u00e7o justo.<\/p>\n<p data-start=\"746\" data-end=\"900\">Dispon\u00edvel em <strong data-start=\"766\" data-end=\"803\">15 de junho a 20 de agosto<\/strong>, O passeio inclui atividades divertidas, paisagens incr\u00edveis e uma refei\u00e7\u00e3o regional para encerrar a viagem.<\/p>\n<h3 data-start=\"907\" data-end=\"939\">O que a experi\u00eancia inclui?<\/h3>\n<ul data-start=\"941\" data-end=\"1463\">\n<li data-start=\"941\" data-end=\"1067\">\n<p data-start=\"943\" data-end=\"1067\"><strong data-start=\"943\" data-end=\"1007\">Traslado de ida e volta para pontos pr\u00f3ximos \u00e0 sua acomoda\u00e7\u00e3o<\/strong> (entre o centro e o km 8 da Av. Bustillo ou Av. Pioneros).<\/p>\n<\/li>\n<li data-start=\"1068\" data-end=\"1146\">\n<p data-start=\"1070\" data-end=\"1146\"><strong data-start=\"1070\" data-end=\"1098\">Subida em ve\u00edculos 4\u00d74<\/strong> pela floresta andina at\u00e9 o Ref\u00fagio Traves\u00eda.<\/p>\n<\/li>\n<li data-start=\"1147\" data-end=\"1251\">\n<p data-start=\"1149\" data-end=\"1251\"><strong data-start=\"1149\" data-end=\"1174\">Sledges (culipatinas)<\/strong> para deslizar por trilhas preparadas, sem a necessidade de experi\u00eancia pr\u00e9via.<\/p>\n<\/li>\n<li data-start=\"1252\" data-end=\"1336\">\n<p data-start=\"1254\" data-end=\"1336\"><strong data-start=\"1254\" data-end=\"1285\">Caminhada curta com raquetes de neve<\/strong>, visita guiada para conhecer os arredores do ref\u00fagio.<\/p>\n<\/li>\n<li data-start=\"1337\" data-end=\"1399\">\n<p data-start=\"1339\" data-end=\"1399\"><strong data-start=\"1339\" data-end=\"1362\">Almo\u00e7o ou lanche<\/strong> inclu\u00eddo, dependendo do hor\u00e1rio escolhido.<\/p>\n<\/li>\n<li data-start=\"1400\" data-end=\"1463\">\n<p data-start=\"1402\" data-end=\"1463\"><strong data-start=\"1402\" data-end=\"1420\">M\u00fasica ao vivo<\/strong> que acompanha a experi\u00eancia na montanha.<\/p>\n<\/li>\n<\/ul>\n<h3 data-start=\"1470\" data-end=\"1491\">Op\u00e7\u00f5es de tempo<\/h3>\n<ul data-start=\"1493\" data-end=\"1559\">\n<li data-start=\"1493\" data-end=\"1527\">\n<p data-start=\"1495\" data-end=\"1527\">Turno da manh\u00e3: 08:30 \u00e0s 14:30 hs.<\/p>\n<\/li>\n<li data-start=\"1528\" data-end=\"1559\">\n<p data-start=\"1530\" data-end=\"1559\">Turno da tarde: 12:30 \u00e0s 18:30 hs.<\/p>\n<\/li>\n<\/ul>\n<h3 data-start=\"1566\" data-end=\"1590\">Perguntas frequentes<\/h3>\n<p data-start=\"1592\" data-end=\"1740\"><strong data-start=\"1592\" data-end=\"1618\">Que roupas devo usar?<\/strong><br data-start=\"1618\" data-end=\"1621\" \/>Voc\u00ea deve trazer roupas quentes, cal\u00e7ados \u00e0 prova d'\u00e1gua, luvas, chap\u00e9u e \u00f3culos escuros. As roupas para neve n\u00e3o est\u00e3o inclu\u00eddas.<\/p>\n<p data-start=\"1742\" data-end=\"1886\"><strong data-start=\"1742\" data-end=\"1796\">\u00c9 adequado para pessoas sem experi\u00eancia em montanhas?<\/strong><br data-start=\"1796\" data-end=\"1799\" \/>Sim, \u00e9 uma excurs\u00e3o para todos, n\u00e3o \u00e9 necess\u00e1rio nenhum conhecimento pr\u00e9vio.<\/p>\n<p data-start=\"1888\" data-end=\"2004\"><strong data-start=\"1888\" data-end=\"1912\">Tudo est\u00e1 inclu\u00eddo?<\/strong><br data-start=\"1912\" data-end=\"1915\" \/>A proposta inclui traslado, atividades e alimenta\u00e7\u00e3o regional. Roupas e bebidas n\u00e3o est\u00e3o inclu\u00eddas.<\/p>\n<p><strong>Aviso importante<\/strong>Este passeio j\u00e1 est\u00e1 dispon\u00edvel para pr\u00e9-reserva. As sa\u00eddas operam de 15 de junho a 20 de agosto, sujeitas ao calend\u00e1rio sazonal.<\/p>","protected":false},"excerpt":{"rendered":"<p><strong>Fim Encantado<\/strong> o convida a desfrutar de uma extraordin\u00e1ria experi\u00eancia de inverno. Mergulhe em atividades como passeios de 4\u00d74, tobog\u00e3 e caminhadas guiadas, culminando em uma pausa gastron\u00f4mica requintada. Experimente uma aventura que combina conforto, autenticidade e a beleza deslumbrante da paisagem patag\u00f4nica.<\/p>","protected":false},"featured_media":377709,"comment_status":"open","ping_status":"closed","template":"","meta":[],"product_brand":[],"product_cat":[37,39,50,41,42,45,46,49],"product_tag":[],"class_list":{"0":"post-377165","1":"product","2":"type-product","3":"status-publish","4":"has-post-thumbnail","6":"product_cat-adultos","7":"product_cat-aventura","8":"product_cat-con-comida","9":"product_cat-con-traslado","10":"product_cat-familia","11":"product_cat-invierno","12":"product_cat-ninos","13":"product_cat-terrestre","15":"first","16":"instock","17":"virtual","18":"sold-individually","19":"purchasable","20":"product-type-booking"},"booking_location":"","booking_location_type":"","booking_duration":1,"booking_duration_unit":"hour","booking_buffer":0,"booking_cost":0,"booking_resources":[],"exclude_global_add_ons":false,"addons":[{"name":"ADU: Adulto","type":"input_multiplier","position":0,"required":false,"title_format":"label","default":"","description_enable":false,"description":"","placeholder_enable":false,"placeholder":"","display":"select","restrictions_type":"any_text","adjust_price":true,"price":"239500","price_type":"quantity_based","restrictions":false,"min":"0","max":"0","options":[],"id":1775823189},{"name":"MEN412 : de 4 a 12","type":"input_multiplier","position":1,"required":false,"title_format":"label","default":"","description_enable":false,"description":"","placeholder_enable":false,"placeholder":"","display":"select","restrictions_type":"any_text","adjust_price":true,"price":"179500","price_type":"quantity_based","restrictions":false,"min":"0","max":"0","options":[],"id":1775823190},{"name":"INF04 | De 0 a 4","type":"input_multiplier","position":2,"required":false,"title_format":"label","default":"","description_enable":false,"description":"","placeholder_enable":false,"placeholder":"","display":"select","restrictions_type":"any_text","adjust_price":true,"price":"","price_type":"quantity_based","restrictions":false,"min":"0","max":"0","options":[],"id":1775823191}],"yoast_head":"<!-- This site is optimized with the Yoast SEO Premium plugin v24.5 (Yoast SEO v24.8) - https:\/\/yoast.com\/wordpress\/plugins\/seo\/ -->\n<title>Nieve Encantada: Nieve, Diversi\u00f3n y Naturaleza al Mejor Costo - Turismo en Patagonia Bariloche<\/title>\n<meta name=\"description\" content=\"Extremo Encantado: la opci\u00f3n econ\u00f3mica para disfrutar de la nieve en Bariloche con actividades, comida t\u00edpica y traslado incluido.\" \/>\n<meta name=\"robots\" content=\"index, follow, max-snippet:-1, max-image-preview:large, max-video-preview:-1\" \/>\n<link rel=\"canonical\" href=\"https:\/\/turismopatagonia.ar\/pt\/product\/fim-encantado\/\" \/>\n<meta property=\"og:locale\" content=\"pt_BR\" \/>\n<meta property=\"og:type\" content=\"article\" \/>\n<meta property=\"og:title\" content=\"Nieve Encantada: Nieve, Diversi\u00f3n y Naturaleza al Mejor Costo\" \/>\n<meta property=\"og:description\" content=\"Extremo Encantado: la opci\u00f3n econ\u00f3mica para disfrutar de la nieve en Bariloche con actividades, comida t\u00edpica y traslado incluido.\" \/>\n<meta property=\"og:url\" content=\"https:\/\/turismopatagonia.ar\/pt\/product\/fim-encantado\/\" \/>\n<meta property=\"og:site_name\" content=\"Turismo en Patagonia Bariloche\" \/>\n<meta property=\"article:modified_time\" content=\"2026-04-10T15:22:34+00:00\" \/>\n<meta property=\"og:image\" content=\"https:\/\/turismopatagonia.ar\/wp-content\/uploads\/2025\/04\/6-B-IMG_3641-scaled.jpg\" \/>\n\t<meta property=\"og:image:width\" content=\"1920\" \/>\n\t<meta property=\"og:image:height\" content=\"2560\" \/>\n\t<meta property=\"og:image:type\" content=\"image\/jpeg\" \/>\n<meta name=\"twitter:card\" content=\"summary_large_image\" \/>\n<meta name=\"twitter:label1\" content=\"Pre\u00e7o\" \/>\n\t<meta name=\"twitter:data1\" content=\"&#036;&nbsp;239.500,00\" \/>\n\t<meta name=\"twitter:label2\" content=\"Disponibilidade\" \/>\n\t<meta name=\"twitter:data2\" content=\"Em Estoque\" \/>\n<script type=\"application\/ld+json\" class=\"yoast-schema-graph\">{\"@context\":\"https:\/\/schema.org\",\"@graph\":[{\"@type\":[\"WebPage\",\"ItemPage\"],\"@id\":\"https:\/\/turismopatagonia.ar\/product\/extremo-encantado\",\"url\":\"https:\/\/turismopatagonia.ar\/product\/extremo-encantado\",\"name\":\"Nieve Encantada: Nieve, Diversi\u00f3n y Naturaleza al Mejor Costo - Turismo en Patagonia Bariloche\",\"isPartOf\":{\"@id\":\"https:\/\/turismopatagonia.ar\/#website\"},\"primaryImageOfPage\":{\"@id\":\"https:\/\/turismopatagonia.ar\/product\/extremo-encantado#primaryimage\"},\"image\":{\"@id\":\"https:\/\/turismopatagonia.ar\/product\/extremo-encantado#primaryimage\"},\"thumbnailUrl\":\"https:\/\/turismopatagonia.ar\/wp-content\/uploads\/2025\/04\/6-B-IMG_3641-scaled.jpg\",\"datePublished\":\"2026-04-09T19:14:07+00:00\",\"dateModified\":\"2026-04-10T15:22:34+00:00\",\"description\":\"Extremo Encantado: la opci\u00f3n econ\u00f3mica para disfrutar de la nieve en Bariloche con actividades, comida t\u00edpica y traslado incluido.\",\"breadcrumb\":{\"@id\":\"https:\/\/turismopatagonia.ar\/product\/extremo-encantado#breadcrumb\"},\"inLanguage\":\"pt-BR\",\"potentialAction\":[{\"@type\":\"ReadAction\",\"target\":[\"https:\/\/turismopatagonia.ar\/product\/extremo-encantado\"]}]},{\"@type\":\"ImageObject\",\"inLanguage\":\"pt-BR\",\"@id\":\"https:\/\/turismopatagonia.ar\/product\/extremo-encantado#primaryimage\",\"url\":\"https:\/\/turismopatagonia.ar\/wp-content\/uploads\/2025\/04\/6-B-IMG_3641-scaled.jpg\",\"contentUrl\":\"https:\/\/turismopatagonia.ar\/wp-content\/uploads\/2025\/04\/6-B-IMG_3641-scaled.jpg\",\"width\":1920,\"height\":2560},{\"@type\":\"BreadcrumbList\",\"@id\":\"https:\/\/turismopatagonia.ar\/product\/extremo-encantado#breadcrumb\",\"itemListElement\":[{\"@type\":\"ListItem\",\"position\":1,\"name\":\"Home\",\"item\":\"https:\/\/turismopatagonia.ar\/\"},{\"@type\":\"ListItem\",\"position\":2,\"name\":\"Shop\",\"item\":\"https:\/\/turismopatagonia.ar\/shop\"},{\"@type\":\"ListItem\",\"position\":3,\"name\":\"Nieve Encantada: Nieve, Diversi\u00f3n y Naturaleza al Mejor Costo\"}]},{\"@type\":\"WebSite\",\"@id\":\"https:\/\/turismopatagonia.ar\/#website\",\"url\":\"https:\/\/turismopatagonia.ar\/\",\"name\":\"Turismo en Patagonia Bariloche\",\"description\":\"Descubre la belleza de la Patagonia: gu\u00edas, actividades y destinos tur\u00edsticos en Bariloche y alrededores.\",\"publisher\":{\"@id\":\"https:\/\/turismopatagonia.ar\/#organization\"},\"potentialAction\":[{\"@type\":\"SearchAction\",\"target\":{\"@type\":\"EntryPoint\",\"urlTemplate\":\"https:\/\/turismopatagonia.ar\/?s={search_term_string}\"},\"query-input\":{\"@type\":\"PropertyValueSpecification\",\"valueRequired\":true,\"valueName\":\"search_term_string\"}}],\"inLanguage\":\"pt-BR\"},{\"@type\":\"Organization\",\"@id\":\"https:\/\/turismopatagonia.ar\/#organization\",\"name\":\"Turismo en Patagonia Bariloche\",\"url\":\"https:\/\/turismopatagonia.ar\/\",\"logo\":{\"@type\":\"ImageObject\",\"inLanguage\":\"pt-BR\",\"@id\":\"https:\/\/turismopatagonia.ar\/#\/schema\/logo\/image\/\",\"url\":\"https:\/\/turismopatagonia.ar\/wp-content\/uploads\/2023\/04\/logo-tirismo-copia.png\",\"contentUrl\":\"https:\/\/turismopatagonia.ar\/wp-content\/uploads\/2023\/04\/logo-tirismo-copia.png\",\"width\":270,\"height\":100,\"caption\":\"Turismo en Patagonia Bariloche\"},\"image\":{\"@id\":\"https:\/\/turismopatagonia.ar\/#\/schema\/logo\/image\/\"}}]}<\/script>\n<meta property=\"product:price:amount\" content=\"239500.00\" \/>\n<meta property=\"product:price:currency\" content=\"ARS\" \/>\n<meta property=\"og:availability\" content=\"instock\" \/>\n<meta property=\"product:availability\" content=\"instock\" \/>\n<meta property=\"product:retailer_item_id\" content=\"ADV2025EXENCL99\" \/>\n<meta property=\"product:condition\" content=\"new\" \/>\n<!-- \/ Yoast SEO Premium plugin. -->","yoast_head_json":{"title":"Nieve Encantada: neve, divers\u00e3o e natureza com o melhor pre\u00e7o - Turismo em Patag\u00f4nia Bariloche","description":"Extremo Encantado: a op\u00e7\u00e3o econ\u00f4mica para aproveitar a neve em Bariloche com atividades, comida t\u00edpica e traslado inclu\u00eddos.","robots":{"index":"index","follow":"follow","max-snippet":"max-snippet:-1","max-image-preview":"max-image-preview:large","max-video-preview":"max-video-preview:-1"},"canonical":"https:\/\/turismopatagonia.ar\/pt\/product\/fim-encantado\/","og_locale":"pt_BR","og_type":"article","og_title":"Nieve Encantada: Nieve, Diversi\u00f3n y Naturaleza al Mejor Costo","og_description":"Extremo Encantado: la opci\u00f3n econ\u00f3mica para disfrutar de la nieve en Bariloche con actividades, comida t\u00edpica y traslado incluido.","og_url":"https:\/\/turismopatagonia.ar\/pt\/product\/fim-encantado\/","og_site_name":"Turismo en Patagonia Bariloche","article_modified_time":"2026-04-10T15:22:34+00:00","og_image":[{"width":1920,"height":2560,"url":"https:\/\/turismopatagonia.ar\/wp-content\/uploads\/2025\/04\/6-B-IMG_3641-scaled.jpg","type":"image\/jpeg"}],"twitter_card":"summary_large_image","twitter_misc":{"Pre\u00e7o":"&#36;&nbsp;239.500,00","Disponibilidade":"Em Estoque"},"schema":{"@context":"https:\/\/schema.org","@graph":[{"@type":["WebPage","ItemPage"],"@id":"https:\/\/turismopatagonia.ar\/product\/extremo-encantado","url":"https:\/\/turismopatagonia.ar\/product\/extremo-encantado","name":"Nieve Encantada: neve, divers\u00e3o e natureza com o melhor pre\u00e7o - Turismo em Patag\u00f4nia Bariloche","isPartOf":{"@id":"https:\/\/turismopatagonia.ar\/#website"},"primaryImageOfPage":{"@id":"https:\/\/turismopatagonia.ar\/product\/extremo-encantado#primaryimage"},"image":{"@id":"https:\/\/turismopatagonia.ar\/product\/extremo-encantado#primaryimage"},"thumbnailUrl":"https:\/\/turismopatagonia.ar\/wp-content\/uploads\/2025\/04\/6-B-IMG_3641-scaled.jpg","datePublished":"2026-04-09T19:14:07+00:00","dateModified":"2026-04-10T15:22:34+00:00","description":"Extremo Encantado: a op\u00e7\u00e3o econ\u00f4mica para aproveitar a neve em Bariloche com atividades, comida t\u00edpica e traslado inclu\u00eddos.","breadcrumb":{"@id":"https:\/\/turismopatagonia.ar\/product\/extremo-encantado#breadcrumb"},"inLanguage":"pt-BR","potentialAction":[{"@type":"ReadAction","target":["https:\/\/turismopatagonia.ar\/product\/extremo-encantado"]}]},{"@type":"ImageObject","inLanguage":"pt-BR","@id":"https:\/\/turismopatagonia.ar\/product\/extremo-encantado#primaryimage","url":"https:\/\/turismopatagonia.ar\/wp-content\/uploads\/2025\/04\/6-B-IMG_3641-scaled.jpg","contentUrl":"https:\/\/turismopatagonia.ar\/wp-content\/uploads\/2025\/04\/6-B-IMG_3641-scaled.jpg","width":1920,"height":2560},{"@type":"BreadcrumbList","@id":"https:\/\/turismopatagonia.ar\/product\/extremo-encantado#breadcrumb","itemListElement":[{"@type":"ListItem","position":1,"name":"Home","item":"https:\/\/turismopatagonia.ar\/"},{"@type":"ListItem","position":2,"name":"Shop","item":"https:\/\/turismopatagonia.ar\/shop"},{"@type":"ListItem","position":3,"name":"Nieve Encantada: Nieve, Diversi\u00f3n y Naturaleza al Mejor Costo"}]},{"@type":"WebSite","@id":"https:\/\/turismopatagonia.ar\/#website","url":"https:\/\/turismopatagonia.ar\/","name":"Turismo na Patag\u00f4nia Bariloche","description":"Descubra a beleza da Patag\u00f4nia: guias, atividades e destinos tur\u00edsticos em Bariloche e arredores.","publisher":{"@id":"https:\/\/turismopatagonia.ar\/#organization"},"potentialAction":[{"@type":"SearchAction","target":{"@type":"EntryPoint","urlTemplate":"https:\/\/turismopatagonia.ar\/?s={search_term_string}"},"query-input":{"@type":"PropertyValueSpecification","valueRequired":true,"valueName":"search_term_string"}}],"inLanguage":"pt-BR"},{"@type":"Organization","@id":"https:\/\/turismopatagonia.ar\/#organization","name":"Turismo na Patag\u00f4nia Bariloche","url":"https:\/\/turismopatagonia.ar\/","logo":{"@type":"ImageObject","inLanguage":"pt-BR","@id":"https:\/\/turismopatagonia.ar\/#\/schema\/logo\/image\/","url":"https:\/\/turismopatagonia.ar\/wp-content\/uploads\/2023\/04\/logo-tirismo-copia.png","contentUrl":"https:\/\/turismopatagonia.ar\/wp-content\/uploads\/2023\/04\/logo-tirismo-copia.png","width":270,"height":100,"caption":"Turismo en Patagonia Bariloche"},"image":{"@id":"https:\/\/turismopatagonia.ar\/#\/schema\/logo\/image\/"}}]},"product_price_amount":"239500.00","product_price_currency":"ARS","og_availability":"instock","product_availability":"instock","product_retailer_item_id":"ADV2025EXENCL99","product_condition":"new"},"_links":{"self":[{"href":"https:\/\/turismopatagonia.ar\/pt\/wp-json\/wp\/v2\/product\/377165","targetHints":{"allow":["GET"]}}],"collection":[{"href":"https:\/\/turismopatagonia.ar\/pt\/wp-json\/wp\/v2\/product"}],"about":[{"href":"https:\/\/turismopatagonia.ar\/pt\/wp-json\/wp\/v2\/types\/product"}],"replies":[{"embeddable":true,"href":"https:\/\/turismopatagonia.ar\/pt\/wp-json\/wp\/v2\/comments?post=377165"}],"wp:featuredmedia":[{"embeddable":true,"href":"https:\/\/turismopatagonia.ar\/pt\/wp-json\/wp\/v2\/media\/377709"}],"wp:attachment":[{"href":"https:\/\/turismopatagonia.ar\/pt\/wp-json\/wp\/v2\/media?parent=377165"}],"wp:term":[{"taxonomy":"product_brand","embeddable":true,"href":"https:\/\/turismopatagonia.ar\/pt\/wp-json\/wp\/v2\/product_brand?post=377165"},{"taxonomy":"product_cat","embeddable":true,"href":"https:\/\/turismopatagonia.ar\/pt\/wp-json\/wp\/v2\/product_cat?post=377165"},{"taxonomy":"product_tag","embeddable":true,"href":"https:\/\/turismopatagonia.ar\/pt\/wp-json\/wp\/v2\/product_tag?post=377165"}],"curies":[{"name":"wp","href":"https:\/\/api.w.org\/{rel}","templated":true}]}}