{"id":377167,"date":"2026-04-09T16:14:10","date_gmt":"2026-04-09T19:14:10","guid":{"rendered":"https:\/\/turismopatagonia.ar\/?post_type=product&#038;p=377167"},"modified":"2026-04-10T12:09:33","modified_gmt":"2026-04-10T15:09:33","slug":"alquiler-ropa-nieve-equipo-completo","status":"publish","type":"product","link":"https:\/\/turismopatagonia.ar\/pt\/product\/aluguel-de-roupas-de-neve-equipamento-completo","title":{"rendered":"Aluguel de roupas para neve: a op\u00e7\u00e3o mais barata e pr\u00e1tica em Bariloche"},"content":{"rendered":"<h3 data-start=\"380\" data-end=\"418\"><strong data-start=\"384\" data-end=\"418\">Vista-se bem sem gastar muito<\/strong><\/h3>\n<p data-start=\"420\" data-end=\"666\">Se voc\u00ea precisa de equipamento para neve e n\u00e3o quer investir em equipamentos caros, esta \u00e9 a solu\u00e7\u00e3o. Alugue tudo o que voc\u00ea precisa, pelo tempo que precisar, com qualidade e a um pre\u00e7o acess\u00edvel. Ideal para quem est\u00e1 procurando conforto sem pagar a mais.<\/p>\n<h3 data-start=\"673\" data-end=\"752\"><strong data-start=\"677\" data-end=\"752\">Tudo o que voc\u00ea precisa para a neve, com o melhor pre\u00e7o.<\/strong><\/h3>\n<p data-start=\"754\" data-end=\"975\">Aproveite suas atividades de inverno em Bariloche com a roupa certa, sem precisar compr\u00e1-la ou traz\u00ea-la de casa. Nosso servi\u00e7o de aluguel de roupas t\u00e9cnicas permite escolher entre equipamentos completos ou personalizar o que voc\u00ea precisa.<\/p>\n<p data-start=\"977\" data-end=\"1176\">O servi\u00e7o \u00e9 di\u00e1rio entre 1\u00ba de abril e 15 de agosto de 2025, das 8:00 \u00e0s 21:00 horas. A coleta e a entrega s\u00e3o feitas em pontos centrais, projetados para facilitar o acesso de diferentes \u00e1reas da cidade.<\/p>\n<p data-start=\"1178\" data-end=\"1407\">O equipamento completo inclui jaqueta, cal\u00e7a, botas e luvas. Voc\u00ea tamb\u00e9m pode adicionar um capacete e \u00f3culos de prote\u00e7\u00e3o se quiser uma prote\u00e7\u00e3o extra. Todas as roupas est\u00e3o prontas para uso e em boas condi\u00e7\u00f5es, com op\u00e7\u00f5es para adultos e crian\u00e7as.<\/p>\n<p data-start=\"1409\" data-end=\"1488\">N\u00e3o inclui seguro contra quebra ou perda, nem inclui a entrega em hot\u00e9is ou acomoda\u00e7\u00f5es.<\/p>\n<h3 data-start=\"1495\" data-end=\"1523\"><strong data-start=\"1499\" data-end=\"1523\">Perguntas frequentes<\/strong><\/h3>\n<p data-start=\"1525\" data-end=\"1640\"><strong data-start=\"1525\" data-end=\"1552\">O que pode ser alugado?<\/strong><br data-start=\"1552\" data-end=\"1555\" \/>Jaqueta, cal\u00e7a, botas e luvas. Capacete e \u00f3culos de prote\u00e7\u00e3o podem ser adicionados como extras.<\/p>\n<p data-start=\"1642\" data-end=\"1751\"><strong data-start=\"1642\" data-end=\"1680\">Quais s\u00e3o os hor\u00e1rios e as datas?<\/strong><br data-start=\"1680\" data-end=\"1683\" \/>De 15 de junho a 20 de agosto de 2025, diariamente das 8h \u00e0s 21h.<\/p>\n<p data-start=\"1753\" data-end=\"1871\"><strong data-start=\"1753\" data-end=\"1784\">Onde a equipe se retira?<\/strong><br data-start=\"1784\" data-end=\"1787\" \/>Em pontos centrais de Bariloche. A localiza\u00e7\u00e3o \u00e9 confirmada no momento da reserva.<\/p>\n<p data-start=\"1873\" data-end=\"1989\"><strong data-start=\"1873\" data-end=\"1899\">O que n\u00e3o est\u00e1 inclu\u00eddo?<\/strong><br data-start=\"1899\" data-end=\"1902\" \/>N\u00e3o inclui seguro contra perda ou quebra. N\u00e3o h\u00e1 entrega ou retirada em hot\u00e9is.<\/p>\n<p data-start=\"1409\" data-end=\"1488\"><strong>Aviso importante<\/strong>Este passeio j\u00e1 est\u00e1 dispon\u00edvel para pr\u00e9-reserva. As sa\u00eddas operam de 15 de junho a 20 de agosto, sujeitas ao calend\u00e1rio sazonal.<\/p>","protected":false},"excerpt":{"rendered":"<p><strong>Roupas de inverno premium em Bariloche:<\/strong> Descubra uma experi\u00eancia exclusiva e segura na neve com nosso equipamento completo. Equipe-se com a mais alta qualidade e aproveite cada aventura de inverno.<\/p>","protected":false},"featured_media":377725,"comment_status":"open","ping_status":"closed","template":"","meta":[],"product_brand":[],"product_cat":[37,42,45,46,47],"product_tag":[],"class_list":{"0":"post-377167","1":"product","2":"type-product","3":"status-publish","4":"has-post-thumbnail","6":"product_cat-adultos","7":"product_cat-familia","8":"product_cat-invierno","9":"product_cat-ninos","10":"product_cat-otros","12":"first","13":"instock","14":"virtual","15":"sold-individually","16":"purchasable","17":"product-type-booking"},"booking_location":"","booking_location_type":"","booking_duration":1,"booking_duration_unit":"hour","booking_buffer":0,"booking_cost":0,"booking_resources":[],"exclude_global_add_ons":false,"addons":[{"name":"ADU: Adulto","type":"input_multiplier","position":0,"required":false,"title_format":"label","default":"","description_enable":false,"description":"","placeholder_enable":false,"placeholder":"","display":"select","restrictions_type":"any_text","adjust_price":true,"price":"36000","price_type":"quantity_based","restrictions":false,"min":"0","max":"0","options":[],"id":1775753601}],"yoast_head":"<!-- This site is optimized with the Yoast SEO Premium plugin v24.5 (Yoast SEO v24.8) - https:\/\/yoast.com\/wordpress\/plugins\/seo\/ -->\n<title>Alquiler de ropa para nieve: la opci\u00f3n m\u00e1s econ\u00f3mica y pr\u00e1ctica en Bariloche - Turismo en Patagonia Bariloche<\/title>\n<meta name=\"description\" content=\"Alquiler de ropa para nieve en Bariloche. Equipos completos y econ\u00f3micos, ideales para turistas que buscan practicidad y buen precio. Retiro en puntos c\u00e9ntricos.\" \/>\n<meta name=\"robots\" content=\"index, follow, max-snippet:-1, max-image-preview:large, max-video-preview:-1\" \/>\n<link rel=\"canonical\" href=\"https:\/\/turismopatagonia.ar\/pt\/product\/aluguel-de-roupas-de-neve-equipamento-completo\/\" \/>\n<meta property=\"og:locale\" content=\"pt_BR\" \/>\n<meta property=\"og:type\" content=\"article\" \/>\n<meta property=\"og:title\" content=\"Alquiler de ropa para nieve: la opci\u00f3n m\u00e1s econ\u00f3mica y pr\u00e1ctica en Bariloche\" \/>\n<meta property=\"og:description\" content=\"Alquiler de ropa para nieve en Bariloche. Equipos completos y econ\u00f3micos, ideales para turistas que buscan practicidad y buen precio. Retiro en puntos c\u00e9ntricos.\" \/>\n<meta property=\"og:url\" content=\"https:\/\/turismopatagonia.ar\/pt\/product\/aluguel-de-roupas-de-neve-equipamento-completo\/\" \/>\n<meta property=\"og:site_name\" content=\"Turismo en Patagonia Bariloche\" \/>\n<meta property=\"article:modified_time\" content=\"2026-04-10T15:09:33+00:00\" \/>\n<meta property=\"og:image\" content=\"https:\/\/turismopatagonia.ar\/wp-content\/uploads\/2025\/04\/6-A-WhatsApp-Image-2025-06-16-at-19.19.19-6-scaled.jpg\" \/>\n\t<meta property=\"og:image:width\" content=\"1920\" \/>\n\t<meta property=\"og:image:height\" content=\"2560\" \/>\n\t<meta property=\"og:image:type\" content=\"image\/jpeg\" \/>\n<meta name=\"twitter:card\" content=\"summary_large_image\" \/>\n<meta name=\"twitter:label1\" content=\"Pre\u00e7o\" \/>\n\t<meta name=\"twitter:data1\" content=\"&#036;&nbsp;36.000,00\" \/>\n\t<meta name=\"twitter:label2\" content=\"Disponibilidade\" \/>\n\t<meta name=\"twitter:data2\" content=\"Em Estoque\" \/>\n<script type=\"application\/ld+json\" class=\"yoast-schema-graph\">{\"@context\":\"https:\/\/schema.org\",\"@graph\":[{\"@type\":[\"WebPage\",\"ItemPage\"],\"@id\":\"https:\/\/turismopatagonia.ar\/product\/alquiler-ropa-nieve-equipo-completo\",\"url\":\"https:\/\/turismopatagonia.ar\/product\/alquiler-ropa-nieve-equipo-completo\",\"name\":\"Alquiler de ropa para nieve: la opci\u00f3n m\u00e1s econ\u00f3mica y pr\u00e1ctica en Bariloche - Turismo en Patagonia Bariloche\",\"isPartOf\":{\"@id\":\"https:\/\/turismopatagonia.ar\/#website\"},\"primaryImageOfPage\":{\"@id\":\"https:\/\/turismopatagonia.ar\/product\/alquiler-ropa-nieve-equipo-completo#primaryimage\"},\"image\":{\"@id\":\"https:\/\/turismopatagonia.ar\/product\/alquiler-ropa-nieve-equipo-completo#primaryimage\"},\"thumbnailUrl\":\"https:\/\/turismopatagonia.ar\/wp-content\/uploads\/2025\/04\/6-A-WhatsApp-Image-2025-06-16-at-19.19.19-6-scaled.jpg\",\"datePublished\":\"2026-04-09T19:14:10+00:00\",\"dateModified\":\"2026-04-10T15:09:33+00:00\",\"description\":\"Alquiler de ropa para nieve en Bariloche. Equipos completos y econ\u00f3micos, ideales para turistas que buscan practicidad y buen precio. Retiro en puntos c\u00e9ntricos.\",\"breadcrumb\":{\"@id\":\"https:\/\/turismopatagonia.ar\/product\/alquiler-ropa-nieve-equipo-completo#breadcrumb\"},\"inLanguage\":\"pt-BR\",\"potentialAction\":[{\"@type\":\"ReadAction\",\"target\":[\"https:\/\/turismopatagonia.ar\/product\/alquiler-ropa-nieve-equipo-completo\"]}]},{\"@type\":\"ImageObject\",\"inLanguage\":\"pt-BR\",\"@id\":\"https:\/\/turismopatagonia.ar\/product\/alquiler-ropa-nieve-equipo-completo#primaryimage\",\"url\":\"https:\/\/turismopatagonia.ar\/wp-content\/uploads\/2025\/04\/6-A-WhatsApp-Image-2025-06-16-at-19.19.19-6-scaled.jpg\",\"contentUrl\":\"https:\/\/turismopatagonia.ar\/wp-content\/uploads\/2025\/04\/6-A-WhatsApp-Image-2025-06-16-at-19.19.19-6-scaled.jpg\",\"width\":1920,\"height\":2560},{\"@type\":\"BreadcrumbList\",\"@id\":\"https:\/\/turismopatagonia.ar\/product\/alquiler-ropa-nieve-equipo-completo#breadcrumb\",\"itemListElement\":[{\"@type\":\"ListItem\",\"position\":1,\"name\":\"Home\",\"item\":\"https:\/\/turismopatagonia.ar\/\"},{\"@type\":\"ListItem\",\"position\":2,\"name\":\"Shop\",\"item\":\"https:\/\/turismopatagonia.ar\/shop\"},{\"@type\":\"ListItem\",\"position\":3,\"name\":\"Alquiler de ropa para nieve: la opci\u00f3n m\u00e1s econ\u00f3mica y pr\u00e1ctica en Bariloche\"}]},{\"@type\":\"WebSite\",\"@id\":\"https:\/\/turismopatagonia.ar\/#website\",\"url\":\"https:\/\/turismopatagonia.ar\/\",\"name\":\"Turismo en Patagonia Bariloche\",\"description\":\"Descubre la belleza de la Patagonia: gu\u00edas, actividades y destinos tur\u00edsticos en Bariloche y alrededores.\",\"publisher\":{\"@id\":\"https:\/\/turismopatagonia.ar\/#organization\"},\"potentialAction\":[{\"@type\":\"SearchAction\",\"target\":{\"@type\":\"EntryPoint\",\"urlTemplate\":\"https:\/\/turismopatagonia.ar\/?s={search_term_string}\"},\"query-input\":{\"@type\":\"PropertyValueSpecification\",\"valueRequired\":true,\"valueName\":\"search_term_string\"}}],\"inLanguage\":\"pt-BR\"},{\"@type\":\"Organization\",\"@id\":\"https:\/\/turismopatagonia.ar\/#organization\",\"name\":\"Turismo en Patagonia Bariloche\",\"url\":\"https:\/\/turismopatagonia.ar\/\",\"logo\":{\"@type\":\"ImageObject\",\"inLanguage\":\"pt-BR\",\"@id\":\"https:\/\/turismopatagonia.ar\/#\/schema\/logo\/image\/\",\"url\":\"https:\/\/turismopatagonia.ar\/wp-content\/uploads\/2023\/04\/logo-tirismo-copia.png\",\"contentUrl\":\"https:\/\/turismopatagonia.ar\/wp-content\/uploads\/2023\/04\/logo-tirismo-copia.png\",\"width\":270,\"height\":100,\"caption\":\"Turismo en Patagonia Bariloche\"},\"image\":{\"@id\":\"https:\/\/turismopatagonia.ar\/#\/schema\/logo\/image\/\"}}]}<\/script>\n<meta property=\"product:price:amount\" content=\"36000.00\" \/>\n<meta property=\"product:price:currency\" content=\"ARS\" \/>\n<meta property=\"og:availability\" content=\"instock\" \/>\n<meta property=\"product:availability\" content=\"instock\" \/>\n<meta property=\"product:retailer_item_id\" content=\"ADV2025ALROPAZG1D\" \/>\n<meta property=\"product:condition\" content=\"new\" \/>\n<!-- \/ Yoast SEO Premium plugin. -->","yoast_head_json":{"title":"Aluguel de roupa de neve: a op\u00e7\u00e3o mais econ\u00f4mica e pr\u00e1tica em Bariloche - Turismo en Patagonia Bariloche","description":"Aluguel de roupas de neve em Bariloche. Equipamentos completos e econ\u00f4micos, ideais para turistas que buscam praticidade e bom pre\u00e7o. Retirada em locais centrais.","robots":{"index":"index","follow":"follow","max-snippet":"max-snippet:-1","max-image-preview":"max-image-preview:large","max-video-preview":"max-video-preview:-1"},"canonical":"https:\/\/turismopatagonia.ar\/pt\/product\/aluguel-de-roupas-de-neve-equipamento-completo\/","og_locale":"pt_BR","og_type":"article","og_title":"Alquiler de ropa para nieve: la opci\u00f3n m\u00e1s econ\u00f3mica y pr\u00e1ctica en Bariloche","og_description":"Alquiler de ropa para nieve en Bariloche. Equipos completos y econ\u00f3micos, ideales para turistas que buscan practicidad y buen precio. Retiro en puntos c\u00e9ntricos.","og_url":"https:\/\/turismopatagonia.ar\/pt\/product\/aluguel-de-roupas-de-neve-equipamento-completo\/","og_site_name":"Turismo en Patagonia Bariloche","article_modified_time":"2026-04-10T15:09:33+00:00","og_image":[{"width":1920,"height":2560,"url":"https:\/\/turismopatagonia.ar\/wp-content\/uploads\/2025\/04\/6-A-WhatsApp-Image-2025-06-16-at-19.19.19-6-scaled.jpg","type":"image\/jpeg"}],"twitter_card":"summary_large_image","twitter_misc":{"Pre\u00e7o":"&#36;&nbsp;36.000,00","Disponibilidade":"Em Estoque"},"schema":{"@context":"https:\/\/schema.org","@graph":[{"@type":["WebPage","ItemPage"],"@id":"https:\/\/turismopatagonia.ar\/product\/alquiler-ropa-nieve-equipo-completo","url":"https:\/\/turismopatagonia.ar\/product\/alquiler-ropa-nieve-equipo-completo","name":"Aluguel de roupa de neve: a op\u00e7\u00e3o mais econ\u00f4mica e pr\u00e1tica em Bariloche - Turismo en Patagonia Bariloche","isPartOf":{"@id":"https:\/\/turismopatagonia.ar\/#website"},"primaryImageOfPage":{"@id":"https:\/\/turismopatagonia.ar\/product\/alquiler-ropa-nieve-equipo-completo#primaryimage"},"image":{"@id":"https:\/\/turismopatagonia.ar\/product\/alquiler-ropa-nieve-equipo-completo#primaryimage"},"thumbnailUrl":"https:\/\/turismopatagonia.ar\/wp-content\/uploads\/2025\/04\/6-A-WhatsApp-Image-2025-06-16-at-19.19.19-6-scaled.jpg","datePublished":"2026-04-09T19:14:10+00:00","dateModified":"2026-04-10T15:09:33+00:00","description":"Aluguel de roupas de neve em Bariloche. Equipamentos completos e econ\u00f4micos, ideais para turistas que buscam praticidade e bom pre\u00e7o. Retirada em locais centrais.","breadcrumb":{"@id":"https:\/\/turismopatagonia.ar\/product\/alquiler-ropa-nieve-equipo-completo#breadcrumb"},"inLanguage":"pt-BR","potentialAction":[{"@type":"ReadAction","target":["https:\/\/turismopatagonia.ar\/product\/alquiler-ropa-nieve-equipo-completo"]}]},{"@type":"ImageObject","inLanguage":"pt-BR","@id":"https:\/\/turismopatagonia.ar\/product\/alquiler-ropa-nieve-equipo-completo#primaryimage","url":"https:\/\/turismopatagonia.ar\/wp-content\/uploads\/2025\/04\/6-A-WhatsApp-Image-2025-06-16-at-19.19.19-6-scaled.jpg","contentUrl":"https:\/\/turismopatagonia.ar\/wp-content\/uploads\/2025\/04\/6-A-WhatsApp-Image-2025-06-16-at-19.19.19-6-scaled.jpg","width":1920,"height":2560},{"@type":"BreadcrumbList","@id":"https:\/\/turismopatagonia.ar\/product\/alquiler-ropa-nieve-equipo-completo#breadcrumb","itemListElement":[{"@type":"ListItem","position":1,"name":"Home","item":"https:\/\/turismopatagonia.ar\/"},{"@type":"ListItem","position":2,"name":"Shop","item":"https:\/\/turismopatagonia.ar\/shop"},{"@type":"ListItem","position":3,"name":"Alquiler de ropa para nieve: la opci\u00f3n m\u00e1s econ\u00f3mica y pr\u00e1ctica en Bariloche"}]},{"@type":"WebSite","@id":"https:\/\/turismopatagonia.ar\/#website","url":"https:\/\/turismopatagonia.ar\/","name":"Turismo na Patag\u00f4nia Bariloche","description":"Descubra a beleza da Patag\u00f4nia: guias, atividades e destinos tur\u00edsticos em Bariloche e arredores.","publisher":{"@id":"https:\/\/turismopatagonia.ar\/#organization"},"potentialAction":[{"@type":"SearchAction","target":{"@type":"EntryPoint","urlTemplate":"https:\/\/turismopatagonia.ar\/?s={search_term_string}"},"query-input":{"@type":"PropertyValueSpecification","valueRequired":true,"valueName":"search_term_string"}}],"inLanguage":"pt-BR"},{"@type":"Organization","@id":"https:\/\/turismopatagonia.ar\/#organization","name":"Turismo na Patag\u00f4nia Bariloche","url":"https:\/\/turismopatagonia.ar\/","logo":{"@type":"ImageObject","inLanguage":"pt-BR","@id":"https:\/\/turismopatagonia.ar\/#\/schema\/logo\/image\/","url":"https:\/\/turismopatagonia.ar\/wp-content\/uploads\/2023\/04\/logo-tirismo-copia.png","contentUrl":"https:\/\/turismopatagonia.ar\/wp-content\/uploads\/2023\/04\/logo-tirismo-copia.png","width":270,"height":100,"caption":"Turismo en Patagonia Bariloche"},"image":{"@id":"https:\/\/turismopatagonia.ar\/#\/schema\/logo\/image\/"}}]},"product_price_amount":"36000.00","product_price_currency":"ARS","og_availability":"instock","product_availability":"instock","product_retailer_item_id":"ADV2025ALROPAZG1D","product_condition":"new"},"_links":{"self":[{"href":"https:\/\/turismopatagonia.ar\/pt\/wp-json\/wp\/v2\/product\/377167","targetHints":{"allow":["GET"]}}],"collection":[{"href":"https:\/\/turismopatagonia.ar\/pt\/wp-json\/wp\/v2\/product"}],"about":[{"href":"https:\/\/turismopatagonia.ar\/pt\/wp-json\/wp\/v2\/types\/product"}],"replies":[{"embeddable":true,"href":"https:\/\/turismopatagonia.ar\/pt\/wp-json\/wp\/v2\/comments?post=377167"}],"wp:featuredmedia":[{"embeddable":true,"href":"https:\/\/turismopatagonia.ar\/pt\/wp-json\/wp\/v2\/media\/377725"}],"wp:attachment":[{"href":"https:\/\/turismopatagonia.ar\/pt\/wp-json\/wp\/v2\/media?parent=377167"}],"wp:term":[{"taxonomy":"product_brand","embeddable":true,"href":"https:\/\/turismopatagonia.ar\/pt\/wp-json\/wp\/v2\/product_brand?post=377167"},{"taxonomy":"product_cat","embeddable":true,"href":"https:\/\/turismopatagonia.ar\/pt\/wp-json\/wp\/v2\/product_cat?post=377167"},{"taxonomy":"product_tag","embeddable":true,"href":"https:\/\/turismopatagonia.ar\/pt\/wp-json\/wp\/v2\/product_tag?post=377167"}],"curies":[{"name":"wp","href":"https:\/\/api.w.org\/{rel}","templated":true}]}}