{"id":377168,"date":"2026-04-09T16:14:12","date_gmt":"2026-04-09T19:14:12","guid":{"rendered":"https:\/\/turismopatagonia.ar\/?post_type=product&#038;p=377168"},"modified":"2026-04-10T11:44:53","modified_gmt":"2026-04-10T14:44:53","slug":"traslado-al-cerro-catedral","status":"publish","type":"product","link":"https:\/\/turismopatagonia.ar\/pt\/product\/traslado-para-a-colina-da-catedral","title":{"rendered":"Traslado para o Cerro Catedral - Econ\u00f4mico, simples e descomplicado"},"content":{"rendered":"<h3 data-start=\"203\" data-end=\"259\">A maneira mais f\u00e1cil e acess\u00edvel de chegar \u00e0 neve<\/h3>\n<p data-start=\"261\" data-end=\"538\">Esse traslado foi criado para aqueles que desejam visitar o Cerro Catedral sem gastar muito. N\u00f3s o levaremos de Bariloche at\u00e9 a base da esta\u00e7\u00e3o de esqui, para que voc\u00ea possa aproveitar a neve, praticar esportes ou simplesmente passear, sem ter que providenciar seu pr\u00f3prio transporte.<\/p>\n<p data-start=\"540\" data-end=\"622\">Ideal para fam\u00edlias, grupos ou viajantes que procuram uma op\u00e7\u00e3o pr\u00e1tica e econ\u00f4mica.<\/p>\n<h3 data-start=\"629\" data-end=\"655\">O que a transfer\u00eancia oferece<\/h3>\n<ul data-start=\"657\" data-end=\"855\">\n<li data-start=\"657\" data-end=\"720\">\n<p data-start=\"659\" data-end=\"720\">Transporte de ida e volta de Bariloche a Cerro Catedral.<\/p>\n<\/li>\n<li data-start=\"721\" data-end=\"775\">\n<p data-start=\"723\" data-end=\"775\">Sa\u00eddas organizadas, pontuais e sem complica\u00e7\u00f5es.<\/p>\n<\/li>\n<li data-start=\"776\" data-end=\"855\">\n<p data-start=\"778\" data-end=\"855\">Tempo livre na esta\u00e7\u00e3o de esqui para atividades de sua escolha.<\/p>\n<\/li>\n<\/ul>\n<p data-start=\"857\" data-end=\"986\"><strong data-start=\"857\" data-end=\"872\">Importante:<\/strong> O traslado n\u00e3o inclui taxas de entrada ou atividades. Esses servi\u00e7os s\u00e3o contratados diretamente no resort.<\/p>\n<h3 data-start=\"993\" data-end=\"1009\">Dados \u00fateis<\/h3>\n<p data-start=\"1011\" data-end=\"1026\"><strong data-start=\"1011\" data-end=\"1024\">Hor\u00e1rios:<\/strong><\/p>\n<ul data-start=\"1027\" data-end=\"1081\">\n<li data-start=\"1027\" data-end=\"1055\">\n<p data-start=\"1029\" data-end=\"1055\">Manh\u00e3: 08:00 \u00e0s 16:00 hs.<\/p>\n<\/li>\n<li data-start=\"1056\" data-end=\"1081\">\n<p data-start=\"1058\" data-end=\"1081\">Tarde: 13:00 \u00e0s 18:00 hs.<\/p>\n<\/li>\n<\/ul>\n<p data-start=\"1083\" data-end=\"1106\"><strong data-start=\"1083\" data-end=\"1096\">Dura\u00e7\u00e3o:<\/strong> Meio dia.<\/p>\n<p data-start=\"1108\" data-end=\"1248\"><strong data-start=\"1108\" data-end=\"1128\">Ponto de partida:<\/strong> Coordena\u00e7\u00e3o pr\u00e9via do ponto de encontro mais pr\u00f3ximo da acomoda\u00e7\u00e3o (entre o centro e o km 8 da Av. Bustillo ou Pioneros).<\/p>\n<p data-start=\"1250\" data-end=\"1287\"><strong data-start=\"1250\" data-end=\"1262\">Ele inclui:<\/strong> Transporte de ida e volta para o aeroporto.<\/p>\n<p data-start=\"1289\" data-end=\"1366\"><strong data-start=\"1289\" data-end=\"1304\">N\u00e3o inclu\u00eddo:<\/strong> Acesso a passes, refei\u00e7\u00f5es, aluguel de equipamentos e atividades.<\/p>\n<h3 data-start=\"1373\" data-end=\"1394\">Consultas r\u00e1pidas<\/h3>\n<p data-start=\"1396\" data-end=\"1489\"><strong data-start=\"1396\" data-end=\"1431\">\u00c9 adequado para todas as idades?<\/strong><br data-start=\"1431\" data-end=\"1434\" \/>Sim, \u00e9 ideal para fam\u00edlias, casais e grupos de amigos.<\/p>\n<p data-start=\"1491\" data-end=\"1615\"><strong data-start=\"1491\" data-end=\"1524\">Inclui a entrada no Cerro?<\/strong><br data-start=\"1524\" data-end=\"1527\" \/>N\u00e3o. Esse servi\u00e7o cobre apenas o traslado. As passagens e os passes s\u00e3o comprados no destino.<\/p>\n<p data-start=\"1617\" data-end=\"1720\"><strong data-start=\"1617\" data-end=\"1640\">Onde voc\u00ea almo\u00e7a?<\/strong><br data-start=\"1640\" data-end=\"1643\" \/>Dentro do Cerro h\u00e1 op\u00e7\u00f5es gastron\u00f4micas, ou voc\u00ea pode levar sua pr\u00f3pria comida.<\/p>\n<p data-start=\"1722\" data-end=\"1822\"><strong data-start=\"1722\" data-end=\"1757\">Posso levar meu equipamento de esqui?<\/strong><br data-start=\"1757\" data-end=\"1760\" \/>Sim, \u00e9 poss\u00edvel transportar seu pr\u00f3prio equipamento sem custo adicional.<\/p>\n<p data-start=\"1722\" data-end=\"1822\"><strong>Aviso importante<\/strong>Este passeio j\u00e1 est\u00e1 dispon\u00edvel para pr\u00e9-reserva. As sa\u00eddas operam de 15 de junho a 20 de agosto, sujeitas ao calend\u00e1rio sazonal.<\/p>","protected":false},"excerpt":{"rendered":"<p data-start=\"2020\" data-end=\"2211\">Traslado de ida e volta ao Cerro Catedral desde Bariloche. Servi\u00e7o econ\u00f4mico e simples para aproveitar a neve sem complica\u00e7\u00f5es ou gastos extras.<\/p>","protected":false},"featured_media":377728,"comment_status":"open","ping_status":"closed","template":"","meta":[],"product_brand":[],"product_cat":[37,41,42,45,46,48,49],"product_tag":[],"class_list":{"0":"post-377168","1":"product","2":"type-product","3":"status-publish","4":"has-post-thumbnail","6":"product_cat-adultos","7":"product_cat-con-traslado","8":"product_cat-familia","9":"product_cat-invierno","10":"product_cat-ninos","11":"product_cat-sin-comida","12":"product_cat-terrestre","14":"first","15":"instock","16":"virtual","17":"sold-individually","18":"purchasable","19":"product-type-booking"},"booking_location":"","booking_location_type":"","booking_duration":1,"booking_duration_unit":"hour","booking_buffer":0,"booking_cost":0,"booking_resources":[],"exclude_global_add_ons":false,"addons":[{"name":"ADU: Adulto","type":"input_multiplier","position":0,"required":false,"title_format":"label","default":"","description_enable":false,"description":"","placeholder_enable":false,"placeholder":"","display":"select","restrictions_type":"any_text","adjust_price":true,"price":"31200","price_type":"quantity_based","restrictions":false,"min":"0","max":"0","options":[],"id":1775753535}],"yoast_head":"<!-- This site is optimized with the Yoast SEO Premium plugin v24.5 (Yoast SEO v24.8) - https:\/\/yoast.com\/wordpress\/plugins\/seo\/ -->\n<title>Traslado al Cerro Catedral \u2013 Econ\u00f3mico, simple y sin complicaciones - Turismo en Patagonia Bariloche<\/title>\n<meta name=\"description\" content=\"Traslado econ\u00f3mico desde Bariloche al Cerro Catedral. Transporte ida y vuelta simple, directo y accesible para disfrutar de la nieve sin preocuparse.\" \/>\n<meta name=\"robots\" content=\"index, follow, max-snippet:-1, max-image-preview:large, max-video-preview:-1\" \/>\n<link rel=\"canonical\" href=\"https:\/\/turismopatagonia.ar\/pt\/product\/traslado-para-a-colina-da-catedral\/\" \/>\n<meta property=\"og:locale\" content=\"pt_BR\" \/>\n<meta property=\"og:type\" content=\"article\" \/>\n<meta property=\"og:title\" content=\"Traslado al Cerro Catedral \u2013 Econ\u00f3mico, simple y sin complicaciones\" \/>\n<meta property=\"og:description\" content=\"Traslado econ\u00f3mico desde Bariloche al Cerro Catedral. Transporte ida y vuelta simple, directo y accesible para disfrutar de la nieve sin preocuparse.\" \/>\n<meta property=\"og:url\" content=\"https:\/\/turismopatagonia.ar\/pt\/product\/traslado-para-a-colina-da-catedral\/\" \/>\n<meta property=\"og:site_name\" content=\"Turismo en Patagonia Bariloche\" \/>\n<meta property=\"article:modified_time\" content=\"2026-04-10T14:44:53+00:00\" \/>\n<meta property=\"og:image\" content=\"https:\/\/turismopatagonia.ar\/wp-content\/uploads\/2025\/04\/6-C-mvcaption-scaled.jpg\" \/>\n\t<meta property=\"og:image:width\" content=\"1920\" \/>\n\t<meta property=\"og:image:height\" content=\"2560\" \/>\n\t<meta property=\"og:image:type\" content=\"image\/jpeg\" \/>\n<meta name=\"twitter:card\" content=\"summary_large_image\" \/>\n<meta name=\"twitter:label1\" content=\"Pre\u00e7o\" \/>\n\t<meta name=\"twitter:data1\" content=\"&#036;&nbsp;31.200,00\" \/>\n\t<meta name=\"twitter:label2\" content=\"Disponibilidade\" \/>\n\t<meta name=\"twitter:data2\" content=\"Em Estoque\" \/>\n<script type=\"application\/ld+json\" class=\"yoast-schema-graph\">{\"@context\":\"https:\/\/schema.org\",\"@graph\":[{\"@type\":[\"WebPage\",\"ItemPage\"],\"@id\":\"https:\/\/turismopatagonia.ar\/product\/traslado-al-cerro-catedral\",\"url\":\"https:\/\/turismopatagonia.ar\/product\/traslado-al-cerro-catedral\",\"name\":\"Traslado al Cerro Catedral \u2013 Econ\u00f3mico, simple y sin complicaciones - Turismo en Patagonia Bariloche\",\"isPartOf\":{\"@id\":\"https:\/\/turismopatagonia.ar\/#website\"},\"primaryImageOfPage\":{\"@id\":\"https:\/\/turismopatagonia.ar\/product\/traslado-al-cerro-catedral#primaryimage\"},\"image\":{\"@id\":\"https:\/\/turismopatagonia.ar\/product\/traslado-al-cerro-catedral#primaryimage\"},\"thumbnailUrl\":\"https:\/\/turismopatagonia.ar\/wp-content\/uploads\/2025\/04\/6-C-mvcaption-scaled.jpg\",\"datePublished\":\"2026-04-09T19:14:12+00:00\",\"dateModified\":\"2026-04-10T14:44:53+00:00\",\"description\":\"Traslado econ\u00f3mico desde Bariloche al Cerro Catedral. Transporte ida y vuelta simple, directo y accesible para disfrutar de la nieve sin preocuparse.\",\"breadcrumb\":{\"@id\":\"https:\/\/turismopatagonia.ar\/product\/traslado-al-cerro-catedral#breadcrumb\"},\"inLanguage\":\"pt-BR\",\"potentialAction\":[{\"@type\":\"ReadAction\",\"target\":[\"https:\/\/turismopatagonia.ar\/product\/traslado-al-cerro-catedral\"]}]},{\"@type\":\"ImageObject\",\"inLanguage\":\"pt-BR\",\"@id\":\"https:\/\/turismopatagonia.ar\/product\/traslado-al-cerro-catedral#primaryimage\",\"url\":\"https:\/\/turismopatagonia.ar\/wp-content\/uploads\/2025\/04\/6-C-mvcaption-scaled.jpg\",\"contentUrl\":\"https:\/\/turismopatagonia.ar\/wp-content\/uploads\/2025\/04\/6-C-mvcaption-scaled.jpg\",\"width\":1920,\"height\":2560},{\"@type\":\"BreadcrumbList\",\"@id\":\"https:\/\/turismopatagonia.ar\/product\/traslado-al-cerro-catedral#breadcrumb\",\"itemListElement\":[{\"@type\":\"ListItem\",\"position\":1,\"name\":\"Home\",\"item\":\"https:\/\/turismopatagonia.ar\/\"},{\"@type\":\"ListItem\",\"position\":2,\"name\":\"Shop\",\"item\":\"https:\/\/turismopatagonia.ar\/shop\"},{\"@type\":\"ListItem\",\"position\":3,\"name\":\"Traslado al Cerro Catedral \u2013 Econ\u00f3mico, simple y sin complicaciones\"}]},{\"@type\":\"WebSite\",\"@id\":\"https:\/\/turismopatagonia.ar\/#website\",\"url\":\"https:\/\/turismopatagonia.ar\/\",\"name\":\"Turismo en Patagonia Bariloche\",\"description\":\"Descubre la belleza de la Patagonia: gu\u00edas, actividades y destinos tur\u00edsticos en Bariloche y alrededores.\",\"publisher\":{\"@id\":\"https:\/\/turismopatagonia.ar\/#organization\"},\"potentialAction\":[{\"@type\":\"SearchAction\",\"target\":{\"@type\":\"EntryPoint\",\"urlTemplate\":\"https:\/\/turismopatagonia.ar\/?s={search_term_string}\"},\"query-input\":{\"@type\":\"PropertyValueSpecification\",\"valueRequired\":true,\"valueName\":\"search_term_string\"}}],\"inLanguage\":\"pt-BR\"},{\"@type\":\"Organization\",\"@id\":\"https:\/\/turismopatagonia.ar\/#organization\",\"name\":\"Turismo en Patagonia Bariloche\",\"url\":\"https:\/\/turismopatagonia.ar\/\",\"logo\":{\"@type\":\"ImageObject\",\"inLanguage\":\"pt-BR\",\"@id\":\"https:\/\/turismopatagonia.ar\/#\/schema\/logo\/image\/\",\"url\":\"https:\/\/turismopatagonia.ar\/wp-content\/uploads\/2023\/04\/logo-tirismo-copia.png\",\"contentUrl\":\"https:\/\/turismopatagonia.ar\/wp-content\/uploads\/2023\/04\/logo-tirismo-copia.png\",\"width\":270,\"height\":100,\"caption\":\"Turismo en Patagonia Bariloche\"},\"image\":{\"@id\":\"https:\/\/turismopatagonia.ar\/#\/schema\/logo\/image\/\"}}]}<\/script>\n<meta property=\"product:price:amount\" content=\"31200.00\" \/>\n<meta property=\"product:price:currency\" content=\"ARS\" \/>\n<meta property=\"og:availability\" content=\"instock\" \/>\n<meta property=\"product:availability\" content=\"instock\" \/>\n<meta property=\"product:retailer_item_id\" content=\"ADV2025TRALCESHGU\" \/>\n<meta property=\"product:condition\" content=\"new\" \/>\n<!-- \/ Yoast SEO Premium plugin. -->","yoast_head_json":{"title":"Traslado ao Cerro Catedral - Econ\u00f4mico, simples e descomplicado - Turismo en Patagonia Bariloche","description":"Traslado econ\u00f4mico de Bariloche a Cerro Catedral. Transporte de ida e volta simples, direto e econ\u00f4mico para aproveitar a neve sem preocupa\u00e7\u00f5es.","robots":{"index":"index","follow":"follow","max-snippet":"max-snippet:-1","max-image-preview":"max-image-preview:large","max-video-preview":"max-video-preview:-1"},"canonical":"https:\/\/turismopatagonia.ar\/pt\/product\/traslado-para-a-colina-da-catedral\/","og_locale":"pt_BR","og_type":"article","og_title":"Traslado al Cerro Catedral \u2013 Econ\u00f3mico, simple y sin complicaciones","og_description":"Traslado econ\u00f3mico desde Bariloche al Cerro Catedral. Transporte ida y vuelta simple, directo y accesible para disfrutar de la nieve sin preocuparse.","og_url":"https:\/\/turismopatagonia.ar\/pt\/product\/traslado-para-a-colina-da-catedral\/","og_site_name":"Turismo en Patagonia Bariloche","article_modified_time":"2026-04-10T14:44:53+00:00","og_image":[{"width":1920,"height":2560,"url":"https:\/\/turismopatagonia.ar\/wp-content\/uploads\/2025\/04\/6-C-mvcaption-scaled.jpg","type":"image\/jpeg"}],"twitter_card":"summary_large_image","twitter_misc":{"Pre\u00e7o":"&#36;&nbsp;31.200,00","Disponibilidade":"Em Estoque"},"schema":{"@context":"https:\/\/schema.org","@graph":[{"@type":["WebPage","ItemPage"],"@id":"https:\/\/turismopatagonia.ar\/product\/traslado-al-cerro-catedral","url":"https:\/\/turismopatagonia.ar\/product\/traslado-al-cerro-catedral","name":"Traslado ao Cerro Catedral - Econ\u00f4mico, simples e descomplicado - Turismo en Patagonia Bariloche","isPartOf":{"@id":"https:\/\/turismopatagonia.ar\/#website"},"primaryImageOfPage":{"@id":"https:\/\/turismopatagonia.ar\/product\/traslado-al-cerro-catedral#primaryimage"},"image":{"@id":"https:\/\/turismopatagonia.ar\/product\/traslado-al-cerro-catedral#primaryimage"},"thumbnailUrl":"https:\/\/turismopatagonia.ar\/wp-content\/uploads\/2025\/04\/6-C-mvcaption-scaled.jpg","datePublished":"2026-04-09T19:14:12+00:00","dateModified":"2026-04-10T14:44:53+00:00","description":"Traslado econ\u00f4mico de Bariloche a Cerro Catedral. Transporte de ida e volta simples, direto e econ\u00f4mico para aproveitar a neve sem preocupa\u00e7\u00f5es.","breadcrumb":{"@id":"https:\/\/turismopatagonia.ar\/product\/traslado-al-cerro-catedral#breadcrumb"},"inLanguage":"pt-BR","potentialAction":[{"@type":"ReadAction","target":["https:\/\/turismopatagonia.ar\/product\/traslado-al-cerro-catedral"]}]},{"@type":"ImageObject","inLanguage":"pt-BR","@id":"https:\/\/turismopatagonia.ar\/product\/traslado-al-cerro-catedral#primaryimage","url":"https:\/\/turismopatagonia.ar\/wp-content\/uploads\/2025\/04\/6-C-mvcaption-scaled.jpg","contentUrl":"https:\/\/turismopatagonia.ar\/wp-content\/uploads\/2025\/04\/6-C-mvcaption-scaled.jpg","width":1920,"height":2560},{"@type":"BreadcrumbList","@id":"https:\/\/turismopatagonia.ar\/product\/traslado-al-cerro-catedral#breadcrumb","itemListElement":[{"@type":"ListItem","position":1,"name":"Home","item":"https:\/\/turismopatagonia.ar\/"},{"@type":"ListItem","position":2,"name":"Shop","item":"https:\/\/turismopatagonia.ar\/shop"},{"@type":"ListItem","position":3,"name":"Traslado al Cerro Catedral \u2013 Econ\u00f3mico, simple y sin complicaciones"}]},{"@type":"WebSite","@id":"https:\/\/turismopatagonia.ar\/#website","url":"https:\/\/turismopatagonia.ar\/","name":"Turismo na Patag\u00f4nia Bariloche","description":"Descubra a beleza da Patag\u00f4nia: guias, atividades e destinos tur\u00edsticos em Bariloche e arredores.","publisher":{"@id":"https:\/\/turismopatagonia.ar\/#organization"},"potentialAction":[{"@type":"SearchAction","target":{"@type":"EntryPoint","urlTemplate":"https:\/\/turismopatagonia.ar\/?s={search_term_string}"},"query-input":{"@type":"PropertyValueSpecification","valueRequired":true,"valueName":"search_term_string"}}],"inLanguage":"pt-BR"},{"@type":"Organization","@id":"https:\/\/turismopatagonia.ar\/#organization","name":"Turismo na Patag\u00f4nia Bariloche","url":"https:\/\/turismopatagonia.ar\/","logo":{"@type":"ImageObject","inLanguage":"pt-BR","@id":"https:\/\/turismopatagonia.ar\/#\/schema\/logo\/image\/","url":"https:\/\/turismopatagonia.ar\/wp-content\/uploads\/2023\/04\/logo-tirismo-copia.png","contentUrl":"https:\/\/turismopatagonia.ar\/wp-content\/uploads\/2023\/04\/logo-tirismo-copia.png","width":270,"height":100,"caption":"Turismo en Patagonia Bariloche"},"image":{"@id":"https:\/\/turismopatagonia.ar\/#\/schema\/logo\/image\/"}}]},"product_price_amount":"31200.00","product_price_currency":"ARS","og_availability":"instock","product_availability":"instock","product_retailer_item_id":"ADV2025TRALCESHGU","product_condition":"new"},"_links":{"self":[{"href":"https:\/\/turismopatagonia.ar\/pt\/wp-json\/wp\/v2\/product\/377168","targetHints":{"allow":["GET"]}}],"collection":[{"href":"https:\/\/turismopatagonia.ar\/pt\/wp-json\/wp\/v2\/product"}],"about":[{"href":"https:\/\/turismopatagonia.ar\/pt\/wp-json\/wp\/v2\/types\/product"}],"replies":[{"embeddable":true,"href":"https:\/\/turismopatagonia.ar\/pt\/wp-json\/wp\/v2\/comments?post=377168"}],"wp:featuredmedia":[{"embeddable":true,"href":"https:\/\/turismopatagonia.ar\/pt\/wp-json\/wp\/v2\/media\/377728"}],"wp:attachment":[{"href":"https:\/\/turismopatagonia.ar\/pt\/wp-json\/wp\/v2\/media?parent=377168"}],"wp:term":[{"taxonomy":"product_brand","embeddable":true,"href":"https:\/\/turismopatagonia.ar\/pt\/wp-json\/wp\/v2\/product_brand?post=377168"},{"taxonomy":"product_cat","embeddable":true,"href":"https:\/\/turismopatagonia.ar\/pt\/wp-json\/wp\/v2\/product_cat?post=377168"},{"taxonomy":"product_tag","embeddable":true,"href":"https:\/\/turismopatagonia.ar\/pt\/wp-json\/wp\/v2\/product_tag?post=377168"}],"curies":[{"name":"wp","href":"https:\/\/api.w.org\/{rel}","templated":true}]}}