{"id":377169,"date":"2026-04-09T16:14:13","date_gmt":"2026-04-09T19:14:13","guid":{"rendered":"https:\/\/turismopatagonia.ar\/?post_type=product&#038;p=377169"},"modified":"2026-04-10T11:44:03","modified_gmt":"2026-04-10T14:44:03","slug":"traslado-al-cerro-piedras-blancas","status":"publish","type":"product","link":"https:\/\/turismopatagonia.ar\/pt\/product\/traslado-para-o-cerro-piedras-blancas","title":{"rendered":"Traslado para Piedras Blancas - Simples, econ\u00f4mico e descomplicado"},"content":{"rendered":"<h3 data-start=\"185\" data-end=\"241\">A maneira mais f\u00e1cil de chegar \u00e0 neve em Bariloche<\/h3>\n<p data-start=\"243\" data-end=\"504\">Esse traslado \u00e9 a op\u00e7\u00e3o ideal para quem deseja visitar Piedras Blancas sem gastar muito. N\u00f3s o levamos de Bariloche ao complexo localizado no Cerro Otto para que voc\u00ea possa aproveitar a neve, os tren\u00f3s e as paisagens sem se preocupar com o transporte.<\/p>\n<p data-start=\"506\" data-end=\"587\">Uma alternativa econ\u00f4mica, direta e organizada para aproveitar ao m\u00e1ximo o seu dia.<\/p>\n<h3 data-start=\"594\" data-end=\"621\">O que est\u00e1 inclu\u00eddo na transfer\u00eancia<\/h3>\n<ul data-start=\"623\" data-end=\"814\">\n<li data-start=\"623\" data-end=\"683\">\n<p data-start=\"625\" data-end=\"683\">Transporte de ida e volta de Bariloche a Piedras Blancas.<\/p>\n<\/li>\n<li data-start=\"684\" data-end=\"726\">\n<p data-start=\"686\" data-end=\"726\">Servi\u00e7o direto, pontual e simples.<\/p>\n<\/li>\n<li data-start=\"727\" data-end=\"814\">\n<p data-start=\"729\" data-end=\"814\">Tempo livre para voc\u00ea fazer as atividades dentro do complexo no seu pr\u00f3prio ritmo.<\/p>\n<\/li>\n<\/ul>\n<p data-start=\"816\" data-end=\"920\"><strong data-start=\"816\" data-end=\"831\">Importante:<\/strong> As taxas de entrada e as atividades dentro do complexo n\u00e3o est\u00e3o inclu\u00eddas e devem ser pagas na chegada.<\/p>\n<h3 data-start=\"927\" data-end=\"943\">Dados \u00fateis<\/h3>\n<p data-start=\"945\" data-end=\"960\"><strong data-start=\"945\" data-end=\"958\">Hor\u00e1rios:<\/strong><\/p>\n<ul data-start=\"961\" data-end=\"1015\">\n<li data-start=\"961\" data-end=\"989\">\n<p data-start=\"963\" data-end=\"989\">Manh\u00e3: 08:00 \u00e0s 16:00 hs.<\/p>\n<\/li>\n<li data-start=\"990\" data-end=\"1015\">\n<p data-start=\"992\" data-end=\"1015\">Tarde: 13:00 \u00e0s 18:00 hs.<\/p>\n<\/li>\n<\/ul>\n<p data-start=\"1017\" data-end=\"1040\"><strong data-start=\"1017\" data-end=\"1030\">Dura\u00e7\u00e3o:<\/strong> Meio dia.<\/p>\n<p data-start=\"1042\" data-end=\"1199\"><strong data-start=\"1042\" data-end=\"1062\">Ponto de partida:<\/strong> N\u00f3s o buscamos nos pontos de encontro mais pr\u00f3ximos de sua acomoda\u00e7\u00e3o, entre o centro de Bariloche e o km 8 da Av. Bustillo ou Pioneros.<\/p>\n<p data-start=\"1201\" data-end=\"1238\"><strong data-start=\"1201\" data-end=\"1213\">Ele inclui:<\/strong> Transporte de ida e volta para o aeroporto.<\/p>\n<p data-start=\"1240\" data-end=\"1315\"><strong data-start=\"1240\" data-end=\"1255\">N\u00e3o inclu\u00eddo:<\/strong> Taxas de entrada, refei\u00e7\u00f5es e atividades em Piedras Blancas.<\/p>\n<h3 data-start=\"1322\" data-end=\"1343\">Consultas r\u00e1pidas<\/h3>\n<p data-start=\"1345\" data-end=\"1417\"><strong data-start=\"1345\" data-end=\"1384\">Quem pode participar da excurs\u00e3o?<\/strong><br data-start=\"1384\" data-end=\"1387\" \/>Ele \u00e9 adequado para todas as idades.<\/p>\n<p data-start=\"1419\" data-end=\"1533\"><strong data-start=\"1419\" data-end=\"1460\">A transfer\u00eancia inclui as atividades?<\/strong><br data-start=\"1460\" data-end=\"1463\" \/>N\u00e3o, somente o transporte \u00e9 coberto. As atividades s\u00e3o pagas no resort.<\/p>\n<p data-start=\"1535\" data-end=\"1643\"><strong data-start=\"1535\" data-end=\"1570\">Onde s\u00e3o realizadas as refei\u00e7\u00f5es?<\/strong><br data-start=\"1570\" data-end=\"1573\" \/>No complexo, h\u00e1 restaurantes e pousadas, ou voc\u00ea pode levar sua pr\u00f3pria comida.<\/p>\n<p data-start=\"1645\" data-end=\"1760\"><strong data-start=\"1645\" data-end=\"1674\">Posso ir com minha fam\u00edlia?<\/strong><br data-start=\"1674\" data-end=\"1677\" \/>Sim, \u00e9 ideal para fam\u00edlias que buscam uma op\u00e7\u00e3o econ\u00f4mica para aproveitar a neve.<\/p>\n<p data-start=\"1645\" data-end=\"1760\"><strong>Aviso importante<\/strong>Este passeio j\u00e1 est\u00e1 dispon\u00edvel para pr\u00e9-reserva. As sa\u00eddas operam de 15 de junho a 20 de agosto, sujeitas ao calend\u00e1rio sazonal.<\/p>","protected":false},"excerpt":{"rendered":"<p data-start=\"1954\" data-end=\"2146\">Traslado de ida e volta a Piedras Blancas desde Bariloche. Op\u00e7\u00e3o econ\u00f4mica e direta para aproveitar a neve sem complica\u00e7\u00f5es ou despesas extras.<\/p>","protected":false},"featured_media":377733,"comment_status":"open","ping_status":"closed","template":"","meta":[],"product_brand":[],"product_cat":[37,41,42,45,46,48,49],"product_tag":[],"class_list":{"0":"post-377169","1":"product","2":"type-product","3":"status-publish","4":"has-post-thumbnail","6":"product_cat-adultos","7":"product_cat-con-traslado","8":"product_cat-familia","9":"product_cat-invierno","10":"product_cat-ninos","11":"product_cat-sin-comida","12":"product_cat-terrestre","14":"first","15":"instock","16":"virtual","17":"sold-individually","18":"purchasable","19":"product-type-booking"},"booking_location":"","booking_location_type":"","booking_duration":1,"booking_duration_unit":"hour","booking_buffer":0,"booking_cost":0,"booking_resources":[],"exclude_global_add_ons":false,"addons":[{"name":"ADU: Adulto","type":"input_multiplier","position":0,"required":false,"title_format":"label","default":"","description_enable":false,"description":"","placeholder_enable":false,"placeholder":"","display":"select","restrictions_type":"any_text","adjust_price":true,"price":"31200","price_type":"quantity_based","restrictions":false,"min":"0","max":"0","options":[],"id":1775753478}],"yoast_head":"<!-- This site is optimized with the Yoast SEO Premium plugin v24.5 (Yoast SEO v24.8) - https:\/\/yoast.com\/wordpress\/plugins\/seo\/ -->\n<title>Traslado a Piedras Blancas \u2013 Simple, econ\u00f3mico y sin complicaciones - Turismo en Patagonia Bariloche<\/title>\n<meta name=\"description\" content=\"Traslado econ\u00f3mico desde Bariloche a Piedras Blancas. Transporte directo y accesible para disfrutar trineos y nieve sin preocuparse por el viaje.\" \/>\n<meta name=\"robots\" content=\"index, follow, max-snippet:-1, max-image-preview:large, max-video-preview:-1\" \/>\n<link rel=\"canonical\" href=\"https:\/\/turismopatagonia.ar\/pt\/product\/traslado-para-o-cerro-piedras-blancas\/\" \/>\n<meta property=\"og:locale\" content=\"pt_BR\" \/>\n<meta property=\"og:type\" content=\"article\" \/>\n<meta property=\"og:title\" content=\"Traslado a Piedras Blancas \u2013 Simple, econ\u00f3mico y sin complicaciones\" \/>\n<meta property=\"og:description\" content=\"Traslado econ\u00f3mico desde Bariloche a Piedras Blancas. Transporte directo y accesible para disfrutar trineos y nieve sin preocuparse por el viaje.\" \/>\n<meta property=\"og:url\" content=\"https:\/\/turismopatagonia.ar\/pt\/product\/traslado-para-o-cerro-piedras-blancas\/\" \/>\n<meta property=\"og:site_name\" content=\"Turismo en Patagonia Bariloche\" \/>\n<meta property=\"article:modified_time\" content=\"2026-04-10T14:44:03+00:00\" \/>\n<meta property=\"og:image\" content=\"https:\/\/turismopatagonia.ar\/wp-content\/uploads\/2025\/04\/6-D-photo2jpg-scaled.jpg\" \/>\n\t<meta property=\"og:image:width\" content=\"1920\" \/>\n\t<meta property=\"og:image:height\" content=\"2560\" \/>\n\t<meta property=\"og:image:type\" content=\"image\/jpeg\" \/>\n<meta name=\"twitter:card\" content=\"summary_large_image\" \/>\n<meta name=\"twitter:label1\" content=\"Pre\u00e7o\" \/>\n\t<meta name=\"twitter:data1\" content=\"&#036;&nbsp;31.200,00\" \/>\n\t<meta name=\"twitter:label2\" content=\"Disponibilidade\" \/>\n\t<meta name=\"twitter:data2\" content=\"Em Estoque\" \/>\n<script type=\"application\/ld+json\" class=\"yoast-schema-graph\">{\"@context\":\"https:\/\/schema.org\",\"@graph\":[{\"@type\":[\"WebPage\",\"ItemPage\"],\"@id\":\"https:\/\/turismopatagonia.ar\/product\/traslado-al-cerro-piedras-blancas\",\"url\":\"https:\/\/turismopatagonia.ar\/product\/traslado-al-cerro-piedras-blancas\",\"name\":\"Traslado a Piedras Blancas \u2013 Simple, econ\u00f3mico y sin complicaciones - Turismo en Patagonia Bariloche\",\"isPartOf\":{\"@id\":\"https:\/\/turismopatagonia.ar\/#website\"},\"primaryImageOfPage\":{\"@id\":\"https:\/\/turismopatagonia.ar\/product\/traslado-al-cerro-piedras-blancas#primaryimage\"},\"image\":{\"@id\":\"https:\/\/turismopatagonia.ar\/product\/traslado-al-cerro-piedras-blancas#primaryimage\"},\"thumbnailUrl\":\"https:\/\/turismopatagonia.ar\/wp-content\/uploads\/2025\/04\/6-D-photo2jpg-scaled.jpg\",\"datePublished\":\"2026-04-09T19:14:13+00:00\",\"dateModified\":\"2026-04-10T14:44:03+00:00\",\"description\":\"Traslado econ\u00f3mico desde Bariloche a Piedras Blancas. Transporte directo y accesible para disfrutar trineos y nieve sin preocuparse por el viaje.\",\"breadcrumb\":{\"@id\":\"https:\/\/turismopatagonia.ar\/product\/traslado-al-cerro-piedras-blancas#breadcrumb\"},\"inLanguage\":\"pt-BR\",\"potentialAction\":[{\"@type\":\"ReadAction\",\"target\":[\"https:\/\/turismopatagonia.ar\/product\/traslado-al-cerro-piedras-blancas\"]}]},{\"@type\":\"ImageObject\",\"inLanguage\":\"pt-BR\",\"@id\":\"https:\/\/turismopatagonia.ar\/product\/traslado-al-cerro-piedras-blancas#primaryimage\",\"url\":\"https:\/\/turismopatagonia.ar\/wp-content\/uploads\/2025\/04\/6-D-photo2jpg-scaled.jpg\",\"contentUrl\":\"https:\/\/turismopatagonia.ar\/wp-content\/uploads\/2025\/04\/6-D-photo2jpg-scaled.jpg\",\"width\":1920,\"height\":2560},{\"@type\":\"BreadcrumbList\",\"@id\":\"https:\/\/turismopatagonia.ar\/product\/traslado-al-cerro-piedras-blancas#breadcrumb\",\"itemListElement\":[{\"@type\":\"ListItem\",\"position\":1,\"name\":\"Home\",\"item\":\"https:\/\/turismopatagonia.ar\/\"},{\"@type\":\"ListItem\",\"position\":2,\"name\":\"Shop\",\"item\":\"https:\/\/turismopatagonia.ar\/shop\"},{\"@type\":\"ListItem\",\"position\":3,\"name\":\"Traslado a Piedras Blancas \u2013 Simple, econ\u00f3mico y sin complicaciones\"}]},{\"@type\":\"WebSite\",\"@id\":\"https:\/\/turismopatagonia.ar\/#website\",\"url\":\"https:\/\/turismopatagonia.ar\/\",\"name\":\"Turismo en Patagonia Bariloche\",\"description\":\"Descubre la belleza de la Patagonia: gu\u00edas, actividades y destinos tur\u00edsticos en Bariloche y alrededores.\",\"publisher\":{\"@id\":\"https:\/\/turismopatagonia.ar\/#organization\"},\"potentialAction\":[{\"@type\":\"SearchAction\",\"target\":{\"@type\":\"EntryPoint\",\"urlTemplate\":\"https:\/\/turismopatagonia.ar\/?s={search_term_string}\"},\"query-input\":{\"@type\":\"PropertyValueSpecification\",\"valueRequired\":true,\"valueName\":\"search_term_string\"}}],\"inLanguage\":\"pt-BR\"},{\"@type\":\"Organization\",\"@id\":\"https:\/\/turismopatagonia.ar\/#organization\",\"name\":\"Turismo en Patagonia Bariloche\",\"url\":\"https:\/\/turismopatagonia.ar\/\",\"logo\":{\"@type\":\"ImageObject\",\"inLanguage\":\"pt-BR\",\"@id\":\"https:\/\/turismopatagonia.ar\/#\/schema\/logo\/image\/\",\"url\":\"https:\/\/turismopatagonia.ar\/wp-content\/uploads\/2023\/04\/logo-tirismo-copia.png\",\"contentUrl\":\"https:\/\/turismopatagonia.ar\/wp-content\/uploads\/2023\/04\/logo-tirismo-copia.png\",\"width\":270,\"height\":100,\"caption\":\"Turismo en Patagonia Bariloche\"},\"image\":{\"@id\":\"https:\/\/turismopatagonia.ar\/#\/schema\/logo\/image\/\"}}]}<\/script>\n<meta property=\"product:price:amount\" content=\"31200.00\" \/>\n<meta property=\"product:price:currency\" content=\"ARS\" \/>\n<meta property=\"og:availability\" content=\"instock\" \/>\n<meta property=\"product:availability\" content=\"instock\" \/>\n<meta property=\"product:retailer_item_id\" content=\"ADV2025TRALCE1K3T\" \/>\n<meta property=\"product:condition\" content=\"new\" \/>\n<!-- \/ Yoast SEO Premium plugin. -->","yoast_head_json":{"title":"Traslado para Piedras Blancas - Simples, barato e descomplicado - Turismo en Patagonia Bariloche","description":"Traslado econ\u00f4mico de Bariloche a Piedras Blancas. Transporte direto e acess\u00edvel para aproveitar o tren\u00f3 e a neve sem se preocupar com a viagem.","robots":{"index":"index","follow":"follow","max-snippet":"max-snippet:-1","max-image-preview":"max-image-preview:large","max-video-preview":"max-video-preview:-1"},"canonical":"https:\/\/turismopatagonia.ar\/pt\/product\/traslado-para-o-cerro-piedras-blancas\/","og_locale":"pt_BR","og_type":"article","og_title":"Traslado a Piedras Blancas \u2013 Simple, econ\u00f3mico y sin complicaciones","og_description":"Traslado econ\u00f3mico desde Bariloche a Piedras Blancas. Transporte directo y accesible para disfrutar trineos y nieve sin preocuparse por el viaje.","og_url":"https:\/\/turismopatagonia.ar\/pt\/product\/traslado-para-o-cerro-piedras-blancas\/","og_site_name":"Turismo en Patagonia Bariloche","article_modified_time":"2026-04-10T14:44:03+00:00","og_image":[{"width":1920,"height":2560,"url":"https:\/\/turismopatagonia.ar\/wp-content\/uploads\/2025\/04\/6-D-photo2jpg-scaled.jpg","type":"image\/jpeg"}],"twitter_card":"summary_large_image","twitter_misc":{"Pre\u00e7o":"&#36;&nbsp;31.200,00","Disponibilidade":"Em Estoque"},"schema":{"@context":"https:\/\/schema.org","@graph":[{"@type":["WebPage","ItemPage"],"@id":"https:\/\/turismopatagonia.ar\/product\/traslado-al-cerro-piedras-blancas","url":"https:\/\/turismopatagonia.ar\/product\/traslado-al-cerro-piedras-blancas","name":"Traslado para Piedras Blancas - Simples, barato e descomplicado - Turismo en Patagonia Bariloche","isPartOf":{"@id":"https:\/\/turismopatagonia.ar\/#website"},"primaryImageOfPage":{"@id":"https:\/\/turismopatagonia.ar\/product\/traslado-al-cerro-piedras-blancas#primaryimage"},"image":{"@id":"https:\/\/turismopatagonia.ar\/product\/traslado-al-cerro-piedras-blancas#primaryimage"},"thumbnailUrl":"https:\/\/turismopatagonia.ar\/wp-content\/uploads\/2025\/04\/6-D-photo2jpg-scaled.jpg","datePublished":"2026-04-09T19:14:13+00:00","dateModified":"2026-04-10T14:44:03+00:00","description":"Traslado econ\u00f4mico de Bariloche a Piedras Blancas. Transporte direto e acess\u00edvel para aproveitar o tren\u00f3 e a neve sem se preocupar com a viagem.","breadcrumb":{"@id":"https:\/\/turismopatagonia.ar\/product\/traslado-al-cerro-piedras-blancas#breadcrumb"},"inLanguage":"pt-BR","potentialAction":[{"@type":"ReadAction","target":["https:\/\/turismopatagonia.ar\/product\/traslado-al-cerro-piedras-blancas"]}]},{"@type":"ImageObject","inLanguage":"pt-BR","@id":"https:\/\/turismopatagonia.ar\/product\/traslado-al-cerro-piedras-blancas#primaryimage","url":"https:\/\/turismopatagonia.ar\/wp-content\/uploads\/2025\/04\/6-D-photo2jpg-scaled.jpg","contentUrl":"https:\/\/turismopatagonia.ar\/wp-content\/uploads\/2025\/04\/6-D-photo2jpg-scaled.jpg","width":1920,"height":2560},{"@type":"BreadcrumbList","@id":"https:\/\/turismopatagonia.ar\/product\/traslado-al-cerro-piedras-blancas#breadcrumb","itemListElement":[{"@type":"ListItem","position":1,"name":"Home","item":"https:\/\/turismopatagonia.ar\/"},{"@type":"ListItem","position":2,"name":"Shop","item":"https:\/\/turismopatagonia.ar\/shop"},{"@type":"ListItem","position":3,"name":"Traslado a Piedras Blancas \u2013 Simple, econ\u00f3mico y sin complicaciones"}]},{"@type":"WebSite","@id":"https:\/\/turismopatagonia.ar\/#website","url":"https:\/\/turismopatagonia.ar\/","name":"Turismo na Patag\u00f4nia Bariloche","description":"Descubra a beleza da Patag\u00f4nia: guias, atividades e destinos tur\u00edsticos em Bariloche e arredores.","publisher":{"@id":"https:\/\/turismopatagonia.ar\/#organization"},"potentialAction":[{"@type":"SearchAction","target":{"@type":"EntryPoint","urlTemplate":"https:\/\/turismopatagonia.ar\/?s={search_term_string}"},"query-input":{"@type":"PropertyValueSpecification","valueRequired":true,"valueName":"search_term_string"}}],"inLanguage":"pt-BR"},{"@type":"Organization","@id":"https:\/\/turismopatagonia.ar\/#organization","name":"Turismo na Patag\u00f4nia Bariloche","url":"https:\/\/turismopatagonia.ar\/","logo":{"@type":"ImageObject","inLanguage":"pt-BR","@id":"https:\/\/turismopatagonia.ar\/#\/schema\/logo\/image\/","url":"https:\/\/turismopatagonia.ar\/wp-content\/uploads\/2023\/04\/logo-tirismo-copia.png","contentUrl":"https:\/\/turismopatagonia.ar\/wp-content\/uploads\/2023\/04\/logo-tirismo-copia.png","width":270,"height":100,"caption":"Turismo en Patagonia Bariloche"},"image":{"@id":"https:\/\/turismopatagonia.ar\/#\/schema\/logo\/image\/"}}]},"product_price_amount":"31200.00","product_price_currency":"ARS","og_availability":"instock","product_availability":"instock","product_retailer_item_id":"ADV2025TRALCE1K3T","product_condition":"new"},"_links":{"self":[{"href":"https:\/\/turismopatagonia.ar\/pt\/wp-json\/wp\/v2\/product\/377169","targetHints":{"allow":["GET"]}}],"collection":[{"href":"https:\/\/turismopatagonia.ar\/pt\/wp-json\/wp\/v2\/product"}],"about":[{"href":"https:\/\/turismopatagonia.ar\/pt\/wp-json\/wp\/v2\/types\/product"}],"replies":[{"embeddable":true,"href":"https:\/\/turismopatagonia.ar\/pt\/wp-json\/wp\/v2\/comments?post=377169"}],"wp:featuredmedia":[{"embeddable":true,"href":"https:\/\/turismopatagonia.ar\/pt\/wp-json\/wp\/v2\/media\/377733"}],"wp:attachment":[{"href":"https:\/\/turismopatagonia.ar\/pt\/wp-json\/wp\/v2\/media?parent=377169"}],"wp:term":[{"taxonomy":"product_brand","embeddable":true,"href":"https:\/\/turismopatagonia.ar\/pt\/wp-json\/wp\/v2\/product_brand?post=377169"},{"taxonomy":"product_cat","embeddable":true,"href":"https:\/\/turismopatagonia.ar\/pt\/wp-json\/wp\/v2\/product_cat?post=377169"},{"taxonomy":"product_tag","embeddable":true,"href":"https:\/\/turismopatagonia.ar\/pt\/wp-json\/wp\/v2\/product_tag?post=377169"}],"curies":[{"name":"wp","href":"https:\/\/api.w.org\/{rel}","templated":true}]}}