{"id":377486,"date":"2026-04-09T16:13:54","date_gmt":"2026-04-09T19:13:54","guid":{"rendered":"https:\/\/turismopatagonia.ar\/?post_type=product&#038;p=377486"},"modified":"2026-04-10T15:43:27","modified_gmt":"2026-04-10T18:43:27","slug":"excursion-a-villa-la-angostura-y-cerro-bayo","status":"publish","type":"product","link":"https:\/\/turismopatagonia.ar\/pt\/product\/villa-la-angostura-e-cerro-bayo","title":{"rendered":"Villa La Angostura e Cerro Bayo com traslado inclu\u00eddo"},"content":{"rendered":"<h2 data-start=\"394\" data-end=\"479\"><strong data-start=\"394\" data-end=\"479\">Uma caminhada de inverno confort\u00e1vel e completa para aproveitar a neve sem complica\u00e7\u00f5es.<\/strong><\/h2>\n<h3 data-start=\"486\" data-end=\"544\">Um passeio de inverno f\u00e1cil de organizar e aproveitar<\/h3>\n<p data-start=\"545\" data-end=\"911\">Essa excurs\u00e3o \u00e9 ideal para quem deseja conhecer o melhor do norte do Parque Nacional Nahuel Huapi durante o inverno, sem ter que se preocupar com a organiza\u00e7\u00e3o. Partimos de <strong data-start=\"728\" data-end=\"780\">Pontos de encontro pr\u00e9-agendados em Bariloche<\/strong>, entre o centro e o km 8 da Av. Bustillo o Pioneros, em <strong data-start=\"842\" data-end=\"854\">08:00 hs<\/strong>. O retorno est\u00e1 programado para cerca de <strong data-start=\"898\" data-end=\"910\">18:00 hs<\/strong>.<\/p>\n<p data-start=\"913\" data-end=\"1240\">Durante o passeio, visitaremos a pitoresca vila de <strong data-start=\"969\" data-end=\"991\">Villa La Angostura<\/strong>, Em seguida, continuamos at\u00e9 a esta\u00e7\u00e3o de esqui, com suas paisagens nevadas, suas ruas tranquilas e seu ambiente caracter\u00edstico de montanha. Em seguida, continuamos at\u00e9 o centro de esqui <strong data-start=\"1121\" data-end=\"1135\">Cerro Bayo<\/strong>, Voc\u00ea ter\u00e1 tempo livre para caminhar, tirar fotos ou reservar atividades e subidas opcionais.<\/p>\n<p data-start=\"1242\" data-end=\"1490\">O transporte \u00e9 confort\u00e1vel e seguro, acompanhado por um guia que fala ingl\u00eas e presta assist\u00eancia durante todo o dia. N\u00e3o \u00e9 necess\u00e1rio ter experi\u00eancia pr\u00e9via ou equipamento especial, exceto roupas de neve que podem ser alugadas com anteced\u00eancia, se necess\u00e1rio.<\/p>\n<h3 data-start=\"1497\" data-end=\"1531\">O que esse passeio inclui?<\/h3>\n<ul data-start=\"1532\" data-end=\"1712\">\n<li data-start=\"1532\" data-end=\"1601\">\n<p data-start=\"1534\" data-end=\"1601\">Traslado de ida e volta para os pontos de encontro em Bariloche.<\/p>\n<\/li>\n<li data-start=\"1602\" data-end=\"1671\">\n<p data-start=\"1604\" data-end=\"1671\">Passeio terrestre completo por Villa La Angostura e Cerro Bayo.<\/p>\n<\/li>\n<li data-start=\"1672\" data-end=\"1712\">\n<p data-start=\"1674\" data-end=\"1712\">Guia que fala ingl\u00eas durante todo o passeio.<\/p>\n<\/li>\n<\/ul>\n<h3 data-start=\"1719\" data-end=\"1735\">N\u00e3o inclui<\/h3>\n<ul data-start=\"1736\" data-end=\"1867\">\n<li data-start=\"1736\" data-end=\"1748\">\n<p data-start=\"1738\" data-end=\"1748\">Refei\u00e7\u00f5es.<\/p>\n<\/li>\n<li data-start=\"1749\" data-end=\"1802\">\n<p data-start=\"1751\" data-end=\"1802\">Taxas de entrada no Parque Nacional Nahuel Huapi.<\/p>\n<\/li>\n<li data-start=\"1803\" data-end=\"1850\">\n<p data-start=\"1805\" data-end=\"1850\">Bilhete de subida ao Cerro Bayo (opcional).<\/p>\n<\/li>\n<li data-start=\"1851\" data-end=\"1867\">\n<p data-start=\"1853\" data-end=\"1867\">Roupas para neve.<\/p>\n<\/li>\n<\/ul>\n<h3 data-start=\"1874\" data-end=\"1896\">Informa\u00e7\u00f5es \u00fateis<\/h3>\n<ul data-start=\"1897\" data-end=\"2174\">\n<li data-start=\"1897\" data-end=\"1986\">\n<p data-start=\"1899\" data-end=\"1986\"><strong data-start=\"1899\" data-end=\"1913\">Temporada:<\/strong> inverno (junho a setembro, de prefer\u00eancia a partir de 10 de junho).<\/p>\n<\/li>\n<li data-start=\"1987\" data-end=\"2041\">\n<p data-start=\"1989\" data-end=\"2041\"><strong data-start=\"1989\" data-end=\"2001\">Sa\u00eddas:<\/strong> Segundas, quartas, sextas e domingos.<\/p>\n<\/li>\n<li data-start=\"2042\" data-end=\"2086\">\n<p data-start=\"2044\" data-end=\"2086\"><strong data-start=\"2044\" data-end=\"2063\">Dura\u00e7\u00e3o total:<\/strong> das 08:00 \u00e0s 18:00 hs.<\/p>\n<\/li>\n<li data-start=\"2087\" data-end=\"2174\">\n<p data-start=\"2089\" data-end=\"2174\"><strong data-start=\"2089\" data-end=\"2107\">Recomenda\u00e7\u00e3o:<\/strong> traga roupas quentes ou alugue roupas adequadas para neve.<\/p>\n<\/li>\n<\/ul>\n<h3 data-start=\"2181\" data-end=\"2207\">Perguntas frequentes<\/h3>\n<p data-start=\"2209\" data-end=\"2377\"><strong data-start=\"2209\" data-end=\"2275\">\u00c9 necess\u00e1rio ter experi\u00eancia pr\u00e9via em atividades na neve?<\/strong><br data-start=\"2275\" data-end=\"2278\" \/>N\u00e3o. \u00c9 um passeio terrestre com tempo livre em Cerro Bayo para que cada passageiro escolha sua atividade.<\/p>\n<p data-start=\"2379\" data-end=\"2486\"><strong data-start=\"2379\" data-end=\"2411\">De onde \u00e9 a transfer\u00eancia?<\/strong><br data-start=\"2411\" data-end=\"2414\" \/>A partir de pontos de encontro na cidade. N\u00e3o inclui busca de hot\u00e9is.<\/p>\n<p data-start=\"2488\" data-end=\"2608\"><strong data-start=\"2488\" data-end=\"2532\">A subida no Cerro Bayo est\u00e1 inclu\u00edda?<\/strong><br data-start=\"2532\" data-end=\"2535\" \/>N\u00e3o. Ele pode ser contratado no destino, dependendo da atividade que voc\u00ea deseja fazer.<\/p>\n<p data-start=\"2610\" data-end=\"2710\"><strong data-start=\"2610\" data-end=\"2652\">Esse passeio \u00e9 adequado para fam\u00edlias?<\/strong><br data-start=\"2652\" data-end=\"2655\" \/>Sim, \u00e9 ideal para fam\u00edlias, casais ou grupos de amigos.<\/p>\n<p><strong>Aviso importante:<\/strong> Este passeio j\u00e1 est\u00e1 dispon\u00edvel para pr\u00e9-reserva. As sa\u00eddas operam de 15 de junho a 20 de agosto, sujeitas ao calend\u00e1rio sazonal.<\/p>","protected":false},"excerpt":{"rendered":"<p data-start=\"2980\" data-end=\"3139\">Partida \u00e0s 08:00 horas do ponto de encontro. Inclui traslado, guia e passeio por Villa La Angostura e Cerro Bayo. N\u00e3o inclui subidas ou impostos. Retorno \u00e0s 18:00 hs.<\/p>","protected":false},"featured_media":377745,"comment_status":"open","ping_status":"closed","template":"","meta":[],"product_brand":[],"product_cat":[37,41,42,45,51,48,49],"product_tag":[],"class_list":{"0":"post-377486","1":"product","2":"type-product","3":"status-publish","4":"has-post-thumbnail","6":"product_cat-adultos","7":"product_cat-con-traslado","8":"product_cat-familia","9":"product_cat-invierno","10":"product_cat-jubilados","11":"product_cat-sin-comida","12":"product_cat-terrestre","14":"first","15":"instock","16":"virtual","17":"sold-individually","18":"purchasable","19":"product-type-booking"},"booking_location":"","booking_location_type":"","booking_duration":1,"booking_duration_unit":"hour","booking_buffer":0,"booking_cost":0,"booking_resources":[],"exclude_global_add_ons":false,"addons":[{"name":"ADU: Adulto","type":"input_multiplier","position":0,"required":false,"title_format":"label","default":"","description_enable":false,"description":"","placeholder_enable":false,"placeholder":"","display":"select","restrictions_type":"any_text","adjust_price":true,"price":"59400","price_type":"quantity_based","restrictions":false,"min":"0","max":"0","options":[],"id":1775835808}],"yoast_head":"<!-- This site is optimized with the Yoast SEO Premium plugin v24.5 (Yoast SEO v24.8) - https:\/\/yoast.com\/wordpress\/plugins\/seo\/ -->\n<title>Villa La Angostura y Cerro Bayo con traslado incluido - Turismo en Patagonia Bariloche<\/title>\n<meta name=\"description\" content=\"Excursi\u00f3n a Villa La Angostura y Cerro Bayo con traslado desde Bariloche. Paseo terrestre, nieve, gu\u00eda en espa\u00f1ol y organizaci\u00f3n simple. Ideal para disfrutar la Patagonia sin complicaciones.\" \/>\n<meta name=\"robots\" content=\"index, follow, max-snippet:-1, max-image-preview:large, max-video-preview:-1\" \/>\n<link rel=\"canonical\" href=\"https:\/\/turismopatagonia.ar\/pt\/product\/villa-la-angostura-e-cerro-bayo\/\" \/>\n<meta property=\"og:locale\" content=\"pt_BR\" \/>\n<meta property=\"og:type\" content=\"article\" \/>\n<meta property=\"og:title\" content=\"Villa La Angostura y Cerro Bayo con traslado incluido\" \/>\n<meta property=\"og:description\" content=\"Excursi\u00f3n a Villa La Angostura y Cerro Bayo con traslado desde Bariloche. Paseo terrestre, nieve, gu\u00eda en espa\u00f1ol y organizaci\u00f3n simple. Ideal para disfrutar la Patagonia sin complicaciones.\" \/>\n<meta property=\"og:url\" content=\"https:\/\/turismopatagonia.ar\/pt\/product\/villa-la-angostura-e-cerro-bayo\/\" \/>\n<meta property=\"og:site_name\" content=\"Turismo en Patagonia Bariloche\" \/>\n<meta property=\"article:modified_time\" content=\"2026-04-10T18:43:27+00:00\" \/>\n<meta property=\"og:image\" content=\"https:\/\/turismopatagonia.ar\/wp-content\/uploads\/2025\/06\/6-A-IMG_4329-copia-scaled.jpg\" \/>\n\t<meta property=\"og:image:width\" content=\"1920\" \/>\n\t<meta property=\"og:image:height\" content=\"2560\" \/>\n\t<meta property=\"og:image:type\" content=\"image\/jpeg\" \/>\n<meta name=\"twitter:card\" content=\"summary_large_image\" \/>\n<meta name=\"twitter:label1\" content=\"Pre\u00e7o\" \/>\n\t<meta name=\"twitter:data1\" content=\"&#036;&nbsp;59.400,00\" \/>\n\t<meta name=\"twitter:label2\" content=\"Disponibilidade\" \/>\n\t<meta name=\"twitter:data2\" content=\"Em Estoque\" \/>\n<script type=\"application\/ld+json\" class=\"yoast-schema-graph\">{\"@context\":\"https:\/\/schema.org\",\"@graph\":[{\"@type\":[\"WebPage\",\"ItemPage\"],\"@id\":\"https:\/\/turismopatagonia.ar\/product\/excursion-a-villa-la-angostura-y-cerro-bayo\",\"url\":\"https:\/\/turismopatagonia.ar\/product\/excursion-a-villa-la-angostura-y-cerro-bayo\",\"name\":\"Villa La Angostura y Cerro Bayo con traslado incluido - Turismo en Patagonia Bariloche\",\"isPartOf\":{\"@id\":\"https:\/\/turismopatagonia.ar\/#website\"},\"primaryImageOfPage\":{\"@id\":\"https:\/\/turismopatagonia.ar\/product\/excursion-a-villa-la-angostura-y-cerro-bayo#primaryimage\"},\"image\":{\"@id\":\"https:\/\/turismopatagonia.ar\/product\/excursion-a-villa-la-angostura-y-cerro-bayo#primaryimage\"},\"thumbnailUrl\":\"https:\/\/turismopatagonia.ar\/wp-content\/uploads\/2025\/06\/6-A-IMG_4329-copia-scaled.jpg\",\"datePublished\":\"2026-04-09T19:13:54+00:00\",\"dateModified\":\"2026-04-10T18:43:27+00:00\",\"description\":\"Excursi\u00f3n a Villa La Angostura y Cerro Bayo con traslado desde Bariloche. Paseo terrestre, nieve, gu\u00eda en espa\u00f1ol y organizaci\u00f3n simple. Ideal para disfrutar la Patagonia sin complicaciones.\",\"breadcrumb\":{\"@id\":\"https:\/\/turismopatagonia.ar\/product\/excursion-a-villa-la-angostura-y-cerro-bayo#breadcrumb\"},\"inLanguage\":\"pt-BR\",\"potentialAction\":[{\"@type\":\"ReadAction\",\"target\":[\"https:\/\/turismopatagonia.ar\/product\/excursion-a-villa-la-angostura-y-cerro-bayo\"]}]},{\"@type\":\"ImageObject\",\"inLanguage\":\"pt-BR\",\"@id\":\"https:\/\/turismopatagonia.ar\/product\/excursion-a-villa-la-angostura-y-cerro-bayo#primaryimage\",\"url\":\"https:\/\/turismopatagonia.ar\/wp-content\/uploads\/2025\/06\/6-A-IMG_4329-copia-scaled.jpg\",\"contentUrl\":\"https:\/\/turismopatagonia.ar\/wp-content\/uploads\/2025\/06\/6-A-IMG_4329-copia-scaled.jpg\",\"width\":1920,\"height\":2560},{\"@type\":\"BreadcrumbList\",\"@id\":\"https:\/\/turismopatagonia.ar\/product\/excursion-a-villa-la-angostura-y-cerro-bayo#breadcrumb\",\"itemListElement\":[{\"@type\":\"ListItem\",\"position\":1,\"name\":\"Home\",\"item\":\"https:\/\/turismopatagonia.ar\/\"},{\"@type\":\"ListItem\",\"position\":2,\"name\":\"Shop\",\"item\":\"https:\/\/turismopatagonia.ar\/shop\"},{\"@type\":\"ListItem\",\"position\":3,\"name\":\"Villa La Angostura y Cerro Bayo con traslado incluido\"}]},{\"@type\":\"WebSite\",\"@id\":\"https:\/\/turismopatagonia.ar\/#website\",\"url\":\"https:\/\/turismopatagonia.ar\/\",\"name\":\"Turismo en Patagonia Bariloche\",\"description\":\"Descubre la belleza de la Patagonia: gu\u00edas, actividades y destinos tur\u00edsticos en Bariloche y alrededores.\",\"publisher\":{\"@id\":\"https:\/\/turismopatagonia.ar\/#organization\"},\"potentialAction\":[{\"@type\":\"SearchAction\",\"target\":{\"@type\":\"EntryPoint\",\"urlTemplate\":\"https:\/\/turismopatagonia.ar\/?s={search_term_string}\"},\"query-input\":{\"@type\":\"PropertyValueSpecification\",\"valueRequired\":true,\"valueName\":\"search_term_string\"}}],\"inLanguage\":\"pt-BR\"},{\"@type\":\"Organization\",\"@id\":\"https:\/\/turismopatagonia.ar\/#organization\",\"name\":\"Turismo en Patagonia Bariloche\",\"url\":\"https:\/\/turismopatagonia.ar\/\",\"logo\":{\"@type\":\"ImageObject\",\"inLanguage\":\"pt-BR\",\"@id\":\"https:\/\/turismopatagonia.ar\/#\/schema\/logo\/image\/\",\"url\":\"https:\/\/turismopatagonia.ar\/wp-content\/uploads\/2023\/04\/logo-tirismo-copia.png\",\"contentUrl\":\"https:\/\/turismopatagonia.ar\/wp-content\/uploads\/2023\/04\/logo-tirismo-copia.png\",\"width\":270,\"height\":100,\"caption\":\"Turismo en Patagonia Bariloche\"},\"image\":{\"@id\":\"https:\/\/turismopatagonia.ar\/#\/schema\/logo\/image\/\"}}]}<\/script>\n<meta property=\"product:price:amount\" content=\"59400.00\" \/>\n<meta property=\"product:price:currency\" content=\"ARS\" \/>\n<meta property=\"og:availability\" content=\"instock\" \/>\n<meta property=\"product:availability\" content=\"instock\" \/>\n<meta property=\"product:retailer_item_id\" content=\"ADV2025VILAANM9K2\" \/>\n<meta property=\"product:condition\" content=\"new\" \/>\n<!-- \/ Yoast SEO Premium plugin. -->","yoast_head_json":{"title":"Villa La Angostura e Cerro Bayo com traslado inclu\u00eddo - Turismo na Patag\u00f4nia Bariloche","description":"Excurs\u00e3o a Villa La Angostura e Cerro Bayo com traslado de Bariloche. Excurs\u00e3o por terra, neve, guia em ingl\u00eas e organiza\u00e7\u00e3o simples. Ideal para desfrutar da Patag\u00f4nia sem complica\u00e7\u00f5es.","robots":{"index":"index","follow":"follow","max-snippet":"max-snippet:-1","max-image-preview":"max-image-preview:large","max-video-preview":"max-video-preview:-1"},"canonical":"https:\/\/turismopatagonia.ar\/pt\/product\/villa-la-angostura-e-cerro-bayo\/","og_locale":"pt_BR","og_type":"article","og_title":"Villa La Angostura y Cerro Bayo con traslado incluido","og_description":"Excursi\u00f3n a Villa La Angostura y Cerro Bayo con traslado desde Bariloche. Paseo terrestre, nieve, gu\u00eda en espa\u00f1ol y organizaci\u00f3n simple. Ideal para disfrutar la Patagonia sin complicaciones.","og_url":"https:\/\/turismopatagonia.ar\/pt\/product\/villa-la-angostura-e-cerro-bayo\/","og_site_name":"Turismo en Patagonia Bariloche","article_modified_time":"2026-04-10T18:43:27+00:00","og_image":[{"width":1920,"height":2560,"url":"https:\/\/turismopatagonia.ar\/wp-content\/uploads\/2025\/06\/6-A-IMG_4329-copia-scaled.jpg","type":"image\/jpeg"}],"twitter_card":"summary_large_image","twitter_misc":{"Pre\u00e7o":"&#36;&nbsp;59.400,00","Disponibilidade":"Em Estoque"},"schema":{"@context":"https:\/\/schema.org","@graph":[{"@type":["WebPage","ItemPage"],"@id":"https:\/\/turismopatagonia.ar\/product\/excursion-a-villa-la-angostura-y-cerro-bayo","url":"https:\/\/turismopatagonia.ar\/product\/excursion-a-villa-la-angostura-y-cerro-bayo","name":"Villa La Angostura e Cerro Bayo com traslado inclu\u00eddo - Turismo na Patag\u00f4nia Bariloche","isPartOf":{"@id":"https:\/\/turismopatagonia.ar\/#website"},"primaryImageOfPage":{"@id":"https:\/\/turismopatagonia.ar\/product\/excursion-a-villa-la-angostura-y-cerro-bayo#primaryimage"},"image":{"@id":"https:\/\/turismopatagonia.ar\/product\/excursion-a-villa-la-angostura-y-cerro-bayo#primaryimage"},"thumbnailUrl":"https:\/\/turismopatagonia.ar\/wp-content\/uploads\/2025\/06\/6-A-IMG_4329-copia-scaled.jpg","datePublished":"2026-04-09T19:13:54+00:00","dateModified":"2026-04-10T18:43:27+00:00","description":"Excurs\u00e3o a Villa La Angostura e Cerro Bayo com traslado de Bariloche. Excurs\u00e3o por terra, neve, guia em ingl\u00eas e organiza\u00e7\u00e3o simples. Ideal para desfrutar da Patag\u00f4nia sem complica\u00e7\u00f5es.","breadcrumb":{"@id":"https:\/\/turismopatagonia.ar\/product\/excursion-a-villa-la-angostura-y-cerro-bayo#breadcrumb"},"inLanguage":"pt-BR","potentialAction":[{"@type":"ReadAction","target":["https:\/\/turismopatagonia.ar\/product\/excursion-a-villa-la-angostura-y-cerro-bayo"]}]},{"@type":"ImageObject","inLanguage":"pt-BR","@id":"https:\/\/turismopatagonia.ar\/product\/excursion-a-villa-la-angostura-y-cerro-bayo#primaryimage","url":"https:\/\/turismopatagonia.ar\/wp-content\/uploads\/2025\/06\/6-A-IMG_4329-copia-scaled.jpg","contentUrl":"https:\/\/turismopatagonia.ar\/wp-content\/uploads\/2025\/06\/6-A-IMG_4329-copia-scaled.jpg","width":1920,"height":2560},{"@type":"BreadcrumbList","@id":"https:\/\/turismopatagonia.ar\/product\/excursion-a-villa-la-angostura-y-cerro-bayo#breadcrumb","itemListElement":[{"@type":"ListItem","position":1,"name":"Home","item":"https:\/\/turismopatagonia.ar\/"},{"@type":"ListItem","position":2,"name":"Shop","item":"https:\/\/turismopatagonia.ar\/shop"},{"@type":"ListItem","position":3,"name":"Villa La Angostura y Cerro Bayo con traslado incluido"}]},{"@type":"WebSite","@id":"https:\/\/turismopatagonia.ar\/#website","url":"https:\/\/turismopatagonia.ar\/","name":"Turismo na Patag\u00f4nia Bariloche","description":"Descubra a beleza da Patag\u00f4nia: guias, atividades e destinos tur\u00edsticos em Bariloche e arredores.","publisher":{"@id":"https:\/\/turismopatagonia.ar\/#organization"},"potentialAction":[{"@type":"SearchAction","target":{"@type":"EntryPoint","urlTemplate":"https:\/\/turismopatagonia.ar\/?s={search_term_string}"},"query-input":{"@type":"PropertyValueSpecification","valueRequired":true,"valueName":"search_term_string"}}],"inLanguage":"pt-BR"},{"@type":"Organization","@id":"https:\/\/turismopatagonia.ar\/#organization","name":"Turismo na Patag\u00f4nia Bariloche","url":"https:\/\/turismopatagonia.ar\/","logo":{"@type":"ImageObject","inLanguage":"pt-BR","@id":"https:\/\/turismopatagonia.ar\/#\/schema\/logo\/image\/","url":"https:\/\/turismopatagonia.ar\/wp-content\/uploads\/2023\/04\/logo-tirismo-copia.png","contentUrl":"https:\/\/turismopatagonia.ar\/wp-content\/uploads\/2023\/04\/logo-tirismo-copia.png","width":270,"height":100,"caption":"Turismo en Patagonia Bariloche"},"image":{"@id":"https:\/\/turismopatagonia.ar\/#\/schema\/logo\/image\/"}}]},"product_price_amount":"59400.00","product_price_currency":"ARS","og_availability":"instock","product_availability":"instock","product_retailer_item_id":"ADV2025VILAANM9K2","product_condition":"new"},"_links":{"self":[{"href":"https:\/\/turismopatagonia.ar\/pt\/wp-json\/wp\/v2\/product\/377486","targetHints":{"allow":["GET"]}}],"collection":[{"href":"https:\/\/turismopatagonia.ar\/pt\/wp-json\/wp\/v2\/product"}],"about":[{"href":"https:\/\/turismopatagonia.ar\/pt\/wp-json\/wp\/v2\/types\/product"}],"replies":[{"embeddable":true,"href":"https:\/\/turismopatagonia.ar\/pt\/wp-json\/wp\/v2\/comments?post=377486"}],"wp:featuredmedia":[{"embeddable":true,"href":"https:\/\/turismopatagonia.ar\/pt\/wp-json\/wp\/v2\/media\/377745"}],"wp:attachment":[{"href":"https:\/\/turismopatagonia.ar\/pt\/wp-json\/wp\/v2\/media?parent=377486"}],"wp:term":[{"taxonomy":"product_brand","embeddable":true,"href":"https:\/\/turismopatagonia.ar\/pt\/wp-json\/wp\/v2\/product_brand?post=377486"},{"taxonomy":"product_cat","embeddable":true,"href":"https:\/\/turismopatagonia.ar\/pt\/wp-json\/wp\/v2\/product_cat?post=377486"},{"taxonomy":"product_tag","embeddable":true,"href":"https:\/\/turismopatagonia.ar\/pt\/wp-json\/wp\/v2\/product_tag?post=377486"}],"curies":[{"name":"wp","href":"https:\/\/api.w.org\/{rel}","templated":true}]}}