{"id":377487,"date":"2026-04-09T16:14:16","date_gmt":"2026-04-09T19:14:16","guid":{"rendered":"https:\/\/turismopatagonia.ar\/?post_type=product&#038;p=377487"},"modified":"2026-04-11T20:06:56","modified_gmt":"2026-04-11T23:06:56","slug":"escuelita-de-ski-snowboard-dia-completo-para-ninos","status":"publish","type":"product","link":"https:\/\/turismopatagonia.ar\/pt\/product\/escola-de-snowboard-para-criancas","title":{"rendered":"Kids Snow School: um dia inteiro com aulas, equipamentos e divers\u00e3o pelo melhor pre\u00e7o."},"content":{"rendered":"<h3 data-start=\"467\" data-end=\"524\"><strong data-start=\"471\" data-end=\"524\">Uma op\u00e7\u00e3o acess\u00edvel e segura para crian\u00e7as<\/strong><\/h3>\n<p data-start=\"526\" data-end=\"747\">Um dia organizado do in\u00edcio ao fim para as crian\u00e7as aprenderem e se divertirem na neve. Aulas de esqui ou snowboard, equipamentos inclu\u00eddos, recrea\u00e7\u00e3o e almo\u00e7o, tudo em um ambiente preparado e acompanhado por instrutores.<\/p>\n<h3 data-start=\"754\" data-end=\"847\"><strong data-start=\"758\" data-end=\"847\">Descri\u00e7\u00e3o principal: Tudo est\u00e1 pronto para que as crian\u00e7as aproveitem seu dia na neve<\/strong><\/h3>\n<p data-start=\"849\" data-end=\"1063\">A escolinha foi projetada para crian\u00e7as de 4 a 11 anos de idade que desejam ter sua primeira experi\u00eancia na neve. Com um formato acess\u00edvel e completo, \u00e9 ideal para quem est\u00e1 procurando uma op\u00e7\u00e3o confi\u00e1vel sem gastar muito.<\/p>\n<p data-start=\"1065\" data-end=\"1351\">O traslado come\u00e7a nos pontos de encontro pr\u00f3ximos \u00e0 acomoda\u00e7\u00e3o, localizados na Av. Bustillo ou Pioneros at\u00e9 o km 8. Uma vez na base, o equipamento t\u00e9cnico \u00e9 entregue a cada crian\u00e7a e elas s\u00e3o agrupadas por n\u00edvel. As aulas duram duas horas e s\u00e3o ministradas por instrutores qualificados.<\/p>\n<p data-start=\"1353\" data-end=\"1518\">Ap\u00f3s o almo\u00e7o (inclu\u00eddo), as crian\u00e7as continuam com as atividades recreativas, sempre acompanhadas. No final, elas retornam ao ponto de partida com tudo pronto.<\/p>\n<p data-start=\"1520\" data-end=\"1732\">A viagem inclui traslado dos pontos designados, equipamento t\u00e9cnico completo, aulas em grupo, recrea\u00e7\u00e3o e almo\u00e7o. N\u00e3o inclui roupas de neve nem o ingresso para o telef\u00e9rico, que pode ser necess\u00e1rio dependendo do circuito.<\/p>\n<h3 data-start=\"1739\" data-end=\"1769\"><strong data-start=\"1743\" data-end=\"1769\">O que voc\u00ea precisa saber<\/strong><\/h3>\n<p data-start=\"1771\" data-end=\"1925\"><strong data-start=\"1771\" data-end=\"1794\">O que est\u00e1 inclu\u00eddo?<\/strong><br data-start=\"1794\" data-end=\"1797\" \/>Traslado dos pontos de encontro, equipamento completo de esqui ou snowboard, duas horas de aulas em grupo, recrea\u00e7\u00e3o guiada e almo\u00e7o.<\/p>\n<p data-start=\"1927\" data-end=\"2027\"><strong data-start=\"1927\" data-end=\"1961\">Para quem \u00e9 essa atividade?<\/strong><br data-start=\"1961\" data-end=\"1964\" \/>Para crian\u00e7as de 4 a 11 anos de idade, sem necessidade de experi\u00eancia anterior.<\/p>\n<p data-start=\"2029\" data-end=\"2186\"><strong data-start=\"2029\" data-end=\"2053\">O que levar?<\/strong><br data-start=\"2053\" data-end=\"2056\" \/>Agasalhos ou roupas para neve, cal\u00e7ados \u00e0 prova d'\u00e1gua, luvas e chap\u00e9u. As roupas t\u00e9cnicas e o bilhete do telef\u00e9rico n\u00e3o est\u00e3o inclu\u00eddos.<\/p>\n<p data-start=\"2188\" data-end=\"2337\"><strong data-start=\"2188\" data-end=\"2219\">\u00c9 uma experi\u00eancia segura?<\/strong><br data-start=\"2219\" data-end=\"2222\" \/>Sim, tudo \u00e9 supervisionado por instrutores experientes em espa\u00e7os adequados para crian\u00e7as.<br \/>\n<strong>Aviso importante<\/strong>Este passeio j\u00e1 est\u00e1 dispon\u00edvel para pr\u00e9-reserva. As sa\u00eddas operam de 15 de junho a 20 de agosto, sujeitas ao calend\u00e1rio sazonal.<\/p>","protected":false},"excerpt":{"rendered":"<p>Experimente um dia de inverno exclusivo para crian\u00e7as, projetado para apresent\u00e1-las ao esqui e ao snowboard em um ambiente seguro e empolgante. Com traslado, equipamento t\u00e9cnico, aulas especializadas e almo\u00e7o, essa excurs\u00e3o \u00e9 a op\u00e7\u00e3o ideal para os pequenos aproveitarem a neve e a montanha.<\/p>","protected":false},"featured_media":377749,"comment_status":"open","ping_status":"closed","template":"","meta":[],"product_brand":[],"product_cat":[39,50,41,42,45,46],"product_tag":[],"class_list":{"0":"post-377487","1":"product","2":"type-product","3":"status-publish","4":"has-post-thumbnail","6":"product_cat-aventura","7":"product_cat-con-comida","8":"product_cat-con-traslado","9":"product_cat-familia","10":"product_cat-invierno","11":"product_cat-ninos","13":"first","14":"instock","15":"virtual","16":"sold-individually","17":"purchasable","18":"product-type-booking"},"booking_location":"","booking_location_type":"","booking_duration":1,"booking_duration_unit":"hour","booking_buffer":0,"booking_cost":0,"booking_resources":[],"exclude_global_add_ons":false,"addons":[{"name":"MEN411 | De 4 a 11","type":"input_multiplier","position":0,"required":false,"title_format":"label","default":"","description_enable":false,"description":"","placeholder_enable":false,"placeholder":"","display":"select","restrictions_type":"any_text","adjust_price":true,"price":"345600","price_type":"quantity_based","restrictions":false,"min":"0","max":"0","options":[],"id":1775835951}],"yoast_head":"<!-- This site is optimized with the Yoast SEO Premium plugin v24.5 (Yoast SEO v24.8) - https:\/\/yoast.com\/wordpress\/plugins\/seo\/ -->\n<title>Escuelita de Nieve para Ni\u00f1os: un d\u00eda completo con clases, equipo y diversi\u00f3n al mejor precio - Turismo en Patagonia Bariloche<\/title>\n<meta name=\"description\" content=\"Escuelita de ski y snowboard para ni\u00f1os en Bariloche. D\u00eda completo con clases, equipo, almuerzo y traslado desde puntos cercanos. Una opci\u00f3n completa y accesible para disfrutar la nieve.\" \/>\n<meta name=\"robots\" content=\"index, follow, max-snippet:-1, max-image-preview:large, max-video-preview:-1\" \/>\n<link rel=\"canonical\" href=\"https:\/\/turismopatagonia.ar\/pt\/product\/escola-de-snowboard-para-criancas\/\" \/>\n<meta property=\"og:locale\" content=\"pt_BR\" \/>\n<meta property=\"og:type\" content=\"article\" \/>\n<meta property=\"og:title\" content=\"Escuelita de Nieve para Ni\u00f1os: un d\u00eda completo con clases, equipo y diversi\u00f3n al mejor precio\" \/>\n<meta property=\"og:description\" content=\"Escuelita de ski y snowboard para ni\u00f1os en Bariloche. D\u00eda completo con clases, equipo, almuerzo y traslado desde puntos cercanos. Una opci\u00f3n completa y accesible para disfrutar la nieve.\" \/>\n<meta property=\"og:url\" content=\"https:\/\/turismopatagonia.ar\/pt\/product\/escola-de-snowboard-para-criancas\/\" \/>\n<meta property=\"og:site_name\" content=\"Turismo en Patagonia Bariloche\" \/>\n<meta property=\"article:modified_time\" content=\"2026-04-11T23:06:56+00:00\" \/>\n<meta property=\"og:image\" content=\"https:\/\/turismopatagonia.ar\/wp-content\/uploads\/2025\/06\/6-A-bajando-la-colina-en-el-resort-de-montana-scaled.jpg\" \/>\n\t<meta property=\"og:image:width\" content=\"1920\" \/>\n\t<meta property=\"og:image:height\" content=\"2560\" \/>\n\t<meta property=\"og:image:type\" content=\"image\/jpeg\" \/>\n<meta name=\"twitter:card\" content=\"summary_large_image\" \/>\n<meta name=\"twitter:label1\" content=\"Pre\u00e7o\" \/>\n\t<meta name=\"twitter:data1\" content=\"&#036;&nbsp;345.600,00\" \/>\n\t<meta name=\"twitter:label2\" content=\"Disponibilidade\" \/>\n\t<meta name=\"twitter:data2\" content=\"Em Estoque\" \/>\n<script type=\"application\/ld+json\" class=\"yoast-schema-graph\">{\"@context\":\"https:\/\/schema.org\",\"@graph\":[{\"@type\":[\"WebPage\",\"ItemPage\"],\"@id\":\"https:\/\/turismopatagonia.ar\/product\/escuelita-de-ski-snowboard-dia-completo-para-ninos\",\"url\":\"https:\/\/turismopatagonia.ar\/product\/escuelita-de-ski-snowboard-dia-completo-para-ninos\",\"name\":\"Escuelita de Nieve para Ni\u00f1os: un d\u00eda completo con clases, equipo y diversi\u00f3n al mejor precio - Turismo en Patagonia Bariloche\",\"isPartOf\":{\"@id\":\"https:\/\/turismopatagonia.ar\/#website\"},\"primaryImageOfPage\":{\"@id\":\"https:\/\/turismopatagonia.ar\/product\/escuelita-de-ski-snowboard-dia-completo-para-ninos#primaryimage\"},\"image\":{\"@id\":\"https:\/\/turismopatagonia.ar\/product\/escuelita-de-ski-snowboard-dia-completo-para-ninos#primaryimage\"},\"thumbnailUrl\":\"https:\/\/turismopatagonia.ar\/wp-content\/uploads\/2025\/06\/6-A-bajando-la-colina-en-el-resort-de-montana-scaled.jpg\",\"datePublished\":\"2026-04-09T19:14:16+00:00\",\"dateModified\":\"2026-04-11T23:06:56+00:00\",\"description\":\"Escuelita de ski y snowboard para ni\u00f1os en Bariloche. D\u00eda completo con clases, equipo, almuerzo y traslado desde puntos cercanos. Una opci\u00f3n completa y accesible para disfrutar la nieve.\",\"breadcrumb\":{\"@id\":\"https:\/\/turismopatagonia.ar\/product\/escuelita-de-ski-snowboard-dia-completo-para-ninos#breadcrumb\"},\"inLanguage\":\"pt-BR\",\"potentialAction\":[{\"@type\":\"ReadAction\",\"target\":[\"https:\/\/turismopatagonia.ar\/product\/escuelita-de-ski-snowboard-dia-completo-para-ninos\"]}]},{\"@type\":\"ImageObject\",\"inLanguage\":\"pt-BR\",\"@id\":\"https:\/\/turismopatagonia.ar\/product\/escuelita-de-ski-snowboard-dia-completo-para-ninos#primaryimage\",\"url\":\"https:\/\/turismopatagonia.ar\/wp-content\/uploads\/2025\/06\/6-A-bajando-la-colina-en-el-resort-de-montana-scaled.jpg\",\"contentUrl\":\"https:\/\/turismopatagonia.ar\/wp-content\/uploads\/2025\/06\/6-A-bajando-la-colina-en-el-resort-de-montana-scaled.jpg\",\"width\":1920,\"height\":2560,\"caption\":\"A snowboarder in motion riding down the hill in the mountain resort\"},{\"@type\":\"BreadcrumbList\",\"@id\":\"https:\/\/turismopatagonia.ar\/product\/escuelita-de-ski-snowboard-dia-completo-para-ninos#breadcrumb\",\"itemListElement\":[{\"@type\":\"ListItem\",\"position\":1,\"name\":\"Home\",\"item\":\"https:\/\/turismopatagonia.ar\/\"},{\"@type\":\"ListItem\",\"position\":2,\"name\":\"Shop\",\"item\":\"https:\/\/turismopatagonia.ar\/shop\"},{\"@type\":\"ListItem\",\"position\":3,\"name\":\"Escuelita de Nieve para Ni\u00f1os: un d\u00eda completo con clases, equipo y diversi\u00f3n al mejor precio\"}]},{\"@type\":\"WebSite\",\"@id\":\"https:\/\/turismopatagonia.ar\/#website\",\"url\":\"https:\/\/turismopatagonia.ar\/\",\"name\":\"Turismo en Patagonia Bariloche\",\"description\":\"Descubre la belleza de la Patagonia: gu\u00edas, actividades y destinos tur\u00edsticos en Bariloche y alrededores.\",\"publisher\":{\"@id\":\"https:\/\/turismopatagonia.ar\/#organization\"},\"potentialAction\":[{\"@type\":\"SearchAction\",\"target\":{\"@type\":\"EntryPoint\",\"urlTemplate\":\"https:\/\/turismopatagonia.ar\/?s={search_term_string}\"},\"query-input\":{\"@type\":\"PropertyValueSpecification\",\"valueRequired\":true,\"valueName\":\"search_term_string\"}}],\"inLanguage\":\"pt-BR\"},{\"@type\":\"Organization\",\"@id\":\"https:\/\/turismopatagonia.ar\/#organization\",\"name\":\"Turismo en Patagonia Bariloche\",\"url\":\"https:\/\/turismopatagonia.ar\/\",\"logo\":{\"@type\":\"ImageObject\",\"inLanguage\":\"pt-BR\",\"@id\":\"https:\/\/turismopatagonia.ar\/#\/schema\/logo\/image\/\",\"url\":\"https:\/\/turismopatagonia.ar\/wp-content\/uploads\/2023\/04\/logo-tirismo-copia.png\",\"contentUrl\":\"https:\/\/turismopatagonia.ar\/wp-content\/uploads\/2023\/04\/logo-tirismo-copia.png\",\"width\":270,\"height\":100,\"caption\":\"Turismo en Patagonia Bariloche\"},\"image\":{\"@id\":\"https:\/\/turismopatagonia.ar\/#\/schema\/logo\/image\/\"}}]}<\/script>\n<meta property=\"product:price:amount\" content=\"345600.00\" \/>\n<meta property=\"product:price:currency\" content=\"ARS\" \/>\n<meta property=\"og:availability\" content=\"instock\" \/>\n<meta property=\"product:availability\" content=\"instock\" \/>\n<meta property=\"product:retailer_item_id\" content=\"ADV2025ESSKSNJ9L2\" \/>\n<meta property=\"product:condition\" content=\"new\" \/>\n<!-- \/ Yoast SEO Premium plugin. -->","yoast_head_json":{"title":"Escola de neve para crian\u00e7as: um dia inteiro com aulas, equipamentos e divers\u00e3o pelo melhor pre\u00e7o - Turismo en Patagonia Bariloche","description":"Escola de esqui e snowboard para crian\u00e7as em Bariloche. Dia inteiro com aulas, equipamentos, almo\u00e7o e traslado a partir de pontos pr\u00f3ximos. Uma op\u00e7\u00e3o completa e acess\u00edvel para aproveitar a neve.","robots":{"index":"index","follow":"follow","max-snippet":"max-snippet:-1","max-image-preview":"max-image-preview:large","max-video-preview":"max-video-preview:-1"},"canonical":"https:\/\/turismopatagonia.ar\/pt\/product\/escola-de-snowboard-para-criancas\/","og_locale":"pt_BR","og_type":"article","og_title":"Escuelita de Nieve para Ni\u00f1os: un d\u00eda completo con clases, equipo y diversi\u00f3n al mejor precio","og_description":"Escuelita de ski y snowboard para ni\u00f1os en Bariloche. D\u00eda completo con clases, equipo, almuerzo y traslado desde puntos cercanos. Una opci\u00f3n completa y accesible para disfrutar la nieve.","og_url":"https:\/\/turismopatagonia.ar\/pt\/product\/escola-de-snowboard-para-criancas\/","og_site_name":"Turismo en Patagonia Bariloche","article_modified_time":"2026-04-11T23:06:56+00:00","og_image":[{"width":1920,"height":2560,"url":"https:\/\/turismopatagonia.ar\/wp-content\/uploads\/2025\/06\/6-A-bajando-la-colina-en-el-resort-de-montana-scaled.jpg","type":"image\/jpeg"}],"twitter_card":"summary_large_image","twitter_misc":{"Pre\u00e7o":"&#36;&nbsp;345.600,00","Disponibilidade":"Em Estoque"},"schema":{"@context":"https:\/\/schema.org","@graph":[{"@type":["WebPage","ItemPage"],"@id":"https:\/\/turismopatagonia.ar\/product\/escuelita-de-ski-snowboard-dia-completo-para-ninos","url":"https:\/\/turismopatagonia.ar\/product\/escuelita-de-ski-snowboard-dia-completo-para-ninos","name":"Escola de neve para crian\u00e7as: um dia inteiro com aulas, equipamentos e divers\u00e3o pelo melhor pre\u00e7o - Turismo en Patagonia Bariloche","isPartOf":{"@id":"https:\/\/turismopatagonia.ar\/#website"},"primaryImageOfPage":{"@id":"https:\/\/turismopatagonia.ar\/product\/escuelita-de-ski-snowboard-dia-completo-para-ninos#primaryimage"},"image":{"@id":"https:\/\/turismopatagonia.ar\/product\/escuelita-de-ski-snowboard-dia-completo-para-ninos#primaryimage"},"thumbnailUrl":"https:\/\/turismopatagonia.ar\/wp-content\/uploads\/2025\/06\/6-A-bajando-la-colina-en-el-resort-de-montana-scaled.jpg","datePublished":"2026-04-09T19:14:16+00:00","dateModified":"2026-04-11T23:06:56+00:00","description":"Escola de esqui e snowboard para crian\u00e7as em Bariloche. Dia inteiro com aulas, equipamentos, almo\u00e7o e traslado a partir de pontos pr\u00f3ximos. Uma op\u00e7\u00e3o completa e acess\u00edvel para aproveitar a neve.","breadcrumb":{"@id":"https:\/\/turismopatagonia.ar\/product\/escuelita-de-ski-snowboard-dia-completo-para-ninos#breadcrumb"},"inLanguage":"pt-BR","potentialAction":[{"@type":"ReadAction","target":["https:\/\/turismopatagonia.ar\/product\/escuelita-de-ski-snowboard-dia-completo-para-ninos"]}]},{"@type":"ImageObject","inLanguage":"pt-BR","@id":"https:\/\/turismopatagonia.ar\/product\/escuelita-de-ski-snowboard-dia-completo-para-ninos#primaryimage","url":"https:\/\/turismopatagonia.ar\/wp-content\/uploads\/2025\/06\/6-A-bajando-la-colina-en-el-resort-de-montana-scaled.jpg","contentUrl":"https:\/\/turismopatagonia.ar\/wp-content\/uploads\/2025\/06\/6-A-bajando-la-colina-en-el-resort-de-montana-scaled.jpg","width":1920,"height":2560,"caption":"A snowboarder in motion riding down the hill in the mountain resort"},{"@type":"BreadcrumbList","@id":"https:\/\/turismopatagonia.ar\/product\/escuelita-de-ski-snowboard-dia-completo-para-ninos#breadcrumb","itemListElement":[{"@type":"ListItem","position":1,"name":"Home","item":"https:\/\/turismopatagonia.ar\/"},{"@type":"ListItem","position":2,"name":"Shop","item":"https:\/\/turismopatagonia.ar\/shop"},{"@type":"ListItem","position":3,"name":"Escuelita de Nieve para Ni\u00f1os: un d\u00eda completo con clases, equipo y diversi\u00f3n al mejor precio"}]},{"@type":"WebSite","@id":"https:\/\/turismopatagonia.ar\/#website","url":"https:\/\/turismopatagonia.ar\/","name":"Turismo na Patag\u00f4nia Bariloche","description":"Descubra a beleza da Patag\u00f4nia: guias, atividades e destinos tur\u00edsticos em Bariloche e arredores.","publisher":{"@id":"https:\/\/turismopatagonia.ar\/#organization"},"potentialAction":[{"@type":"SearchAction","target":{"@type":"EntryPoint","urlTemplate":"https:\/\/turismopatagonia.ar\/?s={search_term_string}"},"query-input":{"@type":"PropertyValueSpecification","valueRequired":true,"valueName":"search_term_string"}}],"inLanguage":"pt-BR"},{"@type":"Organization","@id":"https:\/\/turismopatagonia.ar\/#organization","name":"Turismo na Patag\u00f4nia Bariloche","url":"https:\/\/turismopatagonia.ar\/","logo":{"@type":"ImageObject","inLanguage":"pt-BR","@id":"https:\/\/turismopatagonia.ar\/#\/schema\/logo\/image\/","url":"https:\/\/turismopatagonia.ar\/wp-content\/uploads\/2023\/04\/logo-tirismo-copia.png","contentUrl":"https:\/\/turismopatagonia.ar\/wp-content\/uploads\/2023\/04\/logo-tirismo-copia.png","width":270,"height":100,"caption":"Turismo en Patagonia Bariloche"},"image":{"@id":"https:\/\/turismopatagonia.ar\/#\/schema\/logo\/image\/"}}]},"product_price_amount":"345600.00","product_price_currency":"ARS","og_availability":"instock","product_availability":"instock","product_retailer_item_id":"ADV2025ESSKSNJ9L2","product_condition":"new"},"_links":{"self":[{"href":"https:\/\/turismopatagonia.ar\/pt\/wp-json\/wp\/v2\/product\/377487","targetHints":{"allow":["GET"]}}],"collection":[{"href":"https:\/\/turismopatagonia.ar\/pt\/wp-json\/wp\/v2\/product"}],"about":[{"href":"https:\/\/turismopatagonia.ar\/pt\/wp-json\/wp\/v2\/types\/product"}],"replies":[{"embeddable":true,"href":"https:\/\/turismopatagonia.ar\/pt\/wp-json\/wp\/v2\/comments?post=377487"}],"wp:featuredmedia":[{"embeddable":true,"href":"https:\/\/turismopatagonia.ar\/pt\/wp-json\/wp\/v2\/media\/377749"}],"wp:attachment":[{"href":"https:\/\/turismopatagonia.ar\/pt\/wp-json\/wp\/v2\/media?parent=377487"}],"wp:term":[{"taxonomy":"product_brand","embeddable":true,"href":"https:\/\/turismopatagonia.ar\/pt\/wp-json\/wp\/v2\/product_brand?post=377487"},{"taxonomy":"product_cat","embeddable":true,"href":"https:\/\/turismopatagonia.ar\/pt\/wp-json\/wp\/v2\/product_cat?post=377487"},{"taxonomy":"product_tag","embeddable":true,"href":"https:\/\/turismopatagonia.ar\/pt\/wp-json\/wp\/v2\/product_tag?post=377487"}],"curies":[{"name":"wp","href":"https:\/\/api.w.org\/{rel}","templated":true}]}}