{"id":391915,"date":"2026-01-28T14:05:54","date_gmt":"2026-01-28T17:05:54","guid":{"rendered":"https:\/\/turismopatagonia.ar\/?post_type=product&#038;p=391915"},"modified":"2026-04-08T16:30:26","modified_gmt":"2026-04-08T19:30:26","slug":"buceo-bautismo-en-bariloche","status":"publish","type":"product","link":"https:\/\/turismopatagonia.ar\/pt\/product\/batismo-de-mergulho-em-bariloche","title":{"rendered":"Descubra o mergulho em Bariloche"},"content":{"rendered":"<h2>Viva sua primeira experi\u00eancia de mergulho no Lago Moreno, cercado pela natureza patag\u00f4nica.<\/h2>\n<p data-start=\"815\" data-end=\"1094\">O <em data-start=\"818\" data-end=\"847\">Descubra o mergulho em Bariloche<\/em> \u00e9 uma atividade desenvolvida para aqueles que querem experimentar algo novo durante as f\u00e9rias.<br data-start=\"935\" data-end=\"938\" \/>Acompanhado por instrutores certificados e com todos os equipamentos inclu\u00eddos, voc\u00ea desfrutar\u00e1 de um passeio diferente, tranquilo e repleto de paisagens incr\u00edveis.<\/p>\n<p data-start=\"1096\" data-end=\"1401\">Durante cerca de duas horas - com 20 a 30 minutos debaixo d'\u00e1gua - voc\u00ea descobrir\u00e1 o fundo do Lago Moreno e a sensa\u00e7\u00e3o \u00fanica de flutuar sob a superf\u00edcie, em um ambiente natural de grande beleza.<br data-start=\"1290\" data-end=\"1293\" \/>Uma experi\u00eancia ideal para acrescentar \u00e0 sua viagem, sem a necessidade de conhecimento pr\u00e9vio ou custos adicionais.<\/p>\n<h3 data-start=\"1408\" data-end=\"1448\"><strong data-start=\"1415\" data-end=\"1448\">Por que escolher este passeio<\/strong><\/h3>\n<ul data-start=\"1450\" data-end=\"1759\">\n<li data-start=\"1450\" data-end=\"1511\">\n<p data-start=\"1452\" data-end=\"1511\">Atividade curta, perfeita para combinar com outras caminhadas.<\/p>\n<\/li>\n<li data-start=\"1512\" data-end=\"1586\">\n<p data-start=\"1514\" data-end=\"1586\">Ideal para aqueles que querem experimentar algo diferente sem experi\u00eancia pr\u00e9via.<\/p>\n<\/li>\n<li data-start=\"1587\" data-end=\"1644\">\n<p data-start=\"1589\" data-end=\"1644\">Instrutores profissionais e equipamentos t\u00e9cnicos inclu\u00eddos.<\/p>\n<\/li>\n<li data-start=\"1645\" data-end=\"1720\">\n<p data-start=\"1647\" data-end=\"1720\">Cen\u00e1rio natural: Lago Moreno, a poucos minutos do centro de Bariloche.<\/p>\n<\/li>\n<li data-start=\"1721\" data-end=\"1759\">\n<p data-start=\"1723\" data-end=\"1759\">Excelente custo-benef\u00edcio.<\/p>\n<\/li>\n<\/ul>\n<h3 data-start=\"1766\" data-end=\"1793\"><strong data-start=\"1773\" data-end=\"1793\">Como ser\u00e1 seu dia<\/strong><\/h3>\n<p data-start=\"1795\" data-end=\"2056\">O passeio come\u00e7a no ponto de encontro combinado, do centro de Bariloche at\u00e9 o km 8 da Avenida Bustillo.<br data-start=\"1912\" data-end=\"1915\" \/>L\u00e1, voc\u00ea ser\u00e1 recebido pelos instrutores, que lhe dar\u00e3o o equipamento e explicar\u00e3o a experi\u00eancia de forma pr\u00e1tica e simples.<\/p>\n<p data-start=\"2058\" data-end=\"2279\">Ap\u00f3s um breve treino fora da \u00e1gua, voc\u00ea far\u00e1 seu primeiro mergulho. Durante 20 a 30 minutos, voc\u00ea poder\u00e1 observar os reflexos do sol, as forma\u00e7\u00f5es naturais no fundo do lago e a tranquilidade da paisagem.<\/p>\n<p data-start=\"2281\" data-end=\"2399\">A experi\u00eancia total dura aproximadamente duas horas e inclui traslado, equipamento completo e assist\u00eancia do instrutor.<\/p>\n<h3 data-start=\"2406\" data-end=\"2437\"><strong data-start=\"2413\" data-end=\"2437\">Informa\u00e7\u00f5es pr\u00e1ticas<\/strong><\/h3>\n<ul data-start=\"2439\" data-end=\"2972\">\n<li data-start=\"2439\" data-end=\"2515\">\n<p data-start=\"2441\" data-end=\"2515\"><strong data-start=\"2441\" data-end=\"2454\">Hor\u00e1rios:<\/strong> 11:00 \u00e0s 15:00 \/ 13:00 \u00e0s 17:00 (segunda, quarta e domingo).<\/p>\n<\/li>\n<li data-start=\"2516\" data-end=\"2573\">\n<p data-start=\"2518\" data-end=\"2573\"><strong data-start=\"2518\" data-end=\"2531\">Dura\u00e7\u00e3o:<\/strong> Aproximadamente 2 horas (20 a 30 minutos de imers\u00e3o).<\/p>\n<\/li>\n<li data-start=\"2574\" data-end=\"2601\">\n<p data-start=\"2576\" data-end=\"2601\"><strong data-start=\"2576\" data-end=\"2592\">Idade m\u00ednima:<\/strong> 8 anos.<\/p>\n<\/li>\n<li data-start=\"2602\" data-end=\"2689\">\n<p data-start=\"2604\" data-end=\"2689\"><strong data-start=\"2604\" data-end=\"2627\">Ponto de encontro:<\/strong> do centro de Bariloche at\u00e9 o km 8 da Av. Bustillo.<\/p>\n<\/li>\n<li data-start=\"2690\" data-end=\"2760\">\n<p data-start=\"2692\" data-end=\"2760\"><strong data-start=\"2692\" data-end=\"2704\">Ele inclui:<\/strong> instrutores certificados, equipamento completo e traslado.<\/p>\n<\/li>\n<li data-start=\"2761\" data-end=\"2799\">\n<p data-start=\"2763\" data-end=\"2799\"><strong data-start=\"2763\" data-end=\"2778\">N\u00e3o inclu\u00eddo:<\/strong> alimentos e bebidas.<\/p>\n<\/li>\n<li data-start=\"2800\" data-end=\"2887\">\n<p data-start=\"2802\" data-end=\"2887\"><strong data-start=\"2802\" data-end=\"2820\">Recomenda\u00e7\u00e3o:<\/strong> realizar a atividade pelo menos 12 horas antes do voo.<\/p>\n<\/li>\n<\/ul>\n<h3 data-start=\"2979\" data-end=\"3009\"><strong data-start=\"2985\" data-end=\"3009\">Perguntas frequentes<\/strong><\/h3>\n<p data-start=\"3011\" data-end=\"3116\"><strong data-start=\"3011\" data-end=\"3046\">Posso fazer isso sem experi\u00eancia?<\/strong><br data-start=\"3046\" data-end=\"3049\" \/>Sim, \u00e9 uma atividade projetada para mergulhadores de primeira viagem.<\/p>\n<p data-start=\"3118\" data-end=\"3192\"><strong data-start=\"3118\" data-end=\"3139\">Existe uma idade m\u00ednima?<\/strong><br data-start=\"3139\" data-end=\"3142\" \/>Sim, a partir de 8 anos de idade, acompanhado por um adulto.<\/p>\n<p data-start=\"3194\" data-end=\"3275\"><strong data-start=\"3194\" data-end=\"3215\">O que devo levar?<\/strong><br data-start=\"3215\" data-end=\"3218\" \/>Roupa de banho, toalha, protetor solar e casaco leve.<\/p>\n<p data-start=\"3277\" data-end=\"3360\"><strong data-start=\"3277\" data-end=\"3296\">Onde isso \u00e9 feito?<\/strong><br data-start=\"3296\" data-end=\"3299\" \/>No Lago Moreno, a poucos minutos do centro de Bariloche.<\/p>","protected":false},"excerpt":{"rendered":"<p>Viva sua primeira experi\u00eancia de mergulho no Lago Moreno com o Turismo Patag\u00f4nia. Atividade acess\u00edvel, equipamento completo e instrutores inclu\u00eddos para aproveitar a Patag\u00f4nia ao m\u00e1ximo.<\/p>","protected":false},"featured_media":391916,"comment_status":"open","ping_status":"closed","template":"","meta":[],"product_brand":[],"product_cat":[37,39,41,42,46,48,57],"product_tag":[],"class_list":{"0":"post-391915","1":"product","2":"type-product","3":"status-publish","4":"has-post-thumbnail","6":"product_cat-adultos","7":"product_cat-aventura","8":"product_cat-con-traslado","9":"product_cat-familia","10":"product_cat-ninos","11":"product_cat-sin-comida","12":"product_cat-verano","14":"first","15":"instock","16":"virtual","17":"sold-individually","18":"purchasable","19":"product-type-booking"},"booking_location":"","booking_location_type":"","booking_duration":1,"booking_duration_unit":"hour","booking_buffer":0,"booking_cost":0,"booking_resources":[],"exclude_global_add_ons":false,"addons":[{"name":"STD: Passageiros","type":"input_multiplier","position":0,"required":false,"title_format":"label","default":"","description_enable":false,"description":"","placeholder_enable":false,"placeholder":"","display":"select","restrictions_type":"any_text","adjust_price":true,"price":"132000","price_type":"quantity_based","restrictions":false,"min":"0","max":"0","options":[],"id":1773231509}],"yoast_head":"<!-- This site is optimized with the Yoast SEO Premium plugin v24.5 (Yoast SEO v24.8) - https:\/\/yoast.com\/wordpress\/plugins\/seo\/ -->\n<title>Buceo Bautismo en Bariloche - Turismo en Patagonia Bariloche<\/title>\n<meta name=\"description\" content=\"Viv\u00ed el buceo bautismo en el Lago Moreno con Turismo Patagonia. Actividad corta, equipo completo e instructores incluidos. Ideal para principiantes.\" \/>\n<meta name=\"robots\" content=\"index, follow, max-snippet:-1, max-image-preview:large, max-video-preview:-1\" \/>\n<link rel=\"canonical\" href=\"https:\/\/turismopatagonia.ar\/pt\/product\/batismo-de-mergulho-em-bariloche\/\" \/>\n<meta property=\"og:locale\" content=\"pt_BR\" \/>\n<meta property=\"og:type\" content=\"article\" \/>\n<meta property=\"og:title\" content=\"Buceo Bautismo en Bariloche\" \/>\n<meta property=\"og:description\" content=\"Viv\u00ed el buceo bautismo en el Lago Moreno con Turismo Patagonia. Actividad corta, equipo completo e instructores incluidos. Ideal para principiantes.\" \/>\n<meta property=\"og:url\" content=\"https:\/\/turismopatagonia.ar\/pt\/product\/batismo-de-mergulho-em-bariloche\/\" \/>\n<meta property=\"og:site_name\" content=\"Turismo en Patagonia Bariloche\" \/>\n<meta property=\"article:modified_time\" content=\"2026-04-08T19:30:26+00:00\" \/>\n<meta property=\"og:image\" content=\"https:\/\/turismopatagonia.ar\/wp-content\/uploads\/2026\/01\/tikiprincipal.jpeg\" \/>\n\t<meta property=\"og:image:width\" content=\"1120\" \/>\n\t<meta property=\"og:image:height\" content=\"1280\" \/>\n\t<meta property=\"og:image:type\" content=\"image\/jpeg\" \/>\n<meta name=\"twitter:card\" content=\"summary_large_image\" \/>\n<meta name=\"twitter:label1\" content=\"Pre\u00e7o\" \/>\n\t<meta name=\"twitter:data1\" content=\"&#036;&nbsp;132.000,00\" \/>\n\t<meta name=\"twitter:label2\" content=\"Disponibilidade\" \/>\n\t<meta name=\"twitter:data2\" content=\"Em Estoque\" \/>\n<script type=\"application\/ld+json\" class=\"yoast-schema-graph\">{\"@context\":\"https:\/\/schema.org\",\"@graph\":[{\"@type\":[\"WebPage\",\"ItemPage\"],\"@id\":\"https:\/\/turismopatagonia.ar\/product\/buceo-bautismo-en-bariloche\",\"url\":\"https:\/\/turismopatagonia.ar\/product\/buceo-bautismo-en-bariloche\",\"name\":\"Buceo Bautismo en Bariloche - Turismo en Patagonia Bariloche\",\"isPartOf\":{\"@id\":\"https:\/\/turismopatagonia.ar\/#website\"},\"primaryImageOfPage\":{\"@id\":\"https:\/\/turismopatagonia.ar\/product\/buceo-bautismo-en-bariloche#primaryimage\"},\"image\":{\"@id\":\"https:\/\/turismopatagonia.ar\/product\/buceo-bautismo-en-bariloche#primaryimage\"},\"thumbnailUrl\":\"https:\/\/turismopatagonia.ar\/wp-content\/uploads\/2026\/01\/tikiprincipal.jpeg\",\"datePublished\":\"2026-01-28T17:05:54+00:00\",\"dateModified\":\"2026-04-08T19:30:26+00:00\",\"description\":\"Viv\u00ed el buceo bautismo en el Lago Moreno con Turismo Patagonia. Actividad corta, equipo completo e instructores incluidos. Ideal para principiantes.\",\"breadcrumb\":{\"@id\":\"https:\/\/turismopatagonia.ar\/product\/buceo-bautismo-en-bariloche#breadcrumb\"},\"inLanguage\":\"pt-BR\",\"potentialAction\":[{\"@type\":\"ReadAction\",\"target\":[\"https:\/\/turismopatagonia.ar\/product\/buceo-bautismo-en-bariloche\"]}]},{\"@type\":\"ImageObject\",\"inLanguage\":\"pt-BR\",\"@id\":\"https:\/\/turismopatagonia.ar\/product\/buceo-bautismo-en-bariloche#primaryimage\",\"url\":\"https:\/\/turismopatagonia.ar\/wp-content\/uploads\/2026\/01\/tikiprincipal.jpeg\",\"contentUrl\":\"https:\/\/turismopatagonia.ar\/wp-content\/uploads\/2026\/01\/tikiprincipal.jpeg\",\"width\":1120,\"height\":1280},{\"@type\":\"BreadcrumbList\",\"@id\":\"https:\/\/turismopatagonia.ar\/product\/buceo-bautismo-en-bariloche#breadcrumb\",\"itemListElement\":[{\"@type\":\"ListItem\",\"position\":1,\"name\":\"Home\",\"item\":\"https:\/\/turismopatagonia.ar\/\"},{\"@type\":\"ListItem\",\"position\":2,\"name\":\"Shop\",\"item\":\"https:\/\/turismopatagonia.ar\/shop\"},{\"@type\":\"ListItem\",\"position\":3,\"name\":\"Buceo Bautismo en Bariloche\"}]},{\"@type\":\"WebSite\",\"@id\":\"https:\/\/turismopatagonia.ar\/#website\",\"url\":\"https:\/\/turismopatagonia.ar\/\",\"name\":\"Turismo en Patagonia Bariloche\",\"description\":\"Descubre la belleza de la Patagonia: gu\u00edas, actividades y destinos tur\u00edsticos en Bariloche y alrededores.\",\"publisher\":{\"@id\":\"https:\/\/turismopatagonia.ar\/#organization\"},\"potentialAction\":[{\"@type\":\"SearchAction\",\"target\":{\"@type\":\"EntryPoint\",\"urlTemplate\":\"https:\/\/turismopatagonia.ar\/?s={search_term_string}\"},\"query-input\":{\"@type\":\"PropertyValueSpecification\",\"valueRequired\":true,\"valueName\":\"search_term_string\"}}],\"inLanguage\":\"pt-BR\"},{\"@type\":\"Organization\",\"@id\":\"https:\/\/turismopatagonia.ar\/#organization\",\"name\":\"Turismo en Patagonia Bariloche\",\"url\":\"https:\/\/turismopatagonia.ar\/\",\"logo\":{\"@type\":\"ImageObject\",\"inLanguage\":\"pt-BR\",\"@id\":\"https:\/\/turismopatagonia.ar\/#\/schema\/logo\/image\/\",\"url\":\"https:\/\/turismopatagonia.ar\/wp-content\/uploads\/2023\/04\/logo-tirismo-copia.png\",\"contentUrl\":\"https:\/\/turismopatagonia.ar\/wp-content\/uploads\/2023\/04\/logo-tirismo-copia.png\",\"width\":270,\"height\":100,\"caption\":\"Turismo en Patagonia Bariloche\"},\"image\":{\"@id\":\"https:\/\/turismopatagonia.ar\/#\/schema\/logo\/image\/\"}}]}<\/script>\n<meta property=\"product:price:amount\" content=\"132000.00\" \/>\n<meta property=\"product:price:currency\" content=\"ARS\" \/>\n<meta property=\"og:availability\" content=\"instock\" \/>\n<meta property=\"product:availability\" content=\"instock\" \/>\n<meta property=\"product:retailer_item_id\" content=\"ADV2026BABU9T4K\" \/>\n<meta property=\"product:condition\" content=\"new\" \/>\n<!-- \/ Yoast SEO Premium plugin. -->","yoast_head_json":{"title":"Descubra o mergulho em Bariloche - Turismo na Patag\u00f4nia Bariloche","description":"Experimente o mergulho de batismo no Lago Moreno com o Turismo Patag\u00f4nia. Atividade curta, com equipamento completo e instrutores inclu\u00eddos. Ideal para iniciantes.","robots":{"index":"index","follow":"follow","max-snippet":"max-snippet:-1","max-image-preview":"max-image-preview:large","max-video-preview":"max-video-preview:-1"},"canonical":"https:\/\/turismopatagonia.ar\/pt\/product\/batismo-de-mergulho-em-bariloche\/","og_locale":"pt_BR","og_type":"article","og_title":"Buceo Bautismo en Bariloche","og_description":"Viv\u00ed el buceo bautismo en el Lago Moreno con Turismo Patagonia. Actividad corta, equipo completo e instructores incluidos. Ideal para principiantes.","og_url":"https:\/\/turismopatagonia.ar\/pt\/product\/batismo-de-mergulho-em-bariloche\/","og_site_name":"Turismo en Patagonia Bariloche","article_modified_time":"2026-04-08T19:30:26+00:00","og_image":[{"width":1120,"height":1280,"url":"https:\/\/turismopatagonia.ar\/wp-content\/uploads\/2026\/01\/tikiprincipal.jpeg","type":"image\/jpeg"}],"twitter_card":"summary_large_image","twitter_misc":{"Pre\u00e7o":"&#36;&nbsp;132.000,00","Disponibilidade":"Em Estoque"},"schema":{"@context":"https:\/\/schema.org","@graph":[{"@type":["WebPage","ItemPage"],"@id":"https:\/\/turismopatagonia.ar\/product\/buceo-bautismo-en-bariloche","url":"https:\/\/turismopatagonia.ar\/product\/buceo-bautismo-en-bariloche","name":"Descubra o mergulho em Bariloche - Turismo na Patag\u00f4nia Bariloche","isPartOf":{"@id":"https:\/\/turismopatagonia.ar\/#website"},"primaryImageOfPage":{"@id":"https:\/\/turismopatagonia.ar\/product\/buceo-bautismo-en-bariloche#primaryimage"},"image":{"@id":"https:\/\/turismopatagonia.ar\/product\/buceo-bautismo-en-bariloche#primaryimage"},"thumbnailUrl":"https:\/\/turismopatagonia.ar\/wp-content\/uploads\/2026\/01\/tikiprincipal.jpeg","datePublished":"2026-01-28T17:05:54+00:00","dateModified":"2026-04-08T19:30:26+00:00","description":"Experimente o mergulho de batismo no Lago Moreno com o Turismo Patag\u00f4nia. Atividade curta, com equipamento completo e instrutores inclu\u00eddos. Ideal para iniciantes.","breadcrumb":{"@id":"https:\/\/turismopatagonia.ar\/product\/buceo-bautismo-en-bariloche#breadcrumb"},"inLanguage":"pt-BR","potentialAction":[{"@type":"ReadAction","target":["https:\/\/turismopatagonia.ar\/product\/buceo-bautismo-en-bariloche"]}]},{"@type":"ImageObject","inLanguage":"pt-BR","@id":"https:\/\/turismopatagonia.ar\/product\/buceo-bautismo-en-bariloche#primaryimage","url":"https:\/\/turismopatagonia.ar\/wp-content\/uploads\/2026\/01\/tikiprincipal.jpeg","contentUrl":"https:\/\/turismopatagonia.ar\/wp-content\/uploads\/2026\/01\/tikiprincipal.jpeg","width":1120,"height":1280},{"@type":"BreadcrumbList","@id":"https:\/\/turismopatagonia.ar\/product\/buceo-bautismo-en-bariloche#breadcrumb","itemListElement":[{"@type":"ListItem","position":1,"name":"Home","item":"https:\/\/turismopatagonia.ar\/"},{"@type":"ListItem","position":2,"name":"Shop","item":"https:\/\/turismopatagonia.ar\/shop"},{"@type":"ListItem","position":3,"name":"Buceo Bautismo en Bariloche"}]},{"@type":"WebSite","@id":"https:\/\/turismopatagonia.ar\/#website","url":"https:\/\/turismopatagonia.ar\/","name":"Turismo na Patag\u00f4nia Bariloche","description":"Descubra a beleza da Patag\u00f4nia: guias, atividades e destinos tur\u00edsticos em Bariloche e arredores.","publisher":{"@id":"https:\/\/turismopatagonia.ar\/#organization"},"potentialAction":[{"@type":"SearchAction","target":{"@type":"EntryPoint","urlTemplate":"https:\/\/turismopatagonia.ar\/?s={search_term_string}"},"query-input":{"@type":"PropertyValueSpecification","valueRequired":true,"valueName":"search_term_string"}}],"inLanguage":"pt-BR"},{"@type":"Organization","@id":"https:\/\/turismopatagonia.ar\/#organization","name":"Turismo na Patag\u00f4nia Bariloche","url":"https:\/\/turismopatagonia.ar\/","logo":{"@type":"ImageObject","inLanguage":"pt-BR","@id":"https:\/\/turismopatagonia.ar\/#\/schema\/logo\/image\/","url":"https:\/\/turismopatagonia.ar\/wp-content\/uploads\/2023\/04\/logo-tirismo-copia.png","contentUrl":"https:\/\/turismopatagonia.ar\/wp-content\/uploads\/2023\/04\/logo-tirismo-copia.png","width":270,"height":100,"caption":"Turismo en Patagonia Bariloche"},"image":{"@id":"https:\/\/turismopatagonia.ar\/#\/schema\/logo\/image\/"}}]},"product_price_amount":"132000.00","product_price_currency":"ARS","og_availability":"instock","product_availability":"instock","product_retailer_item_id":"ADV2026BABU9T4K","product_condition":"new"},"_links":{"self":[{"href":"https:\/\/turismopatagonia.ar\/pt\/wp-json\/wp\/v2\/product\/391915","targetHints":{"allow":["GET"]}}],"collection":[{"href":"https:\/\/turismopatagonia.ar\/pt\/wp-json\/wp\/v2\/product"}],"about":[{"href":"https:\/\/turismopatagonia.ar\/pt\/wp-json\/wp\/v2\/types\/product"}],"replies":[{"embeddable":true,"href":"https:\/\/turismopatagonia.ar\/pt\/wp-json\/wp\/v2\/comments?post=391915"}],"wp:featuredmedia":[{"embeddable":true,"href":"https:\/\/turismopatagonia.ar\/pt\/wp-json\/wp\/v2\/media\/391916"}],"wp:attachment":[{"href":"https:\/\/turismopatagonia.ar\/pt\/wp-json\/wp\/v2\/media?parent=391915"}],"wp:term":[{"taxonomy":"product_brand","embeddable":true,"href":"https:\/\/turismopatagonia.ar\/pt\/wp-json\/wp\/v2\/product_brand?post=391915"},{"taxonomy":"product_cat","embeddable":true,"href":"https:\/\/turismopatagonia.ar\/pt\/wp-json\/wp\/v2\/product_cat?post=391915"},{"taxonomy":"product_tag","embeddable":true,"href":"https:\/\/turismopatagonia.ar\/pt\/wp-json\/wp\/v2\/product_tag?post=391915"}],"curies":[{"name":"wp","href":"https:\/\/api.w.org\/{rel}","templated":true}]}}