{"id":392059,"date":"2026-04-14T14:41:31","date_gmt":"2026-04-14T17:41:31","guid":{"rendered":"https:\/\/turismopatagonia.ar\/?post_type=product&#038;p=392059"},"modified":"2026-04-14T15:33:14","modified_gmt":"2026-04-14T18:33:14","slug":"noche-encantada-cena-en-refugio-de-montana-con-ascenso-4x4","status":"publish","type":"product","link":"https:\/\/turismopatagonia.ar\/pt\/product\/jantar-noturno-encantado-em-uma-cabana-na-montanha-com-subida-em-4x4","title":{"rendered":"Noite Encantada: Jantar na Cabana da Montanha com Subida 4\u00d74"},"content":{"rendered":"<h3 class=\"ai-optimize-23\"><b>Uma experi\u00eancia noturna \u00fanica nas montanhas da Patag\u00f4nia<\/b><\/h3>\n<p class=\"ai-optimize-25 ai-optimize-introduction\">A experi\u00eancia come\u00e7a ao p\u00f4r do sol, quando vamos para as montanhas a bordo de ve\u00edculos 4\u00d74, atravessando as florestas da Patag\u00f4nia em um ambiente completamente diferente do dia.<\/p>\n<p class=\"ai-optimize-26\">\u00c0 medida que o ve\u00edculo sobe, a paisagem se transforma e a cidade come\u00e7a a se iluminar \u00e0 dist\u00e2ncia, criando vistas panor\u00e2micas \u00fanicas sob o c\u00e9u estrelado.<\/p>\n<p class=\"ai-optimize-27\">Ao chegar ao ref\u00fagio na montanha, a atmosfera calorosa e acolhedora o convida a relaxar e desfrutar de uma proposta gastron\u00f4mica especial: um jantar t\u00edpico que combina sabores regionais em um ambiente exclusivo.<\/p>\n<p class=\"ai-optimize-28\">A noite continua com risadas, boa comida e natureza, tornando-a uma experi\u00eancia inesquec\u00edvel na Patag\u00f4nia.<\/p>\n<p class=\"ai-optimize-29\"><b>\u00a0Informa\u00e7\u00f5es pr\u00e1ticas<\/b><\/p>\n<p class=\"ai-optimize-30\"><b>Hor\u00e1rio:<\/b><b><br \/>\n<\/b> 18:30 a 23:30 hs aproximadamente.<\/p>\n<p class=\"ai-optimize-31\"><b>Dura\u00e7\u00e3o:<\/b><b><br \/>\n<\/b> Meio per\u00edodo \u00e0 noite.<\/p>\n<p class=\"ai-optimize-32\"><b>Ponto de encontro:<\/b><b><br \/>\n<\/b> Do centro de Bariloche at\u00e9 o km 8 da Av. Bustillo \/ Pioneros.<br \/>\nHospedagem em dire\u00e7\u00e3o a Colonia Suiza.<br \/>\n(Outros pontos a serem consultados).<\/p>\n<p class=\"ai-optimize-33\"><b>\u00a0Ele inclui:<\/b><\/p>\n<ul>\n<li class=\"ai-optimize-34\" aria-level=\"1\">Traslado de ida e volta para o aeroporto.<\/li>\n<li class=\"ai-optimize-35\" aria-level=\"1\">Subida em ve\u00edculos 4\u00d74.<\/li>\n<li class=\"ai-optimize-36\" aria-level=\"1\">Jantar na cabana da montanha: tortas de carne, fondue de queijo, strudel com creme.<\/li>\n<\/ul>\n<p class=\"ai-optimize-38\"><b>N\u00e3o inclu\u00eddo:<\/b><\/p>\n<ul>\n<li class=\"ai-optimize-39\" aria-level=\"1\">Bebidas.<\/li>\n<li class=\"ai-optimize-40\" aria-level=\"1\">Roupas para neve.<\/li>\n<\/ul>\n<h4 class=\"ai-optimize-41\"><b>Voc\u00ea quer saber mais?<\/b><\/h4>\n<p class=\"ai-optimize-42\"><b>Isso pode ser feito sem experi\u00eancia pr\u00e9via?<\/b><b><br \/>\n<\/b> Sim, \u00e9 uma excurs\u00e3o acess\u00edvel, n\u00e3o \u00e9 necess\u00e1rio nenhum esfor\u00e7o f\u00edsico.<\/p>\n<p class=\"ai-optimize-43\"><b>Que roupas s\u00e3o recomendadas?<\/b><b><br \/>\n<\/b> Roupas quentes e cal\u00e7ados confort\u00e1veis. No inverno, sugere-se o uso de roupas para neve.<\/p>\n<p class=\"ai-optimize-44\"><b>O jantar est\u00e1 inclu\u00eddo?<\/b><b><br \/>\n<\/b> Sim, ele inclui um menu completo em uma cabana na montanha.<\/p>\n<p class=\"ai-optimize-45\"><b>Ele est\u00e1 suspenso devido ao clima?<\/b><b><br \/>\n<\/b> A atividade funciona na maioria das condi\u00e7\u00f5es, mas pode ser reprogramada por motivos de seguran\u00e7a.<\/p>\n<p class=\"ai-optimize-50\"><strong>Aviso importante<\/strong>Este passeio j\u00e1 est\u00e1 dispon\u00edvel para pr\u00e9-reserva. As sa\u00eddas operam de 15 de junho a 20 de agosto, sujeitas ao calend\u00e1rio sazonal.<\/p>","protected":false},"excerpt":{"rendered":"<p class=\"ai-optimize-24\"><span style=\"font-weight: 400;\">Subida de 4\u00d74 sob as estrelas, vistas panor\u00e2micas inesquec\u00edveis e um jantar gourmet em um ref\u00fagio de montanha que combina aventura, natureza e gastronomia.<\/span><\/p>","protected":false},"featured_media":0,"comment_status":"open","ping_status":"closed","template":"","meta":[],"product_brand":[],"product_cat":[37,39,41,42,45,46,48,49],"product_tag":[],"class_list":{"0":"post-392059","1":"product","2":"type-product","3":"status-publish","5":"product_cat-adultos","6":"product_cat-aventura","7":"product_cat-con-traslado","8":"product_cat-familia","9":"product_cat-invierno","10":"product_cat-ninos","11":"product_cat-sin-comida","12":"product_cat-terrestre","14":"first","15":"instock","16":"virtual","17":"sold-individually","18":"purchasable","19":"product-type-booking"},"booking_location":"","booking_location_type":"","booking_duration":1,"booking_duration_unit":"hour","booking_buffer":0,"booking_cost":0,"booking_resources":[],"exclude_global_add_ons":false,"addons":[{"name":"ADU: Adulto","type":"input_multiplier","position":0,"required":false,"title_format":"label","default":"","description_enable":false,"description":"","placeholder_enable":false,"placeholder":"","display":"select","restrictions_type":"any_text","adjust_price":true,"price":"239500","price_type":"quantity_based","restrictions":false,"min":"0","max":"0","options":[],"id":1776177693},{"name":"MEN412 : de 4 a 12","type":"input_multiplier","position":1,"required":false,"title_format":"label","default":"","description_enable":false,"description":"","placeholder_enable":false,"placeholder":"","display":"select","restrictions_type":"any_text","adjust_price":true,"price":"179500","price_type":"quantity_based","restrictions":false,"min":"0","max":"0","options":[],"id":1776177694},{"name":"INF04 | De 0 a 4","type":"input_multiplier","position":2,"required":false,"title_format":"label","default":"","description_enable":false,"description":"","placeholder_enable":false,"placeholder":"","display":"select","restrictions_type":"any_text","adjust_price":true,"price":"","price_type":"quantity_based","restrictions":false,"min":"0","max":"0","options":[],"id":1776177695}],"yoast_head":"<!-- This site is optimized with the Yoast SEO Premium plugin v24.5 (Yoast SEO v24.8) - https:\/\/yoast.com\/wordpress\/plugins\/seo\/ -->\n<title>Noche Encantada: Cena en Refugio de Monta\u00f1a con Ascenso 4x4 - Turismo en Patagonia Bariloche<\/title>\n<meta name=\"robots\" content=\"index, follow, max-snippet:-1, max-image-preview:large, max-video-preview:-1\" \/>\n<link rel=\"canonical\" href=\"https:\/\/turismopatagonia.ar\/pt\/product\/jantar-noturno-encantado-em-uma-cabana-na-montanha-com-subida-em-4x4\/\" \/>\n<meta property=\"og:locale\" content=\"pt_BR\" \/>\n<meta property=\"og:type\" content=\"article\" \/>\n<meta property=\"og:title\" content=\"Noche Encantada: Cena en Refugio de Monta\u00f1a con Ascenso 4x4\" \/>\n<meta property=\"og:description\" content=\"Ascenso en 4x4 bajo las estrellas, vistas panor\u00e1micas inolvidables y una cena gourmet en refugio de monta\u00f1a que combina aventura, naturaleza y gastronom\u00eda.\" \/>\n<meta property=\"og:url\" content=\"https:\/\/turismopatagonia.ar\/pt\/product\/jantar-noturno-encantado-em-uma-cabana-na-montanha-com-subida-em-4x4\/\" \/>\n<meta property=\"og:site_name\" content=\"Turismo en Patagonia Bariloche\" \/>\n<meta property=\"article:modified_time\" content=\"2026-04-14T18:33:14+00:00\" \/>\n<meta name=\"twitter:card\" content=\"summary_large_image\" \/>\n<meta name=\"twitter:label1\" content=\"Pre\u00e7o\" \/>\n\t<meta name=\"twitter:data1\" content=\"&#036;&nbsp;239.500,00\" \/>\n\t<meta name=\"twitter:label2\" content=\"Disponibilidade\" \/>\n\t<meta name=\"twitter:data2\" content=\"Em Estoque\" \/>\n<script type=\"application\/ld+json\" class=\"yoast-schema-graph\">{\"@context\":\"https:\/\/schema.org\",\"@graph\":[{\"@type\":[\"WebPage\",\"ItemPage\"],\"@id\":\"https:\/\/turismopatagonia.ar\/product\/noche-encantada-cena-en-refugio-de-montana-con-ascenso-4x4\",\"url\":\"https:\/\/turismopatagonia.ar\/product\/noche-encantada-cena-en-refugio-de-montana-con-ascenso-4x4\",\"name\":\"Noche Encantada: Cena en Refugio de Monta\u00f1a con Ascenso 4x4 - Turismo en Patagonia Bariloche\",\"isPartOf\":{\"@id\":\"https:\/\/turismopatagonia.ar\/#website\"},\"datePublished\":\"2026-04-14T17:41:31+00:00\",\"dateModified\":\"2026-04-14T18:33:14+00:00\",\"breadcrumb\":{\"@id\":\"https:\/\/turismopatagonia.ar\/product\/noche-encantada-cena-en-refugio-de-montana-con-ascenso-4x4#breadcrumb\"},\"inLanguage\":\"pt-BR\",\"potentialAction\":[{\"@type\":\"ReadAction\",\"target\":[\"https:\/\/turismopatagonia.ar\/product\/noche-encantada-cena-en-refugio-de-montana-con-ascenso-4x4\"]}]},{\"@type\":\"BreadcrumbList\",\"@id\":\"https:\/\/turismopatagonia.ar\/product\/noche-encantada-cena-en-refugio-de-montana-con-ascenso-4x4#breadcrumb\",\"itemListElement\":[{\"@type\":\"ListItem\",\"position\":1,\"name\":\"Home\",\"item\":\"https:\/\/turismopatagonia.ar\/\"},{\"@type\":\"ListItem\",\"position\":2,\"name\":\"Shop\",\"item\":\"https:\/\/turismopatagonia.ar\/shop\"},{\"@type\":\"ListItem\",\"position\":3,\"name\":\"Noche Encantada: Cena en Refugio de Monta\u00f1a con Ascenso 4&#215;4\"}]},{\"@type\":\"WebSite\",\"@id\":\"https:\/\/turismopatagonia.ar\/#website\",\"url\":\"https:\/\/turismopatagonia.ar\/\",\"name\":\"Turismo en Patagonia Bariloche\",\"description\":\"Descubre la belleza de la Patagonia: gu\u00edas, actividades y destinos tur\u00edsticos en Bariloche y alrededores.\",\"publisher\":{\"@id\":\"https:\/\/turismopatagonia.ar\/#organization\"},\"potentialAction\":[{\"@type\":\"SearchAction\",\"target\":{\"@type\":\"EntryPoint\",\"urlTemplate\":\"https:\/\/turismopatagonia.ar\/?s={search_term_string}\"},\"query-input\":{\"@type\":\"PropertyValueSpecification\",\"valueRequired\":true,\"valueName\":\"search_term_string\"}}],\"inLanguage\":\"pt-BR\"},{\"@type\":\"Organization\",\"@id\":\"https:\/\/turismopatagonia.ar\/#organization\",\"name\":\"Turismo en Patagonia Bariloche\",\"url\":\"https:\/\/turismopatagonia.ar\/\",\"logo\":{\"@type\":\"ImageObject\",\"inLanguage\":\"pt-BR\",\"@id\":\"https:\/\/turismopatagonia.ar\/#\/schema\/logo\/image\/\",\"url\":\"https:\/\/turismopatagonia.ar\/wp-content\/uploads\/2023\/04\/logo-tirismo-copia.png\",\"contentUrl\":\"https:\/\/turismopatagonia.ar\/wp-content\/uploads\/2023\/04\/logo-tirismo-copia.png\",\"width\":270,\"height\":100,\"caption\":\"Turismo en Patagonia Bariloche\"},\"image\":{\"@id\":\"https:\/\/turismopatagonia.ar\/#\/schema\/logo\/image\/\"}}]}<\/script>\n<meta property=\"product:price:amount\" content=\"239500.00\" \/>\n<meta property=\"product:price:currency\" content=\"ARS\" \/>\n<meta property=\"og:availability\" content=\"instock\" \/>\n<meta property=\"product:availability\" content=\"instock\" \/>\n<meta property=\"product:retailer_item_id\" content=\"ADV2026NOEN7K2Q\" \/>\n<meta property=\"product:condition\" content=\"new\" \/>\n<!-- \/ Yoast SEO Premium plugin. -->","yoast_head_json":{"title":"Noite Encantada: Jantar em uma cabana de montanha com subida em ve\u00edculo com tra\u00e7\u00e3o nas quatro rodas - Turismo na Patag\u00f4nia Bariloche","robots":{"index":"index","follow":"follow","max-snippet":"max-snippet:-1","max-image-preview":"max-image-preview:large","max-video-preview":"max-video-preview:-1"},"canonical":"https:\/\/turismopatagonia.ar\/pt\/product\/jantar-noturno-encantado-em-uma-cabana-na-montanha-com-subida-em-4x4\/","og_locale":"pt_BR","og_type":"article","og_title":"Noche Encantada: Cena en Refugio de Monta\u00f1a con Ascenso 4x4","og_description":"Ascenso en 4x4 bajo las estrellas, vistas panor\u00e1micas inolvidables y una cena gourmet en refugio de monta\u00f1a que combina aventura, naturaleza y gastronom\u00eda.","og_url":"https:\/\/turismopatagonia.ar\/pt\/product\/jantar-noturno-encantado-em-uma-cabana-na-montanha-com-subida-em-4x4\/","og_site_name":"Turismo en Patagonia Bariloche","article_modified_time":"2026-04-14T18:33:14+00:00","twitter_card":"summary_large_image","twitter_misc":{"Pre\u00e7o":"&#36;&nbsp;239.500,00","Disponibilidade":"Em Estoque"},"schema":{"@context":"https:\/\/schema.org","@graph":[{"@type":["WebPage","ItemPage"],"@id":"https:\/\/turismopatagonia.ar\/product\/noche-encantada-cena-en-refugio-de-montana-con-ascenso-4x4","url":"https:\/\/turismopatagonia.ar\/product\/noche-encantada-cena-en-refugio-de-montana-con-ascenso-4x4","name":"Noite Encantada: Jantar em uma cabana de montanha com subida em ve\u00edculo com tra\u00e7\u00e3o nas quatro rodas - Turismo na Patag\u00f4nia Bariloche","isPartOf":{"@id":"https:\/\/turismopatagonia.ar\/#website"},"datePublished":"2026-04-14T17:41:31+00:00","dateModified":"2026-04-14T18:33:14+00:00","breadcrumb":{"@id":"https:\/\/turismopatagonia.ar\/product\/noche-encantada-cena-en-refugio-de-montana-con-ascenso-4x4#breadcrumb"},"inLanguage":"pt-BR","potentialAction":[{"@type":"ReadAction","target":["https:\/\/turismopatagonia.ar\/product\/noche-encantada-cena-en-refugio-de-montana-con-ascenso-4x4"]}]},{"@type":"BreadcrumbList","@id":"https:\/\/turismopatagonia.ar\/product\/noche-encantada-cena-en-refugio-de-montana-con-ascenso-4x4#breadcrumb","itemListElement":[{"@type":"ListItem","position":1,"name":"Home","item":"https:\/\/turismopatagonia.ar\/"},{"@type":"ListItem","position":2,"name":"Shop","item":"https:\/\/turismopatagonia.ar\/shop"},{"@type":"ListItem","position":3,"name":"Noche Encantada: Cena en Refugio de Monta\u00f1a con Ascenso 4&#215;4"}]},{"@type":"WebSite","@id":"https:\/\/turismopatagonia.ar\/#website","url":"https:\/\/turismopatagonia.ar\/","name":"Turismo na Patag\u00f4nia Bariloche","description":"Descubra a beleza da Patag\u00f4nia: guias, atividades e destinos tur\u00edsticos em Bariloche e arredores.","publisher":{"@id":"https:\/\/turismopatagonia.ar\/#organization"},"potentialAction":[{"@type":"SearchAction","target":{"@type":"EntryPoint","urlTemplate":"https:\/\/turismopatagonia.ar\/?s={search_term_string}"},"query-input":{"@type":"PropertyValueSpecification","valueRequired":true,"valueName":"search_term_string"}}],"inLanguage":"pt-BR"},{"@type":"Organization","@id":"https:\/\/turismopatagonia.ar\/#organization","name":"Turismo na Patag\u00f4nia Bariloche","url":"https:\/\/turismopatagonia.ar\/","logo":{"@type":"ImageObject","inLanguage":"pt-BR","@id":"https:\/\/turismopatagonia.ar\/#\/schema\/logo\/image\/","url":"https:\/\/turismopatagonia.ar\/wp-content\/uploads\/2023\/04\/logo-tirismo-copia.png","contentUrl":"https:\/\/turismopatagonia.ar\/wp-content\/uploads\/2023\/04\/logo-tirismo-copia.png","width":270,"height":100,"caption":"Turismo en Patagonia Bariloche"},"image":{"@id":"https:\/\/turismopatagonia.ar\/#\/schema\/logo\/image\/"}}]},"product_price_amount":"239500.00","product_price_currency":"ARS","og_availability":"instock","product_availability":"instock","product_retailer_item_id":"ADV2026NOEN7K2Q","product_condition":"new"},"_links":{"self":[{"href":"https:\/\/turismopatagonia.ar\/pt\/wp-json\/wp\/v2\/product\/392059","targetHints":{"allow":["GET"]}}],"collection":[{"href":"https:\/\/turismopatagonia.ar\/pt\/wp-json\/wp\/v2\/product"}],"about":[{"href":"https:\/\/turismopatagonia.ar\/pt\/wp-json\/wp\/v2\/types\/product"}],"replies":[{"embeddable":true,"href":"https:\/\/turismopatagonia.ar\/pt\/wp-json\/wp\/v2\/comments?post=392059"}],"wp:attachment":[{"href":"https:\/\/turismopatagonia.ar\/pt\/wp-json\/wp\/v2\/media?parent=392059"}],"wp:term":[{"taxonomy":"product_brand","embeddable":true,"href":"https:\/\/turismopatagonia.ar\/pt\/wp-json\/wp\/v2\/product_brand?post=392059"},{"taxonomy":"product_cat","embeddable":true,"href":"https:\/\/turismopatagonia.ar\/pt\/wp-json\/wp\/v2\/product_cat?post=392059"},{"taxonomy":"product_tag","embeddable":true,"href":"https:\/\/turismopatagonia.ar\/pt\/wp-json\/wp\/v2\/product_tag?post=392059"}],"curies":[{"name":"wp","href":"https:\/\/api.w.org\/{rel}","templated":true}]}}